{"id":10193,"date":"2019-10-01T20:33:46","date_gmt":"2019-10-01T20:33:46","guid":{"rendered":"http:\/\/www.abesata.org\/br\/?page_id=10193"},"modified":"2019-10-01T20:33:47","modified_gmt":"2019-10-01T20:33:47","slug":"ibas-gru-airport-11-set-2019","status":"publish","type":"page","link":"https:\/\/www.abesata.org\/br\/ibas-gru-airport-11-set-2019\/","title":{"rendered":"IBAS &#8211; GRU Airport &#8211; 11 set.2019"},"content":{"rendered":"\n<figure class=\"wp-block-image\"><img fetchpriority=\"high\" decoding=\"async\" width=\"898\" height=\"1024\" src=\"https:\/\/www.abesata.org\/br\/wp-content\/uploads\/2019\/10\/thumbnail_painel-abesata-898x1024.jpg\" alt=\"\" class=\"wp-image-10194\" srcset=\"https:\/\/www.abesata.org\/br\/wp-content\/uploads\/2019\/10\/thumbnail_painel-abesata-898x1024.jpg 898w, https:\/\/www.abesata.org\/br\/wp-content\/uploads\/2019\/10\/thumbnail_painel-abesata-263x300.jpg 263w, https:\/\/www.abesata.org\/br\/wp-content\/uploads\/2019\/10\/thumbnail_painel-abesata-768x875.jpg 768w, https:\/\/www.abesata.org\/br\/wp-content\/uploads\/2019\/10\/thumbnail_painel-abesata-132x150.jpg 132w, https:\/\/www.abesata.org\/br\/wp-content\/uploads\/2019\/10\/thumbnail_painel-abesata.jpg 1123w\" sizes=\"(max-width: 898px) 100vw, 898px\" \/><\/figure>\n\n\n\n<figure class=\"wp-block-image\"><img decoding=\"async\" width=\"1024\" height=\"768\" src=\"https:\/\/www.abesata.org\/br\/wp-content\/uploads\/2019\/10\/thumbnail_IMG_5906-1024x768.jpg\" alt=\"\" class=\"wp-image-10195\" srcset=\"https:\/\/www.abesata.org\/br\/wp-content\/uploads\/2019\/10\/thumbnail_IMG_5906-1024x768.jpg 1024w, https:\/\/www.abesata.org\/br\/wp-content\/uploads\/2019\/10\/thumbnail_IMG_5906-300x225.jpg 300w, https:\/\/www.abesata.org\/br\/wp-content\/uploads\/2019\/10\/thumbnail_IMG_5906-768x576.jpg 768w, https:\/\/www.abesata.org\/br\/wp-content\/uploads\/2019\/10\/thumbnail_IMG_5906-200x150.jpg 200w, https:\/\/www.abesata.org\/br\/wp-content\/uploads\/2019\/10\/thumbnail_IMG_5906-150x113.jpg 150w, https:\/\/www.abesata.org\/br\/wp-content\/uploads\/2019\/10\/thumbnail_IMG_5906.jpg 1280w\" sizes=\"(max-width: 1024px) 100vw, 1024px\" \/><\/figure>\n\n\n\n<figure class=\"wp-block-image\"><img decoding=\"async\" width=\"1024\" height=\"768\" src=\"https:\/\/www.abesata.org\/br\/wp-content\/uploads\/2019\/10\/thumbnail_DSCN0282-1024x768.jpg\" alt=\"\" class=\"wp-image-10196\" srcset=\"https:\/\/www.abesata.org\/br\/wp-content\/uploads\/2019\/10\/thumbnail_DSCN0282-1024x768.jpg 1024w, https:\/\/www.abesata.org\/br\/wp-content\/uploads\/2019\/10\/thumbnail_DSCN0282-300x225.jpg 300w, https:\/\/www.abesata.org\/br\/wp-content\/uploads\/2019\/10\/thumbnail_DSCN0282-768x576.jpg 768w, https:\/\/www.abesata.org\/br\/wp-content\/uploads\/2019\/10\/thumbnail_DSCN0282-200x150.jpg 200w, https:\/\/www.abesata.org\/br\/wp-content\/uploads\/2019\/10\/thumbnail_DSCN0282-150x113.jpg 150w, https:\/\/www.abesata.org\/br\/wp-content\/uploads\/2019\/10\/thumbnail_DSCN0282.jpg 1280w\" sizes=\"(max-width: 1024px) 100vw, 1024px\" \/><\/figure>\n\n\n\n<figure class=\"wp-block-image\"><img loading=\"lazy\" decoding=\"async\" width=\"814\" height=\"1024\" src=\"https:\/\/www.abesata.org\/br\/wp-content\/uploads\/2019\/10\/thumbnail_DSCN0222-814x1024.jpg\" alt=\"\" class=\"wp-image-10197\" srcset=\"https:\/\/www.abesata.org\/br\/wp-content\/uploads\/2019\/10\/thumbnail_DSCN0222-814x1024.jpg 814w, https:\/\/www.abesata.org\/br\/wp-content\/uploads\/2019\/10\/thumbnail_DSCN0222-238x300.jpg 238w, https:\/\/www.abesata.org\/br\/wp-content\/uploads\/2019\/10\/thumbnail_DSCN0222-768x967.jpg 768w, https:\/\/www.abesata.org\/br\/wp-content\/uploads\/2019\/10\/thumbnail_DSCN0222-119x150.jpg 119w, https:\/\/www.abesata.org\/br\/wp-content\/uploads\/2019\/10\/thumbnail_DSCN0222.jpg 1017w\" sizes=\"(max-width: 814px) 100vw, 814px\" \/><\/figure>\n\n\n\n<figure class=\"wp-block-image\"><img loading=\"lazy\" decoding=\"async\" width=\"1024\" height=\"768\" src=\"https:\/\/www.abesata.org\/br\/wp-content\/uploads\/2019\/10\/thumbnail_DSCN0172-1024x768.jpg\" alt=\"\" class=\"wp-image-10198\" srcset=\"https:\/\/www.abesata.org\/br\/wp-content\/uploads\/2019\/10\/thumbnail_DSCN0172-1024x768.jpg 1024w, https:\/\/www.abesata.org\/br\/wp-content\/uploads\/2019\/10\/thumbnail_DSCN0172-300x225.jpg 300w, https:\/\/www.abesata.org\/br\/wp-content\/uploads\/2019\/10\/thumbnail_DSCN0172-768x576.jpg 768w, https:\/\/www.abesata.org\/br\/wp-content\/uploads\/2019\/10\/thumbnail_DSCN0172-200x150.jpg 200w, https:\/\/www.abesata.org\/br\/wp-content\/uploads\/2019\/10\/thumbnail_DSCN0172-150x113.jpg 150w, https:\/\/www.abesata.org\/br\/wp-content\/uploads\/2019\/10\/thumbnail_DSCN0172.jpg 1280w\" sizes=\"(max-width: 1024px) 100vw, 1024px\" \/><\/figure>\n\n\n\n<figure class=\"wp-block-image\"><img loading=\"lazy\" decoding=\"async\" width=\"1024\" height=\"768\" src=\"https:\/\/www.abesata.org\/br\/wp-content\/uploads\/2019\/10\/thumbnail_DSCN0113-1024x768.jpg\" alt=\"\" class=\"wp-image-10199\" srcset=\"https:\/\/www.abesata.org\/br\/wp-content\/uploads\/2019\/10\/thumbnail_DSCN0113-1024x768.jpg 1024w, https:\/\/www.abesata.org\/br\/wp-content\/uploads\/2019\/10\/thumbnail_DSCN0113-300x225.jpg 300w, https:\/\/www.abesata.org\/br\/wp-content\/uploads\/2019\/10\/thumbnail_DSCN0113-768x576.jpg 768w, https:\/\/www.abesata.org\/br\/wp-content\/uploads\/2019\/10\/thumbnail_DSCN0113-200x150.jpg 200w, https:\/\/www.abesata.org\/br\/wp-content\/uploads\/2019\/10\/thumbnail_DSCN0113-150x113.jpg 150w, https:\/\/www.abesata.org\/br\/wp-content\/uploads\/2019\/10\/thumbnail_DSCN0113.jpg 1280w\" sizes=\"(max-width: 1024px) 100vw, 1024px\" \/><\/figure>\n\n\n\n<figure class=\"wp-block-image\"><img loading=\"lazy\" decoding=\"async\" width=\"1024\" height=\"768\" src=\"https:\/\/www.abesata.org\/br\/wp-content\/uploads\/2019\/10\/thumbnail_DSCN0109-1024x768.jpg\" alt=\"\" class=\"wp-image-10200\" srcset=\"https:\/\/www.abesata.org\/br\/wp-content\/uploads\/2019\/10\/thumbnail_DSCN0109-1024x768.jpg 1024w, https:\/\/www.abesata.org\/br\/wp-content\/uploads\/2019\/10\/thumbnail_DSCN0109-300x225.jpg 300w, https:\/\/www.abesata.org\/br\/wp-content\/uploads\/2019\/10\/thumbnail_DSCN0109-768x576.jpg 768w, https:\/\/www.abesata.org\/br\/wp-content\/uploads\/2019\/10\/thumbnail_DSCN0109-200x150.jpg 200w, https:\/\/www.abesata.org\/br\/wp-content\/uploads\/2019\/10\/thumbnail_DSCN0109-150x113.jpg 150w, https:\/\/www.abesata.org\/br\/wp-content\/uploads\/2019\/10\/thumbnail_DSCN0109.jpg 1280w\" sizes=\"(max-width: 1024px) 100vw, 1024px\" \/><\/figure>\n\n\n\n<figure class=\"wp-block-image\"><img loading=\"lazy\" decoding=\"async\" width=\"1024\" height=\"768\" src=\"https:\/\/www.abesata.org\/br\/wp-content\/uploads\/2019\/10\/thumbnail_DSCN0053-1024x768.jpg\" alt=\"\" class=\"wp-image-10201\" srcset=\"https:\/\/www.abesata.org\/br\/wp-content\/uploads\/2019\/10\/thumbnail_DSCN0053-1024x768.jpg 1024w, https:\/\/www.abesata.org\/br\/wp-content\/uploads\/2019\/10\/thumbnail_DSCN0053-300x225.jpg 300w, https:\/\/www.abesata.org\/br\/wp-content\/uploads\/2019\/10\/thumbnail_DSCN0053-768x576.jpg 768w, https:\/\/www.abesata.org\/br\/wp-content\/uploads\/2019\/10\/thumbnail_DSCN0053-200x150.jpg 200w, https:\/\/www.abesata.org\/br\/wp-content\/uploads\/2019\/10\/thumbnail_DSCN0053-150x113.jpg 150w, https:\/\/www.abesata.org\/br\/wp-content\/uploads\/2019\/10\/thumbnail_DSCN0053.jpg 1280w\" sizes=\"(max-width: 1024px) 100vw, 1024px\" \/><\/figure>\n\n\n\n<figure class=\"wp-block-image\"><img loading=\"lazy\" decoding=\"async\" width=\"1024\" height=\"768\" src=\"https:\/\/www.abesata.org\/br\/wp-content\/uploads\/2019\/10\/thumbnail_DSCN0036-1024x768.jpg\" alt=\"\" class=\"wp-image-10202\" srcset=\"https:\/\/www.abesata.org\/br\/wp-content\/uploads\/2019\/10\/thumbnail_DSCN0036-1024x768.jpg 1024w, https:\/\/www.abesata.org\/br\/wp-content\/uploads\/2019\/10\/thumbnail_DSCN0036-300x225.jpg 300w, https:\/\/www.abesata.org\/br\/wp-content\/uploads\/2019\/10\/thumbnail_DSCN0036-768x576.jpg 768w, https:\/\/www.abesata.org\/br\/wp-content\/uploads\/2019\/10\/thumbnail_DSCN0036-200x150.jpg 200w, https:\/\/www.abesata.org\/br\/wp-content\/uploads\/2019\/10\/thumbnail_DSCN0036-150x113.jpg 150w, https:\/\/www.abesata.org\/br\/wp-content\/uploads\/2019\/10\/thumbnail_DSCN0036.jpg 1280w\" sizes=\"(max-width: 1024px) 100vw, 1024px\" \/><\/figure>\n","protected":false},"excerpt":{"rendered":"","protected":false},"author":18,"featured_media":0,"parent":0,"menu_order":0,"comment_status":"closed","ping_status":"closed","template":"","meta":{"footnotes":""},"class_list":["post-10193","page","type-page","status-publish","hentry"],"yoast_head":"<!-- This site is optimized with the Yoast SEO plugin v26.5 - https:\/\/yoast.com\/wordpress\/plugins\/seo\/ -->\n<title>IBAS - GRU Airport - 11 set.2019 - Abesata<\/title>\n<meta name=\"robots\" content=\"index, follow, max-snippet:-1, max-image-preview:large, max-video-preview:-1\" \/>\n<link rel=\"canonical\" href=\"https:\/\/www.abesata.org\/br\/ibas-gru-airport-11-set-2019\/\" \/>\n<meta property=\"og:locale\" content=\"pt_BR\" \/>\n<meta property=\"og:type\" content=\"article\" \/>\n<meta property=\"og:title\" content=\"IBAS - GRU Airport - 11 set.2019 - Abesata\" \/>\n<meta property=\"og:url\" content=\"https:\/\/www.abesata.org\/br\/ibas-gru-airport-11-set-2019\/\" \/>\n<meta property=\"og:site_name\" content=\"Abesata\" \/>\n<meta property=\"article:publisher\" content=\"https:\/\/www.facebook.com\/abesata.org\/\" \/>\n<meta property=\"article:modified_time\" content=\"2019-10-01T20:33:47+00:00\" \/>\n<meta property=\"og:image\" content=\"http:\/\/www.abesata.org\/br\/wp-content\/uploads\/2019\/10\/thumbnail_painel-abesata-898x1024.jpg\" \/>\n<meta name=\"twitter:card\" content=\"summary_large_image\" \/>\n<script type=\"application\/ld+json\" class=\"yoast-schema-graph\">{\"@context\":\"https:\/\/schema.org\",\"@graph\":[{\"@type\":\"WebPage\",\"@id\":\"https:\/\/www.abesata.org\/br\/ibas-gru-airport-11-set-2019\/\",\"url\":\"https:\/\/www.abesata.org\/br\/ibas-gru-airport-11-set-2019\/\",\"name\":\"IBAS - GRU Airport - 11 set.2019 - Abesata\",\"isPartOf\":{\"@id\":\"https:\/\/www.abesata.org\/br\/#website\"},\"primaryImageOfPage\":{\"@id\":\"https:\/\/www.abesata.org\/br\/ibas-gru-airport-11-set-2019\/#primaryimage\"},\"image\":{\"@id\":\"https:\/\/www.abesata.org\/br\/ibas-gru-airport-11-set-2019\/#primaryimage\"},\"thumbnailUrl\":\"http:\/\/www.abesata.org\/br\/wp-content\/uploads\/2019\/10\/thumbnail_painel-abesata-898x1024.jpg\",\"datePublished\":\"2019-10-01T20:33:46+00:00\",\"dateModified\":\"2019-10-01T20:33:47+00:00\",\"breadcrumb\":{\"@id\":\"https:\/\/www.abesata.org\/br\/ibas-gru-airport-11-set-2019\/#breadcrumb\"},\"inLanguage\":\"pt-BR\",\"potentialAction\":[{\"@type\":\"ReadAction\",\"target\":[\"https:\/\/www.abesata.org\/br\/ibas-gru-airport-11-set-2019\/\"]}]},{\"@type\":\"ImageObject\",\"inLanguage\":\"pt-BR\",\"@id\":\"https:\/\/www.abesata.org\/br\/ibas-gru-airport-11-set-2019\/#primaryimage\",\"url\":\"http:\/\/www.abesata.org\/br\/wp-content\/uploads\/2019\/10\/thumbnail_painel-abesata-898x1024.jpg\",\"contentUrl\":\"http:\/\/www.abesata.org\/br\/wp-content\/uploads\/2019\/10\/thumbnail_painel-abesata-898x1024.jpg\"},{\"@type\":\"BreadcrumbList\",\"@id\":\"https:\/\/www.abesata.org\/br\/ibas-gru-airport-11-set-2019\/#breadcrumb\",\"itemListElement\":[{\"@type\":\"ListItem\",\"position\":1,\"name\":\"In\u00edcio\",\"item\":\"https:\/\/www.abesata.org\/br\/\"},{\"@type\":\"ListItem\",\"position\":2,\"name\":\"IBAS &#8211; GRU Airport &#8211; 11 set.2019\"}]},{\"@type\":\"WebSite\",\"@id\":\"https:\/\/www.abesata.org\/br\/#website\",\"url\":\"https:\/\/www.abesata.org\/br\/\",\"name\":\"Abesata\",\"description\":\"Associa\u00e7\u00e3o Brasileira das Empresas de Servi\u00e7os Auxiliares de Transporte A\u00e9reo\",\"publisher\":{\"@id\":\"https:\/\/www.abesata.org\/br\/#organization\"},\"potentialAction\":[{\"@type\":\"SearchAction\",\"target\":{\"@type\":\"EntryPoint\",\"urlTemplate\":\"https:\/\/www.abesata.org\/br\/?s={search_term_string}\"},\"query-input\":{\"@type\":\"PropertyValueSpecification\",\"valueRequired\":true,\"valueName\":\"search_term_string\"}}],\"inLanguage\":\"pt-BR\"},{\"@type\":\"Organization\",\"@id\":\"https:\/\/www.abesata.org\/br\/#organization\",\"name\":\"Associa\u00e7\u00e3o Brasileira das Empresas de Servi\u00e7os Auxiliares de Transporte A\u00e9reo\",\"alternateName\":\"Abesata\",\"url\":\"https:\/\/www.abesata.org\/br\/\",\"logo\":{\"@type\":\"ImageObject\",\"inLanguage\":\"pt-BR\",\"@id\":\"https:\/\/www.abesata.org\/br\/#\/schema\/logo\/image\/\",\"url\":\"https:\/\/www.abesata.org\/br\/wp-content\/uploads\/2023\/10\/Abesata.png\",\"contentUrl\":\"https:\/\/www.abesata.org\/br\/wp-content\/uploads\/2023\/10\/Abesata.png\",\"width\":1063,\"height\":591,\"caption\":\"Associa\u00e7\u00e3o Brasileira das Empresas de Servi\u00e7os Auxiliares de Transporte A\u00e9reo\"},\"image\":{\"@id\":\"https:\/\/www.abesata.org\/br\/#\/schema\/logo\/image\/\"},\"sameAs\":[\"https:\/\/www.facebook.com\/abesata.org\/\",\"https:\/\/www.instagram.com\/abesata_gh\/\",\"https:\/\/br.linkedin.com\/company\/abesata\"]}]}<\/script>\n<!-- \/ Yoast SEO plugin. -->","yoast_head_json":{"title":"IBAS - GRU Airport - 11 set.2019 - Abesata","robots":{"index":"index","follow":"follow","max-snippet":"max-snippet:-1","max-image-preview":"max-image-preview:large","max-video-preview":"max-video-preview:-1"},"canonical":"https:\/\/www.abesata.org\/br\/ibas-gru-airport-11-set-2019\/","og_locale":"pt_BR","og_type":"article","og_title":"IBAS - GRU Airport - 11 set.2019 - Abesata","og_url":"https:\/\/www.abesata.org\/br\/ibas-gru-airport-11-set-2019\/","og_site_name":"Abesata","article_publisher":"https:\/\/www.facebook.com\/abesata.org\/","article_modified_time":"2019-10-01T20:33:47+00:00","og_image":[{"url":"http:\/\/www.abesata.org\/br\/wp-content\/uploads\/2019\/10\/thumbnail_painel-abesata-898x1024.jpg","type":"","width":"","height":""}],"twitter_card":"summary_large_image","schema":{"@context":"https:\/\/schema.org","@graph":[{"@type":"WebPage","@id":"https:\/\/www.abesata.org\/br\/ibas-gru-airport-11-set-2019\/","url":"https:\/\/www.abesata.org\/br\/ibas-gru-airport-11-set-2019\/","name":"IBAS - GRU Airport - 11 set.2019 - Abesata","isPartOf":{"@id":"https:\/\/www.abesata.org\/br\/#website"},"primaryImageOfPage":{"@id":"https:\/\/www.abesata.org\/br\/ibas-gru-airport-11-set-2019\/#primaryimage"},"image":{"@id":"https:\/\/www.abesata.org\/br\/ibas-gru-airport-11-set-2019\/#primaryimage"},"thumbnailUrl":"http:\/\/www.abesata.org\/br\/wp-content\/uploads\/2019\/10\/thumbnail_painel-abesata-898x1024.jpg","datePublished":"2019-10-01T20:33:46+00:00","dateModified":"2019-10-01T20:33:47+00:00","breadcrumb":{"@id":"https:\/\/www.abesata.org\/br\/ibas-gru-airport-11-set-2019\/#breadcrumb"},"inLanguage":"pt-BR","potentialAction":[{"@type":"ReadAction","target":["https:\/\/www.abesata.org\/br\/ibas-gru-airport-11-set-2019\/"]}]},{"@type":"ImageObject","inLanguage":"pt-BR","@id":"https:\/\/www.abesata.org\/br\/ibas-gru-airport-11-set-2019\/#primaryimage","url":"http:\/\/www.abesata.org\/br\/wp-content\/uploads\/2019\/10\/thumbnail_painel-abesata-898x1024.jpg","contentUrl":"http:\/\/www.abesata.org\/br\/wp-content\/uploads\/2019\/10\/thumbnail_painel-abesata-898x1024.jpg"},{"@type":"BreadcrumbList","@id":"https:\/\/www.abesata.org\/br\/ibas-gru-airport-11-set-2019\/#breadcrumb","itemListElement":[{"@type":"ListItem","position":1,"name":"In\u00edcio","item":"https:\/\/www.abesata.org\/br\/"},{"@type":"ListItem","position":2,"name":"IBAS &#8211; GRU Airport &#8211; 11 set.2019"}]},{"@type":"WebSite","@id":"https:\/\/www.abesata.org\/br\/#website","url":"https:\/\/www.abesata.org\/br\/","name":"Abesata","description":"Associa\u00e7\u00e3o Brasileira das Empresas de Servi\u00e7os Auxiliares de Transporte A\u00e9reo","publisher":{"@id":"https:\/\/www.abesata.org\/br\/#organization"},"potentialAction":[{"@type":"SearchAction","target":{"@type":"EntryPoint","urlTemplate":"https:\/\/www.abesata.org\/br\/?s={search_term_string}"},"query-input":{"@type":"PropertyValueSpecification","valueRequired":true,"valueName":"search_term_string"}}],"inLanguage":"pt-BR"},{"@type":"Organization","@id":"https:\/\/www.abesata.org\/br\/#organization","name":"Associa\u00e7\u00e3o Brasileira das Empresas de Servi\u00e7os Auxiliares de Transporte A\u00e9reo","alternateName":"Abesata","url":"https:\/\/www.abesata.org\/br\/","logo":{"@type":"ImageObject","inLanguage":"pt-BR","@id":"https:\/\/www.abesata.org\/br\/#\/schema\/logo\/image\/","url":"https:\/\/www.abesata.org\/br\/wp-content\/uploads\/2023\/10\/Abesata.png","contentUrl":"https:\/\/www.abesata.org\/br\/wp-content\/uploads\/2023\/10\/Abesata.png","width":1063,"height":591,"caption":"Associa\u00e7\u00e3o Brasileira das Empresas de Servi\u00e7os Auxiliares de Transporte A\u00e9reo"},"image":{"@id":"https:\/\/www.abesata.org\/br\/#\/schema\/logo\/image\/"},"sameAs":["https:\/\/www.facebook.com\/abesata.org\/","https:\/\/www.instagram.com\/abesata_gh\/","https:\/\/br.linkedin.com\/company\/abesata"]}]}},"_links":{"self":[{"href":"https:\/\/www.abesata.org\/br\/wp-json\/wp\/v2\/pages\/10193","targetHints":{"allow":["GET"]}}],"collection":[{"href":"https:\/\/www.abesata.org\/br\/wp-json\/wp\/v2\/pages"}],"about":[{"href":"https:\/\/www.abesata.org\/br\/wp-json\/wp\/v2\/types\/page"}],"author":[{"embeddable":true,"href":"https:\/\/www.abesata.org\/br\/wp-json\/wp\/v2\/users\/18"}],"replies":[{"embeddable":true,"href":"https:\/\/www.abesata.org\/br\/wp-json\/wp\/v2\/comments?post=10193"}],"version-history":[{"count":0,"href":"https:\/\/www.abesata.org\/br\/wp-json\/wp\/v2\/pages\/10193\/revisions"}],"wp:attachment":[{"href":"https:\/\/www.abesata.org\/br\/wp-json\/wp\/v2\/media?parent=10193"}],"curies":[{"name":"wp","href":"https:\/\/api.w.org\/{rel}","templated":true}]}}