{"id":12918,"date":"2020-10-19T14:29:02","date_gmt":"2020-10-19T14:29:02","guid":{"rendered":"http:\/\/www.abesata.org\/br\/?page_id=12918"},"modified":"2020-10-19T14:29:21","modified_gmt":"2020-10-19T14:29:21","slug":"cerimonia-de-apresentacao-do-programa-voo-simples-brasilia-df-07-out-2020","status":"publish","type":"page","link":"https:\/\/www.abesata.org\/br\/cerimonia-de-apresentacao-do-programa-voo-simples-brasilia-df-07-out-2020\/","title":{"rendered":"Cerim\u00f4nia de apresenta\u00e7\u00e3o do Programa Voo Simples &#8211; Bras\u00edlia DF &#8211; 07 out.2020"},"content":{"rendered":"\n<p><img fetchpriority=\"high\" decoding=\"async\" width=\"3000\" height=\"2250\" class=\"wp-image-12915\" style=\"width: 3000px;\" src=\"https:\/\/www.abesata.org\/br\/wp-content\/uploads\/2020\/10\/3.jpg\" alt=\"\" srcset=\"https:\/\/www.abesata.org\/br\/wp-content\/uploads\/2020\/10\/3.jpg 1280w, https:\/\/www.abesata.org\/br\/wp-content\/uploads\/2020\/10\/3-300x225.jpg 300w, https:\/\/www.abesata.org\/br\/wp-content\/uploads\/2020\/10\/3-1024x768.jpg 1024w, https:\/\/www.abesata.org\/br\/wp-content\/uploads\/2020\/10\/3-768x576.jpg 768w, https:\/\/www.abesata.org\/br\/wp-content\/uploads\/2020\/10\/3-200x150.jpg 200w, https:\/\/www.abesata.org\/br\/wp-content\/uploads\/2020\/10\/3-150x113.jpg 150w\" sizes=\"(max-width: 3000px) 100vw, 3000px\" \/><\/p>\n\n\n\n<p><img decoding=\"async\" width=\"3000\" height=\"2250\" class=\"wp-image-12914\" style=\"width: 3000px;\" src=\"https:\/\/www.abesata.org\/br\/wp-content\/uploads\/2020\/10\/2-scaled.jpg\" alt=\"\" srcset=\"https:\/\/www.abesata.org\/br\/wp-content\/uploads\/2020\/10\/2-scaled.jpg 2560w, https:\/\/www.abesata.org\/br\/wp-content\/uploads\/2020\/10\/2-300x225.jpg 300w, https:\/\/www.abesata.org\/br\/wp-content\/uploads\/2020\/10\/2-1024x768.jpg 1024w, https:\/\/www.abesata.org\/br\/wp-content\/uploads\/2020\/10\/2-768x576.jpg 768w, https:\/\/www.abesata.org\/br\/wp-content\/uploads\/2020\/10\/2-1536x1152.jpg 1536w, https:\/\/www.abesata.org\/br\/wp-content\/uploads\/2020\/10\/2-2048x1536.jpg 2048w, https:\/\/www.abesata.org\/br\/wp-content\/uploads\/2020\/10\/2-200x150.jpg 200w, https:\/\/www.abesata.org\/br\/wp-content\/uploads\/2020\/10\/2-150x113.jpg 150w\" sizes=\"(max-width: 3000px) 100vw, 3000px\" \/><\/p>\n\n\n\n<p><img decoding=\"async\" width=\"3000\" height=\"2250\" class=\"wp-image-12913\" style=\"width: 3000px;\" src=\"https:\/\/www.abesata.org\/br\/wp-content\/uploads\/2020\/10\/1-scaled.jpg\" alt=\"\" srcset=\"https:\/\/www.abesata.org\/br\/wp-content\/uploads\/2020\/10\/1-scaled.jpg 2560w, https:\/\/www.abesata.org\/br\/wp-content\/uploads\/2020\/10\/1-300x225.jpg 300w, https:\/\/www.abesata.org\/br\/wp-content\/uploads\/2020\/10\/1-1024x768.jpg 1024w, https:\/\/www.abesata.org\/br\/wp-content\/uploads\/2020\/10\/1-768x576.jpg 768w, https:\/\/www.abesata.org\/br\/wp-content\/uploads\/2020\/10\/1-1536x1152.jpg 1536w, https:\/\/www.abesata.org\/br\/wp-content\/uploads\/2020\/10\/1-2048x1536.jpg 2048w, https:\/\/www.abesata.org\/br\/wp-content\/uploads\/2020\/10\/1-200x150.jpg 200w, https:\/\/www.abesata.org\/br\/wp-content\/uploads\/2020\/10\/1-150x113.jpg 150w\" sizes=\"(max-width: 3000px) 100vw, 3000px\" \/><\/p>\n\n\n\n<p><img loading=\"lazy\" decoding=\"async\" width=\"3000\" height=\"2512\" class=\"wp-image-12912\" style=\"width: 3000px;\" src=\"https:\/\/www.abesata.org\/br\/wp-content\/uploads\/2020\/10\/4.jpg\" alt=\"\" srcset=\"https:\/\/www.abesata.org\/br\/wp-content\/uploads\/2020\/10\/4.jpg 1821w, https:\/\/www.abesata.org\/br\/wp-content\/uploads\/2020\/10\/4-300x251.jpg 300w, https:\/\/www.abesata.org\/br\/wp-content\/uploads\/2020\/10\/4-1024x858.jpg 1024w, https:\/\/www.abesata.org\/br\/wp-content\/uploads\/2020\/10\/4-768x643.jpg 768w, https:\/\/www.abesata.org\/br\/wp-content\/uploads\/2020\/10\/4-1536x1286.jpg 1536w, https:\/\/www.abesata.org\/br\/wp-content\/uploads\/2020\/10\/4-179x150.jpg 179w, https:\/\/www.abesata.org\/br\/wp-content\/uploads\/2020\/10\/4-150x126.jpg 150w\" sizes=\"(max-width: 3000px) 100vw, 3000px\" \/><\/p>\n\n\n\n<p><img loading=\"lazy\" decoding=\"async\" width=\"3000\" height=\"3971\" class=\"wp-image-12911\" style=\"width: 3000px;\" src=\"https:\/\/www.abesata.org\/br\/wp-content\/uploads\/2020\/10\/6.jpg\" alt=\"\" srcset=\"https:\/\/www.abesata.org\/br\/wp-content\/uploads\/2020\/10\/6.jpg 1143w, https:\/\/www.abesata.org\/br\/wp-content\/uploads\/2020\/10\/6-227x300.jpg 227w, https:\/\/www.abesata.org\/br\/wp-content\/uploads\/2020\/10\/6-774x1024.jpg 774w, https:\/\/www.abesata.org\/br\/wp-content\/uploads\/2020\/10\/6-768x1017.jpg 768w, https:\/\/www.abesata.org\/br\/wp-content\/uploads\/2020\/10\/6-113x150.jpg 113w\" sizes=\"(max-width: 3000px) 100vw, 3000px\" \/><\/p>\n\n\n\n<p><img loading=\"lazy\" decoding=\"async\" width=\"3000\" height=\"2194\" class=\"wp-image-12910\" style=\"width: 3000px;\" src=\"https:\/\/www.abesata.org\/br\/wp-content\/uploads\/2020\/10\/7.jpg\" alt=\"\" srcset=\"https:\/\/www.abesata.org\/br\/wp-content\/uploads\/2020\/10\/7.jpg 2085w, https:\/\/www.abesata.org\/br\/wp-content\/uploads\/2020\/10\/7-300x219.jpg 300w, https:\/\/www.abesata.org\/br\/wp-content\/uploads\/2020\/10\/7-1024x749.jpg 1024w, https:\/\/www.abesata.org\/br\/wp-content\/uploads\/2020\/10\/7-768x562.jpg 768w, https:\/\/www.abesata.org\/br\/wp-content\/uploads\/2020\/10\/7-1536x1123.jpg 1536w, https:\/\/www.abesata.org\/br\/wp-content\/uploads\/2020\/10\/7-2048x1498.jpg 2048w, https:\/\/www.abesata.org\/br\/wp-content\/uploads\/2020\/10\/7-205x150.jpg 205w, https:\/\/www.abesata.org\/br\/wp-content\/uploads\/2020\/10\/7-150x110.jpg 150w\" sizes=\"(max-width: 3000px) 100vw, 3000px\" \/><\/p>\n\n\n\n<p><img loading=\"lazy\" decoding=\"async\" width=\"3000\" height=\"2250\" class=\"wp-image-12909\" style=\"width: 3000px;\" src=\"https:\/\/www.abesata.org\/br\/wp-content\/uploads\/2020\/10\/5-scaled.jpg\" alt=\"\" srcset=\"https:\/\/www.abesata.org\/br\/wp-content\/uploads\/2020\/10\/5-scaled.jpg 2560w, https:\/\/www.abesata.org\/br\/wp-content\/uploads\/2020\/10\/5-300x225.jpg 300w, https:\/\/www.abesata.org\/br\/wp-content\/uploads\/2020\/10\/5-1024x768.jpg 1024w, https:\/\/www.abesata.org\/br\/wp-content\/uploads\/2020\/10\/5-768x576.jpg 768w, https:\/\/www.abesata.org\/br\/wp-content\/uploads\/2020\/10\/5-1536x1152.jpg 1536w, https:\/\/www.abesata.org\/br\/wp-content\/uploads\/2020\/10\/5-2048x1536.jpg 2048w, https:\/\/www.abesata.org\/br\/wp-content\/uploads\/2020\/10\/5-200x150.jpg 200w, https:\/\/www.abesata.org\/br\/wp-content\/uploads\/2020\/10\/5-150x113.jpg 150w\" sizes=\"(max-width: 3000px) 100vw, 3000px\" \/><\/p>\n\n\n\n<p><img loading=\"lazy\" decoding=\"async\" width=\"3000\" height=\"2250\" class=\"wp-image-12908\" style=\"width: 3000px;\" src=\"https:\/\/www.abesata.org\/br\/wp-content\/uploads\/2020\/10\/8-scaled.jpg\" alt=\"\" srcset=\"https:\/\/www.abesata.org\/br\/wp-content\/uploads\/2020\/10\/8-scaled.jpg 2560w, https:\/\/www.abesata.org\/br\/wp-content\/uploads\/2020\/10\/8-300x225.jpg 300w, https:\/\/www.abesata.org\/br\/wp-content\/uploads\/2020\/10\/8-1024x768.jpg 1024w, https:\/\/www.abesata.org\/br\/wp-content\/uploads\/2020\/10\/8-768x576.jpg 768w, https:\/\/www.abesata.org\/br\/wp-content\/uploads\/2020\/10\/8-1536x1152.jpg 1536w, https:\/\/www.abesata.org\/br\/wp-content\/uploads\/2020\/10\/8-2048x1536.jpg 2048w, https:\/\/www.abesata.org\/br\/wp-content\/uploads\/2020\/10\/8-200x150.jpg 200w, https:\/\/www.abesata.org\/br\/wp-content\/uploads\/2020\/10\/8-150x113.jpg 150w\" sizes=\"(max-width: 3000px) 100vw, 3000px\" \/><\/p>\n\n\n\n<p><img loading=\"lazy\" decoding=\"async\" width=\"3000\" height=\"2250\" class=\"wp-image-12907\" style=\"width: 3000px;\" src=\"https:\/\/www.abesata.org\/br\/wp-content\/uploads\/2020\/10\/10-scaled.jpg\" alt=\"\" srcset=\"https:\/\/www.abesata.org\/br\/wp-content\/uploads\/2020\/10\/10-scaled.jpg 2560w, https:\/\/www.abesata.org\/br\/wp-content\/uploads\/2020\/10\/10-300x225.jpg 300w, https:\/\/www.abesata.org\/br\/wp-content\/uploads\/2020\/10\/10-1024x768.jpg 1024w, https:\/\/www.abesata.org\/br\/wp-content\/uploads\/2020\/10\/10-768x576.jpg 768w, https:\/\/www.abesata.org\/br\/wp-content\/uploads\/2020\/10\/10-1536x1152.jpg 1536w, https:\/\/www.abesata.org\/br\/wp-content\/uploads\/2020\/10\/10-2048x1536.jpg 2048w, https:\/\/www.abesata.org\/br\/wp-content\/uploads\/2020\/10\/10-200x150.jpg 200w, https:\/\/www.abesata.org\/br\/wp-content\/uploads\/2020\/10\/10-150x113.jpg 150w\" sizes=\"(max-width: 3000px) 100vw, 3000px\" \/><\/p>\n\n\n\n<p><img loading=\"lazy\" decoding=\"async\" width=\"3000\" height=\"2250\" class=\"wp-image-12906\" style=\"width: 3000px;\" src=\"https:\/\/www.abesata.org\/br\/wp-content\/uploads\/2020\/10\/9-scaled.jpg\" alt=\"\" srcset=\"https:\/\/www.abesata.org\/br\/wp-content\/uploads\/2020\/10\/9-scaled.jpg 2560w, https:\/\/www.abesata.org\/br\/wp-content\/uploads\/2020\/10\/9-300x225.jpg 300w, https:\/\/www.abesata.org\/br\/wp-content\/uploads\/2020\/10\/9-1024x768.jpg 1024w, https:\/\/www.abesata.org\/br\/wp-content\/uploads\/2020\/10\/9-768x576.jpg 768w, https:\/\/www.abesata.org\/br\/wp-content\/uploads\/2020\/10\/9-1536x1152.jpg 1536w, https:\/\/www.abesata.org\/br\/wp-content\/uploads\/2020\/10\/9-2048x1536.jpg 2048w, https:\/\/www.abesata.org\/br\/wp-content\/uploads\/2020\/10\/9-200x150.jpg 200w, https:\/\/www.abesata.org\/br\/wp-content\/uploads\/2020\/10\/9-150x113.jpg 150w\" sizes=\"(max-width: 3000px) 100vw, 3000px\" \/><\/p>\n\n\n\n<p><img loading=\"lazy\" decoding=\"async\" width=\"3000\" height=\"2250\" class=\"wp-image-12905\" style=\"width: 3000px;\" src=\"https:\/\/www.abesata.org\/br\/wp-content\/uploads\/2020\/10\/11-scaled.jpg\" alt=\"\" srcset=\"https:\/\/www.abesata.org\/br\/wp-content\/uploads\/2020\/10\/11-scaled.jpg 2560w, https:\/\/www.abesata.org\/br\/wp-content\/uploads\/2020\/10\/11-300x225.jpg 300w, https:\/\/www.abesata.org\/br\/wp-content\/uploads\/2020\/10\/11-1024x768.jpg 1024w, https:\/\/www.abesata.org\/br\/wp-content\/uploads\/2020\/10\/11-768x576.jpg 768w, https:\/\/www.abesata.org\/br\/wp-content\/uploads\/2020\/10\/11-1536x1152.jpg 1536w, https:\/\/www.abesata.org\/br\/wp-content\/uploads\/2020\/10\/11-2048x1536.jpg 2048w, https:\/\/www.abesata.org\/br\/wp-content\/uploads\/2020\/10\/11-200x150.jpg 200w, https:\/\/www.abesata.org\/br\/wp-content\/uploads\/2020\/10\/11-150x113.jpg 150w\" sizes=\"(max-width: 3000px) 100vw, 3000px\" \/><\/p>\n","protected":false},"excerpt":{"rendered":"","protected":false},"author":135,"featured_media":0,"parent":0,"menu_order":0,"comment_status":"closed","ping_status":"closed","template":"","meta":{"footnotes":""},"class_list":["post-12918","page","type-page","status-publish","hentry"],"yoast_head":"<!-- This site is optimized with the Yoast SEO plugin v26.5 - https:\/\/yoast.com\/wordpress\/plugins\/seo\/ -->\n<title>Cerim\u00f4nia de apresenta\u00e7\u00e3o do Programa Voo Simples - Bras\u00edlia DF - 07 out.2020 - Abesata<\/title>\n<meta name=\"robots\" content=\"index, follow, max-snippet:-1, max-image-preview:large, max-video-preview:-1\" \/>\n<link rel=\"canonical\" href=\"https:\/\/www.abesata.org\/br\/cerimonia-de-apresentacao-do-programa-voo-simples-brasilia-df-07-out-2020\/\" \/>\n<meta property=\"og:locale\" content=\"pt_BR\" \/>\n<meta property=\"og:type\" content=\"article\" \/>\n<meta property=\"og:title\" content=\"Cerim\u00f4nia de apresenta\u00e7\u00e3o do Programa Voo Simples - Bras\u00edlia DF - 07 out.2020 - Abesata\" \/>\n<meta property=\"og:url\" content=\"https:\/\/www.abesata.org\/br\/cerimonia-de-apresentacao-do-programa-voo-simples-brasilia-df-07-out-2020\/\" \/>\n<meta property=\"og:site_name\" content=\"Abesata\" \/>\n<meta property=\"article:publisher\" content=\"https:\/\/www.facebook.com\/abesata.org\/\" \/>\n<meta property=\"article:modified_time\" content=\"2020-10-19T14:29:21+00:00\" \/>\n<meta property=\"og:image\" content=\"http:\/\/www.abesata.org\/br\/wp-content\/uploads\/2020\/10\/3.jpg\" \/>\n<meta name=\"twitter:card\" content=\"summary_large_image\" \/>\n<script type=\"application\/ld+json\" class=\"yoast-schema-graph\">{\"@context\":\"https:\/\/schema.org\",\"@graph\":[{\"@type\":\"WebPage\",\"@id\":\"https:\/\/www.abesata.org\/br\/cerimonia-de-apresentacao-do-programa-voo-simples-brasilia-df-07-out-2020\/\",\"url\":\"https:\/\/www.abesata.org\/br\/cerimonia-de-apresentacao-do-programa-voo-simples-brasilia-df-07-out-2020\/\",\"name\":\"Cerim\u00f4nia de apresenta\u00e7\u00e3o do Programa Voo Simples - Bras\u00edlia DF - 07 out.2020 - Abesata\",\"isPartOf\":{\"@id\":\"https:\/\/www.abesata.org\/br\/#website\"},\"primaryImageOfPage\":{\"@id\":\"https:\/\/www.abesata.org\/br\/cerimonia-de-apresentacao-do-programa-voo-simples-brasilia-df-07-out-2020\/#primaryimage\"},\"image\":{\"@id\":\"https:\/\/www.abesata.org\/br\/cerimonia-de-apresentacao-do-programa-voo-simples-brasilia-df-07-out-2020\/#primaryimage\"},\"thumbnailUrl\":\"http:\/\/www.abesata.org\/br\/wp-content\/uploads\/2020\/10\/3.jpg\",\"datePublished\":\"2020-10-19T14:29:02+00:00\",\"dateModified\":\"2020-10-19T14:29:21+00:00\",\"breadcrumb\":{\"@id\":\"https:\/\/www.abesata.org\/br\/cerimonia-de-apresentacao-do-programa-voo-simples-brasilia-df-07-out-2020\/#breadcrumb\"},\"inLanguage\":\"pt-BR\",\"potentialAction\":[{\"@type\":\"ReadAction\",\"target\":[\"https:\/\/www.abesata.org\/br\/cerimonia-de-apresentacao-do-programa-voo-simples-brasilia-df-07-out-2020\/\"]}]},{\"@type\":\"ImageObject\",\"inLanguage\":\"pt-BR\",\"@id\":\"https:\/\/www.abesata.org\/br\/cerimonia-de-apresentacao-do-programa-voo-simples-brasilia-df-07-out-2020\/#primaryimage\",\"url\":\"http:\/\/www.abesata.org\/br\/wp-content\/uploads\/2020\/10\/3.jpg\",\"contentUrl\":\"http:\/\/www.abesata.org\/br\/wp-content\/uploads\/2020\/10\/3.jpg\"},{\"@type\":\"BreadcrumbList\",\"@id\":\"https:\/\/www.abesata.org\/br\/cerimonia-de-apresentacao-do-programa-voo-simples-brasilia-df-07-out-2020\/#breadcrumb\",\"itemListElement\":[{\"@type\":\"ListItem\",\"position\":1,\"name\":\"In\u00edcio\",\"item\":\"https:\/\/www.abesata.org\/br\/\"},{\"@type\":\"ListItem\",\"position\":2,\"name\":\"Cerim\u00f4nia de apresenta\u00e7\u00e3o do Programa Voo Simples &#8211; Bras\u00edlia DF &#8211; 07 out.2020\"}]},{\"@type\":\"WebSite\",\"@id\":\"https:\/\/www.abesata.org\/br\/#website\",\"url\":\"https:\/\/www.abesata.org\/br\/\",\"name\":\"Abesata\",\"description\":\"Associa\u00e7\u00e3o Brasileira das Empresas de Servi\u00e7os Auxiliares de Transporte A\u00e9reo\",\"publisher\":{\"@id\":\"https:\/\/www.abesata.org\/br\/#organization\"},\"potentialAction\":[{\"@type\":\"SearchAction\",\"target\":{\"@type\":\"EntryPoint\",\"urlTemplate\":\"https:\/\/www.abesata.org\/br\/?s={search_term_string}\"},\"query-input\":{\"@type\":\"PropertyValueSpecification\",\"valueRequired\":true,\"valueName\":\"search_term_string\"}}],\"inLanguage\":\"pt-BR\"},{\"@type\":\"Organization\",\"@id\":\"https:\/\/www.abesata.org\/br\/#organization\",\"name\":\"Associa\u00e7\u00e3o Brasileira das Empresas de Servi\u00e7os Auxiliares de Transporte A\u00e9reo\",\"alternateName\":\"Abesata\",\"url\":\"https:\/\/www.abesata.org\/br\/\",\"logo\":{\"@type\":\"ImageObject\",\"inLanguage\":\"pt-BR\",\"@id\":\"https:\/\/www.abesata.org\/br\/#\/schema\/logo\/image\/\",\"url\":\"https:\/\/www.abesata.org\/br\/wp-content\/uploads\/2023\/10\/Abesata.png\",\"contentUrl\":\"https:\/\/www.abesata.org\/br\/wp-content\/uploads\/2023\/10\/Abesata.png\",\"width\":1063,\"height\":591,\"caption\":\"Associa\u00e7\u00e3o Brasileira das Empresas de Servi\u00e7os Auxiliares de Transporte A\u00e9reo\"},\"image\":{\"@id\":\"https:\/\/www.abesata.org\/br\/#\/schema\/logo\/image\/\"},\"sameAs\":[\"https:\/\/www.facebook.com\/abesata.org\/\",\"https:\/\/www.instagram.com\/abesata_gh\/\",\"https:\/\/br.linkedin.com\/company\/abesata\"]}]}<\/script>\n<!-- \/ Yoast SEO plugin. -->","yoast_head_json":{"title":"Cerim\u00f4nia de apresenta\u00e7\u00e3o do Programa Voo Simples - Bras\u00edlia DF - 07 out.2020 - Abesata","robots":{"index":"index","follow":"follow","max-snippet":"max-snippet:-1","max-image-preview":"max-image-preview:large","max-video-preview":"max-video-preview:-1"},"canonical":"https:\/\/www.abesata.org\/br\/cerimonia-de-apresentacao-do-programa-voo-simples-brasilia-df-07-out-2020\/","og_locale":"pt_BR","og_type":"article","og_title":"Cerim\u00f4nia de apresenta\u00e7\u00e3o do Programa Voo Simples - Bras\u00edlia DF - 07 out.2020 - Abesata","og_url":"https:\/\/www.abesata.org\/br\/cerimonia-de-apresentacao-do-programa-voo-simples-brasilia-df-07-out-2020\/","og_site_name":"Abesata","article_publisher":"https:\/\/www.facebook.com\/abesata.org\/","article_modified_time":"2020-10-19T14:29:21+00:00","og_image":[{"url":"http:\/\/www.abesata.org\/br\/wp-content\/uploads\/2020\/10\/3.jpg","type":"","width":"","height":""}],"twitter_card":"summary_large_image","schema":{"@context":"https:\/\/schema.org","@graph":[{"@type":"WebPage","@id":"https:\/\/www.abesata.org\/br\/cerimonia-de-apresentacao-do-programa-voo-simples-brasilia-df-07-out-2020\/","url":"https:\/\/www.abesata.org\/br\/cerimonia-de-apresentacao-do-programa-voo-simples-brasilia-df-07-out-2020\/","name":"Cerim\u00f4nia de apresenta\u00e7\u00e3o do Programa Voo Simples - Bras\u00edlia DF - 07 out.2020 - Abesata","isPartOf":{"@id":"https:\/\/www.abesata.org\/br\/#website"},"primaryImageOfPage":{"@id":"https:\/\/www.abesata.org\/br\/cerimonia-de-apresentacao-do-programa-voo-simples-brasilia-df-07-out-2020\/#primaryimage"},"image":{"@id":"https:\/\/www.abesata.org\/br\/cerimonia-de-apresentacao-do-programa-voo-simples-brasilia-df-07-out-2020\/#primaryimage"},"thumbnailUrl":"http:\/\/www.abesata.org\/br\/wp-content\/uploads\/2020\/10\/3.jpg","datePublished":"2020-10-19T14:29:02+00:00","dateModified":"2020-10-19T14:29:21+00:00","breadcrumb":{"@id":"https:\/\/www.abesata.org\/br\/cerimonia-de-apresentacao-do-programa-voo-simples-brasilia-df-07-out-2020\/#breadcrumb"},"inLanguage":"pt-BR","potentialAction":[{"@type":"ReadAction","target":["https:\/\/www.abesata.org\/br\/cerimonia-de-apresentacao-do-programa-voo-simples-brasilia-df-07-out-2020\/"]}]},{"@type":"ImageObject","inLanguage":"pt-BR","@id":"https:\/\/www.abesata.org\/br\/cerimonia-de-apresentacao-do-programa-voo-simples-brasilia-df-07-out-2020\/#primaryimage","url":"http:\/\/www.abesata.org\/br\/wp-content\/uploads\/2020\/10\/3.jpg","contentUrl":"http:\/\/www.abesata.org\/br\/wp-content\/uploads\/2020\/10\/3.jpg"},{"@type":"BreadcrumbList","@id":"https:\/\/www.abesata.org\/br\/cerimonia-de-apresentacao-do-programa-voo-simples-brasilia-df-07-out-2020\/#breadcrumb","itemListElement":[{"@type":"ListItem","position":1,"name":"In\u00edcio","item":"https:\/\/www.abesata.org\/br\/"},{"@type":"ListItem","position":2,"name":"Cerim\u00f4nia de apresenta\u00e7\u00e3o do Programa Voo Simples &#8211; Bras\u00edlia DF &#8211; 07 out.2020"}]},{"@type":"WebSite","@id":"https:\/\/www.abesata.org\/br\/#website","url":"https:\/\/www.abesata.org\/br\/","name":"Abesata","description":"Associa\u00e7\u00e3o Brasileira das Empresas de Servi\u00e7os Auxiliares de Transporte A\u00e9reo","publisher":{"@id":"https:\/\/www.abesata.org\/br\/#organization"},"potentialAction":[{"@type":"SearchAction","target":{"@type":"EntryPoint","urlTemplate":"https:\/\/www.abesata.org\/br\/?s={search_term_string}"},"query-input":{"@type":"PropertyValueSpecification","valueRequired":true,"valueName":"search_term_string"}}],"inLanguage":"pt-BR"},{"@type":"Organization","@id":"https:\/\/www.abesata.org\/br\/#organization","name":"Associa\u00e7\u00e3o Brasileira das Empresas de Servi\u00e7os Auxiliares de Transporte A\u00e9reo","alternateName":"Abesata","url":"https:\/\/www.abesata.org\/br\/","logo":{"@type":"ImageObject","inLanguage":"pt-BR","@id":"https:\/\/www.abesata.org\/br\/#\/schema\/logo\/image\/","url":"https:\/\/www.abesata.org\/br\/wp-content\/uploads\/2023\/10\/Abesata.png","contentUrl":"https:\/\/www.abesata.org\/br\/wp-content\/uploads\/2023\/10\/Abesata.png","width":1063,"height":591,"caption":"Associa\u00e7\u00e3o Brasileira das Empresas de Servi\u00e7os Auxiliares de Transporte A\u00e9reo"},"image":{"@id":"https:\/\/www.abesata.org\/br\/#\/schema\/logo\/image\/"},"sameAs":["https:\/\/www.facebook.com\/abesata.org\/","https:\/\/www.instagram.com\/abesata_gh\/","https:\/\/br.linkedin.com\/company\/abesata"]}]}},"_links":{"self":[{"href":"https:\/\/www.abesata.org\/br\/wp-json\/wp\/v2\/pages\/12918","targetHints":{"allow":["GET"]}}],"collection":[{"href":"https:\/\/www.abesata.org\/br\/wp-json\/wp\/v2\/pages"}],"about":[{"href":"https:\/\/www.abesata.org\/br\/wp-json\/wp\/v2\/types\/page"}],"author":[{"embeddable":true,"href":"https:\/\/www.abesata.org\/br\/wp-json\/wp\/v2\/users\/135"}],"replies":[{"embeddable":true,"href":"https:\/\/www.abesata.org\/br\/wp-json\/wp\/v2\/comments?post=12918"}],"version-history":[{"count":0,"href":"https:\/\/www.abesata.org\/br\/wp-json\/wp\/v2\/pages\/12918\/revisions"}],"wp:attachment":[{"href":"https:\/\/www.abesata.org\/br\/wp-json\/wp\/v2\/media?parent=12918"}],"curies":[{"name":"wp","href":"https:\/\/api.w.org\/{rel}","templated":true}]}}