{"id":12980,"date":"2020-10-29T10:28:15","date_gmt":"2020-10-29T10:28:15","guid":{"rendered":"http:\/\/www.abesata.org\/br\/?page_id=12980"},"modified":"2020-10-29T10:30:30","modified_gmt":"2020-10-29T10:30:30","slug":"airport-services-association","status":"publish","type":"page","link":"https:\/\/www.abesata.org\/br\/airport-services-association\/","title":{"rendered":"Membro da ASA desde 2016"},"content":{"rendered":"\n<p><img fetchpriority=\"high\" decoding=\"async\" width=\"1000\" height=\"159\" class=\"wp-image-12981\" style=\"width: 1000px;\" src=\"https:\/\/www.abesata.org\/br\/wp-content\/uploads\/2020\/10\/UNADJUSTEDNONRAW_thumb_797.jpg\" alt=\"\" srcset=\"https:\/\/www.abesata.org\/br\/wp-content\/uploads\/2020\/10\/UNADJUSTEDNONRAW_thumb_797.jpg 591w, https:\/\/www.abesata.org\/br\/wp-content\/uploads\/2020\/10\/UNADJUSTEDNONRAW_thumb_797-300x48.jpg 300w, https:\/\/www.abesata.org\/br\/wp-content\/uploads\/2020\/10\/UNADJUSTEDNONRAW_thumb_797-250x40.jpg 250w, https:\/\/www.abesata.org\/br\/wp-content\/uploads\/2020\/10\/UNADJUSTEDNONRAW_thumb_797-150x24.jpg 150w\" sizes=\"(max-width: 1000px) 100vw, 1000px\" \/><\/p>\n\n\n\n<p>Acesse: <a href=\"https:\/\/www.asaworld.aero\/\">asaworld.aero<\/a><\/p>\n","protected":false},"excerpt":{"rendered":"<p>Acesse: asaworld.aero<\/p>\n","protected":false},"author":135,"featured_media":0,"parent":0,"menu_order":0,"comment_status":"closed","ping_status":"closed","template":"","meta":{"footnotes":""},"class_list":["post-12980","page","type-page","status-publish","hentry"],"yoast_head":"<!-- This site is optimized with the Yoast SEO plugin v26.5 - https:\/\/yoast.com\/wordpress\/plugins\/seo\/ -->\n<title>Membro da ASA desde 2016 - Abesata<\/title>\n<meta name=\"robots\" content=\"index, follow, max-snippet:-1, max-image-preview:large, max-video-preview:-1\" \/>\n<link rel=\"canonical\" href=\"https:\/\/www.abesata.org\/br\/airport-services-association\/\" \/>\n<meta property=\"og:locale\" content=\"pt_BR\" \/>\n<meta property=\"og:type\" content=\"article\" \/>\n<meta property=\"og:title\" content=\"Membro da ASA desde 2016 - Abesata\" \/>\n<meta property=\"og:description\" content=\"Acesse: asaworld.aero\" \/>\n<meta property=\"og:url\" content=\"https:\/\/www.abesata.org\/br\/airport-services-association\/\" \/>\n<meta property=\"og:site_name\" content=\"Abesata\" \/>\n<meta property=\"article:publisher\" content=\"https:\/\/www.facebook.com\/abesata.org\/\" \/>\n<meta property=\"article:modified_time\" content=\"2020-10-29T10:30:30+00:00\" \/>\n<meta property=\"og:image\" content=\"http:\/\/www.abesata.org\/br\/wp-content\/uploads\/2020\/10\/UNADJUSTEDNONRAW_thumb_797.jpg\" \/>\n<meta name=\"twitter:card\" content=\"summary_large_image\" \/>\n<script type=\"application\/ld+json\" class=\"yoast-schema-graph\">{\"@context\":\"https:\/\/schema.org\",\"@graph\":[{\"@type\":\"WebPage\",\"@id\":\"https:\/\/www.abesata.org\/br\/airport-services-association\/\",\"url\":\"https:\/\/www.abesata.org\/br\/airport-services-association\/\",\"name\":\"Membro da ASA desde 2016 - Abesata\",\"isPartOf\":{\"@id\":\"https:\/\/www.abesata.org\/br\/#website\"},\"primaryImageOfPage\":{\"@id\":\"https:\/\/www.abesata.org\/br\/airport-services-association\/#primaryimage\"},\"image\":{\"@id\":\"https:\/\/www.abesata.org\/br\/airport-services-association\/#primaryimage\"},\"thumbnailUrl\":\"http:\/\/www.abesata.org\/br\/wp-content\/uploads\/2020\/10\/UNADJUSTEDNONRAW_thumb_797.jpg\",\"datePublished\":\"2020-10-29T10:28:15+00:00\",\"dateModified\":\"2020-10-29T10:30:30+00:00\",\"breadcrumb\":{\"@id\":\"https:\/\/www.abesata.org\/br\/airport-services-association\/#breadcrumb\"},\"inLanguage\":\"pt-BR\",\"potentialAction\":[{\"@type\":\"ReadAction\",\"target\":[\"https:\/\/www.abesata.org\/br\/airport-services-association\/\"]}]},{\"@type\":\"ImageObject\",\"inLanguage\":\"pt-BR\",\"@id\":\"https:\/\/www.abesata.org\/br\/airport-services-association\/#primaryimage\",\"url\":\"http:\/\/www.abesata.org\/br\/wp-content\/uploads\/2020\/10\/UNADJUSTEDNONRAW_thumb_797.jpg\",\"contentUrl\":\"http:\/\/www.abesata.org\/br\/wp-content\/uploads\/2020\/10\/UNADJUSTEDNONRAW_thumb_797.jpg\"},{\"@type\":\"BreadcrumbList\",\"@id\":\"https:\/\/www.abesata.org\/br\/airport-services-association\/#breadcrumb\",\"itemListElement\":[{\"@type\":\"ListItem\",\"position\":1,\"name\":\"In\u00edcio\",\"item\":\"https:\/\/www.abesata.org\/br\/\"},{\"@type\":\"ListItem\",\"position\":2,\"name\":\"Membro da ASA desde 2016\"}]},{\"@type\":\"WebSite\",\"@id\":\"https:\/\/www.abesata.org\/br\/#website\",\"url\":\"https:\/\/www.abesata.org\/br\/\",\"name\":\"Abesata\",\"description\":\"Associa\u00e7\u00e3o Brasileira das Empresas de Servi\u00e7os Auxiliares de Transporte A\u00e9reo\",\"publisher\":{\"@id\":\"https:\/\/www.abesata.org\/br\/#organization\"},\"potentialAction\":[{\"@type\":\"SearchAction\",\"target\":{\"@type\":\"EntryPoint\",\"urlTemplate\":\"https:\/\/www.abesata.org\/br\/?s={search_term_string}\"},\"query-input\":{\"@type\":\"PropertyValueSpecification\",\"valueRequired\":true,\"valueName\":\"search_term_string\"}}],\"inLanguage\":\"pt-BR\"},{\"@type\":\"Organization\",\"@id\":\"https:\/\/www.abesata.org\/br\/#organization\",\"name\":\"Associa\u00e7\u00e3o Brasileira das Empresas de Servi\u00e7os Auxiliares de Transporte A\u00e9reo\",\"alternateName\":\"Abesata\",\"url\":\"https:\/\/www.abesata.org\/br\/\",\"logo\":{\"@type\":\"ImageObject\",\"inLanguage\":\"pt-BR\",\"@id\":\"https:\/\/www.abesata.org\/br\/#\/schema\/logo\/image\/\",\"url\":\"https:\/\/www.abesata.org\/br\/wp-content\/uploads\/2023\/10\/Abesata.png\",\"contentUrl\":\"https:\/\/www.abesata.org\/br\/wp-content\/uploads\/2023\/10\/Abesata.png\",\"width\":1063,\"height\":591,\"caption\":\"Associa\u00e7\u00e3o Brasileira das Empresas de Servi\u00e7os Auxiliares de Transporte A\u00e9reo\"},\"image\":{\"@id\":\"https:\/\/www.abesata.org\/br\/#\/schema\/logo\/image\/\"},\"sameAs\":[\"https:\/\/www.facebook.com\/abesata.org\/\",\"https:\/\/www.instagram.com\/abesata_gh\/\",\"https:\/\/br.linkedin.com\/company\/abesata\"]}]}<\/script>\n<!-- \/ Yoast SEO plugin. -->","yoast_head_json":{"title":"Membro da ASA desde 2016 - Abesata","robots":{"index":"index","follow":"follow","max-snippet":"max-snippet:-1","max-image-preview":"max-image-preview:large","max-video-preview":"max-video-preview:-1"},"canonical":"https:\/\/www.abesata.org\/br\/airport-services-association\/","og_locale":"pt_BR","og_type":"article","og_title":"Membro da ASA desde 2016 - Abesata","og_description":"Acesse: asaworld.aero","og_url":"https:\/\/www.abesata.org\/br\/airport-services-association\/","og_site_name":"Abesata","article_publisher":"https:\/\/www.facebook.com\/abesata.org\/","article_modified_time":"2020-10-29T10:30:30+00:00","og_image":[{"url":"http:\/\/www.abesata.org\/br\/wp-content\/uploads\/2020\/10\/UNADJUSTEDNONRAW_thumb_797.jpg","type":"","width":"","height":""}],"twitter_card":"summary_large_image","schema":{"@context":"https:\/\/schema.org","@graph":[{"@type":"WebPage","@id":"https:\/\/www.abesata.org\/br\/airport-services-association\/","url":"https:\/\/www.abesata.org\/br\/airport-services-association\/","name":"Membro da ASA desde 2016 - Abesata","isPartOf":{"@id":"https:\/\/www.abesata.org\/br\/#website"},"primaryImageOfPage":{"@id":"https:\/\/www.abesata.org\/br\/airport-services-association\/#primaryimage"},"image":{"@id":"https:\/\/www.abesata.org\/br\/airport-services-association\/#primaryimage"},"thumbnailUrl":"http:\/\/www.abesata.org\/br\/wp-content\/uploads\/2020\/10\/UNADJUSTEDNONRAW_thumb_797.jpg","datePublished":"2020-10-29T10:28:15+00:00","dateModified":"2020-10-29T10:30:30+00:00","breadcrumb":{"@id":"https:\/\/www.abesata.org\/br\/airport-services-association\/#breadcrumb"},"inLanguage":"pt-BR","potentialAction":[{"@type":"ReadAction","target":["https:\/\/www.abesata.org\/br\/airport-services-association\/"]}]},{"@type":"ImageObject","inLanguage":"pt-BR","@id":"https:\/\/www.abesata.org\/br\/airport-services-association\/#primaryimage","url":"http:\/\/www.abesata.org\/br\/wp-content\/uploads\/2020\/10\/UNADJUSTEDNONRAW_thumb_797.jpg","contentUrl":"http:\/\/www.abesata.org\/br\/wp-content\/uploads\/2020\/10\/UNADJUSTEDNONRAW_thumb_797.jpg"},{"@type":"BreadcrumbList","@id":"https:\/\/www.abesata.org\/br\/airport-services-association\/#breadcrumb","itemListElement":[{"@type":"ListItem","position":1,"name":"In\u00edcio","item":"https:\/\/www.abesata.org\/br\/"},{"@type":"ListItem","position":2,"name":"Membro da ASA desde 2016"}]},{"@type":"WebSite","@id":"https:\/\/www.abesata.org\/br\/#website","url":"https:\/\/www.abesata.org\/br\/","name":"Abesata","description":"Associa\u00e7\u00e3o Brasileira das Empresas de Servi\u00e7os Auxiliares de Transporte A\u00e9reo","publisher":{"@id":"https:\/\/www.abesata.org\/br\/#organization"},"potentialAction":[{"@type":"SearchAction","target":{"@type":"EntryPoint","urlTemplate":"https:\/\/www.abesata.org\/br\/?s={search_term_string}"},"query-input":{"@type":"PropertyValueSpecification","valueRequired":true,"valueName":"search_term_string"}}],"inLanguage":"pt-BR"},{"@type":"Organization","@id":"https:\/\/www.abesata.org\/br\/#organization","name":"Associa\u00e7\u00e3o Brasileira das Empresas de Servi\u00e7os Auxiliares de Transporte A\u00e9reo","alternateName":"Abesata","url":"https:\/\/www.abesata.org\/br\/","logo":{"@type":"ImageObject","inLanguage":"pt-BR","@id":"https:\/\/www.abesata.org\/br\/#\/schema\/logo\/image\/","url":"https:\/\/www.abesata.org\/br\/wp-content\/uploads\/2023\/10\/Abesata.png","contentUrl":"https:\/\/www.abesata.org\/br\/wp-content\/uploads\/2023\/10\/Abesata.png","width":1063,"height":591,"caption":"Associa\u00e7\u00e3o Brasileira das Empresas de Servi\u00e7os Auxiliares de Transporte A\u00e9reo"},"image":{"@id":"https:\/\/www.abesata.org\/br\/#\/schema\/logo\/image\/"},"sameAs":["https:\/\/www.facebook.com\/abesata.org\/","https:\/\/www.instagram.com\/abesata_gh\/","https:\/\/br.linkedin.com\/company\/abesata"]}]}},"_links":{"self":[{"href":"https:\/\/www.abesata.org\/br\/wp-json\/wp\/v2\/pages\/12980","targetHints":{"allow":["GET"]}}],"collection":[{"href":"https:\/\/www.abesata.org\/br\/wp-json\/wp\/v2\/pages"}],"about":[{"href":"https:\/\/www.abesata.org\/br\/wp-json\/wp\/v2\/types\/page"}],"author":[{"embeddable":true,"href":"https:\/\/www.abesata.org\/br\/wp-json\/wp\/v2\/users\/135"}],"replies":[{"embeddable":true,"href":"https:\/\/www.abesata.org\/br\/wp-json\/wp\/v2\/comments?post=12980"}],"version-history":[{"count":0,"href":"https:\/\/www.abesata.org\/br\/wp-json\/wp\/v2\/pages\/12980\/revisions"}],"wp:attachment":[{"href":"https:\/\/www.abesata.org\/br\/wp-json\/wp\/v2\/media?parent=12980"}],"curies":[{"name":"wp","href":"https:\/\/api.w.org\/{rel}","templated":true}]}}