{"id":14627,"date":"2021-10-27T16:50:07","date_gmt":"2021-10-27T16:50:07","guid":{"rendered":"http:\/\/www.abesata.org\/br\/?page_id=14627"},"modified":"2021-10-27T16:50:09","modified_gmt":"2021-10-27T16:50:09","slug":"alta-airline-leaders-forum-bogota-24-a-26-out-2021","status":"publish","type":"page","link":"https:\/\/www.abesata.org\/br\/alta-airline-leaders-forum-bogota-24-a-26-out-2021\/","title":{"rendered":"ALTA Airline Leaders Forum &#8211; Bogot\u00e1 &#8211; 24 a 26 out.2021"},"content":{"rendered":"\n<figure class=\"wp-block-image size-large\"><img fetchpriority=\"high\" decoding=\"async\" width=\"1024\" height=\"768\" src=\"https:\/\/www.abesata.org\/br\/wp-content\/uploads\/2021\/10\/IMG_4334-1024x768.jpg\" alt=\"\" class=\"wp-image-14629\" srcset=\"https:\/\/www.abesata.org\/br\/wp-content\/uploads\/2021\/10\/IMG_4334-1024x768.jpg 1024w, https:\/\/www.abesata.org\/br\/wp-content\/uploads\/2021\/10\/IMG_4334-300x225.jpg 300w, https:\/\/www.abesata.org\/br\/wp-content\/uploads\/2021\/10\/IMG_4334-768x576.jpg 768w, https:\/\/www.abesata.org\/br\/wp-content\/uploads\/2021\/10\/IMG_4334-1536x1152.jpg 1536w, https:\/\/www.abesata.org\/br\/wp-content\/uploads\/2021\/10\/IMG_4334-2048x1536.jpg 2048w, https:\/\/www.abesata.org\/br\/wp-content\/uploads\/2021\/10\/IMG_4334-200x150.jpg 200w, https:\/\/www.abesata.org\/br\/wp-content\/uploads\/2021\/10\/IMG_4334-150x113.jpg 150w\" sizes=\"(max-width: 1024px) 100vw, 1024px\" \/><\/figure>\n\n\n\n<figure class=\"wp-block-image size-large\"><img decoding=\"async\" width=\"1024\" height=\"768\" src=\"https:\/\/www.abesata.org\/br\/wp-content\/uploads\/2021\/10\/IMG_4330-1-1024x768.jpg\" alt=\"\" class=\"wp-image-14630\" srcset=\"https:\/\/www.abesata.org\/br\/wp-content\/uploads\/2021\/10\/IMG_4330-1-1024x768.jpg 1024w, https:\/\/www.abesata.org\/br\/wp-content\/uploads\/2021\/10\/IMG_4330-1-300x225.jpg 300w, https:\/\/www.abesata.org\/br\/wp-content\/uploads\/2021\/10\/IMG_4330-1-768x576.jpg 768w, https:\/\/www.abesata.org\/br\/wp-content\/uploads\/2021\/10\/IMG_4330-1-1536x1152.jpg 1536w, https:\/\/www.abesata.org\/br\/wp-content\/uploads\/2021\/10\/IMG_4330-1-2048x1536.jpg 2048w, https:\/\/www.abesata.org\/br\/wp-content\/uploads\/2021\/10\/IMG_4330-1-200x150.jpg 200w, https:\/\/www.abesata.org\/br\/wp-content\/uploads\/2021\/10\/IMG_4330-1-150x113.jpg 150w\" sizes=\"(max-width: 1024px) 100vw, 1024px\" \/><\/figure>\n\n\n\n<figure class=\"wp-block-image size-large\"><img decoding=\"async\" width=\"1024\" height=\"624\" src=\"https:\/\/www.abesata.org\/br\/wp-content\/uploads\/2021\/10\/IMG_4329-1024x624.jpg\" alt=\"\" class=\"wp-image-14631\" srcset=\"https:\/\/www.abesata.org\/br\/wp-content\/uploads\/2021\/10\/IMG_4329-1024x624.jpg 1024w, https:\/\/www.abesata.org\/br\/wp-content\/uploads\/2021\/10\/IMG_4329-300x183.jpg 300w, https:\/\/www.abesata.org\/br\/wp-content\/uploads\/2021\/10\/IMG_4329-768x468.jpg 768w, https:\/\/www.abesata.org\/br\/wp-content\/uploads\/2021\/10\/IMG_4329-1536x936.jpg 1536w, https:\/\/www.abesata.org\/br\/wp-content\/uploads\/2021\/10\/IMG_4329-2048x1247.jpg 2048w, https:\/\/www.abesata.org\/br\/wp-content\/uploads\/2021\/10\/IMG_4329-246x150.jpg 246w, https:\/\/www.abesata.org\/br\/wp-content\/uploads\/2021\/10\/IMG_4329-150x91.jpg 150w\" sizes=\"(max-width: 1024px) 100vw, 1024px\" \/><\/figure>\n\n\n\n<figure class=\"wp-block-image size-large\"><img loading=\"lazy\" decoding=\"async\" width=\"1024\" height=\"768\" src=\"https:\/\/www.abesata.org\/br\/wp-content\/uploads\/2021\/10\/IMG_4316-1024x768.jpg\" alt=\"\" class=\"wp-image-14632\" srcset=\"https:\/\/www.abesata.org\/br\/wp-content\/uploads\/2021\/10\/IMG_4316-1024x768.jpg 1024w, https:\/\/www.abesata.org\/br\/wp-content\/uploads\/2021\/10\/IMG_4316-300x225.jpg 300w, https:\/\/www.abesata.org\/br\/wp-content\/uploads\/2021\/10\/IMG_4316-768x576.jpg 768w, https:\/\/www.abesata.org\/br\/wp-content\/uploads\/2021\/10\/IMG_4316-1536x1152.jpg 1536w, https:\/\/www.abesata.org\/br\/wp-content\/uploads\/2021\/10\/IMG_4316-2048x1536.jpg 2048w, https:\/\/www.abesata.org\/br\/wp-content\/uploads\/2021\/10\/IMG_4316-200x150.jpg 200w, https:\/\/www.abesata.org\/br\/wp-content\/uploads\/2021\/10\/IMG_4316-150x113.jpg 150w\" sizes=\"(max-width: 1024px) 100vw, 1024px\" \/><\/figure>\n\n\n\n<figure class=\"wp-block-image size-large\"><img loading=\"lazy\" decoding=\"async\" width=\"1024\" height=\"768\" src=\"https:\/\/www.abesata.org\/br\/wp-content\/uploads\/2021\/10\/IMG_4313-1024x768.jpg\" alt=\"\" class=\"wp-image-14634\" srcset=\"https:\/\/www.abesata.org\/br\/wp-content\/uploads\/2021\/10\/IMG_4313-1024x768.jpg 1024w, https:\/\/www.abesata.org\/br\/wp-content\/uploads\/2021\/10\/IMG_4313-300x225.jpg 300w, https:\/\/www.abesata.org\/br\/wp-content\/uploads\/2021\/10\/IMG_4313-768x576.jpg 768w, https:\/\/www.abesata.org\/br\/wp-content\/uploads\/2021\/10\/IMG_4313-1536x1152.jpg 1536w, https:\/\/www.abesata.org\/br\/wp-content\/uploads\/2021\/10\/IMG_4313-2048x1536.jpg 2048w, https:\/\/www.abesata.org\/br\/wp-content\/uploads\/2021\/10\/IMG_4313-200x150.jpg 200w, https:\/\/www.abesata.org\/br\/wp-content\/uploads\/2021\/10\/IMG_4313-150x113.jpg 150w\" sizes=\"(max-width: 1024px) 100vw, 1024px\" \/><\/figure>\n\n\n\n<figure class=\"wp-block-image size-large\"><img loading=\"lazy\" decoding=\"async\" width=\"647\" height=\"1024\" src=\"https:\/\/www.abesata.org\/br\/wp-content\/uploads\/2021\/10\/IMG_4358-647x1024.jpg\" alt=\"\" class=\"wp-image-14635\" srcset=\"https:\/\/www.abesata.org\/br\/wp-content\/uploads\/2021\/10\/IMG_4358-647x1024.jpg 647w, https:\/\/www.abesata.org\/br\/wp-content\/uploads\/2021\/10\/IMG_4358-190x300.jpg 190w, https:\/\/www.abesata.org\/br\/wp-content\/uploads\/2021\/10\/IMG_4358-768x1215.jpg 768w, https:\/\/www.abesata.org\/br\/wp-content\/uploads\/2021\/10\/IMG_4358-971x1536.jpg 971w, https:\/\/www.abesata.org\/br\/wp-content\/uploads\/2021\/10\/IMG_4358-95x150.jpg 95w, https:\/\/www.abesata.org\/br\/wp-content\/uploads\/2021\/10\/IMG_4358.jpg 1220w\" sizes=\"(max-width: 647px) 100vw, 647px\" \/><\/figure>\n\n\n\n<figure class=\"wp-block-image size-large\"><img loading=\"lazy\" decoding=\"async\" width=\"1024\" height=\"661\" src=\"https:\/\/www.abesata.org\/br\/wp-content\/uploads\/2021\/10\/IMG_4354-1024x661.jpg\" alt=\"\" class=\"wp-image-14636\" srcset=\"https:\/\/www.abesata.org\/br\/wp-content\/uploads\/2021\/10\/IMG_4354-1024x661.jpg 1024w, https:\/\/www.abesata.org\/br\/wp-content\/uploads\/2021\/10\/IMG_4354-300x194.jpg 300w, https:\/\/www.abesata.org\/br\/wp-content\/uploads\/2021\/10\/IMG_4354-768x496.jpg 768w, https:\/\/www.abesata.org\/br\/wp-content\/uploads\/2021\/10\/IMG_4354-1536x992.jpg 1536w, https:\/\/www.abesata.org\/br\/wp-content\/uploads\/2021\/10\/IMG_4354-2048x1323.jpg 2048w, https:\/\/www.abesata.org\/br\/wp-content\/uploads\/2021\/10\/IMG_4354-232x150.jpg 232w, https:\/\/www.abesata.org\/br\/wp-content\/uploads\/2021\/10\/IMG_4354-150x97.jpg 150w\" sizes=\"(max-width: 1024px) 100vw, 1024px\" \/><\/figure>\n\n\n\n<figure class=\"wp-block-image size-large\"><img loading=\"lazy\" decoding=\"async\" width=\"811\" height=\"1024\" src=\"https:\/\/www.abesata.org\/br\/wp-content\/uploads\/2021\/10\/IMG_4344-811x1024.jpg\" alt=\"\" class=\"wp-image-14637\" srcset=\"https:\/\/www.abesata.org\/br\/wp-content\/uploads\/2021\/10\/IMG_4344-811x1024.jpg 811w, https:\/\/www.abesata.org\/br\/wp-content\/uploads\/2021\/10\/IMG_4344-238x300.jpg 238w, https:\/\/www.abesata.org\/br\/wp-content\/uploads\/2021\/10\/IMG_4344-768x969.jpg 768w, https:\/\/www.abesata.org\/br\/wp-content\/uploads\/2021\/10\/IMG_4344-1217x1536.jpg 1217w, https:\/\/www.abesata.org\/br\/wp-content\/uploads\/2021\/10\/IMG_4344-1623x2048.jpg 1623w, https:\/\/www.abesata.org\/br\/wp-content\/uploads\/2021\/10\/IMG_4344-119x150.jpg 119w, https:\/\/www.abesata.org\/br\/wp-content\/uploads\/2021\/10\/IMG_4344-scaled.jpg 2028w\" sizes=\"(max-width: 811px) 100vw, 811px\" \/><\/figure>\n\n\n\n<figure class=\"wp-block-image size-large\"><img loading=\"lazy\" decoding=\"async\" width=\"1024\" height=\"768\" src=\"https:\/\/www.abesata.org\/br\/wp-content\/uploads\/2021\/10\/IMG_4342-1024x768.jpg\" alt=\"\" class=\"wp-image-14638\" srcset=\"https:\/\/www.abesata.org\/br\/wp-content\/uploads\/2021\/10\/IMG_4342-1024x768.jpg 1024w, https:\/\/www.abesata.org\/br\/wp-content\/uploads\/2021\/10\/IMG_4342-300x225.jpg 300w, https:\/\/www.abesata.org\/br\/wp-content\/uploads\/2021\/10\/IMG_4342-768x576.jpg 768w, https:\/\/www.abesata.org\/br\/wp-content\/uploads\/2021\/10\/IMG_4342-1536x1152.jpg 1536w, https:\/\/www.abesata.org\/br\/wp-content\/uploads\/2021\/10\/IMG_4342-2048x1536.jpg 2048w, https:\/\/www.abesata.org\/br\/wp-content\/uploads\/2021\/10\/IMG_4342-200x150.jpg 200w, https:\/\/www.abesata.org\/br\/wp-content\/uploads\/2021\/10\/IMG_4342-150x113.jpg 150w\" sizes=\"(max-width: 1024px) 100vw, 1024px\" \/><\/figure>\n\n\n\n<figure class=\"wp-block-image size-large\"><img loading=\"lazy\" decoding=\"async\" width=\"1024\" height=\"768\" src=\"https:\/\/www.abesata.org\/br\/wp-content\/uploads\/2021\/10\/IMG_4336-1024x768.jpg\" alt=\"\" class=\"wp-image-14639\" srcset=\"https:\/\/www.abesata.org\/br\/wp-content\/uploads\/2021\/10\/IMG_4336-1024x768.jpg 1024w, https:\/\/www.abesata.org\/br\/wp-content\/uploads\/2021\/10\/IMG_4336-300x225.jpg 300w, https:\/\/www.abesata.org\/br\/wp-content\/uploads\/2021\/10\/IMG_4336-768x576.jpg 768w, https:\/\/www.abesata.org\/br\/wp-content\/uploads\/2021\/10\/IMG_4336-1536x1152.jpg 1536w, https:\/\/www.abesata.org\/br\/wp-content\/uploads\/2021\/10\/IMG_4336-2048x1536.jpg 2048w, https:\/\/www.abesata.org\/br\/wp-content\/uploads\/2021\/10\/IMG_4336-200x150.jpg 200w, https:\/\/www.abesata.org\/br\/wp-content\/uploads\/2021\/10\/IMG_4336-150x113.jpg 150w\" sizes=\"(max-width: 1024px) 100vw, 1024px\" \/><\/figure>\n\n\n\n<figure class=\"wp-block-image size-large\"><img loading=\"lazy\" decoding=\"async\" width=\"1024\" height=\"881\" src=\"https:\/\/www.abesata.org\/br\/wp-content\/uploads\/2021\/10\/IMG_4395-1024x881.jpg\" alt=\"\" class=\"wp-image-14640\" srcset=\"https:\/\/www.abesata.org\/br\/wp-content\/uploads\/2021\/10\/IMG_4395-1024x881.jpg 1024w, https:\/\/www.abesata.org\/br\/wp-content\/uploads\/2021\/10\/IMG_4395-300x258.jpg 300w, https:\/\/www.abesata.org\/br\/wp-content\/uploads\/2021\/10\/IMG_4395-768x661.jpg 768w, https:\/\/www.abesata.org\/br\/wp-content\/uploads\/2021\/10\/IMG_4395-1536x1321.jpg 1536w, https:\/\/www.abesata.org\/br\/wp-content\/uploads\/2021\/10\/IMG_4395-2048x1762.jpg 2048w, https:\/\/www.abesata.org\/br\/wp-content\/uploads\/2021\/10\/IMG_4395-174x150.jpg 174w, https:\/\/www.abesata.org\/br\/wp-content\/uploads\/2021\/10\/IMG_4395-150x129.jpg 150w\" sizes=\"(max-width: 1024px) 100vw, 1024px\" \/><\/figure>\n\n\n\n<figure class=\"wp-block-image size-large\"><img loading=\"lazy\" decoding=\"async\" width=\"1024\" height=\"768\" src=\"https:\/\/www.abesata.org\/br\/wp-content\/uploads\/2021\/10\/IMG_4402-1024x768.jpg\" alt=\"\" class=\"wp-image-14641\" srcset=\"https:\/\/www.abesata.org\/br\/wp-content\/uploads\/2021\/10\/IMG_4402-1024x768.jpg 1024w, https:\/\/www.abesata.org\/br\/wp-content\/uploads\/2021\/10\/IMG_4402-300x225.jpg 300w, https:\/\/www.abesata.org\/br\/wp-content\/uploads\/2021\/10\/IMG_4402-768x576.jpg 768w, https:\/\/www.abesata.org\/br\/wp-content\/uploads\/2021\/10\/IMG_4402-1536x1152.jpg 1536w, https:\/\/www.abesata.org\/br\/wp-content\/uploads\/2021\/10\/IMG_4402-2048x1536.jpg 2048w, https:\/\/www.abesata.org\/br\/wp-content\/uploads\/2021\/10\/IMG_4402-200x150.jpg 200w, https:\/\/www.abesata.org\/br\/wp-content\/uploads\/2021\/10\/IMG_4402-150x113.jpg 150w\" sizes=\"(max-width: 1024px) 100vw, 1024px\" \/><\/figure>\n\n\n\n<figure class=\"wp-block-image size-large\"><img loading=\"lazy\" decoding=\"async\" width=\"1024\" height=\"768\" src=\"https:\/\/www.abesata.org\/br\/wp-content\/uploads\/2021\/10\/IMG_4381-1024x768.jpg\" alt=\"\" class=\"wp-image-14642\" srcset=\"https:\/\/www.abesata.org\/br\/wp-content\/uploads\/2021\/10\/IMG_4381-1024x768.jpg 1024w, https:\/\/www.abesata.org\/br\/wp-content\/uploads\/2021\/10\/IMG_4381-300x225.jpg 300w, https:\/\/www.abesata.org\/br\/wp-content\/uploads\/2021\/10\/IMG_4381-768x576.jpg 768w, https:\/\/www.abesata.org\/br\/wp-content\/uploads\/2021\/10\/IMG_4381-1536x1152.jpg 1536w, https:\/\/www.abesata.org\/br\/wp-content\/uploads\/2021\/10\/IMG_4381-2048x1536.jpg 2048w, https:\/\/www.abesata.org\/br\/wp-content\/uploads\/2021\/10\/IMG_4381-200x150.jpg 200w, https:\/\/www.abesata.org\/br\/wp-content\/uploads\/2021\/10\/IMG_4381-150x113.jpg 150w\" sizes=\"(max-width: 1024px) 100vw, 1024px\" \/><\/figure>\n\n\n\n<figure class=\"wp-block-image size-large\"><img loading=\"lazy\" decoding=\"async\" width=\"768\" height=\"1024\" src=\"https:\/\/www.abesata.org\/br\/wp-content\/uploads\/2021\/10\/IMG_4365-768x1024.jpg\" alt=\"\" class=\"wp-image-14643\" srcset=\"https:\/\/www.abesata.org\/br\/wp-content\/uploads\/2021\/10\/IMG_4365-768x1024.jpg 768w, https:\/\/www.abesata.org\/br\/wp-content\/uploads\/2021\/10\/IMG_4365-225x300.jpg 225w, https:\/\/www.abesata.org\/br\/wp-content\/uploads\/2021\/10\/IMG_4365-1152x1536.jpg 1152w, https:\/\/www.abesata.org\/br\/wp-content\/uploads\/2021\/10\/IMG_4365-1536x2048.jpg 1536w, https:\/\/www.abesata.org\/br\/wp-content\/uploads\/2021\/10\/IMG_4365-113x150.jpg 113w, https:\/\/www.abesata.org\/br\/wp-content\/uploads\/2021\/10\/IMG_4365-scaled.jpg 1920w\" sizes=\"(max-width: 768px) 100vw, 768px\" \/><\/figure>\n\n\n\n<figure class=\"wp-block-image size-large\"><img loading=\"lazy\" decoding=\"async\" width=\"1024\" height=\"673\" src=\"https:\/\/www.abesata.org\/br\/wp-content\/uploads\/2021\/10\/IMG_4377-1024x673.jpg\" alt=\"\" class=\"wp-image-14644\" srcset=\"https:\/\/www.abesata.org\/br\/wp-content\/uploads\/2021\/10\/IMG_4377-1024x673.jpg 1024w, https:\/\/www.abesata.org\/br\/wp-content\/uploads\/2021\/10\/IMG_4377-300x197.jpg 300w, https:\/\/www.abesata.org\/br\/wp-content\/uploads\/2021\/10\/IMG_4377-768x504.jpg 768w, https:\/\/www.abesata.org\/br\/wp-content\/uploads\/2021\/10\/IMG_4377-1536x1009.jpg 1536w, https:\/\/www.abesata.org\/br\/wp-content\/uploads\/2021\/10\/IMG_4377-2048x1345.jpg 2048w, https:\/\/www.abesata.org\/br\/wp-content\/uploads\/2021\/10\/IMG_4377-228x150.jpg 228w, https:\/\/www.abesata.org\/br\/wp-content\/uploads\/2021\/10\/IMG_4377-150x99.jpg 150w\" sizes=\"(max-width: 1024px) 100vw, 1024px\" \/><\/figure>\n\n\n\n<figure class=\"wp-block-image size-large\"><img loading=\"lazy\" decoding=\"async\" width=\"1024\" height=\"678\" src=\"https:\/\/www.abesata.org\/br\/wp-content\/uploads\/2021\/10\/IMG_4374-1024x678.jpg\" alt=\"\" class=\"wp-image-14645\" srcset=\"https:\/\/www.abesata.org\/br\/wp-content\/uploads\/2021\/10\/IMG_4374-1024x678.jpg 1024w, https:\/\/www.abesata.org\/br\/wp-content\/uploads\/2021\/10\/IMG_4374-300x199.jpg 300w, https:\/\/www.abesata.org\/br\/wp-content\/uploads\/2021\/10\/IMG_4374-768x509.jpg 768w, https:\/\/www.abesata.org\/br\/wp-content\/uploads\/2021\/10\/IMG_4374-1536x1017.jpg 1536w, https:\/\/www.abesata.org\/br\/wp-content\/uploads\/2021\/10\/IMG_4374-2048x1356.jpg 2048w, https:\/\/www.abesata.org\/br\/wp-content\/uploads\/2021\/10\/IMG_4374-226x150.jpg 226w, https:\/\/www.abesata.org\/br\/wp-content\/uploads\/2021\/10\/IMG_4374-150x99.jpg 150w\" sizes=\"(max-width: 1024px) 100vw, 1024px\" \/><\/figure>\n\n\n\n<figure class=\"wp-block-image size-large\"><img loading=\"lazy\" decoding=\"async\" width=\"720\" height=\"644\" src=\"https:\/\/www.abesata.org\/br\/wp-content\/uploads\/2021\/10\/9edef91b-8797-482d-9ba0-0d866dda968f-2.jpg\" alt=\"\" class=\"wp-image-14647\" srcset=\"https:\/\/www.abesata.org\/br\/wp-content\/uploads\/2021\/10\/9edef91b-8797-482d-9ba0-0d866dda968f-2.jpg 720w, https:\/\/www.abesata.org\/br\/wp-content\/uploads\/2021\/10\/9edef91b-8797-482d-9ba0-0d866dda968f-2-300x268.jpg 300w, https:\/\/www.abesata.org\/br\/wp-content\/uploads\/2021\/10\/9edef91b-8797-482d-9ba0-0d866dda968f-2-168x150.jpg 168w, https:\/\/www.abesata.org\/br\/wp-content\/uploads\/2021\/10\/9edef91b-8797-482d-9ba0-0d866dda968f-2-150x134.jpg 150w\" sizes=\"(max-width: 720px) 100vw, 720px\" \/><\/figure>\n","protected":false},"excerpt":{"rendered":"","protected":false},"author":135,"featured_media":0,"parent":0,"menu_order":0,"comment_status":"closed","ping_status":"closed","template":"","meta":{"footnotes":""},"class_list":["post-14627","page","type-page","status-publish","hentry"],"yoast_head":"<!-- This site is optimized with the Yoast SEO plugin v26.5 - https:\/\/yoast.com\/wordpress\/plugins\/seo\/ -->\n<title>ALTA Airline Leaders Forum - Bogot\u00e1 - 24 a 26 out.2021 - Abesata<\/title>\n<meta name=\"robots\" content=\"index, follow, max-snippet:-1, max-image-preview:large, max-video-preview:-1\" \/>\n<link rel=\"canonical\" href=\"https:\/\/www.abesata.org\/br\/alta-airline-leaders-forum-bogota-24-a-26-out-2021\/\" \/>\n<meta property=\"og:locale\" content=\"pt_BR\" \/>\n<meta property=\"og:type\" content=\"article\" \/>\n<meta property=\"og:title\" content=\"ALTA Airline Leaders Forum - Bogot\u00e1 - 24 a 26 out.2021 - Abesata\" \/>\n<meta property=\"og:url\" content=\"https:\/\/www.abesata.org\/br\/alta-airline-leaders-forum-bogota-24-a-26-out-2021\/\" \/>\n<meta property=\"og:site_name\" content=\"Abesata\" \/>\n<meta property=\"article:publisher\" content=\"https:\/\/www.facebook.com\/abesata.org\/\" \/>\n<meta property=\"article:modified_time\" content=\"2021-10-27T16:50:09+00:00\" \/>\n<meta property=\"og:image\" content=\"http:\/\/www.abesata.org\/br\/wp-content\/uploads\/2021\/10\/IMG_4334-1024x768.jpg\" \/>\n<meta name=\"twitter:card\" content=\"summary_large_image\" \/>\n<script type=\"application\/ld+json\" class=\"yoast-schema-graph\">{\"@context\":\"https:\/\/schema.org\",\"@graph\":[{\"@type\":\"WebPage\",\"@id\":\"https:\/\/www.abesata.org\/br\/alta-airline-leaders-forum-bogota-24-a-26-out-2021\/\",\"url\":\"https:\/\/www.abesata.org\/br\/alta-airline-leaders-forum-bogota-24-a-26-out-2021\/\",\"name\":\"ALTA Airline Leaders Forum - Bogot\u00e1 - 24 a 26 out.2021 - Abesata\",\"isPartOf\":{\"@id\":\"https:\/\/www.abesata.org\/br\/#website\"},\"primaryImageOfPage\":{\"@id\":\"https:\/\/www.abesata.org\/br\/alta-airline-leaders-forum-bogota-24-a-26-out-2021\/#primaryimage\"},\"image\":{\"@id\":\"https:\/\/www.abesata.org\/br\/alta-airline-leaders-forum-bogota-24-a-26-out-2021\/#primaryimage\"},\"thumbnailUrl\":\"http:\/\/www.abesata.org\/br\/wp-content\/uploads\/2021\/10\/IMG_4334-1024x768.jpg\",\"datePublished\":\"2021-10-27T16:50:07+00:00\",\"dateModified\":\"2021-10-27T16:50:09+00:00\",\"breadcrumb\":{\"@id\":\"https:\/\/www.abesata.org\/br\/alta-airline-leaders-forum-bogota-24-a-26-out-2021\/#breadcrumb\"},\"inLanguage\":\"pt-BR\",\"potentialAction\":[{\"@type\":\"ReadAction\",\"target\":[\"https:\/\/www.abesata.org\/br\/alta-airline-leaders-forum-bogota-24-a-26-out-2021\/\"]}]},{\"@type\":\"ImageObject\",\"inLanguage\":\"pt-BR\",\"@id\":\"https:\/\/www.abesata.org\/br\/alta-airline-leaders-forum-bogota-24-a-26-out-2021\/#primaryimage\",\"url\":\"http:\/\/www.abesata.org\/br\/wp-content\/uploads\/2021\/10\/IMG_4334-1024x768.jpg\",\"contentUrl\":\"http:\/\/www.abesata.org\/br\/wp-content\/uploads\/2021\/10\/IMG_4334-1024x768.jpg\"},{\"@type\":\"BreadcrumbList\",\"@id\":\"https:\/\/www.abesata.org\/br\/alta-airline-leaders-forum-bogota-24-a-26-out-2021\/#breadcrumb\",\"itemListElement\":[{\"@type\":\"ListItem\",\"position\":1,\"name\":\"In\u00edcio\",\"item\":\"https:\/\/www.abesata.org\/br\/\"},{\"@type\":\"ListItem\",\"position\":2,\"name\":\"ALTA Airline Leaders Forum &#8211; Bogot\u00e1 &#8211; 24 a 26 out.2021\"}]},{\"@type\":\"WebSite\",\"@id\":\"https:\/\/www.abesata.org\/br\/#website\",\"url\":\"https:\/\/www.abesata.org\/br\/\",\"name\":\"Abesata\",\"description\":\"Associa\u00e7\u00e3o Brasileira das Empresas de Servi\u00e7os Auxiliares de Transporte A\u00e9reo\",\"publisher\":{\"@id\":\"https:\/\/www.abesata.org\/br\/#organization\"},\"potentialAction\":[{\"@type\":\"SearchAction\",\"target\":{\"@type\":\"EntryPoint\",\"urlTemplate\":\"https:\/\/www.abesata.org\/br\/?s={search_term_string}\"},\"query-input\":{\"@type\":\"PropertyValueSpecification\",\"valueRequired\":true,\"valueName\":\"search_term_string\"}}],\"inLanguage\":\"pt-BR\"},{\"@type\":\"Organization\",\"@id\":\"https:\/\/www.abesata.org\/br\/#organization\",\"name\":\"Associa\u00e7\u00e3o Brasileira das Empresas de Servi\u00e7os Auxiliares de Transporte A\u00e9reo\",\"alternateName\":\"Abesata\",\"url\":\"https:\/\/www.abesata.org\/br\/\",\"logo\":{\"@type\":\"ImageObject\",\"inLanguage\":\"pt-BR\",\"@id\":\"https:\/\/www.abesata.org\/br\/#\/schema\/logo\/image\/\",\"url\":\"https:\/\/www.abesata.org\/br\/wp-content\/uploads\/2023\/10\/Abesata.png\",\"contentUrl\":\"https:\/\/www.abesata.org\/br\/wp-content\/uploads\/2023\/10\/Abesata.png\",\"width\":1063,\"height\":591,\"caption\":\"Associa\u00e7\u00e3o Brasileira das Empresas de Servi\u00e7os Auxiliares de Transporte A\u00e9reo\"},\"image\":{\"@id\":\"https:\/\/www.abesata.org\/br\/#\/schema\/logo\/image\/\"},\"sameAs\":[\"https:\/\/www.facebook.com\/abesata.org\/\",\"https:\/\/www.instagram.com\/abesata_gh\/\",\"https:\/\/br.linkedin.com\/company\/abesata\"]}]}<\/script>\n<!-- \/ Yoast SEO plugin. -->","yoast_head_json":{"title":"ALTA Airline Leaders Forum - Bogot\u00e1 - 24 a 26 out.2021 - Abesata","robots":{"index":"index","follow":"follow","max-snippet":"max-snippet:-1","max-image-preview":"max-image-preview:large","max-video-preview":"max-video-preview:-1"},"canonical":"https:\/\/www.abesata.org\/br\/alta-airline-leaders-forum-bogota-24-a-26-out-2021\/","og_locale":"pt_BR","og_type":"article","og_title":"ALTA Airline Leaders Forum - Bogot\u00e1 - 24 a 26 out.2021 - Abesata","og_url":"https:\/\/www.abesata.org\/br\/alta-airline-leaders-forum-bogota-24-a-26-out-2021\/","og_site_name":"Abesata","article_publisher":"https:\/\/www.facebook.com\/abesata.org\/","article_modified_time":"2021-10-27T16:50:09+00:00","og_image":[{"url":"http:\/\/www.abesata.org\/br\/wp-content\/uploads\/2021\/10\/IMG_4334-1024x768.jpg","type":"","width":"","height":""}],"twitter_card":"summary_large_image","schema":{"@context":"https:\/\/schema.org","@graph":[{"@type":"WebPage","@id":"https:\/\/www.abesata.org\/br\/alta-airline-leaders-forum-bogota-24-a-26-out-2021\/","url":"https:\/\/www.abesata.org\/br\/alta-airline-leaders-forum-bogota-24-a-26-out-2021\/","name":"ALTA Airline Leaders Forum - Bogot\u00e1 - 24 a 26 out.2021 - Abesata","isPartOf":{"@id":"https:\/\/www.abesata.org\/br\/#website"},"primaryImageOfPage":{"@id":"https:\/\/www.abesata.org\/br\/alta-airline-leaders-forum-bogota-24-a-26-out-2021\/#primaryimage"},"image":{"@id":"https:\/\/www.abesata.org\/br\/alta-airline-leaders-forum-bogota-24-a-26-out-2021\/#primaryimage"},"thumbnailUrl":"http:\/\/www.abesata.org\/br\/wp-content\/uploads\/2021\/10\/IMG_4334-1024x768.jpg","datePublished":"2021-10-27T16:50:07+00:00","dateModified":"2021-10-27T16:50:09+00:00","breadcrumb":{"@id":"https:\/\/www.abesata.org\/br\/alta-airline-leaders-forum-bogota-24-a-26-out-2021\/#breadcrumb"},"inLanguage":"pt-BR","potentialAction":[{"@type":"ReadAction","target":["https:\/\/www.abesata.org\/br\/alta-airline-leaders-forum-bogota-24-a-26-out-2021\/"]}]},{"@type":"ImageObject","inLanguage":"pt-BR","@id":"https:\/\/www.abesata.org\/br\/alta-airline-leaders-forum-bogota-24-a-26-out-2021\/#primaryimage","url":"http:\/\/www.abesata.org\/br\/wp-content\/uploads\/2021\/10\/IMG_4334-1024x768.jpg","contentUrl":"http:\/\/www.abesata.org\/br\/wp-content\/uploads\/2021\/10\/IMG_4334-1024x768.jpg"},{"@type":"BreadcrumbList","@id":"https:\/\/www.abesata.org\/br\/alta-airline-leaders-forum-bogota-24-a-26-out-2021\/#breadcrumb","itemListElement":[{"@type":"ListItem","position":1,"name":"In\u00edcio","item":"https:\/\/www.abesata.org\/br\/"},{"@type":"ListItem","position":2,"name":"ALTA Airline Leaders Forum &#8211; Bogot\u00e1 &#8211; 24 a 26 out.2021"}]},{"@type":"WebSite","@id":"https:\/\/www.abesata.org\/br\/#website","url":"https:\/\/www.abesata.org\/br\/","name":"Abesata","description":"Associa\u00e7\u00e3o Brasileira das Empresas de Servi\u00e7os Auxiliares de Transporte A\u00e9reo","publisher":{"@id":"https:\/\/www.abesata.org\/br\/#organization"},"potentialAction":[{"@type":"SearchAction","target":{"@type":"EntryPoint","urlTemplate":"https:\/\/www.abesata.org\/br\/?s={search_term_string}"},"query-input":{"@type":"PropertyValueSpecification","valueRequired":true,"valueName":"search_term_string"}}],"inLanguage":"pt-BR"},{"@type":"Organization","@id":"https:\/\/www.abesata.org\/br\/#organization","name":"Associa\u00e7\u00e3o Brasileira das Empresas de Servi\u00e7os Auxiliares de Transporte A\u00e9reo","alternateName":"Abesata","url":"https:\/\/www.abesata.org\/br\/","logo":{"@type":"ImageObject","inLanguage":"pt-BR","@id":"https:\/\/www.abesata.org\/br\/#\/schema\/logo\/image\/","url":"https:\/\/www.abesata.org\/br\/wp-content\/uploads\/2023\/10\/Abesata.png","contentUrl":"https:\/\/www.abesata.org\/br\/wp-content\/uploads\/2023\/10\/Abesata.png","width":1063,"height":591,"caption":"Associa\u00e7\u00e3o Brasileira das Empresas de Servi\u00e7os Auxiliares de Transporte A\u00e9reo"},"image":{"@id":"https:\/\/www.abesata.org\/br\/#\/schema\/logo\/image\/"},"sameAs":["https:\/\/www.facebook.com\/abesata.org\/","https:\/\/www.instagram.com\/abesata_gh\/","https:\/\/br.linkedin.com\/company\/abesata"]}]}},"_links":{"self":[{"href":"https:\/\/www.abesata.org\/br\/wp-json\/wp\/v2\/pages\/14627","targetHints":{"allow":["GET"]}}],"collection":[{"href":"https:\/\/www.abesata.org\/br\/wp-json\/wp\/v2\/pages"}],"about":[{"href":"https:\/\/www.abesata.org\/br\/wp-json\/wp\/v2\/types\/page"}],"author":[{"embeddable":true,"href":"https:\/\/www.abesata.org\/br\/wp-json\/wp\/v2\/users\/135"}],"replies":[{"embeddable":true,"href":"https:\/\/www.abesata.org\/br\/wp-json\/wp\/v2\/comments?post=14627"}],"version-history":[{"count":0,"href":"https:\/\/www.abesata.org\/br\/wp-json\/wp\/v2\/pages\/14627\/revisions"}],"wp:attachment":[{"href":"https:\/\/www.abesata.org\/br\/wp-json\/wp\/v2\/media?parent=14627"}],"curies":[{"name":"wp","href":"https:\/\/api.w.org\/{rel}","templated":true}]}}