{"id":15137,"date":"2022-08-15T14:00:16","date_gmt":"2022-08-15T14:00:16","guid":{"rendered":"http:\/\/www.abesata.org\/br\/?page_id=15137"},"modified":"2022-08-18T16:01:42","modified_gmt":"2022-08-18T16:01:42","slug":"labace-congonhas-sp-9-a-11-ago-2022","status":"publish","type":"page","link":"https:\/\/www.abesata.org\/br\/labace-congonhas-sp-9-a-11-ago-2022\/","title":{"rendered":"LABACE &#8211; Congonhas SP &#8211; 9 a 11 ago.2022"},"content":{"rendered":"\n<figure class=\"wp-block-image size-large\"><img fetchpriority=\"high\" decoding=\"async\" width=\"1024\" height=\"683\" src=\"https:\/\/www.abesata.org\/br\/wp-content\/uploads\/2022\/08\/52277097240_ceaf4f9762_3k-1024x683.jpg\" alt=\"\" class=\"wp-image-15175\" srcset=\"https:\/\/www.abesata.org\/br\/wp-content\/uploads\/2022\/08\/52277097240_ceaf4f9762_3k-1024x683.jpg 1024w, https:\/\/www.abesata.org\/br\/wp-content\/uploads\/2022\/08\/52277097240_ceaf4f9762_3k-300x200.jpg 300w, https:\/\/www.abesata.org\/br\/wp-content\/uploads\/2022\/08\/52277097240_ceaf4f9762_3k-768x512.jpg 768w, https:\/\/www.abesata.org\/br\/wp-content\/uploads\/2022\/08\/52277097240_ceaf4f9762_3k-1536x1024.jpg 1536w, https:\/\/www.abesata.org\/br\/wp-content\/uploads\/2022\/08\/52277097240_ceaf4f9762_3k-2048x1365.jpg 2048w, https:\/\/www.abesata.org\/br\/wp-content\/uploads\/2022\/08\/52277097240_ceaf4f9762_3k-225x150.jpg 225w, https:\/\/www.abesata.org\/br\/wp-content\/uploads\/2022\/08\/52277097240_ceaf4f9762_3k-150x100.jpg 150w\" sizes=\"(max-width: 1024px) 100vw, 1024px\" \/><\/figure>\n\n\n\n<figure class=\"wp-block-image size-large\"><img decoding=\"async\" width=\"1024\" height=\"683\" src=\"https:\/\/www.abesata.org\/br\/wp-content\/uploads\/2022\/08\/52276627873_cc74664d81_3k-1024x683.jpg\" alt=\"\" class=\"wp-image-15174\" srcset=\"https:\/\/www.abesata.org\/br\/wp-content\/uploads\/2022\/08\/52276627873_cc74664d81_3k-1024x683.jpg 1024w, https:\/\/www.abesata.org\/br\/wp-content\/uploads\/2022\/08\/52276627873_cc74664d81_3k-300x200.jpg 300w, https:\/\/www.abesata.org\/br\/wp-content\/uploads\/2022\/08\/52276627873_cc74664d81_3k-768x512.jpg 768w, https:\/\/www.abesata.org\/br\/wp-content\/uploads\/2022\/08\/52276627873_cc74664d81_3k-1536x1024.jpg 1536w, https:\/\/www.abesata.org\/br\/wp-content\/uploads\/2022\/08\/52276627873_cc74664d81_3k-2048x1365.jpg 2048w, https:\/\/www.abesata.org\/br\/wp-content\/uploads\/2022\/08\/52276627873_cc74664d81_3k-225x150.jpg 225w, https:\/\/www.abesata.org\/br\/wp-content\/uploads\/2022\/08\/52276627873_cc74664d81_3k-150x100.jpg 150w\" sizes=\"(max-width: 1024px) 100vw, 1024px\" \/><\/figure>\n\n\n\n<figure class=\"wp-block-image size-large\"><img decoding=\"async\" width=\"1024\" height=\"683\" src=\"https:\/\/www.abesata.org\/br\/wp-content\/uploads\/2022\/08\/IMG_9570-1024x683.jpg\" alt=\"\" class=\"wp-image-15146\" srcset=\"https:\/\/www.abesata.org\/br\/wp-content\/uploads\/2022\/08\/IMG_9570-1024x683.jpg 1024w, https:\/\/www.abesata.org\/br\/wp-content\/uploads\/2022\/08\/IMG_9570-300x200.jpg 300w, https:\/\/www.abesata.org\/br\/wp-content\/uploads\/2022\/08\/IMG_9570-768x512.jpg 768w, https:\/\/www.abesata.org\/br\/wp-content\/uploads\/2022\/08\/IMG_9570-1536x1024.jpg 1536w, https:\/\/www.abesata.org\/br\/wp-content\/uploads\/2022\/08\/IMG_9570-2048x1365.jpg 2048w, https:\/\/www.abesata.org\/br\/wp-content\/uploads\/2022\/08\/IMG_9570-225x150.jpg 225w, https:\/\/www.abesata.org\/br\/wp-content\/uploads\/2022\/08\/IMG_9570-150x100.jpg 150w\" sizes=\"(max-width: 1024px) 100vw, 1024px\" \/><\/figure>\n\n\n\n<figure class=\"wp-block-image size-large\"><img loading=\"lazy\" decoding=\"async\" width=\"1024\" height=\"683\" src=\"https:\/\/www.abesata.org\/br\/wp-content\/uploads\/2022\/08\/IMG_9598-1024x683.jpg\" alt=\"\" class=\"wp-image-15140\" srcset=\"https:\/\/www.abesata.org\/br\/wp-content\/uploads\/2022\/08\/IMG_9598-1024x683.jpg 1024w, https:\/\/www.abesata.org\/br\/wp-content\/uploads\/2022\/08\/IMG_9598-300x200.jpg 300w, https:\/\/www.abesata.org\/br\/wp-content\/uploads\/2022\/08\/IMG_9598-768x512.jpg 768w, https:\/\/www.abesata.org\/br\/wp-content\/uploads\/2022\/08\/IMG_9598-1536x1024.jpg 1536w, https:\/\/www.abesata.org\/br\/wp-content\/uploads\/2022\/08\/IMG_9598-2048x1365.jpg 2048w, https:\/\/www.abesata.org\/br\/wp-content\/uploads\/2022\/08\/IMG_9598-225x150.jpg 225w, https:\/\/www.abesata.org\/br\/wp-content\/uploads\/2022\/08\/IMG_9598-150x100.jpg 150w\" sizes=\"(max-width: 1024px) 100vw, 1024px\" \/><\/figure>\n\n\n\n<figure class=\"wp-block-image size-large\"><img loading=\"lazy\" decoding=\"async\" width=\"1024\" height=\"768\" src=\"https:\/\/www.abesata.org\/br\/wp-content\/uploads\/2022\/08\/f8f00f58-605e-48e7-a59c-9460532176fe-1024x768.jpg\" alt=\"\" class=\"wp-image-15151\" srcset=\"https:\/\/www.abesata.org\/br\/wp-content\/uploads\/2022\/08\/f8f00f58-605e-48e7-a59c-9460532176fe-1024x768.jpg 1024w, https:\/\/www.abesata.org\/br\/wp-content\/uploads\/2022\/08\/f8f00f58-605e-48e7-a59c-9460532176fe-300x225.jpg 300w, https:\/\/www.abesata.org\/br\/wp-content\/uploads\/2022\/08\/f8f00f58-605e-48e7-a59c-9460532176fe-768x576.jpg 768w, https:\/\/www.abesata.org\/br\/wp-content\/uploads\/2022\/08\/f8f00f58-605e-48e7-a59c-9460532176fe-1536x1152.jpg 1536w, https:\/\/www.abesata.org\/br\/wp-content\/uploads\/2022\/08\/f8f00f58-605e-48e7-a59c-9460532176fe-200x150.jpg 200w, https:\/\/www.abesata.org\/br\/wp-content\/uploads\/2022\/08\/f8f00f58-605e-48e7-a59c-9460532176fe-150x113.jpg 150w, https:\/\/www.abesata.org\/br\/wp-content\/uploads\/2022\/08\/f8f00f58-605e-48e7-a59c-9460532176fe.jpg 1600w\" sizes=\"(max-width: 1024px) 100vw, 1024px\" \/><\/figure>\n\n\n\n<figure class=\"wp-block-image size-large\"><img loading=\"lazy\" decoding=\"async\" width=\"1024\" height=\"683\" src=\"https:\/\/www.abesata.org\/br\/wp-content\/uploads\/2022\/08\/IMG_9608-1024x683.jpg\" alt=\"\" class=\"wp-image-15143\" srcset=\"https:\/\/www.abesata.org\/br\/wp-content\/uploads\/2022\/08\/IMG_9608-1024x683.jpg 1024w, https:\/\/www.abesata.org\/br\/wp-content\/uploads\/2022\/08\/IMG_9608-300x200.jpg 300w, https:\/\/www.abesata.org\/br\/wp-content\/uploads\/2022\/08\/IMG_9608-768x512.jpg 768w, https:\/\/www.abesata.org\/br\/wp-content\/uploads\/2022\/08\/IMG_9608-1536x1024.jpg 1536w, https:\/\/www.abesata.org\/br\/wp-content\/uploads\/2022\/08\/IMG_9608-2048x1365.jpg 2048w, https:\/\/www.abesata.org\/br\/wp-content\/uploads\/2022\/08\/IMG_9608-225x150.jpg 225w, https:\/\/www.abesata.org\/br\/wp-content\/uploads\/2022\/08\/IMG_9608-150x100.jpg 150w\" sizes=\"(max-width: 1024px) 100vw, 1024px\" \/><\/figure>\n\n\n\n<figure class=\"wp-block-image size-large\"><img loading=\"lazy\" decoding=\"async\" width=\"1024\" height=\"641\" src=\"https:\/\/www.abesata.org\/br\/wp-content\/uploads\/2022\/08\/IMG_9624-1024x641.jpg\" alt=\"\" class=\"wp-image-15169\" srcset=\"https:\/\/www.abesata.org\/br\/wp-content\/uploads\/2022\/08\/IMG_9624-1024x641.jpg 1024w, https:\/\/www.abesata.org\/br\/wp-content\/uploads\/2022\/08\/IMG_9624-300x188.jpg 300w, https:\/\/www.abesata.org\/br\/wp-content\/uploads\/2022\/08\/IMG_9624-768x481.jpg 768w, https:\/\/www.abesata.org\/br\/wp-content\/uploads\/2022\/08\/IMG_9624-1536x962.jpg 1536w, https:\/\/www.abesata.org\/br\/wp-content\/uploads\/2022\/08\/IMG_9624-2048x1283.jpg 2048w, https:\/\/www.abesata.org\/br\/wp-content\/uploads\/2022\/08\/IMG_9624-240x150.jpg 240w, https:\/\/www.abesata.org\/br\/wp-content\/uploads\/2022\/08\/IMG_9624-150x94.jpg 150w\" sizes=\"(max-width: 1024px) 100vw, 1024px\" \/><\/figure>\n\n\n\n<figure class=\"wp-block-gallery columns-1 is-cropped wp-block-gallery-1 is-layout-flex wp-block-gallery-is-layout-flex\"><ul class=\"blocks-gallery-grid\"><li class=\"blocks-gallery-item\"><figure><img loading=\"lazy\" decoding=\"async\" width=\"1024\" height=\"683\" src=\"https:\/\/www.abesata.org\/br\/wp-content\/uploads\/2022\/08\/IMG_9650-1024x683.jpg\" alt=\"\" data-id=\"15168\" data-full-url=\"https:\/\/www.abesata.org\/br\/wp-content\/uploads\/2022\/08\/IMG_9650-scaled.jpg\" data-link=\"https:\/\/www.abesata.org\/br\/labace-congonhas-sp-9-a-11-ago-2022\/img_9650\/\" class=\"wp-image-15168\" srcset=\"https:\/\/www.abesata.org\/br\/wp-content\/uploads\/2022\/08\/IMG_9650-1024x683.jpg 1024w, https:\/\/www.abesata.org\/br\/wp-content\/uploads\/2022\/08\/IMG_9650-300x200.jpg 300w, https:\/\/www.abesata.org\/br\/wp-content\/uploads\/2022\/08\/IMG_9650-768x512.jpg 768w, https:\/\/www.abesata.org\/br\/wp-content\/uploads\/2022\/08\/IMG_9650-1536x1024.jpg 1536w, https:\/\/www.abesata.org\/br\/wp-content\/uploads\/2022\/08\/IMG_9650-2048x1365.jpg 2048w, https:\/\/www.abesata.org\/br\/wp-content\/uploads\/2022\/08\/IMG_9650-225x150.jpg 225w, https:\/\/www.abesata.org\/br\/wp-content\/uploads\/2022\/08\/IMG_9650-150x100.jpg 150w\" sizes=\"(max-width: 1024px) 100vw, 1024px\" \/><\/figure><\/li><\/ul><\/figure>\n\n\n\n<figure class=\"wp-block-image size-large\"><img loading=\"lazy\" decoding=\"async\" width=\"1024\" height=\"683\" src=\"https:\/\/www.abesata.org\/br\/wp-content\/uploads\/2022\/08\/IMG_9589-1024x683.jpg\" alt=\"\" class=\"wp-image-15170\" srcset=\"https:\/\/www.abesata.org\/br\/wp-content\/uploads\/2022\/08\/IMG_9589-1024x683.jpg 1024w, https:\/\/www.abesata.org\/br\/wp-content\/uploads\/2022\/08\/IMG_9589-300x200.jpg 300w, https:\/\/www.abesata.org\/br\/wp-content\/uploads\/2022\/08\/IMG_9589-768x512.jpg 768w, https:\/\/www.abesata.org\/br\/wp-content\/uploads\/2022\/08\/IMG_9589-1536x1024.jpg 1536w, https:\/\/www.abesata.org\/br\/wp-content\/uploads\/2022\/08\/IMG_9589-2048x1365.jpg 2048w, https:\/\/www.abesata.org\/br\/wp-content\/uploads\/2022\/08\/IMG_9589-225x150.jpg 225w, https:\/\/www.abesata.org\/br\/wp-content\/uploads\/2022\/08\/IMG_9589-150x100.jpg 150w\" sizes=\"(max-width: 1024px) 100vw, 1024px\" \/><\/figure>\n\n\n\n<figure class=\"wp-block-image size-large\"><img loading=\"lazy\" decoding=\"async\" width=\"1024\" height=\"683\" src=\"https:\/\/www.abesata.org\/br\/wp-content\/uploads\/2022\/08\/IMG_9617-1-1024x683.jpg\" alt=\"\" class=\"wp-image-15176\" srcset=\"https:\/\/www.abesata.org\/br\/wp-content\/uploads\/2022\/08\/IMG_9617-1-1024x683.jpg 1024w, https:\/\/www.abesata.org\/br\/wp-content\/uploads\/2022\/08\/IMG_9617-1-300x200.jpg 300w, https:\/\/www.abesata.org\/br\/wp-content\/uploads\/2022\/08\/IMG_9617-1-768x512.jpg 768w, https:\/\/www.abesata.org\/br\/wp-content\/uploads\/2022\/08\/IMG_9617-1-1536x1024.jpg 1536w, https:\/\/www.abesata.org\/br\/wp-content\/uploads\/2022\/08\/IMG_9617-1-2048x1365.jpg 2048w, https:\/\/www.abesata.org\/br\/wp-content\/uploads\/2022\/08\/IMG_9617-1-225x150.jpg 225w, https:\/\/www.abesata.org\/br\/wp-content\/uploads\/2022\/08\/IMG_9617-1-150x100.jpg 150w\" sizes=\"(max-width: 1024px) 100vw, 1024px\" \/><\/figure>\n\n\n\n<figure class=\"wp-block-image size-large\"><img loading=\"lazy\" decoding=\"async\" width=\"1024\" height=\"683\" src=\"https:\/\/www.abesata.org\/br\/wp-content\/uploads\/2022\/08\/IMG_9648-1-1024x683.jpg\" alt=\"\" class=\"wp-image-15177\" srcset=\"https:\/\/www.abesata.org\/br\/wp-content\/uploads\/2022\/08\/IMG_9648-1-1024x683.jpg 1024w, https:\/\/www.abesata.org\/br\/wp-content\/uploads\/2022\/08\/IMG_9648-1-300x200.jpg 300w, https:\/\/www.abesata.org\/br\/wp-content\/uploads\/2022\/08\/IMG_9648-1-768x512.jpg 768w, https:\/\/www.abesata.org\/br\/wp-content\/uploads\/2022\/08\/IMG_9648-1-1536x1024.jpg 1536w, https:\/\/www.abesata.org\/br\/wp-content\/uploads\/2022\/08\/IMG_9648-1-2048x1365.jpg 2048w, https:\/\/www.abesata.org\/br\/wp-content\/uploads\/2022\/08\/IMG_9648-1-225x150.jpg 225w, https:\/\/www.abesata.org\/br\/wp-content\/uploads\/2022\/08\/IMG_9648-1-150x100.jpg 150w\" sizes=\"(max-width: 1024px) 100vw, 1024px\" \/><\/figure>\n\n\n\n<figure class=\"wp-block-image size-large\"><img loading=\"lazy\" decoding=\"async\" width=\"1024\" height=\"768\" src=\"https:\/\/www.abesata.org\/br\/wp-content\/uploads\/2022\/08\/IMG_7452-1024x768.jpg\" alt=\"\" class=\"wp-image-15147\" srcset=\"https:\/\/www.abesata.org\/br\/wp-content\/uploads\/2022\/08\/IMG_7452-1024x768.jpg 1024w, https:\/\/www.abesata.org\/br\/wp-content\/uploads\/2022\/08\/IMG_7452-300x225.jpg 300w, https:\/\/www.abesata.org\/br\/wp-content\/uploads\/2022\/08\/IMG_7452-768x576.jpg 768w, https:\/\/www.abesata.org\/br\/wp-content\/uploads\/2022\/08\/IMG_7452-1536x1152.jpg 1536w, https:\/\/www.abesata.org\/br\/wp-content\/uploads\/2022\/08\/IMG_7452-2048x1536.jpg 2048w, https:\/\/www.abesata.org\/br\/wp-content\/uploads\/2022\/08\/IMG_7452-200x150.jpg 200w, https:\/\/www.abesata.org\/br\/wp-content\/uploads\/2022\/08\/IMG_7452-150x113.jpg 150w\" sizes=\"(max-width: 1024px) 100vw, 1024px\" \/><\/figure>\n\n\n\n<figure class=\"wp-block-image size-large\"><img loading=\"lazy\" decoding=\"async\" width=\"768\" height=\"1024\" src=\"https:\/\/www.abesata.org\/br\/wp-content\/uploads\/2022\/08\/IMG_7446-768x1024.jpg\" alt=\"\" class=\"wp-image-15148\" srcset=\"https:\/\/www.abesata.org\/br\/wp-content\/uploads\/2022\/08\/IMG_7446-768x1024.jpg 768w, https:\/\/www.abesata.org\/br\/wp-content\/uploads\/2022\/08\/IMG_7446-225x300.jpg 225w, https:\/\/www.abesata.org\/br\/wp-content\/uploads\/2022\/08\/IMG_7446-1152x1536.jpg 1152w, https:\/\/www.abesata.org\/br\/wp-content\/uploads\/2022\/08\/IMG_7446-1536x2048.jpg 1536w, https:\/\/www.abesata.org\/br\/wp-content\/uploads\/2022\/08\/IMG_7446-113x150.jpg 113w, https:\/\/www.abesata.org\/br\/wp-content\/uploads\/2022\/08\/IMG_7446-scaled.jpg 1920w\" sizes=\"(max-width: 768px) 100vw, 768px\" \/><\/figure>\n\n\n\n<figure class=\"wp-block-image size-large\"><img loading=\"lazy\" decoding=\"async\" width=\"1024\" height=\"768\" src=\"https:\/\/www.abesata.org\/br\/wp-content\/uploads\/2022\/08\/IMG_7456-1024x768.jpg\" alt=\"\" class=\"wp-image-15150\" srcset=\"https:\/\/www.abesata.org\/br\/wp-content\/uploads\/2022\/08\/IMG_7456-1024x768.jpg 1024w, https:\/\/www.abesata.org\/br\/wp-content\/uploads\/2022\/08\/IMG_7456-300x225.jpg 300w, https:\/\/www.abesata.org\/br\/wp-content\/uploads\/2022\/08\/IMG_7456-768x576.jpg 768w, https:\/\/www.abesata.org\/br\/wp-content\/uploads\/2022\/08\/IMG_7456-1536x1152.jpg 1536w, https:\/\/www.abesata.org\/br\/wp-content\/uploads\/2022\/08\/IMG_7456-2048x1536.jpg 2048w, https:\/\/www.abesata.org\/br\/wp-content\/uploads\/2022\/08\/IMG_7456-200x150.jpg 200w, https:\/\/www.abesata.org\/br\/wp-content\/uploads\/2022\/08\/IMG_7456-150x113.jpg 150w\" sizes=\"(max-width: 1024px) 100vw, 1024px\" \/><\/figure>\n\n\n\n<figure class=\"wp-block-image size-large\"><img loading=\"lazy\" decoding=\"async\" width=\"1024\" height=\"1024\" src=\"https:\/\/www.abesata.org\/br\/wp-content\/uploads\/2022\/08\/IMG_3738-1-1024x1024.jpg\" alt=\"\" class=\"wp-image-15152\" srcset=\"https:\/\/www.abesata.org\/br\/wp-content\/uploads\/2022\/08\/IMG_3738-1-1024x1024.jpg 1024w, https:\/\/www.abesata.org\/br\/wp-content\/uploads\/2022\/08\/IMG_3738-1-300x300.jpg 300w, https:\/\/www.abesata.org\/br\/wp-content\/uploads\/2022\/08\/IMG_3738-1-150x150.jpg 150w, https:\/\/www.abesata.org\/br\/wp-content\/uploads\/2022\/08\/IMG_3738-1-768x768.jpg 768w, https:\/\/www.abesata.org\/br\/wp-content\/uploads\/2022\/08\/IMG_3738-1-1536x1536.jpg 1536w, https:\/\/www.abesata.org\/br\/wp-content\/uploads\/2022\/08\/IMG_3738-1-2048x2048.jpg 2048w\" sizes=\"(max-width: 1024px) 100vw, 1024px\" \/><\/figure>\n\n\n\n<figure class=\"wp-block-image size-large\"><img loading=\"lazy\" decoding=\"async\" width=\"1024\" height=\"1024\" src=\"https:\/\/www.abesata.org\/br\/wp-content\/uploads\/2022\/08\/IMG_3742-1-1024x1024.jpg\" alt=\"\" class=\"wp-image-15153\" srcset=\"https:\/\/www.abesata.org\/br\/wp-content\/uploads\/2022\/08\/IMG_3742-1-1024x1024.jpg 1024w, https:\/\/www.abesata.org\/br\/wp-content\/uploads\/2022\/08\/IMG_3742-1-300x300.jpg 300w, https:\/\/www.abesata.org\/br\/wp-content\/uploads\/2022\/08\/IMG_3742-1-150x150.jpg 150w, https:\/\/www.abesata.org\/br\/wp-content\/uploads\/2022\/08\/IMG_3742-1-768x768.jpg 768w, https:\/\/www.abesata.org\/br\/wp-content\/uploads\/2022\/08\/IMG_3742-1-1536x1536.jpg 1536w, https:\/\/www.abesata.org\/br\/wp-content\/uploads\/2022\/08\/IMG_3742-1-2048x2048.jpg 2048w\" sizes=\"(max-width: 1024px) 100vw, 1024px\" \/><\/figure>\n","protected":false},"excerpt":{"rendered":"","protected":false},"author":135,"featured_media":0,"parent":0,"menu_order":0,"comment_status":"closed","ping_status":"closed","template":"","meta":{"footnotes":""},"class_list":["post-15137","page","type-page","status-publish","hentry"],"yoast_head":"<!-- This site is optimized with the Yoast SEO plugin v26.5 - https:\/\/yoast.com\/wordpress\/plugins\/seo\/ -->\n<title>LABACE - Congonhas SP - 9 a 11 ago.2022 - Abesata<\/title>\n<meta name=\"robots\" content=\"index, follow, max-snippet:-1, max-image-preview:large, max-video-preview:-1\" \/>\n<link rel=\"canonical\" href=\"https:\/\/www.abesata.org\/br\/labace-congonhas-sp-9-a-11-ago-2022\/\" \/>\n<meta property=\"og:locale\" content=\"pt_BR\" \/>\n<meta property=\"og:type\" content=\"article\" \/>\n<meta property=\"og:title\" content=\"LABACE - Congonhas SP - 9 a 11 ago.2022 - Abesata\" \/>\n<meta property=\"og:url\" content=\"https:\/\/www.abesata.org\/br\/labace-congonhas-sp-9-a-11-ago-2022\/\" \/>\n<meta property=\"og:site_name\" content=\"Abesata\" \/>\n<meta property=\"article:publisher\" content=\"https:\/\/www.facebook.com\/abesata.org\/\" \/>\n<meta property=\"article:modified_time\" content=\"2022-08-18T16:01:42+00:00\" \/>\n<meta property=\"og:image\" content=\"https:\/\/www.abesata.org\/br\/wp-content\/uploads\/2022\/08\/52277097240_ceaf4f9762_3k-scaled.jpg\" \/>\n\t<meta property=\"og:image:width\" content=\"2560\" \/>\n\t<meta property=\"og:image:height\" content=\"1707\" \/>\n\t<meta property=\"og:image:type\" content=\"image\/jpeg\" \/>\n<meta name=\"twitter:card\" content=\"summary_large_image\" \/>\n<script type=\"application\/ld+json\" class=\"yoast-schema-graph\">{\"@context\":\"https:\/\/schema.org\",\"@graph\":[{\"@type\":\"WebPage\",\"@id\":\"https:\/\/www.abesata.org\/br\/labace-congonhas-sp-9-a-11-ago-2022\/\",\"url\":\"https:\/\/www.abesata.org\/br\/labace-congonhas-sp-9-a-11-ago-2022\/\",\"name\":\"LABACE - Congonhas SP - 9 a 11 ago.2022 - Abesata\",\"isPartOf\":{\"@id\":\"https:\/\/www.abesata.org\/br\/#website\"},\"primaryImageOfPage\":{\"@id\":\"https:\/\/www.abesata.org\/br\/labace-congonhas-sp-9-a-11-ago-2022\/#primaryimage\"},\"image\":{\"@id\":\"https:\/\/www.abesata.org\/br\/labace-congonhas-sp-9-a-11-ago-2022\/#primaryimage\"},\"thumbnailUrl\":\"https:\/\/www.abesata.org\/br\/wp-content\/uploads\/2022\/08\/52277097240_ceaf4f9762_3k-1024x683.jpg\",\"datePublished\":\"2022-08-15T14:00:16+00:00\",\"dateModified\":\"2022-08-18T16:01:42+00:00\",\"breadcrumb\":{\"@id\":\"https:\/\/www.abesata.org\/br\/labace-congonhas-sp-9-a-11-ago-2022\/#breadcrumb\"},\"inLanguage\":\"pt-BR\",\"potentialAction\":[{\"@type\":\"ReadAction\",\"target\":[\"https:\/\/www.abesata.org\/br\/labace-congonhas-sp-9-a-11-ago-2022\/\"]}]},{\"@type\":\"ImageObject\",\"inLanguage\":\"pt-BR\",\"@id\":\"https:\/\/www.abesata.org\/br\/labace-congonhas-sp-9-a-11-ago-2022\/#primaryimage\",\"url\":\"https:\/\/www.abesata.org\/br\/wp-content\/uploads\/2022\/08\/52277097240_ceaf4f9762_3k-scaled.jpg\",\"contentUrl\":\"https:\/\/www.abesata.org\/br\/wp-content\/uploads\/2022\/08\/52277097240_ceaf4f9762_3k-scaled.jpg\",\"width\":2560,\"height\":1707},{\"@type\":\"BreadcrumbList\",\"@id\":\"https:\/\/www.abesata.org\/br\/labace-congonhas-sp-9-a-11-ago-2022\/#breadcrumb\",\"itemListElement\":[{\"@type\":\"ListItem\",\"position\":1,\"name\":\"In\u00edcio\",\"item\":\"https:\/\/www.abesata.org\/br\/\"},{\"@type\":\"ListItem\",\"position\":2,\"name\":\"LABACE &#8211; Congonhas SP &#8211; 9 a 11 ago.2022\"}]},{\"@type\":\"WebSite\",\"@id\":\"https:\/\/www.abesata.org\/br\/#website\",\"url\":\"https:\/\/www.abesata.org\/br\/\",\"name\":\"Abesata\",\"description\":\"Associa\u00e7\u00e3o Brasileira das Empresas de Servi\u00e7os Auxiliares de Transporte A\u00e9reo\",\"publisher\":{\"@id\":\"https:\/\/www.abesata.org\/br\/#organization\"},\"potentialAction\":[{\"@type\":\"SearchAction\",\"target\":{\"@type\":\"EntryPoint\",\"urlTemplate\":\"https:\/\/www.abesata.org\/br\/?s={search_term_string}\"},\"query-input\":{\"@type\":\"PropertyValueSpecification\",\"valueRequired\":true,\"valueName\":\"search_term_string\"}}],\"inLanguage\":\"pt-BR\"},{\"@type\":\"Organization\",\"@id\":\"https:\/\/www.abesata.org\/br\/#organization\",\"name\":\"Associa\u00e7\u00e3o Brasileira das Empresas de Servi\u00e7os Auxiliares de Transporte A\u00e9reo\",\"alternateName\":\"Abesata\",\"url\":\"https:\/\/www.abesata.org\/br\/\",\"logo\":{\"@type\":\"ImageObject\",\"inLanguage\":\"pt-BR\",\"@id\":\"https:\/\/www.abesata.org\/br\/#\/schema\/logo\/image\/\",\"url\":\"https:\/\/www.abesata.org\/br\/wp-content\/uploads\/2023\/10\/Abesata.png\",\"contentUrl\":\"https:\/\/www.abesata.org\/br\/wp-content\/uploads\/2023\/10\/Abesata.png\",\"width\":1063,\"height\":591,\"caption\":\"Associa\u00e7\u00e3o Brasileira das Empresas de Servi\u00e7os Auxiliares de Transporte A\u00e9reo\"},\"image\":{\"@id\":\"https:\/\/www.abesata.org\/br\/#\/schema\/logo\/image\/\"},\"sameAs\":[\"https:\/\/www.facebook.com\/abesata.org\/\",\"https:\/\/www.instagram.com\/abesata_gh\/\",\"https:\/\/br.linkedin.com\/company\/abesata\"]}]}<\/script>\n<!-- \/ Yoast SEO plugin. -->","yoast_head_json":{"title":"LABACE - Congonhas SP - 9 a 11 ago.2022 - Abesata","robots":{"index":"index","follow":"follow","max-snippet":"max-snippet:-1","max-image-preview":"max-image-preview:large","max-video-preview":"max-video-preview:-1"},"canonical":"https:\/\/www.abesata.org\/br\/labace-congonhas-sp-9-a-11-ago-2022\/","og_locale":"pt_BR","og_type":"article","og_title":"LABACE - Congonhas SP - 9 a 11 ago.2022 - Abesata","og_url":"https:\/\/www.abesata.org\/br\/labace-congonhas-sp-9-a-11-ago-2022\/","og_site_name":"Abesata","article_publisher":"https:\/\/www.facebook.com\/abesata.org\/","article_modified_time":"2022-08-18T16:01:42+00:00","og_image":[{"width":2560,"height":1707,"url":"https:\/\/www.abesata.org\/br\/wp-content\/uploads\/2022\/08\/52277097240_ceaf4f9762_3k-scaled.jpg","type":"image\/jpeg"}],"twitter_card":"summary_large_image","schema":{"@context":"https:\/\/schema.org","@graph":[{"@type":"WebPage","@id":"https:\/\/www.abesata.org\/br\/labace-congonhas-sp-9-a-11-ago-2022\/","url":"https:\/\/www.abesata.org\/br\/labace-congonhas-sp-9-a-11-ago-2022\/","name":"LABACE - Congonhas SP - 9 a 11 ago.2022 - Abesata","isPartOf":{"@id":"https:\/\/www.abesata.org\/br\/#website"},"primaryImageOfPage":{"@id":"https:\/\/www.abesata.org\/br\/labace-congonhas-sp-9-a-11-ago-2022\/#primaryimage"},"image":{"@id":"https:\/\/www.abesata.org\/br\/labace-congonhas-sp-9-a-11-ago-2022\/#primaryimage"},"thumbnailUrl":"https:\/\/www.abesata.org\/br\/wp-content\/uploads\/2022\/08\/52277097240_ceaf4f9762_3k-1024x683.jpg","datePublished":"2022-08-15T14:00:16+00:00","dateModified":"2022-08-18T16:01:42+00:00","breadcrumb":{"@id":"https:\/\/www.abesata.org\/br\/labace-congonhas-sp-9-a-11-ago-2022\/#breadcrumb"},"inLanguage":"pt-BR","potentialAction":[{"@type":"ReadAction","target":["https:\/\/www.abesata.org\/br\/labace-congonhas-sp-9-a-11-ago-2022\/"]}]},{"@type":"ImageObject","inLanguage":"pt-BR","@id":"https:\/\/www.abesata.org\/br\/labace-congonhas-sp-9-a-11-ago-2022\/#primaryimage","url":"https:\/\/www.abesata.org\/br\/wp-content\/uploads\/2022\/08\/52277097240_ceaf4f9762_3k-scaled.jpg","contentUrl":"https:\/\/www.abesata.org\/br\/wp-content\/uploads\/2022\/08\/52277097240_ceaf4f9762_3k-scaled.jpg","width":2560,"height":1707},{"@type":"BreadcrumbList","@id":"https:\/\/www.abesata.org\/br\/labace-congonhas-sp-9-a-11-ago-2022\/#breadcrumb","itemListElement":[{"@type":"ListItem","position":1,"name":"In\u00edcio","item":"https:\/\/www.abesata.org\/br\/"},{"@type":"ListItem","position":2,"name":"LABACE &#8211; Congonhas SP &#8211; 9 a 11 ago.2022"}]},{"@type":"WebSite","@id":"https:\/\/www.abesata.org\/br\/#website","url":"https:\/\/www.abesata.org\/br\/","name":"Abesata","description":"Associa\u00e7\u00e3o Brasileira das Empresas de Servi\u00e7os Auxiliares de Transporte A\u00e9reo","publisher":{"@id":"https:\/\/www.abesata.org\/br\/#organization"},"potentialAction":[{"@type":"SearchAction","target":{"@type":"EntryPoint","urlTemplate":"https:\/\/www.abesata.org\/br\/?s={search_term_string}"},"query-input":{"@type":"PropertyValueSpecification","valueRequired":true,"valueName":"search_term_string"}}],"inLanguage":"pt-BR"},{"@type":"Organization","@id":"https:\/\/www.abesata.org\/br\/#organization","name":"Associa\u00e7\u00e3o Brasileira das Empresas de Servi\u00e7os Auxiliares de Transporte A\u00e9reo","alternateName":"Abesata","url":"https:\/\/www.abesata.org\/br\/","logo":{"@type":"ImageObject","inLanguage":"pt-BR","@id":"https:\/\/www.abesata.org\/br\/#\/schema\/logo\/image\/","url":"https:\/\/www.abesata.org\/br\/wp-content\/uploads\/2023\/10\/Abesata.png","contentUrl":"https:\/\/www.abesata.org\/br\/wp-content\/uploads\/2023\/10\/Abesata.png","width":1063,"height":591,"caption":"Associa\u00e7\u00e3o Brasileira das Empresas de Servi\u00e7os Auxiliares de Transporte A\u00e9reo"},"image":{"@id":"https:\/\/www.abesata.org\/br\/#\/schema\/logo\/image\/"},"sameAs":["https:\/\/www.facebook.com\/abesata.org\/","https:\/\/www.instagram.com\/abesata_gh\/","https:\/\/br.linkedin.com\/company\/abesata"]}]}},"_links":{"self":[{"href":"https:\/\/www.abesata.org\/br\/wp-json\/wp\/v2\/pages\/15137","targetHints":{"allow":["GET"]}}],"collection":[{"href":"https:\/\/www.abesata.org\/br\/wp-json\/wp\/v2\/pages"}],"about":[{"href":"https:\/\/www.abesata.org\/br\/wp-json\/wp\/v2\/types\/page"}],"author":[{"embeddable":true,"href":"https:\/\/www.abesata.org\/br\/wp-json\/wp\/v2\/users\/135"}],"replies":[{"embeddable":true,"href":"https:\/\/www.abesata.org\/br\/wp-json\/wp\/v2\/comments?post=15137"}],"version-history":[{"count":0,"href":"https:\/\/www.abesata.org\/br\/wp-json\/wp\/v2\/pages\/15137\/revisions"}],"wp:attachment":[{"href":"https:\/\/www.abesata.org\/br\/wp-json\/wp\/v2\/media?parent=15137"}],"curies":[{"name":"wp","href":"https:\/\/api.w.org\/{rel}","templated":true}]}}