{"id":15674,"date":"2023-03-08T18:56:27","date_gmt":"2023-03-08T18:56:27","guid":{"rendered":"http:\/\/www.abesata.org\/br\/?page_id=15674"},"modified":"2023-03-08T18:56:28","modified_gmt":"2023-03-08T18:56:28","slug":"reuniao-da-cnt-brasilia-df-07-mar-2023","status":"publish","type":"page","link":"https:\/\/www.abesata.org\/br\/reuniao-da-cnt-brasilia-df-07-mar-2023\/","title":{"rendered":"Reuni\u00e3o da CNT, Bras\u00edlia &#8211; DF &#8211; 07 Mar.2023"},"content":{"rendered":"\n<figure class=\"wp-block-gallery columns-1 is-cropped wp-block-gallery-1 is-layout-flex wp-block-gallery-is-layout-flex\"><ul class=\"blocks-gallery-grid\"><li class=\"blocks-gallery-item\"><figure><img fetchpriority=\"high\" decoding=\"async\" width=\"1024\" height=\"768\" src=\"https:\/\/www.abesata.org\/br\/wp-content\/uploads\/2023\/03\/WhatsApp-Image-2023-03-08-at-14.50.30-4.jpeg\" alt=\"\" data-id=\"15675\" data-full-url=\"https:\/\/www.abesata.org\/br\/wp-content\/uploads\/2023\/03\/WhatsApp-Image-2023-03-08-at-14.50.30-4.jpeg\" data-link=\"https:\/\/www.abesata.org\/br\/?attachment_id=15675\" class=\"wp-image-15675\" srcset=\"https:\/\/www.abesata.org\/br\/wp-content\/uploads\/2023\/03\/WhatsApp-Image-2023-03-08-at-14.50.30-4.jpeg 1024w, https:\/\/www.abesata.org\/br\/wp-content\/uploads\/2023\/03\/WhatsApp-Image-2023-03-08-at-14.50.30-4-300x225.jpeg 300w, https:\/\/www.abesata.org\/br\/wp-content\/uploads\/2023\/03\/WhatsApp-Image-2023-03-08-at-14.50.30-4-768x576.jpeg 768w, https:\/\/www.abesata.org\/br\/wp-content\/uploads\/2023\/03\/WhatsApp-Image-2023-03-08-at-14.50.30-4-200x150.jpeg 200w, https:\/\/www.abesata.org\/br\/wp-content\/uploads\/2023\/03\/WhatsApp-Image-2023-03-08-at-14.50.30-4-150x113.jpeg 150w\" sizes=\"(max-width: 1024px) 100vw, 1024px\" \/><\/figure><\/li><\/ul><\/figure>\n\n\n\n<figure class=\"wp-block-gallery columns-1 is-cropped wp-block-gallery-2 is-layout-flex wp-block-gallery-is-layout-flex\"><ul class=\"blocks-gallery-grid\"><li class=\"blocks-gallery-item\"><figure><img decoding=\"async\" width=\"1024\" height=\"732\" src=\"https:\/\/www.abesata.org\/br\/wp-content\/uploads\/2023\/03\/WhatsApp-Image-2023-03-08-at-14.50.30-5.jpeg\" alt=\"\" data-id=\"15676\" data-full-url=\"https:\/\/www.abesata.org\/br\/wp-content\/uploads\/2023\/03\/WhatsApp-Image-2023-03-08-at-14.50.30-5.jpeg\" data-link=\"https:\/\/www.abesata.org\/br\/?attachment_id=15676\" class=\"wp-image-15676\" srcset=\"https:\/\/www.abesata.org\/br\/wp-content\/uploads\/2023\/03\/WhatsApp-Image-2023-03-08-at-14.50.30-5.jpeg 1024w, https:\/\/www.abesata.org\/br\/wp-content\/uploads\/2023\/03\/WhatsApp-Image-2023-03-08-at-14.50.30-5-300x214.jpeg 300w, https:\/\/www.abesata.org\/br\/wp-content\/uploads\/2023\/03\/WhatsApp-Image-2023-03-08-at-14.50.30-5-768x549.jpeg 768w, https:\/\/www.abesata.org\/br\/wp-content\/uploads\/2023\/03\/WhatsApp-Image-2023-03-08-at-14.50.30-5-210x150.jpeg 210w, https:\/\/www.abesata.org\/br\/wp-content\/uploads\/2023\/03\/WhatsApp-Image-2023-03-08-at-14.50.30-5-150x107.jpeg 150w\" sizes=\"(max-width: 1024px) 100vw, 1024px\" \/><\/figure><\/li><\/ul><\/figure>\n\n\n\n<figure class=\"wp-block-gallery columns-1 is-cropped wp-block-gallery-3 is-layout-flex wp-block-gallery-is-layout-flex\"><ul class=\"blocks-gallery-grid\"><li class=\"blocks-gallery-item\"><figure><img decoding=\"async\" width=\"768\" height=\"1024\" src=\"https:\/\/www.abesata.org\/br\/wp-content\/uploads\/2023\/03\/WhatsApp-Image-2023-03-08-at-14.50.31.jpeg\" alt=\"\" data-id=\"15677\" data-full-url=\"https:\/\/www.abesata.org\/br\/wp-content\/uploads\/2023\/03\/WhatsApp-Image-2023-03-08-at-14.50.31.jpeg\" data-link=\"https:\/\/www.abesata.org\/br\/?attachment_id=15677\" class=\"wp-image-15677\" srcset=\"https:\/\/www.abesata.org\/br\/wp-content\/uploads\/2023\/03\/WhatsApp-Image-2023-03-08-at-14.50.31.jpeg 768w, https:\/\/www.abesata.org\/br\/wp-content\/uploads\/2023\/03\/WhatsApp-Image-2023-03-08-at-14.50.31-225x300.jpeg 225w, https:\/\/www.abesata.org\/br\/wp-content\/uploads\/2023\/03\/WhatsApp-Image-2023-03-08-at-14.50.31-113x150.jpeg 113w\" sizes=\"(max-width: 768px) 100vw, 768px\" \/><\/figure><\/li><\/ul><\/figure>\n\n\n\n<figure class=\"wp-block-gallery columns-1 is-cropped wp-block-gallery-4 is-layout-flex wp-block-gallery-is-layout-flex\"><ul class=\"blocks-gallery-grid\"><li class=\"blocks-gallery-item\"><figure><img loading=\"lazy\" decoding=\"async\" width=\"768\" height=\"1024\" src=\"https:\/\/www.abesata.org\/br\/wp-content\/uploads\/2023\/03\/WhatsApp-Image-2023-03-08-at-14.50.31-1.jpeg\" alt=\"\" data-id=\"15678\" data-full-url=\"https:\/\/www.abesata.org\/br\/wp-content\/uploads\/2023\/03\/WhatsApp-Image-2023-03-08-at-14.50.31-1.jpeg\" data-link=\"https:\/\/www.abesata.org\/br\/?attachment_id=15678\" class=\"wp-image-15678\" srcset=\"https:\/\/www.abesata.org\/br\/wp-content\/uploads\/2023\/03\/WhatsApp-Image-2023-03-08-at-14.50.31-1.jpeg 768w, https:\/\/www.abesata.org\/br\/wp-content\/uploads\/2023\/03\/WhatsApp-Image-2023-03-08-at-14.50.31-1-225x300.jpeg 225w, https:\/\/www.abesata.org\/br\/wp-content\/uploads\/2023\/03\/WhatsApp-Image-2023-03-08-at-14.50.31-1-113x150.jpeg 113w\" sizes=\"(max-width: 768px) 100vw, 768px\" \/><\/figure><\/li><\/ul><\/figure>\n\n\n\n<figure class=\"wp-block-gallery columns-1 is-cropped wp-block-gallery-5 is-layout-flex wp-block-gallery-is-layout-flex\"><ul class=\"blocks-gallery-grid\"><li class=\"blocks-gallery-item\"><figure><img loading=\"lazy\" decoding=\"async\" width=\"1024\" height=\"768\" src=\"https:\/\/www.abesata.org\/br\/wp-content\/uploads\/2023\/03\/WhatsApp-Image-2023-03-08-at-14.50.30-6.jpeg\" alt=\"\" data-id=\"15688\" data-full-url=\"https:\/\/www.abesata.org\/br\/wp-content\/uploads\/2023\/03\/WhatsApp-Image-2023-03-08-at-14.50.30-6.jpeg\" data-link=\"https:\/\/www.abesata.org\/br\/?attachment_id=15688\" class=\"wp-image-15688\" srcset=\"https:\/\/www.abesata.org\/br\/wp-content\/uploads\/2023\/03\/WhatsApp-Image-2023-03-08-at-14.50.30-6.jpeg 1024w, https:\/\/www.abesata.org\/br\/wp-content\/uploads\/2023\/03\/WhatsApp-Image-2023-03-08-at-14.50.30-6-300x225.jpeg 300w, https:\/\/www.abesata.org\/br\/wp-content\/uploads\/2023\/03\/WhatsApp-Image-2023-03-08-at-14.50.30-6-768x576.jpeg 768w, https:\/\/www.abesata.org\/br\/wp-content\/uploads\/2023\/03\/WhatsApp-Image-2023-03-08-at-14.50.30-6-200x150.jpeg 200w, https:\/\/www.abesata.org\/br\/wp-content\/uploads\/2023\/03\/WhatsApp-Image-2023-03-08-at-14.50.30-6-150x113.jpeg 150w\" sizes=\"(max-width: 1024px) 100vw, 1024px\" \/><\/figure><\/li><\/ul><\/figure>\n\n\n\n<figure class=\"wp-block-gallery columns-1 is-cropped wp-block-gallery-6 is-layout-flex wp-block-gallery-is-layout-flex\"><ul class=\"blocks-gallery-grid\"><li class=\"blocks-gallery-item\"><figure><img loading=\"lazy\" decoding=\"async\" width=\"917\" height=\"1024\" src=\"https:\/\/www.abesata.org\/br\/wp-content\/uploads\/2023\/03\/WhatsApp-Image-2023-03-08-at-14.50.30-7.jpeg\" alt=\"\" data-id=\"15689\" data-full-url=\"https:\/\/www.abesata.org\/br\/wp-content\/uploads\/2023\/03\/WhatsApp-Image-2023-03-08-at-14.50.30-7.jpeg\" data-link=\"https:\/\/www.abesata.org\/br\/?attachment_id=15689\" class=\"wp-image-15689\" srcset=\"https:\/\/www.abesata.org\/br\/wp-content\/uploads\/2023\/03\/WhatsApp-Image-2023-03-08-at-14.50.30-7.jpeg 917w, https:\/\/www.abesata.org\/br\/wp-content\/uploads\/2023\/03\/WhatsApp-Image-2023-03-08-at-14.50.30-7-269x300.jpeg 269w, https:\/\/www.abesata.org\/br\/wp-content\/uploads\/2023\/03\/WhatsApp-Image-2023-03-08-at-14.50.30-7-768x858.jpeg 768w, https:\/\/www.abesata.org\/br\/wp-content\/uploads\/2023\/03\/WhatsApp-Image-2023-03-08-at-14.50.30-7-134x150.jpeg 134w\" sizes=\"(max-width: 917px) 100vw, 917px\" \/><\/figure><\/li><\/ul><\/figure>\n\n\n\n<figure class=\"wp-block-gallery columns-1 is-cropped wp-block-gallery-7 is-layout-flex wp-block-gallery-is-layout-flex\"><ul class=\"blocks-gallery-grid\"><li class=\"blocks-gallery-item\"><figure><img loading=\"lazy\" decoding=\"async\" width=\"768\" height=\"1024\" src=\"https:\/\/www.abesata.org\/br\/wp-content\/uploads\/2023\/03\/WhatsApp-Image-2023-03-08-at-14.50.31-3.jpeg\" alt=\"\" data-id=\"15679\" data-full-url=\"https:\/\/www.abesata.org\/br\/wp-content\/uploads\/2023\/03\/WhatsApp-Image-2023-03-08-at-14.50.31-3.jpeg\" data-link=\"https:\/\/www.abesata.org\/br\/?attachment_id=15679\" class=\"wp-image-15679\" srcset=\"https:\/\/www.abesata.org\/br\/wp-content\/uploads\/2023\/03\/WhatsApp-Image-2023-03-08-at-14.50.31-3.jpeg 768w, https:\/\/www.abesata.org\/br\/wp-content\/uploads\/2023\/03\/WhatsApp-Image-2023-03-08-at-14.50.31-3-225x300.jpeg 225w, https:\/\/www.abesata.org\/br\/wp-content\/uploads\/2023\/03\/WhatsApp-Image-2023-03-08-at-14.50.31-3-113x150.jpeg 113w\" sizes=\"(max-width: 768px) 100vw, 768px\" \/><\/figure><\/li><\/ul><\/figure>\n\n\n\n<figure class=\"wp-block-gallery columns-1 is-cropped wp-block-gallery-8 is-layout-flex wp-block-gallery-is-layout-flex\"><ul class=\"blocks-gallery-grid\"><li class=\"blocks-gallery-item\"><figure><img loading=\"lazy\" decoding=\"async\" width=\"768\" height=\"1024\" src=\"https:\/\/www.abesata.org\/br\/wp-content\/uploads\/2023\/03\/WhatsApp-Image-2023-03-08-at-14.50.30-2.jpeg\" alt=\"\" data-id=\"15680\" data-full-url=\"https:\/\/www.abesata.org\/br\/wp-content\/uploads\/2023\/03\/WhatsApp-Image-2023-03-08-at-14.50.30-2.jpeg\" data-link=\"https:\/\/www.abesata.org\/br\/?attachment_id=15680\" class=\"wp-image-15680\" srcset=\"https:\/\/www.abesata.org\/br\/wp-content\/uploads\/2023\/03\/WhatsApp-Image-2023-03-08-at-14.50.30-2.jpeg 768w, https:\/\/www.abesata.org\/br\/wp-content\/uploads\/2023\/03\/WhatsApp-Image-2023-03-08-at-14.50.30-2-225x300.jpeg 225w, https:\/\/www.abesata.org\/br\/wp-content\/uploads\/2023\/03\/WhatsApp-Image-2023-03-08-at-14.50.30-2-113x150.jpeg 113w\" sizes=\"(max-width: 768px) 100vw, 768px\" \/><\/figure><\/li><\/ul><\/figure>\n\n\n\n<figure class=\"wp-block-gallery columns-1 is-cropped wp-block-gallery-9 is-layout-flex wp-block-gallery-is-layout-flex\"><ul class=\"blocks-gallery-grid\"><li class=\"blocks-gallery-item\"><figure><img loading=\"lazy\" decoding=\"async\" width=\"620\" height=\"1024\" src=\"https:\/\/www.abesata.org\/br\/wp-content\/uploads\/2023\/03\/WhatsApp-Image-2023-03-08-at-14.50.31-5.jpeg\" alt=\"\" data-id=\"15681\" data-full-url=\"https:\/\/www.abesata.org\/br\/wp-content\/uploads\/2023\/03\/WhatsApp-Image-2023-03-08-at-14.50.31-5.jpeg\" data-link=\"https:\/\/www.abesata.org\/br\/?attachment_id=15681\" class=\"wp-image-15681\" srcset=\"https:\/\/www.abesata.org\/br\/wp-content\/uploads\/2023\/03\/WhatsApp-Image-2023-03-08-at-14.50.31-5.jpeg 620w, https:\/\/www.abesata.org\/br\/wp-content\/uploads\/2023\/03\/WhatsApp-Image-2023-03-08-at-14.50.31-5-182x300.jpeg 182w, https:\/\/www.abesata.org\/br\/wp-content\/uploads\/2023\/03\/WhatsApp-Image-2023-03-08-at-14.50.31-5-91x150.jpeg 91w\" sizes=\"(max-width: 620px) 100vw, 620px\" \/><\/figure><\/li><\/ul><\/figure>\n\n\n\n<figure class=\"wp-block-gallery columns-1 is-cropped wp-block-gallery-10 is-layout-flex wp-block-gallery-is-layout-flex\"><ul class=\"blocks-gallery-grid\"><li class=\"blocks-gallery-item\"><figure><img loading=\"lazy\" decoding=\"async\" width=\"610\" height=\"1024\" src=\"https:\/\/www.abesata.org\/br\/wp-content\/uploads\/2023\/03\/WhatsApp-Image-2023-03-08-at-14.50.31-2.jpeg\" alt=\"\" data-id=\"15682\" data-full-url=\"https:\/\/www.abesata.org\/br\/wp-content\/uploads\/2023\/03\/WhatsApp-Image-2023-03-08-at-14.50.31-2.jpeg\" data-link=\"https:\/\/www.abesata.org\/br\/?attachment_id=15682\" class=\"wp-image-15682\" srcset=\"https:\/\/www.abesata.org\/br\/wp-content\/uploads\/2023\/03\/WhatsApp-Image-2023-03-08-at-14.50.31-2.jpeg 610w, https:\/\/www.abesata.org\/br\/wp-content\/uploads\/2023\/03\/WhatsApp-Image-2023-03-08-at-14.50.31-2-179x300.jpeg 179w, https:\/\/www.abesata.org\/br\/wp-content\/uploads\/2023\/03\/WhatsApp-Image-2023-03-08-at-14.50.31-2-89x150.jpeg 89w\" sizes=\"(max-width: 610px) 100vw, 610px\" \/><\/figure><\/li><\/ul><\/figure>\n\n\n\n<figure class=\"wp-block-gallery columns-1 is-cropped wp-block-gallery-11 is-layout-flex wp-block-gallery-is-layout-flex\"><ul class=\"blocks-gallery-grid\"><li class=\"blocks-gallery-item\"><figure><img loading=\"lazy\" decoding=\"async\" width=\"768\" height=\"1024\" src=\"https:\/\/www.abesata.org\/br\/wp-content\/uploads\/2023\/03\/WhatsApp-Image-2023-03-08-at-14.50.30-1.jpeg\" alt=\"\" data-id=\"15683\" data-full-url=\"https:\/\/www.abesata.org\/br\/wp-content\/uploads\/2023\/03\/WhatsApp-Image-2023-03-08-at-14.50.30-1.jpeg\" data-link=\"https:\/\/www.abesata.org\/br\/?attachment_id=15683\" class=\"wp-image-15683\" srcset=\"https:\/\/www.abesata.org\/br\/wp-content\/uploads\/2023\/03\/WhatsApp-Image-2023-03-08-at-14.50.30-1.jpeg 768w, https:\/\/www.abesata.org\/br\/wp-content\/uploads\/2023\/03\/WhatsApp-Image-2023-03-08-at-14.50.30-1-225x300.jpeg 225w, https:\/\/www.abesata.org\/br\/wp-content\/uploads\/2023\/03\/WhatsApp-Image-2023-03-08-at-14.50.30-1-113x150.jpeg 113w\" sizes=\"(max-width: 768px) 100vw, 768px\" \/><\/figure><\/li><\/ul><\/figure>\n\n\n\n<figure class=\"wp-block-gallery columns-1 is-cropped wp-block-gallery-12 is-layout-flex wp-block-gallery-is-layout-flex\"><ul class=\"blocks-gallery-grid\"><li class=\"blocks-gallery-item\"><figure><img loading=\"lazy\" decoding=\"async\" width=\"768\" height=\"1024\" src=\"https:\/\/www.abesata.org\/br\/wp-content\/uploads\/2023\/03\/WhatsApp-Image-2023-03-08-at-14.50.30.jpeg\" alt=\"\" data-id=\"15684\" data-full-url=\"https:\/\/www.abesata.org\/br\/wp-content\/uploads\/2023\/03\/WhatsApp-Image-2023-03-08-at-14.50.30.jpeg\" data-link=\"https:\/\/www.abesata.org\/br\/?attachment_id=15684\" class=\"wp-image-15684\" srcset=\"https:\/\/www.abesata.org\/br\/wp-content\/uploads\/2023\/03\/WhatsApp-Image-2023-03-08-at-14.50.30.jpeg 768w, https:\/\/www.abesata.org\/br\/wp-content\/uploads\/2023\/03\/WhatsApp-Image-2023-03-08-at-14.50.30-225x300.jpeg 225w, https:\/\/www.abesata.org\/br\/wp-content\/uploads\/2023\/03\/WhatsApp-Image-2023-03-08-at-14.50.30-113x150.jpeg 113w\" sizes=\"(max-width: 768px) 100vw, 768px\" \/><\/figure><\/li><\/ul><\/figure>\n\n\n\n<figure class=\"wp-block-gallery columns-1 is-cropped wp-block-gallery-13 is-layout-flex wp-block-gallery-is-layout-flex\"><ul class=\"blocks-gallery-grid\"><li class=\"blocks-gallery-item\"><figure><img loading=\"lazy\" decoding=\"async\" width=\"768\" height=\"1024\" src=\"https:\/\/www.abesata.org\/br\/wp-content\/uploads\/2023\/03\/WhatsApp-Image-2023-03-08-at-14.50.31-6.jpeg\" alt=\"\" data-id=\"15685\" data-full-url=\"https:\/\/www.abesata.org\/br\/wp-content\/uploads\/2023\/03\/WhatsApp-Image-2023-03-08-at-14.50.31-6.jpeg\" data-link=\"https:\/\/www.abesata.org\/br\/?attachment_id=15685\" class=\"wp-image-15685\" srcset=\"https:\/\/www.abesata.org\/br\/wp-content\/uploads\/2023\/03\/WhatsApp-Image-2023-03-08-at-14.50.31-6.jpeg 768w, https:\/\/www.abesata.org\/br\/wp-content\/uploads\/2023\/03\/WhatsApp-Image-2023-03-08-at-14.50.31-6-225x300.jpeg 225w, https:\/\/www.abesata.org\/br\/wp-content\/uploads\/2023\/03\/WhatsApp-Image-2023-03-08-at-14.50.31-6-113x150.jpeg 113w\" sizes=\"(max-width: 768px) 100vw, 768px\" \/><\/figure><\/li><\/ul><\/figure>\n\n\n\n<figure class=\"wp-block-gallery columns-1 is-cropped wp-block-gallery-14 is-layout-flex wp-block-gallery-is-layout-flex\"><ul class=\"blocks-gallery-grid\"><li class=\"blocks-gallery-item\"><figure><img loading=\"lazy\" decoding=\"async\" width=\"1024\" height=\"768\" src=\"https:\/\/www.abesata.org\/br\/wp-content\/uploads\/2023\/03\/WhatsApp-Image-2023-03-08-at-14.50.31-4.jpeg\" alt=\"\" data-id=\"15686\" data-full-url=\"https:\/\/www.abesata.org\/br\/wp-content\/uploads\/2023\/03\/WhatsApp-Image-2023-03-08-at-14.50.31-4.jpeg\" data-link=\"https:\/\/www.abesata.org\/br\/?attachment_id=15686\" class=\"wp-image-15686\" srcset=\"https:\/\/www.abesata.org\/br\/wp-content\/uploads\/2023\/03\/WhatsApp-Image-2023-03-08-at-14.50.31-4.jpeg 1024w, https:\/\/www.abesata.org\/br\/wp-content\/uploads\/2023\/03\/WhatsApp-Image-2023-03-08-at-14.50.31-4-300x225.jpeg 300w, https:\/\/www.abesata.org\/br\/wp-content\/uploads\/2023\/03\/WhatsApp-Image-2023-03-08-at-14.50.31-4-768x576.jpeg 768w, https:\/\/www.abesata.org\/br\/wp-content\/uploads\/2023\/03\/WhatsApp-Image-2023-03-08-at-14.50.31-4-200x150.jpeg 200w, https:\/\/www.abesata.org\/br\/wp-content\/uploads\/2023\/03\/WhatsApp-Image-2023-03-08-at-14.50.31-4-150x113.jpeg 150w\" sizes=\"(max-width: 1024px) 100vw, 1024px\" \/><\/figure><\/li><\/ul><\/figure>\n\n\n\n<figure class=\"wp-block-gallery columns-1 is-cropped wp-block-gallery-15 is-layout-flex wp-block-gallery-is-layout-flex\"><ul class=\"blocks-gallery-grid\"><li class=\"blocks-gallery-item\"><figure><img loading=\"lazy\" decoding=\"async\" width=\"768\" height=\"1024\" src=\"https:\/\/www.abesata.org\/br\/wp-content\/uploads\/2023\/03\/WhatsApp-Image-2023-03-08-at-14.50.30-3.jpeg\" alt=\"\" data-id=\"15687\" data-full-url=\"https:\/\/www.abesata.org\/br\/wp-content\/uploads\/2023\/03\/WhatsApp-Image-2023-03-08-at-14.50.30-3.jpeg\" data-link=\"https:\/\/www.abesata.org\/br\/?attachment_id=15687\" class=\"wp-image-15687\" srcset=\"https:\/\/www.abesata.org\/br\/wp-content\/uploads\/2023\/03\/WhatsApp-Image-2023-03-08-at-14.50.30-3.jpeg 768w, https:\/\/www.abesata.org\/br\/wp-content\/uploads\/2023\/03\/WhatsApp-Image-2023-03-08-at-14.50.30-3-225x300.jpeg 225w, https:\/\/www.abesata.org\/br\/wp-content\/uploads\/2023\/03\/WhatsApp-Image-2023-03-08-at-14.50.30-3-113x150.jpeg 113w\" sizes=\"(max-width: 768px) 100vw, 768px\" \/><\/figure><\/li><\/ul><\/figure>\n","protected":false},"excerpt":{"rendered":"","protected":false},"author":135,"featured_media":0,"parent":0,"menu_order":0,"comment_status":"closed","ping_status":"closed","template":"","meta":{"footnotes":""},"class_list":["post-15674","page","type-page","status-publish","hentry"],"yoast_head":"<!-- This site is optimized with the Yoast SEO plugin v26.5 - https:\/\/yoast.com\/wordpress\/plugins\/seo\/ -->\n<title>Reuni\u00e3o da CNT, Bras\u00edlia - DF - 07 Mar.2023 - Abesata<\/title>\n<meta name=\"robots\" content=\"index, follow, max-snippet:-1, max-image-preview:large, max-video-preview:-1\" \/>\n<link rel=\"canonical\" href=\"https:\/\/www.abesata.org\/br\/reuniao-da-cnt-brasilia-df-07-mar-2023\/\" \/>\n<meta property=\"og:locale\" content=\"pt_BR\" \/>\n<meta property=\"og:type\" content=\"article\" \/>\n<meta property=\"og:title\" content=\"Reuni\u00e3o da CNT, Bras\u00edlia - DF - 07 Mar.2023 - Abesata\" \/>\n<meta property=\"og:url\" content=\"https:\/\/www.abesata.org\/br\/reuniao-da-cnt-brasilia-df-07-mar-2023\/\" \/>\n<meta property=\"og:site_name\" content=\"Abesata\" \/>\n<meta property=\"article:publisher\" content=\"https:\/\/www.facebook.com\/abesata.org\/\" \/>\n<meta property=\"article:modified_time\" content=\"2023-03-08T18:56:28+00:00\" \/>\n<meta property=\"og:image\" content=\"https:\/\/www.abesata.org\/br\/wp-content\/uploads\/2023\/03\/WhatsApp-Image-2023-03-08-at-14.50.30-4.jpeg\" \/>\n\t<meta property=\"og:image:width\" content=\"1024\" \/>\n\t<meta property=\"og:image:height\" content=\"768\" \/>\n\t<meta property=\"og:image:type\" content=\"image\/jpeg\" \/>\n<meta name=\"twitter:card\" content=\"summary_large_image\" \/>\n<script type=\"application\/ld+json\" class=\"yoast-schema-graph\">{\"@context\":\"https:\/\/schema.org\",\"@graph\":[{\"@type\":\"WebPage\",\"@id\":\"https:\/\/www.abesata.org\/br\/reuniao-da-cnt-brasilia-df-07-mar-2023\/\",\"url\":\"https:\/\/www.abesata.org\/br\/reuniao-da-cnt-brasilia-df-07-mar-2023\/\",\"name\":\"Reuni\u00e3o da CNT, Bras\u00edlia - DF - 07 Mar.2023 - Abesata\",\"isPartOf\":{\"@id\":\"https:\/\/www.abesata.org\/br\/#website\"},\"primaryImageOfPage\":{\"@id\":\"https:\/\/www.abesata.org\/br\/reuniao-da-cnt-brasilia-df-07-mar-2023\/#primaryimage\"},\"image\":{\"@id\":\"https:\/\/www.abesata.org\/br\/reuniao-da-cnt-brasilia-df-07-mar-2023\/#primaryimage\"},\"thumbnailUrl\":\"https:\/\/www.abesata.org\/br\/wp-content\/uploads\/2023\/03\/WhatsApp-Image-2023-03-08-at-14.50.30-4.jpeg\",\"datePublished\":\"2023-03-08T18:56:27+00:00\",\"dateModified\":\"2023-03-08T18:56:28+00:00\",\"breadcrumb\":{\"@id\":\"https:\/\/www.abesata.org\/br\/reuniao-da-cnt-brasilia-df-07-mar-2023\/#breadcrumb\"},\"inLanguage\":\"pt-BR\",\"potentialAction\":[{\"@type\":\"ReadAction\",\"target\":[\"https:\/\/www.abesata.org\/br\/reuniao-da-cnt-brasilia-df-07-mar-2023\/\"]}]},{\"@type\":\"ImageObject\",\"inLanguage\":\"pt-BR\",\"@id\":\"https:\/\/www.abesata.org\/br\/reuniao-da-cnt-brasilia-df-07-mar-2023\/#primaryimage\",\"url\":\"https:\/\/www.abesata.org\/br\/wp-content\/uploads\/2023\/03\/WhatsApp-Image-2023-03-08-at-14.50.30-4.jpeg\",\"contentUrl\":\"https:\/\/www.abesata.org\/br\/wp-content\/uploads\/2023\/03\/WhatsApp-Image-2023-03-08-at-14.50.30-4.jpeg\",\"width\":1024,\"height\":768},{\"@type\":\"BreadcrumbList\",\"@id\":\"https:\/\/www.abesata.org\/br\/reuniao-da-cnt-brasilia-df-07-mar-2023\/#breadcrumb\",\"itemListElement\":[{\"@type\":\"ListItem\",\"position\":1,\"name\":\"In\u00edcio\",\"item\":\"https:\/\/www.abesata.org\/br\/\"},{\"@type\":\"ListItem\",\"position\":2,\"name\":\"Reuni\u00e3o da CNT, Bras\u00edlia &#8211; DF &#8211; 07 Mar.2023\"}]},{\"@type\":\"WebSite\",\"@id\":\"https:\/\/www.abesata.org\/br\/#website\",\"url\":\"https:\/\/www.abesata.org\/br\/\",\"name\":\"Abesata\",\"description\":\"Associa\u00e7\u00e3o Brasileira das Empresas de Servi\u00e7os Auxiliares de Transporte A\u00e9reo\",\"publisher\":{\"@id\":\"https:\/\/www.abesata.org\/br\/#organization\"},\"potentialAction\":[{\"@type\":\"SearchAction\",\"target\":{\"@type\":\"EntryPoint\",\"urlTemplate\":\"https:\/\/www.abesata.org\/br\/?s={search_term_string}\"},\"query-input\":{\"@type\":\"PropertyValueSpecification\",\"valueRequired\":true,\"valueName\":\"search_term_string\"}}],\"inLanguage\":\"pt-BR\"},{\"@type\":\"Organization\",\"@id\":\"https:\/\/www.abesata.org\/br\/#organization\",\"name\":\"Associa\u00e7\u00e3o Brasileira das Empresas de Servi\u00e7os Auxiliares de Transporte A\u00e9reo\",\"alternateName\":\"Abesata\",\"url\":\"https:\/\/www.abesata.org\/br\/\",\"logo\":{\"@type\":\"ImageObject\",\"inLanguage\":\"pt-BR\",\"@id\":\"https:\/\/www.abesata.org\/br\/#\/schema\/logo\/image\/\",\"url\":\"https:\/\/www.abesata.org\/br\/wp-content\/uploads\/2023\/10\/Abesata.png\",\"contentUrl\":\"https:\/\/www.abesata.org\/br\/wp-content\/uploads\/2023\/10\/Abesata.png\",\"width\":1063,\"height\":591,\"caption\":\"Associa\u00e7\u00e3o Brasileira das Empresas de Servi\u00e7os Auxiliares de Transporte A\u00e9reo\"},\"image\":{\"@id\":\"https:\/\/www.abesata.org\/br\/#\/schema\/logo\/image\/\"},\"sameAs\":[\"https:\/\/www.facebook.com\/abesata.org\/\",\"https:\/\/www.instagram.com\/abesata_gh\/\",\"https:\/\/br.linkedin.com\/company\/abesata\"]}]}<\/script>\n<!-- \/ Yoast SEO plugin. -->","yoast_head_json":{"title":"Reuni\u00e3o da CNT, Bras\u00edlia - DF - 07 Mar.2023 - Abesata","robots":{"index":"index","follow":"follow","max-snippet":"max-snippet:-1","max-image-preview":"max-image-preview:large","max-video-preview":"max-video-preview:-1"},"canonical":"https:\/\/www.abesata.org\/br\/reuniao-da-cnt-brasilia-df-07-mar-2023\/","og_locale":"pt_BR","og_type":"article","og_title":"Reuni\u00e3o da CNT, Bras\u00edlia - DF - 07 Mar.2023 - Abesata","og_url":"https:\/\/www.abesata.org\/br\/reuniao-da-cnt-brasilia-df-07-mar-2023\/","og_site_name":"Abesata","article_publisher":"https:\/\/www.facebook.com\/abesata.org\/","article_modified_time":"2023-03-08T18:56:28+00:00","og_image":[{"width":1024,"height":768,"url":"https:\/\/www.abesata.org\/br\/wp-content\/uploads\/2023\/03\/WhatsApp-Image-2023-03-08-at-14.50.30-4.jpeg","type":"image\/jpeg"}],"twitter_card":"summary_large_image","schema":{"@context":"https:\/\/schema.org","@graph":[{"@type":"WebPage","@id":"https:\/\/www.abesata.org\/br\/reuniao-da-cnt-brasilia-df-07-mar-2023\/","url":"https:\/\/www.abesata.org\/br\/reuniao-da-cnt-brasilia-df-07-mar-2023\/","name":"Reuni\u00e3o da CNT, Bras\u00edlia - DF - 07 Mar.2023 - Abesata","isPartOf":{"@id":"https:\/\/www.abesata.org\/br\/#website"},"primaryImageOfPage":{"@id":"https:\/\/www.abesata.org\/br\/reuniao-da-cnt-brasilia-df-07-mar-2023\/#primaryimage"},"image":{"@id":"https:\/\/www.abesata.org\/br\/reuniao-da-cnt-brasilia-df-07-mar-2023\/#primaryimage"},"thumbnailUrl":"https:\/\/www.abesata.org\/br\/wp-content\/uploads\/2023\/03\/WhatsApp-Image-2023-03-08-at-14.50.30-4.jpeg","datePublished":"2023-03-08T18:56:27+00:00","dateModified":"2023-03-08T18:56:28+00:00","breadcrumb":{"@id":"https:\/\/www.abesata.org\/br\/reuniao-da-cnt-brasilia-df-07-mar-2023\/#breadcrumb"},"inLanguage":"pt-BR","potentialAction":[{"@type":"ReadAction","target":["https:\/\/www.abesata.org\/br\/reuniao-da-cnt-brasilia-df-07-mar-2023\/"]}]},{"@type":"ImageObject","inLanguage":"pt-BR","@id":"https:\/\/www.abesata.org\/br\/reuniao-da-cnt-brasilia-df-07-mar-2023\/#primaryimage","url":"https:\/\/www.abesata.org\/br\/wp-content\/uploads\/2023\/03\/WhatsApp-Image-2023-03-08-at-14.50.30-4.jpeg","contentUrl":"https:\/\/www.abesata.org\/br\/wp-content\/uploads\/2023\/03\/WhatsApp-Image-2023-03-08-at-14.50.30-4.jpeg","width":1024,"height":768},{"@type":"BreadcrumbList","@id":"https:\/\/www.abesata.org\/br\/reuniao-da-cnt-brasilia-df-07-mar-2023\/#breadcrumb","itemListElement":[{"@type":"ListItem","position":1,"name":"In\u00edcio","item":"https:\/\/www.abesata.org\/br\/"},{"@type":"ListItem","position":2,"name":"Reuni\u00e3o da CNT, Bras\u00edlia &#8211; DF &#8211; 07 Mar.2023"}]},{"@type":"WebSite","@id":"https:\/\/www.abesata.org\/br\/#website","url":"https:\/\/www.abesata.org\/br\/","name":"Abesata","description":"Associa\u00e7\u00e3o Brasileira das Empresas de Servi\u00e7os Auxiliares de Transporte A\u00e9reo","publisher":{"@id":"https:\/\/www.abesata.org\/br\/#organization"},"potentialAction":[{"@type":"SearchAction","target":{"@type":"EntryPoint","urlTemplate":"https:\/\/www.abesata.org\/br\/?s={search_term_string}"},"query-input":{"@type":"PropertyValueSpecification","valueRequired":true,"valueName":"search_term_string"}}],"inLanguage":"pt-BR"},{"@type":"Organization","@id":"https:\/\/www.abesata.org\/br\/#organization","name":"Associa\u00e7\u00e3o Brasileira das Empresas de Servi\u00e7os Auxiliares de Transporte A\u00e9reo","alternateName":"Abesata","url":"https:\/\/www.abesata.org\/br\/","logo":{"@type":"ImageObject","inLanguage":"pt-BR","@id":"https:\/\/www.abesata.org\/br\/#\/schema\/logo\/image\/","url":"https:\/\/www.abesata.org\/br\/wp-content\/uploads\/2023\/10\/Abesata.png","contentUrl":"https:\/\/www.abesata.org\/br\/wp-content\/uploads\/2023\/10\/Abesata.png","width":1063,"height":591,"caption":"Associa\u00e7\u00e3o Brasileira das Empresas de Servi\u00e7os Auxiliares de Transporte A\u00e9reo"},"image":{"@id":"https:\/\/www.abesata.org\/br\/#\/schema\/logo\/image\/"},"sameAs":["https:\/\/www.facebook.com\/abesata.org\/","https:\/\/www.instagram.com\/abesata_gh\/","https:\/\/br.linkedin.com\/company\/abesata"]}]}},"_links":{"self":[{"href":"https:\/\/www.abesata.org\/br\/wp-json\/wp\/v2\/pages\/15674","targetHints":{"allow":["GET"]}}],"collection":[{"href":"https:\/\/www.abesata.org\/br\/wp-json\/wp\/v2\/pages"}],"about":[{"href":"https:\/\/www.abesata.org\/br\/wp-json\/wp\/v2\/types\/page"}],"author":[{"embeddable":true,"href":"https:\/\/www.abesata.org\/br\/wp-json\/wp\/v2\/users\/135"}],"replies":[{"embeddable":true,"href":"https:\/\/www.abesata.org\/br\/wp-json\/wp\/v2\/comments?post=15674"}],"version-history":[{"count":0,"href":"https:\/\/www.abesata.org\/br\/wp-json\/wp\/v2\/pages\/15674\/revisions"}],"wp:attachment":[{"href":"https:\/\/www.abesata.org\/br\/wp-json\/wp\/v2\/media?parent=15674"}],"curies":[{"name":"wp","href":"https:\/\/api.w.org\/{rel}","templated":true}]}}