{"id":15761,"date":"2023-05-17T20:25:00","date_gmt":"2023-05-17T20:25:00","guid":{"rendered":"http:\/\/www.abesata.org\/br\/?page_id=15761"},"modified":"2023-05-19T01:06:53","modified_gmt":"2023-05-19T01:06:53","slug":"lancamento-de-atuacao-quadrienio-2023-2027-brasilia-df-16-mai-23","status":"publish","type":"page","link":"https:\/\/www.abesata.org\/br\/lancamento-de-atuacao-quadrienio-2023-2027-brasilia-df-16-mai-23\/","title":{"rendered":"Lan\u00e7amento da FRENLOGI &#8211; Bras\u00edlia &#8211; DF &#8211; 16 maio.2023"},"content":{"rendered":"\n<figure class=\"wp-block-image size-large\"><img fetchpriority=\"high\" decoding=\"async\" width=\"1024\" height=\"768\" src=\"https:\/\/www.abesata.org\/br\/wp-content\/uploads\/2023\/05\/WhatsApp-Image-2023-05-17-at-13.17.38-5.jpeg\" alt=\"\" class=\"wp-image-15762\" srcset=\"https:\/\/www.abesata.org\/br\/wp-content\/uploads\/2023\/05\/WhatsApp-Image-2023-05-17-at-13.17.38-5.jpeg 1024w, https:\/\/www.abesata.org\/br\/wp-content\/uploads\/2023\/05\/WhatsApp-Image-2023-05-17-at-13.17.38-5-300x225.jpeg 300w, https:\/\/www.abesata.org\/br\/wp-content\/uploads\/2023\/05\/WhatsApp-Image-2023-05-17-at-13.17.38-5-768x576.jpeg 768w, https:\/\/www.abesata.org\/br\/wp-content\/uploads\/2023\/05\/WhatsApp-Image-2023-05-17-at-13.17.38-5-200x150.jpeg 200w, https:\/\/www.abesata.org\/br\/wp-content\/uploads\/2023\/05\/WhatsApp-Image-2023-05-17-at-13.17.38-5-150x113.jpeg 150w\" sizes=\"(max-width: 1024px) 100vw, 1024px\" \/><\/figure>\n\n\n\n<ul class=\"wp-block-list\"><li><\/li><\/ul>\n\n\n\n<figure class=\"wp-block-image size-large\"><img decoding=\"async\" width=\"1024\" height=\"768\" src=\"https:\/\/www.abesata.org\/br\/wp-content\/uploads\/2023\/05\/WhatsApp-Image-2023-05-17-at-13.17.38-6.jpeg\" alt=\"\" class=\"wp-image-15763\" srcset=\"https:\/\/www.abesata.org\/br\/wp-content\/uploads\/2023\/05\/WhatsApp-Image-2023-05-17-at-13.17.38-6.jpeg 1024w, https:\/\/www.abesata.org\/br\/wp-content\/uploads\/2023\/05\/WhatsApp-Image-2023-05-17-at-13.17.38-6-300x225.jpeg 300w, https:\/\/www.abesata.org\/br\/wp-content\/uploads\/2023\/05\/WhatsApp-Image-2023-05-17-at-13.17.38-6-768x576.jpeg 768w, https:\/\/www.abesata.org\/br\/wp-content\/uploads\/2023\/05\/WhatsApp-Image-2023-05-17-at-13.17.38-6-200x150.jpeg 200w, https:\/\/www.abesata.org\/br\/wp-content\/uploads\/2023\/05\/WhatsApp-Image-2023-05-17-at-13.17.38-6-150x113.jpeg 150w\" sizes=\"(max-width: 1024px) 100vw, 1024px\" \/><\/figure>\n\n\n\n<figure class=\"wp-block-image size-large\"><img decoding=\"async\" width=\"1024\" height=\"768\" src=\"https:\/\/www.abesata.org\/br\/wp-content\/uploads\/2023\/05\/WhatsApp-Image-2023-05-17-at-13.17.38-4.jpeg\" alt=\"\" class=\"wp-image-15764\" srcset=\"https:\/\/www.abesata.org\/br\/wp-content\/uploads\/2023\/05\/WhatsApp-Image-2023-05-17-at-13.17.38-4.jpeg 1024w, https:\/\/www.abesata.org\/br\/wp-content\/uploads\/2023\/05\/WhatsApp-Image-2023-05-17-at-13.17.38-4-300x225.jpeg 300w, https:\/\/www.abesata.org\/br\/wp-content\/uploads\/2023\/05\/WhatsApp-Image-2023-05-17-at-13.17.38-4-768x576.jpeg 768w, https:\/\/www.abesata.org\/br\/wp-content\/uploads\/2023\/05\/WhatsApp-Image-2023-05-17-at-13.17.38-4-200x150.jpeg 200w, https:\/\/www.abesata.org\/br\/wp-content\/uploads\/2023\/05\/WhatsApp-Image-2023-05-17-at-13.17.38-4-150x113.jpeg 150w\" sizes=\"(max-width: 1024px) 100vw, 1024px\" \/><\/figure>\n\n\n\n<figure class=\"wp-block-image size-large\"><img loading=\"lazy\" decoding=\"async\" width=\"1024\" height=\"768\" src=\"https:\/\/www.abesata.org\/br\/wp-content\/uploads\/2023\/05\/WhatsApp-Image-2023-05-17-at-13.17.38-3.jpeg\" alt=\"\" class=\"wp-image-15765\" srcset=\"https:\/\/www.abesata.org\/br\/wp-content\/uploads\/2023\/05\/WhatsApp-Image-2023-05-17-at-13.17.38-3.jpeg 1024w, https:\/\/www.abesata.org\/br\/wp-content\/uploads\/2023\/05\/WhatsApp-Image-2023-05-17-at-13.17.38-3-300x225.jpeg 300w, https:\/\/www.abesata.org\/br\/wp-content\/uploads\/2023\/05\/WhatsApp-Image-2023-05-17-at-13.17.38-3-768x576.jpeg 768w, https:\/\/www.abesata.org\/br\/wp-content\/uploads\/2023\/05\/WhatsApp-Image-2023-05-17-at-13.17.38-3-200x150.jpeg 200w, https:\/\/www.abesata.org\/br\/wp-content\/uploads\/2023\/05\/WhatsApp-Image-2023-05-17-at-13.17.38-3-150x113.jpeg 150w\" sizes=\"(max-width: 1024px) 100vw, 1024px\" \/><\/figure>\n\n\n\n<figure class=\"wp-block-image size-large\"><img loading=\"lazy\" decoding=\"async\" width=\"1024\" height=\"768\" src=\"https:\/\/www.abesata.org\/br\/wp-content\/uploads\/2023\/05\/WhatsApp-Image-2023-05-17-at-13.17.38-8.jpeg\" alt=\"\" class=\"wp-image-15766\" srcset=\"https:\/\/www.abesata.org\/br\/wp-content\/uploads\/2023\/05\/WhatsApp-Image-2023-05-17-at-13.17.38-8.jpeg 1024w, https:\/\/www.abesata.org\/br\/wp-content\/uploads\/2023\/05\/WhatsApp-Image-2023-05-17-at-13.17.38-8-300x225.jpeg 300w, https:\/\/www.abesata.org\/br\/wp-content\/uploads\/2023\/05\/WhatsApp-Image-2023-05-17-at-13.17.38-8-768x576.jpeg 768w, https:\/\/www.abesata.org\/br\/wp-content\/uploads\/2023\/05\/WhatsApp-Image-2023-05-17-at-13.17.38-8-200x150.jpeg 200w, https:\/\/www.abesata.org\/br\/wp-content\/uploads\/2023\/05\/WhatsApp-Image-2023-05-17-at-13.17.38-8-150x113.jpeg 150w\" sizes=\"(max-width: 1024px) 100vw, 1024px\" \/><\/figure>\n\n\n\n<figure class=\"wp-block-image size-large\"><img loading=\"lazy\" decoding=\"async\" width=\"1024\" height=\"768\" src=\"https:\/\/www.abesata.org\/br\/wp-content\/uploads\/2023\/05\/WhatsApp-Image-2023-05-17-at-13.17.38-1.jpeg\" alt=\"\" class=\"wp-image-15768\" srcset=\"https:\/\/www.abesata.org\/br\/wp-content\/uploads\/2023\/05\/WhatsApp-Image-2023-05-17-at-13.17.38-1.jpeg 1024w, https:\/\/www.abesata.org\/br\/wp-content\/uploads\/2023\/05\/WhatsApp-Image-2023-05-17-at-13.17.38-1-300x225.jpeg 300w, https:\/\/www.abesata.org\/br\/wp-content\/uploads\/2023\/05\/WhatsApp-Image-2023-05-17-at-13.17.38-1-768x576.jpeg 768w, https:\/\/www.abesata.org\/br\/wp-content\/uploads\/2023\/05\/WhatsApp-Image-2023-05-17-at-13.17.38-1-200x150.jpeg 200w, https:\/\/www.abesata.org\/br\/wp-content\/uploads\/2023\/05\/WhatsApp-Image-2023-05-17-at-13.17.38-1-150x113.jpeg 150w\" sizes=\"(max-width: 1024px) 100vw, 1024px\" \/><\/figure>\n\n\n\n<figure class=\"wp-block-image size-large\"><img loading=\"lazy\" decoding=\"async\" width=\"1024\" height=\"768\" src=\"https:\/\/www.abesata.org\/br\/wp-content\/uploads\/2023\/05\/WhatsApp-Image-2023-05-17-at-13.17.37.jpeg\" alt=\"\" class=\"wp-image-15769\" srcset=\"https:\/\/www.abesata.org\/br\/wp-content\/uploads\/2023\/05\/WhatsApp-Image-2023-05-17-at-13.17.37.jpeg 1024w, https:\/\/www.abesata.org\/br\/wp-content\/uploads\/2023\/05\/WhatsApp-Image-2023-05-17-at-13.17.37-300x225.jpeg 300w, https:\/\/www.abesata.org\/br\/wp-content\/uploads\/2023\/05\/WhatsApp-Image-2023-05-17-at-13.17.37-768x576.jpeg 768w, https:\/\/www.abesata.org\/br\/wp-content\/uploads\/2023\/05\/WhatsApp-Image-2023-05-17-at-13.17.37-200x150.jpeg 200w, https:\/\/www.abesata.org\/br\/wp-content\/uploads\/2023\/05\/WhatsApp-Image-2023-05-17-at-13.17.37-150x113.jpeg 150w\" sizes=\"(max-width: 1024px) 100vw, 1024px\" \/><\/figure>\n\n\n\n<figure class=\"wp-block-image size-large\"><img loading=\"lazy\" decoding=\"async\" width=\"1024\" height=\"768\" src=\"https:\/\/www.abesata.org\/br\/wp-content\/uploads\/2023\/05\/WhatsApp-Image-2023-05-17-at-13.17.38.jpeg\" alt=\"\" class=\"wp-image-15770\" srcset=\"https:\/\/www.abesata.org\/br\/wp-content\/uploads\/2023\/05\/WhatsApp-Image-2023-05-17-at-13.17.38.jpeg 1024w, https:\/\/www.abesata.org\/br\/wp-content\/uploads\/2023\/05\/WhatsApp-Image-2023-05-17-at-13.17.38-300x225.jpeg 300w, https:\/\/www.abesata.org\/br\/wp-content\/uploads\/2023\/05\/WhatsApp-Image-2023-05-17-at-13.17.38-768x576.jpeg 768w, https:\/\/www.abesata.org\/br\/wp-content\/uploads\/2023\/05\/WhatsApp-Image-2023-05-17-at-13.17.38-200x150.jpeg 200w, https:\/\/www.abesata.org\/br\/wp-content\/uploads\/2023\/05\/WhatsApp-Image-2023-05-17-at-13.17.38-150x113.jpeg 150w\" sizes=\"(max-width: 1024px) 100vw, 1024px\" \/><\/figure>\n","protected":false},"excerpt":{"rendered":"","protected":false},"author":135,"featured_media":0,"parent":0,"menu_order":0,"comment_status":"closed","ping_status":"closed","template":"","meta":{"footnotes":""},"class_list":["post-15761","page","type-page","status-publish","hentry"],"yoast_head":"<!-- This site is optimized with the Yoast SEO plugin v26.5 - https:\/\/yoast.com\/wordpress\/plugins\/seo\/ -->\n<title>Lan\u00e7amento da FRENLOGI - Bras\u00edlia - DF - 16 maio.2023 - Abesata<\/title>\n<meta name=\"robots\" content=\"index, follow, max-snippet:-1, max-image-preview:large, max-video-preview:-1\" \/>\n<link rel=\"canonical\" href=\"https:\/\/www.abesata.org\/br\/lancamento-de-atuacao-quadrienio-2023-2027-brasilia-df-16-mai-23\/\" \/>\n<meta property=\"og:locale\" content=\"pt_BR\" \/>\n<meta property=\"og:type\" content=\"article\" \/>\n<meta property=\"og:title\" content=\"Lan\u00e7amento da FRENLOGI - Bras\u00edlia - DF - 16 maio.2023 - Abesata\" \/>\n<meta property=\"og:url\" content=\"https:\/\/www.abesata.org\/br\/lancamento-de-atuacao-quadrienio-2023-2027-brasilia-df-16-mai-23\/\" \/>\n<meta property=\"og:site_name\" content=\"Abesata\" \/>\n<meta property=\"article:publisher\" content=\"https:\/\/www.facebook.com\/abesata.org\/\" \/>\n<meta property=\"article:modified_time\" content=\"2023-05-19T01:06:53+00:00\" \/>\n<meta property=\"og:image\" content=\"https:\/\/www.abesata.org\/br\/wp-content\/uploads\/2023\/05\/WhatsApp-Image-2023-05-17-at-13.17.38-5.jpeg\" \/>\n\t<meta property=\"og:image:width\" content=\"1024\" \/>\n\t<meta property=\"og:image:height\" content=\"768\" \/>\n\t<meta property=\"og:image:type\" content=\"image\/jpeg\" \/>\n<meta name=\"twitter:card\" content=\"summary_large_image\" \/>\n<script type=\"application\/ld+json\" class=\"yoast-schema-graph\">{\"@context\":\"https:\/\/schema.org\",\"@graph\":[{\"@type\":\"WebPage\",\"@id\":\"https:\/\/www.abesata.org\/br\/lancamento-de-atuacao-quadrienio-2023-2027-brasilia-df-16-mai-23\/\",\"url\":\"https:\/\/www.abesata.org\/br\/lancamento-de-atuacao-quadrienio-2023-2027-brasilia-df-16-mai-23\/\",\"name\":\"Lan\u00e7amento da FRENLOGI - Bras\u00edlia - DF - 16 maio.2023 - Abesata\",\"isPartOf\":{\"@id\":\"https:\/\/www.abesata.org\/br\/#website\"},\"primaryImageOfPage\":{\"@id\":\"https:\/\/www.abesata.org\/br\/lancamento-de-atuacao-quadrienio-2023-2027-brasilia-df-16-mai-23\/#primaryimage\"},\"image\":{\"@id\":\"https:\/\/www.abesata.org\/br\/lancamento-de-atuacao-quadrienio-2023-2027-brasilia-df-16-mai-23\/#primaryimage\"},\"thumbnailUrl\":\"https:\/\/www.abesata.org\/br\/wp-content\/uploads\/2023\/05\/WhatsApp-Image-2023-05-17-at-13.17.38-5.jpeg\",\"datePublished\":\"2023-05-17T20:25:00+00:00\",\"dateModified\":\"2023-05-19T01:06:53+00:00\",\"breadcrumb\":{\"@id\":\"https:\/\/www.abesata.org\/br\/lancamento-de-atuacao-quadrienio-2023-2027-brasilia-df-16-mai-23\/#breadcrumb\"},\"inLanguage\":\"pt-BR\",\"potentialAction\":[{\"@type\":\"ReadAction\",\"target\":[\"https:\/\/www.abesata.org\/br\/lancamento-de-atuacao-quadrienio-2023-2027-brasilia-df-16-mai-23\/\"]}]},{\"@type\":\"ImageObject\",\"inLanguage\":\"pt-BR\",\"@id\":\"https:\/\/www.abesata.org\/br\/lancamento-de-atuacao-quadrienio-2023-2027-brasilia-df-16-mai-23\/#primaryimage\",\"url\":\"https:\/\/www.abesata.org\/br\/wp-content\/uploads\/2023\/05\/WhatsApp-Image-2023-05-17-at-13.17.38-5.jpeg\",\"contentUrl\":\"https:\/\/www.abesata.org\/br\/wp-content\/uploads\/2023\/05\/WhatsApp-Image-2023-05-17-at-13.17.38-5.jpeg\",\"width\":1024,\"height\":768},{\"@type\":\"BreadcrumbList\",\"@id\":\"https:\/\/www.abesata.org\/br\/lancamento-de-atuacao-quadrienio-2023-2027-brasilia-df-16-mai-23\/#breadcrumb\",\"itemListElement\":[{\"@type\":\"ListItem\",\"position\":1,\"name\":\"In\u00edcio\",\"item\":\"https:\/\/www.abesata.org\/br\/\"},{\"@type\":\"ListItem\",\"position\":2,\"name\":\"Lan\u00e7amento da FRENLOGI &#8211; Bras\u00edlia &#8211; DF &#8211; 16 maio.2023\"}]},{\"@type\":\"WebSite\",\"@id\":\"https:\/\/www.abesata.org\/br\/#website\",\"url\":\"https:\/\/www.abesata.org\/br\/\",\"name\":\"Abesata\",\"description\":\"Associa\u00e7\u00e3o Brasileira das Empresas de Servi\u00e7os Auxiliares de Transporte A\u00e9reo\",\"publisher\":{\"@id\":\"https:\/\/www.abesata.org\/br\/#organization\"},\"potentialAction\":[{\"@type\":\"SearchAction\",\"target\":{\"@type\":\"EntryPoint\",\"urlTemplate\":\"https:\/\/www.abesata.org\/br\/?s={search_term_string}\"},\"query-input\":{\"@type\":\"PropertyValueSpecification\",\"valueRequired\":true,\"valueName\":\"search_term_string\"}}],\"inLanguage\":\"pt-BR\"},{\"@type\":\"Organization\",\"@id\":\"https:\/\/www.abesata.org\/br\/#organization\",\"name\":\"Associa\u00e7\u00e3o Brasileira das Empresas de Servi\u00e7os Auxiliares de Transporte A\u00e9reo\",\"alternateName\":\"Abesata\",\"url\":\"https:\/\/www.abesata.org\/br\/\",\"logo\":{\"@type\":\"ImageObject\",\"inLanguage\":\"pt-BR\",\"@id\":\"https:\/\/www.abesata.org\/br\/#\/schema\/logo\/image\/\",\"url\":\"https:\/\/www.abesata.org\/br\/wp-content\/uploads\/2023\/10\/Abesata.png\",\"contentUrl\":\"https:\/\/www.abesata.org\/br\/wp-content\/uploads\/2023\/10\/Abesata.png\",\"width\":1063,\"height\":591,\"caption\":\"Associa\u00e7\u00e3o Brasileira das Empresas de Servi\u00e7os Auxiliares de Transporte A\u00e9reo\"},\"image\":{\"@id\":\"https:\/\/www.abesata.org\/br\/#\/schema\/logo\/image\/\"},\"sameAs\":[\"https:\/\/www.facebook.com\/abesata.org\/\",\"https:\/\/www.instagram.com\/abesata_gh\/\",\"https:\/\/br.linkedin.com\/company\/abesata\"]}]}<\/script>\n<!-- \/ Yoast SEO plugin. -->","yoast_head_json":{"title":"Lan\u00e7amento da FRENLOGI - Bras\u00edlia - DF - 16 maio.2023 - Abesata","robots":{"index":"index","follow":"follow","max-snippet":"max-snippet:-1","max-image-preview":"max-image-preview:large","max-video-preview":"max-video-preview:-1"},"canonical":"https:\/\/www.abesata.org\/br\/lancamento-de-atuacao-quadrienio-2023-2027-brasilia-df-16-mai-23\/","og_locale":"pt_BR","og_type":"article","og_title":"Lan\u00e7amento da FRENLOGI - Bras\u00edlia - DF - 16 maio.2023 - Abesata","og_url":"https:\/\/www.abesata.org\/br\/lancamento-de-atuacao-quadrienio-2023-2027-brasilia-df-16-mai-23\/","og_site_name":"Abesata","article_publisher":"https:\/\/www.facebook.com\/abesata.org\/","article_modified_time":"2023-05-19T01:06:53+00:00","og_image":[{"width":1024,"height":768,"url":"https:\/\/www.abesata.org\/br\/wp-content\/uploads\/2023\/05\/WhatsApp-Image-2023-05-17-at-13.17.38-5.jpeg","type":"image\/jpeg"}],"twitter_card":"summary_large_image","schema":{"@context":"https:\/\/schema.org","@graph":[{"@type":"WebPage","@id":"https:\/\/www.abesata.org\/br\/lancamento-de-atuacao-quadrienio-2023-2027-brasilia-df-16-mai-23\/","url":"https:\/\/www.abesata.org\/br\/lancamento-de-atuacao-quadrienio-2023-2027-brasilia-df-16-mai-23\/","name":"Lan\u00e7amento da FRENLOGI - Bras\u00edlia - DF - 16 maio.2023 - Abesata","isPartOf":{"@id":"https:\/\/www.abesata.org\/br\/#website"},"primaryImageOfPage":{"@id":"https:\/\/www.abesata.org\/br\/lancamento-de-atuacao-quadrienio-2023-2027-brasilia-df-16-mai-23\/#primaryimage"},"image":{"@id":"https:\/\/www.abesata.org\/br\/lancamento-de-atuacao-quadrienio-2023-2027-brasilia-df-16-mai-23\/#primaryimage"},"thumbnailUrl":"https:\/\/www.abesata.org\/br\/wp-content\/uploads\/2023\/05\/WhatsApp-Image-2023-05-17-at-13.17.38-5.jpeg","datePublished":"2023-05-17T20:25:00+00:00","dateModified":"2023-05-19T01:06:53+00:00","breadcrumb":{"@id":"https:\/\/www.abesata.org\/br\/lancamento-de-atuacao-quadrienio-2023-2027-brasilia-df-16-mai-23\/#breadcrumb"},"inLanguage":"pt-BR","potentialAction":[{"@type":"ReadAction","target":["https:\/\/www.abesata.org\/br\/lancamento-de-atuacao-quadrienio-2023-2027-brasilia-df-16-mai-23\/"]}]},{"@type":"ImageObject","inLanguage":"pt-BR","@id":"https:\/\/www.abesata.org\/br\/lancamento-de-atuacao-quadrienio-2023-2027-brasilia-df-16-mai-23\/#primaryimage","url":"https:\/\/www.abesata.org\/br\/wp-content\/uploads\/2023\/05\/WhatsApp-Image-2023-05-17-at-13.17.38-5.jpeg","contentUrl":"https:\/\/www.abesata.org\/br\/wp-content\/uploads\/2023\/05\/WhatsApp-Image-2023-05-17-at-13.17.38-5.jpeg","width":1024,"height":768},{"@type":"BreadcrumbList","@id":"https:\/\/www.abesata.org\/br\/lancamento-de-atuacao-quadrienio-2023-2027-brasilia-df-16-mai-23\/#breadcrumb","itemListElement":[{"@type":"ListItem","position":1,"name":"In\u00edcio","item":"https:\/\/www.abesata.org\/br\/"},{"@type":"ListItem","position":2,"name":"Lan\u00e7amento da FRENLOGI &#8211; Bras\u00edlia &#8211; DF &#8211; 16 maio.2023"}]},{"@type":"WebSite","@id":"https:\/\/www.abesata.org\/br\/#website","url":"https:\/\/www.abesata.org\/br\/","name":"Abesata","description":"Associa\u00e7\u00e3o Brasileira das Empresas de Servi\u00e7os Auxiliares de Transporte A\u00e9reo","publisher":{"@id":"https:\/\/www.abesata.org\/br\/#organization"},"potentialAction":[{"@type":"SearchAction","target":{"@type":"EntryPoint","urlTemplate":"https:\/\/www.abesata.org\/br\/?s={search_term_string}"},"query-input":{"@type":"PropertyValueSpecification","valueRequired":true,"valueName":"search_term_string"}}],"inLanguage":"pt-BR"},{"@type":"Organization","@id":"https:\/\/www.abesata.org\/br\/#organization","name":"Associa\u00e7\u00e3o Brasileira das Empresas de Servi\u00e7os Auxiliares de Transporte A\u00e9reo","alternateName":"Abesata","url":"https:\/\/www.abesata.org\/br\/","logo":{"@type":"ImageObject","inLanguage":"pt-BR","@id":"https:\/\/www.abesata.org\/br\/#\/schema\/logo\/image\/","url":"https:\/\/www.abesata.org\/br\/wp-content\/uploads\/2023\/10\/Abesata.png","contentUrl":"https:\/\/www.abesata.org\/br\/wp-content\/uploads\/2023\/10\/Abesata.png","width":1063,"height":591,"caption":"Associa\u00e7\u00e3o Brasileira das Empresas de Servi\u00e7os Auxiliares de Transporte A\u00e9reo"},"image":{"@id":"https:\/\/www.abesata.org\/br\/#\/schema\/logo\/image\/"},"sameAs":["https:\/\/www.facebook.com\/abesata.org\/","https:\/\/www.instagram.com\/abesata_gh\/","https:\/\/br.linkedin.com\/company\/abesata"]}]}},"_links":{"self":[{"href":"https:\/\/www.abesata.org\/br\/wp-json\/wp\/v2\/pages\/15761","targetHints":{"allow":["GET"]}}],"collection":[{"href":"https:\/\/www.abesata.org\/br\/wp-json\/wp\/v2\/pages"}],"about":[{"href":"https:\/\/www.abesata.org\/br\/wp-json\/wp\/v2\/types\/page"}],"author":[{"embeddable":true,"href":"https:\/\/www.abesata.org\/br\/wp-json\/wp\/v2\/users\/135"}],"replies":[{"embeddable":true,"href":"https:\/\/www.abesata.org\/br\/wp-json\/wp\/v2\/comments?post=15761"}],"version-history":[{"count":0,"href":"https:\/\/www.abesata.org\/br\/wp-json\/wp\/v2\/pages\/15761\/revisions"}],"wp:attachment":[{"href":"https:\/\/www.abesata.org\/br\/wp-json\/wp\/v2\/media?parent=15761"}],"curies":[{"name":"wp","href":"https:\/\/api.w.org\/{rel}","templated":true}]}}