{"id":16135,"date":"2023-08-21T22:17:22","date_gmt":"2023-08-21T22:17:22","guid":{"rendered":"http:\/\/www.abesata.org\/br\/?page_id=16135"},"modified":"2023-08-22T14:31:31","modified_gmt":"2023-08-22T14:31:31","slug":"evento-labace-2023","status":"publish","type":"page","link":"https:\/\/www.abesata.org\/br\/galeria-de-fotos\/evento-labace-2023\/","title":{"rendered":"Evento Labace 2023"},"content":{"rendered":"\n<figure class=\"wp-block-gallery columns-1 is-cropped wp-block-gallery-1 is-layout-flex wp-block-gallery-is-layout-flex\"><ul class=\"blocks-gallery-grid\"><li class=\"blocks-gallery-item\"><figure><img fetchpriority=\"high\" decoding=\"async\" width=\"1024\" height=\"683\" src=\"https:\/\/www.abesata.org\/br\/wp-content\/uploads\/2023\/08\/2-1024x683.jpg\" alt=\"\" data-id=\"16137\" data-full-url=\"https:\/\/www.abesata.org\/br\/wp-content\/uploads\/2023\/08\/2-scaled.jpg\" data-link=\"https:\/\/www.abesata.org\/br\/?attachment_id=16137\" class=\"wp-image-16137\" srcset=\"https:\/\/www.abesata.org\/br\/wp-content\/uploads\/2023\/08\/2-1024x683.jpg 1024w, https:\/\/www.abesata.org\/br\/wp-content\/uploads\/2023\/08\/2-300x200.jpg 300w, https:\/\/www.abesata.org\/br\/wp-content\/uploads\/2023\/08\/2-768x512.jpg 768w, https:\/\/www.abesata.org\/br\/wp-content\/uploads\/2023\/08\/2-1536x1024.jpg 1536w, https:\/\/www.abesata.org\/br\/wp-content\/uploads\/2023\/08\/2-2048x1365.jpg 2048w, https:\/\/www.abesata.org\/br\/wp-content\/uploads\/2023\/08\/2-225x150.jpg 225w, https:\/\/www.abesata.org\/br\/wp-content\/uploads\/2023\/08\/2-150x100.jpg 150w\" sizes=\"(max-width: 1024px) 100vw, 1024px\" \/><\/figure><\/li><li class=\"blocks-gallery-item\"><figure><img decoding=\"async\" width=\"1024\" height=\"683\" src=\"https:\/\/www.abesata.org\/br\/wp-content\/uploads\/2023\/08\/3-1024x683.jpg\" alt=\"\" data-id=\"16141\" data-full-url=\"https:\/\/www.abesata.org\/br\/wp-content\/uploads\/2023\/08\/3-scaled.jpg\" data-link=\"https:\/\/www.abesata.org\/br\/?attachment_id=16141\" class=\"wp-image-16141\" srcset=\"https:\/\/www.abesata.org\/br\/wp-content\/uploads\/2023\/08\/3-1024x683.jpg 1024w, https:\/\/www.abesata.org\/br\/wp-content\/uploads\/2023\/08\/3-300x200.jpg 300w, https:\/\/www.abesata.org\/br\/wp-content\/uploads\/2023\/08\/3-768x512.jpg 768w, https:\/\/www.abesata.org\/br\/wp-content\/uploads\/2023\/08\/3-1536x1024.jpg 1536w, https:\/\/www.abesata.org\/br\/wp-content\/uploads\/2023\/08\/3-2048x1365.jpg 2048w, https:\/\/www.abesata.org\/br\/wp-content\/uploads\/2023\/08\/3-225x150.jpg 225w, https:\/\/www.abesata.org\/br\/wp-content\/uploads\/2023\/08\/3-150x100.jpg 150w\" sizes=\"(max-width: 1024px) 100vw, 1024px\" \/><\/figure><\/li><li class=\"blocks-gallery-item\"><figure><img decoding=\"async\" width=\"1024\" height=\"683\" src=\"https:\/\/www.abesata.org\/br\/wp-content\/uploads\/2023\/08\/4-1024x683.jpg\" alt=\"\" data-id=\"16144\" data-full-url=\"https:\/\/www.abesata.org\/br\/wp-content\/uploads\/2023\/08\/4-scaled.jpg\" data-link=\"https:\/\/www.abesata.org\/br\/?attachment_id=16144\" class=\"wp-image-16144\" srcset=\"https:\/\/www.abesata.org\/br\/wp-content\/uploads\/2023\/08\/4-1024x683.jpg 1024w, https:\/\/www.abesata.org\/br\/wp-content\/uploads\/2023\/08\/4-300x200.jpg 300w, https:\/\/www.abesata.org\/br\/wp-content\/uploads\/2023\/08\/4-768x512.jpg 768w, https:\/\/www.abesata.org\/br\/wp-content\/uploads\/2023\/08\/4-1536x1024.jpg 1536w, https:\/\/www.abesata.org\/br\/wp-content\/uploads\/2023\/08\/4-2048x1365.jpg 2048w, https:\/\/www.abesata.org\/br\/wp-content\/uploads\/2023\/08\/4-225x150.jpg 225w, https:\/\/www.abesata.org\/br\/wp-content\/uploads\/2023\/08\/4-150x100.jpg 150w\" sizes=\"(max-width: 1024px) 100vw, 1024px\" \/><\/figure><\/li><li class=\"blocks-gallery-item\"><figure><img loading=\"lazy\" decoding=\"async\" width=\"1024\" height=\"683\" src=\"https:\/\/www.abesata.org\/br\/wp-content\/uploads\/2023\/08\/5-1024x683.jpg\" alt=\"\" data-id=\"16147\" data-full-url=\"https:\/\/www.abesata.org\/br\/wp-content\/uploads\/2023\/08\/5-scaled.jpg\" data-link=\"https:\/\/www.abesata.org\/br\/?attachment_id=16147\" class=\"wp-image-16147\" srcset=\"https:\/\/www.abesata.org\/br\/wp-content\/uploads\/2023\/08\/5-1024x683.jpg 1024w, https:\/\/www.abesata.org\/br\/wp-content\/uploads\/2023\/08\/5-300x200.jpg 300w, https:\/\/www.abesata.org\/br\/wp-content\/uploads\/2023\/08\/5-768x512.jpg 768w, https:\/\/www.abesata.org\/br\/wp-content\/uploads\/2023\/08\/5-1536x1024.jpg 1536w, https:\/\/www.abesata.org\/br\/wp-content\/uploads\/2023\/08\/5-2048x1365.jpg 2048w, https:\/\/www.abesata.org\/br\/wp-content\/uploads\/2023\/08\/5-225x150.jpg 225w, https:\/\/www.abesata.org\/br\/wp-content\/uploads\/2023\/08\/5-150x100.jpg 150w\" sizes=\"(max-width: 1024px) 100vw, 1024px\" \/><\/figure><\/li><li class=\"blocks-gallery-item\"><figure><img loading=\"lazy\" decoding=\"async\" width=\"1024\" height=\"683\" src=\"https:\/\/www.abesata.org\/br\/wp-content\/uploads\/2023\/08\/6-1024x683.jpg\" alt=\"\" data-id=\"16149\" data-full-url=\"https:\/\/www.abesata.org\/br\/wp-content\/uploads\/2023\/08\/6-scaled.jpg\" data-link=\"https:\/\/www.abesata.org\/br\/?attachment_id=16149\" class=\"wp-image-16149\" srcset=\"https:\/\/www.abesata.org\/br\/wp-content\/uploads\/2023\/08\/6-1024x683.jpg 1024w, https:\/\/www.abesata.org\/br\/wp-content\/uploads\/2023\/08\/6-300x200.jpg 300w, https:\/\/www.abesata.org\/br\/wp-content\/uploads\/2023\/08\/6-768x512.jpg 768w, https:\/\/www.abesata.org\/br\/wp-content\/uploads\/2023\/08\/6-1536x1024.jpg 1536w, https:\/\/www.abesata.org\/br\/wp-content\/uploads\/2023\/08\/6-2048x1365.jpg 2048w, https:\/\/www.abesata.org\/br\/wp-content\/uploads\/2023\/08\/6-225x150.jpg 225w, https:\/\/www.abesata.org\/br\/wp-content\/uploads\/2023\/08\/6-150x100.jpg 150w\" sizes=\"(max-width: 1024px) 100vw, 1024px\" \/><\/figure><\/li><li class=\"blocks-gallery-item\"><figure><img loading=\"lazy\" decoding=\"async\" width=\"1024\" height=\"683\" src=\"https:\/\/www.abesata.org\/br\/wp-content\/uploads\/2023\/08\/7-1024x683.jpg\" alt=\"\" data-id=\"16150\" data-full-url=\"https:\/\/www.abesata.org\/br\/wp-content\/uploads\/2023\/08\/7-scaled.jpg\" data-link=\"https:\/\/www.abesata.org\/br\/?attachment_id=16150\" class=\"wp-image-16150\" srcset=\"https:\/\/www.abesata.org\/br\/wp-content\/uploads\/2023\/08\/7-1024x683.jpg 1024w, https:\/\/www.abesata.org\/br\/wp-content\/uploads\/2023\/08\/7-300x200.jpg 300w, https:\/\/www.abesata.org\/br\/wp-content\/uploads\/2023\/08\/7-768x512.jpg 768w, https:\/\/www.abesata.org\/br\/wp-content\/uploads\/2023\/08\/7-1536x1024.jpg 1536w, https:\/\/www.abesata.org\/br\/wp-content\/uploads\/2023\/08\/7-2048x1365.jpg 2048w, https:\/\/www.abesata.org\/br\/wp-content\/uploads\/2023\/08\/7-225x150.jpg 225w, https:\/\/www.abesata.org\/br\/wp-content\/uploads\/2023\/08\/7-150x100.jpg 150w\" sizes=\"(max-width: 1024px) 100vw, 1024px\" \/><\/figure><\/li><li class=\"blocks-gallery-item\"><figure><img loading=\"lazy\" decoding=\"async\" width=\"1024\" height=\"683\" src=\"https:\/\/www.abesata.org\/br\/wp-content\/uploads\/2023\/08\/9-1024x683.jpg\" alt=\"\" data-id=\"16153\" data-full-url=\"https:\/\/www.abesata.org\/br\/wp-content\/uploads\/2023\/08\/9-scaled.jpg\" data-link=\"https:\/\/www.abesata.org\/br\/?attachment_id=16153\" class=\"wp-image-16153\" srcset=\"https:\/\/www.abesata.org\/br\/wp-content\/uploads\/2023\/08\/9-1024x683.jpg 1024w, https:\/\/www.abesata.org\/br\/wp-content\/uploads\/2023\/08\/9-300x200.jpg 300w, https:\/\/www.abesata.org\/br\/wp-content\/uploads\/2023\/08\/9-768x512.jpg 768w, https:\/\/www.abesata.org\/br\/wp-content\/uploads\/2023\/08\/9-1536x1024.jpg 1536w, https:\/\/www.abesata.org\/br\/wp-content\/uploads\/2023\/08\/9-2048x1365.jpg 2048w, https:\/\/www.abesata.org\/br\/wp-content\/uploads\/2023\/08\/9-225x150.jpg 225w, https:\/\/www.abesata.org\/br\/wp-content\/uploads\/2023\/08\/9-150x100.jpg 150w\" sizes=\"(max-width: 1024px) 100vw, 1024px\" \/><\/figure><\/li><li class=\"blocks-gallery-item\"><figure><img loading=\"lazy\" decoding=\"async\" width=\"779\" height=\"438\" src=\"https:\/\/www.abesata.org\/br\/wp-content\/uploads\/2023\/08\/20230815_173254482_iOS.png\" alt=\"\" data-id=\"16154\" data-full-url=\"https:\/\/www.abesata.org\/br\/wp-content\/uploads\/2023\/08\/20230815_173254482_iOS.png\" data-link=\"https:\/\/www.abesata.org\/br\/?attachment_id=16154\" class=\"wp-image-16154\" srcset=\"https:\/\/www.abesata.org\/br\/wp-content\/uploads\/2023\/08\/20230815_173254482_iOS.png 779w, https:\/\/www.abesata.org\/br\/wp-content\/uploads\/2023\/08\/20230815_173254482_iOS-300x169.png 300w, https:\/\/www.abesata.org\/br\/wp-content\/uploads\/2023\/08\/20230815_173254482_iOS-768x432.png 768w, https:\/\/www.abesata.org\/br\/wp-content\/uploads\/2023\/08\/20230815_173254482_iOS-250x141.png 250w, https:\/\/www.abesata.org\/br\/wp-content\/uploads\/2023\/08\/20230815_173254482_iOS-150x84.png 150w\" sizes=\"(max-width: 779px) 100vw, 779px\" \/><\/figure><\/li><li class=\"blocks-gallery-item\"><figure><img loading=\"lazy\" decoding=\"async\" width=\"1024\" height=\"683\" src=\"https:\/\/www.abesata.org\/br\/wp-content\/uploads\/2023\/08\/Abertura-1-1024x683.jpg\" alt=\"\" data-id=\"16155\" data-full-url=\"https:\/\/www.abesata.org\/br\/wp-content\/uploads\/2023\/08\/Abertura-1-scaled.jpg\" data-link=\"https:\/\/www.abesata.org\/br\/?attachment_id=16155\" class=\"wp-image-16155\" srcset=\"https:\/\/www.abesata.org\/br\/wp-content\/uploads\/2023\/08\/Abertura-1-1024x683.jpg 1024w, https:\/\/www.abesata.org\/br\/wp-content\/uploads\/2023\/08\/Abertura-1-300x200.jpg 300w, https:\/\/www.abesata.org\/br\/wp-content\/uploads\/2023\/08\/Abertura-1-768x512.jpg 768w, https:\/\/www.abesata.org\/br\/wp-content\/uploads\/2023\/08\/Abertura-1-1536x1024.jpg 1536w, https:\/\/www.abesata.org\/br\/wp-content\/uploads\/2023\/08\/Abertura-1-2048x1365.jpg 2048w, https:\/\/www.abesata.org\/br\/wp-content\/uploads\/2023\/08\/Abertura-1-225x150.jpg 225w, https:\/\/www.abesata.org\/br\/wp-content\/uploads\/2023\/08\/Abertura-1-150x100.jpg 150w\" sizes=\"(max-width: 1024px) 100vw, 1024px\" \/><\/figure><\/li><li class=\"blocks-gallery-item\"><figure><img loading=\"lazy\" decoding=\"async\" width=\"768\" height=\"1024\" src=\"https:\/\/www.abesata.org\/br\/wp-content\/uploads\/2023\/08\/IMG_2363-768x1024.jpg\" alt=\"\" data-id=\"16156\" data-full-url=\"https:\/\/www.abesata.org\/br\/wp-content\/uploads\/2023\/08\/IMG_2363-scaled.jpg\" data-link=\"https:\/\/www.abesata.org\/br\/?attachment_id=16156\" class=\"wp-image-16156\" srcset=\"https:\/\/www.abesata.org\/br\/wp-content\/uploads\/2023\/08\/IMG_2363-768x1024.jpg 768w, https:\/\/www.abesata.org\/br\/wp-content\/uploads\/2023\/08\/IMG_2363-225x300.jpg 225w, https:\/\/www.abesata.org\/br\/wp-content\/uploads\/2023\/08\/IMG_2363-1152x1536.jpg 1152w, https:\/\/www.abesata.org\/br\/wp-content\/uploads\/2023\/08\/IMG_2363-1536x2048.jpg 1536w, https:\/\/www.abesata.org\/br\/wp-content\/uploads\/2023\/08\/IMG_2363-113x150.jpg 113w, https:\/\/www.abesata.org\/br\/wp-content\/uploads\/2023\/08\/IMG_2363-scaled.jpg 1920w\" sizes=\"(max-width: 768px) 100vw, 768px\" \/><\/figure><\/li><li class=\"blocks-gallery-item\"><figure><img loading=\"lazy\" decoding=\"async\" width=\"768\" height=\"1024\" src=\"https:\/\/www.abesata.org\/br\/wp-content\/uploads\/2023\/08\/IMG_2369-768x1024.jpg\" alt=\"\" data-id=\"16157\" data-full-url=\"https:\/\/www.abesata.org\/br\/wp-content\/uploads\/2023\/08\/IMG_2369-scaled.jpg\" data-link=\"https:\/\/www.abesata.org\/br\/?attachment_id=16157\" class=\"wp-image-16157\" srcset=\"https:\/\/www.abesata.org\/br\/wp-content\/uploads\/2023\/08\/IMG_2369-768x1024.jpg 768w, https:\/\/www.abesata.org\/br\/wp-content\/uploads\/2023\/08\/IMG_2369-225x300.jpg 225w, https:\/\/www.abesata.org\/br\/wp-content\/uploads\/2023\/08\/IMG_2369-1152x1536.jpg 1152w, https:\/\/www.abesata.org\/br\/wp-content\/uploads\/2023\/08\/IMG_2369-1536x2048.jpg 1536w, https:\/\/www.abesata.org\/br\/wp-content\/uploads\/2023\/08\/IMG_2369-113x150.jpg 113w, https:\/\/www.abesata.org\/br\/wp-content\/uploads\/2023\/08\/IMG_2369-scaled.jpg 1920w\" sizes=\"(max-width: 768px) 100vw, 768px\" \/><\/figure><\/li><li class=\"blocks-gallery-item\"><figure><img loading=\"lazy\" decoding=\"async\" width=\"768\" height=\"1024\" src=\"https:\/\/www.abesata.org\/br\/wp-content\/uploads\/2023\/08\/IMG_2372-768x1024.jpg\" alt=\"\" data-id=\"16158\" data-full-url=\"https:\/\/www.abesata.org\/br\/wp-content\/uploads\/2023\/08\/IMG_2372-scaled.jpg\" data-link=\"https:\/\/www.abesata.org\/br\/?attachment_id=16158\" class=\"wp-image-16158\" srcset=\"https:\/\/www.abesata.org\/br\/wp-content\/uploads\/2023\/08\/IMG_2372-768x1024.jpg 768w, https:\/\/www.abesata.org\/br\/wp-content\/uploads\/2023\/08\/IMG_2372-225x300.jpg 225w, https:\/\/www.abesata.org\/br\/wp-content\/uploads\/2023\/08\/IMG_2372-1152x1536.jpg 1152w, https:\/\/www.abesata.org\/br\/wp-content\/uploads\/2023\/08\/IMG_2372-1536x2048.jpg 1536w, https:\/\/www.abesata.org\/br\/wp-content\/uploads\/2023\/08\/IMG_2372-113x150.jpg 113w, https:\/\/www.abesata.org\/br\/wp-content\/uploads\/2023\/08\/IMG_2372-scaled.jpg 1920w\" sizes=\"(max-width: 768px) 100vw, 768px\" \/><\/figure><\/li><li class=\"blocks-gallery-item\"><figure><img loading=\"lazy\" decoding=\"async\" width=\"828\" height=\"907\" src=\"https:\/\/www.abesata.org\/br\/wp-content\/uploads\/2023\/08\/IMG_2376.jpg\" alt=\"\" data-id=\"16159\" data-full-url=\"https:\/\/www.abesata.org\/br\/wp-content\/uploads\/2023\/08\/IMG_2376.jpg\" data-link=\"https:\/\/www.abesata.org\/br\/?attachment_id=16159\" class=\"wp-image-16159\" srcset=\"https:\/\/www.abesata.org\/br\/wp-content\/uploads\/2023\/08\/IMG_2376.jpg 828w, https:\/\/www.abesata.org\/br\/wp-content\/uploads\/2023\/08\/IMG_2376-274x300.jpg 274w, https:\/\/www.abesata.org\/br\/wp-content\/uploads\/2023\/08\/IMG_2376-768x841.jpg 768w, https:\/\/www.abesata.org\/br\/wp-content\/uploads\/2023\/08\/IMG_2376-137x150.jpg 137w\" sizes=\"(max-width: 828px) 100vw, 828px\" \/><\/figure><\/li><\/ul><\/figure>\n","protected":false},"excerpt":{"rendered":"","protected":false},"author":135,"featured_media":0,"parent":1092,"menu_order":0,"comment_status":"closed","ping_status":"closed","template":"","meta":{"footnotes":""},"class_list":["post-16135","page","type-page","status-publish","hentry"],"yoast_head":"<!-- This site is optimized with the Yoast SEO plugin v26.5 - https:\/\/yoast.com\/wordpress\/plugins\/seo\/ -->\n<title>Evento Labace 2023 - Abesata<\/title>\n<meta name=\"robots\" content=\"index, follow, max-snippet:-1, max-image-preview:large, max-video-preview:-1\" \/>\n<link rel=\"canonical\" href=\"https:\/\/www.abesata.org\/br\/galeria-de-fotos\/evento-labace-2023\/\" \/>\n<meta property=\"og:locale\" content=\"pt_BR\" \/>\n<meta property=\"og:type\" content=\"article\" \/>\n<meta property=\"og:title\" content=\"Evento Labace 2023 - Abesata\" \/>\n<meta property=\"og:url\" content=\"https:\/\/www.abesata.org\/br\/galeria-de-fotos\/evento-labace-2023\/\" \/>\n<meta property=\"og:site_name\" content=\"Abesata\" \/>\n<meta property=\"article:publisher\" content=\"https:\/\/www.facebook.com\/abesata.org\/\" \/>\n<meta property=\"article:modified_time\" content=\"2023-08-22T14:31:31+00:00\" \/>\n<meta property=\"og:image\" content=\"https:\/\/www.abesata.org\/br\/wp-content\/uploads\/2023\/08\/2-scaled.jpg\" \/>\n\t<meta property=\"og:image:width\" content=\"2560\" \/>\n\t<meta property=\"og:image:height\" content=\"1707\" \/>\n\t<meta property=\"og:image:type\" content=\"image\/jpeg\" \/>\n<meta name=\"twitter:card\" content=\"summary_large_image\" \/>\n<script type=\"application\/ld+json\" class=\"yoast-schema-graph\">{\"@context\":\"https:\/\/schema.org\",\"@graph\":[{\"@type\":\"WebPage\",\"@id\":\"https:\/\/www.abesata.org\/br\/galeria-de-fotos\/evento-labace-2023\/\",\"url\":\"https:\/\/www.abesata.org\/br\/galeria-de-fotos\/evento-labace-2023\/\",\"name\":\"Evento Labace 2023 - Abesata\",\"isPartOf\":{\"@id\":\"https:\/\/www.abesata.org\/br\/#website\"},\"primaryImageOfPage\":{\"@id\":\"https:\/\/www.abesata.org\/br\/galeria-de-fotos\/evento-labace-2023\/#primaryimage\"},\"image\":{\"@id\":\"https:\/\/www.abesata.org\/br\/galeria-de-fotos\/evento-labace-2023\/#primaryimage\"},\"thumbnailUrl\":\"https:\/\/www.abesata.org\/br\/wp-content\/uploads\/2023\/08\/2-1024x683.jpg\",\"datePublished\":\"2023-08-21T22:17:22+00:00\",\"dateModified\":\"2023-08-22T14:31:31+00:00\",\"breadcrumb\":{\"@id\":\"https:\/\/www.abesata.org\/br\/galeria-de-fotos\/evento-labace-2023\/#breadcrumb\"},\"inLanguage\":\"pt-BR\",\"potentialAction\":[{\"@type\":\"ReadAction\",\"target\":[\"https:\/\/www.abesata.org\/br\/galeria-de-fotos\/evento-labace-2023\/\"]}]},{\"@type\":\"ImageObject\",\"inLanguage\":\"pt-BR\",\"@id\":\"https:\/\/www.abesata.org\/br\/galeria-de-fotos\/evento-labace-2023\/#primaryimage\",\"url\":\"https:\/\/www.abesata.org\/br\/wp-content\/uploads\/2023\/08\/2-scaled.jpg\",\"contentUrl\":\"https:\/\/www.abesata.org\/br\/wp-content\/uploads\/2023\/08\/2-scaled.jpg\",\"width\":2560,\"height\":1707},{\"@type\":\"BreadcrumbList\",\"@id\":\"https:\/\/www.abesata.org\/br\/galeria-de-fotos\/evento-labace-2023\/#breadcrumb\",\"itemListElement\":[{\"@type\":\"ListItem\",\"position\":1,\"name\":\"In\u00edcio\",\"item\":\"https:\/\/www.abesata.org\/br\/\"},{\"@type\":\"ListItem\",\"position\":2,\"name\":\"Galeria de Fotos\",\"item\":\"https:\/\/www.abesata.org\/br\/galeria-de-fotos\/\"},{\"@type\":\"ListItem\",\"position\":3,\"name\":\"Evento Labace 2023\"}]},{\"@type\":\"WebSite\",\"@id\":\"https:\/\/www.abesata.org\/br\/#website\",\"url\":\"https:\/\/www.abesata.org\/br\/\",\"name\":\"Abesata\",\"description\":\"Associa\u00e7\u00e3o Brasileira das Empresas de Servi\u00e7os Auxiliares de Transporte A\u00e9reo\",\"publisher\":{\"@id\":\"https:\/\/www.abesata.org\/br\/#organization\"},\"potentialAction\":[{\"@type\":\"SearchAction\",\"target\":{\"@type\":\"EntryPoint\",\"urlTemplate\":\"https:\/\/www.abesata.org\/br\/?s={search_term_string}\"},\"query-input\":{\"@type\":\"PropertyValueSpecification\",\"valueRequired\":true,\"valueName\":\"search_term_string\"}}],\"inLanguage\":\"pt-BR\"},{\"@type\":\"Organization\",\"@id\":\"https:\/\/www.abesata.org\/br\/#organization\",\"name\":\"Associa\u00e7\u00e3o Brasileira das Empresas de Servi\u00e7os Auxiliares de Transporte A\u00e9reo\",\"alternateName\":\"Abesata\",\"url\":\"https:\/\/www.abesata.org\/br\/\",\"logo\":{\"@type\":\"ImageObject\",\"inLanguage\":\"pt-BR\",\"@id\":\"https:\/\/www.abesata.org\/br\/#\/schema\/logo\/image\/\",\"url\":\"https:\/\/www.abesata.org\/br\/wp-content\/uploads\/2023\/10\/Abesata.png\",\"contentUrl\":\"https:\/\/www.abesata.org\/br\/wp-content\/uploads\/2023\/10\/Abesata.png\",\"width\":1063,\"height\":591,\"caption\":\"Associa\u00e7\u00e3o Brasileira das Empresas de Servi\u00e7os Auxiliares de Transporte A\u00e9reo\"},\"image\":{\"@id\":\"https:\/\/www.abesata.org\/br\/#\/schema\/logo\/image\/\"},\"sameAs\":[\"https:\/\/www.facebook.com\/abesata.org\/\",\"https:\/\/www.instagram.com\/abesata_gh\/\",\"https:\/\/br.linkedin.com\/company\/abesata\"]}]}<\/script>\n<!-- \/ Yoast SEO plugin. -->","yoast_head_json":{"title":"Evento Labace 2023 - Abesata","robots":{"index":"index","follow":"follow","max-snippet":"max-snippet:-1","max-image-preview":"max-image-preview:large","max-video-preview":"max-video-preview:-1"},"canonical":"https:\/\/www.abesata.org\/br\/galeria-de-fotos\/evento-labace-2023\/","og_locale":"pt_BR","og_type":"article","og_title":"Evento Labace 2023 - Abesata","og_url":"https:\/\/www.abesata.org\/br\/galeria-de-fotos\/evento-labace-2023\/","og_site_name":"Abesata","article_publisher":"https:\/\/www.facebook.com\/abesata.org\/","article_modified_time":"2023-08-22T14:31:31+00:00","og_image":[{"width":2560,"height":1707,"url":"https:\/\/www.abesata.org\/br\/wp-content\/uploads\/2023\/08\/2-scaled.jpg","type":"image\/jpeg"}],"twitter_card":"summary_large_image","schema":{"@context":"https:\/\/schema.org","@graph":[{"@type":"WebPage","@id":"https:\/\/www.abesata.org\/br\/galeria-de-fotos\/evento-labace-2023\/","url":"https:\/\/www.abesata.org\/br\/galeria-de-fotos\/evento-labace-2023\/","name":"Evento Labace 2023 - Abesata","isPartOf":{"@id":"https:\/\/www.abesata.org\/br\/#website"},"primaryImageOfPage":{"@id":"https:\/\/www.abesata.org\/br\/galeria-de-fotos\/evento-labace-2023\/#primaryimage"},"image":{"@id":"https:\/\/www.abesata.org\/br\/galeria-de-fotos\/evento-labace-2023\/#primaryimage"},"thumbnailUrl":"https:\/\/www.abesata.org\/br\/wp-content\/uploads\/2023\/08\/2-1024x683.jpg","datePublished":"2023-08-21T22:17:22+00:00","dateModified":"2023-08-22T14:31:31+00:00","breadcrumb":{"@id":"https:\/\/www.abesata.org\/br\/galeria-de-fotos\/evento-labace-2023\/#breadcrumb"},"inLanguage":"pt-BR","potentialAction":[{"@type":"ReadAction","target":["https:\/\/www.abesata.org\/br\/galeria-de-fotos\/evento-labace-2023\/"]}]},{"@type":"ImageObject","inLanguage":"pt-BR","@id":"https:\/\/www.abesata.org\/br\/galeria-de-fotos\/evento-labace-2023\/#primaryimage","url":"https:\/\/www.abesata.org\/br\/wp-content\/uploads\/2023\/08\/2-scaled.jpg","contentUrl":"https:\/\/www.abesata.org\/br\/wp-content\/uploads\/2023\/08\/2-scaled.jpg","width":2560,"height":1707},{"@type":"BreadcrumbList","@id":"https:\/\/www.abesata.org\/br\/galeria-de-fotos\/evento-labace-2023\/#breadcrumb","itemListElement":[{"@type":"ListItem","position":1,"name":"In\u00edcio","item":"https:\/\/www.abesata.org\/br\/"},{"@type":"ListItem","position":2,"name":"Galeria de Fotos","item":"https:\/\/www.abesata.org\/br\/galeria-de-fotos\/"},{"@type":"ListItem","position":3,"name":"Evento Labace 2023"}]},{"@type":"WebSite","@id":"https:\/\/www.abesata.org\/br\/#website","url":"https:\/\/www.abesata.org\/br\/","name":"Abesata","description":"Associa\u00e7\u00e3o Brasileira das Empresas de Servi\u00e7os Auxiliares de Transporte A\u00e9reo","publisher":{"@id":"https:\/\/www.abesata.org\/br\/#organization"},"potentialAction":[{"@type":"SearchAction","target":{"@type":"EntryPoint","urlTemplate":"https:\/\/www.abesata.org\/br\/?s={search_term_string}"},"query-input":{"@type":"PropertyValueSpecification","valueRequired":true,"valueName":"search_term_string"}}],"inLanguage":"pt-BR"},{"@type":"Organization","@id":"https:\/\/www.abesata.org\/br\/#organization","name":"Associa\u00e7\u00e3o Brasileira das Empresas de Servi\u00e7os Auxiliares de Transporte A\u00e9reo","alternateName":"Abesata","url":"https:\/\/www.abesata.org\/br\/","logo":{"@type":"ImageObject","inLanguage":"pt-BR","@id":"https:\/\/www.abesata.org\/br\/#\/schema\/logo\/image\/","url":"https:\/\/www.abesata.org\/br\/wp-content\/uploads\/2023\/10\/Abesata.png","contentUrl":"https:\/\/www.abesata.org\/br\/wp-content\/uploads\/2023\/10\/Abesata.png","width":1063,"height":591,"caption":"Associa\u00e7\u00e3o Brasileira das Empresas de Servi\u00e7os Auxiliares de Transporte A\u00e9reo"},"image":{"@id":"https:\/\/www.abesata.org\/br\/#\/schema\/logo\/image\/"},"sameAs":["https:\/\/www.facebook.com\/abesata.org\/","https:\/\/www.instagram.com\/abesata_gh\/","https:\/\/br.linkedin.com\/company\/abesata"]}]}},"_links":{"self":[{"href":"https:\/\/www.abesata.org\/br\/wp-json\/wp\/v2\/pages\/16135","targetHints":{"allow":["GET"]}}],"collection":[{"href":"https:\/\/www.abesata.org\/br\/wp-json\/wp\/v2\/pages"}],"about":[{"href":"https:\/\/www.abesata.org\/br\/wp-json\/wp\/v2\/types\/page"}],"author":[{"embeddable":true,"href":"https:\/\/www.abesata.org\/br\/wp-json\/wp\/v2\/users\/135"}],"replies":[{"embeddable":true,"href":"https:\/\/www.abesata.org\/br\/wp-json\/wp\/v2\/comments?post=16135"}],"version-history":[{"count":0,"href":"https:\/\/www.abesata.org\/br\/wp-json\/wp\/v2\/pages\/16135\/revisions"}],"up":[{"embeddable":true,"href":"https:\/\/www.abesata.org\/br\/wp-json\/wp\/v2\/pages\/1092"}],"wp:attachment":[{"href":"https:\/\/www.abesata.org\/br\/wp-json\/wp\/v2\/media?parent=16135"}],"curies":[{"name":"wp","href":"https:\/\/api.w.org\/{rel}","templated":true}]}}