{"id":16960,"date":"2023-11-06T10:41:20","date_gmt":"2023-11-06T13:41:20","guid":{"rendered":"https:\/\/www.abesata.org\/br\/?page_id=16960"},"modified":"2023-11-06T10:45:22","modified_gmt":"2023-11-06T13:45:22","slug":"comissao-nacional-de-autoridades-aeroportuarias-conaero-min-de-portos-e-aeroportos-bsb-16-out-2023","status":"publish","type":"page","link":"https:\/\/www.abesata.org\/br\/comissao-nacional-de-autoridades-aeroportuarias-conaero-min-de-portos-e-aeroportos-bsb-16-out-2023\/","title":{"rendered":"COMISS\u00c3O NACIONAL DE AUTORIDADES AEROPORTU\u00c1RIAS \u2013 CONAERO \u2013 Min. de Portos e Aeroportos \u2013 BSB \u2013 16 out. 2023"},"content":{"rendered":"\t\t<div data-elementor-type=\"wp-page\" data-elementor-id=\"16960\" class=\"elementor elementor-16960\" data-elementor-post-type=\"page\">\n\t\t\t\t<div class=\"elementor-element elementor-element-5bd970b e-flex e-con-boxed e-con e-parent\" data-id=\"5bd970b\" data-element_type=\"container\" data-e-type=\"container\">\n\t\t\t\t\t<div class=\"e-con-inner\">\n\t\t\t\t<div class=\"elementor-element elementor-element-e678e91 elementor-widget elementor-widget-heading\" data-id=\"e678e91\" data-element_type=\"widget\" data-e-type=\"widget\" data-widget_type=\"heading.default\">\n\t\t\t\t<div class=\"elementor-widget-container\">\n\t\t\t\t\t<h2 class=\"elementor-heading-title elementor-size-default\">COMISS\u00c3O NACIONAL DE AUTORIDADES AEROPORTU\u00c1RIAS \u2013 CONAERO \u2013 Min. de Portos e Aeroportos \u2013 BSB \u2013 16 out. 2023<\/h2>\t\t\t\t<\/div>\n\t\t\t\t<\/div>\n\t\t\t\t<div class=\"elementor-element elementor-element-b8d354f elementor-widget elementor-widget-gallery\" data-id=\"b8d354f\" data-element_type=\"widget\" data-e-type=\"widget\" data-settings=\"{&quot;columns&quot;:1,&quot;aspect_ratio&quot;:&quot;16:9&quot;,&quot;lazyload&quot;:&quot;yes&quot;,&quot;gallery_layout&quot;:&quot;grid&quot;,&quot;columns_tablet&quot;:2,&quot;columns_mobile&quot;:1,&quot;gap&quot;:{&quot;unit&quot;:&quot;px&quot;,&quot;size&quot;:10,&quot;sizes&quot;:[]},&quot;gap_tablet&quot;:{&quot;unit&quot;:&quot;px&quot;,&quot;size&quot;:10,&quot;sizes&quot;:[]},&quot;gap_mobile&quot;:{&quot;unit&quot;:&quot;px&quot;,&quot;size&quot;:10,&quot;sizes&quot;:[]},&quot;link_to&quot;:&quot;file&quot;,&quot;overlay_background&quot;:&quot;yes&quot;,&quot;content_hover_animation&quot;:&quot;fade-in&quot;}\" data-widget_type=\"gallery.default\">\n\t\t\t\t<div class=\"elementor-widget-container\">\n\t\t\t\t\t\t\t<div class=\"elementor-gallery__container\">\n\t\t\t\t\t\t\t<a class=\"e-gallery-item elementor-gallery-item elementor-animated-content\" href=\"https:\/\/www.abesata.org\/br\/wp-content\/uploads\/2023\/10\/WhatsApp-Image-2023-10-26-at-11.26.04-4.jpeg\" data-elementor-open-lightbox=\"yes\" data-elementor-lightbox-slideshow=\"b8d354f\" data-elementor-lightbox-title=\"CONAERO 2023 - 1\" data-e-action-hash=\"#elementor-action%3Aaction%3Dlightbox%26settings%3DeyJpZCI6MTY1OTcsInVybCI6Imh0dHBzOlwvXC93d3cuYWJlc2F0YS5vcmdcL2JyXC93cC1jb250ZW50XC91cGxvYWRzXC8yMDIzXC8xMFwvV2hhdHNBcHAtSW1hZ2UtMjAyMy0xMC0yNi1hdC0xMS4yNi4wNC00LmpwZWciLCJzbGlkZXNob3ciOiJiOGQzNTRmIn0%3D\">\n\t\t\t\t\t<div class=\"e-gallery-image elementor-gallery-item__image\" data-thumbnail=\"https:\/\/www.abesata.org\/br\/wp-content\/uploads\/2023\/10\/WhatsApp-Image-2023-10-26-at-11.26.04-4.jpeg\" data-width=\"1024\" data-height=\"768\" aria-label=\"\" role=\"img\" ><\/div>\n\t\t\t\t\t\t\t\t\t\t\t<div class=\"elementor-gallery-item__overlay\"><\/div>\n\t\t\t\t\t\t\t\t\t\t\t\t\t\t<\/a>\n\t\t\t\t\t\t\t<a class=\"e-gallery-item elementor-gallery-item elementor-animated-content\" href=\"https:\/\/www.abesata.org\/br\/wp-content\/uploads\/2023\/10\/WhatsApp-Image-2023-10-26-at-11.26.04.jpeg\" data-elementor-open-lightbox=\"yes\" data-elementor-lightbox-slideshow=\"b8d354f\" data-elementor-lightbox-title=\"CONAERO 2023 - 2\" data-e-action-hash=\"#elementor-action%3Aaction%3Dlightbox%26settings%3DeyJpZCI6MTY1OTgsInVybCI6Imh0dHBzOlwvXC93d3cuYWJlc2F0YS5vcmdcL2JyXC93cC1jb250ZW50XC91cGxvYWRzXC8yMDIzXC8xMFwvV2hhdHNBcHAtSW1hZ2UtMjAyMy0xMC0yNi1hdC0xMS4yNi4wNC5qcGVnIiwic2xpZGVzaG93IjoiYjhkMzU0ZiJ9\">\n\t\t\t\t\t<div class=\"e-gallery-image elementor-gallery-item__image\" data-thumbnail=\"https:\/\/www.abesata.org\/br\/wp-content\/uploads\/2023\/10\/WhatsApp-Image-2023-10-26-at-11.26.04.jpeg\" data-width=\"1024\" data-height=\"768\" aria-label=\"\" role=\"img\" ><\/div>\n\t\t\t\t\t\t\t\t\t\t\t<div class=\"elementor-gallery-item__overlay\"><\/div>\n\t\t\t\t\t\t\t\t\t\t\t\t\t\t<\/a>\n\t\t\t\t\t\t\t<a class=\"e-gallery-item elementor-gallery-item elementor-animated-content\" href=\"https:\/\/www.abesata.org\/br\/wp-content\/uploads\/2023\/10\/WhatsApp-Image-2023-10-26-at-11.26.04-3.jpeg\" data-elementor-open-lightbox=\"yes\" data-elementor-lightbox-slideshow=\"b8d354f\" data-elementor-lightbox-title=\"CONAERO 2023 - 3\" data-e-action-hash=\"#elementor-action%3Aaction%3Dlightbox%26settings%3DeyJpZCI6MTY1OTYsInVybCI6Imh0dHBzOlwvXC93d3cuYWJlc2F0YS5vcmdcL2JyXC93cC1jb250ZW50XC91cGxvYWRzXC8yMDIzXC8xMFwvV2hhdHNBcHAtSW1hZ2UtMjAyMy0xMC0yNi1hdC0xMS4yNi4wNC0zLmpwZWciLCJzbGlkZXNob3ciOiJiOGQzNTRmIn0%3D\">\n\t\t\t\t\t<div class=\"e-gallery-image elementor-gallery-item__image\" data-thumbnail=\"https:\/\/www.abesata.org\/br\/wp-content\/uploads\/2023\/10\/WhatsApp-Image-2023-10-26-at-11.26.04-3.jpeg\" data-width=\"768\" data-height=\"1024\" aria-label=\"\" role=\"img\" ><\/div>\n\t\t\t\t\t\t\t\t\t\t\t<div class=\"elementor-gallery-item__overlay\"><\/div>\n\t\t\t\t\t\t\t\t\t\t\t\t\t\t<\/a>\n\t\t\t\t\t\t\t<a class=\"e-gallery-item elementor-gallery-item elementor-animated-content\" href=\"https:\/\/www.abesata.org\/br\/wp-content\/uploads\/2023\/10\/WhatsApp-Image-2023-10-26-at-11.26.04-2.jpeg\" data-elementor-open-lightbox=\"yes\" data-elementor-lightbox-slideshow=\"b8d354f\" data-elementor-lightbox-title=\"CONAERO 2023 - 4\" data-e-action-hash=\"#elementor-action%3Aaction%3Dlightbox%26settings%3DeyJpZCI6MTY1OTUsInVybCI6Imh0dHBzOlwvXC93d3cuYWJlc2F0YS5vcmdcL2JyXC93cC1jb250ZW50XC91cGxvYWRzXC8yMDIzXC8xMFwvV2hhdHNBcHAtSW1hZ2UtMjAyMy0xMC0yNi1hdC0xMS4yNi4wNC0yLmpwZWciLCJzbGlkZXNob3ciOiJiOGQzNTRmIn0%3D\">\n\t\t\t\t\t<div class=\"e-gallery-image elementor-gallery-item__image\" data-thumbnail=\"https:\/\/www.abesata.org\/br\/wp-content\/uploads\/2023\/10\/WhatsApp-Image-2023-10-26-at-11.26.04-2.jpeg\" data-width=\"1024\" data-height=\"768\" aria-label=\"\" role=\"img\" ><\/div>\n\t\t\t\t\t\t\t\t\t\t\t<div class=\"elementor-gallery-item__overlay\"><\/div>\n\t\t\t\t\t\t\t\t\t\t\t\t\t\t<\/a>\n\t\t\t\t\t\t\t<a class=\"e-gallery-item elementor-gallery-item elementor-animated-content\" href=\"https:\/\/www.abesata.org\/br\/wp-content\/uploads\/2023\/10\/WhatsApp-Image-2023-10-26-at-11.26.04-1.jpeg\" data-elementor-open-lightbox=\"yes\" data-elementor-lightbox-slideshow=\"b8d354f\" data-elementor-lightbox-title=\"CONAERO 2023 - 5\" data-e-action-hash=\"#elementor-action%3Aaction%3Dlightbox%26settings%3DeyJpZCI6MTY1OTQsInVybCI6Imh0dHBzOlwvXC93d3cuYWJlc2F0YS5vcmdcL2JyXC93cC1jb250ZW50XC91cGxvYWRzXC8yMDIzXC8xMFwvV2hhdHNBcHAtSW1hZ2UtMjAyMy0xMC0yNi1hdC0xMS4yNi4wNC0xLmpwZWciLCJzbGlkZXNob3ciOiJiOGQzNTRmIn0%3D\">\n\t\t\t\t\t<div class=\"e-gallery-image elementor-gallery-item__image\" data-thumbnail=\"https:\/\/www.abesata.org\/br\/wp-content\/uploads\/2023\/10\/WhatsApp-Image-2023-10-26-at-11.26.04-1.jpeg\" data-width=\"1024\" data-height=\"768\" aria-label=\"\" role=\"img\" ><\/div>\n\t\t\t\t\t\t\t\t\t\t\t<div class=\"elementor-gallery-item__overlay\"><\/div>\n\t\t\t\t\t\t\t\t\t\t\t\t\t\t<\/a>\n\t\t\t\t\t<\/div>\n\t\t\t\t\t<\/div>\n\t\t\t\t<\/div>\n\t\t\t\t\t<\/div>\n\t\t\t\t<\/div>\n\t\t\t\t<\/div>\n\t\t","protected":false},"excerpt":{"rendered":"<p>COMISS\u00c3O NACIONAL DE AUTORIDADES AEROPORTU\u00c1RIAS \u2013 CONAERO \u2013 Min. de Portos e Aeroportos \u2013 BSB \u2013 16 out. 2023<\/p>\n","protected":false},"author":136,"featured_media":0,"parent":0,"menu_order":0,"comment_status":"closed","ping_status":"closed","template":"elementor_header_footer","meta":{"footnotes":""},"class_list":["post-16960","page","type-page","status-publish","hentry"],"yoast_head":"<!-- This site is optimized with the Yoast SEO plugin v26.5 - https:\/\/yoast.com\/wordpress\/plugins\/seo\/ -->\n<title>COMISS\u00c3O NACIONAL DE AUTORIDADES AEROPORTU\u00c1RIAS \u2013 CONAERO \u2013 Min. de Portos e Aeroportos \u2013 BSB \u2013 16 out. 2023 - Abesata<\/title>\n<meta name=\"robots\" content=\"index, follow, max-snippet:-1, max-image-preview:large, max-video-preview:-1\" \/>\n<link rel=\"canonical\" href=\"https:\/\/www.abesata.org\/br\/comissao-nacional-de-autoridades-aeroportuarias-conaero-min-de-portos-e-aeroportos-bsb-16-out-2023\/\" \/>\n<meta property=\"og:locale\" content=\"pt_BR\" \/>\n<meta property=\"og:type\" content=\"article\" \/>\n<meta property=\"og:title\" content=\"COMISS\u00c3O NACIONAL DE AUTORIDADES AEROPORTU\u00c1RIAS \u2013 CONAERO \u2013 Min. de Portos e Aeroportos \u2013 BSB \u2013 16 out. 2023 - Abesata\" \/>\n<meta property=\"og:description\" content=\"COMISS\u00c3O NACIONAL DE AUTORIDADES AEROPORTU\u00c1RIAS \u2013 CONAERO \u2013 Min. de Portos e Aeroportos \u2013 BSB \u2013 16 out. 2023\" \/>\n<meta property=\"og:url\" content=\"https:\/\/www.abesata.org\/br\/comissao-nacional-de-autoridades-aeroportuarias-conaero-min-de-portos-e-aeroportos-bsb-16-out-2023\/\" \/>\n<meta property=\"og:site_name\" content=\"Abesata\" \/>\n<meta property=\"article:publisher\" content=\"https:\/\/www.facebook.com\/abesata.org\/\" \/>\n<meta property=\"article:modified_time\" content=\"2023-11-06T13:45:22+00:00\" \/>\n<meta name=\"twitter:card\" content=\"summary_large_image\" \/>\n<meta name=\"twitter:label1\" content=\"Est. tempo de leitura\" \/>\n\t<meta name=\"twitter:data1\" content=\"1 minuto\" \/>\n<script type=\"application\/ld+json\" class=\"yoast-schema-graph\">{\"@context\":\"https:\/\/schema.org\",\"@graph\":[{\"@type\":\"WebPage\",\"@id\":\"https:\/\/www.abesata.org\/br\/comissao-nacional-de-autoridades-aeroportuarias-conaero-min-de-portos-e-aeroportos-bsb-16-out-2023\/\",\"url\":\"https:\/\/www.abesata.org\/br\/comissao-nacional-de-autoridades-aeroportuarias-conaero-min-de-portos-e-aeroportos-bsb-16-out-2023\/\",\"name\":\"COMISS\u00c3O NACIONAL DE AUTORIDADES AEROPORTU\u00c1RIAS \u2013 CONAERO \u2013 Min. de Portos e Aeroportos \u2013 BSB \u2013 16 out. 2023 - Abesata\",\"isPartOf\":{\"@id\":\"https:\/\/www.abesata.org\/br\/#website\"},\"datePublished\":\"2023-11-06T13:41:20+00:00\",\"dateModified\":\"2023-11-06T13:45:22+00:00\",\"breadcrumb\":{\"@id\":\"https:\/\/www.abesata.org\/br\/comissao-nacional-de-autoridades-aeroportuarias-conaero-min-de-portos-e-aeroportos-bsb-16-out-2023\/#breadcrumb\"},\"inLanguage\":\"pt-BR\",\"potentialAction\":[{\"@type\":\"ReadAction\",\"target\":[\"https:\/\/www.abesata.org\/br\/comissao-nacional-de-autoridades-aeroportuarias-conaero-min-de-portos-e-aeroportos-bsb-16-out-2023\/\"]}]},{\"@type\":\"BreadcrumbList\",\"@id\":\"https:\/\/www.abesata.org\/br\/comissao-nacional-de-autoridades-aeroportuarias-conaero-min-de-portos-e-aeroportos-bsb-16-out-2023\/#breadcrumb\",\"itemListElement\":[{\"@type\":\"ListItem\",\"position\":1,\"name\":\"In\u00edcio\",\"item\":\"https:\/\/www.abesata.org\/br\/\"},{\"@type\":\"ListItem\",\"position\":2,\"name\":\"COMISS\u00c3O NACIONAL DE AUTORIDADES AEROPORTU\u00c1RIAS \u2013 CONAERO \u2013 Min. de Portos e Aeroportos \u2013 BSB \u2013 16 out. 2023\"}]},{\"@type\":\"WebSite\",\"@id\":\"https:\/\/www.abesata.org\/br\/#website\",\"url\":\"https:\/\/www.abesata.org\/br\/\",\"name\":\"Abesata\",\"description\":\"Associa\u00e7\u00e3o Brasileira das Empresas de Servi\u00e7os Auxiliares de Transporte A\u00e9reo\",\"publisher\":{\"@id\":\"https:\/\/www.abesata.org\/br\/#organization\"},\"potentialAction\":[{\"@type\":\"SearchAction\",\"target\":{\"@type\":\"EntryPoint\",\"urlTemplate\":\"https:\/\/www.abesata.org\/br\/?s={search_term_string}\"},\"query-input\":{\"@type\":\"PropertyValueSpecification\",\"valueRequired\":true,\"valueName\":\"search_term_string\"}}],\"inLanguage\":\"pt-BR\"},{\"@type\":\"Organization\",\"@id\":\"https:\/\/www.abesata.org\/br\/#organization\",\"name\":\"Associa\u00e7\u00e3o Brasileira das Empresas de Servi\u00e7os Auxiliares de Transporte A\u00e9reo\",\"alternateName\":\"Abesata\",\"url\":\"https:\/\/www.abesata.org\/br\/\",\"logo\":{\"@type\":\"ImageObject\",\"inLanguage\":\"pt-BR\",\"@id\":\"https:\/\/www.abesata.org\/br\/#\/schema\/logo\/image\/\",\"url\":\"https:\/\/www.abesata.org\/br\/wp-content\/uploads\/2023\/10\/Abesata.png\",\"contentUrl\":\"https:\/\/www.abesata.org\/br\/wp-content\/uploads\/2023\/10\/Abesata.png\",\"width\":1063,\"height\":591,\"caption\":\"Associa\u00e7\u00e3o Brasileira das Empresas de Servi\u00e7os Auxiliares de Transporte A\u00e9reo\"},\"image\":{\"@id\":\"https:\/\/www.abesata.org\/br\/#\/schema\/logo\/image\/\"},\"sameAs\":[\"https:\/\/www.facebook.com\/abesata.org\/\",\"https:\/\/www.instagram.com\/abesata_gh\/\",\"https:\/\/br.linkedin.com\/company\/abesata\"]}]}<\/script>\n<!-- \/ Yoast SEO plugin. -->","yoast_head_json":{"title":"COMISS\u00c3O NACIONAL DE AUTORIDADES AEROPORTU\u00c1RIAS \u2013 CONAERO \u2013 Min. de Portos e Aeroportos \u2013 BSB \u2013 16 out. 2023 - Abesata","robots":{"index":"index","follow":"follow","max-snippet":"max-snippet:-1","max-image-preview":"max-image-preview:large","max-video-preview":"max-video-preview:-1"},"canonical":"https:\/\/www.abesata.org\/br\/comissao-nacional-de-autoridades-aeroportuarias-conaero-min-de-portos-e-aeroportos-bsb-16-out-2023\/","og_locale":"pt_BR","og_type":"article","og_title":"COMISS\u00c3O NACIONAL DE AUTORIDADES AEROPORTU\u00c1RIAS \u2013 CONAERO \u2013 Min. de Portos e Aeroportos \u2013 BSB \u2013 16 out. 2023 - Abesata","og_description":"COMISS\u00c3O NACIONAL DE AUTORIDADES AEROPORTU\u00c1RIAS \u2013 CONAERO \u2013 Min. de Portos e Aeroportos \u2013 BSB \u2013 16 out. 2023","og_url":"https:\/\/www.abesata.org\/br\/comissao-nacional-de-autoridades-aeroportuarias-conaero-min-de-portos-e-aeroportos-bsb-16-out-2023\/","og_site_name":"Abesata","article_publisher":"https:\/\/www.facebook.com\/abesata.org\/","article_modified_time":"2023-11-06T13:45:22+00:00","twitter_card":"summary_large_image","twitter_misc":{"Est. tempo de leitura":"1 minuto"},"schema":{"@context":"https:\/\/schema.org","@graph":[{"@type":"WebPage","@id":"https:\/\/www.abesata.org\/br\/comissao-nacional-de-autoridades-aeroportuarias-conaero-min-de-portos-e-aeroportos-bsb-16-out-2023\/","url":"https:\/\/www.abesata.org\/br\/comissao-nacional-de-autoridades-aeroportuarias-conaero-min-de-portos-e-aeroportos-bsb-16-out-2023\/","name":"COMISS\u00c3O NACIONAL DE AUTORIDADES AEROPORTU\u00c1RIAS \u2013 CONAERO \u2013 Min. de Portos e Aeroportos \u2013 BSB \u2013 16 out. 2023 - Abesata","isPartOf":{"@id":"https:\/\/www.abesata.org\/br\/#website"},"datePublished":"2023-11-06T13:41:20+00:00","dateModified":"2023-11-06T13:45:22+00:00","breadcrumb":{"@id":"https:\/\/www.abesata.org\/br\/comissao-nacional-de-autoridades-aeroportuarias-conaero-min-de-portos-e-aeroportos-bsb-16-out-2023\/#breadcrumb"},"inLanguage":"pt-BR","potentialAction":[{"@type":"ReadAction","target":["https:\/\/www.abesata.org\/br\/comissao-nacional-de-autoridades-aeroportuarias-conaero-min-de-portos-e-aeroportos-bsb-16-out-2023\/"]}]},{"@type":"BreadcrumbList","@id":"https:\/\/www.abesata.org\/br\/comissao-nacional-de-autoridades-aeroportuarias-conaero-min-de-portos-e-aeroportos-bsb-16-out-2023\/#breadcrumb","itemListElement":[{"@type":"ListItem","position":1,"name":"In\u00edcio","item":"https:\/\/www.abesata.org\/br\/"},{"@type":"ListItem","position":2,"name":"COMISS\u00c3O NACIONAL DE AUTORIDADES AEROPORTU\u00c1RIAS \u2013 CONAERO \u2013 Min. de Portos e Aeroportos \u2013 BSB \u2013 16 out. 2023"}]},{"@type":"WebSite","@id":"https:\/\/www.abesata.org\/br\/#website","url":"https:\/\/www.abesata.org\/br\/","name":"Abesata","description":"Associa\u00e7\u00e3o Brasileira das Empresas de Servi\u00e7os Auxiliares de Transporte A\u00e9reo","publisher":{"@id":"https:\/\/www.abesata.org\/br\/#organization"},"potentialAction":[{"@type":"SearchAction","target":{"@type":"EntryPoint","urlTemplate":"https:\/\/www.abesata.org\/br\/?s={search_term_string}"},"query-input":{"@type":"PropertyValueSpecification","valueRequired":true,"valueName":"search_term_string"}}],"inLanguage":"pt-BR"},{"@type":"Organization","@id":"https:\/\/www.abesata.org\/br\/#organization","name":"Associa\u00e7\u00e3o Brasileira das Empresas de Servi\u00e7os Auxiliares de Transporte A\u00e9reo","alternateName":"Abesata","url":"https:\/\/www.abesata.org\/br\/","logo":{"@type":"ImageObject","inLanguage":"pt-BR","@id":"https:\/\/www.abesata.org\/br\/#\/schema\/logo\/image\/","url":"https:\/\/www.abesata.org\/br\/wp-content\/uploads\/2023\/10\/Abesata.png","contentUrl":"https:\/\/www.abesata.org\/br\/wp-content\/uploads\/2023\/10\/Abesata.png","width":1063,"height":591,"caption":"Associa\u00e7\u00e3o Brasileira das Empresas de Servi\u00e7os Auxiliares de Transporte A\u00e9reo"},"image":{"@id":"https:\/\/www.abesata.org\/br\/#\/schema\/logo\/image\/"},"sameAs":["https:\/\/www.facebook.com\/abesata.org\/","https:\/\/www.instagram.com\/abesata_gh\/","https:\/\/br.linkedin.com\/company\/abesata"]}]}},"_links":{"self":[{"href":"https:\/\/www.abesata.org\/br\/wp-json\/wp\/v2\/pages\/16960","targetHints":{"allow":["GET"]}}],"collection":[{"href":"https:\/\/www.abesata.org\/br\/wp-json\/wp\/v2\/pages"}],"about":[{"href":"https:\/\/www.abesata.org\/br\/wp-json\/wp\/v2\/types\/page"}],"author":[{"embeddable":true,"href":"https:\/\/www.abesata.org\/br\/wp-json\/wp\/v2\/users\/136"}],"replies":[{"embeddable":true,"href":"https:\/\/www.abesata.org\/br\/wp-json\/wp\/v2\/comments?post=16960"}],"version-history":[{"count":2,"href":"https:\/\/www.abesata.org\/br\/wp-json\/wp\/v2\/pages\/16960\/revisions"}],"predecessor-version":[{"id":16966,"href":"https:\/\/www.abesata.org\/br\/wp-json\/wp\/v2\/pages\/16960\/revisions\/16966"}],"wp:attachment":[{"href":"https:\/\/www.abesata.org\/br\/wp-json\/wp\/v2\/media?parent=16960"}],"curies":[{"name":"wp","href":"https:\/\/api.w.org\/{rel}","templated":true}]}}