{"id":17076,"date":"2024-02-06T12:36:21","date_gmt":"2024-02-06T15:36:21","guid":{"rendered":"https:\/\/www.abesata.org\/br\/?page_id=17076"},"modified":"2024-02-06T12:36:23","modified_gmt":"2024-02-06T15:36:23","slug":"reuniao-do-decea-rio-de-janeiro-rj-06-fev-2024","status":"publish","type":"page","link":"https:\/\/www.abesata.org\/br\/reuniao-do-decea-rio-de-janeiro-rj-06-fev-2024\/","title":{"rendered":"Reuni\u00e3o do DECEA &#8211; Rio de Janeiro &#8211; RJ &#8211; 06 fev.2024"},"content":{"rendered":"\n<figure class=\"wp-block-image size-large\"><img fetchpriority=\"high\" decoding=\"async\" width=\"1024\" height=\"710\" src=\"https:\/\/www.abesata.org\/br\/wp-content\/uploads\/2024\/02\/WhatsApp-Image-2024-02-06-at-11.58.14-4-1024x710.jpeg\" alt=\"\" class=\"wp-image-17080\" srcset=\"https:\/\/www.abesata.org\/br\/wp-content\/uploads\/2024\/02\/WhatsApp-Image-2024-02-06-at-11.58.14-4-1024x710.jpeg 1024w, https:\/\/www.abesata.org\/br\/wp-content\/uploads\/2024\/02\/WhatsApp-Image-2024-02-06-at-11.58.14-4-300x208.jpeg 300w, https:\/\/www.abesata.org\/br\/wp-content\/uploads\/2024\/02\/WhatsApp-Image-2024-02-06-at-11.58.14-4-768x533.jpeg 768w, https:\/\/www.abesata.org\/br\/wp-content\/uploads\/2024\/02\/WhatsApp-Image-2024-02-06-at-11.58.14-4.jpeg 1280w\" sizes=\"(max-width: 1024px) 100vw, 1024px\" \/><\/figure>\n\n\n\n<figure class=\"wp-block-image size-large\"><img decoding=\"async\" width=\"1024\" height=\"768\" src=\"https:\/\/www.abesata.org\/br\/wp-content\/uploads\/2024\/02\/WhatsApp-Image-2024-02-06-at-11.58.14-1-1024x768.jpeg\" alt=\"\" class=\"wp-image-17077\" srcset=\"https:\/\/www.abesata.org\/br\/wp-content\/uploads\/2024\/02\/WhatsApp-Image-2024-02-06-at-11.58.14-1-1024x768.jpeg 1024w, https:\/\/www.abesata.org\/br\/wp-content\/uploads\/2024\/02\/WhatsApp-Image-2024-02-06-at-11.58.14-1-300x225.jpeg 300w, https:\/\/www.abesata.org\/br\/wp-content\/uploads\/2024\/02\/WhatsApp-Image-2024-02-06-at-11.58.14-1-768x576.jpeg 768w, https:\/\/www.abesata.org\/br\/wp-content\/uploads\/2024\/02\/WhatsApp-Image-2024-02-06-at-11.58.14-1.jpeg 1280w\" sizes=\"(max-width: 1024px) 100vw, 1024px\" \/><\/figure>\n\n\n\n<figure class=\"wp-block-image size-large\"><img decoding=\"async\" width=\"1024\" height=\"768\" src=\"https:\/\/www.abesata.org\/br\/wp-content\/uploads\/2024\/02\/WhatsApp-Image-2024-02-06-at-11.58.14-2-1024x768.jpeg\" alt=\"\" class=\"wp-image-17078\" srcset=\"https:\/\/www.abesata.org\/br\/wp-content\/uploads\/2024\/02\/WhatsApp-Image-2024-02-06-at-11.58.14-2-1024x768.jpeg 1024w, https:\/\/www.abesata.org\/br\/wp-content\/uploads\/2024\/02\/WhatsApp-Image-2024-02-06-at-11.58.14-2-300x225.jpeg 300w, https:\/\/www.abesata.org\/br\/wp-content\/uploads\/2024\/02\/WhatsApp-Image-2024-02-06-at-11.58.14-2-768x576.jpeg 768w, https:\/\/www.abesata.org\/br\/wp-content\/uploads\/2024\/02\/WhatsApp-Image-2024-02-06-at-11.58.14-2.jpeg 1280w\" sizes=\"(max-width: 1024px) 100vw, 1024px\" \/><\/figure>\n\n\n\n<figure class=\"wp-block-image size-large\"><img loading=\"lazy\" decoding=\"async\" width=\"1024\" height=\"768\" src=\"https:\/\/www.abesata.org\/br\/wp-content\/uploads\/2024\/02\/WhatsApp-Image-2024-02-06-at-11.58.14-3-1024x768.jpeg\" alt=\"\" class=\"wp-image-17079\" srcset=\"https:\/\/www.abesata.org\/br\/wp-content\/uploads\/2024\/02\/WhatsApp-Image-2024-02-06-at-11.58.14-3-1024x768.jpeg 1024w, https:\/\/www.abesata.org\/br\/wp-content\/uploads\/2024\/02\/WhatsApp-Image-2024-02-06-at-11.58.14-3-300x225.jpeg 300w, https:\/\/www.abesata.org\/br\/wp-content\/uploads\/2024\/02\/WhatsApp-Image-2024-02-06-at-11.58.14-3-768x576.jpeg 768w, https:\/\/www.abesata.org\/br\/wp-content\/uploads\/2024\/02\/WhatsApp-Image-2024-02-06-at-11.58.14-3.jpeg 1280w\" sizes=\"(max-width: 1024px) 100vw, 1024px\" \/><\/figure>\n\n\n\n<figure class=\"wp-block-image size-large is-resized\"><img loading=\"lazy\" decoding=\"async\" width=\"942\" height=\"1024\" src=\"https:\/\/www.abesata.org\/br\/wp-content\/uploads\/2024\/02\/WhatsApp-Image-2024-02-06-at-11.58.14-5-942x1024.jpeg\" alt=\"\" class=\"wp-image-17081\" style=\"width:840px;height:auto\" srcset=\"https:\/\/www.abesata.org\/br\/wp-content\/uploads\/2024\/02\/WhatsApp-Image-2024-02-06-at-11.58.14-5-942x1024.jpeg 942w, https:\/\/www.abesata.org\/br\/wp-content\/uploads\/2024\/02\/WhatsApp-Image-2024-02-06-at-11.58.14-5-276x300.jpeg 276w, https:\/\/www.abesata.org\/br\/wp-content\/uploads\/2024\/02\/WhatsApp-Image-2024-02-06-at-11.58.14-5-768x835.jpeg 768w, https:\/\/www.abesata.org\/br\/wp-content\/uploads\/2024\/02\/WhatsApp-Image-2024-02-06-at-11.58.14-5.jpeg 1177w\" sizes=\"(max-width: 942px) 100vw, 942px\" \/><\/figure>\n\n\n\n<figure class=\"wp-block-image size-large\"><img loading=\"lazy\" decoding=\"async\" width=\"1024\" height=\"576\" src=\"https:\/\/www.abesata.org\/br\/wp-content\/uploads\/2024\/02\/WhatsApp-Image-2024-02-06-at-11.58.14-6-1024x576.jpeg\" alt=\"\" class=\"wp-image-17082\" srcset=\"https:\/\/www.abesata.org\/br\/wp-content\/uploads\/2024\/02\/WhatsApp-Image-2024-02-06-at-11.58.14-6-1024x576.jpeg 1024w, https:\/\/www.abesata.org\/br\/wp-content\/uploads\/2024\/02\/WhatsApp-Image-2024-02-06-at-11.58.14-6-300x169.jpeg 300w, https:\/\/www.abesata.org\/br\/wp-content\/uploads\/2024\/02\/WhatsApp-Image-2024-02-06-at-11.58.14-6-768x432.jpeg 768w, https:\/\/www.abesata.org\/br\/wp-content\/uploads\/2024\/02\/WhatsApp-Image-2024-02-06-at-11.58.14-6.jpeg 1280w\" sizes=\"(max-width: 1024px) 100vw, 1024px\" \/><\/figure>\n\n\n\n<figure class=\"wp-block-image size-large\"><img loading=\"lazy\" decoding=\"async\" width=\"1024\" height=\"768\" src=\"https:\/\/www.abesata.org\/br\/wp-content\/uploads\/2024\/02\/WhatsApp-Image-2024-02-06-at-11.58.14-1024x768.jpeg\" alt=\"\" class=\"wp-image-17083\" srcset=\"https:\/\/www.abesata.org\/br\/wp-content\/uploads\/2024\/02\/WhatsApp-Image-2024-02-06-at-11.58.14-1024x768.jpeg 1024w, https:\/\/www.abesata.org\/br\/wp-content\/uploads\/2024\/02\/WhatsApp-Image-2024-02-06-at-11.58.14-300x225.jpeg 300w, https:\/\/www.abesata.org\/br\/wp-content\/uploads\/2024\/02\/WhatsApp-Image-2024-02-06-at-11.58.14-768x576.jpeg 768w, https:\/\/www.abesata.org\/br\/wp-content\/uploads\/2024\/02\/WhatsApp-Image-2024-02-06-at-11.58.14.jpeg 1280w\" sizes=\"(max-width: 1024px) 100vw, 1024px\" \/><\/figure>\n","protected":false},"excerpt":{"rendered":"","protected":false},"author":135,"featured_media":0,"parent":0,"menu_order":0,"comment_status":"closed","ping_status":"closed","template":"","meta":{"footnotes":""},"class_list":["post-17076","page","type-page","status-publish","hentry"],"yoast_head":"<!-- This site is optimized with the Yoast SEO plugin v26.5 - https:\/\/yoast.com\/wordpress\/plugins\/seo\/ -->\n<title>Reuni\u00e3o do DECEA - Rio de Janeiro - RJ - 06 fev.2024 - Abesata<\/title>\n<meta name=\"robots\" content=\"index, follow, max-snippet:-1, max-image-preview:large, max-video-preview:-1\" \/>\n<link rel=\"canonical\" href=\"https:\/\/www.abesata.org\/br\/reuniao-do-decea-rio-de-janeiro-rj-06-fev-2024\/\" \/>\n<meta property=\"og:locale\" content=\"pt_BR\" \/>\n<meta property=\"og:type\" content=\"article\" \/>\n<meta property=\"og:title\" content=\"Reuni\u00e3o do DECEA - Rio de Janeiro - RJ - 06 fev.2024 - Abesata\" \/>\n<meta property=\"og:url\" content=\"https:\/\/www.abesata.org\/br\/reuniao-do-decea-rio-de-janeiro-rj-06-fev-2024\/\" \/>\n<meta property=\"og:site_name\" content=\"Abesata\" \/>\n<meta property=\"article:publisher\" content=\"https:\/\/www.facebook.com\/abesata.org\/\" \/>\n<meta property=\"article:modified_time\" content=\"2024-02-06T15:36:23+00:00\" \/>\n<meta property=\"og:image\" content=\"https:\/\/www.abesata.org\/br\/wp-content\/uploads\/2024\/02\/WhatsApp-Image-2024-02-06-at-11.58.14-4-1024x710.jpeg\" \/>\n<meta name=\"twitter:card\" content=\"summary_large_image\" \/>\n<meta name=\"twitter:label1\" content=\"Est. tempo de leitura\" \/>\n\t<meta name=\"twitter:data1\" content=\"2 minutos\" \/>\n<script type=\"application\/ld+json\" class=\"yoast-schema-graph\">{\"@context\":\"https:\/\/schema.org\",\"@graph\":[{\"@type\":\"WebPage\",\"@id\":\"https:\/\/www.abesata.org\/br\/reuniao-do-decea-rio-de-janeiro-rj-06-fev-2024\/\",\"url\":\"https:\/\/www.abesata.org\/br\/reuniao-do-decea-rio-de-janeiro-rj-06-fev-2024\/\",\"name\":\"Reuni\u00e3o do DECEA - Rio de Janeiro - RJ - 06 fev.2024 - Abesata\",\"isPartOf\":{\"@id\":\"https:\/\/www.abesata.org\/br\/#website\"},\"primaryImageOfPage\":{\"@id\":\"https:\/\/www.abesata.org\/br\/reuniao-do-decea-rio-de-janeiro-rj-06-fev-2024\/#primaryimage\"},\"image\":{\"@id\":\"https:\/\/www.abesata.org\/br\/reuniao-do-decea-rio-de-janeiro-rj-06-fev-2024\/#primaryimage\"},\"thumbnailUrl\":\"https:\/\/www.abesata.org\/br\/wp-content\/uploads\/2024\/02\/WhatsApp-Image-2024-02-06-at-11.58.14-4-1024x710.jpeg\",\"datePublished\":\"2024-02-06T15:36:21+00:00\",\"dateModified\":\"2024-02-06T15:36:23+00:00\",\"breadcrumb\":{\"@id\":\"https:\/\/www.abesata.org\/br\/reuniao-do-decea-rio-de-janeiro-rj-06-fev-2024\/#breadcrumb\"},\"inLanguage\":\"pt-BR\",\"potentialAction\":[{\"@type\":\"ReadAction\",\"target\":[\"https:\/\/www.abesata.org\/br\/reuniao-do-decea-rio-de-janeiro-rj-06-fev-2024\/\"]}]},{\"@type\":\"ImageObject\",\"inLanguage\":\"pt-BR\",\"@id\":\"https:\/\/www.abesata.org\/br\/reuniao-do-decea-rio-de-janeiro-rj-06-fev-2024\/#primaryimage\",\"url\":\"https:\/\/www.abesata.org\/br\/wp-content\/uploads\/2024\/02\/WhatsApp-Image-2024-02-06-at-11.58.14-4.jpeg\",\"contentUrl\":\"https:\/\/www.abesata.org\/br\/wp-content\/uploads\/2024\/02\/WhatsApp-Image-2024-02-06-at-11.58.14-4.jpeg\",\"width\":1280,\"height\":888,\"caption\":\"Reuni\u00e3o DECEA\"},{\"@type\":\"BreadcrumbList\",\"@id\":\"https:\/\/www.abesata.org\/br\/reuniao-do-decea-rio-de-janeiro-rj-06-fev-2024\/#breadcrumb\",\"itemListElement\":[{\"@type\":\"ListItem\",\"position\":1,\"name\":\"In\u00edcio\",\"item\":\"https:\/\/www.abesata.org\/br\/\"},{\"@type\":\"ListItem\",\"position\":2,\"name\":\"Reuni\u00e3o do DECEA &#8211; Rio de Janeiro &#8211; RJ &#8211; 06 fev.2024\"}]},{\"@type\":\"WebSite\",\"@id\":\"https:\/\/www.abesata.org\/br\/#website\",\"url\":\"https:\/\/www.abesata.org\/br\/\",\"name\":\"Abesata\",\"description\":\"Associa\u00e7\u00e3o Brasileira das Empresas de Servi\u00e7os Auxiliares de Transporte A\u00e9reo\",\"publisher\":{\"@id\":\"https:\/\/www.abesata.org\/br\/#organization\"},\"potentialAction\":[{\"@type\":\"SearchAction\",\"target\":{\"@type\":\"EntryPoint\",\"urlTemplate\":\"https:\/\/www.abesata.org\/br\/?s={search_term_string}\"},\"query-input\":{\"@type\":\"PropertyValueSpecification\",\"valueRequired\":true,\"valueName\":\"search_term_string\"}}],\"inLanguage\":\"pt-BR\"},{\"@type\":\"Organization\",\"@id\":\"https:\/\/www.abesata.org\/br\/#organization\",\"name\":\"Associa\u00e7\u00e3o Brasileira das Empresas de Servi\u00e7os Auxiliares de Transporte A\u00e9reo\",\"alternateName\":\"Abesata\",\"url\":\"https:\/\/www.abesata.org\/br\/\",\"logo\":{\"@type\":\"ImageObject\",\"inLanguage\":\"pt-BR\",\"@id\":\"https:\/\/www.abesata.org\/br\/#\/schema\/logo\/image\/\",\"url\":\"https:\/\/www.abesata.org\/br\/wp-content\/uploads\/2023\/10\/Abesata.png\",\"contentUrl\":\"https:\/\/www.abesata.org\/br\/wp-content\/uploads\/2023\/10\/Abesata.png\",\"width\":1063,\"height\":591,\"caption\":\"Associa\u00e7\u00e3o Brasileira das Empresas de Servi\u00e7os Auxiliares de Transporte A\u00e9reo\"},\"image\":{\"@id\":\"https:\/\/www.abesata.org\/br\/#\/schema\/logo\/image\/\"},\"sameAs\":[\"https:\/\/www.facebook.com\/abesata.org\/\",\"https:\/\/www.instagram.com\/abesata_gh\/\",\"https:\/\/br.linkedin.com\/company\/abesata\"]}]}<\/script>\n<!-- \/ Yoast SEO plugin. -->","yoast_head_json":{"title":"Reuni\u00e3o do DECEA - Rio de Janeiro - RJ - 06 fev.2024 - Abesata","robots":{"index":"index","follow":"follow","max-snippet":"max-snippet:-1","max-image-preview":"max-image-preview:large","max-video-preview":"max-video-preview:-1"},"canonical":"https:\/\/www.abesata.org\/br\/reuniao-do-decea-rio-de-janeiro-rj-06-fev-2024\/","og_locale":"pt_BR","og_type":"article","og_title":"Reuni\u00e3o do DECEA - Rio de Janeiro - RJ - 06 fev.2024 - Abesata","og_url":"https:\/\/www.abesata.org\/br\/reuniao-do-decea-rio-de-janeiro-rj-06-fev-2024\/","og_site_name":"Abesata","article_publisher":"https:\/\/www.facebook.com\/abesata.org\/","article_modified_time":"2024-02-06T15:36:23+00:00","og_image":[{"url":"https:\/\/www.abesata.org\/br\/wp-content\/uploads\/2024\/02\/WhatsApp-Image-2024-02-06-at-11.58.14-4-1024x710.jpeg","type":"","width":"","height":""}],"twitter_card":"summary_large_image","twitter_misc":{"Est. tempo de leitura":"2 minutos"},"schema":{"@context":"https:\/\/schema.org","@graph":[{"@type":"WebPage","@id":"https:\/\/www.abesata.org\/br\/reuniao-do-decea-rio-de-janeiro-rj-06-fev-2024\/","url":"https:\/\/www.abesata.org\/br\/reuniao-do-decea-rio-de-janeiro-rj-06-fev-2024\/","name":"Reuni\u00e3o do DECEA - Rio de Janeiro - RJ - 06 fev.2024 - Abesata","isPartOf":{"@id":"https:\/\/www.abesata.org\/br\/#website"},"primaryImageOfPage":{"@id":"https:\/\/www.abesata.org\/br\/reuniao-do-decea-rio-de-janeiro-rj-06-fev-2024\/#primaryimage"},"image":{"@id":"https:\/\/www.abesata.org\/br\/reuniao-do-decea-rio-de-janeiro-rj-06-fev-2024\/#primaryimage"},"thumbnailUrl":"https:\/\/www.abesata.org\/br\/wp-content\/uploads\/2024\/02\/WhatsApp-Image-2024-02-06-at-11.58.14-4-1024x710.jpeg","datePublished":"2024-02-06T15:36:21+00:00","dateModified":"2024-02-06T15:36:23+00:00","breadcrumb":{"@id":"https:\/\/www.abesata.org\/br\/reuniao-do-decea-rio-de-janeiro-rj-06-fev-2024\/#breadcrumb"},"inLanguage":"pt-BR","potentialAction":[{"@type":"ReadAction","target":["https:\/\/www.abesata.org\/br\/reuniao-do-decea-rio-de-janeiro-rj-06-fev-2024\/"]}]},{"@type":"ImageObject","inLanguage":"pt-BR","@id":"https:\/\/www.abesata.org\/br\/reuniao-do-decea-rio-de-janeiro-rj-06-fev-2024\/#primaryimage","url":"https:\/\/www.abesata.org\/br\/wp-content\/uploads\/2024\/02\/WhatsApp-Image-2024-02-06-at-11.58.14-4.jpeg","contentUrl":"https:\/\/www.abesata.org\/br\/wp-content\/uploads\/2024\/02\/WhatsApp-Image-2024-02-06-at-11.58.14-4.jpeg","width":1280,"height":888,"caption":"Reuni\u00e3o DECEA"},{"@type":"BreadcrumbList","@id":"https:\/\/www.abesata.org\/br\/reuniao-do-decea-rio-de-janeiro-rj-06-fev-2024\/#breadcrumb","itemListElement":[{"@type":"ListItem","position":1,"name":"In\u00edcio","item":"https:\/\/www.abesata.org\/br\/"},{"@type":"ListItem","position":2,"name":"Reuni\u00e3o do DECEA &#8211; Rio de Janeiro &#8211; RJ &#8211; 06 fev.2024"}]},{"@type":"WebSite","@id":"https:\/\/www.abesata.org\/br\/#website","url":"https:\/\/www.abesata.org\/br\/","name":"Abesata","description":"Associa\u00e7\u00e3o Brasileira das Empresas de Servi\u00e7os Auxiliares de Transporte A\u00e9reo","publisher":{"@id":"https:\/\/www.abesata.org\/br\/#organization"},"potentialAction":[{"@type":"SearchAction","target":{"@type":"EntryPoint","urlTemplate":"https:\/\/www.abesata.org\/br\/?s={search_term_string}"},"query-input":{"@type":"PropertyValueSpecification","valueRequired":true,"valueName":"search_term_string"}}],"inLanguage":"pt-BR"},{"@type":"Organization","@id":"https:\/\/www.abesata.org\/br\/#organization","name":"Associa\u00e7\u00e3o Brasileira das Empresas de Servi\u00e7os Auxiliares de Transporte A\u00e9reo","alternateName":"Abesata","url":"https:\/\/www.abesata.org\/br\/","logo":{"@type":"ImageObject","inLanguage":"pt-BR","@id":"https:\/\/www.abesata.org\/br\/#\/schema\/logo\/image\/","url":"https:\/\/www.abesata.org\/br\/wp-content\/uploads\/2023\/10\/Abesata.png","contentUrl":"https:\/\/www.abesata.org\/br\/wp-content\/uploads\/2023\/10\/Abesata.png","width":1063,"height":591,"caption":"Associa\u00e7\u00e3o Brasileira das Empresas de Servi\u00e7os Auxiliares de Transporte A\u00e9reo"},"image":{"@id":"https:\/\/www.abesata.org\/br\/#\/schema\/logo\/image\/"},"sameAs":["https:\/\/www.facebook.com\/abesata.org\/","https:\/\/www.instagram.com\/abesata_gh\/","https:\/\/br.linkedin.com\/company\/abesata"]}]}},"_links":{"self":[{"href":"https:\/\/www.abesata.org\/br\/wp-json\/wp\/v2\/pages\/17076","targetHints":{"allow":["GET"]}}],"collection":[{"href":"https:\/\/www.abesata.org\/br\/wp-json\/wp\/v2\/pages"}],"about":[{"href":"https:\/\/www.abesata.org\/br\/wp-json\/wp\/v2\/types\/page"}],"author":[{"embeddable":true,"href":"https:\/\/www.abesata.org\/br\/wp-json\/wp\/v2\/users\/135"}],"replies":[{"embeddable":true,"href":"https:\/\/www.abesata.org\/br\/wp-json\/wp\/v2\/comments?post=17076"}],"version-history":[{"count":1,"href":"https:\/\/www.abesata.org\/br\/wp-json\/wp\/v2\/pages\/17076\/revisions"}],"predecessor-version":[{"id":17085,"href":"https:\/\/www.abesata.org\/br\/wp-json\/wp\/v2\/pages\/17076\/revisions\/17085"}],"wp:attachment":[{"href":"https:\/\/www.abesata.org\/br\/wp-json\/wp\/v2\/media?parent=17076"}],"curies":[{"name":"wp","href":"https:\/\/api.w.org\/{rel}","templated":true}]}}