{"id":17108,"date":"2024-02-27T13:07:31","date_gmt":"2024-02-27T16:07:31","guid":{"rendered":"https:\/\/www.abesata.org\/br\/?page_id=17108"},"modified":"2024-02-27T13:07:32","modified_gmt":"2024-02-27T16:07:32","slug":"aula-inaugural-do-curso-de-aviacao-civil-anhembi-morumbi-campus-mooca-sao-paulo-sp-22-fev-2024","status":"publish","type":"page","link":"https:\/\/www.abesata.org\/br\/aula-inaugural-do-curso-de-aviacao-civil-anhembi-morumbi-campus-mooca-sao-paulo-sp-22-fev-2024\/","title":{"rendered":"Aula inaugural do curso de Avia\u00e7\u00e3o Civil (Anhembi-Morumbi) &#8211; Campus Mooca, S\u00e3o Paulo &#8211; SP &#8211; 22 fev.2024"},"content":{"rendered":"\n<figure class=\"wp-block-gallery has-nested-images columns-default is-cropped wp-block-gallery-1 is-layout-flex wp-block-gallery-is-layout-flex\">\n<figure class=\"wp-block-image size-large\"><img fetchpriority=\"high\" decoding=\"async\" width=\"576\" height=\"1024\" data-id=\"17117\" src=\"https:\/\/www.abesata.org\/br\/wp-content\/uploads\/2024\/02\/INSTAGRAM.jpg\" alt=\"\" class=\"wp-image-17117\" srcset=\"https:\/\/www.abesata.org\/br\/wp-content\/uploads\/2024\/02\/INSTAGRAM.jpg 576w, https:\/\/www.abesata.org\/br\/wp-content\/uploads\/2024\/02\/INSTAGRAM-169x300.jpg 169w\" sizes=\"(max-width: 576px) 100vw, 576px\" \/><\/figure>\n\n\n\n<figure class=\"wp-block-image size-large\"><img decoding=\"async\" width=\"1024\" height=\"768\" data-id=\"17129\" src=\"https:\/\/www.abesata.org\/br\/wp-content\/uploads\/2024\/02\/Imagem-do-WhatsApp-de-2024-02-23-as-07.28.35_131dc6a3-1024x768.jpg\" alt=\"\" class=\"wp-image-17129\" srcset=\"https:\/\/www.abesata.org\/br\/wp-content\/uploads\/2024\/02\/Imagem-do-WhatsApp-de-2024-02-23-as-07.28.35_131dc6a3-1024x768.jpg 1024w, https:\/\/www.abesata.org\/br\/wp-content\/uploads\/2024\/02\/Imagem-do-WhatsApp-de-2024-02-23-as-07.28.35_131dc6a3-300x225.jpg 300w, https:\/\/www.abesata.org\/br\/wp-content\/uploads\/2024\/02\/Imagem-do-WhatsApp-de-2024-02-23-as-07.28.35_131dc6a3-768x576.jpg 768w, https:\/\/www.abesata.org\/br\/wp-content\/uploads\/2024\/02\/Imagem-do-WhatsApp-de-2024-02-23-as-07.28.35_131dc6a3-1536x1152.jpg 1536w, https:\/\/www.abesata.org\/br\/wp-content\/uploads\/2024\/02\/Imagem-do-WhatsApp-de-2024-02-23-as-07.28.35_131dc6a3.jpg 1600w\" sizes=\"(max-width: 1024px) 100vw, 1024px\" \/><\/figure>\n\n\n\n<figure class=\"wp-block-image size-large\"><img decoding=\"async\" width=\"1024\" height=\"768\" data-id=\"17131\" src=\"https:\/\/www.abesata.org\/br\/wp-content\/uploads\/2024\/02\/Imagem-do-WhatsApp-de-2024-02-23-as-07.29.04_1b75b3d6-1024x768.jpg\" alt=\"\" class=\"wp-image-17131\" srcset=\"https:\/\/www.abesata.org\/br\/wp-content\/uploads\/2024\/02\/Imagem-do-WhatsApp-de-2024-02-23-as-07.29.04_1b75b3d6-1024x768.jpg 1024w, https:\/\/www.abesata.org\/br\/wp-content\/uploads\/2024\/02\/Imagem-do-WhatsApp-de-2024-02-23-as-07.29.04_1b75b3d6-300x225.jpg 300w, https:\/\/www.abesata.org\/br\/wp-content\/uploads\/2024\/02\/Imagem-do-WhatsApp-de-2024-02-23-as-07.29.04_1b75b3d6-768x576.jpg 768w, https:\/\/www.abesata.org\/br\/wp-content\/uploads\/2024\/02\/Imagem-do-WhatsApp-de-2024-02-23-as-07.29.04_1b75b3d6-1536x1152.jpg 1536w, https:\/\/www.abesata.org\/br\/wp-content\/uploads\/2024\/02\/Imagem-do-WhatsApp-de-2024-02-23-as-07.29.04_1b75b3d6.jpg 1600w\" sizes=\"(max-width: 1024px) 100vw, 1024px\" \/><\/figure>\n\n\n\n<figure class=\"wp-block-image size-large\"><img loading=\"lazy\" decoding=\"async\" width=\"1024\" height=\"576\" data-id=\"17115\" src=\"https:\/\/www.abesata.org\/br\/wp-content\/uploads\/2024\/02\/Imagem-do-WhatsApp-de-2024-02-23-as-07.32.30_6a65c5e0.jpg\" alt=\"\" class=\"wp-image-17115\" srcset=\"https:\/\/www.abesata.org\/br\/wp-content\/uploads\/2024\/02\/Imagem-do-WhatsApp-de-2024-02-23-as-07.32.30_6a65c5e0.jpg 1024w, https:\/\/www.abesata.org\/br\/wp-content\/uploads\/2024\/02\/Imagem-do-WhatsApp-de-2024-02-23-as-07.32.30_6a65c5e0-300x169.jpg 300w, https:\/\/www.abesata.org\/br\/wp-content\/uploads\/2024\/02\/Imagem-do-WhatsApp-de-2024-02-23-as-07.32.30_6a65c5e0-768x432.jpg 768w\" sizes=\"(max-width: 1024px) 100vw, 1024px\" \/><\/figure>\n\n\n\n<figure class=\"wp-block-image size-large\"><img loading=\"lazy\" decoding=\"async\" width=\"1024\" height=\"576\" data-id=\"17120\" src=\"https:\/\/www.abesata.org\/br\/wp-content\/uploads\/2024\/02\/Imagem-do-WhatsApp-de-2024-02-23-as-07.32.30_7bd9ab1e.jpg\" alt=\"\" class=\"wp-image-17120\" srcset=\"https:\/\/www.abesata.org\/br\/wp-content\/uploads\/2024\/02\/Imagem-do-WhatsApp-de-2024-02-23-as-07.32.30_7bd9ab1e.jpg 1024w, https:\/\/www.abesata.org\/br\/wp-content\/uploads\/2024\/02\/Imagem-do-WhatsApp-de-2024-02-23-as-07.32.30_7bd9ab1e-300x169.jpg 300w, https:\/\/www.abesata.org\/br\/wp-content\/uploads\/2024\/02\/Imagem-do-WhatsApp-de-2024-02-23-as-07.32.30_7bd9ab1e-768x432.jpg 768w\" sizes=\"(max-width: 1024px) 100vw, 1024px\" \/><\/figure>\n\n\n\n<figure class=\"wp-block-image size-large\"><img loading=\"lazy\" decoding=\"async\" width=\"1024\" height=\"576\" data-id=\"17119\" src=\"https:\/\/www.abesata.org\/br\/wp-content\/uploads\/2024\/02\/Imagem-do-WhatsApp-de-2024-02-23-as-07.33.58_22343be2.jpg\" alt=\"\" class=\"wp-image-17119\" srcset=\"https:\/\/www.abesata.org\/br\/wp-content\/uploads\/2024\/02\/Imagem-do-WhatsApp-de-2024-02-23-as-07.33.58_22343be2.jpg 1024w, https:\/\/www.abesata.org\/br\/wp-content\/uploads\/2024\/02\/Imagem-do-WhatsApp-de-2024-02-23-as-07.33.58_22343be2-300x169.jpg 300w, https:\/\/www.abesata.org\/br\/wp-content\/uploads\/2024\/02\/Imagem-do-WhatsApp-de-2024-02-23-as-07.33.58_22343be2-768x432.jpg 768w\" sizes=\"(max-width: 1024px) 100vw, 1024px\" \/><\/figure>\n\n\n\n<figure class=\"wp-block-image size-large\"><img loading=\"lazy\" decoding=\"async\" width=\"1024\" height=\"768\" data-id=\"17114\" src=\"https:\/\/www.abesata.org\/br\/wp-content\/uploads\/2024\/02\/Imagem-do-WhatsApp-de-2024-02-23-as-07.35.40_153f15f9.jpg\" alt=\"\" class=\"wp-image-17114\" srcset=\"https:\/\/www.abesata.org\/br\/wp-content\/uploads\/2024\/02\/Imagem-do-WhatsApp-de-2024-02-23-as-07.35.40_153f15f9.jpg 1024w, https:\/\/www.abesata.org\/br\/wp-content\/uploads\/2024\/02\/Imagem-do-WhatsApp-de-2024-02-23-as-07.35.40_153f15f9-300x225.jpg 300w, https:\/\/www.abesata.org\/br\/wp-content\/uploads\/2024\/02\/Imagem-do-WhatsApp-de-2024-02-23-as-07.35.40_153f15f9-768x576.jpg 768w\" sizes=\"(max-width: 1024px) 100vw, 1024px\" \/><\/figure>\n\n\n\n<figure class=\"wp-block-image size-large\"><img loading=\"lazy\" decoding=\"async\" width=\"1024\" height=\"768\" data-id=\"17121\" src=\"https:\/\/www.abesata.org\/br\/wp-content\/uploads\/2024\/02\/Imagem-do-WhatsApp-de-2024-02-23-as-07.35.40_31266b06.jpg\" alt=\"\" class=\"wp-image-17121\" srcset=\"https:\/\/www.abesata.org\/br\/wp-content\/uploads\/2024\/02\/Imagem-do-WhatsApp-de-2024-02-23-as-07.35.40_31266b06.jpg 1024w, https:\/\/www.abesata.org\/br\/wp-content\/uploads\/2024\/02\/Imagem-do-WhatsApp-de-2024-02-23-as-07.35.40_31266b06-300x225.jpg 300w, https:\/\/www.abesata.org\/br\/wp-content\/uploads\/2024\/02\/Imagem-do-WhatsApp-de-2024-02-23-as-07.35.40_31266b06-768x576.jpg 768w\" sizes=\"(max-width: 1024px) 100vw, 1024px\" \/><\/figure>\n\n\n\n<figure class=\"wp-block-image size-large\"><img loading=\"lazy\" decoding=\"async\" width=\"576\" height=\"1024\" data-id=\"17125\" src=\"https:\/\/www.abesata.org\/br\/wp-content\/uploads\/2024\/02\/IMPRENSA-LINKEDIN.jpg\" alt=\"\" class=\"wp-image-17125\" srcset=\"https:\/\/www.abesata.org\/br\/wp-content\/uploads\/2024\/02\/IMPRENSA-LINKEDIN.jpg 576w, https:\/\/www.abesata.org\/br\/wp-content\/uploads\/2024\/02\/IMPRENSA-LINKEDIN-169x300.jpg 169w\" sizes=\"(max-width: 576px) 100vw, 576px\" \/><\/figure>\n\n\n\n<figure class=\"wp-block-image size-large\"><img loading=\"lazy\" decoding=\"async\" width=\"1024\" height=\"576\" data-id=\"17126\" src=\"https:\/\/www.abesata.org\/br\/wp-content\/uploads\/2024\/02\/INSTAGRAM-2.jpg\" alt=\"\" class=\"wp-image-17126\" srcset=\"https:\/\/www.abesata.org\/br\/wp-content\/uploads\/2024\/02\/INSTAGRAM-2.jpg 1024w, https:\/\/www.abesata.org\/br\/wp-content\/uploads\/2024\/02\/INSTAGRAM-2-300x169.jpg 300w, https:\/\/www.abesata.org\/br\/wp-content\/uploads\/2024\/02\/INSTAGRAM-2-768x432.jpg 768w\" sizes=\"(max-width: 1024px) 100vw, 1024px\" \/><\/figure>\n\n\n\n<figure class=\"wp-block-image size-large\"><img loading=\"lazy\" decoding=\"async\" width=\"1024\" height=\"576\" data-id=\"17127\" src=\"https:\/\/www.abesata.org\/br\/wp-content\/uploads\/2024\/02\/INSTAGRAM-3.jpg\" alt=\"\" class=\"wp-image-17127\" srcset=\"https:\/\/www.abesata.org\/br\/wp-content\/uploads\/2024\/02\/INSTAGRAM-3.jpg 1024w, https:\/\/www.abesata.org\/br\/wp-content\/uploads\/2024\/02\/INSTAGRAM-3-300x169.jpg 300w, https:\/\/www.abesata.org\/br\/wp-content\/uploads\/2024\/02\/INSTAGRAM-3-768x432.jpg 768w\" sizes=\"(max-width: 1024px) 100vw, 1024px\" \/><\/figure>\n\n\n\n<figure class=\"wp-block-image size-large\"><img loading=\"lazy\" decoding=\"async\" width=\"1024\" height=\"576\" data-id=\"17112\" src=\"https:\/\/www.abesata.org\/br\/wp-content\/uploads\/2024\/02\/LINKEDIN-2.jpg\" alt=\"\" class=\"wp-image-17112\" srcset=\"https:\/\/www.abesata.org\/br\/wp-content\/uploads\/2024\/02\/LINKEDIN-2.jpg 1024w, https:\/\/www.abesata.org\/br\/wp-content\/uploads\/2024\/02\/LINKEDIN-2-300x169.jpg 300w, https:\/\/www.abesata.org\/br\/wp-content\/uploads\/2024\/02\/LINKEDIN-2-768x432.jpg 768w\" sizes=\"(max-width: 1024px) 100vw, 1024px\" \/><\/figure>\n\n\n\n<figure class=\"wp-block-image size-large\"><img loading=\"lazy\" decoding=\"async\" width=\"1024\" height=\"576\" data-id=\"17122\" src=\"https:\/\/www.abesata.org\/br\/wp-content\/uploads\/2024\/02\/LINKEDIN-1024x576.jpg\" alt=\"\" class=\"wp-image-17122\" srcset=\"https:\/\/www.abesata.org\/br\/wp-content\/uploads\/2024\/02\/LINKEDIN-1024x576.jpg 1024w, https:\/\/www.abesata.org\/br\/wp-content\/uploads\/2024\/02\/LINKEDIN-300x169.jpg 300w, https:\/\/www.abesata.org\/br\/wp-content\/uploads\/2024\/02\/LINKEDIN-768x432.jpg 768w, https:\/\/www.abesata.org\/br\/wp-content\/uploads\/2024\/02\/LINKEDIN.jpg 1280w\" sizes=\"(max-width: 1024px) 100vw, 1024px\" \/><\/figure>\n<\/figure>\n","protected":false},"excerpt":{"rendered":"","protected":false},"author":135,"featured_media":0,"parent":0,"menu_order":0,"comment_status":"closed","ping_status":"closed","template":"","meta":{"footnotes":""},"class_list":["post-17108","page","type-page","status-publish","hentry"],"yoast_head":"<!-- This site is optimized with the Yoast SEO plugin v26.5 - https:\/\/yoast.com\/wordpress\/plugins\/seo\/ -->\n<title>Aula inaugural do curso de Avia\u00e7\u00e3o Civil (Anhembi-Morumbi) - Campus Mooca, S\u00e3o Paulo - SP - 22 fev.2024 - Abesata<\/title>\n<meta name=\"robots\" content=\"index, follow, max-snippet:-1, max-image-preview:large, max-video-preview:-1\" \/>\n<link rel=\"canonical\" href=\"https:\/\/www.abesata.org\/br\/aula-inaugural-do-curso-de-aviacao-civil-anhembi-morumbi-campus-mooca-sao-paulo-sp-22-fev-2024\/\" \/>\n<meta property=\"og:locale\" content=\"pt_BR\" \/>\n<meta property=\"og:type\" content=\"article\" \/>\n<meta property=\"og:title\" content=\"Aula inaugural do curso de Avia\u00e7\u00e3o Civil (Anhembi-Morumbi) - Campus Mooca, S\u00e3o Paulo - SP - 22 fev.2024 - Abesata\" \/>\n<meta property=\"og:url\" content=\"https:\/\/www.abesata.org\/br\/aula-inaugural-do-curso-de-aviacao-civil-anhembi-morumbi-campus-mooca-sao-paulo-sp-22-fev-2024\/\" \/>\n<meta property=\"og:site_name\" content=\"Abesata\" \/>\n<meta property=\"article:publisher\" content=\"https:\/\/www.facebook.com\/abesata.org\/\" \/>\n<meta property=\"article:modified_time\" content=\"2024-02-27T16:07:32+00:00\" \/>\n<meta property=\"og:image\" content=\"https:\/\/www.abesata.org\/br\/wp-content\/uploads\/2024\/02\/INSTAGRAM.jpg\" \/>\n<meta name=\"twitter:card\" content=\"summary_large_image\" \/>\n<meta name=\"twitter:label1\" content=\"Est. tempo de leitura\" \/>\n\t<meta name=\"twitter:data1\" content=\"3 minutos\" \/>\n<script type=\"application\/ld+json\" class=\"yoast-schema-graph\">{\"@context\":\"https:\/\/schema.org\",\"@graph\":[{\"@type\":\"WebPage\",\"@id\":\"https:\/\/www.abesata.org\/br\/aula-inaugural-do-curso-de-aviacao-civil-anhembi-morumbi-campus-mooca-sao-paulo-sp-22-fev-2024\/\",\"url\":\"https:\/\/www.abesata.org\/br\/aula-inaugural-do-curso-de-aviacao-civil-anhembi-morumbi-campus-mooca-sao-paulo-sp-22-fev-2024\/\",\"name\":\"Aula inaugural do curso de Avia\u00e7\u00e3o Civil (Anhembi-Morumbi) - Campus Mooca, S\u00e3o Paulo - SP - 22 fev.2024 - Abesata\",\"isPartOf\":{\"@id\":\"https:\/\/www.abesata.org\/br\/#website\"},\"primaryImageOfPage\":{\"@id\":\"https:\/\/www.abesata.org\/br\/aula-inaugural-do-curso-de-aviacao-civil-anhembi-morumbi-campus-mooca-sao-paulo-sp-22-fev-2024\/#primaryimage\"},\"image\":{\"@id\":\"https:\/\/www.abesata.org\/br\/aula-inaugural-do-curso-de-aviacao-civil-anhembi-morumbi-campus-mooca-sao-paulo-sp-22-fev-2024\/#primaryimage\"},\"thumbnailUrl\":\"https:\/\/www.abesata.org\/br\/wp-content\/uploads\/2024\/02\/INSTAGRAM.jpg\",\"datePublished\":\"2024-02-27T16:07:31+00:00\",\"dateModified\":\"2024-02-27T16:07:32+00:00\",\"breadcrumb\":{\"@id\":\"https:\/\/www.abesata.org\/br\/aula-inaugural-do-curso-de-aviacao-civil-anhembi-morumbi-campus-mooca-sao-paulo-sp-22-fev-2024\/#breadcrumb\"},\"inLanguage\":\"pt-BR\",\"potentialAction\":[{\"@type\":\"ReadAction\",\"target\":[\"https:\/\/www.abesata.org\/br\/aula-inaugural-do-curso-de-aviacao-civil-anhembi-morumbi-campus-mooca-sao-paulo-sp-22-fev-2024\/\"]}]},{\"@type\":\"ImageObject\",\"inLanguage\":\"pt-BR\",\"@id\":\"https:\/\/www.abesata.org\/br\/aula-inaugural-do-curso-de-aviacao-civil-anhembi-morumbi-campus-mooca-sao-paulo-sp-22-fev-2024\/#primaryimage\",\"url\":\"https:\/\/www.abesata.org\/br\/wp-content\/uploads\/2024\/02\/INSTAGRAM.jpg\",\"contentUrl\":\"https:\/\/www.abesata.org\/br\/wp-content\/uploads\/2024\/02\/INSTAGRAM.jpg\",\"width\":576,\"height\":1024},{\"@type\":\"BreadcrumbList\",\"@id\":\"https:\/\/www.abesata.org\/br\/aula-inaugural-do-curso-de-aviacao-civil-anhembi-morumbi-campus-mooca-sao-paulo-sp-22-fev-2024\/#breadcrumb\",\"itemListElement\":[{\"@type\":\"ListItem\",\"position\":1,\"name\":\"In\u00edcio\",\"item\":\"https:\/\/www.abesata.org\/br\/\"},{\"@type\":\"ListItem\",\"position\":2,\"name\":\"Aula inaugural do curso de Avia\u00e7\u00e3o Civil (Anhembi-Morumbi) &#8211; Campus Mooca, S\u00e3o Paulo &#8211; SP &#8211; 22 fev.2024\"}]},{\"@type\":\"WebSite\",\"@id\":\"https:\/\/www.abesata.org\/br\/#website\",\"url\":\"https:\/\/www.abesata.org\/br\/\",\"name\":\"Abesata\",\"description\":\"Associa\u00e7\u00e3o Brasileira das Empresas de Servi\u00e7os Auxiliares de Transporte A\u00e9reo\",\"publisher\":{\"@id\":\"https:\/\/www.abesata.org\/br\/#organization\"},\"potentialAction\":[{\"@type\":\"SearchAction\",\"target\":{\"@type\":\"EntryPoint\",\"urlTemplate\":\"https:\/\/www.abesata.org\/br\/?s={search_term_string}\"},\"query-input\":{\"@type\":\"PropertyValueSpecification\",\"valueRequired\":true,\"valueName\":\"search_term_string\"}}],\"inLanguage\":\"pt-BR\"},{\"@type\":\"Organization\",\"@id\":\"https:\/\/www.abesata.org\/br\/#organization\",\"name\":\"Associa\u00e7\u00e3o Brasileira das Empresas de Servi\u00e7os Auxiliares de Transporte A\u00e9reo\",\"alternateName\":\"Abesata\",\"url\":\"https:\/\/www.abesata.org\/br\/\",\"logo\":{\"@type\":\"ImageObject\",\"inLanguage\":\"pt-BR\",\"@id\":\"https:\/\/www.abesata.org\/br\/#\/schema\/logo\/image\/\",\"url\":\"https:\/\/www.abesata.org\/br\/wp-content\/uploads\/2023\/10\/Abesata.png\",\"contentUrl\":\"https:\/\/www.abesata.org\/br\/wp-content\/uploads\/2023\/10\/Abesata.png\",\"width\":1063,\"height\":591,\"caption\":\"Associa\u00e7\u00e3o Brasileira das Empresas de Servi\u00e7os Auxiliares de Transporte A\u00e9reo\"},\"image\":{\"@id\":\"https:\/\/www.abesata.org\/br\/#\/schema\/logo\/image\/\"},\"sameAs\":[\"https:\/\/www.facebook.com\/abesata.org\/\",\"https:\/\/www.instagram.com\/abesata_gh\/\",\"https:\/\/br.linkedin.com\/company\/abesata\"]}]}<\/script>\n<!-- \/ Yoast SEO plugin. -->","yoast_head_json":{"title":"Aula inaugural do curso de Avia\u00e7\u00e3o Civil (Anhembi-Morumbi) - Campus Mooca, S\u00e3o Paulo - SP - 22 fev.2024 - Abesata","robots":{"index":"index","follow":"follow","max-snippet":"max-snippet:-1","max-image-preview":"max-image-preview:large","max-video-preview":"max-video-preview:-1"},"canonical":"https:\/\/www.abesata.org\/br\/aula-inaugural-do-curso-de-aviacao-civil-anhembi-morumbi-campus-mooca-sao-paulo-sp-22-fev-2024\/","og_locale":"pt_BR","og_type":"article","og_title":"Aula inaugural do curso de Avia\u00e7\u00e3o Civil (Anhembi-Morumbi) - Campus Mooca, S\u00e3o Paulo - SP - 22 fev.2024 - Abesata","og_url":"https:\/\/www.abesata.org\/br\/aula-inaugural-do-curso-de-aviacao-civil-anhembi-morumbi-campus-mooca-sao-paulo-sp-22-fev-2024\/","og_site_name":"Abesata","article_publisher":"https:\/\/www.facebook.com\/abesata.org\/","article_modified_time":"2024-02-27T16:07:32+00:00","og_image":[{"url":"https:\/\/www.abesata.org\/br\/wp-content\/uploads\/2024\/02\/INSTAGRAM.jpg","type":"","width":"","height":""}],"twitter_card":"summary_large_image","twitter_misc":{"Est. tempo de leitura":"3 minutos"},"schema":{"@context":"https:\/\/schema.org","@graph":[{"@type":"WebPage","@id":"https:\/\/www.abesata.org\/br\/aula-inaugural-do-curso-de-aviacao-civil-anhembi-morumbi-campus-mooca-sao-paulo-sp-22-fev-2024\/","url":"https:\/\/www.abesata.org\/br\/aula-inaugural-do-curso-de-aviacao-civil-anhembi-morumbi-campus-mooca-sao-paulo-sp-22-fev-2024\/","name":"Aula inaugural do curso de Avia\u00e7\u00e3o Civil (Anhembi-Morumbi) - Campus Mooca, S\u00e3o Paulo - SP - 22 fev.2024 - Abesata","isPartOf":{"@id":"https:\/\/www.abesata.org\/br\/#website"},"primaryImageOfPage":{"@id":"https:\/\/www.abesata.org\/br\/aula-inaugural-do-curso-de-aviacao-civil-anhembi-morumbi-campus-mooca-sao-paulo-sp-22-fev-2024\/#primaryimage"},"image":{"@id":"https:\/\/www.abesata.org\/br\/aula-inaugural-do-curso-de-aviacao-civil-anhembi-morumbi-campus-mooca-sao-paulo-sp-22-fev-2024\/#primaryimage"},"thumbnailUrl":"https:\/\/www.abesata.org\/br\/wp-content\/uploads\/2024\/02\/INSTAGRAM.jpg","datePublished":"2024-02-27T16:07:31+00:00","dateModified":"2024-02-27T16:07:32+00:00","breadcrumb":{"@id":"https:\/\/www.abesata.org\/br\/aula-inaugural-do-curso-de-aviacao-civil-anhembi-morumbi-campus-mooca-sao-paulo-sp-22-fev-2024\/#breadcrumb"},"inLanguage":"pt-BR","potentialAction":[{"@type":"ReadAction","target":["https:\/\/www.abesata.org\/br\/aula-inaugural-do-curso-de-aviacao-civil-anhembi-morumbi-campus-mooca-sao-paulo-sp-22-fev-2024\/"]}]},{"@type":"ImageObject","inLanguage":"pt-BR","@id":"https:\/\/www.abesata.org\/br\/aula-inaugural-do-curso-de-aviacao-civil-anhembi-morumbi-campus-mooca-sao-paulo-sp-22-fev-2024\/#primaryimage","url":"https:\/\/www.abesata.org\/br\/wp-content\/uploads\/2024\/02\/INSTAGRAM.jpg","contentUrl":"https:\/\/www.abesata.org\/br\/wp-content\/uploads\/2024\/02\/INSTAGRAM.jpg","width":576,"height":1024},{"@type":"BreadcrumbList","@id":"https:\/\/www.abesata.org\/br\/aula-inaugural-do-curso-de-aviacao-civil-anhembi-morumbi-campus-mooca-sao-paulo-sp-22-fev-2024\/#breadcrumb","itemListElement":[{"@type":"ListItem","position":1,"name":"In\u00edcio","item":"https:\/\/www.abesata.org\/br\/"},{"@type":"ListItem","position":2,"name":"Aula inaugural do curso de Avia\u00e7\u00e3o Civil (Anhembi-Morumbi) &#8211; Campus Mooca, S\u00e3o Paulo &#8211; SP &#8211; 22 fev.2024"}]},{"@type":"WebSite","@id":"https:\/\/www.abesata.org\/br\/#website","url":"https:\/\/www.abesata.org\/br\/","name":"Abesata","description":"Associa\u00e7\u00e3o Brasileira das Empresas de Servi\u00e7os Auxiliares de Transporte A\u00e9reo","publisher":{"@id":"https:\/\/www.abesata.org\/br\/#organization"},"potentialAction":[{"@type":"SearchAction","target":{"@type":"EntryPoint","urlTemplate":"https:\/\/www.abesata.org\/br\/?s={search_term_string}"},"query-input":{"@type":"PropertyValueSpecification","valueRequired":true,"valueName":"search_term_string"}}],"inLanguage":"pt-BR"},{"@type":"Organization","@id":"https:\/\/www.abesata.org\/br\/#organization","name":"Associa\u00e7\u00e3o Brasileira das Empresas de Servi\u00e7os Auxiliares de Transporte A\u00e9reo","alternateName":"Abesata","url":"https:\/\/www.abesata.org\/br\/","logo":{"@type":"ImageObject","inLanguage":"pt-BR","@id":"https:\/\/www.abesata.org\/br\/#\/schema\/logo\/image\/","url":"https:\/\/www.abesata.org\/br\/wp-content\/uploads\/2023\/10\/Abesata.png","contentUrl":"https:\/\/www.abesata.org\/br\/wp-content\/uploads\/2023\/10\/Abesata.png","width":1063,"height":591,"caption":"Associa\u00e7\u00e3o Brasileira das Empresas de Servi\u00e7os Auxiliares de Transporte A\u00e9reo"},"image":{"@id":"https:\/\/www.abesata.org\/br\/#\/schema\/logo\/image\/"},"sameAs":["https:\/\/www.facebook.com\/abesata.org\/","https:\/\/www.instagram.com\/abesata_gh\/","https:\/\/br.linkedin.com\/company\/abesata"]}]}},"_links":{"self":[{"href":"https:\/\/www.abesata.org\/br\/wp-json\/wp\/v2\/pages\/17108","targetHints":{"allow":["GET"]}}],"collection":[{"href":"https:\/\/www.abesata.org\/br\/wp-json\/wp\/v2\/pages"}],"about":[{"href":"https:\/\/www.abesata.org\/br\/wp-json\/wp\/v2\/types\/page"}],"author":[{"embeddable":true,"href":"https:\/\/www.abesata.org\/br\/wp-json\/wp\/v2\/users\/135"}],"replies":[{"embeddable":true,"href":"https:\/\/www.abesata.org\/br\/wp-json\/wp\/v2\/comments?post=17108"}],"version-history":[{"count":1,"href":"https:\/\/www.abesata.org\/br\/wp-json\/wp\/v2\/pages\/17108\/revisions"}],"predecessor-version":[{"id":17133,"href":"https:\/\/www.abesata.org\/br\/wp-json\/wp\/v2\/pages\/17108\/revisions\/17133"}],"wp:attachment":[{"href":"https:\/\/www.abesata.org\/br\/wp-json\/wp\/v2\/media?parent=17108"}],"curies":[{"name":"wp","href":"https:\/\/api.w.org\/{rel}","templated":true}]}}