{"id":17968,"date":"2024-11-08T15:26:46","date_gmt":"2024-11-08T18:26:46","guid":{"rendered":"https:\/\/www.abesata.org\/br\/?page_id=17968"},"modified":"2025-01-08T14:06:57","modified_gmt":"2025-01-08T17:06:57","slug":"aviation-summit-guarulhos-sp-18-out-2024","status":"publish","type":"page","link":"https:\/\/www.abesata.org\/br\/aviation-summit-guarulhos-sp-18-out-2024\/","title":{"rendered":"Aviation Summit &#8211; Guarulhos, SP &#8211; 18 out.2024"},"content":{"rendered":"\n<figure class=\"wp-block-gallery has-nested-images columns-default is-cropped wp-block-gallery-1 is-layout-flex wp-block-gallery-is-layout-flex\">\n<figure class=\"wp-block-image size-large\"><img fetchpriority=\"high\" decoding=\"async\" width=\"1024\" height=\"683\" data-id=\"17999\" src=\"https:\/\/www.abesata.org\/br\/wp-content\/uploads\/2024\/11\/01-3-1024x683.jpg\" alt=\"\" class=\"wp-image-17999\" srcset=\"https:\/\/www.abesata.org\/br\/wp-content\/uploads\/2024\/11\/01-3-1024x683.jpg 1024w, https:\/\/www.abesata.org\/br\/wp-content\/uploads\/2024\/11\/01-3-300x200.jpg 300w, https:\/\/www.abesata.org\/br\/wp-content\/uploads\/2024\/11\/01-3-768x512.jpg 768w, https:\/\/www.abesata.org\/br\/wp-content\/uploads\/2024\/11\/01-3-1536x1024.jpg 1536w, https:\/\/www.abesata.org\/br\/wp-content\/uploads\/2024\/11\/01-3-2048x1366.jpg 2048w\" sizes=\"(max-width: 1024px) 100vw, 1024px\" \/><\/figure>\n<\/figure>\n\n\n\n<figure class=\"wp-block-image size-large\"><img decoding=\"async\" width=\"1024\" height=\"683\" src=\"https:\/\/www.abesata.org\/br\/wp-content\/uploads\/2024\/11\/02-3-1024x683.jpg\" alt=\"\" class=\"wp-image-17977\" srcset=\"https:\/\/www.abesata.org\/br\/wp-content\/uploads\/2024\/11\/02-3-1024x683.jpg 1024w, https:\/\/www.abesata.org\/br\/wp-content\/uploads\/2024\/11\/02-3-300x200.jpg 300w, https:\/\/www.abesata.org\/br\/wp-content\/uploads\/2024\/11\/02-3-768x512.jpg 768w, https:\/\/www.abesata.org\/br\/wp-content\/uploads\/2024\/11\/02-3-1536x1024.jpg 1536w, https:\/\/www.abesata.org\/br\/wp-content\/uploads\/2024\/11\/02-3-2048x1366.jpg 2048w\" sizes=\"(max-width: 1024px) 100vw, 1024px\" \/><\/figure>\n\n\n\n<figure class=\"wp-block-image size-large\"><img decoding=\"async\" width=\"1024\" height=\"683\" src=\"https:\/\/www.abesata.org\/br\/wp-content\/uploads\/2024\/11\/03-1-1024x683.jpg\" alt=\"\" class=\"wp-image-17978\" srcset=\"https:\/\/www.abesata.org\/br\/wp-content\/uploads\/2024\/11\/03-1-1024x683.jpg 1024w, https:\/\/www.abesata.org\/br\/wp-content\/uploads\/2024\/11\/03-1-300x200.jpg 300w, https:\/\/www.abesata.org\/br\/wp-content\/uploads\/2024\/11\/03-1-768x512.jpg 768w, https:\/\/www.abesata.org\/br\/wp-content\/uploads\/2024\/11\/03-1-1536x1024.jpg 1536w, https:\/\/www.abesata.org\/br\/wp-content\/uploads\/2024\/11\/03-1-2048x1366.jpg 2048w\" sizes=\"(max-width: 1024px) 100vw, 1024px\" \/><\/figure>\n\n\n\n<figure class=\"wp-block-image size-large\"><img loading=\"lazy\" decoding=\"async\" width=\"1024\" height=\"768\" src=\"https:\/\/www.abesata.org\/br\/wp-content\/uploads\/2024\/11\/04-1024x768.jpeg\" alt=\"\" class=\"wp-image-17979\" srcset=\"https:\/\/www.abesata.org\/br\/wp-content\/uploads\/2024\/11\/04-1024x768.jpeg 1024w, https:\/\/www.abesata.org\/br\/wp-content\/uploads\/2024\/11\/04-300x225.jpeg 300w, https:\/\/www.abesata.org\/br\/wp-content\/uploads\/2024\/11\/04-768x576.jpeg 768w, https:\/\/www.abesata.org\/br\/wp-content\/uploads\/2024\/11\/04-1536x1152.jpeg 1536w, https:\/\/www.abesata.org\/br\/wp-content\/uploads\/2024\/11\/04.jpeg 2048w\" sizes=\"(max-width: 1024px) 100vw, 1024px\" \/><\/figure>\n\n\n\n<figure class=\"wp-block-image size-large\"><img loading=\"lazy\" decoding=\"async\" width=\"1024\" height=\"683\" src=\"https:\/\/www.abesata.org\/br\/wp-content\/uploads\/2024\/11\/05-1024x683.jpg\" alt=\"\" class=\"wp-image-17980\" srcset=\"https:\/\/www.abesata.org\/br\/wp-content\/uploads\/2024\/11\/05-1024x683.jpg 1024w, https:\/\/www.abesata.org\/br\/wp-content\/uploads\/2024\/11\/05-300x200.jpg 300w, https:\/\/www.abesata.org\/br\/wp-content\/uploads\/2024\/11\/05-768x512.jpg 768w, https:\/\/www.abesata.org\/br\/wp-content\/uploads\/2024\/11\/05-1536x1024.jpg 1536w, https:\/\/www.abesata.org\/br\/wp-content\/uploads\/2024\/11\/05-2048x1366.jpg 2048w\" sizes=\"(max-width: 1024px) 100vw, 1024px\" \/><\/figure>\n\n\n\n<figure class=\"wp-block-image size-large\"><img loading=\"lazy\" decoding=\"async\" width=\"1024\" height=\"683\" src=\"https:\/\/www.abesata.org\/br\/wp-content\/uploads\/2024\/11\/07-1024x683.jpg\" alt=\"\" class=\"wp-image-17981\" srcset=\"https:\/\/www.abesata.org\/br\/wp-content\/uploads\/2024\/11\/07-1024x683.jpg 1024w, https:\/\/www.abesata.org\/br\/wp-content\/uploads\/2024\/11\/07-300x200.jpg 300w, https:\/\/www.abesata.org\/br\/wp-content\/uploads\/2024\/11\/07-768x512.jpg 768w, https:\/\/www.abesata.org\/br\/wp-content\/uploads\/2024\/11\/07-1536x1024.jpg 1536w, https:\/\/www.abesata.org\/br\/wp-content\/uploads\/2024\/11\/07-2048x1366.jpg 2048w\" sizes=\"(max-width: 1024px) 100vw, 1024px\" \/><\/figure>\n\n\n\n<figure class=\"wp-block-image size-large\"><img loading=\"lazy\" decoding=\"async\" width=\"1024\" height=\"683\" src=\"https:\/\/www.abesata.org\/br\/wp-content\/uploads\/2024\/11\/08-1024x683.jpg\" alt=\"\" class=\"wp-image-17982\" srcset=\"https:\/\/www.abesata.org\/br\/wp-content\/uploads\/2024\/11\/08-1024x683.jpg 1024w, https:\/\/www.abesata.org\/br\/wp-content\/uploads\/2024\/11\/08-300x200.jpg 300w, https:\/\/www.abesata.org\/br\/wp-content\/uploads\/2024\/11\/08-768x512.jpg 768w, https:\/\/www.abesata.org\/br\/wp-content\/uploads\/2024\/11\/08-1536x1024.jpg 1536w, https:\/\/www.abesata.org\/br\/wp-content\/uploads\/2024\/11\/08-2048x1366.jpg 2048w\" sizes=\"(max-width: 1024px) 100vw, 1024px\" \/><\/figure>\n\n\n\n<figure class=\"wp-block-image size-large\"><img loading=\"lazy\" decoding=\"async\" width=\"1024\" height=\"683\" src=\"https:\/\/www.abesata.org\/br\/wp-content\/uploads\/2024\/11\/09-1024x683.jpg\" alt=\"\" class=\"wp-image-17983\" srcset=\"https:\/\/www.abesata.org\/br\/wp-content\/uploads\/2024\/11\/09-1024x683.jpg 1024w, https:\/\/www.abesata.org\/br\/wp-content\/uploads\/2024\/11\/09-300x200.jpg 300w, https:\/\/www.abesata.org\/br\/wp-content\/uploads\/2024\/11\/09-768x512.jpg 768w, https:\/\/www.abesata.org\/br\/wp-content\/uploads\/2024\/11\/09-1536x1024.jpg 1536w, https:\/\/www.abesata.org\/br\/wp-content\/uploads\/2024\/11\/09-2048x1366.jpg 2048w\" sizes=\"(max-width: 1024px) 100vw, 1024px\" \/><\/figure>\n\n\n\n<figure class=\"wp-block-image size-large\"><img loading=\"lazy\" decoding=\"async\" width=\"1024\" height=\"683\" src=\"https:\/\/www.abesata.org\/br\/wp-content\/uploads\/2024\/11\/10-1024x683.jpg\" alt=\"\" class=\"wp-image-17986\" srcset=\"https:\/\/www.abesata.org\/br\/wp-content\/uploads\/2024\/11\/10-1024x683.jpg 1024w, https:\/\/www.abesata.org\/br\/wp-content\/uploads\/2024\/11\/10-300x200.jpg 300w, https:\/\/www.abesata.org\/br\/wp-content\/uploads\/2024\/11\/10-768x512.jpg 768w, https:\/\/www.abesata.org\/br\/wp-content\/uploads\/2024\/11\/10-1536x1024.jpg 1536w, https:\/\/www.abesata.org\/br\/wp-content\/uploads\/2024\/11\/10-2048x1366.jpg 2048w\" sizes=\"(max-width: 1024px) 100vw, 1024px\" \/><\/figure>\n\n\n\n<figure class=\"wp-block-image size-large\"><img loading=\"lazy\" decoding=\"async\" width=\"1024\" height=\"683\" src=\"https:\/\/www.abesata.org\/br\/wp-content\/uploads\/2024\/11\/11-1024x683.jpg\" alt=\"\" class=\"wp-image-17987\" srcset=\"https:\/\/www.abesata.org\/br\/wp-content\/uploads\/2024\/11\/11-1024x683.jpg 1024w, https:\/\/www.abesata.org\/br\/wp-content\/uploads\/2024\/11\/11-300x200.jpg 300w, https:\/\/www.abesata.org\/br\/wp-content\/uploads\/2024\/11\/11-768x512.jpg 768w, https:\/\/www.abesata.org\/br\/wp-content\/uploads\/2024\/11\/11-1536x1024.jpg 1536w, https:\/\/www.abesata.org\/br\/wp-content\/uploads\/2024\/11\/11-2048x1366.jpg 2048w\" sizes=\"(max-width: 1024px) 100vw, 1024px\" \/><\/figure>\n\n\n\n<figure class=\"wp-block-image size-large\"><img loading=\"lazy\" decoding=\"async\" width=\"1024\" height=\"856\" src=\"https:\/\/www.abesata.org\/br\/wp-content\/uploads\/2024\/11\/13-1024x856.jpeg\" alt=\"\" class=\"wp-image-17988\" srcset=\"https:\/\/www.abesata.org\/br\/wp-content\/uploads\/2024\/11\/13-1024x856.jpeg 1024w, https:\/\/www.abesata.org\/br\/wp-content\/uploads\/2024\/11\/13-300x251.jpeg 300w, https:\/\/www.abesata.org\/br\/wp-content\/uploads\/2024\/11\/13-768x642.jpeg 768w, https:\/\/www.abesata.org\/br\/wp-content\/uploads\/2024\/11\/13-1536x1284.jpeg 1536w, https:\/\/www.abesata.org\/br\/wp-content\/uploads\/2024\/11\/13.jpeg 1600w\" sizes=\"(max-width: 1024px) 100vw, 1024px\" \/><\/figure>\n\n\n\n<figure class=\"wp-block-image size-large is-resized\"><img loading=\"lazy\" decoding=\"async\" width=\"826\" height=\"1024\" src=\"https:\/\/www.abesata.org\/br\/wp-content\/uploads\/2024\/11\/14-826x1024.jpeg\" alt=\"\" class=\"wp-image-17990\" style=\"width:1025px;height:auto\" srcset=\"https:\/\/www.abesata.org\/br\/wp-content\/uploads\/2024\/11\/14-826x1024.jpeg 826w, https:\/\/www.abesata.org\/br\/wp-content\/uploads\/2024\/11\/14-242x300.jpeg 242w, https:\/\/www.abesata.org\/br\/wp-content\/uploads\/2024\/11\/14-768x952.jpeg 768w, https:\/\/www.abesata.org\/br\/wp-content\/uploads\/2024\/11\/14-1239x1536.jpeg 1239w, https:\/\/www.abesata.org\/br\/wp-content\/uploads\/2024\/11\/14.jpeg 1592w\" sizes=\"(max-width: 826px) 100vw, 826px\" \/><\/figure>\n\n\n\n<figure class=\"wp-block-image size-large\"><img loading=\"lazy\" decoding=\"async\" width=\"1024\" height=\"768\" src=\"https:\/\/www.abesata.org\/br\/wp-content\/uploads\/2024\/11\/15-1024x768.jpeg\" alt=\"\" class=\"wp-image-17991\" srcset=\"https:\/\/www.abesata.org\/br\/wp-content\/uploads\/2024\/11\/15-1024x768.jpeg 1024w, https:\/\/www.abesata.org\/br\/wp-content\/uploads\/2024\/11\/15-300x225.jpeg 300w, https:\/\/www.abesata.org\/br\/wp-content\/uploads\/2024\/11\/15-768x576.jpeg 768w, https:\/\/www.abesata.org\/br\/wp-content\/uploads\/2024\/11\/15-1536x1152.jpeg 1536w, https:\/\/www.abesata.org\/br\/wp-content\/uploads\/2024\/11\/15.jpeg 2048w\" sizes=\"(max-width: 1024px) 100vw, 1024px\" \/><\/figure>\n\n\n\n<figure class=\"wp-block-image size-large\"><img loading=\"lazy\" decoding=\"async\" width=\"1024\" height=\"768\" src=\"https:\/\/www.abesata.org\/br\/wp-content\/uploads\/2024\/11\/16-1024x768.jpeg\" alt=\"\" class=\"wp-image-17992\" srcset=\"https:\/\/www.abesata.org\/br\/wp-content\/uploads\/2024\/11\/16-1024x768.jpeg 1024w, https:\/\/www.abesata.org\/br\/wp-content\/uploads\/2024\/11\/16-300x225.jpeg 300w, https:\/\/www.abesata.org\/br\/wp-content\/uploads\/2024\/11\/16-768x576.jpeg 768w, https:\/\/www.abesata.org\/br\/wp-content\/uploads\/2024\/11\/16-1536x1152.jpeg 1536w, https:\/\/www.abesata.org\/br\/wp-content\/uploads\/2024\/11\/16.jpeg 2048w\" sizes=\"(max-width: 1024px) 100vw, 1024px\" \/><\/figure>\n\n\n\n<figure class=\"wp-block-image size-large\"><img loading=\"lazy\" decoding=\"async\" width=\"1024\" height=\"683\" src=\"https:\/\/www.abesata.org\/br\/wp-content\/uploads\/2024\/11\/Aviation-Summit-466-1-1024x683.jpg\" alt=\"\" class=\"wp-image-17993\" srcset=\"https:\/\/www.abesata.org\/br\/wp-content\/uploads\/2024\/11\/Aviation-Summit-466-1-1024x683.jpg 1024w, https:\/\/www.abesata.org\/br\/wp-content\/uploads\/2024\/11\/Aviation-Summit-466-1-300x200.jpg 300w, https:\/\/www.abesata.org\/br\/wp-content\/uploads\/2024\/11\/Aviation-Summit-466-1-768x512.jpg 768w, https:\/\/www.abesata.org\/br\/wp-content\/uploads\/2024\/11\/Aviation-Summit-466-1-1536x1024.jpg 1536w, https:\/\/www.abesata.org\/br\/wp-content\/uploads\/2024\/11\/Aviation-Summit-466-1-2048x1366.jpg 2048w\" sizes=\"(max-width: 1024px) 100vw, 1024px\" \/><\/figure>\n\n\n\n<figure class=\"wp-block-image size-large is-resized\"><img loading=\"lazy\" decoding=\"async\" width=\"768\" height=\"1024\" src=\"https:\/\/www.abesata.org\/br\/wp-content\/uploads\/2025\/01\/IMG_5948-1-768x1024.jpeg\" alt=\"\" class=\"wp-image-18070\" style=\"width:840px;height:auto\" srcset=\"https:\/\/www.abesata.org\/br\/wp-content\/uploads\/2025\/01\/IMG_5948-1-768x1024.jpeg 768w, https:\/\/www.abesata.org\/br\/wp-content\/uploads\/2025\/01\/IMG_5948-1-225x300.jpeg 225w, https:\/\/www.abesata.org\/br\/wp-content\/uploads\/2025\/01\/IMG_5948-1-1152x1536.jpeg 1152w, https:\/\/www.abesata.org\/br\/wp-content\/uploads\/2025\/01\/IMG_5948-1.jpeg 1536w\" sizes=\"(max-width: 768px) 100vw, 768px\" \/><\/figure>\n","protected":false},"excerpt":{"rendered":"","protected":false},"author":135,"featured_media":0,"parent":0,"menu_order":0,"comment_status":"closed","ping_status":"closed","template":"","meta":{"footnotes":""},"class_list":["post-17968","page","type-page","status-publish","hentry"],"yoast_head":"<!-- This site is optimized with the Yoast SEO plugin v26.5 - https:\/\/yoast.com\/wordpress\/plugins\/seo\/ -->\n<title>Aviation Summit - Guarulhos, SP - 18 out.2024 - Abesata<\/title>\n<meta name=\"robots\" content=\"index, follow, max-snippet:-1, max-image-preview:large, max-video-preview:-1\" \/>\n<link rel=\"canonical\" href=\"https:\/\/www.abesata.org\/br\/aviation-summit-guarulhos-sp-18-out-2024\/\" \/>\n<meta property=\"og:locale\" content=\"pt_BR\" \/>\n<meta property=\"og:type\" content=\"article\" \/>\n<meta property=\"og:title\" content=\"Aviation Summit - Guarulhos, SP - 18 out.2024 - Abesata\" \/>\n<meta property=\"og:url\" content=\"https:\/\/www.abesata.org\/br\/aviation-summit-guarulhos-sp-18-out-2024\/\" \/>\n<meta property=\"og:site_name\" content=\"Abesata\" \/>\n<meta property=\"article:publisher\" content=\"https:\/\/www.facebook.com\/abesata.org\/\" \/>\n<meta property=\"article:modified_time\" content=\"2025-01-08T17:06:57+00:00\" \/>\n<meta property=\"og:image\" content=\"https:\/\/www.abesata.org\/br\/wp-content\/uploads\/2024\/11\/01-3-scaled.jpg\" \/>\n\t<meta property=\"og:image:width\" content=\"2560\" \/>\n\t<meta property=\"og:image:height\" content=\"1707\" \/>\n\t<meta property=\"og:image:type\" content=\"image\/jpeg\" \/>\n<meta name=\"twitter:card\" content=\"summary_large_image\" \/>\n<meta name=\"twitter:label1\" content=\"Est. tempo de leitura\" \/>\n\t<meta name=\"twitter:data1\" content=\"4 minutos\" \/>\n<script type=\"application\/ld+json\" class=\"yoast-schema-graph\">{\"@context\":\"https:\/\/schema.org\",\"@graph\":[{\"@type\":\"WebPage\",\"@id\":\"https:\/\/www.abesata.org\/br\/aviation-summit-guarulhos-sp-18-out-2024\/\",\"url\":\"https:\/\/www.abesata.org\/br\/aviation-summit-guarulhos-sp-18-out-2024\/\",\"name\":\"Aviation Summit - Guarulhos, SP - 18 out.2024 - Abesata\",\"isPartOf\":{\"@id\":\"https:\/\/www.abesata.org\/br\/#website\"},\"primaryImageOfPage\":{\"@id\":\"https:\/\/www.abesata.org\/br\/aviation-summit-guarulhos-sp-18-out-2024\/#primaryimage\"},\"image\":{\"@id\":\"https:\/\/www.abesata.org\/br\/aviation-summit-guarulhos-sp-18-out-2024\/#primaryimage\"},\"thumbnailUrl\":\"https:\/\/www.abesata.org\/br\/wp-content\/uploads\/2024\/11\/01-3-1024x683.jpg\",\"datePublished\":\"2024-11-08T18:26:46+00:00\",\"dateModified\":\"2025-01-08T17:06:57+00:00\",\"breadcrumb\":{\"@id\":\"https:\/\/www.abesata.org\/br\/aviation-summit-guarulhos-sp-18-out-2024\/#breadcrumb\"},\"inLanguage\":\"pt-BR\",\"potentialAction\":[{\"@type\":\"ReadAction\",\"target\":[\"https:\/\/www.abesata.org\/br\/aviation-summit-guarulhos-sp-18-out-2024\/\"]}]},{\"@type\":\"ImageObject\",\"inLanguage\":\"pt-BR\",\"@id\":\"https:\/\/www.abesata.org\/br\/aviation-summit-guarulhos-sp-18-out-2024\/#primaryimage\",\"url\":\"https:\/\/www.abesata.org\/br\/wp-content\/uploads\/2024\/11\/01-3-scaled.jpg\",\"contentUrl\":\"https:\/\/www.abesata.org\/br\/wp-content\/uploads\/2024\/11\/01-3-scaled.jpg\",\"width\":2560,\"height\":1707},{\"@type\":\"BreadcrumbList\",\"@id\":\"https:\/\/www.abesata.org\/br\/aviation-summit-guarulhos-sp-18-out-2024\/#breadcrumb\",\"itemListElement\":[{\"@type\":\"ListItem\",\"position\":1,\"name\":\"In\u00edcio\",\"item\":\"https:\/\/www.abesata.org\/br\/\"},{\"@type\":\"ListItem\",\"position\":2,\"name\":\"Aviation Summit &#8211; Guarulhos, SP &#8211; 18 out.2024\"}]},{\"@type\":\"WebSite\",\"@id\":\"https:\/\/www.abesata.org\/br\/#website\",\"url\":\"https:\/\/www.abesata.org\/br\/\",\"name\":\"Abesata\",\"description\":\"Associa\u00e7\u00e3o Brasileira das Empresas de Servi\u00e7os Auxiliares de Transporte A\u00e9reo\",\"publisher\":{\"@id\":\"https:\/\/www.abesata.org\/br\/#organization\"},\"potentialAction\":[{\"@type\":\"SearchAction\",\"target\":{\"@type\":\"EntryPoint\",\"urlTemplate\":\"https:\/\/www.abesata.org\/br\/?s={search_term_string}\"},\"query-input\":{\"@type\":\"PropertyValueSpecification\",\"valueRequired\":true,\"valueName\":\"search_term_string\"}}],\"inLanguage\":\"pt-BR\"},{\"@type\":\"Organization\",\"@id\":\"https:\/\/www.abesata.org\/br\/#organization\",\"name\":\"Associa\u00e7\u00e3o Brasileira das Empresas de Servi\u00e7os Auxiliares de Transporte A\u00e9reo\",\"alternateName\":\"Abesata\",\"url\":\"https:\/\/www.abesata.org\/br\/\",\"logo\":{\"@type\":\"ImageObject\",\"inLanguage\":\"pt-BR\",\"@id\":\"https:\/\/www.abesata.org\/br\/#\/schema\/logo\/image\/\",\"url\":\"https:\/\/www.abesata.org\/br\/wp-content\/uploads\/2023\/10\/Abesata.png\",\"contentUrl\":\"https:\/\/www.abesata.org\/br\/wp-content\/uploads\/2023\/10\/Abesata.png\",\"width\":1063,\"height\":591,\"caption\":\"Associa\u00e7\u00e3o Brasileira das Empresas de Servi\u00e7os Auxiliares de Transporte A\u00e9reo\"},\"image\":{\"@id\":\"https:\/\/www.abesata.org\/br\/#\/schema\/logo\/image\/\"},\"sameAs\":[\"https:\/\/www.facebook.com\/abesata.org\/\",\"https:\/\/www.instagram.com\/abesata_gh\/\",\"https:\/\/br.linkedin.com\/company\/abesata\"]}]}<\/script>\n<!-- \/ Yoast SEO plugin. -->","yoast_head_json":{"title":"Aviation Summit - Guarulhos, SP - 18 out.2024 - Abesata","robots":{"index":"index","follow":"follow","max-snippet":"max-snippet:-1","max-image-preview":"max-image-preview:large","max-video-preview":"max-video-preview:-1"},"canonical":"https:\/\/www.abesata.org\/br\/aviation-summit-guarulhos-sp-18-out-2024\/","og_locale":"pt_BR","og_type":"article","og_title":"Aviation Summit - Guarulhos, SP - 18 out.2024 - Abesata","og_url":"https:\/\/www.abesata.org\/br\/aviation-summit-guarulhos-sp-18-out-2024\/","og_site_name":"Abesata","article_publisher":"https:\/\/www.facebook.com\/abesata.org\/","article_modified_time":"2025-01-08T17:06:57+00:00","og_image":[{"width":2560,"height":1707,"url":"https:\/\/www.abesata.org\/br\/wp-content\/uploads\/2024\/11\/01-3-scaled.jpg","type":"image\/jpeg"}],"twitter_card":"summary_large_image","twitter_misc":{"Est. tempo de leitura":"4 minutos"},"schema":{"@context":"https:\/\/schema.org","@graph":[{"@type":"WebPage","@id":"https:\/\/www.abesata.org\/br\/aviation-summit-guarulhos-sp-18-out-2024\/","url":"https:\/\/www.abesata.org\/br\/aviation-summit-guarulhos-sp-18-out-2024\/","name":"Aviation Summit - Guarulhos, SP - 18 out.2024 - Abesata","isPartOf":{"@id":"https:\/\/www.abesata.org\/br\/#website"},"primaryImageOfPage":{"@id":"https:\/\/www.abesata.org\/br\/aviation-summit-guarulhos-sp-18-out-2024\/#primaryimage"},"image":{"@id":"https:\/\/www.abesata.org\/br\/aviation-summit-guarulhos-sp-18-out-2024\/#primaryimage"},"thumbnailUrl":"https:\/\/www.abesata.org\/br\/wp-content\/uploads\/2024\/11\/01-3-1024x683.jpg","datePublished":"2024-11-08T18:26:46+00:00","dateModified":"2025-01-08T17:06:57+00:00","breadcrumb":{"@id":"https:\/\/www.abesata.org\/br\/aviation-summit-guarulhos-sp-18-out-2024\/#breadcrumb"},"inLanguage":"pt-BR","potentialAction":[{"@type":"ReadAction","target":["https:\/\/www.abesata.org\/br\/aviation-summit-guarulhos-sp-18-out-2024\/"]}]},{"@type":"ImageObject","inLanguage":"pt-BR","@id":"https:\/\/www.abesata.org\/br\/aviation-summit-guarulhos-sp-18-out-2024\/#primaryimage","url":"https:\/\/www.abesata.org\/br\/wp-content\/uploads\/2024\/11\/01-3-scaled.jpg","contentUrl":"https:\/\/www.abesata.org\/br\/wp-content\/uploads\/2024\/11\/01-3-scaled.jpg","width":2560,"height":1707},{"@type":"BreadcrumbList","@id":"https:\/\/www.abesata.org\/br\/aviation-summit-guarulhos-sp-18-out-2024\/#breadcrumb","itemListElement":[{"@type":"ListItem","position":1,"name":"In\u00edcio","item":"https:\/\/www.abesata.org\/br\/"},{"@type":"ListItem","position":2,"name":"Aviation Summit &#8211; Guarulhos, SP &#8211; 18 out.2024"}]},{"@type":"WebSite","@id":"https:\/\/www.abesata.org\/br\/#website","url":"https:\/\/www.abesata.org\/br\/","name":"Abesata","description":"Associa\u00e7\u00e3o Brasileira das Empresas de Servi\u00e7os Auxiliares de Transporte A\u00e9reo","publisher":{"@id":"https:\/\/www.abesata.org\/br\/#organization"},"potentialAction":[{"@type":"SearchAction","target":{"@type":"EntryPoint","urlTemplate":"https:\/\/www.abesata.org\/br\/?s={search_term_string}"},"query-input":{"@type":"PropertyValueSpecification","valueRequired":true,"valueName":"search_term_string"}}],"inLanguage":"pt-BR"},{"@type":"Organization","@id":"https:\/\/www.abesata.org\/br\/#organization","name":"Associa\u00e7\u00e3o Brasileira das Empresas de Servi\u00e7os Auxiliares de Transporte A\u00e9reo","alternateName":"Abesata","url":"https:\/\/www.abesata.org\/br\/","logo":{"@type":"ImageObject","inLanguage":"pt-BR","@id":"https:\/\/www.abesata.org\/br\/#\/schema\/logo\/image\/","url":"https:\/\/www.abesata.org\/br\/wp-content\/uploads\/2023\/10\/Abesata.png","contentUrl":"https:\/\/www.abesata.org\/br\/wp-content\/uploads\/2023\/10\/Abesata.png","width":1063,"height":591,"caption":"Associa\u00e7\u00e3o Brasileira das Empresas de Servi\u00e7os Auxiliares de Transporte A\u00e9reo"},"image":{"@id":"https:\/\/www.abesata.org\/br\/#\/schema\/logo\/image\/"},"sameAs":["https:\/\/www.facebook.com\/abesata.org\/","https:\/\/www.instagram.com\/abesata_gh\/","https:\/\/br.linkedin.com\/company\/abesata"]}]}},"_links":{"self":[{"href":"https:\/\/www.abesata.org\/br\/wp-json\/wp\/v2\/pages\/17968","targetHints":{"allow":["GET"]}}],"collection":[{"href":"https:\/\/www.abesata.org\/br\/wp-json\/wp\/v2\/pages"}],"about":[{"href":"https:\/\/www.abesata.org\/br\/wp-json\/wp\/v2\/types\/page"}],"author":[{"embeddable":true,"href":"https:\/\/www.abesata.org\/br\/wp-json\/wp\/v2\/users\/135"}],"replies":[{"embeddable":true,"href":"https:\/\/www.abesata.org\/br\/wp-json\/wp\/v2\/comments?post=17968"}],"version-history":[{"count":2,"href":"https:\/\/www.abesata.org\/br\/wp-json\/wp\/v2\/pages\/17968\/revisions"}],"predecessor-version":[{"id":18071,"href":"https:\/\/www.abesata.org\/br\/wp-json\/wp\/v2\/pages\/17968\/revisions\/18071"}],"wp:attachment":[{"href":"https:\/\/www.abesata.org\/br\/wp-json\/wp\/v2\/media?parent=17968"}],"curies":[{"name":"wp","href":"https:\/\/api.w.org\/{rel}","templated":true}]}}