{"id":18190,"date":"2025-03-14T17:08:10","date_gmt":"2025-03-14T20:08:10","guid":{"rendered":"https:\/\/www.abesata.org\/br\/?page_id=18190"},"modified":"2025-03-14T17:08:13","modified_gmt":"2025-03-14T20:08:13","slug":"reuniao-ordinaria-da-secao-do-transporte-aereo-cnt-brasilia-11-mar-2025","status":"publish","type":"page","link":"https:\/\/www.abesata.org\/br\/reuniao-ordinaria-da-secao-do-transporte-aereo-cnt-brasilia-11-mar-2025\/","title":{"rendered":"Reuni\u00e3o Ordin\u00e1ria da Se\u00e7\u00e3o do Transporte A\u00e9reo &#8211; CNT &#8211; Bras\u00edlia &#8211; 11 mar.2025"},"content":{"rendered":"\n<figure class=\"wp-block-image size-large\"><img fetchpriority=\"high\" decoding=\"async\" width=\"768\" height=\"1024\" src=\"https:\/\/www.abesata.org\/br\/wp-content\/uploads\/2025\/03\/IMG_7130-1-768x1024.jpg\" alt=\"\" class=\"wp-image-18191\" srcset=\"https:\/\/www.abesata.org\/br\/wp-content\/uploads\/2025\/03\/IMG_7130-1-768x1024.jpg 768w, https:\/\/www.abesata.org\/br\/wp-content\/uploads\/2025\/03\/IMG_7130-1-225x300.jpg 225w, https:\/\/www.abesata.org\/br\/wp-content\/uploads\/2025\/03\/IMG_7130-1-1152x1536.jpg 1152w, https:\/\/www.abesata.org\/br\/wp-content\/uploads\/2025\/03\/IMG_7130-1-1536x2048.jpg 1536w, https:\/\/www.abesata.org\/br\/wp-content\/uploads\/2025\/03\/IMG_7130-1-scaled.jpg 1920w\" sizes=\"(max-width: 768px) 100vw, 768px\" \/><\/figure>\n\n\n\n<figure class=\"wp-block-gallery has-nested-images columns-default is-cropped wp-block-gallery-1 is-layout-flex wp-block-gallery-is-layout-flex\">\n<figure class=\"wp-block-image size-large\"><img decoding=\"async\" width=\"1024\" height=\"768\" data-id=\"18192\" src=\"https:\/\/www.abesata.org\/br\/wp-content\/uploads\/2025\/03\/IMG_7132-1024x768.jpg\" alt=\"\" class=\"wp-image-18192\" srcset=\"https:\/\/www.abesata.org\/br\/wp-content\/uploads\/2025\/03\/IMG_7132-1024x768.jpg 1024w, https:\/\/www.abesata.org\/br\/wp-content\/uploads\/2025\/03\/IMG_7132-300x225.jpg 300w, https:\/\/www.abesata.org\/br\/wp-content\/uploads\/2025\/03\/IMG_7132-768x576.jpg 768w, https:\/\/www.abesata.org\/br\/wp-content\/uploads\/2025\/03\/IMG_7132-1536x1152.jpg 1536w, https:\/\/www.abesata.org\/br\/wp-content\/uploads\/2025\/03\/IMG_7132-2048x1536.jpg 2048w\" sizes=\"(max-width: 1024px) 100vw, 1024px\" \/><\/figure>\n<\/figure>\n\n\n\n<figure class=\"wp-block-gallery has-nested-images columns-default is-cropped wp-block-gallery-2 is-layout-flex wp-block-gallery-is-layout-flex\">\n<figure class=\"wp-block-image size-large\"><img decoding=\"async\" width=\"768\" height=\"1024\" data-id=\"18193\" src=\"https:\/\/www.abesata.org\/br\/wp-content\/uploads\/2025\/03\/IMG_7134-768x1024.jpg\" alt=\"\" class=\"wp-image-18193\" srcset=\"https:\/\/www.abesata.org\/br\/wp-content\/uploads\/2025\/03\/IMG_7134-768x1024.jpg 768w, https:\/\/www.abesata.org\/br\/wp-content\/uploads\/2025\/03\/IMG_7134-225x300.jpg 225w, https:\/\/www.abesata.org\/br\/wp-content\/uploads\/2025\/03\/IMG_7134-1152x1536.jpg 1152w, https:\/\/www.abesata.org\/br\/wp-content\/uploads\/2025\/03\/IMG_7134-1536x2048.jpg 1536w, https:\/\/www.abesata.org\/br\/wp-content\/uploads\/2025\/03\/IMG_7134-scaled.jpg 1920w\" sizes=\"(max-width: 768px) 100vw, 768px\" \/><\/figure>\n<\/figure>\n\n\n\n<figure class=\"wp-block-image size-large\"><img loading=\"lazy\" decoding=\"async\" width=\"768\" height=\"1024\" src=\"https:\/\/www.abesata.org\/br\/wp-content\/uploads\/2025\/03\/IMG_7136-768x1024.jpg\" alt=\"\" class=\"wp-image-18194\" srcset=\"https:\/\/www.abesata.org\/br\/wp-content\/uploads\/2025\/03\/IMG_7136-768x1024.jpg 768w, https:\/\/www.abesata.org\/br\/wp-content\/uploads\/2025\/03\/IMG_7136-225x300.jpg 225w, https:\/\/www.abesata.org\/br\/wp-content\/uploads\/2025\/03\/IMG_7136-1152x1536.jpg 1152w, https:\/\/www.abesata.org\/br\/wp-content\/uploads\/2025\/03\/IMG_7136-1536x2048.jpg 1536w, https:\/\/www.abesata.org\/br\/wp-content\/uploads\/2025\/03\/IMG_7136-scaled.jpg 1920w\" sizes=\"(max-width: 768px) 100vw, 768px\" \/><\/figure>\n","protected":false},"excerpt":{"rendered":"","protected":false},"author":135,"featured_media":0,"parent":0,"menu_order":0,"comment_status":"closed","ping_status":"closed","template":"","meta":{"footnotes":""},"class_list":["post-18190","page","type-page","status-publish","hentry"],"yoast_head":"<!-- This site is optimized with the Yoast SEO plugin v26.5 - https:\/\/yoast.com\/wordpress\/plugins\/seo\/ -->\n<title>Reuni\u00e3o Ordin\u00e1ria da Se\u00e7\u00e3o do Transporte A\u00e9reo - CNT - Bras\u00edlia - 11 mar.2025 - Abesata<\/title>\n<meta name=\"robots\" content=\"index, follow, max-snippet:-1, max-image-preview:large, max-video-preview:-1\" \/>\n<link rel=\"canonical\" href=\"https:\/\/www.abesata.org\/br\/reuniao-ordinaria-da-secao-do-transporte-aereo-cnt-brasilia-11-mar-2025\/\" \/>\n<meta property=\"og:locale\" content=\"pt_BR\" \/>\n<meta property=\"og:type\" content=\"article\" \/>\n<meta property=\"og:title\" content=\"Reuni\u00e3o Ordin\u00e1ria da Se\u00e7\u00e3o do Transporte A\u00e9reo - CNT - Bras\u00edlia - 11 mar.2025 - Abesata\" \/>\n<meta property=\"og:url\" content=\"https:\/\/www.abesata.org\/br\/reuniao-ordinaria-da-secao-do-transporte-aereo-cnt-brasilia-11-mar-2025\/\" \/>\n<meta property=\"og:site_name\" content=\"Abesata\" \/>\n<meta property=\"article:publisher\" content=\"https:\/\/www.facebook.com\/abesata.org\/\" \/>\n<meta property=\"article:modified_time\" content=\"2025-03-14T20:08:13+00:00\" \/>\n<meta property=\"og:image\" content=\"https:\/\/www.abesata.org\/br\/wp-content\/uploads\/2025\/03\/IMG_7130-1-scaled.jpg\" \/>\n\t<meta property=\"og:image:width\" content=\"1920\" \/>\n\t<meta property=\"og:image:height\" content=\"2560\" \/>\n\t<meta property=\"og:image:type\" content=\"image\/jpeg\" \/>\n<meta name=\"twitter:card\" content=\"summary_large_image\" \/>\n<meta name=\"twitter:label1\" content=\"Est. tempo de leitura\" \/>\n\t<meta name=\"twitter:data1\" content=\"1 minuto\" \/>\n<script type=\"application\/ld+json\" class=\"yoast-schema-graph\">{\"@context\":\"https:\/\/schema.org\",\"@graph\":[{\"@type\":\"WebPage\",\"@id\":\"https:\/\/www.abesata.org\/br\/reuniao-ordinaria-da-secao-do-transporte-aereo-cnt-brasilia-11-mar-2025\/\",\"url\":\"https:\/\/www.abesata.org\/br\/reuniao-ordinaria-da-secao-do-transporte-aereo-cnt-brasilia-11-mar-2025\/\",\"name\":\"Reuni\u00e3o Ordin\u00e1ria da Se\u00e7\u00e3o do Transporte A\u00e9reo - CNT - Bras\u00edlia - 11 mar.2025 - Abesata\",\"isPartOf\":{\"@id\":\"https:\/\/www.abesata.org\/br\/#website\"},\"primaryImageOfPage\":{\"@id\":\"https:\/\/www.abesata.org\/br\/reuniao-ordinaria-da-secao-do-transporte-aereo-cnt-brasilia-11-mar-2025\/#primaryimage\"},\"image\":{\"@id\":\"https:\/\/www.abesata.org\/br\/reuniao-ordinaria-da-secao-do-transporte-aereo-cnt-brasilia-11-mar-2025\/#primaryimage\"},\"thumbnailUrl\":\"https:\/\/www.abesata.org\/br\/wp-content\/uploads\/2025\/03\/IMG_7130-1-768x1024.jpg\",\"datePublished\":\"2025-03-14T20:08:10+00:00\",\"dateModified\":\"2025-03-14T20:08:13+00:00\",\"breadcrumb\":{\"@id\":\"https:\/\/www.abesata.org\/br\/reuniao-ordinaria-da-secao-do-transporte-aereo-cnt-brasilia-11-mar-2025\/#breadcrumb\"},\"inLanguage\":\"pt-BR\",\"potentialAction\":[{\"@type\":\"ReadAction\",\"target\":[\"https:\/\/www.abesata.org\/br\/reuniao-ordinaria-da-secao-do-transporte-aereo-cnt-brasilia-11-mar-2025\/\"]}]},{\"@type\":\"ImageObject\",\"inLanguage\":\"pt-BR\",\"@id\":\"https:\/\/www.abesata.org\/br\/reuniao-ordinaria-da-secao-do-transporte-aereo-cnt-brasilia-11-mar-2025\/#primaryimage\",\"url\":\"https:\/\/www.abesata.org\/br\/wp-content\/uploads\/2025\/03\/IMG_7130-1-scaled.jpg\",\"contentUrl\":\"https:\/\/www.abesata.org\/br\/wp-content\/uploads\/2025\/03\/IMG_7130-1-scaled.jpg\",\"width\":1920,\"height\":2560},{\"@type\":\"BreadcrumbList\",\"@id\":\"https:\/\/www.abesata.org\/br\/reuniao-ordinaria-da-secao-do-transporte-aereo-cnt-brasilia-11-mar-2025\/#breadcrumb\",\"itemListElement\":[{\"@type\":\"ListItem\",\"position\":1,\"name\":\"In\u00edcio\",\"item\":\"https:\/\/www.abesata.org\/br\/\"},{\"@type\":\"ListItem\",\"position\":2,\"name\":\"Reuni\u00e3o Ordin\u00e1ria da Se\u00e7\u00e3o do Transporte A\u00e9reo &#8211; CNT &#8211; Bras\u00edlia &#8211; 11 mar.2025\"}]},{\"@type\":\"WebSite\",\"@id\":\"https:\/\/www.abesata.org\/br\/#website\",\"url\":\"https:\/\/www.abesata.org\/br\/\",\"name\":\"Abesata\",\"description\":\"Associa\u00e7\u00e3o Brasileira das Empresas de Servi\u00e7os Auxiliares de Transporte A\u00e9reo\",\"publisher\":{\"@id\":\"https:\/\/www.abesata.org\/br\/#organization\"},\"potentialAction\":[{\"@type\":\"SearchAction\",\"target\":{\"@type\":\"EntryPoint\",\"urlTemplate\":\"https:\/\/www.abesata.org\/br\/?s={search_term_string}\"},\"query-input\":{\"@type\":\"PropertyValueSpecification\",\"valueRequired\":true,\"valueName\":\"search_term_string\"}}],\"inLanguage\":\"pt-BR\"},{\"@type\":\"Organization\",\"@id\":\"https:\/\/www.abesata.org\/br\/#organization\",\"name\":\"Associa\u00e7\u00e3o Brasileira das Empresas de Servi\u00e7os Auxiliares de Transporte A\u00e9reo\",\"alternateName\":\"Abesata\",\"url\":\"https:\/\/www.abesata.org\/br\/\",\"logo\":{\"@type\":\"ImageObject\",\"inLanguage\":\"pt-BR\",\"@id\":\"https:\/\/www.abesata.org\/br\/#\/schema\/logo\/image\/\",\"url\":\"https:\/\/www.abesata.org\/br\/wp-content\/uploads\/2023\/10\/Abesata.png\",\"contentUrl\":\"https:\/\/www.abesata.org\/br\/wp-content\/uploads\/2023\/10\/Abesata.png\",\"width\":1063,\"height\":591,\"caption\":\"Associa\u00e7\u00e3o Brasileira das Empresas de Servi\u00e7os Auxiliares de Transporte A\u00e9reo\"},\"image\":{\"@id\":\"https:\/\/www.abesata.org\/br\/#\/schema\/logo\/image\/\"},\"sameAs\":[\"https:\/\/www.facebook.com\/abesata.org\/\",\"https:\/\/www.instagram.com\/abesata_gh\/\",\"https:\/\/br.linkedin.com\/company\/abesata\"]}]}<\/script>\n<!-- \/ Yoast SEO plugin. -->","yoast_head_json":{"title":"Reuni\u00e3o Ordin\u00e1ria da Se\u00e7\u00e3o do Transporte A\u00e9reo - CNT - Bras\u00edlia - 11 mar.2025 - Abesata","robots":{"index":"index","follow":"follow","max-snippet":"max-snippet:-1","max-image-preview":"max-image-preview:large","max-video-preview":"max-video-preview:-1"},"canonical":"https:\/\/www.abesata.org\/br\/reuniao-ordinaria-da-secao-do-transporte-aereo-cnt-brasilia-11-mar-2025\/","og_locale":"pt_BR","og_type":"article","og_title":"Reuni\u00e3o Ordin\u00e1ria da Se\u00e7\u00e3o do Transporte A\u00e9reo - CNT - Bras\u00edlia - 11 mar.2025 - Abesata","og_url":"https:\/\/www.abesata.org\/br\/reuniao-ordinaria-da-secao-do-transporte-aereo-cnt-brasilia-11-mar-2025\/","og_site_name":"Abesata","article_publisher":"https:\/\/www.facebook.com\/abesata.org\/","article_modified_time":"2025-03-14T20:08:13+00:00","og_image":[{"width":1920,"height":2560,"url":"https:\/\/www.abesata.org\/br\/wp-content\/uploads\/2025\/03\/IMG_7130-1-scaled.jpg","type":"image\/jpeg"}],"twitter_card":"summary_large_image","twitter_misc":{"Est. tempo de leitura":"1 minuto"},"schema":{"@context":"https:\/\/schema.org","@graph":[{"@type":"WebPage","@id":"https:\/\/www.abesata.org\/br\/reuniao-ordinaria-da-secao-do-transporte-aereo-cnt-brasilia-11-mar-2025\/","url":"https:\/\/www.abesata.org\/br\/reuniao-ordinaria-da-secao-do-transporte-aereo-cnt-brasilia-11-mar-2025\/","name":"Reuni\u00e3o Ordin\u00e1ria da Se\u00e7\u00e3o do Transporte A\u00e9reo - CNT - Bras\u00edlia - 11 mar.2025 - Abesata","isPartOf":{"@id":"https:\/\/www.abesata.org\/br\/#website"},"primaryImageOfPage":{"@id":"https:\/\/www.abesata.org\/br\/reuniao-ordinaria-da-secao-do-transporte-aereo-cnt-brasilia-11-mar-2025\/#primaryimage"},"image":{"@id":"https:\/\/www.abesata.org\/br\/reuniao-ordinaria-da-secao-do-transporte-aereo-cnt-brasilia-11-mar-2025\/#primaryimage"},"thumbnailUrl":"https:\/\/www.abesata.org\/br\/wp-content\/uploads\/2025\/03\/IMG_7130-1-768x1024.jpg","datePublished":"2025-03-14T20:08:10+00:00","dateModified":"2025-03-14T20:08:13+00:00","breadcrumb":{"@id":"https:\/\/www.abesata.org\/br\/reuniao-ordinaria-da-secao-do-transporte-aereo-cnt-brasilia-11-mar-2025\/#breadcrumb"},"inLanguage":"pt-BR","potentialAction":[{"@type":"ReadAction","target":["https:\/\/www.abesata.org\/br\/reuniao-ordinaria-da-secao-do-transporte-aereo-cnt-brasilia-11-mar-2025\/"]}]},{"@type":"ImageObject","inLanguage":"pt-BR","@id":"https:\/\/www.abesata.org\/br\/reuniao-ordinaria-da-secao-do-transporte-aereo-cnt-brasilia-11-mar-2025\/#primaryimage","url":"https:\/\/www.abesata.org\/br\/wp-content\/uploads\/2025\/03\/IMG_7130-1-scaled.jpg","contentUrl":"https:\/\/www.abesata.org\/br\/wp-content\/uploads\/2025\/03\/IMG_7130-1-scaled.jpg","width":1920,"height":2560},{"@type":"BreadcrumbList","@id":"https:\/\/www.abesata.org\/br\/reuniao-ordinaria-da-secao-do-transporte-aereo-cnt-brasilia-11-mar-2025\/#breadcrumb","itemListElement":[{"@type":"ListItem","position":1,"name":"In\u00edcio","item":"https:\/\/www.abesata.org\/br\/"},{"@type":"ListItem","position":2,"name":"Reuni\u00e3o Ordin\u00e1ria da Se\u00e7\u00e3o do Transporte A\u00e9reo &#8211; CNT &#8211; Bras\u00edlia &#8211; 11 mar.2025"}]},{"@type":"WebSite","@id":"https:\/\/www.abesata.org\/br\/#website","url":"https:\/\/www.abesata.org\/br\/","name":"Abesata","description":"Associa\u00e7\u00e3o Brasileira das Empresas de Servi\u00e7os Auxiliares de Transporte A\u00e9reo","publisher":{"@id":"https:\/\/www.abesata.org\/br\/#organization"},"potentialAction":[{"@type":"SearchAction","target":{"@type":"EntryPoint","urlTemplate":"https:\/\/www.abesata.org\/br\/?s={search_term_string}"},"query-input":{"@type":"PropertyValueSpecification","valueRequired":true,"valueName":"search_term_string"}}],"inLanguage":"pt-BR"},{"@type":"Organization","@id":"https:\/\/www.abesata.org\/br\/#organization","name":"Associa\u00e7\u00e3o Brasileira das Empresas de Servi\u00e7os Auxiliares de Transporte A\u00e9reo","alternateName":"Abesata","url":"https:\/\/www.abesata.org\/br\/","logo":{"@type":"ImageObject","inLanguage":"pt-BR","@id":"https:\/\/www.abesata.org\/br\/#\/schema\/logo\/image\/","url":"https:\/\/www.abesata.org\/br\/wp-content\/uploads\/2023\/10\/Abesata.png","contentUrl":"https:\/\/www.abesata.org\/br\/wp-content\/uploads\/2023\/10\/Abesata.png","width":1063,"height":591,"caption":"Associa\u00e7\u00e3o Brasileira das Empresas de Servi\u00e7os Auxiliares de Transporte A\u00e9reo"},"image":{"@id":"https:\/\/www.abesata.org\/br\/#\/schema\/logo\/image\/"},"sameAs":["https:\/\/www.facebook.com\/abesata.org\/","https:\/\/www.instagram.com\/abesata_gh\/","https:\/\/br.linkedin.com\/company\/abesata"]}]}},"_links":{"self":[{"href":"https:\/\/www.abesata.org\/br\/wp-json\/wp\/v2\/pages\/18190","targetHints":{"allow":["GET"]}}],"collection":[{"href":"https:\/\/www.abesata.org\/br\/wp-json\/wp\/v2\/pages"}],"about":[{"href":"https:\/\/www.abesata.org\/br\/wp-json\/wp\/v2\/types\/page"}],"author":[{"embeddable":true,"href":"https:\/\/www.abesata.org\/br\/wp-json\/wp\/v2\/users\/135"}],"replies":[{"embeddable":true,"href":"https:\/\/www.abesata.org\/br\/wp-json\/wp\/v2\/comments?post=18190"}],"version-history":[{"count":1,"href":"https:\/\/www.abesata.org\/br\/wp-json\/wp\/v2\/pages\/18190\/revisions"}],"predecessor-version":[{"id":18196,"href":"https:\/\/www.abesata.org\/br\/wp-json\/wp\/v2\/pages\/18190\/revisions\/18196"}],"wp:attachment":[{"href":"https:\/\/www.abesata.org\/br\/wp-json\/wp\/v2\/media?parent=18190"}],"curies":[{"name":"wp","href":"https:\/\/api.w.org\/{rel}","templated":true}]}}