{"id":18387,"date":"2025-08-07T20:25:20","date_gmt":"2025-08-07T23:25:20","guid":{"rendered":"https:\/\/www.abesata.org\/br\/?page_id=18387"},"modified":"2025-08-07T20:25:25","modified_gmt":"2025-08-07T23:25:25","slug":"labace-sao-paulo-sp-05-ago-2025","status":"publish","type":"page","link":"https:\/\/www.abesata.org\/br\/labace-sao-paulo-sp-05-ago-2025\/","title":{"rendered":"Labace \u2013 S\u00e3o Paulo\u2013SP 05.AGO.2025"},"content":{"rendered":"\n<figure class=\"wp-block-image size-large\"><img fetchpriority=\"high\" decoding=\"async\" width=\"1024\" height=\"768\" src=\"https:\/\/www.abesata.org\/br\/wp-content\/uploads\/2025\/08\/IMG_8509-1024x768.jpg\" alt=\"\" class=\"wp-image-18364\" srcset=\"https:\/\/www.abesata.org\/br\/wp-content\/uploads\/2025\/08\/IMG_8509-1024x768.jpg 1024w, https:\/\/www.abesata.org\/br\/wp-content\/uploads\/2025\/08\/IMG_8509-300x225.jpg 300w, https:\/\/www.abesata.org\/br\/wp-content\/uploads\/2025\/08\/IMG_8509-768x576.jpg 768w, https:\/\/www.abesata.org\/br\/wp-content\/uploads\/2025\/08\/IMG_8509-1536x1152.jpg 1536w, https:\/\/www.abesata.org\/br\/wp-content\/uploads\/2025\/08\/IMG_8509-2048x1536.jpg 2048w\" sizes=\"(max-width: 1024px) 100vw, 1024px\" \/><\/figure>\n\n\n\n<figure class=\"wp-block-image size-large\"><img decoding=\"async\" width=\"1024\" height=\"768\" src=\"https:\/\/www.abesata.org\/br\/wp-content\/uploads\/2025\/08\/IMG_8506-1024x768.jpg\" alt=\"\" class=\"wp-image-18365\" srcset=\"https:\/\/www.abesata.org\/br\/wp-content\/uploads\/2025\/08\/IMG_8506-1024x768.jpg 1024w, https:\/\/www.abesata.org\/br\/wp-content\/uploads\/2025\/08\/IMG_8506-300x225.jpg 300w, https:\/\/www.abesata.org\/br\/wp-content\/uploads\/2025\/08\/IMG_8506-768x576.jpg 768w, https:\/\/www.abesata.org\/br\/wp-content\/uploads\/2025\/08\/IMG_8506-1536x1152.jpg 1536w, https:\/\/www.abesata.org\/br\/wp-content\/uploads\/2025\/08\/IMG_8506-2048x1536.jpg 2048w\" sizes=\"(max-width: 1024px) 100vw, 1024px\" \/><\/figure>\n\n\n\n<figure class=\"wp-block-image size-large\"><img decoding=\"async\" width=\"1024\" height=\"768\" src=\"https:\/\/www.abesata.org\/br\/wp-content\/uploads\/2025\/08\/IMG_8503-1024x768.jpg\" alt=\"\" class=\"wp-image-18366\" srcset=\"https:\/\/www.abesata.org\/br\/wp-content\/uploads\/2025\/08\/IMG_8503-1024x768.jpg 1024w, https:\/\/www.abesata.org\/br\/wp-content\/uploads\/2025\/08\/IMG_8503-300x225.jpg 300w, https:\/\/www.abesata.org\/br\/wp-content\/uploads\/2025\/08\/IMG_8503-768x576.jpg 768w, https:\/\/www.abesata.org\/br\/wp-content\/uploads\/2025\/08\/IMG_8503-1536x1152.jpg 1536w, https:\/\/www.abesata.org\/br\/wp-content\/uploads\/2025\/08\/IMG_8503-2048x1536.jpg 2048w\" sizes=\"(max-width: 1024px) 100vw, 1024px\" \/><\/figure>\n\n\n\n<figure class=\"wp-block-image size-large\"><img loading=\"lazy\" decoding=\"async\" width=\"1024\" height=\"768\" src=\"https:\/\/www.abesata.org\/br\/wp-content\/uploads\/2025\/08\/IMG_8499-1024x768.jpg\" alt=\"\" class=\"wp-image-18367\" srcset=\"https:\/\/www.abesata.org\/br\/wp-content\/uploads\/2025\/08\/IMG_8499-1024x768.jpg 1024w, https:\/\/www.abesata.org\/br\/wp-content\/uploads\/2025\/08\/IMG_8499-300x225.jpg 300w, https:\/\/www.abesata.org\/br\/wp-content\/uploads\/2025\/08\/IMG_8499-768x576.jpg 768w, https:\/\/www.abesata.org\/br\/wp-content\/uploads\/2025\/08\/IMG_8499-1536x1152.jpg 1536w, https:\/\/www.abesata.org\/br\/wp-content\/uploads\/2025\/08\/IMG_8499-2048x1536.jpg 2048w\" sizes=\"(max-width: 1024px) 100vw, 1024px\" \/><\/figure>\n\n\n\n<figure class=\"wp-block-image size-large\"><img loading=\"lazy\" decoding=\"async\" width=\"768\" height=\"1024\" src=\"https:\/\/www.abesata.org\/br\/wp-content\/uploads\/2025\/08\/IMG_8497-768x1024.jpg\" alt=\"\" class=\"wp-image-18368\" srcset=\"https:\/\/www.abesata.org\/br\/wp-content\/uploads\/2025\/08\/IMG_8497-768x1024.jpg 768w, https:\/\/www.abesata.org\/br\/wp-content\/uploads\/2025\/08\/IMG_8497-225x300.jpg 225w, https:\/\/www.abesata.org\/br\/wp-content\/uploads\/2025\/08\/IMG_8497-1152x1536.jpg 1152w, https:\/\/www.abesata.org\/br\/wp-content\/uploads\/2025\/08\/IMG_8497-1536x2048.jpg 1536w, https:\/\/www.abesata.org\/br\/wp-content\/uploads\/2025\/08\/IMG_8497-scaled.jpg 1920w\" sizes=\"(max-width: 768px) 100vw, 768px\" \/><\/figure>\n\n\n\n<figure class=\"wp-block-image size-large\"><img loading=\"lazy\" decoding=\"async\" width=\"1024\" height=\"768\" src=\"https:\/\/www.abesata.org\/br\/wp-content\/uploads\/2025\/08\/IMG_8492-1024x768.jpg\" alt=\"\" class=\"wp-image-18369\" srcset=\"https:\/\/www.abesata.org\/br\/wp-content\/uploads\/2025\/08\/IMG_8492-1024x768.jpg 1024w, https:\/\/www.abesata.org\/br\/wp-content\/uploads\/2025\/08\/IMG_8492-300x225.jpg 300w, https:\/\/www.abesata.org\/br\/wp-content\/uploads\/2025\/08\/IMG_8492-768x576.jpg 768w, https:\/\/www.abesata.org\/br\/wp-content\/uploads\/2025\/08\/IMG_8492-1536x1152.jpg 1536w, https:\/\/www.abesata.org\/br\/wp-content\/uploads\/2025\/08\/IMG_8492-2048x1536.jpg 2048w\" sizes=\"(max-width: 1024px) 100vw, 1024px\" \/><\/figure>\n\n\n\n<figure class=\"wp-block-image size-large\"><img loading=\"lazy\" decoding=\"async\" width=\"1024\" height=\"768\" src=\"https:\/\/www.abesata.org\/br\/wp-content\/uploads\/2025\/08\/IMG_8541-1024x768.jpg\" alt=\"\" class=\"wp-image-18370\" srcset=\"https:\/\/www.abesata.org\/br\/wp-content\/uploads\/2025\/08\/IMG_8541-1024x768.jpg 1024w, https:\/\/www.abesata.org\/br\/wp-content\/uploads\/2025\/08\/IMG_8541-300x225.jpg 300w, https:\/\/www.abesata.org\/br\/wp-content\/uploads\/2025\/08\/IMG_8541-768x576.jpg 768w, https:\/\/www.abesata.org\/br\/wp-content\/uploads\/2025\/08\/IMG_8541-1536x1152.jpg 1536w, https:\/\/www.abesata.org\/br\/wp-content\/uploads\/2025\/08\/IMG_8541-2048x1536.jpg 2048w\" sizes=\"(max-width: 1024px) 100vw, 1024px\" \/><\/figure>\n\n\n\n<figure class=\"wp-block-image size-large\"><img loading=\"lazy\" decoding=\"async\" width=\"1024\" height=\"768\" src=\"https:\/\/www.abesata.org\/br\/wp-content\/uploads\/2025\/08\/IMG_8534-1024x768.jpg\" alt=\"\" class=\"wp-image-18371\" srcset=\"https:\/\/www.abesata.org\/br\/wp-content\/uploads\/2025\/08\/IMG_8534-1024x768.jpg 1024w, https:\/\/www.abesata.org\/br\/wp-content\/uploads\/2025\/08\/IMG_8534-300x225.jpg 300w, https:\/\/www.abesata.org\/br\/wp-content\/uploads\/2025\/08\/IMG_8534-768x576.jpg 768w, https:\/\/www.abesata.org\/br\/wp-content\/uploads\/2025\/08\/IMG_8534-1536x1152.jpg 1536w, https:\/\/www.abesata.org\/br\/wp-content\/uploads\/2025\/08\/IMG_8534-2048x1536.jpg 2048w\" sizes=\"(max-width: 1024px) 100vw, 1024px\" \/><\/figure>\n\n\n\n<figure class=\"wp-block-image size-large\"><img loading=\"lazy\" decoding=\"async\" width=\"1024\" height=\"768\" src=\"https:\/\/www.abesata.org\/br\/wp-content\/uploads\/2025\/08\/IMG_8536-1024x768.jpg\" alt=\"\" class=\"wp-image-18372\" srcset=\"https:\/\/www.abesata.org\/br\/wp-content\/uploads\/2025\/08\/IMG_8536-1024x768.jpg 1024w, https:\/\/www.abesata.org\/br\/wp-content\/uploads\/2025\/08\/IMG_8536-300x225.jpg 300w, https:\/\/www.abesata.org\/br\/wp-content\/uploads\/2025\/08\/IMG_8536-768x576.jpg 768w, https:\/\/www.abesata.org\/br\/wp-content\/uploads\/2025\/08\/IMG_8536-1536x1152.jpg 1536w, https:\/\/www.abesata.org\/br\/wp-content\/uploads\/2025\/08\/IMG_8536-2048x1536.jpg 2048w\" sizes=\"(max-width: 1024px) 100vw, 1024px\" \/><\/figure>\n\n\n\n<figure class=\"wp-block-image size-large\"><img loading=\"lazy\" decoding=\"async\" width=\"1024\" height=\"768\" src=\"https:\/\/www.abesata.org\/br\/wp-content\/uploads\/2025\/08\/IMG_8528-1024x768.jpg\" alt=\"\" class=\"wp-image-18373\" srcset=\"https:\/\/www.abesata.org\/br\/wp-content\/uploads\/2025\/08\/IMG_8528-1024x768.jpg 1024w, https:\/\/www.abesata.org\/br\/wp-content\/uploads\/2025\/08\/IMG_8528-300x225.jpg 300w, https:\/\/www.abesata.org\/br\/wp-content\/uploads\/2025\/08\/IMG_8528-768x576.jpg 768w, https:\/\/www.abesata.org\/br\/wp-content\/uploads\/2025\/08\/IMG_8528-1536x1152.jpg 1536w, https:\/\/www.abesata.org\/br\/wp-content\/uploads\/2025\/08\/IMG_8528-2048x1536.jpg 2048w\" sizes=\"(max-width: 1024px) 100vw, 1024px\" \/><\/figure>\n\n\n\n<figure class=\"wp-block-image size-large\"><img loading=\"lazy\" decoding=\"async\" width=\"768\" height=\"1024\" src=\"https:\/\/www.abesata.org\/br\/wp-content\/uploads\/2025\/08\/IMG_8517-768x1024.jpg\" alt=\"\" class=\"wp-image-18374\" srcset=\"https:\/\/www.abesata.org\/br\/wp-content\/uploads\/2025\/08\/IMG_8517-768x1024.jpg 768w, https:\/\/www.abesata.org\/br\/wp-content\/uploads\/2025\/08\/IMG_8517-225x300.jpg 225w, https:\/\/www.abesata.org\/br\/wp-content\/uploads\/2025\/08\/IMG_8517-1152x1536.jpg 1152w, https:\/\/www.abesata.org\/br\/wp-content\/uploads\/2025\/08\/IMG_8517-1536x2048.jpg 1536w, https:\/\/www.abesata.org\/br\/wp-content\/uploads\/2025\/08\/IMG_8517-scaled.jpg 1920w\" sizes=\"(max-width: 768px) 100vw, 768px\" \/><\/figure>\n\n\n\n<figure class=\"wp-block-image size-large\"><img loading=\"lazy\" decoding=\"async\" width=\"1024\" height=\"768\" src=\"https:\/\/www.abesata.org\/br\/wp-content\/uploads\/2025\/08\/IMG_8538-1024x768.jpg\" alt=\"\" class=\"wp-image-18375\" srcset=\"https:\/\/www.abesata.org\/br\/wp-content\/uploads\/2025\/08\/IMG_8538-1024x768.jpg 1024w, https:\/\/www.abesata.org\/br\/wp-content\/uploads\/2025\/08\/IMG_8538-300x225.jpg 300w, https:\/\/www.abesata.org\/br\/wp-content\/uploads\/2025\/08\/IMG_8538-768x576.jpg 768w, https:\/\/www.abesata.org\/br\/wp-content\/uploads\/2025\/08\/IMG_8538-1536x1152.jpg 1536w, https:\/\/www.abesata.org\/br\/wp-content\/uploads\/2025\/08\/IMG_8538-2048x1536.jpg 2048w\" sizes=\"(max-width: 1024px) 100vw, 1024px\" \/><\/figure>\n\n\n\n<figure class=\"wp-block-image size-large\"><img loading=\"lazy\" decoding=\"async\" width=\"1024\" height=\"768\" src=\"https:\/\/www.abesata.org\/br\/wp-content\/uploads\/2025\/08\/IMG_8562-1024x768.jpg\" alt=\"\" class=\"wp-image-18376\" srcset=\"https:\/\/www.abesata.org\/br\/wp-content\/uploads\/2025\/08\/IMG_8562-1024x768.jpg 1024w, https:\/\/www.abesata.org\/br\/wp-content\/uploads\/2025\/08\/IMG_8562-300x225.jpg 300w, https:\/\/www.abesata.org\/br\/wp-content\/uploads\/2025\/08\/IMG_8562-768x576.jpg 768w, https:\/\/www.abesata.org\/br\/wp-content\/uploads\/2025\/08\/IMG_8562-1536x1152.jpg 1536w, https:\/\/www.abesata.org\/br\/wp-content\/uploads\/2025\/08\/IMG_8562-2048x1536.jpg 2048w\" sizes=\"(max-width: 1024px) 100vw, 1024px\" \/><\/figure>\n\n\n\n<figure class=\"wp-block-image size-large\"><img loading=\"lazy\" decoding=\"async\" width=\"768\" height=\"1024\" src=\"https:\/\/www.abesata.org\/br\/wp-content\/uploads\/2025\/08\/IMG_8559-768x1024.jpg\" alt=\"\" class=\"wp-image-18377\" srcset=\"https:\/\/www.abesata.org\/br\/wp-content\/uploads\/2025\/08\/IMG_8559-768x1024.jpg 768w, https:\/\/www.abesata.org\/br\/wp-content\/uploads\/2025\/08\/IMG_8559-225x300.jpg 225w, https:\/\/www.abesata.org\/br\/wp-content\/uploads\/2025\/08\/IMG_8559-1152x1536.jpg 1152w, https:\/\/www.abesata.org\/br\/wp-content\/uploads\/2025\/08\/IMG_8559-1536x2048.jpg 1536w, https:\/\/www.abesata.org\/br\/wp-content\/uploads\/2025\/08\/IMG_8559-scaled.jpg 1920w\" sizes=\"(max-width: 768px) 100vw, 768px\" \/><\/figure>\n\n\n\n<figure class=\"wp-block-image size-large\"><img loading=\"lazy\" decoding=\"async\" width=\"1024\" height=\"768\" src=\"https:\/\/www.abesata.org\/br\/wp-content\/uploads\/2025\/08\/WhatsApp-Image-2025-08-07-at-10.20.13-1-1024x768.jpeg\" alt=\"\" class=\"wp-image-18379\" srcset=\"https:\/\/www.abesata.org\/br\/wp-content\/uploads\/2025\/08\/WhatsApp-Image-2025-08-07-at-10.20.13-1-1024x768.jpeg 1024w, https:\/\/www.abesata.org\/br\/wp-content\/uploads\/2025\/08\/WhatsApp-Image-2025-08-07-at-10.20.13-1-300x225.jpeg 300w, https:\/\/www.abesata.org\/br\/wp-content\/uploads\/2025\/08\/WhatsApp-Image-2025-08-07-at-10.20.13-1-768x576.jpeg 768w, https:\/\/www.abesata.org\/br\/wp-content\/uploads\/2025\/08\/WhatsApp-Image-2025-08-07-at-10.20.13-1-1536x1152.jpeg 1536w, https:\/\/www.abesata.org\/br\/wp-content\/uploads\/2025\/08\/WhatsApp-Image-2025-08-07-at-10.20.13-1-2048x1536.jpeg 2048w\" sizes=\"(max-width: 1024px) 100vw, 1024px\" \/><\/figure>\n\n\n\n<figure class=\"wp-block-image size-large\"><img loading=\"lazy\" decoding=\"async\" width=\"1024\" height=\"768\" src=\"https:\/\/www.abesata.org\/br\/wp-content\/uploads\/2025\/08\/WhatsApp-Image-2025-08-07-at-10.20.13-1024x768.jpeg\" alt=\"\" class=\"wp-image-18380\" srcset=\"https:\/\/www.abesata.org\/br\/wp-content\/uploads\/2025\/08\/WhatsApp-Image-2025-08-07-at-10.20.13-1024x768.jpeg 1024w, https:\/\/www.abesata.org\/br\/wp-content\/uploads\/2025\/08\/WhatsApp-Image-2025-08-07-at-10.20.13-300x225.jpeg 300w, https:\/\/www.abesata.org\/br\/wp-content\/uploads\/2025\/08\/WhatsApp-Image-2025-08-07-at-10.20.13-768x576.jpeg 768w, https:\/\/www.abesata.org\/br\/wp-content\/uploads\/2025\/08\/WhatsApp-Image-2025-08-07-at-10.20.13-1536x1152.jpeg 1536w, https:\/\/www.abesata.org\/br\/wp-content\/uploads\/2025\/08\/WhatsApp-Image-2025-08-07-at-10.20.13-2048x1536.jpeg 2048w\" sizes=\"(max-width: 1024px) 100vw, 1024px\" \/><\/figure>\n","protected":false},"excerpt":{"rendered":"","protected":false},"author":135,"featured_media":0,"parent":0,"menu_order":0,"comment_status":"closed","ping_status":"closed","template":"","meta":{"footnotes":""},"class_list":["post-18387","page","type-page","status-publish","hentry"],"yoast_head":"<!-- This site is optimized with the Yoast SEO plugin v26.5 - https:\/\/yoast.com\/wordpress\/plugins\/seo\/ -->\n<title>Labace \u2013 S\u00e3o Paulo\u2013SP 05.AGO.2025 - Abesata<\/title>\n<meta name=\"robots\" content=\"index, follow, max-snippet:-1, max-image-preview:large, max-video-preview:-1\" \/>\n<link rel=\"canonical\" href=\"https:\/\/www.abesata.org\/br\/labace-sao-paulo-sp-05-ago-2025\/\" \/>\n<meta property=\"og:locale\" content=\"pt_BR\" \/>\n<meta property=\"og:type\" content=\"article\" \/>\n<meta property=\"og:title\" content=\"Labace \u2013 S\u00e3o Paulo\u2013SP 05.AGO.2025 - Abesata\" \/>\n<meta property=\"og:url\" content=\"https:\/\/www.abesata.org\/br\/labace-sao-paulo-sp-05-ago-2025\/\" \/>\n<meta property=\"og:site_name\" content=\"Abesata\" \/>\n<meta property=\"article:publisher\" content=\"https:\/\/www.facebook.com\/abesata.org\/\" \/>\n<meta property=\"article:modified_time\" content=\"2025-08-07T23:25:25+00:00\" \/>\n<meta property=\"og:image\" content=\"https:\/\/www.abesata.org\/br\/wp-content\/uploads\/2025\/08\/IMG_8509-scaled.jpg\" \/>\n\t<meta property=\"og:image:width\" content=\"2560\" \/>\n\t<meta property=\"og:image:height\" content=\"1920\" \/>\n\t<meta property=\"og:image:type\" content=\"image\/jpeg\" \/>\n<meta name=\"twitter:card\" content=\"summary_large_image\" \/>\n<meta name=\"twitter:label1\" content=\"Est. tempo de leitura\" \/>\n\t<meta name=\"twitter:data1\" content=\"4 minutos\" \/>\n<script type=\"application\/ld+json\" class=\"yoast-schema-graph\">{\"@context\":\"https:\/\/schema.org\",\"@graph\":[{\"@type\":\"WebPage\",\"@id\":\"https:\/\/www.abesata.org\/br\/labace-sao-paulo-sp-05-ago-2025\/\",\"url\":\"https:\/\/www.abesata.org\/br\/labace-sao-paulo-sp-05-ago-2025\/\",\"name\":\"Labace \u2013 S\u00e3o Paulo\u2013SP 05.AGO.2025 - Abesata\",\"isPartOf\":{\"@id\":\"https:\/\/www.abesata.org\/br\/#website\"},\"primaryImageOfPage\":{\"@id\":\"https:\/\/www.abesata.org\/br\/labace-sao-paulo-sp-05-ago-2025\/#primaryimage\"},\"image\":{\"@id\":\"https:\/\/www.abesata.org\/br\/labace-sao-paulo-sp-05-ago-2025\/#primaryimage\"},\"thumbnailUrl\":\"https:\/\/www.abesata.org\/br\/wp-content\/uploads\/2025\/08\/IMG_8509-1024x768.jpg\",\"datePublished\":\"2025-08-07T23:25:20+00:00\",\"dateModified\":\"2025-08-07T23:25:25+00:00\",\"breadcrumb\":{\"@id\":\"https:\/\/www.abesata.org\/br\/labace-sao-paulo-sp-05-ago-2025\/#breadcrumb\"},\"inLanguage\":\"pt-BR\",\"potentialAction\":[{\"@type\":\"ReadAction\",\"target\":[\"https:\/\/www.abesata.org\/br\/labace-sao-paulo-sp-05-ago-2025\/\"]}]},{\"@type\":\"ImageObject\",\"inLanguage\":\"pt-BR\",\"@id\":\"https:\/\/www.abesata.org\/br\/labace-sao-paulo-sp-05-ago-2025\/#primaryimage\",\"url\":\"https:\/\/www.abesata.org\/br\/wp-content\/uploads\/2025\/08\/IMG_8509-scaled.jpg\",\"contentUrl\":\"https:\/\/www.abesata.org\/br\/wp-content\/uploads\/2025\/08\/IMG_8509-scaled.jpg\",\"width\":2560,\"height\":1920},{\"@type\":\"BreadcrumbList\",\"@id\":\"https:\/\/www.abesata.org\/br\/labace-sao-paulo-sp-05-ago-2025\/#breadcrumb\",\"itemListElement\":[{\"@type\":\"ListItem\",\"position\":1,\"name\":\"In\u00edcio\",\"item\":\"https:\/\/www.abesata.org\/br\/\"},{\"@type\":\"ListItem\",\"position\":2,\"name\":\"Labace \u2013 S\u00e3o Paulo\u2013SP 05.AGO.2025\"}]},{\"@type\":\"WebSite\",\"@id\":\"https:\/\/www.abesata.org\/br\/#website\",\"url\":\"https:\/\/www.abesata.org\/br\/\",\"name\":\"Abesata\",\"description\":\"Associa\u00e7\u00e3o Brasileira das Empresas de Servi\u00e7os Auxiliares de Transporte A\u00e9reo\",\"publisher\":{\"@id\":\"https:\/\/www.abesata.org\/br\/#organization\"},\"potentialAction\":[{\"@type\":\"SearchAction\",\"target\":{\"@type\":\"EntryPoint\",\"urlTemplate\":\"https:\/\/www.abesata.org\/br\/?s={search_term_string}\"},\"query-input\":{\"@type\":\"PropertyValueSpecification\",\"valueRequired\":true,\"valueName\":\"search_term_string\"}}],\"inLanguage\":\"pt-BR\"},{\"@type\":\"Organization\",\"@id\":\"https:\/\/www.abesata.org\/br\/#organization\",\"name\":\"Associa\u00e7\u00e3o Brasileira das Empresas de Servi\u00e7os Auxiliares de Transporte A\u00e9reo\",\"alternateName\":\"Abesata\",\"url\":\"https:\/\/www.abesata.org\/br\/\",\"logo\":{\"@type\":\"ImageObject\",\"inLanguage\":\"pt-BR\",\"@id\":\"https:\/\/www.abesata.org\/br\/#\/schema\/logo\/image\/\",\"url\":\"https:\/\/www.abesata.org\/br\/wp-content\/uploads\/2023\/10\/Abesata.png\",\"contentUrl\":\"https:\/\/www.abesata.org\/br\/wp-content\/uploads\/2023\/10\/Abesata.png\",\"width\":1063,\"height\":591,\"caption\":\"Associa\u00e7\u00e3o Brasileira das Empresas de Servi\u00e7os Auxiliares de Transporte A\u00e9reo\"},\"image\":{\"@id\":\"https:\/\/www.abesata.org\/br\/#\/schema\/logo\/image\/\"},\"sameAs\":[\"https:\/\/www.facebook.com\/abesata.org\/\",\"https:\/\/www.instagram.com\/abesata_gh\/\",\"https:\/\/br.linkedin.com\/company\/abesata\"]}]}<\/script>\n<!-- \/ Yoast SEO plugin. -->","yoast_head_json":{"title":"Labace \u2013 S\u00e3o Paulo\u2013SP 05.AGO.2025 - Abesata","robots":{"index":"index","follow":"follow","max-snippet":"max-snippet:-1","max-image-preview":"max-image-preview:large","max-video-preview":"max-video-preview:-1"},"canonical":"https:\/\/www.abesata.org\/br\/labace-sao-paulo-sp-05-ago-2025\/","og_locale":"pt_BR","og_type":"article","og_title":"Labace \u2013 S\u00e3o Paulo\u2013SP 05.AGO.2025 - Abesata","og_url":"https:\/\/www.abesata.org\/br\/labace-sao-paulo-sp-05-ago-2025\/","og_site_name":"Abesata","article_publisher":"https:\/\/www.facebook.com\/abesata.org\/","article_modified_time":"2025-08-07T23:25:25+00:00","og_image":[{"width":2560,"height":1920,"url":"https:\/\/www.abesata.org\/br\/wp-content\/uploads\/2025\/08\/IMG_8509-scaled.jpg","type":"image\/jpeg"}],"twitter_card":"summary_large_image","twitter_misc":{"Est. tempo de leitura":"4 minutos"},"schema":{"@context":"https:\/\/schema.org","@graph":[{"@type":"WebPage","@id":"https:\/\/www.abesata.org\/br\/labace-sao-paulo-sp-05-ago-2025\/","url":"https:\/\/www.abesata.org\/br\/labace-sao-paulo-sp-05-ago-2025\/","name":"Labace \u2013 S\u00e3o Paulo\u2013SP 05.AGO.2025 - Abesata","isPartOf":{"@id":"https:\/\/www.abesata.org\/br\/#website"},"primaryImageOfPage":{"@id":"https:\/\/www.abesata.org\/br\/labace-sao-paulo-sp-05-ago-2025\/#primaryimage"},"image":{"@id":"https:\/\/www.abesata.org\/br\/labace-sao-paulo-sp-05-ago-2025\/#primaryimage"},"thumbnailUrl":"https:\/\/www.abesata.org\/br\/wp-content\/uploads\/2025\/08\/IMG_8509-1024x768.jpg","datePublished":"2025-08-07T23:25:20+00:00","dateModified":"2025-08-07T23:25:25+00:00","breadcrumb":{"@id":"https:\/\/www.abesata.org\/br\/labace-sao-paulo-sp-05-ago-2025\/#breadcrumb"},"inLanguage":"pt-BR","potentialAction":[{"@type":"ReadAction","target":["https:\/\/www.abesata.org\/br\/labace-sao-paulo-sp-05-ago-2025\/"]}]},{"@type":"ImageObject","inLanguage":"pt-BR","@id":"https:\/\/www.abesata.org\/br\/labace-sao-paulo-sp-05-ago-2025\/#primaryimage","url":"https:\/\/www.abesata.org\/br\/wp-content\/uploads\/2025\/08\/IMG_8509-scaled.jpg","contentUrl":"https:\/\/www.abesata.org\/br\/wp-content\/uploads\/2025\/08\/IMG_8509-scaled.jpg","width":2560,"height":1920},{"@type":"BreadcrumbList","@id":"https:\/\/www.abesata.org\/br\/labace-sao-paulo-sp-05-ago-2025\/#breadcrumb","itemListElement":[{"@type":"ListItem","position":1,"name":"In\u00edcio","item":"https:\/\/www.abesata.org\/br\/"},{"@type":"ListItem","position":2,"name":"Labace \u2013 S\u00e3o Paulo\u2013SP 05.AGO.2025"}]},{"@type":"WebSite","@id":"https:\/\/www.abesata.org\/br\/#website","url":"https:\/\/www.abesata.org\/br\/","name":"Abesata","description":"Associa\u00e7\u00e3o Brasileira das Empresas de Servi\u00e7os Auxiliares de Transporte A\u00e9reo","publisher":{"@id":"https:\/\/www.abesata.org\/br\/#organization"},"potentialAction":[{"@type":"SearchAction","target":{"@type":"EntryPoint","urlTemplate":"https:\/\/www.abesata.org\/br\/?s={search_term_string}"},"query-input":{"@type":"PropertyValueSpecification","valueRequired":true,"valueName":"search_term_string"}}],"inLanguage":"pt-BR"},{"@type":"Organization","@id":"https:\/\/www.abesata.org\/br\/#organization","name":"Associa\u00e7\u00e3o Brasileira das Empresas de Servi\u00e7os Auxiliares de Transporte A\u00e9reo","alternateName":"Abesata","url":"https:\/\/www.abesata.org\/br\/","logo":{"@type":"ImageObject","inLanguage":"pt-BR","@id":"https:\/\/www.abesata.org\/br\/#\/schema\/logo\/image\/","url":"https:\/\/www.abesata.org\/br\/wp-content\/uploads\/2023\/10\/Abesata.png","contentUrl":"https:\/\/www.abesata.org\/br\/wp-content\/uploads\/2023\/10\/Abesata.png","width":1063,"height":591,"caption":"Associa\u00e7\u00e3o Brasileira das Empresas de Servi\u00e7os Auxiliares de Transporte A\u00e9reo"},"image":{"@id":"https:\/\/www.abesata.org\/br\/#\/schema\/logo\/image\/"},"sameAs":["https:\/\/www.facebook.com\/abesata.org\/","https:\/\/www.instagram.com\/abesata_gh\/","https:\/\/br.linkedin.com\/company\/abesata"]}]}},"_links":{"self":[{"href":"https:\/\/www.abesata.org\/br\/wp-json\/wp\/v2\/pages\/18387","targetHints":{"allow":["GET"]}}],"collection":[{"href":"https:\/\/www.abesata.org\/br\/wp-json\/wp\/v2\/pages"}],"about":[{"href":"https:\/\/www.abesata.org\/br\/wp-json\/wp\/v2\/types\/page"}],"author":[{"embeddable":true,"href":"https:\/\/www.abesata.org\/br\/wp-json\/wp\/v2\/users\/135"}],"replies":[{"embeddable":true,"href":"https:\/\/www.abesata.org\/br\/wp-json\/wp\/v2\/comments?post=18387"}],"version-history":[{"count":1,"href":"https:\/\/www.abesata.org\/br\/wp-json\/wp\/v2\/pages\/18387\/revisions"}],"predecessor-version":[{"id":18389,"href":"https:\/\/www.abesata.org\/br\/wp-json\/wp\/v2\/pages\/18387\/revisions\/18389"}],"wp:attachment":[{"href":"https:\/\/www.abesata.org\/br\/wp-json\/wp\/v2\/media?parent=18387"}],"curies":[{"name":"wp","href":"https:\/\/api.w.org\/{rel}","templated":true}]}}