{"id":18443,"date":"2025-10-17T19:25:54","date_gmt":"2025-10-17T22:25:54","guid":{"rendered":"https:\/\/www.abesata.org\/br\/?page_id=18443"},"modified":"2025-10-17T19:25:58","modified_gmt":"2025-10-17T22:25:58","slug":"evento-tecnologia-e-seguranca-o-futuro-dos-aeroportos-no-brasil","status":"publish","type":"page","link":"https:\/\/www.abesata.org\/br\/evento-tecnologia-e-seguranca-o-futuro-dos-aeroportos-no-brasil\/","title":{"rendered":"Evento: Tecnologia e Seguran\u00e7a &#8211; O Futuro dos Aeroportos no Brasil"},"content":{"rendered":"\n<figure class=\"wp-block-image size-large\"><img fetchpriority=\"high\" decoding=\"async\" width=\"1024\" height=\"768\" src=\"https:\/\/www.abesata.org\/br\/wp-content\/uploads\/2025\/10\/IMG_9148-1024x768.jpeg\" alt=\"\" class=\"wp-image-18429\" srcset=\"https:\/\/www.abesata.org\/br\/wp-content\/uploads\/2025\/10\/IMG_9148-1024x768.jpeg 1024w, https:\/\/www.abesata.org\/br\/wp-content\/uploads\/2025\/10\/IMG_9148-300x225.jpeg 300w, https:\/\/www.abesata.org\/br\/wp-content\/uploads\/2025\/10\/IMG_9148-768x576.jpeg 768w, https:\/\/www.abesata.org\/br\/wp-content\/uploads\/2025\/10\/IMG_9148-1536x1152.jpeg 1536w, https:\/\/www.abesata.org\/br\/wp-content\/uploads\/2025\/10\/IMG_9148-2048x1536.jpeg 2048w\" sizes=\"(max-width: 1024px) 100vw, 1024px\" \/><\/figure>\n\n\n\n<figure class=\"wp-block-image size-large\"><img decoding=\"async\" width=\"768\" height=\"1024\" src=\"https:\/\/www.abesata.org\/br\/wp-content\/uploads\/2025\/10\/IMG_9146-768x1024.jpeg\" alt=\"\" class=\"wp-image-18430\" srcset=\"https:\/\/www.abesata.org\/br\/wp-content\/uploads\/2025\/10\/IMG_9146-768x1024.jpeg 768w, https:\/\/www.abesata.org\/br\/wp-content\/uploads\/2025\/10\/IMG_9146-225x300.jpeg 225w, https:\/\/www.abesata.org\/br\/wp-content\/uploads\/2025\/10\/IMG_9146-1152x1536.jpeg 1152w, https:\/\/www.abesata.org\/br\/wp-content\/uploads\/2025\/10\/IMG_9146-1536x2048.jpeg 1536w, https:\/\/www.abesata.org\/br\/wp-content\/uploads\/2025\/10\/IMG_9146-scaled.jpeg 1920w\" sizes=\"(max-width: 768px) 100vw, 768px\" \/><\/figure>\n\n\n\n<figure class=\"wp-block-image size-large\"><img decoding=\"async\" width=\"1024\" height=\"768\" src=\"https:\/\/www.abesata.org\/br\/wp-content\/uploads\/2025\/10\/IMG_9144-1024x768.jpeg\" alt=\"\" class=\"wp-image-18431\" srcset=\"https:\/\/www.abesata.org\/br\/wp-content\/uploads\/2025\/10\/IMG_9144-1024x768.jpeg 1024w, https:\/\/www.abesata.org\/br\/wp-content\/uploads\/2025\/10\/IMG_9144-300x225.jpeg 300w, https:\/\/www.abesata.org\/br\/wp-content\/uploads\/2025\/10\/IMG_9144-768x576.jpeg 768w, https:\/\/www.abesata.org\/br\/wp-content\/uploads\/2025\/10\/IMG_9144-1536x1152.jpeg 1536w, https:\/\/www.abesata.org\/br\/wp-content\/uploads\/2025\/10\/IMG_9144-2048x1536.jpeg 2048w\" sizes=\"(max-width: 1024px) 100vw, 1024px\" \/><\/figure>\n\n\n\n<figure class=\"wp-block-image size-large\"><img loading=\"lazy\" decoding=\"async\" width=\"1024\" height=\"768\" src=\"https:\/\/www.abesata.org\/br\/wp-content\/uploads\/2025\/10\/IMG_9142-1024x768.jpeg\" alt=\"\" class=\"wp-image-18432\" srcset=\"https:\/\/www.abesata.org\/br\/wp-content\/uploads\/2025\/10\/IMG_9142-1024x768.jpeg 1024w, https:\/\/www.abesata.org\/br\/wp-content\/uploads\/2025\/10\/IMG_9142-300x225.jpeg 300w, https:\/\/www.abesata.org\/br\/wp-content\/uploads\/2025\/10\/IMG_9142-768x576.jpeg 768w, https:\/\/www.abesata.org\/br\/wp-content\/uploads\/2025\/10\/IMG_9142-1536x1152.jpeg 1536w, https:\/\/www.abesata.org\/br\/wp-content\/uploads\/2025\/10\/IMG_9142-2048x1536.jpeg 2048w\" sizes=\"(max-width: 1024px) 100vw, 1024px\" \/><\/figure>\n\n\n\n<figure class=\"wp-block-image size-large\"><img loading=\"lazy\" decoding=\"async\" width=\"1024\" height=\"768\" src=\"https:\/\/www.abesata.org\/br\/wp-content\/uploads\/2025\/10\/IMG_9140-1024x768.jpeg\" alt=\"\" class=\"wp-image-18433\" srcset=\"https:\/\/www.abesata.org\/br\/wp-content\/uploads\/2025\/10\/IMG_9140-1024x768.jpeg 1024w, https:\/\/www.abesata.org\/br\/wp-content\/uploads\/2025\/10\/IMG_9140-300x225.jpeg 300w, https:\/\/www.abesata.org\/br\/wp-content\/uploads\/2025\/10\/IMG_9140-768x576.jpeg 768w, https:\/\/www.abesata.org\/br\/wp-content\/uploads\/2025\/10\/IMG_9140-1536x1152.jpeg 1536w, https:\/\/www.abesata.org\/br\/wp-content\/uploads\/2025\/10\/IMG_9140-2048x1536.jpeg 2048w\" sizes=\"(max-width: 1024px) 100vw, 1024px\" \/><\/figure>\n\n\n\n<figure class=\"wp-block-image size-large\"><img loading=\"lazy\" decoding=\"async\" width=\"768\" height=\"1024\" src=\"https:\/\/www.abesata.org\/br\/wp-content\/uploads\/2025\/10\/IMG_9130-768x1024.jpeg\" alt=\"\" class=\"wp-image-18434\" srcset=\"https:\/\/www.abesata.org\/br\/wp-content\/uploads\/2025\/10\/IMG_9130-768x1024.jpeg 768w, https:\/\/www.abesata.org\/br\/wp-content\/uploads\/2025\/10\/IMG_9130-225x300.jpeg 225w, https:\/\/www.abesata.org\/br\/wp-content\/uploads\/2025\/10\/IMG_9130-1152x1536.jpeg 1152w, https:\/\/www.abesata.org\/br\/wp-content\/uploads\/2025\/10\/IMG_9130-1536x2048.jpeg 1536w, https:\/\/www.abesata.org\/br\/wp-content\/uploads\/2025\/10\/IMG_9130-scaled.jpeg 1920w\" sizes=\"(max-width: 768px) 100vw, 768px\" \/><\/figure>\n\n\n\n<figure class=\"wp-block-image size-large\"><img loading=\"lazy\" decoding=\"async\" width=\"1024\" height=\"576\" src=\"https:\/\/www.abesata.org\/br\/wp-content\/uploads\/2025\/10\/IMG_8682-1024x576.jpeg\" alt=\"\" class=\"wp-image-18435\" srcset=\"https:\/\/www.abesata.org\/br\/wp-content\/uploads\/2025\/10\/IMG_8682-1024x576.jpeg 1024w, https:\/\/www.abesata.org\/br\/wp-content\/uploads\/2025\/10\/IMG_8682-300x169.jpeg 300w, https:\/\/www.abesata.org\/br\/wp-content\/uploads\/2025\/10\/IMG_8682-768x432.jpeg 768w, https:\/\/www.abesata.org\/br\/wp-content\/uploads\/2025\/10\/IMG_8682-1536x864.jpeg 1536w, https:\/\/www.abesata.org\/br\/wp-content\/uploads\/2025\/10\/IMG_8682-2048x1152.jpeg 2048w\" sizes=\"(max-width: 1024px) 100vw, 1024px\" \/><\/figure>\n\n\n\n<figure class=\"wp-block-image size-large\"><img loading=\"lazy\" decoding=\"async\" width=\"1024\" height=\"576\" src=\"https:\/\/www.abesata.org\/br\/wp-content\/uploads\/2025\/10\/IMG_8676-1024x576.jpeg\" alt=\"\" class=\"wp-image-18436\" srcset=\"https:\/\/www.abesata.org\/br\/wp-content\/uploads\/2025\/10\/IMG_8676-1024x576.jpeg 1024w, https:\/\/www.abesata.org\/br\/wp-content\/uploads\/2025\/10\/IMG_8676-300x169.jpeg 300w, https:\/\/www.abesata.org\/br\/wp-content\/uploads\/2025\/10\/IMG_8676-768x432.jpeg 768w, https:\/\/www.abesata.org\/br\/wp-content\/uploads\/2025\/10\/IMG_8676-1536x864.jpeg 1536w, https:\/\/www.abesata.org\/br\/wp-content\/uploads\/2025\/10\/IMG_8676-2048x1152.jpeg 2048w\" sizes=\"(max-width: 1024px) 100vw, 1024px\" \/><\/figure>\n\n\n\n<figure class=\"wp-block-image size-large\"><img loading=\"lazy\" decoding=\"async\" width=\"1024\" height=\"682\" src=\"https:\/\/www.abesata.org\/br\/wp-content\/uploads\/2025\/10\/FullSizeRender-3-1024x682.jpeg\" alt=\"\" class=\"wp-image-18439\" srcset=\"https:\/\/www.abesata.org\/br\/wp-content\/uploads\/2025\/10\/FullSizeRender-3-1024x682.jpeg 1024w, https:\/\/www.abesata.org\/br\/wp-content\/uploads\/2025\/10\/FullSizeRender-3-300x200.jpeg 300w, https:\/\/www.abesata.org\/br\/wp-content\/uploads\/2025\/10\/FullSizeRender-3-768x512.jpeg 768w, https:\/\/www.abesata.org\/br\/wp-content\/uploads\/2025\/10\/FullSizeRender-3-1536x1024.jpeg 1536w, https:\/\/www.abesata.org\/br\/wp-content\/uploads\/2025\/10\/FullSizeRender-3-2048x1365.jpeg 2048w\" sizes=\"(max-width: 1024px) 100vw, 1024px\" \/><\/figure>\n\n\n\n<figure class=\"wp-block-image size-large\"><img loading=\"lazy\" decoding=\"async\" width=\"1024\" height=\"837\" src=\"https:\/\/www.abesata.org\/br\/wp-content\/uploads\/2025\/10\/FullSizeRender-1-1024x837.jpeg\" alt=\"\" class=\"wp-image-18440\" srcset=\"https:\/\/www.abesata.org\/br\/wp-content\/uploads\/2025\/10\/FullSizeRender-1-1024x837.jpeg 1024w, https:\/\/www.abesata.org\/br\/wp-content\/uploads\/2025\/10\/FullSizeRender-1-300x245.jpeg 300w, https:\/\/www.abesata.org\/br\/wp-content\/uploads\/2025\/10\/FullSizeRender-1-768x628.jpeg 768w, https:\/\/www.abesata.org\/br\/wp-content\/uploads\/2025\/10\/FullSizeRender-1-1536x1255.jpeg 1536w, https:\/\/www.abesata.org\/br\/wp-content\/uploads\/2025\/10\/FullSizeRender-1-2048x1673.jpeg 2048w\" sizes=\"(max-width: 1024px) 100vw, 1024px\" \/><\/figure>\n\n\n\n<figure class=\"wp-block-image size-large\"><img loading=\"lazy\" decoding=\"async\" width=\"1024\" height=\"767\" src=\"https:\/\/www.abesata.org\/br\/wp-content\/uploads\/2025\/10\/FullSizeRender-2-1024x767.jpeg\" alt=\"\" class=\"wp-image-18441\" srcset=\"https:\/\/www.abesata.org\/br\/wp-content\/uploads\/2025\/10\/FullSizeRender-2-1024x767.jpeg 1024w, https:\/\/www.abesata.org\/br\/wp-content\/uploads\/2025\/10\/FullSizeRender-2-300x225.jpeg 300w, https:\/\/www.abesata.org\/br\/wp-content\/uploads\/2025\/10\/FullSizeRender-2-768x575.jpeg 768w, https:\/\/www.abesata.org\/br\/wp-content\/uploads\/2025\/10\/FullSizeRender-2-1536x1150.jpeg 1536w, https:\/\/www.abesata.org\/br\/wp-content\/uploads\/2025\/10\/FullSizeRender-2-2048x1534.jpeg 2048w\" sizes=\"(max-width: 1024px) 100vw, 1024px\" \/><\/figure>\n\n\n\n<figure class=\"wp-block-image size-large\"><img loading=\"lazy\" decoding=\"async\" width=\"1024\" height=\"711\" src=\"https:\/\/www.abesata.org\/br\/wp-content\/uploads\/2025\/10\/IMG_8643-1-1024x711.jpeg\" alt=\"\" class=\"wp-image-18438\" srcset=\"https:\/\/www.abesata.org\/br\/wp-content\/uploads\/2025\/10\/IMG_8643-1-1024x711.jpeg 1024w, https:\/\/www.abesata.org\/br\/wp-content\/uploads\/2025\/10\/IMG_8643-1-300x208.jpeg 300w, https:\/\/www.abesata.org\/br\/wp-content\/uploads\/2025\/10\/IMG_8643-1-768x533.jpeg 768w, https:\/\/www.abesata.org\/br\/wp-content\/uploads\/2025\/10\/IMG_8643-1-1536x1066.jpeg 1536w, https:\/\/www.abesata.org\/br\/wp-content\/uploads\/2025\/10\/IMG_8643-1-2048x1422.jpeg 2048w\" sizes=\"(max-width: 1024px) 100vw, 1024px\" \/><\/figure>\n","protected":false},"excerpt":{"rendered":"","protected":false},"author":135,"featured_media":0,"parent":0,"menu_order":0,"comment_status":"closed","ping_status":"closed","template":"","meta":{"footnotes":""},"class_list":["post-18443","page","type-page","status-publish","hentry"],"yoast_head":"<!-- This site is optimized with the Yoast SEO plugin v26.5 - https:\/\/yoast.com\/wordpress\/plugins\/seo\/ -->\n<title>Evento: Tecnologia e Seguran\u00e7a - O Futuro dos Aeroportos no Brasil - Abesata<\/title>\n<meta name=\"robots\" content=\"index, follow, max-snippet:-1, max-image-preview:large, max-video-preview:-1\" \/>\n<link rel=\"canonical\" href=\"https:\/\/www.abesata.org\/br\/evento-tecnologia-e-seguranca-o-futuro-dos-aeroportos-no-brasil\/\" \/>\n<meta property=\"og:locale\" content=\"pt_BR\" \/>\n<meta property=\"og:type\" content=\"article\" \/>\n<meta property=\"og:title\" content=\"Evento: Tecnologia e Seguran\u00e7a - O Futuro dos Aeroportos no Brasil - Abesata\" \/>\n<meta property=\"og:url\" content=\"https:\/\/www.abesata.org\/br\/evento-tecnologia-e-seguranca-o-futuro-dos-aeroportos-no-brasil\/\" \/>\n<meta property=\"og:site_name\" content=\"Abesata\" \/>\n<meta property=\"article:publisher\" content=\"https:\/\/www.facebook.com\/abesata.org\/\" \/>\n<meta property=\"article:modified_time\" content=\"2025-10-17T22:25:58+00:00\" \/>\n<meta property=\"og:image\" content=\"https:\/\/www.abesata.org\/br\/wp-content\/uploads\/2025\/10\/IMG_9148-scaled.jpeg\" \/>\n\t<meta property=\"og:image:width\" content=\"2560\" \/>\n\t<meta property=\"og:image:height\" content=\"1920\" \/>\n\t<meta property=\"og:image:type\" content=\"image\/jpeg\" \/>\n<meta name=\"twitter:card\" content=\"summary_large_image\" \/>\n<meta name=\"twitter:label1\" content=\"Est. tempo de leitura\" \/>\n\t<meta name=\"twitter:data1\" content=\"3 minutos\" \/>\n<script type=\"application\/ld+json\" class=\"yoast-schema-graph\">{\"@context\":\"https:\/\/schema.org\",\"@graph\":[{\"@type\":\"WebPage\",\"@id\":\"https:\/\/www.abesata.org\/br\/evento-tecnologia-e-seguranca-o-futuro-dos-aeroportos-no-brasil\/\",\"url\":\"https:\/\/www.abesata.org\/br\/evento-tecnologia-e-seguranca-o-futuro-dos-aeroportos-no-brasil\/\",\"name\":\"Evento: Tecnologia e Seguran\u00e7a - O Futuro dos Aeroportos no Brasil - Abesata\",\"isPartOf\":{\"@id\":\"https:\/\/www.abesata.org\/br\/#website\"},\"primaryImageOfPage\":{\"@id\":\"https:\/\/www.abesata.org\/br\/evento-tecnologia-e-seguranca-o-futuro-dos-aeroportos-no-brasil\/#primaryimage\"},\"image\":{\"@id\":\"https:\/\/www.abesata.org\/br\/evento-tecnologia-e-seguranca-o-futuro-dos-aeroportos-no-brasil\/#primaryimage\"},\"thumbnailUrl\":\"https:\/\/www.abesata.org\/br\/wp-content\/uploads\/2025\/10\/IMG_9148-1024x768.jpeg\",\"datePublished\":\"2025-10-17T22:25:54+00:00\",\"dateModified\":\"2025-10-17T22:25:58+00:00\",\"breadcrumb\":{\"@id\":\"https:\/\/www.abesata.org\/br\/evento-tecnologia-e-seguranca-o-futuro-dos-aeroportos-no-brasil\/#breadcrumb\"},\"inLanguage\":\"pt-BR\",\"potentialAction\":[{\"@type\":\"ReadAction\",\"target\":[\"https:\/\/www.abesata.org\/br\/evento-tecnologia-e-seguranca-o-futuro-dos-aeroportos-no-brasil\/\"]}]},{\"@type\":\"ImageObject\",\"inLanguage\":\"pt-BR\",\"@id\":\"https:\/\/www.abesata.org\/br\/evento-tecnologia-e-seguranca-o-futuro-dos-aeroportos-no-brasil\/#primaryimage\",\"url\":\"https:\/\/www.abesata.org\/br\/wp-content\/uploads\/2025\/10\/IMG_9148-scaled.jpeg\",\"contentUrl\":\"https:\/\/www.abesata.org\/br\/wp-content\/uploads\/2025\/10\/IMG_9148-scaled.jpeg\",\"width\":2560,\"height\":1920},{\"@type\":\"BreadcrumbList\",\"@id\":\"https:\/\/www.abesata.org\/br\/evento-tecnologia-e-seguranca-o-futuro-dos-aeroportos-no-brasil\/#breadcrumb\",\"itemListElement\":[{\"@type\":\"ListItem\",\"position\":1,\"name\":\"In\u00edcio\",\"item\":\"https:\/\/www.abesata.org\/br\/\"},{\"@type\":\"ListItem\",\"position\":2,\"name\":\"Evento: Tecnologia e Seguran\u00e7a &#8211; O Futuro dos Aeroportos no Brasil\"}]},{\"@type\":\"WebSite\",\"@id\":\"https:\/\/www.abesata.org\/br\/#website\",\"url\":\"https:\/\/www.abesata.org\/br\/\",\"name\":\"Abesata\",\"description\":\"Associa\u00e7\u00e3o Brasileira das Empresas de Servi\u00e7os Auxiliares de Transporte A\u00e9reo\",\"publisher\":{\"@id\":\"https:\/\/www.abesata.org\/br\/#organization\"},\"potentialAction\":[{\"@type\":\"SearchAction\",\"target\":{\"@type\":\"EntryPoint\",\"urlTemplate\":\"https:\/\/www.abesata.org\/br\/?s={search_term_string}\"},\"query-input\":{\"@type\":\"PropertyValueSpecification\",\"valueRequired\":true,\"valueName\":\"search_term_string\"}}],\"inLanguage\":\"pt-BR\"},{\"@type\":\"Organization\",\"@id\":\"https:\/\/www.abesata.org\/br\/#organization\",\"name\":\"Associa\u00e7\u00e3o Brasileira das Empresas de Servi\u00e7os Auxiliares de Transporte A\u00e9reo\",\"alternateName\":\"Abesata\",\"url\":\"https:\/\/www.abesata.org\/br\/\",\"logo\":{\"@type\":\"ImageObject\",\"inLanguage\":\"pt-BR\",\"@id\":\"https:\/\/www.abesata.org\/br\/#\/schema\/logo\/image\/\",\"url\":\"https:\/\/www.abesata.org\/br\/wp-content\/uploads\/2023\/10\/Abesata.png\",\"contentUrl\":\"https:\/\/www.abesata.org\/br\/wp-content\/uploads\/2023\/10\/Abesata.png\",\"width\":1063,\"height\":591,\"caption\":\"Associa\u00e7\u00e3o Brasileira das Empresas de Servi\u00e7os Auxiliares de Transporte A\u00e9reo\"},\"image\":{\"@id\":\"https:\/\/www.abesata.org\/br\/#\/schema\/logo\/image\/\"},\"sameAs\":[\"https:\/\/www.facebook.com\/abesata.org\/\",\"https:\/\/www.instagram.com\/abesata_gh\/\",\"https:\/\/br.linkedin.com\/company\/abesata\"]}]}<\/script>\n<!-- \/ Yoast SEO plugin. -->","yoast_head_json":{"title":"Evento: Tecnologia e Seguran\u00e7a - O Futuro dos Aeroportos no Brasil - Abesata","robots":{"index":"index","follow":"follow","max-snippet":"max-snippet:-1","max-image-preview":"max-image-preview:large","max-video-preview":"max-video-preview:-1"},"canonical":"https:\/\/www.abesata.org\/br\/evento-tecnologia-e-seguranca-o-futuro-dos-aeroportos-no-brasil\/","og_locale":"pt_BR","og_type":"article","og_title":"Evento: Tecnologia e Seguran\u00e7a - O Futuro dos Aeroportos no Brasil - Abesata","og_url":"https:\/\/www.abesata.org\/br\/evento-tecnologia-e-seguranca-o-futuro-dos-aeroportos-no-brasil\/","og_site_name":"Abesata","article_publisher":"https:\/\/www.facebook.com\/abesata.org\/","article_modified_time":"2025-10-17T22:25:58+00:00","og_image":[{"width":2560,"height":1920,"url":"https:\/\/www.abesata.org\/br\/wp-content\/uploads\/2025\/10\/IMG_9148-scaled.jpeg","type":"image\/jpeg"}],"twitter_card":"summary_large_image","twitter_misc":{"Est. tempo de leitura":"3 minutos"},"schema":{"@context":"https:\/\/schema.org","@graph":[{"@type":"WebPage","@id":"https:\/\/www.abesata.org\/br\/evento-tecnologia-e-seguranca-o-futuro-dos-aeroportos-no-brasil\/","url":"https:\/\/www.abesata.org\/br\/evento-tecnologia-e-seguranca-o-futuro-dos-aeroportos-no-brasil\/","name":"Evento: Tecnologia e Seguran\u00e7a - O Futuro dos Aeroportos no Brasil - Abesata","isPartOf":{"@id":"https:\/\/www.abesata.org\/br\/#website"},"primaryImageOfPage":{"@id":"https:\/\/www.abesata.org\/br\/evento-tecnologia-e-seguranca-o-futuro-dos-aeroportos-no-brasil\/#primaryimage"},"image":{"@id":"https:\/\/www.abesata.org\/br\/evento-tecnologia-e-seguranca-o-futuro-dos-aeroportos-no-brasil\/#primaryimage"},"thumbnailUrl":"https:\/\/www.abesata.org\/br\/wp-content\/uploads\/2025\/10\/IMG_9148-1024x768.jpeg","datePublished":"2025-10-17T22:25:54+00:00","dateModified":"2025-10-17T22:25:58+00:00","breadcrumb":{"@id":"https:\/\/www.abesata.org\/br\/evento-tecnologia-e-seguranca-o-futuro-dos-aeroportos-no-brasil\/#breadcrumb"},"inLanguage":"pt-BR","potentialAction":[{"@type":"ReadAction","target":["https:\/\/www.abesata.org\/br\/evento-tecnologia-e-seguranca-o-futuro-dos-aeroportos-no-brasil\/"]}]},{"@type":"ImageObject","inLanguage":"pt-BR","@id":"https:\/\/www.abesata.org\/br\/evento-tecnologia-e-seguranca-o-futuro-dos-aeroportos-no-brasil\/#primaryimage","url":"https:\/\/www.abesata.org\/br\/wp-content\/uploads\/2025\/10\/IMG_9148-scaled.jpeg","contentUrl":"https:\/\/www.abesata.org\/br\/wp-content\/uploads\/2025\/10\/IMG_9148-scaled.jpeg","width":2560,"height":1920},{"@type":"BreadcrumbList","@id":"https:\/\/www.abesata.org\/br\/evento-tecnologia-e-seguranca-o-futuro-dos-aeroportos-no-brasil\/#breadcrumb","itemListElement":[{"@type":"ListItem","position":1,"name":"In\u00edcio","item":"https:\/\/www.abesata.org\/br\/"},{"@type":"ListItem","position":2,"name":"Evento: Tecnologia e Seguran\u00e7a &#8211; O Futuro dos Aeroportos no Brasil"}]},{"@type":"WebSite","@id":"https:\/\/www.abesata.org\/br\/#website","url":"https:\/\/www.abesata.org\/br\/","name":"Abesata","description":"Associa\u00e7\u00e3o Brasileira das Empresas de Servi\u00e7os Auxiliares de Transporte A\u00e9reo","publisher":{"@id":"https:\/\/www.abesata.org\/br\/#organization"},"potentialAction":[{"@type":"SearchAction","target":{"@type":"EntryPoint","urlTemplate":"https:\/\/www.abesata.org\/br\/?s={search_term_string}"},"query-input":{"@type":"PropertyValueSpecification","valueRequired":true,"valueName":"search_term_string"}}],"inLanguage":"pt-BR"},{"@type":"Organization","@id":"https:\/\/www.abesata.org\/br\/#organization","name":"Associa\u00e7\u00e3o Brasileira das Empresas de Servi\u00e7os Auxiliares de Transporte A\u00e9reo","alternateName":"Abesata","url":"https:\/\/www.abesata.org\/br\/","logo":{"@type":"ImageObject","inLanguage":"pt-BR","@id":"https:\/\/www.abesata.org\/br\/#\/schema\/logo\/image\/","url":"https:\/\/www.abesata.org\/br\/wp-content\/uploads\/2023\/10\/Abesata.png","contentUrl":"https:\/\/www.abesata.org\/br\/wp-content\/uploads\/2023\/10\/Abesata.png","width":1063,"height":591,"caption":"Associa\u00e7\u00e3o Brasileira das Empresas de Servi\u00e7os Auxiliares de Transporte A\u00e9reo"},"image":{"@id":"https:\/\/www.abesata.org\/br\/#\/schema\/logo\/image\/"},"sameAs":["https:\/\/www.facebook.com\/abesata.org\/","https:\/\/www.instagram.com\/abesata_gh\/","https:\/\/br.linkedin.com\/company\/abesata"]}]}},"_links":{"self":[{"href":"https:\/\/www.abesata.org\/br\/wp-json\/wp\/v2\/pages\/18443","targetHints":{"allow":["GET"]}}],"collection":[{"href":"https:\/\/www.abesata.org\/br\/wp-json\/wp\/v2\/pages"}],"about":[{"href":"https:\/\/www.abesata.org\/br\/wp-json\/wp\/v2\/types\/page"}],"author":[{"embeddable":true,"href":"https:\/\/www.abesata.org\/br\/wp-json\/wp\/v2\/users\/135"}],"replies":[{"embeddable":true,"href":"https:\/\/www.abesata.org\/br\/wp-json\/wp\/v2\/comments?post=18443"}],"version-history":[{"count":1,"href":"https:\/\/www.abesata.org\/br\/wp-json\/wp\/v2\/pages\/18443\/revisions"}],"predecessor-version":[{"id":18445,"href":"https:\/\/www.abesata.org\/br\/wp-json\/wp\/v2\/pages\/18443\/revisions\/18445"}],"wp:attachment":[{"href":"https:\/\/www.abesata.org\/br\/wp-json\/wp\/v2\/media?parent=18443"}],"curies":[{"name":"wp","href":"https:\/\/api.w.org\/{rel}","templated":true}]}}