{"id":4417,"date":"2016-01-17T16:28:00","date_gmt":"2016-01-17T16:28:00","guid":{"rendered":"http:\/\/www.abesata.org\/br\/?page_id=4417"},"modified":"2025-12-12T16:05:49","modified_gmt":"2025-12-12T19:05:49","slug":"anuario-da-abesata","status":"publish","type":"page","link":"https:\/\/www.abesata.org\/br\/anuario-da-abesata\/","title":{"rendered":"Anu\u00e1rio dos Servi\u00e7os Auxiliares 2014"},"content":{"rendered":"\t\t<div data-elementor-type=\"wp-page\" data-elementor-id=\"4417\" class=\"elementor elementor-4417\" data-elementor-post-type=\"page\">\n\t\t\t\t<div class=\"elementor-element elementor-element-408de9bf e-flex e-con-boxed e-con e-parent\" data-id=\"408de9bf\" data-element_type=\"container\" data-e-type=\"container\" data-settings=\"{&quot;background_background&quot;:&quot;classic&quot;}\">\n\t\t\t\t\t<div class=\"e-con-inner\">\n\t\t\t\t<div class=\"elementor-element elementor-element-510f6bdf elementor-widget elementor-widget-spacer\" data-id=\"510f6bdf\" data-element_type=\"widget\" data-e-type=\"widget\" data-widget_type=\"spacer.default\">\n\t\t\t\t<div class=\"elementor-widget-container\">\n\t\t\t\t\t\t\t<div class=\"elementor-spacer\">\n\t\t\t<div class=\"elementor-spacer-inner\"><\/div>\n\t\t<\/div>\n\t\t\t\t\t\t<\/div>\n\t\t\t\t<\/div>\n\t\t\t\t<div class=\"elementor-element elementor-element-6995535c elementor-widget elementor-widget-heading\" data-id=\"6995535c\" data-element_type=\"widget\" data-e-type=\"widget\" data-widget_type=\"heading.default\">\n\t\t\t\t<div class=\"elementor-widget-container\">\n\t\t\t\t\t<h2 class=\"elementor-heading-title elementor-size-default\">Anu\u00e1rio dos Servi\u00e7os Auxiliares 2014<\/h2>\t\t\t\t<\/div>\n\t\t\t\t<\/div>\n\t\t<div class=\"elementor-element elementor-element-5a5e7997 e-con-full e-flex e-con e-child\" data-id=\"5a5e7997\" data-element_type=\"container\" data-e-type=\"container\">\n\t\t<div class=\"elementor-element elementor-element-2b9cafc2 e-con-full e-flex e-con e-child\" data-id=\"2b9cafc2\" data-element_type=\"container\" data-e-type=\"container\">\n\t\t\t\t<div class=\"elementor-element elementor-element-6a5721ec elementor-widget elementor-widget-image\" data-id=\"6a5721ec\" data-element_type=\"widget\" data-e-type=\"widget\" data-widget_type=\"image.default\">\n\t\t\t\t<div class=\"elementor-widget-container\">\n\t\t\t\t\t\t\t\t\t\t\t\t\t\t\t<img fetchpriority=\"high\" decoding=\"async\" width=\"1810\" height=\"2560\" src=\"https:\/\/www.abesata.org\/br\/wp-content\/uploads\/2023\/11\/1-anuario-scaled.jpg\" class=\"attachment-full size-full wp-image-16853\" alt=\"\" srcset=\"https:\/\/www.abesata.org\/br\/wp-content\/uploads\/2023\/11\/1-anuario-scaled.jpg 1810w, https:\/\/www.abesata.org\/br\/wp-content\/uploads\/2023\/11\/1-anuario-212x300.jpg 212w, https:\/\/www.abesata.org\/br\/wp-content\/uploads\/2023\/11\/1-anuario-724x1024.jpg 724w, https:\/\/www.abesata.org\/br\/wp-content\/uploads\/2023\/11\/1-anuario-768x1086.jpg 768w, https:\/\/www.abesata.org\/br\/wp-content\/uploads\/2023\/11\/1-anuario-1086x1536.jpg 1086w, https:\/\/www.abesata.org\/br\/wp-content\/uploads\/2023\/11\/1-anuario-1448x2048.jpg 1448w\" sizes=\"(max-width: 1810px) 100vw, 1810px\" \/>\t\t\t\t\t\t\t\t\t\t\t\t\t\t\t<\/div>\n\t\t\t\t<\/div>\n\t\t\t\t<div class=\"elementor-element elementor-element-12c6e22d elementor-widget elementor-widget-spacer\" data-id=\"12c6e22d\" data-element_type=\"widget\" data-e-type=\"widget\" data-widget_type=\"spacer.default\">\n\t\t\t\t<div class=\"elementor-widget-container\">\n\t\t\t\t\t\t\t<div class=\"elementor-spacer\">\n\t\t\t<div class=\"elementor-spacer-inner\"><\/div>\n\t\t<\/div>\n\t\t\t\t\t\t<\/div>\n\t\t\t\t<\/div>\n\t\t\t\t<\/div>\n\t\t<div class=\"elementor-element elementor-element-774eeeba e-con-full e-flex e-con e-child\" data-id=\"774eeeba\" data-element_type=\"container\" data-e-type=\"container\">\n\t\t\t\t<div class=\"elementor-element elementor-element-683e9920 elementor-widget elementor-widget-text-editor\" data-id=\"683e9920\" data-element_type=\"widget\" data-e-type=\"widget\" data-widget_type=\"text-editor.default\">\n\t\t\t\t<div class=\"elementor-widget-container\">\n\t\t\t\t\t\t\t\t\t<p>Em sua primeira edi\u00e7\u00e3o, o Anu\u00e1rio Brasileiro de Servi\u00e7os Auxiliares de Transporte A\u00e9reo 2014 \u00a0apresenta informa\u00e7\u00f5es que quantificam a relev\u00e2ncia das atividades auxiliares para o setor a\u00e9reo e para a economia. Sua inten\u00e7\u00e3o \u00e9 consolidar a publica\u00e7\u00e3o como um instrumento de apoio \u00e0 tomada de decis\u00f5es pelas empresas e autoridades de avia\u00e7\u00e3o.<\/p><p>Dada a relev\u00e2ncia desse segmento, a ABESATA trouxe para si o compromisso de mapear o setor e disponibilizar as suas contribui\u00e7\u00f5es para a sociedade.<\/p><p>\u00bb Ser\u00e3o explorados os Seguintes dados:<\/p><ul><li>Conceitos de servi\u00e7os auxiliares.<\/li><li>Mapeamento das ESATAs no Brasil.<\/li><li>Os impactos dos servi\u00e7os auxiliares na economia.<\/li><li>An\u00e1lise das opera\u00e7\u00f5es nos principais aeroportos do pa\u00eds.<\/li><li>Diret\u00f3rio de ESATAs que disponibiliza informa\u00e7\u00f5es sobre os servi\u00e7os e localiza\u00e7\u00e3o dos fornecedores de servi\u00e7os auxiliares no Brasil.<\/li><\/ul><div>\u00a0<\/div><div><p><strong>Preencha o formul\u00e1rio abaixo\u00a0para enviarmos o Panorama dos Servi\u00e7os Auxiliares ao Transporte A\u00e9reo gratuitamente\u00a0para seu e-mail.<\/strong><\/p><p><em>Observa\u00e7\u00e3o: lembre-se de checar a caixa de spam do seu e-mail.<\/em><\/p><\/div>\t\t\t\t\t\t\t\t<\/div>\n\t\t\t\t<\/div>\n\t\t\t\t<div class=\"elementor-element elementor-element-d30a52c elementor-button-align-end elementor-widget elementor-widget-form\" data-id=\"d30a52c\" data-element_type=\"widget\" data-e-type=\"widget\" data-settings=\"{&quot;step_next_label&quot;:&quot;Pr\\u00f3ximo&quot;,&quot;step_previous_label&quot;:&quot;Anterior&quot;,&quot;button_width&quot;:&quot;100&quot;,&quot;step_type&quot;:&quot;number_text&quot;,&quot;step_icon_shape&quot;:&quot;circle&quot;}\" data-widget_type=\"form.default\">\n\t\t\t\t<div class=\"elementor-widget-container\">\n\t\t\t\t\t\t\t<form class=\"elementor-form\" method=\"post\" name=\"Form - Anuario2014\" aria-label=\"Form - Anuario2014\">\n\t\t\t<input type=\"hidden\" name=\"post_id\" value=\"4417\"\/>\n\t\t\t<input type=\"hidden\" name=\"form_id\" value=\"d30a52c\"\/>\n\t\t\t<input type=\"hidden\" name=\"referer_title\" value=\"Abesata\" \/>\n\n\t\t\t\n\t\t\t<div class=\"elementor-form-fields-wrapper elementor-labels-above\">\n\t\t\t\t\t\t\t\t<div class=\"elementor-field-type-text elementor-field-group elementor-column elementor-field-group-name elementor-col-100\">\n\t\t\t\t\t\t\t\t\t\t\t\t<label for=\"form-field-name\" class=\"elementor-field-label\">\n\t\t\t\t\t\t\t\tNome\t\t\t\t\t\t\t<\/label>\n\t\t\t\t\t\t\t\t\t\t\t\t\t\t<input size=\"1\" type=\"text\" name=\"form_fields[name]\" id=\"form-field-name\" class=\"elementor-field elementor-size-sm  elementor-field-textual\" placeholder=\"Nome\">\n\t\t\t\t\t\t\t\t\t\t\t<\/div>\n\t\t\t\t\t\t\t\t<div class=\"elementor-field-type-email elementor-field-group elementor-column elementor-field-group-email elementor-col-100 elementor-field-required elementor-mark-required\">\n\t\t\t\t\t\t\t\t\t\t\t\t<label for=\"form-field-email\" class=\"elementor-field-label\">\n\t\t\t\t\t\t\t\tE-mail\t\t\t\t\t\t\t<\/label>\n\t\t\t\t\t\t\t\t\t\t\t\t\t\t<input size=\"1\" type=\"email\" name=\"form_fields[email]\" id=\"form-field-email\" class=\"elementor-field elementor-size-sm  elementor-field-textual\" placeholder=\"E-mail\" required=\"required\">\n\t\t\t\t\t\t\t\t\t\t\t<\/div>\n\t\t\t\t\t\t\t\t<div class=\"elementor-field-type-text elementor-field-group elementor-column elementor-field-group-field_48ec981 elementor-col-100 elementor-field-required elementor-mark-required\">\n\t\t\t\t\t\t\t\t\t\t\t\t<label for=\"form-field-field_48ec981\" class=\"elementor-field-label\">\n\t\t\t\t\t\t\t\tEmpresa\t\t\t\t\t\t\t<\/label>\n\t\t\t\t\t\t\t\t\t\t\t\t\t\t<input size=\"1\" type=\"text\" name=\"form_fields[field_48ec981]\" id=\"form-field-field_48ec981\" class=\"elementor-field elementor-size-sm  elementor-field-textual\" placeholder=\"O nome da sua emrpesa\" required=\"required\">\n\t\t\t\t\t\t\t\t\t\t\t<\/div>\n\t\t\t\t\t\t\t\t<div class=\"elementor-field-group elementor-column elementor-field-type-submit elementor-col-100 e-form__buttons\">\n\t\t\t\t\t<button class=\"elementor-button elementor-size-sm\" type=\"submit\">\n\t\t\t\t\t\t<span class=\"elementor-button-content-wrapper\">\n\t\t\t\t\t\t\t\t\t\t\t\t\t\t\t\t\t\t\t\t\t\t<span class=\"elementor-button-text\">Enviar<\/span>\n\t\t\t\t\t\t\t\t\t\t\t\t\t<\/span>\n\t\t\t\t\t<\/button>\n\t\t\t\t<\/div>\n\t\t\t<\/div>\n\t\t<\/form>\n\t\t\t\t\t\t<\/div>\n\t\t\t\t<\/div>\n\t\t\t\t<\/div>\n\t\t\t\t<\/div>\n\t\t\t\t<div class=\"elementor-element elementor-element-36d789d4 elementor-widget elementor-widget-spacer\" data-id=\"36d789d4\" data-element_type=\"widget\" data-e-type=\"widget\" data-widget_type=\"spacer.default\">\n\t\t\t\t<div class=\"elementor-widget-container\">\n\t\t\t\t\t\t\t<div class=\"elementor-spacer\">\n\t\t\t<div class=\"elementor-spacer-inner\"><\/div>\n\t\t<\/div>\n\t\t\t\t\t\t<\/div>\n\t\t\t\t<\/div>\n\t\t\t\t\t<\/div>\n\t\t\t\t<\/div>\n\t\t<div class=\"elementor-element elementor-element-32419123 e-flex e-con-boxed e-con e-parent\" data-id=\"32419123\" data-element_type=\"container\" data-e-type=\"container\" data-settings=\"{&quot;background_background&quot;:&quot;classic&quot;}\">\n\t\t\t\t\t<div class=\"e-con-inner\">\n\t\t\t\t<div class=\"elementor-element elementor-element-e18cffa elementor-icon-list--layout-traditional elementor-list-item-link-full_width elementor-widget elementor-widget-icon-list\" data-id=\"e18cffa\" data-element_type=\"widget\" data-e-type=\"widget\" data-widget_type=\"icon-list.default\">\n\t\t\t\t<div class=\"elementor-widget-container\">\n\t\t\t\t\t\t\t<ul class=\"elementor-icon-list-items\">\n\t\t\t\t\t\t\t<li class=\"elementor-icon-list-item\">\n\t\t\t\t\t\t\t\t\t\t\t<a href=\"https:\/\/www.abesata.org\/br\">\n\n\t\t\t\t\t\t\t\t\t\t\t\t<span class=\"elementor-icon-list-icon\">\n\t\t\t\t\t\t\t<i aria-hidden=\"true\" class=\"fas fa-arrow-left\"><\/i>\t\t\t\t\t\t<\/span>\n\t\t\t\t\t\t\t\t\t\t<span class=\"elementor-icon-list-text\">Voltar ao In\u00edcio<\/span>\n\t\t\t\t\t\t\t\t\t\t\t<\/a>\n\t\t\t\t\t\t\t\t\t<\/li>\n\t\t\t\t\t\t<\/ul>\n\t\t\t\t\t\t<\/div>\n\t\t\t\t<\/div>\n\t\t\t\t<div class=\"elementor-element elementor-element-11492b29 elementor-widget elementor-widget-spacer\" data-id=\"11492b29\" data-element_type=\"widget\" data-e-type=\"widget\" data-widget_type=\"spacer.default\">\n\t\t\t\t<div class=\"elementor-widget-container\">\n\t\t\t\t\t\t\t<div class=\"elementor-spacer\">\n\t\t\t<div class=\"elementor-spacer-inner\"><\/div>\n\t\t<\/div>\n\t\t\t\t\t\t<\/div>\n\t\t\t\t<\/div>\n\t\t\t\t<div class=\"elementor-element elementor-element-427052f2 elementor-widget elementor-widget-spacer\" data-id=\"427052f2\" data-element_type=\"widget\" data-e-type=\"widget\" data-widget_type=\"spacer.default\">\n\t\t\t\t<div class=\"elementor-widget-container\">\n\t\t\t\t\t\t\t<div class=\"elementor-spacer\">\n\t\t\t<div class=\"elementor-spacer-inner\"><\/div>\n\t\t<\/div>\n\t\t\t\t\t\t<\/div>\n\t\t\t\t<\/div>\n\t\t\t\t\t<\/div>\n\t\t\t\t<\/div>\n\t\t\t\t<\/div>\n\t\t","protected":false},"excerpt":{"rendered":"<p>Anu\u00e1rio dos Servi\u00e7os Auxiliares 2014 Em sua primeira edi\u00e7\u00e3o, o Anu\u00e1rio Brasileiro de Servi\u00e7os Auxiliares de Transporte A\u00e9reo 2014 \u00a0apresenta informa\u00e7\u00f5es que quantificam a relev\u00e2ncia das atividades auxiliares para o setor a\u00e9reo e para a economia. Sua inten\u00e7\u00e3o \u00e9 consolidar a publica\u00e7\u00e3o como um instrumento de apoio \u00e0 tomada de decis\u00f5es pelas empresas e autoridades [&hellip;]<\/p>\n","protected":false},"author":1,"featured_media":0,"parent":0,"menu_order":0,"comment_status":"closed","ping_status":"closed","template":"elementor_header_footer","meta":{"footnotes":""},"class_list":["post-4417","page","type-page","status-publish","hentry"],"yoast_head":"<!-- This site is optimized with the Yoast SEO plugin v26.5 - https:\/\/yoast.com\/wordpress\/plugins\/seo\/ -->\n<title>Anu\u00e1rio dos Servi\u00e7os Auxiliares 2014 - Abesata<\/title>\n<meta name=\"robots\" content=\"index, follow, max-snippet:-1, max-image-preview:large, max-video-preview:-1\" \/>\n<link rel=\"canonical\" href=\"https:\/\/www.abesata.org\/br\/anuario-da-abesata\/\" \/>\n<meta property=\"og:locale\" content=\"pt_BR\" \/>\n<meta property=\"og:type\" content=\"article\" \/>\n<meta property=\"og:title\" content=\"Anu\u00e1rio dos Servi\u00e7os Auxiliares 2014 - Abesata\" \/>\n<meta property=\"og:description\" content=\"Anu\u00e1rio dos Servi\u00e7os Auxiliares 2014 Em sua primeira edi\u00e7\u00e3o, o Anu\u00e1rio Brasileiro de Servi\u00e7os Auxiliares de Transporte A\u00e9reo 2014 \u00a0apresenta informa\u00e7\u00f5es que quantificam a relev\u00e2ncia das atividades auxiliares para o setor a\u00e9reo e para a economia. Sua inten\u00e7\u00e3o \u00e9 consolidar a publica\u00e7\u00e3o como um instrumento de apoio \u00e0 tomada de decis\u00f5es pelas empresas e autoridades [&hellip;]\" \/>\n<meta property=\"og:url\" content=\"https:\/\/www.abesata.org\/br\/anuario-da-abesata\/\" \/>\n<meta property=\"og:site_name\" content=\"Abesata\" \/>\n<meta property=\"article:publisher\" content=\"https:\/\/www.facebook.com\/abesata.org\/\" \/>\n<meta property=\"article:modified_time\" content=\"2025-12-12T19:05:49+00:00\" \/>\n<meta property=\"og:image\" content=\"https:\/\/www.abesata.org\/br\/wp-content\/uploads\/2023\/11\/1-anuario-scaled.jpg\" \/>\n\t<meta property=\"og:image:width\" content=\"1810\" \/>\n\t<meta property=\"og:image:height\" content=\"2560\" \/>\n\t<meta property=\"og:image:type\" content=\"image\/jpeg\" \/>\n<meta name=\"twitter:card\" content=\"summary_large_image\" \/>\n<meta name=\"twitter:label1\" content=\"Est. tempo de leitura\" \/>\n\t<meta name=\"twitter:data1\" content=\"2 minutos\" \/>\n<script type=\"application\/ld+json\" class=\"yoast-schema-graph\">{\"@context\":\"https:\/\/schema.org\",\"@graph\":[{\"@type\":\"WebPage\",\"@id\":\"https:\/\/www.abesata.org\/br\/anuario-da-abesata\/\",\"url\":\"https:\/\/www.abesata.org\/br\/anuario-da-abesata\/\",\"name\":\"Anu\u00e1rio dos Servi\u00e7os Auxiliares 2014 - Abesata\",\"isPartOf\":{\"@id\":\"https:\/\/www.abesata.org\/br\/#website\"},\"primaryImageOfPage\":{\"@id\":\"https:\/\/www.abesata.org\/br\/anuario-da-abesata\/#primaryimage\"},\"image\":{\"@id\":\"https:\/\/www.abesata.org\/br\/anuario-da-abesata\/#primaryimage\"},\"thumbnailUrl\":\"https:\/\/www.abesata.org\/br\/wp-content\/uploads\/2023\/11\/1-anuario-scaled.jpg\",\"datePublished\":\"2016-01-17T16:28:00+00:00\",\"dateModified\":\"2025-12-12T19:05:49+00:00\",\"breadcrumb\":{\"@id\":\"https:\/\/www.abesata.org\/br\/anuario-da-abesata\/#breadcrumb\"},\"inLanguage\":\"pt-BR\",\"potentialAction\":[{\"@type\":\"ReadAction\",\"target\":[\"https:\/\/www.abesata.org\/br\/anuario-da-abesata\/\"]}]},{\"@type\":\"ImageObject\",\"inLanguage\":\"pt-BR\",\"@id\":\"https:\/\/www.abesata.org\/br\/anuario-da-abesata\/#primaryimage\",\"url\":\"https:\/\/www.abesata.org\/br\/wp-content\/uploads\/2023\/11\/1-anuario-scaled.jpg\",\"contentUrl\":\"https:\/\/www.abesata.org\/br\/wp-content\/uploads\/2023\/11\/1-anuario-scaled.jpg\",\"width\":1810,\"height\":2560},{\"@type\":\"BreadcrumbList\",\"@id\":\"https:\/\/www.abesata.org\/br\/anuario-da-abesata\/#breadcrumb\",\"itemListElement\":[{\"@type\":\"ListItem\",\"position\":1,\"name\":\"In\u00edcio\",\"item\":\"https:\/\/www.abesata.org\/br\/\"},{\"@type\":\"ListItem\",\"position\":2,\"name\":\"Anu\u00e1rio dos Servi\u00e7os Auxiliares 2014\"}]},{\"@type\":\"WebSite\",\"@id\":\"https:\/\/www.abesata.org\/br\/#website\",\"url\":\"https:\/\/www.abesata.org\/br\/\",\"name\":\"Abesata\",\"description\":\"Associa\u00e7\u00e3o Brasileira das Empresas de Servi\u00e7os Auxiliares de Transporte A\u00e9reo\",\"publisher\":{\"@id\":\"https:\/\/www.abesata.org\/br\/#organization\"},\"potentialAction\":[{\"@type\":\"SearchAction\",\"target\":{\"@type\":\"EntryPoint\",\"urlTemplate\":\"https:\/\/www.abesata.org\/br\/?s={search_term_string}\"},\"query-input\":{\"@type\":\"PropertyValueSpecification\",\"valueRequired\":true,\"valueName\":\"search_term_string\"}}],\"inLanguage\":\"pt-BR\"},{\"@type\":\"Organization\",\"@id\":\"https:\/\/www.abesata.org\/br\/#organization\",\"name\":\"Associa\u00e7\u00e3o Brasileira das Empresas de Servi\u00e7os Auxiliares de Transporte A\u00e9reo\",\"alternateName\":\"Abesata\",\"url\":\"https:\/\/www.abesata.org\/br\/\",\"logo\":{\"@type\":\"ImageObject\",\"inLanguage\":\"pt-BR\",\"@id\":\"https:\/\/www.abesata.org\/br\/#\/schema\/logo\/image\/\",\"url\":\"https:\/\/www.abesata.org\/br\/wp-content\/uploads\/2023\/10\/Abesata.png\",\"contentUrl\":\"https:\/\/www.abesata.org\/br\/wp-content\/uploads\/2023\/10\/Abesata.png\",\"width\":1063,\"height\":591,\"caption\":\"Associa\u00e7\u00e3o Brasileira das Empresas de Servi\u00e7os Auxiliares de Transporte A\u00e9reo\"},\"image\":{\"@id\":\"https:\/\/www.abesata.org\/br\/#\/schema\/logo\/image\/\"},\"sameAs\":[\"https:\/\/www.facebook.com\/abesata.org\/\",\"https:\/\/www.instagram.com\/abesata_gh\/\",\"https:\/\/br.linkedin.com\/company\/abesata\"]}]}<\/script>\n<!-- \/ Yoast SEO plugin. -->","yoast_head_json":{"title":"Anu\u00e1rio dos Servi\u00e7os Auxiliares 2014 - Abesata","robots":{"index":"index","follow":"follow","max-snippet":"max-snippet:-1","max-image-preview":"max-image-preview:large","max-video-preview":"max-video-preview:-1"},"canonical":"https:\/\/www.abesata.org\/br\/anuario-da-abesata\/","og_locale":"pt_BR","og_type":"article","og_title":"Anu\u00e1rio dos Servi\u00e7os Auxiliares 2014 - Abesata","og_description":"Anu\u00e1rio dos Servi\u00e7os Auxiliares 2014 Em sua primeira edi\u00e7\u00e3o, o Anu\u00e1rio Brasileiro de Servi\u00e7os Auxiliares de Transporte A\u00e9reo 2014 \u00a0apresenta informa\u00e7\u00f5es que quantificam a relev\u00e2ncia das atividades auxiliares para o setor a\u00e9reo e para a economia. Sua inten\u00e7\u00e3o \u00e9 consolidar a publica\u00e7\u00e3o como um instrumento de apoio \u00e0 tomada de decis\u00f5es pelas empresas e autoridades [&hellip;]","og_url":"https:\/\/www.abesata.org\/br\/anuario-da-abesata\/","og_site_name":"Abesata","article_publisher":"https:\/\/www.facebook.com\/abesata.org\/","article_modified_time":"2025-12-12T19:05:49+00:00","og_image":[{"width":1810,"height":2560,"url":"https:\/\/www.abesata.org\/br\/wp-content\/uploads\/2023\/11\/1-anuario-scaled.jpg","type":"image\/jpeg"}],"twitter_card":"summary_large_image","twitter_misc":{"Est. tempo de leitura":"2 minutos"},"schema":{"@context":"https:\/\/schema.org","@graph":[{"@type":"WebPage","@id":"https:\/\/www.abesata.org\/br\/anuario-da-abesata\/","url":"https:\/\/www.abesata.org\/br\/anuario-da-abesata\/","name":"Anu\u00e1rio dos Servi\u00e7os Auxiliares 2014 - Abesata","isPartOf":{"@id":"https:\/\/www.abesata.org\/br\/#website"},"primaryImageOfPage":{"@id":"https:\/\/www.abesata.org\/br\/anuario-da-abesata\/#primaryimage"},"image":{"@id":"https:\/\/www.abesata.org\/br\/anuario-da-abesata\/#primaryimage"},"thumbnailUrl":"https:\/\/www.abesata.org\/br\/wp-content\/uploads\/2023\/11\/1-anuario-scaled.jpg","datePublished":"2016-01-17T16:28:00+00:00","dateModified":"2025-12-12T19:05:49+00:00","breadcrumb":{"@id":"https:\/\/www.abesata.org\/br\/anuario-da-abesata\/#breadcrumb"},"inLanguage":"pt-BR","potentialAction":[{"@type":"ReadAction","target":["https:\/\/www.abesata.org\/br\/anuario-da-abesata\/"]}]},{"@type":"ImageObject","inLanguage":"pt-BR","@id":"https:\/\/www.abesata.org\/br\/anuario-da-abesata\/#primaryimage","url":"https:\/\/www.abesata.org\/br\/wp-content\/uploads\/2023\/11\/1-anuario-scaled.jpg","contentUrl":"https:\/\/www.abesata.org\/br\/wp-content\/uploads\/2023\/11\/1-anuario-scaled.jpg","width":1810,"height":2560},{"@type":"BreadcrumbList","@id":"https:\/\/www.abesata.org\/br\/anuario-da-abesata\/#breadcrumb","itemListElement":[{"@type":"ListItem","position":1,"name":"In\u00edcio","item":"https:\/\/www.abesata.org\/br\/"},{"@type":"ListItem","position":2,"name":"Anu\u00e1rio dos Servi\u00e7os Auxiliares 2014"}]},{"@type":"WebSite","@id":"https:\/\/www.abesata.org\/br\/#website","url":"https:\/\/www.abesata.org\/br\/","name":"Abesata","description":"Associa\u00e7\u00e3o Brasileira das Empresas de Servi\u00e7os Auxiliares de Transporte A\u00e9reo","publisher":{"@id":"https:\/\/www.abesata.org\/br\/#organization"},"potentialAction":[{"@type":"SearchAction","target":{"@type":"EntryPoint","urlTemplate":"https:\/\/www.abesata.org\/br\/?s={search_term_string}"},"query-input":{"@type":"PropertyValueSpecification","valueRequired":true,"valueName":"search_term_string"}}],"inLanguage":"pt-BR"},{"@type":"Organization","@id":"https:\/\/www.abesata.org\/br\/#organization","name":"Associa\u00e7\u00e3o Brasileira das Empresas de Servi\u00e7os Auxiliares de Transporte A\u00e9reo","alternateName":"Abesata","url":"https:\/\/www.abesata.org\/br\/","logo":{"@type":"ImageObject","inLanguage":"pt-BR","@id":"https:\/\/www.abesata.org\/br\/#\/schema\/logo\/image\/","url":"https:\/\/www.abesata.org\/br\/wp-content\/uploads\/2023\/10\/Abesata.png","contentUrl":"https:\/\/www.abesata.org\/br\/wp-content\/uploads\/2023\/10\/Abesata.png","width":1063,"height":591,"caption":"Associa\u00e7\u00e3o Brasileira das Empresas de Servi\u00e7os Auxiliares de Transporte A\u00e9reo"},"image":{"@id":"https:\/\/www.abesata.org\/br\/#\/schema\/logo\/image\/"},"sameAs":["https:\/\/www.facebook.com\/abesata.org\/","https:\/\/www.instagram.com\/abesata_gh\/","https:\/\/br.linkedin.com\/company\/abesata"]}]}},"_links":{"self":[{"href":"https:\/\/www.abesata.org\/br\/wp-json\/wp\/v2\/pages\/4417","targetHints":{"allow":["GET"]}}],"collection":[{"href":"https:\/\/www.abesata.org\/br\/wp-json\/wp\/v2\/pages"}],"about":[{"href":"https:\/\/www.abesata.org\/br\/wp-json\/wp\/v2\/types\/page"}],"author":[{"embeddable":true,"href":"https:\/\/www.abesata.org\/br\/wp-json\/wp\/v2\/users\/1"}],"replies":[{"embeddable":true,"href":"https:\/\/www.abesata.org\/br\/wp-json\/wp\/v2\/comments?post=4417"}],"version-history":[{"count":2,"href":"https:\/\/www.abesata.org\/br\/wp-json\/wp\/v2\/pages\/4417\/revisions"}],"predecessor-version":[{"id":18476,"href":"https:\/\/www.abesata.org\/br\/wp-json\/wp\/v2\/pages\/4417\/revisions\/18476"}],"wp:attachment":[{"href":"https:\/\/www.abesata.org\/br\/wp-json\/wp\/v2\/media?parent=4417"}],"curies":[{"name":"wp","href":"https:\/\/api.w.org\/{rel}","templated":true}]}}