{"id":4465,"date":"2016-01-17T19:17:28","date_gmt":"2016-01-17T19:17:28","guid":{"rendered":"http:\/\/www.abesata.org\/br\/?page_id=4465"},"modified":"2016-01-17T19:17:28","modified_gmt":"2016-01-17T19:17:28","slug":"forum-infraestrutura-aviacao-geral-e-regional","status":"publish","type":"page","link":"https:\/\/www.abesata.org\/br\/forum-infraestrutura-aviacao-geral-e-regional\/","title":{"rendered":"F\u00f3rum Infraestrutura Avia\u00e7\u00e3o Geral e Regional"},"content":{"rendered":"<p><a href=\"https:\/\/www.abesata.org\/br\/wp-content\/uploads\/2016\/01\/56.jpg\" rel=\"attachment wp-att-4466\"><img fetchpriority=\"high\" decoding=\"async\" class=\"alignnone size-full wp-image-4466\" src=\"https:\/\/www.abesata.org\/br\/wp-content\/uploads\/2016\/01\/56.jpg\" alt=\"56\" width=\"4272\" height=\"2848\" srcset=\"https:\/\/www.abesata.org\/br\/wp-content\/uploads\/2016\/01\/56.jpg 4272w, https:\/\/www.abesata.org\/br\/wp-content\/uploads\/2016\/01\/56-300x200.jpg 300w, https:\/\/www.abesata.org\/br\/wp-content\/uploads\/2016\/01\/56-768x512.jpg 768w, https:\/\/www.abesata.org\/br\/wp-content\/uploads\/2016\/01\/56-1024x683.jpg 1024w, https:\/\/www.abesata.org\/br\/wp-content\/uploads\/2016\/01\/56-225x150.jpg 225w, https:\/\/www.abesata.org\/br\/wp-content\/uploads\/2016\/01\/56-150x100.jpg 150w\" sizes=\"(max-width: 4272px) 100vw, 4272px\" \/><\/a> <a href=\"https:\/\/www.abesata.org\/br\/wp-content\/uploads\/2016\/01\/70.jpg\" rel=\"attachment wp-att-4467\"><img decoding=\"async\" class=\"alignnone size-full wp-image-4467\" src=\"https:\/\/www.abesata.org\/br\/wp-content\/uploads\/2016\/01\/70.jpg\" alt=\"70\" width=\"4272\" height=\"2848\" srcset=\"https:\/\/www.abesata.org\/br\/wp-content\/uploads\/2016\/01\/70.jpg 4272w, https:\/\/www.abesata.org\/br\/wp-content\/uploads\/2016\/01\/70-300x200.jpg 300w, https:\/\/www.abesata.org\/br\/wp-content\/uploads\/2016\/01\/70-768x512.jpg 768w, https:\/\/www.abesata.org\/br\/wp-content\/uploads\/2016\/01\/70-1024x683.jpg 1024w, https:\/\/www.abesata.org\/br\/wp-content\/uploads\/2016\/01\/70-225x150.jpg 225w, https:\/\/www.abesata.org\/br\/wp-content\/uploads\/2016\/01\/70-150x100.jpg 150w\" sizes=\"(max-width: 4272px) 100vw, 4272px\" \/><\/a> <a href=\"https:\/\/www.abesata.org\/br\/wp-content\/uploads\/2016\/01\/72.jpg\" rel=\"attachment wp-att-4468\"><img decoding=\"async\" class=\"alignnone size-full wp-image-4468\" src=\"https:\/\/www.abesata.org\/br\/wp-content\/uploads\/2016\/01\/72.jpg\" alt=\"72\" width=\"4272\" height=\"2848\" srcset=\"https:\/\/www.abesata.org\/br\/wp-content\/uploads\/2016\/01\/72.jpg 4272w, https:\/\/www.abesata.org\/br\/wp-content\/uploads\/2016\/01\/72-300x200.jpg 300w, https:\/\/www.abesata.org\/br\/wp-content\/uploads\/2016\/01\/72-768x512.jpg 768w, https:\/\/www.abesata.org\/br\/wp-content\/uploads\/2016\/01\/72-1024x683.jpg 1024w, https:\/\/www.abesata.org\/br\/wp-content\/uploads\/2016\/01\/72-225x150.jpg 225w, https:\/\/www.abesata.org\/br\/wp-content\/uploads\/2016\/01\/72-150x100.jpg 150w\" sizes=\"(max-width: 4272px) 100vw, 4272px\" \/><\/a> <a href=\"https:\/\/www.abesata.org\/br\/wp-content\/uploads\/2016\/01\/78.jpg\" rel=\"attachment wp-att-4469\"><img loading=\"lazy\" decoding=\"async\" class=\"alignnone size-full wp-image-4469\" src=\"https:\/\/www.abesata.org\/br\/wp-content\/uploads\/2016\/01\/78.jpg\" alt=\"78\" width=\"4272\" height=\"2848\" srcset=\"https:\/\/www.abesata.org\/br\/wp-content\/uploads\/2016\/01\/78.jpg 4272w, https:\/\/www.abesata.org\/br\/wp-content\/uploads\/2016\/01\/78-300x200.jpg 300w, https:\/\/www.abesata.org\/br\/wp-content\/uploads\/2016\/01\/78-768x512.jpg 768w, https:\/\/www.abesata.org\/br\/wp-content\/uploads\/2016\/01\/78-1024x683.jpg 1024w, https:\/\/www.abesata.org\/br\/wp-content\/uploads\/2016\/01\/78-225x150.jpg 225w, https:\/\/www.abesata.org\/br\/wp-content\/uploads\/2016\/01\/78-150x100.jpg 150w\" sizes=\"(max-width: 4272px) 100vw, 4272px\" \/><\/a> <a href=\"https:\/\/www.abesata.org\/br\/wp-content\/uploads\/2016\/01\/IMG_20150317_143131.jpg\" rel=\"attachment wp-att-4470\"><img loading=\"lazy\" decoding=\"async\" class=\"alignnone size-full wp-image-4470\" src=\"https:\/\/www.abesata.org\/br\/wp-content\/uploads\/2016\/01\/IMG_20150317_143131.jpg\" alt=\"IMG_20150317_143131\" width=\"3974\" height=\"2214\" srcset=\"https:\/\/www.abesata.org\/br\/wp-content\/uploads\/2016\/01\/IMG_20150317_143131.jpg 3974w, https:\/\/www.abesata.org\/br\/wp-content\/uploads\/2016\/01\/IMG_20150317_143131-300x167.jpg 300w, https:\/\/www.abesata.org\/br\/wp-content\/uploads\/2016\/01\/IMG_20150317_143131-768x428.jpg 768w, https:\/\/www.abesata.org\/br\/wp-content\/uploads\/2016\/01\/IMG_20150317_143131-1024x570.jpg 1024w, https:\/\/www.abesata.org\/br\/wp-content\/uploads\/2016\/01\/IMG_20150317_143131-250x139.jpg 250w, https:\/\/www.abesata.org\/br\/wp-content\/uploads\/2016\/01\/IMG_20150317_143131-150x84.jpg 150w\" sizes=\"(max-width: 3974px) 100vw, 3974px\" \/><\/a> <a href=\"https:\/\/www.abesata.org\/br\/wp-content\/uploads\/2016\/01\/IMG_20150317_142749436.jpg\" rel=\"attachment wp-att-4471\"><img loading=\"lazy\" decoding=\"async\" class=\"alignnone size-full wp-image-4471\" src=\"https:\/\/www.abesata.org\/br\/wp-content\/uploads\/2016\/01\/IMG_20150317_142749436.jpg\" alt=\"IMG_20150317_142749436\" width=\"5248\" height=\"2952\" srcset=\"https:\/\/www.abesata.org\/br\/wp-content\/uploads\/2016\/01\/IMG_20150317_142749436.jpg 5248w, https:\/\/www.abesata.org\/br\/wp-content\/uploads\/2016\/01\/IMG_20150317_142749436-300x169.jpg 300w, https:\/\/www.abesata.org\/br\/wp-content\/uploads\/2016\/01\/IMG_20150317_142749436-768x432.jpg 768w, https:\/\/www.abesata.org\/br\/wp-content\/uploads\/2016\/01\/IMG_20150317_142749436-1024x576.jpg 1024w, https:\/\/www.abesata.org\/br\/wp-content\/uploads\/2016\/01\/IMG_20150317_142749436-250x141.jpg 250w, https:\/\/www.abesata.org\/br\/wp-content\/uploads\/2016\/01\/IMG_20150317_142749436-150x84.jpg 150w\" sizes=\"(max-width: 5248px) 100vw, 5248px\" \/><\/a><\/p>\n","protected":false},"excerpt":{"rendered":"","protected":false},"author":1,"featured_media":0,"parent":0,"menu_order":0,"comment_status":"closed","ping_status":"closed","template":"","meta":{"footnotes":""},"class_list":["post-4465","page","type-page","status-publish","hentry"],"yoast_head":"<!-- This site is optimized with the Yoast SEO plugin v26.5 - https:\/\/yoast.com\/wordpress\/plugins\/seo\/ -->\n<title>F\u00f3rum Infraestrutura Avia\u00e7\u00e3o Geral e Regional - Abesata<\/title>\n<meta name=\"robots\" content=\"index, follow, max-snippet:-1, max-image-preview:large, max-video-preview:-1\" \/>\n<link rel=\"canonical\" href=\"https:\/\/www.abesata.org\/br\/forum-infraestrutura-aviacao-geral-e-regional\/\" \/>\n<meta property=\"og:locale\" content=\"pt_BR\" \/>\n<meta property=\"og:type\" content=\"article\" \/>\n<meta property=\"og:title\" content=\"F\u00f3rum Infraestrutura Avia\u00e7\u00e3o Geral e Regional - Abesata\" \/>\n<meta property=\"og:url\" content=\"https:\/\/www.abesata.org\/br\/forum-infraestrutura-aviacao-geral-e-regional\/\" \/>\n<meta property=\"og:site_name\" content=\"Abesata\" \/>\n<meta property=\"article:publisher\" content=\"https:\/\/www.facebook.com\/abesata.org\/\" \/>\n<meta property=\"og:image\" content=\"http:\/\/www.abesata.org\/br\/wp-content\/uploads\/2016\/01\/56.jpg\" \/>\n<meta name=\"twitter:card\" content=\"summary_large_image\" \/>\n<script type=\"application\/ld+json\" class=\"yoast-schema-graph\">{\"@context\":\"https:\/\/schema.org\",\"@graph\":[{\"@type\":\"WebPage\",\"@id\":\"https:\/\/www.abesata.org\/br\/forum-infraestrutura-aviacao-geral-e-regional\/\",\"url\":\"https:\/\/www.abesata.org\/br\/forum-infraestrutura-aviacao-geral-e-regional\/\",\"name\":\"F\u00f3rum Infraestrutura Avia\u00e7\u00e3o Geral e Regional - Abesata\",\"isPartOf\":{\"@id\":\"https:\/\/www.abesata.org\/br\/#website\"},\"primaryImageOfPage\":{\"@id\":\"https:\/\/www.abesata.org\/br\/forum-infraestrutura-aviacao-geral-e-regional\/#primaryimage\"},\"image\":{\"@id\":\"https:\/\/www.abesata.org\/br\/forum-infraestrutura-aviacao-geral-e-regional\/#primaryimage\"},\"thumbnailUrl\":\"http:\/\/www.abesata.org\/br\/wp-content\/uploads\/2016\/01\/56.jpg\",\"datePublished\":\"2016-01-17T19:17:28+00:00\",\"breadcrumb\":{\"@id\":\"https:\/\/www.abesata.org\/br\/forum-infraestrutura-aviacao-geral-e-regional\/#breadcrumb\"},\"inLanguage\":\"pt-BR\",\"potentialAction\":[{\"@type\":\"ReadAction\",\"target\":[\"https:\/\/www.abesata.org\/br\/forum-infraestrutura-aviacao-geral-e-regional\/\"]}]},{\"@type\":\"ImageObject\",\"inLanguage\":\"pt-BR\",\"@id\":\"https:\/\/www.abesata.org\/br\/forum-infraestrutura-aviacao-geral-e-regional\/#primaryimage\",\"url\":\"http:\/\/www.abesata.org\/br\/wp-content\/uploads\/2016\/01\/56.jpg\",\"contentUrl\":\"http:\/\/www.abesata.org\/br\/wp-content\/uploads\/2016\/01\/56.jpg\"},{\"@type\":\"BreadcrumbList\",\"@id\":\"https:\/\/www.abesata.org\/br\/forum-infraestrutura-aviacao-geral-e-regional\/#breadcrumb\",\"itemListElement\":[{\"@type\":\"ListItem\",\"position\":1,\"name\":\"In\u00edcio\",\"item\":\"https:\/\/www.abesata.org\/br\/\"},{\"@type\":\"ListItem\",\"position\":2,\"name\":\"F\u00f3rum Infraestrutura Avia\u00e7\u00e3o Geral e Regional\"}]},{\"@type\":\"WebSite\",\"@id\":\"https:\/\/www.abesata.org\/br\/#website\",\"url\":\"https:\/\/www.abesata.org\/br\/\",\"name\":\"Abesata\",\"description\":\"Associa\u00e7\u00e3o Brasileira das Empresas de Servi\u00e7os Auxiliares de Transporte A\u00e9reo\",\"publisher\":{\"@id\":\"https:\/\/www.abesata.org\/br\/#organization\"},\"potentialAction\":[{\"@type\":\"SearchAction\",\"target\":{\"@type\":\"EntryPoint\",\"urlTemplate\":\"https:\/\/www.abesata.org\/br\/?s={search_term_string}\"},\"query-input\":{\"@type\":\"PropertyValueSpecification\",\"valueRequired\":true,\"valueName\":\"search_term_string\"}}],\"inLanguage\":\"pt-BR\"},{\"@type\":\"Organization\",\"@id\":\"https:\/\/www.abesata.org\/br\/#organization\",\"name\":\"Associa\u00e7\u00e3o Brasileira das Empresas de Servi\u00e7os Auxiliares de Transporte A\u00e9reo\",\"alternateName\":\"Abesata\",\"url\":\"https:\/\/www.abesata.org\/br\/\",\"logo\":{\"@type\":\"ImageObject\",\"inLanguage\":\"pt-BR\",\"@id\":\"https:\/\/www.abesata.org\/br\/#\/schema\/logo\/image\/\",\"url\":\"https:\/\/www.abesata.org\/br\/wp-content\/uploads\/2023\/10\/Abesata.png\",\"contentUrl\":\"https:\/\/www.abesata.org\/br\/wp-content\/uploads\/2023\/10\/Abesata.png\",\"width\":1063,\"height\":591,\"caption\":\"Associa\u00e7\u00e3o Brasileira das Empresas de Servi\u00e7os Auxiliares de Transporte A\u00e9reo\"},\"image\":{\"@id\":\"https:\/\/www.abesata.org\/br\/#\/schema\/logo\/image\/\"},\"sameAs\":[\"https:\/\/www.facebook.com\/abesata.org\/\",\"https:\/\/www.instagram.com\/abesata_gh\/\",\"https:\/\/br.linkedin.com\/company\/abesata\"]}]}<\/script>\n<!-- \/ Yoast SEO plugin. -->","yoast_head_json":{"title":"F\u00f3rum Infraestrutura Avia\u00e7\u00e3o Geral e Regional - Abesata","robots":{"index":"index","follow":"follow","max-snippet":"max-snippet:-1","max-image-preview":"max-image-preview:large","max-video-preview":"max-video-preview:-1"},"canonical":"https:\/\/www.abesata.org\/br\/forum-infraestrutura-aviacao-geral-e-regional\/","og_locale":"pt_BR","og_type":"article","og_title":"F\u00f3rum Infraestrutura Avia\u00e7\u00e3o Geral e Regional - Abesata","og_url":"https:\/\/www.abesata.org\/br\/forum-infraestrutura-aviacao-geral-e-regional\/","og_site_name":"Abesata","article_publisher":"https:\/\/www.facebook.com\/abesata.org\/","og_image":[{"url":"http:\/\/www.abesata.org\/br\/wp-content\/uploads\/2016\/01\/56.jpg","type":"","width":"","height":""}],"twitter_card":"summary_large_image","schema":{"@context":"https:\/\/schema.org","@graph":[{"@type":"WebPage","@id":"https:\/\/www.abesata.org\/br\/forum-infraestrutura-aviacao-geral-e-regional\/","url":"https:\/\/www.abesata.org\/br\/forum-infraestrutura-aviacao-geral-e-regional\/","name":"F\u00f3rum Infraestrutura Avia\u00e7\u00e3o Geral e Regional - Abesata","isPartOf":{"@id":"https:\/\/www.abesata.org\/br\/#website"},"primaryImageOfPage":{"@id":"https:\/\/www.abesata.org\/br\/forum-infraestrutura-aviacao-geral-e-regional\/#primaryimage"},"image":{"@id":"https:\/\/www.abesata.org\/br\/forum-infraestrutura-aviacao-geral-e-regional\/#primaryimage"},"thumbnailUrl":"http:\/\/www.abesata.org\/br\/wp-content\/uploads\/2016\/01\/56.jpg","datePublished":"2016-01-17T19:17:28+00:00","breadcrumb":{"@id":"https:\/\/www.abesata.org\/br\/forum-infraestrutura-aviacao-geral-e-regional\/#breadcrumb"},"inLanguage":"pt-BR","potentialAction":[{"@type":"ReadAction","target":["https:\/\/www.abesata.org\/br\/forum-infraestrutura-aviacao-geral-e-regional\/"]}]},{"@type":"ImageObject","inLanguage":"pt-BR","@id":"https:\/\/www.abesata.org\/br\/forum-infraestrutura-aviacao-geral-e-regional\/#primaryimage","url":"http:\/\/www.abesata.org\/br\/wp-content\/uploads\/2016\/01\/56.jpg","contentUrl":"http:\/\/www.abesata.org\/br\/wp-content\/uploads\/2016\/01\/56.jpg"},{"@type":"BreadcrumbList","@id":"https:\/\/www.abesata.org\/br\/forum-infraestrutura-aviacao-geral-e-regional\/#breadcrumb","itemListElement":[{"@type":"ListItem","position":1,"name":"In\u00edcio","item":"https:\/\/www.abesata.org\/br\/"},{"@type":"ListItem","position":2,"name":"F\u00f3rum Infraestrutura Avia\u00e7\u00e3o Geral e Regional"}]},{"@type":"WebSite","@id":"https:\/\/www.abesata.org\/br\/#website","url":"https:\/\/www.abesata.org\/br\/","name":"Abesata","description":"Associa\u00e7\u00e3o Brasileira das Empresas de Servi\u00e7os Auxiliares de Transporte A\u00e9reo","publisher":{"@id":"https:\/\/www.abesata.org\/br\/#organization"},"potentialAction":[{"@type":"SearchAction","target":{"@type":"EntryPoint","urlTemplate":"https:\/\/www.abesata.org\/br\/?s={search_term_string}"},"query-input":{"@type":"PropertyValueSpecification","valueRequired":true,"valueName":"search_term_string"}}],"inLanguage":"pt-BR"},{"@type":"Organization","@id":"https:\/\/www.abesata.org\/br\/#organization","name":"Associa\u00e7\u00e3o Brasileira das Empresas de Servi\u00e7os Auxiliares de Transporte A\u00e9reo","alternateName":"Abesata","url":"https:\/\/www.abesata.org\/br\/","logo":{"@type":"ImageObject","inLanguage":"pt-BR","@id":"https:\/\/www.abesata.org\/br\/#\/schema\/logo\/image\/","url":"https:\/\/www.abesata.org\/br\/wp-content\/uploads\/2023\/10\/Abesata.png","contentUrl":"https:\/\/www.abesata.org\/br\/wp-content\/uploads\/2023\/10\/Abesata.png","width":1063,"height":591,"caption":"Associa\u00e7\u00e3o Brasileira das Empresas de Servi\u00e7os Auxiliares de Transporte A\u00e9reo"},"image":{"@id":"https:\/\/www.abesata.org\/br\/#\/schema\/logo\/image\/"},"sameAs":["https:\/\/www.facebook.com\/abesata.org\/","https:\/\/www.instagram.com\/abesata_gh\/","https:\/\/br.linkedin.com\/company\/abesata"]}]}},"_links":{"self":[{"href":"https:\/\/www.abesata.org\/br\/wp-json\/wp\/v2\/pages\/4465","targetHints":{"allow":["GET"]}}],"collection":[{"href":"https:\/\/www.abesata.org\/br\/wp-json\/wp\/v2\/pages"}],"about":[{"href":"https:\/\/www.abesata.org\/br\/wp-json\/wp\/v2\/types\/page"}],"author":[{"embeddable":true,"href":"https:\/\/www.abesata.org\/br\/wp-json\/wp\/v2\/users\/1"}],"replies":[{"embeddable":true,"href":"https:\/\/www.abesata.org\/br\/wp-json\/wp\/v2\/comments?post=4465"}],"version-history":[{"count":0,"href":"https:\/\/www.abesata.org\/br\/wp-json\/wp\/v2\/pages\/4465\/revisions"}],"wp:attachment":[{"href":"https:\/\/www.abesata.org\/br\/wp-json\/wp\/v2\/media?parent=4465"}],"curies":[{"name":"wp","href":"https:\/\/api.w.org\/{rel}","templated":true}]}}