{"id":4474,"date":"2016-01-17T19:20:56","date_gmt":"2016-01-17T19:20:56","guid":{"rendered":"http:\/\/www.abesata.org\/br\/?page_id=4474"},"modified":"2016-01-17T19:20:56","modified_gmt":"2016-01-17T19:20:56","slug":"encontro-de-coordenacao-de-voo-sac-e-anac","status":"publish","type":"page","link":"https:\/\/www.abesata.org\/br\/encontro-de-coordenacao-de-voo-sac-e-anac\/","title":{"rendered":"Encontro de coordena\u00e7\u00e3o de voo &#8211; SAC e Anac"},"content":{"rendered":"<p><a href=\"https:\/\/www.abesata.org\/br\/wp-content\/uploads\/2016\/01\/1.jpg\" rel=\"attachment wp-att-4475\"><img fetchpriority=\"high\" decoding=\"async\" class=\"alignnone size-full wp-image-4475\" src=\"https:\/\/www.abesata.org\/br\/wp-content\/uploads\/2016\/01\/1.jpg\" alt=\"1\" width=\"1772\" height=\"1181\" srcset=\"https:\/\/www.abesata.org\/br\/wp-content\/uploads\/2016\/01\/1.jpg 1772w, https:\/\/www.abesata.org\/br\/wp-content\/uploads\/2016\/01\/1-300x200.jpg 300w, https:\/\/www.abesata.org\/br\/wp-content\/uploads\/2016\/01\/1-768x512.jpg 768w, https:\/\/www.abesata.org\/br\/wp-content\/uploads\/2016\/01\/1-1024x682.jpg 1024w, https:\/\/www.abesata.org\/br\/wp-content\/uploads\/2016\/01\/1-225x150.jpg 225w, https:\/\/www.abesata.org\/br\/wp-content\/uploads\/2016\/01\/1-150x100.jpg 150w\" sizes=\"(max-width: 1772px) 100vw, 1772px\" \/><\/a> <a href=\"https:\/\/www.abesata.org\/br\/wp-content\/uploads\/2016\/01\/2.jpg\" rel=\"attachment wp-att-4476\"><img decoding=\"async\" class=\"alignnone size-full wp-image-4476\" src=\"https:\/\/www.abesata.org\/br\/wp-content\/uploads\/2016\/01\/2.jpg\" alt=\"2\" width=\"1772\" height=\"1181\" srcset=\"https:\/\/www.abesata.org\/br\/wp-content\/uploads\/2016\/01\/2.jpg 1772w, https:\/\/www.abesata.org\/br\/wp-content\/uploads\/2016\/01\/2-300x200.jpg 300w, https:\/\/www.abesata.org\/br\/wp-content\/uploads\/2016\/01\/2-768x512.jpg 768w, https:\/\/www.abesata.org\/br\/wp-content\/uploads\/2016\/01\/2-1024x682.jpg 1024w, https:\/\/www.abesata.org\/br\/wp-content\/uploads\/2016\/01\/2-225x150.jpg 225w, https:\/\/www.abesata.org\/br\/wp-content\/uploads\/2016\/01\/2-150x100.jpg 150w\" sizes=\"(max-width: 1772px) 100vw, 1772px\" \/><\/a> <a href=\"https:\/\/www.abesata.org\/br\/wp-content\/uploads\/2016\/01\/3.jpg\" rel=\"attachment wp-att-4477\"><img decoding=\"async\" class=\"alignnone size-full wp-image-4477\" src=\"https:\/\/www.abesata.org\/br\/wp-content\/uploads\/2016\/01\/3.jpg\" alt=\"3\" width=\"1772\" height=\"1181\" srcset=\"https:\/\/www.abesata.org\/br\/wp-content\/uploads\/2016\/01\/3.jpg 1772w, https:\/\/www.abesata.org\/br\/wp-content\/uploads\/2016\/01\/3-300x200.jpg 300w, https:\/\/www.abesata.org\/br\/wp-content\/uploads\/2016\/01\/3-768x512.jpg 768w, https:\/\/www.abesata.org\/br\/wp-content\/uploads\/2016\/01\/3-1024x682.jpg 1024w, https:\/\/www.abesata.org\/br\/wp-content\/uploads\/2016\/01\/3-225x150.jpg 225w, https:\/\/www.abesata.org\/br\/wp-content\/uploads\/2016\/01\/3-150x100.jpg 150w\" sizes=\"(max-width: 1772px) 100vw, 1772px\" \/><\/a> <a href=\"https:\/\/www.abesata.org\/br\/wp-content\/uploads\/2016\/01\/4.jpg\" rel=\"attachment wp-att-4478\"><img loading=\"lazy\" decoding=\"async\" class=\"alignnone size-full wp-image-4478\" src=\"https:\/\/www.abesata.org\/br\/wp-content\/uploads\/2016\/01\/4.jpg\" alt=\"4\" width=\"1772\" height=\"1181\" srcset=\"https:\/\/www.abesata.org\/br\/wp-content\/uploads\/2016\/01\/4.jpg 1772w, https:\/\/www.abesata.org\/br\/wp-content\/uploads\/2016\/01\/4-300x200.jpg 300w, https:\/\/www.abesata.org\/br\/wp-content\/uploads\/2016\/01\/4-768x512.jpg 768w, https:\/\/www.abesata.org\/br\/wp-content\/uploads\/2016\/01\/4-1024x682.jpg 1024w, https:\/\/www.abesata.org\/br\/wp-content\/uploads\/2016\/01\/4-225x150.jpg 225w, https:\/\/www.abesata.org\/br\/wp-content\/uploads\/2016\/01\/4-150x100.jpg 150w\" sizes=\"(max-width: 1772px) 100vw, 1772px\" \/><\/a> <a href=\"https:\/\/www.abesata.org\/br\/wp-content\/uploads\/2016\/01\/5.jpg\" rel=\"attachment wp-att-4479\"><img loading=\"lazy\" decoding=\"async\" class=\"alignnone size-full wp-image-4479\" src=\"https:\/\/www.abesata.org\/br\/wp-content\/uploads\/2016\/01\/5.jpg\" alt=\"5\" width=\"1772\" height=\"1181\" srcset=\"https:\/\/www.abesata.org\/br\/wp-content\/uploads\/2016\/01\/5.jpg 1772w, https:\/\/www.abesata.org\/br\/wp-content\/uploads\/2016\/01\/5-300x200.jpg 300w, https:\/\/www.abesata.org\/br\/wp-content\/uploads\/2016\/01\/5-768x512.jpg 768w, https:\/\/www.abesata.org\/br\/wp-content\/uploads\/2016\/01\/5-1024x682.jpg 1024w, https:\/\/www.abesata.org\/br\/wp-content\/uploads\/2016\/01\/5-225x150.jpg 225w, https:\/\/www.abesata.org\/br\/wp-content\/uploads\/2016\/01\/5-150x100.jpg 150w\" sizes=\"(max-width: 1772px) 100vw, 1772px\" \/><\/a> <a href=\"https:\/\/www.abesata.org\/br\/wp-content\/uploads\/2016\/01\/6.jpg\" rel=\"attachment wp-att-4480\"><img loading=\"lazy\" decoding=\"async\" class=\"alignnone size-full wp-image-4480\" src=\"https:\/\/www.abesata.org\/br\/wp-content\/uploads\/2016\/01\/6.jpg\" alt=\"6\" width=\"1772\" height=\"1181\" srcset=\"https:\/\/www.abesata.org\/br\/wp-content\/uploads\/2016\/01\/6.jpg 1772w, https:\/\/www.abesata.org\/br\/wp-content\/uploads\/2016\/01\/6-300x200.jpg 300w, https:\/\/www.abesata.org\/br\/wp-content\/uploads\/2016\/01\/6-768x512.jpg 768w, https:\/\/www.abesata.org\/br\/wp-content\/uploads\/2016\/01\/6-1024x682.jpg 1024w, https:\/\/www.abesata.org\/br\/wp-content\/uploads\/2016\/01\/6-225x150.jpg 225w, https:\/\/www.abesata.org\/br\/wp-content\/uploads\/2016\/01\/6-150x100.jpg 150w\" sizes=\"(max-width: 1772px) 100vw, 1772px\" \/><\/a> <a href=\"https:\/\/www.abesata.org\/br\/wp-content\/uploads\/2016\/01\/7.jpg\" rel=\"attachment wp-att-4481\"><img loading=\"lazy\" decoding=\"async\" class=\"alignnone size-full wp-image-4481\" src=\"https:\/\/www.abesata.org\/br\/wp-content\/uploads\/2016\/01\/7.jpg\" alt=\"7\" width=\"1772\" height=\"1181\" srcset=\"https:\/\/www.abesata.org\/br\/wp-content\/uploads\/2016\/01\/7.jpg 1772w, https:\/\/www.abesata.org\/br\/wp-content\/uploads\/2016\/01\/7-300x200.jpg 300w, https:\/\/www.abesata.org\/br\/wp-content\/uploads\/2016\/01\/7-768x512.jpg 768w, https:\/\/www.abesata.org\/br\/wp-content\/uploads\/2016\/01\/7-1024x682.jpg 1024w, https:\/\/www.abesata.org\/br\/wp-content\/uploads\/2016\/01\/7-225x150.jpg 225w, https:\/\/www.abesata.org\/br\/wp-content\/uploads\/2016\/01\/7-150x100.jpg 150w\" sizes=\"(max-width: 1772px) 100vw, 1772px\" \/><\/a> <a href=\"https:\/\/www.abesata.org\/br\/wp-content\/uploads\/2016\/01\/8.jpg\" rel=\"attachment wp-att-4482\"><img loading=\"lazy\" decoding=\"async\" class=\"alignnone size-full wp-image-4482\" src=\"https:\/\/www.abesata.org\/br\/wp-content\/uploads\/2016\/01\/8.jpg\" alt=\"8\" width=\"1772\" height=\"1181\" srcset=\"https:\/\/www.abesata.org\/br\/wp-content\/uploads\/2016\/01\/8.jpg 1772w, https:\/\/www.abesata.org\/br\/wp-content\/uploads\/2016\/01\/8-300x200.jpg 300w, https:\/\/www.abesata.org\/br\/wp-content\/uploads\/2016\/01\/8-768x512.jpg 768w, https:\/\/www.abesata.org\/br\/wp-content\/uploads\/2016\/01\/8-1024x682.jpg 1024w, https:\/\/www.abesata.org\/br\/wp-content\/uploads\/2016\/01\/8-225x150.jpg 225w, https:\/\/www.abesata.org\/br\/wp-content\/uploads\/2016\/01\/8-150x100.jpg 150w\" sizes=\"(max-width: 1772px) 100vw, 1772px\" \/><\/a> <a href=\"https:\/\/www.abesata.org\/br\/wp-content\/uploads\/2016\/01\/9.jpg\" rel=\"attachment wp-att-4483\"><img loading=\"lazy\" decoding=\"async\" class=\"alignnone size-full wp-image-4483\" src=\"https:\/\/www.abesata.org\/br\/wp-content\/uploads\/2016\/01\/9.jpg\" alt=\"9\" width=\"1772\" height=\"1181\" srcset=\"https:\/\/www.abesata.org\/br\/wp-content\/uploads\/2016\/01\/9.jpg 1772w, https:\/\/www.abesata.org\/br\/wp-content\/uploads\/2016\/01\/9-300x200.jpg 300w, https:\/\/www.abesata.org\/br\/wp-content\/uploads\/2016\/01\/9-768x512.jpg 768w, https:\/\/www.abesata.org\/br\/wp-content\/uploads\/2016\/01\/9-1024x682.jpg 1024w, https:\/\/www.abesata.org\/br\/wp-content\/uploads\/2016\/01\/9-225x150.jpg 225w, https:\/\/www.abesata.org\/br\/wp-content\/uploads\/2016\/01\/9-150x100.jpg 150w\" sizes=\"(max-width: 1772px) 100vw, 1772px\" \/><\/a><\/p>\n","protected":false},"excerpt":{"rendered":"","protected":false},"author":1,"featured_media":0,"parent":0,"menu_order":0,"comment_status":"closed","ping_status":"closed","template":"","meta":{"footnotes":""},"class_list":["post-4474","page","type-page","status-publish","hentry"],"yoast_head":"<!-- This site is optimized with the Yoast SEO plugin v26.5 - https:\/\/yoast.com\/wordpress\/plugins\/seo\/ -->\n<title>Encontro de coordena\u00e7\u00e3o de voo - SAC e Anac - Abesata<\/title>\n<meta name=\"robots\" content=\"index, follow, max-snippet:-1, max-image-preview:large, max-video-preview:-1\" \/>\n<link rel=\"canonical\" href=\"https:\/\/www.abesata.org\/br\/encontro-de-coordenacao-de-voo-sac-e-anac\/\" \/>\n<meta property=\"og:locale\" content=\"pt_BR\" \/>\n<meta property=\"og:type\" content=\"article\" \/>\n<meta property=\"og:title\" content=\"Encontro de coordena\u00e7\u00e3o de voo - SAC e Anac - Abesata\" \/>\n<meta property=\"og:url\" content=\"https:\/\/www.abesata.org\/br\/encontro-de-coordenacao-de-voo-sac-e-anac\/\" \/>\n<meta property=\"og:site_name\" content=\"Abesata\" \/>\n<meta property=\"article:publisher\" content=\"https:\/\/www.facebook.com\/abesata.org\/\" \/>\n<meta property=\"og:image\" content=\"http:\/\/www.abesata.org\/br\/wp-content\/uploads\/2016\/01\/1.jpg\" \/>\n<meta name=\"twitter:card\" content=\"summary_large_image\" \/>\n<script type=\"application\/ld+json\" class=\"yoast-schema-graph\">{\"@context\":\"https:\/\/schema.org\",\"@graph\":[{\"@type\":\"WebPage\",\"@id\":\"https:\/\/www.abesata.org\/br\/encontro-de-coordenacao-de-voo-sac-e-anac\/\",\"url\":\"https:\/\/www.abesata.org\/br\/encontro-de-coordenacao-de-voo-sac-e-anac\/\",\"name\":\"Encontro de coordena\u00e7\u00e3o de voo - SAC e Anac - Abesata\",\"isPartOf\":{\"@id\":\"https:\/\/www.abesata.org\/br\/#website\"},\"primaryImageOfPage\":{\"@id\":\"https:\/\/www.abesata.org\/br\/encontro-de-coordenacao-de-voo-sac-e-anac\/#primaryimage\"},\"image\":{\"@id\":\"https:\/\/www.abesata.org\/br\/encontro-de-coordenacao-de-voo-sac-e-anac\/#primaryimage\"},\"thumbnailUrl\":\"http:\/\/www.abesata.org\/br\/wp-content\/uploads\/2016\/01\/1.jpg\",\"datePublished\":\"2016-01-17T19:20:56+00:00\",\"breadcrumb\":{\"@id\":\"https:\/\/www.abesata.org\/br\/encontro-de-coordenacao-de-voo-sac-e-anac\/#breadcrumb\"},\"inLanguage\":\"pt-BR\",\"potentialAction\":[{\"@type\":\"ReadAction\",\"target\":[\"https:\/\/www.abesata.org\/br\/encontro-de-coordenacao-de-voo-sac-e-anac\/\"]}]},{\"@type\":\"ImageObject\",\"inLanguage\":\"pt-BR\",\"@id\":\"https:\/\/www.abesata.org\/br\/encontro-de-coordenacao-de-voo-sac-e-anac\/#primaryimage\",\"url\":\"http:\/\/www.abesata.org\/br\/wp-content\/uploads\/2016\/01\/1.jpg\",\"contentUrl\":\"http:\/\/www.abesata.org\/br\/wp-content\/uploads\/2016\/01\/1.jpg\"},{\"@type\":\"BreadcrumbList\",\"@id\":\"https:\/\/www.abesata.org\/br\/encontro-de-coordenacao-de-voo-sac-e-anac\/#breadcrumb\",\"itemListElement\":[{\"@type\":\"ListItem\",\"position\":1,\"name\":\"In\u00edcio\",\"item\":\"https:\/\/www.abesata.org\/br\/\"},{\"@type\":\"ListItem\",\"position\":2,\"name\":\"Encontro de coordena\u00e7\u00e3o de voo &#8211; SAC e Anac\"}]},{\"@type\":\"WebSite\",\"@id\":\"https:\/\/www.abesata.org\/br\/#website\",\"url\":\"https:\/\/www.abesata.org\/br\/\",\"name\":\"Abesata\",\"description\":\"Associa\u00e7\u00e3o Brasileira das Empresas de Servi\u00e7os Auxiliares de Transporte A\u00e9reo\",\"publisher\":{\"@id\":\"https:\/\/www.abesata.org\/br\/#organization\"},\"potentialAction\":[{\"@type\":\"SearchAction\",\"target\":{\"@type\":\"EntryPoint\",\"urlTemplate\":\"https:\/\/www.abesata.org\/br\/?s={search_term_string}\"},\"query-input\":{\"@type\":\"PropertyValueSpecification\",\"valueRequired\":true,\"valueName\":\"search_term_string\"}}],\"inLanguage\":\"pt-BR\"},{\"@type\":\"Organization\",\"@id\":\"https:\/\/www.abesata.org\/br\/#organization\",\"name\":\"Associa\u00e7\u00e3o Brasileira das Empresas de Servi\u00e7os Auxiliares de Transporte A\u00e9reo\",\"alternateName\":\"Abesata\",\"url\":\"https:\/\/www.abesata.org\/br\/\",\"logo\":{\"@type\":\"ImageObject\",\"inLanguage\":\"pt-BR\",\"@id\":\"https:\/\/www.abesata.org\/br\/#\/schema\/logo\/image\/\",\"url\":\"https:\/\/www.abesata.org\/br\/wp-content\/uploads\/2023\/10\/Abesata.png\",\"contentUrl\":\"https:\/\/www.abesata.org\/br\/wp-content\/uploads\/2023\/10\/Abesata.png\",\"width\":1063,\"height\":591,\"caption\":\"Associa\u00e7\u00e3o Brasileira das Empresas de Servi\u00e7os Auxiliares de Transporte A\u00e9reo\"},\"image\":{\"@id\":\"https:\/\/www.abesata.org\/br\/#\/schema\/logo\/image\/\"},\"sameAs\":[\"https:\/\/www.facebook.com\/abesata.org\/\",\"https:\/\/www.instagram.com\/abesata_gh\/\",\"https:\/\/br.linkedin.com\/company\/abesata\"]}]}<\/script>\n<!-- \/ Yoast SEO plugin. -->","yoast_head_json":{"title":"Encontro de coordena\u00e7\u00e3o de voo - SAC e Anac - Abesata","robots":{"index":"index","follow":"follow","max-snippet":"max-snippet:-1","max-image-preview":"max-image-preview:large","max-video-preview":"max-video-preview:-1"},"canonical":"https:\/\/www.abesata.org\/br\/encontro-de-coordenacao-de-voo-sac-e-anac\/","og_locale":"pt_BR","og_type":"article","og_title":"Encontro de coordena\u00e7\u00e3o de voo - SAC e Anac - Abesata","og_url":"https:\/\/www.abesata.org\/br\/encontro-de-coordenacao-de-voo-sac-e-anac\/","og_site_name":"Abesata","article_publisher":"https:\/\/www.facebook.com\/abesata.org\/","og_image":[{"url":"http:\/\/www.abesata.org\/br\/wp-content\/uploads\/2016\/01\/1.jpg","type":"","width":"","height":""}],"twitter_card":"summary_large_image","schema":{"@context":"https:\/\/schema.org","@graph":[{"@type":"WebPage","@id":"https:\/\/www.abesata.org\/br\/encontro-de-coordenacao-de-voo-sac-e-anac\/","url":"https:\/\/www.abesata.org\/br\/encontro-de-coordenacao-de-voo-sac-e-anac\/","name":"Encontro de coordena\u00e7\u00e3o de voo - SAC e Anac - Abesata","isPartOf":{"@id":"https:\/\/www.abesata.org\/br\/#website"},"primaryImageOfPage":{"@id":"https:\/\/www.abesata.org\/br\/encontro-de-coordenacao-de-voo-sac-e-anac\/#primaryimage"},"image":{"@id":"https:\/\/www.abesata.org\/br\/encontro-de-coordenacao-de-voo-sac-e-anac\/#primaryimage"},"thumbnailUrl":"http:\/\/www.abesata.org\/br\/wp-content\/uploads\/2016\/01\/1.jpg","datePublished":"2016-01-17T19:20:56+00:00","breadcrumb":{"@id":"https:\/\/www.abesata.org\/br\/encontro-de-coordenacao-de-voo-sac-e-anac\/#breadcrumb"},"inLanguage":"pt-BR","potentialAction":[{"@type":"ReadAction","target":["https:\/\/www.abesata.org\/br\/encontro-de-coordenacao-de-voo-sac-e-anac\/"]}]},{"@type":"ImageObject","inLanguage":"pt-BR","@id":"https:\/\/www.abesata.org\/br\/encontro-de-coordenacao-de-voo-sac-e-anac\/#primaryimage","url":"http:\/\/www.abesata.org\/br\/wp-content\/uploads\/2016\/01\/1.jpg","contentUrl":"http:\/\/www.abesata.org\/br\/wp-content\/uploads\/2016\/01\/1.jpg"},{"@type":"BreadcrumbList","@id":"https:\/\/www.abesata.org\/br\/encontro-de-coordenacao-de-voo-sac-e-anac\/#breadcrumb","itemListElement":[{"@type":"ListItem","position":1,"name":"In\u00edcio","item":"https:\/\/www.abesata.org\/br\/"},{"@type":"ListItem","position":2,"name":"Encontro de coordena\u00e7\u00e3o de voo &#8211; SAC e Anac"}]},{"@type":"WebSite","@id":"https:\/\/www.abesata.org\/br\/#website","url":"https:\/\/www.abesata.org\/br\/","name":"Abesata","description":"Associa\u00e7\u00e3o Brasileira das Empresas de Servi\u00e7os Auxiliares de Transporte A\u00e9reo","publisher":{"@id":"https:\/\/www.abesata.org\/br\/#organization"},"potentialAction":[{"@type":"SearchAction","target":{"@type":"EntryPoint","urlTemplate":"https:\/\/www.abesata.org\/br\/?s={search_term_string}"},"query-input":{"@type":"PropertyValueSpecification","valueRequired":true,"valueName":"search_term_string"}}],"inLanguage":"pt-BR"},{"@type":"Organization","@id":"https:\/\/www.abesata.org\/br\/#organization","name":"Associa\u00e7\u00e3o Brasileira das Empresas de Servi\u00e7os Auxiliares de Transporte A\u00e9reo","alternateName":"Abesata","url":"https:\/\/www.abesata.org\/br\/","logo":{"@type":"ImageObject","inLanguage":"pt-BR","@id":"https:\/\/www.abesata.org\/br\/#\/schema\/logo\/image\/","url":"https:\/\/www.abesata.org\/br\/wp-content\/uploads\/2023\/10\/Abesata.png","contentUrl":"https:\/\/www.abesata.org\/br\/wp-content\/uploads\/2023\/10\/Abesata.png","width":1063,"height":591,"caption":"Associa\u00e7\u00e3o Brasileira das Empresas de Servi\u00e7os Auxiliares de Transporte A\u00e9reo"},"image":{"@id":"https:\/\/www.abesata.org\/br\/#\/schema\/logo\/image\/"},"sameAs":["https:\/\/www.facebook.com\/abesata.org\/","https:\/\/www.instagram.com\/abesata_gh\/","https:\/\/br.linkedin.com\/company\/abesata"]}]}},"_links":{"self":[{"href":"https:\/\/www.abesata.org\/br\/wp-json\/wp\/v2\/pages\/4474","targetHints":{"allow":["GET"]}}],"collection":[{"href":"https:\/\/www.abesata.org\/br\/wp-json\/wp\/v2\/pages"}],"about":[{"href":"https:\/\/www.abesata.org\/br\/wp-json\/wp\/v2\/types\/page"}],"author":[{"embeddable":true,"href":"https:\/\/www.abesata.org\/br\/wp-json\/wp\/v2\/users\/1"}],"replies":[{"embeddable":true,"href":"https:\/\/www.abesata.org\/br\/wp-json\/wp\/v2\/comments?post=4474"}],"version-history":[{"count":0,"href":"https:\/\/www.abesata.org\/br\/wp-json\/wp\/v2\/pages\/4474\/revisions"}],"wp:attachment":[{"href":"https:\/\/www.abesata.org\/br\/wp-json\/wp\/v2\/media?parent=4474"}],"curies":[{"name":"wp","href":"https:\/\/api.w.org\/{rel}","templated":true}]}}