{"id":4616,"date":"2016-02-20T23:16:33","date_gmt":"2016-02-20T23:16:33","guid":{"rendered":"http:\/\/www.abesata.org\/br\/?page_id=4616"},"modified":"2016-02-20T23:16:33","modified_gmt":"2016-02-20T23:16:33","slug":"2014-dia-30-jul-sac-homenagem-copa-fifa","status":"publish","type":"page","link":"https:\/\/www.abesata.org\/br\/2014-dia-30-jul-sac-homenagem-copa-fifa\/","title":{"rendered":"2014 dia 30 jul SAC &#8211; homenagem Copa Fifa"},"content":{"rendered":"<figure id=\"attachment_4617\" aria-describedby=\"caption-attachment-4617\" style=\"width: 4745px\" class=\"wp-caption alignnone\"><a href=\"https:\/\/www.abesata.org\/br\/wp-content\/uploads\/2016\/02\/30.07.2014-pauta-Balan\u00e7o-da-CopaFoto-Ricardo-Botelho-0-8.jpg\" rel=\"attachment wp-att-4617\"><img fetchpriority=\"high\" decoding=\"async\" class=\"size-full wp-image-4617\" src=\"https:\/\/www.abesata.org\/br\/wp-content\/uploads\/2016\/02\/30.07.2014-pauta-Balan\u00e7o-da-CopaFoto-Ricardo-Botelho-0-8.jpg\" alt=\"Bras\u00edlia, DF 30.07.2014 SAC pauta Balan\u00e7o da Copa\" width=\"4745\" height=\"3163\" srcset=\"https:\/\/www.abesata.org\/br\/wp-content\/uploads\/2016\/02\/30.07.2014-pauta-Balan\u00e7o-da-CopaFoto-Ricardo-Botelho-0-8.jpg 4745w, https:\/\/www.abesata.org\/br\/wp-content\/uploads\/2016\/02\/30.07.2014-pauta-Balan\u00e7o-da-CopaFoto-Ricardo-Botelho-0-8-300x200.jpg 300w, https:\/\/www.abesata.org\/br\/wp-content\/uploads\/2016\/02\/30.07.2014-pauta-Balan\u00e7o-da-CopaFoto-Ricardo-Botelho-0-8-768x512.jpg 768w, https:\/\/www.abesata.org\/br\/wp-content\/uploads\/2016\/02\/30.07.2014-pauta-Balan\u00e7o-da-CopaFoto-Ricardo-Botelho-0-8-1024x683.jpg 1024w, https:\/\/www.abesata.org\/br\/wp-content\/uploads\/2016\/02\/30.07.2014-pauta-Balan\u00e7o-da-CopaFoto-Ricardo-Botelho-0-8-225x150.jpg 225w, https:\/\/www.abesata.org\/br\/wp-content\/uploads\/2016\/02\/30.07.2014-pauta-Balan\u00e7o-da-CopaFoto-Ricardo-Botelho-0-8-150x100.jpg 150w\" sizes=\"(max-width: 4745px) 100vw, 4745px\" \/><\/a><figcaption id=\"caption-attachment-4617\" class=\"wp-caption-text\">Bras\u00edlia, DF 30.07.2014 SAC pauta Balan\u00e7o da Copa<\/figcaption><\/figure>\n<figure id=\"attachment_4618\" aria-describedby=\"caption-attachment-4618\" style=\"width: 3472px\" class=\"wp-caption alignnone\"><a href=\"https:\/\/www.abesata.org\/br\/wp-content\/uploads\/2016\/02\/30.07.2014-pauta-Balan\u00e7o-da-CopaFoto-Ricardo-Botelho-0-9.jpg\" rel=\"attachment wp-att-4618\"><img decoding=\"async\" class=\"size-full wp-image-4618\" src=\"https:\/\/www.abesata.org\/br\/wp-content\/uploads\/2016\/02\/30.07.2014-pauta-Balan\u00e7o-da-CopaFoto-Ricardo-Botelho-0-9.jpg\" alt=\"Bras\u00edlia, DF 30.07.2014 SAC pauta Balan\u00e7o da Copa\" width=\"3472\" height=\"2315\" srcset=\"https:\/\/www.abesata.org\/br\/wp-content\/uploads\/2016\/02\/30.07.2014-pauta-Balan\u00e7o-da-CopaFoto-Ricardo-Botelho-0-9.jpg 3472w, https:\/\/www.abesata.org\/br\/wp-content\/uploads\/2016\/02\/30.07.2014-pauta-Balan\u00e7o-da-CopaFoto-Ricardo-Botelho-0-9-300x200.jpg 300w, https:\/\/www.abesata.org\/br\/wp-content\/uploads\/2016\/02\/30.07.2014-pauta-Balan\u00e7o-da-CopaFoto-Ricardo-Botelho-0-9-768x512.jpg 768w, https:\/\/www.abesata.org\/br\/wp-content\/uploads\/2016\/02\/30.07.2014-pauta-Balan\u00e7o-da-CopaFoto-Ricardo-Botelho-0-9-1024x683.jpg 1024w, https:\/\/www.abesata.org\/br\/wp-content\/uploads\/2016\/02\/30.07.2014-pauta-Balan\u00e7o-da-CopaFoto-Ricardo-Botelho-0-9-225x150.jpg 225w, https:\/\/www.abesata.org\/br\/wp-content\/uploads\/2016\/02\/30.07.2014-pauta-Balan\u00e7o-da-CopaFoto-Ricardo-Botelho-0-9-150x100.jpg 150w\" sizes=\"(max-width: 3472px) 100vw, 3472px\" \/><\/a><figcaption id=\"caption-attachment-4618\" class=\"wp-caption-text\">Bras\u00edlia, DF 30.07.2014 SAC pauta Balan\u00e7o da Copa<\/figcaption><\/figure>\n<p><a href=\"https:\/\/www.abesata.org\/br\/wp-content\/uploads\/2016\/02\/com-o-Superintendente-do-SBCT.jpg\" rel=\"attachment wp-att-4619\"><img decoding=\"async\" class=\"alignnone size-full wp-image-4619\" src=\"https:\/\/www.abesata.org\/br\/wp-content\/uploads\/2016\/02\/com-o-Superintendente-do-SBCT.jpg\" alt=\"com o Superintendente do SBCT\" width=\"4320\" height=\"2432\" srcset=\"https:\/\/www.abesata.org\/br\/wp-content\/uploads\/2016\/02\/com-o-Superintendente-do-SBCT.jpg 4320w, https:\/\/www.abesata.org\/br\/wp-content\/uploads\/2016\/02\/com-o-Superintendente-do-SBCT-300x169.jpg 300w, https:\/\/www.abesata.org\/br\/wp-content\/uploads\/2016\/02\/com-o-Superintendente-do-SBCT-768x432.jpg 768w, https:\/\/www.abesata.org\/br\/wp-content\/uploads\/2016\/02\/com-o-Superintendente-do-SBCT-1024x576.jpg 1024w, https:\/\/www.abesata.org\/br\/wp-content\/uploads\/2016\/02\/com-o-Superintendente-do-SBCT-250x141.jpg 250w, https:\/\/www.abesata.org\/br\/wp-content\/uploads\/2016\/02\/com-o-Superintendente-do-SBCT-150x84.jpg 150w\" sizes=\"(max-width: 4320px) 100vw, 4320px\" \/><\/a> <a href=\"https:\/\/www.abesata.org\/br\/wp-content\/uploads\/2016\/02\/Gerente-de-Aeroportos-e-Assessora-de-Comunica\u00e7\u00e3o-da-Infraero-BSB.jpg\" rel=\"attachment wp-att-4620\"><img loading=\"lazy\" decoding=\"async\" class=\"alignnone size-full wp-image-4620\" src=\"https:\/\/www.abesata.org\/br\/wp-content\/uploads\/2016\/02\/Gerente-de-Aeroportos-e-Assessora-de-Comunica\u00e7\u00e3o-da-Infraero-BSB.jpg\" alt=\"Gerente de Aeroportos e Assessora de Comunica\u00e7\u00e3o da Infraero BSB\" width=\"4320\" height=\"2432\" srcset=\"https:\/\/www.abesata.org\/br\/wp-content\/uploads\/2016\/02\/Gerente-de-Aeroportos-e-Assessora-de-Comunica\u00e7\u00e3o-da-Infraero-BSB.jpg 4320w, https:\/\/www.abesata.org\/br\/wp-content\/uploads\/2016\/02\/Gerente-de-Aeroportos-e-Assessora-de-Comunica\u00e7\u00e3o-da-Infraero-BSB-300x169.jpg 300w, https:\/\/www.abesata.org\/br\/wp-content\/uploads\/2016\/02\/Gerente-de-Aeroportos-e-Assessora-de-Comunica\u00e7\u00e3o-da-Infraero-BSB-768x432.jpg 768w, https:\/\/www.abesata.org\/br\/wp-content\/uploads\/2016\/02\/Gerente-de-Aeroportos-e-Assessora-de-Comunica\u00e7\u00e3o-da-Infraero-BSB-1024x576.jpg 1024w, https:\/\/www.abesata.org\/br\/wp-content\/uploads\/2016\/02\/Gerente-de-Aeroportos-e-Assessora-de-Comunica\u00e7\u00e3o-da-Infraero-BSB-250x141.jpg 250w, https:\/\/www.abesata.org\/br\/wp-content\/uploads\/2016\/02\/Gerente-de-Aeroportos-e-Assessora-de-Comunica\u00e7\u00e3o-da-Infraero-BSB-150x84.jpg 150w\" sizes=\"(max-width: 4320px) 100vw, 4320px\" \/><\/a> <a href=\"https:\/\/www.abesata.org\/br\/wp-content\/uploads\/2016\/02\/IMG_20140730_152149811_HDR.jpg\" rel=\"attachment wp-att-4621\"><img loading=\"lazy\" decoding=\"async\" class=\"alignnone size-full wp-image-4621\" src=\"https:\/\/www.abesata.org\/br\/wp-content\/uploads\/2016\/02\/IMG_20140730_152149811_HDR.jpg\" alt=\"IMG_20140730_152149811_HDR\" width=\"4320\" height=\"2432\" srcset=\"https:\/\/www.abesata.org\/br\/wp-content\/uploads\/2016\/02\/IMG_20140730_152149811_HDR.jpg 4320w, https:\/\/www.abesata.org\/br\/wp-content\/uploads\/2016\/02\/IMG_20140730_152149811_HDR-300x169.jpg 300w, https:\/\/www.abesata.org\/br\/wp-content\/uploads\/2016\/02\/IMG_20140730_152149811_HDR-768x432.jpg 768w, https:\/\/www.abesata.org\/br\/wp-content\/uploads\/2016\/02\/IMG_20140730_152149811_HDR-1024x576.jpg 1024w, https:\/\/www.abesata.org\/br\/wp-content\/uploads\/2016\/02\/IMG_20140730_152149811_HDR-250x141.jpg 250w, https:\/\/www.abesata.org\/br\/wp-content\/uploads\/2016\/02\/IMG_20140730_152149811_HDR-150x84.jpg 150w\" sizes=\"(max-width: 4320px) 100vw, 4320px\" \/><\/a> <a href=\"https:\/\/www.abesata.org\/br\/wp-content\/uploads\/2016\/02\/IMG_20140730_152748751_HDR.jpg\" rel=\"attachment wp-att-4622\"><img loading=\"lazy\" decoding=\"async\" class=\"alignnone size-full wp-image-4622\" src=\"https:\/\/www.abesata.org\/br\/wp-content\/uploads\/2016\/02\/IMG_20140730_152748751_HDR.jpg\" alt=\"IMG_20140730_152748751_HDR\" width=\"4320\" height=\"2432\" srcset=\"https:\/\/www.abesata.org\/br\/wp-content\/uploads\/2016\/02\/IMG_20140730_152748751_HDR.jpg 4320w, https:\/\/www.abesata.org\/br\/wp-content\/uploads\/2016\/02\/IMG_20140730_152748751_HDR-300x169.jpg 300w, https:\/\/www.abesata.org\/br\/wp-content\/uploads\/2016\/02\/IMG_20140730_152748751_HDR-768x432.jpg 768w, https:\/\/www.abesata.org\/br\/wp-content\/uploads\/2016\/02\/IMG_20140730_152748751_HDR-1024x576.jpg 1024w, https:\/\/www.abesata.org\/br\/wp-content\/uploads\/2016\/02\/IMG_20140730_152748751_HDR-250x141.jpg 250w, https:\/\/www.abesata.org\/br\/wp-content\/uploads\/2016\/02\/IMG_20140730_152748751_HDR-150x84.jpg 150w\" sizes=\"(max-width: 4320px) 100vw, 4320px\" \/><\/a> <a href=\"https:\/\/www.abesata.org\/br\/wp-content\/uploads\/2016\/02\/IMG_20140730_153221975_HDR.jpg\" rel=\"attachment wp-att-4623\"><img loading=\"lazy\" decoding=\"async\" class=\"alignnone size-full wp-image-4623\" src=\"https:\/\/www.abesata.org\/br\/wp-content\/uploads\/2016\/02\/IMG_20140730_153221975_HDR.jpg\" alt=\"IMG_20140730_153221975_HDR\" width=\"2432\" height=\"4320\" srcset=\"https:\/\/www.abesata.org\/br\/wp-content\/uploads\/2016\/02\/IMG_20140730_153221975_HDR.jpg 2432w, https:\/\/www.abesata.org\/br\/wp-content\/uploads\/2016\/02\/IMG_20140730_153221975_HDR-169x300.jpg 169w, https:\/\/www.abesata.org\/br\/wp-content\/uploads\/2016\/02\/IMG_20140730_153221975_HDR-768x1364.jpg 768w, https:\/\/www.abesata.org\/br\/wp-content\/uploads\/2016\/02\/IMG_20140730_153221975_HDR-576x1024.jpg 576w, https:\/\/www.abesata.org\/br\/wp-content\/uploads\/2016\/02\/IMG_20140730_153221975_HDR-84x150.jpg 84w\" sizes=\"(max-width: 2432px) 100vw, 2432px\" \/><\/a> <a href=\"https:\/\/www.abesata.org\/br\/wp-content\/uploads\/2016\/02\/IMG_20140730_153440739_HDR.jpg\" rel=\"attachment wp-att-4624\"><img loading=\"lazy\" decoding=\"async\" class=\"alignnone size-full wp-image-4624\" src=\"https:\/\/www.abesata.org\/br\/wp-content\/uploads\/2016\/02\/IMG_20140730_153440739_HDR.jpg\" alt=\"IMG_20140730_153440739_HDR\" width=\"4320\" height=\"2432\" srcset=\"https:\/\/www.abesata.org\/br\/wp-content\/uploads\/2016\/02\/IMG_20140730_153440739_HDR.jpg 4320w, https:\/\/www.abesata.org\/br\/wp-content\/uploads\/2016\/02\/IMG_20140730_153440739_HDR-300x169.jpg 300w, https:\/\/www.abesata.org\/br\/wp-content\/uploads\/2016\/02\/IMG_20140730_153440739_HDR-768x432.jpg 768w, https:\/\/www.abesata.org\/br\/wp-content\/uploads\/2016\/02\/IMG_20140730_153440739_HDR-1024x576.jpg 1024w, https:\/\/www.abesata.org\/br\/wp-content\/uploads\/2016\/02\/IMG_20140730_153440739_HDR-250x141.jpg 250w, https:\/\/www.abesata.org\/br\/wp-content\/uploads\/2016\/02\/IMG_20140730_153440739_HDR-150x84.jpg 150w\" sizes=\"(max-width: 4320px) 100vw, 4320px\" \/><\/a> <a href=\"https:\/\/www.abesata.org\/br\/wp-content\/uploads\/2016\/02\/IMG_20140730_154844914_HDR.jpg\" rel=\"attachment wp-att-4625\"><img loading=\"lazy\" decoding=\"async\" class=\"alignnone size-full wp-image-4625\" src=\"https:\/\/www.abesata.org\/br\/wp-content\/uploads\/2016\/02\/IMG_20140730_154844914_HDR.jpg\" alt=\"IMG_20140730_154844914_HDR\" width=\"2432\" height=\"4320\" srcset=\"https:\/\/www.abesata.org\/br\/wp-content\/uploads\/2016\/02\/IMG_20140730_154844914_HDR.jpg 2432w, https:\/\/www.abesata.org\/br\/wp-content\/uploads\/2016\/02\/IMG_20140730_154844914_HDR-169x300.jpg 169w, https:\/\/www.abesata.org\/br\/wp-content\/uploads\/2016\/02\/IMG_20140730_154844914_HDR-768x1364.jpg 768w, https:\/\/www.abesata.org\/br\/wp-content\/uploads\/2016\/02\/IMG_20140730_154844914_HDR-576x1024.jpg 576w, https:\/\/www.abesata.org\/br\/wp-content\/uploads\/2016\/02\/IMG_20140730_154844914_HDR-84x150.jpg 84w\" sizes=\"(max-width: 2432px) 100vw, 2432px\" \/><\/a> <a href=\"https:\/\/www.abesata.org\/br\/wp-content\/uploads\/2016\/02\/IMG_20140730_155952529.jpg\" rel=\"attachment wp-att-4626\"><img loading=\"lazy\" decoding=\"async\" class=\"alignnone size-full wp-image-4626\" src=\"https:\/\/www.abesata.org\/br\/wp-content\/uploads\/2016\/02\/IMG_20140730_155952529.jpg\" alt=\"IMG_20140730_155952529\" width=\"4320\" height=\"2432\" srcset=\"https:\/\/www.abesata.org\/br\/wp-content\/uploads\/2016\/02\/IMG_20140730_155952529.jpg 4320w, https:\/\/www.abesata.org\/br\/wp-content\/uploads\/2016\/02\/IMG_20140730_155952529-300x169.jpg 300w, https:\/\/www.abesata.org\/br\/wp-content\/uploads\/2016\/02\/IMG_20140730_155952529-768x432.jpg 768w, https:\/\/www.abesata.org\/br\/wp-content\/uploads\/2016\/02\/IMG_20140730_155952529-1024x576.jpg 1024w, https:\/\/www.abesata.org\/br\/wp-content\/uploads\/2016\/02\/IMG_20140730_155952529-250x141.jpg 250w, https:\/\/www.abesata.org\/br\/wp-content\/uploads\/2016\/02\/IMG_20140730_155952529-150x84.jpg 150w\" sizes=\"(max-width: 4320px) 100vw, 4320px\" \/><\/a> <a href=\"https:\/\/www.abesata.org\/br\/wp-content\/uploads\/2016\/02\/placa-SAC-para-a-Abesata.jpg\" rel=\"attachment wp-att-4627\"><img loading=\"lazy\" decoding=\"async\" class=\"alignnone size-full wp-image-4627\" src=\"https:\/\/www.abesata.org\/br\/wp-content\/uploads\/2016\/02\/placa-SAC-para-a-Abesata.jpg\" alt=\"placa SAC para a Abesata\" width=\"2432\" height=\"4320\" srcset=\"https:\/\/www.abesata.org\/br\/wp-content\/uploads\/2016\/02\/placa-SAC-para-a-Abesata.jpg 2432w, https:\/\/www.abesata.org\/br\/wp-content\/uploads\/2016\/02\/placa-SAC-para-a-Abesata-169x300.jpg 169w, https:\/\/www.abesata.org\/br\/wp-content\/uploads\/2016\/02\/placa-SAC-para-a-Abesata-768x1364.jpg 768w, https:\/\/www.abesata.org\/br\/wp-content\/uploads\/2016\/02\/placa-SAC-para-a-Abesata-576x1024.jpg 576w, https:\/\/www.abesata.org\/br\/wp-content\/uploads\/2016\/02\/placa-SAC-para-a-Abesata-84x150.jpg 84w\" sizes=\"(max-width: 2432px) 100vw, 2432px\" \/><\/a><\/p>\n","protected":false},"excerpt":{"rendered":"","protected":false},"author":1,"featured_media":0,"parent":0,"menu_order":0,"comment_status":"closed","ping_status":"closed","template":"","meta":{"footnotes":""},"class_list":["post-4616","page","type-page","status-publish","hentry"],"yoast_head":"<!-- This site is optimized with the Yoast SEO plugin v26.5 - https:\/\/yoast.com\/wordpress\/plugins\/seo\/ -->\n<title>2014 dia 30 jul SAC - homenagem Copa Fifa - Abesata<\/title>\n<meta name=\"robots\" content=\"index, follow, max-snippet:-1, max-image-preview:large, max-video-preview:-1\" \/>\n<link rel=\"canonical\" href=\"https:\/\/www.abesata.org\/br\/2014-dia-30-jul-sac-homenagem-copa-fifa\/\" \/>\n<meta property=\"og:locale\" content=\"pt_BR\" \/>\n<meta property=\"og:type\" content=\"article\" \/>\n<meta property=\"og:title\" content=\"2014 dia 30 jul SAC - homenagem Copa Fifa - Abesata\" \/>\n<meta property=\"og:url\" content=\"https:\/\/www.abesata.org\/br\/2014-dia-30-jul-sac-homenagem-copa-fifa\/\" \/>\n<meta property=\"og:site_name\" content=\"Abesata\" \/>\n<meta property=\"article:publisher\" content=\"https:\/\/www.facebook.com\/abesata.org\/\" \/>\n<meta property=\"og:image\" content=\"http:\/\/www.abesata.org\/br\/wp-content\/uploads\/2016\/02\/com-o-Superintendente-do-SBCT.jpg\" \/>\n<meta name=\"twitter:card\" content=\"summary_large_image\" \/>\n<script type=\"application\/ld+json\" class=\"yoast-schema-graph\">{\"@context\":\"https:\/\/schema.org\",\"@graph\":[{\"@type\":\"WebPage\",\"@id\":\"https:\/\/www.abesata.org\/br\/2014-dia-30-jul-sac-homenagem-copa-fifa\/\",\"url\":\"https:\/\/www.abesata.org\/br\/2014-dia-30-jul-sac-homenagem-copa-fifa\/\",\"name\":\"2014 dia 30 jul SAC - homenagem Copa Fifa - Abesata\",\"isPartOf\":{\"@id\":\"https:\/\/www.abesata.org\/br\/#website\"},\"primaryImageOfPage\":{\"@id\":\"https:\/\/www.abesata.org\/br\/2014-dia-30-jul-sac-homenagem-copa-fifa\/#primaryimage\"},\"image\":{\"@id\":\"https:\/\/www.abesata.org\/br\/2014-dia-30-jul-sac-homenagem-copa-fifa\/#primaryimage\"},\"thumbnailUrl\":\"http:\/\/www.abesata.org\/br\/wp-content\/uploads\/2016\/02\/com-o-Superintendente-do-SBCT.jpg\",\"datePublished\":\"2016-02-20T23:16:33+00:00\",\"breadcrumb\":{\"@id\":\"https:\/\/www.abesata.org\/br\/2014-dia-30-jul-sac-homenagem-copa-fifa\/#breadcrumb\"},\"inLanguage\":\"pt-BR\",\"potentialAction\":[{\"@type\":\"ReadAction\",\"target\":[\"https:\/\/www.abesata.org\/br\/2014-dia-30-jul-sac-homenagem-copa-fifa\/\"]}]},{\"@type\":\"ImageObject\",\"inLanguage\":\"pt-BR\",\"@id\":\"https:\/\/www.abesata.org\/br\/2014-dia-30-jul-sac-homenagem-copa-fifa\/#primaryimage\",\"url\":\"http:\/\/www.abesata.org\/br\/wp-content\/uploads\/2016\/02\/com-o-Superintendente-do-SBCT.jpg\",\"contentUrl\":\"http:\/\/www.abesata.org\/br\/wp-content\/uploads\/2016\/02\/com-o-Superintendente-do-SBCT.jpg\"},{\"@type\":\"BreadcrumbList\",\"@id\":\"https:\/\/www.abesata.org\/br\/2014-dia-30-jul-sac-homenagem-copa-fifa\/#breadcrumb\",\"itemListElement\":[{\"@type\":\"ListItem\",\"position\":1,\"name\":\"In\u00edcio\",\"item\":\"https:\/\/www.abesata.org\/br\/\"},{\"@type\":\"ListItem\",\"position\":2,\"name\":\"2014 dia 30 jul SAC &#8211; homenagem Copa Fifa\"}]},{\"@type\":\"WebSite\",\"@id\":\"https:\/\/www.abesata.org\/br\/#website\",\"url\":\"https:\/\/www.abesata.org\/br\/\",\"name\":\"Abesata\",\"description\":\"Associa\u00e7\u00e3o Brasileira das Empresas de Servi\u00e7os Auxiliares de Transporte A\u00e9reo\",\"publisher\":{\"@id\":\"https:\/\/www.abesata.org\/br\/#organization\"},\"potentialAction\":[{\"@type\":\"SearchAction\",\"target\":{\"@type\":\"EntryPoint\",\"urlTemplate\":\"https:\/\/www.abesata.org\/br\/?s={search_term_string}\"},\"query-input\":{\"@type\":\"PropertyValueSpecification\",\"valueRequired\":true,\"valueName\":\"search_term_string\"}}],\"inLanguage\":\"pt-BR\"},{\"@type\":\"Organization\",\"@id\":\"https:\/\/www.abesata.org\/br\/#organization\",\"name\":\"Associa\u00e7\u00e3o Brasileira das Empresas de Servi\u00e7os Auxiliares de Transporte A\u00e9reo\",\"alternateName\":\"Abesata\",\"url\":\"https:\/\/www.abesata.org\/br\/\",\"logo\":{\"@type\":\"ImageObject\",\"inLanguage\":\"pt-BR\",\"@id\":\"https:\/\/www.abesata.org\/br\/#\/schema\/logo\/image\/\",\"url\":\"https:\/\/www.abesata.org\/br\/wp-content\/uploads\/2023\/10\/Abesata.png\",\"contentUrl\":\"https:\/\/www.abesata.org\/br\/wp-content\/uploads\/2023\/10\/Abesata.png\",\"width\":1063,\"height\":591,\"caption\":\"Associa\u00e7\u00e3o Brasileira das Empresas de Servi\u00e7os Auxiliares de Transporte A\u00e9reo\"},\"image\":{\"@id\":\"https:\/\/www.abesata.org\/br\/#\/schema\/logo\/image\/\"},\"sameAs\":[\"https:\/\/www.facebook.com\/abesata.org\/\",\"https:\/\/www.instagram.com\/abesata_gh\/\",\"https:\/\/br.linkedin.com\/company\/abesata\"]}]}<\/script>\n<!-- \/ Yoast SEO plugin. -->","yoast_head_json":{"title":"2014 dia 30 jul SAC - homenagem Copa Fifa - Abesata","robots":{"index":"index","follow":"follow","max-snippet":"max-snippet:-1","max-image-preview":"max-image-preview:large","max-video-preview":"max-video-preview:-1"},"canonical":"https:\/\/www.abesata.org\/br\/2014-dia-30-jul-sac-homenagem-copa-fifa\/","og_locale":"pt_BR","og_type":"article","og_title":"2014 dia 30 jul SAC - homenagem Copa Fifa - Abesata","og_url":"https:\/\/www.abesata.org\/br\/2014-dia-30-jul-sac-homenagem-copa-fifa\/","og_site_name":"Abesata","article_publisher":"https:\/\/www.facebook.com\/abesata.org\/","og_image":[{"url":"http:\/\/www.abesata.org\/br\/wp-content\/uploads\/2016\/02\/com-o-Superintendente-do-SBCT.jpg","type":"","width":"","height":""}],"twitter_card":"summary_large_image","schema":{"@context":"https:\/\/schema.org","@graph":[{"@type":"WebPage","@id":"https:\/\/www.abesata.org\/br\/2014-dia-30-jul-sac-homenagem-copa-fifa\/","url":"https:\/\/www.abesata.org\/br\/2014-dia-30-jul-sac-homenagem-copa-fifa\/","name":"2014 dia 30 jul SAC - homenagem Copa Fifa - Abesata","isPartOf":{"@id":"https:\/\/www.abesata.org\/br\/#website"},"primaryImageOfPage":{"@id":"https:\/\/www.abesata.org\/br\/2014-dia-30-jul-sac-homenagem-copa-fifa\/#primaryimage"},"image":{"@id":"https:\/\/www.abesata.org\/br\/2014-dia-30-jul-sac-homenagem-copa-fifa\/#primaryimage"},"thumbnailUrl":"http:\/\/www.abesata.org\/br\/wp-content\/uploads\/2016\/02\/com-o-Superintendente-do-SBCT.jpg","datePublished":"2016-02-20T23:16:33+00:00","breadcrumb":{"@id":"https:\/\/www.abesata.org\/br\/2014-dia-30-jul-sac-homenagem-copa-fifa\/#breadcrumb"},"inLanguage":"pt-BR","potentialAction":[{"@type":"ReadAction","target":["https:\/\/www.abesata.org\/br\/2014-dia-30-jul-sac-homenagem-copa-fifa\/"]}]},{"@type":"ImageObject","inLanguage":"pt-BR","@id":"https:\/\/www.abesata.org\/br\/2014-dia-30-jul-sac-homenagem-copa-fifa\/#primaryimage","url":"http:\/\/www.abesata.org\/br\/wp-content\/uploads\/2016\/02\/com-o-Superintendente-do-SBCT.jpg","contentUrl":"http:\/\/www.abesata.org\/br\/wp-content\/uploads\/2016\/02\/com-o-Superintendente-do-SBCT.jpg"},{"@type":"BreadcrumbList","@id":"https:\/\/www.abesata.org\/br\/2014-dia-30-jul-sac-homenagem-copa-fifa\/#breadcrumb","itemListElement":[{"@type":"ListItem","position":1,"name":"In\u00edcio","item":"https:\/\/www.abesata.org\/br\/"},{"@type":"ListItem","position":2,"name":"2014 dia 30 jul SAC &#8211; homenagem Copa Fifa"}]},{"@type":"WebSite","@id":"https:\/\/www.abesata.org\/br\/#website","url":"https:\/\/www.abesata.org\/br\/","name":"Abesata","description":"Associa\u00e7\u00e3o Brasileira das Empresas de Servi\u00e7os Auxiliares de Transporte A\u00e9reo","publisher":{"@id":"https:\/\/www.abesata.org\/br\/#organization"},"potentialAction":[{"@type":"SearchAction","target":{"@type":"EntryPoint","urlTemplate":"https:\/\/www.abesata.org\/br\/?s={search_term_string}"},"query-input":{"@type":"PropertyValueSpecification","valueRequired":true,"valueName":"search_term_string"}}],"inLanguage":"pt-BR"},{"@type":"Organization","@id":"https:\/\/www.abesata.org\/br\/#organization","name":"Associa\u00e7\u00e3o Brasileira das Empresas de Servi\u00e7os Auxiliares de Transporte A\u00e9reo","alternateName":"Abesata","url":"https:\/\/www.abesata.org\/br\/","logo":{"@type":"ImageObject","inLanguage":"pt-BR","@id":"https:\/\/www.abesata.org\/br\/#\/schema\/logo\/image\/","url":"https:\/\/www.abesata.org\/br\/wp-content\/uploads\/2023\/10\/Abesata.png","contentUrl":"https:\/\/www.abesata.org\/br\/wp-content\/uploads\/2023\/10\/Abesata.png","width":1063,"height":591,"caption":"Associa\u00e7\u00e3o Brasileira das Empresas de Servi\u00e7os Auxiliares de Transporte A\u00e9reo"},"image":{"@id":"https:\/\/www.abesata.org\/br\/#\/schema\/logo\/image\/"},"sameAs":["https:\/\/www.facebook.com\/abesata.org\/","https:\/\/www.instagram.com\/abesata_gh\/","https:\/\/br.linkedin.com\/company\/abesata"]}]}},"_links":{"self":[{"href":"https:\/\/www.abesata.org\/br\/wp-json\/wp\/v2\/pages\/4616","targetHints":{"allow":["GET"]}}],"collection":[{"href":"https:\/\/www.abesata.org\/br\/wp-json\/wp\/v2\/pages"}],"about":[{"href":"https:\/\/www.abesata.org\/br\/wp-json\/wp\/v2\/types\/page"}],"author":[{"embeddable":true,"href":"https:\/\/www.abesata.org\/br\/wp-json\/wp\/v2\/users\/1"}],"replies":[{"embeddable":true,"href":"https:\/\/www.abesata.org\/br\/wp-json\/wp\/v2\/comments?post=4616"}],"version-history":[{"count":0,"href":"https:\/\/www.abesata.org\/br\/wp-json\/wp\/v2\/pages\/4616\/revisions"}],"wp:attachment":[{"href":"https:\/\/www.abesata.org\/br\/wp-json\/wp\/v2\/media?parent=4616"}],"curies":[{"name":"wp","href":"https:\/\/api.w.org\/{rel}","templated":true}]}}