{"id":4721,"date":"2016-03-07T22:06:36","date_gmt":"2016-03-07T22:06:36","guid":{"rendered":"http:\/\/www.abesata.org\/br\/?page_id=4721"},"modified":"2016-03-08T13:07:16","modified_gmt":"2016-03-08T13:07:16","slug":"ground-handling-international-conference-bali-01-a-04-mar-2016","status":"publish","type":"page","link":"https:\/\/www.abesata.org\/br\/ground-handling-international-conference-bali-01-a-04-mar-2016\/","title":{"rendered":"Ground Handling International Conference &#8211; Bali &#8211; 02 e 03.03.2016"},"content":{"rendered":"<p><a href=\"https:\/\/www.abesata.org\/br\/wp-content\/uploads\/2016\/03\/2eda3e45-271a-49c4-ae3f-054b2e5901c8.jpg\" rel=\"attachment wp-att-4722\"><img fetchpriority=\"high\" decoding=\"async\" class=\"alignnone size-full wp-image-4722\" src=\"https:\/\/www.abesata.org\/br\/wp-content\/uploads\/2016\/03\/2eda3e45-271a-49c4-ae3f-054b2e5901c8.jpg\" alt=\"2eda3e45-271a-49c4-ae3f-054b2e5901c8\" width=\"871\" height=\"490\" srcset=\"https:\/\/www.abesata.org\/br\/wp-content\/uploads\/2016\/03\/2eda3e45-271a-49c4-ae3f-054b2e5901c8.jpg 871w, https:\/\/www.abesata.org\/br\/wp-content\/uploads\/2016\/03\/2eda3e45-271a-49c4-ae3f-054b2e5901c8-300x169.jpg 300w, https:\/\/www.abesata.org\/br\/wp-content\/uploads\/2016\/03\/2eda3e45-271a-49c4-ae3f-054b2e5901c8-768x432.jpg 768w, https:\/\/www.abesata.org\/br\/wp-content\/uploads\/2016\/03\/2eda3e45-271a-49c4-ae3f-054b2e5901c8-250x141.jpg 250w, https:\/\/www.abesata.org\/br\/wp-content\/uploads\/2016\/03\/2eda3e45-271a-49c4-ae3f-054b2e5901c8-150x84.jpg 150w\" sizes=\"(max-width: 871px) 100vw, 871px\" \/><\/a> <a href=\"https:\/\/www.abesata.org\/br\/wp-content\/uploads\/2016\/03\/04c441c9-695f-43d8-bc60-a71fdf906be4.jpg\" rel=\"attachment wp-att-4723\"><img decoding=\"async\" class=\"alignnone size-full wp-image-4723\" src=\"https:\/\/www.abesata.org\/br\/wp-content\/uploads\/2016\/03\/04c441c9-695f-43d8-bc60-a71fdf906be4.jpg\" alt=\"04c441c9-695f-43d8-bc60-a71fdf906be4\" width=\"871\" height=\"490\" srcset=\"https:\/\/www.abesata.org\/br\/wp-content\/uploads\/2016\/03\/04c441c9-695f-43d8-bc60-a71fdf906be4.jpg 871w, https:\/\/www.abesata.org\/br\/wp-content\/uploads\/2016\/03\/04c441c9-695f-43d8-bc60-a71fdf906be4-300x169.jpg 300w, https:\/\/www.abesata.org\/br\/wp-content\/uploads\/2016\/03\/04c441c9-695f-43d8-bc60-a71fdf906be4-768x432.jpg 768w, https:\/\/www.abesata.org\/br\/wp-content\/uploads\/2016\/03\/04c441c9-695f-43d8-bc60-a71fdf906be4-250x141.jpg 250w, https:\/\/www.abesata.org\/br\/wp-content\/uploads\/2016\/03\/04c441c9-695f-43d8-bc60-a71fdf906be4-150x84.jpg 150w\" sizes=\"(max-width: 871px) 100vw, 871px\" \/><\/a> <a href=\"https:\/\/www.abesata.org\/br\/wp-content\/uploads\/2016\/03\/IMG_20160301_202426271.jpg\" rel=\"attachment wp-att-4724\"><img decoding=\"async\" class=\"alignnone size-full wp-image-4724\" src=\"https:\/\/www.abesata.org\/br\/wp-content\/uploads\/2016\/03\/IMG_20160301_202426271.jpg\" alt=\"IMG_20160301_202426271\" width=\"5248\" height=\"2952\" srcset=\"https:\/\/www.abesata.org\/br\/wp-content\/uploads\/2016\/03\/IMG_20160301_202426271.jpg 5248w, https:\/\/www.abesata.org\/br\/wp-content\/uploads\/2016\/03\/IMG_20160301_202426271-300x169.jpg 300w, https:\/\/www.abesata.org\/br\/wp-content\/uploads\/2016\/03\/IMG_20160301_202426271-768x432.jpg 768w, https:\/\/www.abesata.org\/br\/wp-content\/uploads\/2016\/03\/IMG_20160301_202426271-1024x576.jpg 1024w, https:\/\/www.abesata.org\/br\/wp-content\/uploads\/2016\/03\/IMG_20160301_202426271-250x141.jpg 250w, https:\/\/www.abesata.org\/br\/wp-content\/uploads\/2016\/03\/IMG_20160301_202426271-150x84.jpg 150w\" sizes=\"(max-width: 5248px) 100vw, 5248px\" \/><\/a> <a href=\"https:\/\/www.abesata.org\/br\/wp-content\/uploads\/2016\/03\/IMG_20160301_202513128.jpg\" rel=\"attachment wp-att-4725\"><img loading=\"lazy\" decoding=\"async\" class=\"alignnone size-full wp-image-4725\" src=\"https:\/\/www.abesata.org\/br\/wp-content\/uploads\/2016\/03\/IMG_20160301_202513128.jpg\" alt=\"IMG_20160301_202513128\" width=\"5248\" height=\"2952\" srcset=\"https:\/\/www.abesata.org\/br\/wp-content\/uploads\/2016\/03\/IMG_20160301_202513128.jpg 5248w, https:\/\/www.abesata.org\/br\/wp-content\/uploads\/2016\/03\/IMG_20160301_202513128-300x169.jpg 300w, https:\/\/www.abesata.org\/br\/wp-content\/uploads\/2016\/03\/IMG_20160301_202513128-768x432.jpg 768w, https:\/\/www.abesata.org\/br\/wp-content\/uploads\/2016\/03\/IMG_20160301_202513128-1024x576.jpg 1024w, https:\/\/www.abesata.org\/br\/wp-content\/uploads\/2016\/03\/IMG_20160301_202513128-250x141.jpg 250w, https:\/\/www.abesata.org\/br\/wp-content\/uploads\/2016\/03\/IMG_20160301_202513128-150x84.jpg 150w\" sizes=\"(max-width: 5248px) 100vw, 5248px\" \/><\/a> <a href=\"https:\/\/www.abesata.org\/br\/wp-content\/uploads\/2016\/03\/IMG_20160302_092138181.jpg\" rel=\"attachment wp-att-4726\"><img loading=\"lazy\" decoding=\"async\" class=\"alignnone size-full wp-image-4726\" src=\"https:\/\/www.abesata.org\/br\/wp-content\/uploads\/2016\/03\/IMG_20160302_092138181.jpg\" alt=\"IMG_20160302_092138181\" width=\"2952\" height=\"5248\" srcset=\"https:\/\/www.abesata.org\/br\/wp-content\/uploads\/2016\/03\/IMG_20160302_092138181.jpg 2952w, https:\/\/www.abesata.org\/br\/wp-content\/uploads\/2016\/03\/IMG_20160302_092138181-169x300.jpg 169w, https:\/\/www.abesata.org\/br\/wp-content\/uploads\/2016\/03\/IMG_20160302_092138181-768x1365.jpg 768w, https:\/\/www.abesata.org\/br\/wp-content\/uploads\/2016\/03\/IMG_20160302_092138181-576x1024.jpg 576w, https:\/\/www.abesata.org\/br\/wp-content\/uploads\/2016\/03\/IMG_20160302_092138181-84x150.jpg 84w\" sizes=\"(max-width: 2952px) 100vw, 2952px\" \/><\/a> <a href=\"https:\/\/www.abesata.org\/br\/wp-content\/uploads\/2016\/03\/IMG_20160302_092846053.jpg\" rel=\"attachment wp-att-4727\"><img loading=\"lazy\" decoding=\"async\" class=\"alignnone size-full wp-image-4727\" src=\"https:\/\/www.abesata.org\/br\/wp-content\/uploads\/2016\/03\/IMG_20160302_092846053.jpg\" alt=\"IMG_20160302_092846053\" width=\"5248\" height=\"2952\" srcset=\"https:\/\/www.abesata.org\/br\/wp-content\/uploads\/2016\/03\/IMG_20160302_092846053.jpg 5248w, https:\/\/www.abesata.org\/br\/wp-content\/uploads\/2016\/03\/IMG_20160302_092846053-300x169.jpg 300w, https:\/\/www.abesata.org\/br\/wp-content\/uploads\/2016\/03\/IMG_20160302_092846053-768x432.jpg 768w, https:\/\/www.abesata.org\/br\/wp-content\/uploads\/2016\/03\/IMG_20160302_092846053-1024x576.jpg 1024w, https:\/\/www.abesata.org\/br\/wp-content\/uploads\/2016\/03\/IMG_20160302_092846053-250x141.jpg 250w, https:\/\/www.abesata.org\/br\/wp-content\/uploads\/2016\/03\/IMG_20160302_092846053-150x84.jpg 150w\" sizes=\"(max-width: 5248px) 100vw, 5248px\" \/><\/a> <a href=\"https:\/\/www.abesata.org\/br\/wp-content\/uploads\/2016\/03\/IMG_20160302_111846707.jpg\" rel=\"attachment wp-att-4728\"><img loading=\"lazy\" decoding=\"async\" class=\"alignnone size-full wp-image-4728\" src=\"https:\/\/www.abesata.org\/br\/wp-content\/uploads\/2016\/03\/IMG_20160302_111846707.jpg\" alt=\"IMG_20160302_111846707\" width=\"5248\" height=\"2952\" srcset=\"https:\/\/www.abesata.org\/br\/wp-content\/uploads\/2016\/03\/IMG_20160302_111846707.jpg 5248w, https:\/\/www.abesata.org\/br\/wp-content\/uploads\/2016\/03\/IMG_20160302_111846707-300x169.jpg 300w, https:\/\/www.abesata.org\/br\/wp-content\/uploads\/2016\/03\/IMG_20160302_111846707-768x432.jpg 768w, https:\/\/www.abesata.org\/br\/wp-content\/uploads\/2016\/03\/IMG_20160302_111846707-1024x576.jpg 1024w, https:\/\/www.abesata.org\/br\/wp-content\/uploads\/2016\/03\/IMG_20160302_111846707-250x141.jpg 250w, https:\/\/www.abesata.org\/br\/wp-content\/uploads\/2016\/03\/IMG_20160302_111846707-150x84.jpg 150w\" sizes=\"(max-width: 5248px) 100vw, 5248px\" \/><\/a> <a href=\"https:\/\/www.abesata.org\/br\/wp-content\/uploads\/2016\/03\/IMG_20160303_113632117_HDR.jpg\" rel=\"attachment wp-att-4729\"><img loading=\"lazy\" decoding=\"async\" class=\"alignnone size-full wp-image-4729\" src=\"https:\/\/www.abesata.org\/br\/wp-content\/uploads\/2016\/03\/IMG_20160303_113632117_HDR.jpg\" alt=\"IMG_20160303_113632117_HDR\" width=\"2952\" height=\"5248\" srcset=\"https:\/\/www.abesata.org\/br\/wp-content\/uploads\/2016\/03\/IMG_20160303_113632117_HDR.jpg 2952w, https:\/\/www.abesata.org\/br\/wp-content\/uploads\/2016\/03\/IMG_20160303_113632117_HDR-169x300.jpg 169w, https:\/\/www.abesata.org\/br\/wp-content\/uploads\/2016\/03\/IMG_20160303_113632117_HDR-768x1365.jpg 768w, https:\/\/www.abesata.org\/br\/wp-content\/uploads\/2016\/03\/IMG_20160303_113632117_HDR-576x1024.jpg 576w, https:\/\/www.abesata.org\/br\/wp-content\/uploads\/2016\/03\/IMG_20160303_113632117_HDR-84x150.jpg 84w\" sizes=\"(max-width: 2952px) 100vw, 2952px\" \/><\/a> <a href=\"https:\/\/www.abesata.org\/br\/wp-content\/uploads\/2016\/03\/IMG_20160303_120945506.jpg\" rel=\"attachment wp-att-4730\"><img loading=\"lazy\" decoding=\"async\" class=\"alignnone size-full wp-image-4730\" src=\"https:\/\/www.abesata.org\/br\/wp-content\/uploads\/2016\/03\/IMG_20160303_120945506.jpg\" alt=\"IMG_20160303_120945506\" width=\"5248\" height=\"2952\" srcset=\"https:\/\/www.abesata.org\/br\/wp-content\/uploads\/2016\/03\/IMG_20160303_120945506.jpg 5248w, https:\/\/www.abesata.org\/br\/wp-content\/uploads\/2016\/03\/IMG_20160303_120945506-300x169.jpg 300w, https:\/\/www.abesata.org\/br\/wp-content\/uploads\/2016\/03\/IMG_20160303_120945506-768x432.jpg 768w, https:\/\/www.abesata.org\/br\/wp-content\/uploads\/2016\/03\/IMG_20160303_120945506-1024x576.jpg 1024w, https:\/\/www.abesata.org\/br\/wp-content\/uploads\/2016\/03\/IMG_20160303_120945506-250x141.jpg 250w, https:\/\/www.abesata.org\/br\/wp-content\/uploads\/2016\/03\/IMG_20160303_120945506-150x84.jpg 150w\" sizes=\"(max-width: 5248px) 100vw, 5248px\" \/><\/a> <a href=\"https:\/\/www.abesata.org\/br\/wp-content\/uploads\/2016\/03\/IMG_20160303_125155541.jpg\" rel=\"attachment wp-att-4731\"><img loading=\"lazy\" decoding=\"async\" class=\"alignnone size-full wp-image-4731\" src=\"https:\/\/www.abesata.org\/br\/wp-content\/uploads\/2016\/03\/IMG_20160303_125155541.jpg\" alt=\"IMG_20160303_125155541\" width=\"5248\" height=\"2952\" srcset=\"https:\/\/www.abesata.org\/br\/wp-content\/uploads\/2016\/03\/IMG_20160303_125155541.jpg 5248w, https:\/\/www.abesata.org\/br\/wp-content\/uploads\/2016\/03\/IMG_20160303_125155541-300x169.jpg 300w, https:\/\/www.abesata.org\/br\/wp-content\/uploads\/2016\/03\/IMG_20160303_125155541-768x432.jpg 768w, https:\/\/www.abesata.org\/br\/wp-content\/uploads\/2016\/03\/IMG_20160303_125155541-1024x576.jpg 1024w, https:\/\/www.abesata.org\/br\/wp-content\/uploads\/2016\/03\/IMG_20160303_125155541-250x141.jpg 250w, https:\/\/www.abesata.org\/br\/wp-content\/uploads\/2016\/03\/IMG_20160303_125155541-150x84.jpg 150w\" sizes=\"(max-width: 5248px) 100vw, 5248px\" \/><\/a> <a href=\"https:\/\/www.abesata.org\/br\/wp-content\/uploads\/2016\/03\/IMG_20160303_125221395.jpg\" rel=\"attachment wp-att-4732\"><img loading=\"lazy\" decoding=\"async\" class=\"alignnone size-full wp-image-4732\" src=\"https:\/\/www.abesata.org\/br\/wp-content\/uploads\/2016\/03\/IMG_20160303_125221395.jpg\" alt=\"IMG_20160303_125221395\" width=\"5248\" height=\"2952\" srcset=\"https:\/\/www.abesata.org\/br\/wp-content\/uploads\/2016\/03\/IMG_20160303_125221395.jpg 5248w, https:\/\/www.abesata.org\/br\/wp-content\/uploads\/2016\/03\/IMG_20160303_125221395-300x169.jpg 300w, https:\/\/www.abesata.org\/br\/wp-content\/uploads\/2016\/03\/IMG_20160303_125221395-768x432.jpg 768w, https:\/\/www.abesata.org\/br\/wp-content\/uploads\/2016\/03\/IMG_20160303_125221395-1024x576.jpg 1024w, https:\/\/www.abesata.org\/br\/wp-content\/uploads\/2016\/03\/IMG_20160303_125221395-250x141.jpg 250w, https:\/\/www.abesata.org\/br\/wp-content\/uploads\/2016\/03\/IMG_20160303_125221395-150x84.jpg 150w\" sizes=\"(max-width: 5248px) 100vw, 5248px\" \/><\/a><\/p>\n","protected":false},"excerpt":{"rendered":"","protected":false},"author":1,"featured_media":0,"parent":0,"menu_order":0,"comment_status":"closed","ping_status":"closed","template":"","meta":{"footnotes":""},"class_list":["post-4721","page","type-page","status-publish","hentry"],"yoast_head":"<!-- This site is optimized with the Yoast SEO plugin v26.5 - https:\/\/yoast.com\/wordpress\/plugins\/seo\/ -->\n<title>Ground Handling International Conference - Bali - 02 e 03.03.2016 - Abesata<\/title>\n<meta name=\"robots\" content=\"index, follow, max-snippet:-1, max-image-preview:large, max-video-preview:-1\" \/>\n<link rel=\"canonical\" href=\"https:\/\/www.abesata.org\/br\/ground-handling-international-conference-bali-01-a-04-mar-2016\/\" \/>\n<meta property=\"og:locale\" content=\"pt_BR\" \/>\n<meta property=\"og:type\" content=\"article\" \/>\n<meta property=\"og:title\" content=\"Ground Handling International Conference - Bali - 02 e 03.03.2016 - Abesata\" \/>\n<meta property=\"og:url\" content=\"https:\/\/www.abesata.org\/br\/ground-handling-international-conference-bali-01-a-04-mar-2016\/\" \/>\n<meta property=\"og:site_name\" content=\"Abesata\" \/>\n<meta property=\"article:publisher\" content=\"https:\/\/www.facebook.com\/abesata.org\/\" \/>\n<meta property=\"article:modified_time\" content=\"2016-03-08T13:07:16+00:00\" \/>\n<meta property=\"og:image\" content=\"http:\/\/www.abesata.org\/br\/wp-content\/uploads\/2016\/03\/2eda3e45-271a-49c4-ae3f-054b2e5901c8.jpg\" \/>\n<meta name=\"twitter:card\" content=\"summary_large_image\" \/>\n<script type=\"application\/ld+json\" class=\"yoast-schema-graph\">{\"@context\":\"https:\/\/schema.org\",\"@graph\":[{\"@type\":\"WebPage\",\"@id\":\"https:\/\/www.abesata.org\/br\/ground-handling-international-conference-bali-01-a-04-mar-2016\/\",\"url\":\"https:\/\/www.abesata.org\/br\/ground-handling-international-conference-bali-01-a-04-mar-2016\/\",\"name\":\"Ground Handling International Conference - Bali - 02 e 03.03.2016 - Abesata\",\"isPartOf\":{\"@id\":\"https:\/\/www.abesata.org\/br\/#website\"},\"primaryImageOfPage\":{\"@id\":\"https:\/\/www.abesata.org\/br\/ground-handling-international-conference-bali-01-a-04-mar-2016\/#primaryimage\"},\"image\":{\"@id\":\"https:\/\/www.abesata.org\/br\/ground-handling-international-conference-bali-01-a-04-mar-2016\/#primaryimage\"},\"thumbnailUrl\":\"http:\/\/www.abesata.org\/br\/wp-content\/uploads\/2016\/03\/2eda3e45-271a-49c4-ae3f-054b2e5901c8.jpg\",\"datePublished\":\"2016-03-07T22:06:36+00:00\",\"dateModified\":\"2016-03-08T13:07:16+00:00\",\"breadcrumb\":{\"@id\":\"https:\/\/www.abesata.org\/br\/ground-handling-international-conference-bali-01-a-04-mar-2016\/#breadcrumb\"},\"inLanguage\":\"pt-BR\",\"potentialAction\":[{\"@type\":\"ReadAction\",\"target\":[\"https:\/\/www.abesata.org\/br\/ground-handling-international-conference-bali-01-a-04-mar-2016\/\"]}]},{\"@type\":\"ImageObject\",\"inLanguage\":\"pt-BR\",\"@id\":\"https:\/\/www.abesata.org\/br\/ground-handling-international-conference-bali-01-a-04-mar-2016\/#primaryimage\",\"url\":\"http:\/\/www.abesata.org\/br\/wp-content\/uploads\/2016\/03\/2eda3e45-271a-49c4-ae3f-054b2e5901c8.jpg\",\"contentUrl\":\"http:\/\/www.abesata.org\/br\/wp-content\/uploads\/2016\/03\/2eda3e45-271a-49c4-ae3f-054b2e5901c8.jpg\"},{\"@type\":\"BreadcrumbList\",\"@id\":\"https:\/\/www.abesata.org\/br\/ground-handling-international-conference-bali-01-a-04-mar-2016\/#breadcrumb\",\"itemListElement\":[{\"@type\":\"ListItem\",\"position\":1,\"name\":\"In\u00edcio\",\"item\":\"https:\/\/www.abesata.org\/br\/\"},{\"@type\":\"ListItem\",\"position\":2,\"name\":\"Ground Handling International Conference &#8211; Bali &#8211; 02 e 03.03.2016\"}]},{\"@type\":\"WebSite\",\"@id\":\"https:\/\/www.abesata.org\/br\/#website\",\"url\":\"https:\/\/www.abesata.org\/br\/\",\"name\":\"Abesata\",\"description\":\"Associa\u00e7\u00e3o Brasileira das Empresas de Servi\u00e7os Auxiliares de Transporte A\u00e9reo\",\"publisher\":{\"@id\":\"https:\/\/www.abesata.org\/br\/#organization\"},\"potentialAction\":[{\"@type\":\"SearchAction\",\"target\":{\"@type\":\"EntryPoint\",\"urlTemplate\":\"https:\/\/www.abesata.org\/br\/?s={search_term_string}\"},\"query-input\":{\"@type\":\"PropertyValueSpecification\",\"valueRequired\":true,\"valueName\":\"search_term_string\"}}],\"inLanguage\":\"pt-BR\"},{\"@type\":\"Organization\",\"@id\":\"https:\/\/www.abesata.org\/br\/#organization\",\"name\":\"Associa\u00e7\u00e3o Brasileira das Empresas de Servi\u00e7os Auxiliares de Transporte A\u00e9reo\",\"alternateName\":\"Abesata\",\"url\":\"https:\/\/www.abesata.org\/br\/\",\"logo\":{\"@type\":\"ImageObject\",\"inLanguage\":\"pt-BR\",\"@id\":\"https:\/\/www.abesata.org\/br\/#\/schema\/logo\/image\/\",\"url\":\"https:\/\/www.abesata.org\/br\/wp-content\/uploads\/2023\/10\/Abesata.png\",\"contentUrl\":\"https:\/\/www.abesata.org\/br\/wp-content\/uploads\/2023\/10\/Abesata.png\",\"width\":1063,\"height\":591,\"caption\":\"Associa\u00e7\u00e3o Brasileira das Empresas de Servi\u00e7os Auxiliares de Transporte A\u00e9reo\"},\"image\":{\"@id\":\"https:\/\/www.abesata.org\/br\/#\/schema\/logo\/image\/\"},\"sameAs\":[\"https:\/\/www.facebook.com\/abesata.org\/\",\"https:\/\/www.instagram.com\/abesata_gh\/\",\"https:\/\/br.linkedin.com\/company\/abesata\"]}]}<\/script>\n<!-- \/ Yoast SEO plugin. -->","yoast_head_json":{"title":"Ground Handling International Conference - Bali - 02 e 03.03.2016 - Abesata","robots":{"index":"index","follow":"follow","max-snippet":"max-snippet:-1","max-image-preview":"max-image-preview:large","max-video-preview":"max-video-preview:-1"},"canonical":"https:\/\/www.abesata.org\/br\/ground-handling-international-conference-bali-01-a-04-mar-2016\/","og_locale":"pt_BR","og_type":"article","og_title":"Ground Handling International Conference - Bali - 02 e 03.03.2016 - Abesata","og_url":"https:\/\/www.abesata.org\/br\/ground-handling-international-conference-bali-01-a-04-mar-2016\/","og_site_name":"Abesata","article_publisher":"https:\/\/www.facebook.com\/abesata.org\/","article_modified_time":"2016-03-08T13:07:16+00:00","og_image":[{"url":"http:\/\/www.abesata.org\/br\/wp-content\/uploads\/2016\/03\/2eda3e45-271a-49c4-ae3f-054b2e5901c8.jpg","type":"","width":"","height":""}],"twitter_card":"summary_large_image","schema":{"@context":"https:\/\/schema.org","@graph":[{"@type":"WebPage","@id":"https:\/\/www.abesata.org\/br\/ground-handling-international-conference-bali-01-a-04-mar-2016\/","url":"https:\/\/www.abesata.org\/br\/ground-handling-international-conference-bali-01-a-04-mar-2016\/","name":"Ground Handling International Conference - Bali - 02 e 03.03.2016 - Abesata","isPartOf":{"@id":"https:\/\/www.abesata.org\/br\/#website"},"primaryImageOfPage":{"@id":"https:\/\/www.abesata.org\/br\/ground-handling-international-conference-bali-01-a-04-mar-2016\/#primaryimage"},"image":{"@id":"https:\/\/www.abesata.org\/br\/ground-handling-international-conference-bali-01-a-04-mar-2016\/#primaryimage"},"thumbnailUrl":"http:\/\/www.abesata.org\/br\/wp-content\/uploads\/2016\/03\/2eda3e45-271a-49c4-ae3f-054b2e5901c8.jpg","datePublished":"2016-03-07T22:06:36+00:00","dateModified":"2016-03-08T13:07:16+00:00","breadcrumb":{"@id":"https:\/\/www.abesata.org\/br\/ground-handling-international-conference-bali-01-a-04-mar-2016\/#breadcrumb"},"inLanguage":"pt-BR","potentialAction":[{"@type":"ReadAction","target":["https:\/\/www.abesata.org\/br\/ground-handling-international-conference-bali-01-a-04-mar-2016\/"]}]},{"@type":"ImageObject","inLanguage":"pt-BR","@id":"https:\/\/www.abesata.org\/br\/ground-handling-international-conference-bali-01-a-04-mar-2016\/#primaryimage","url":"http:\/\/www.abesata.org\/br\/wp-content\/uploads\/2016\/03\/2eda3e45-271a-49c4-ae3f-054b2e5901c8.jpg","contentUrl":"http:\/\/www.abesata.org\/br\/wp-content\/uploads\/2016\/03\/2eda3e45-271a-49c4-ae3f-054b2e5901c8.jpg"},{"@type":"BreadcrumbList","@id":"https:\/\/www.abesata.org\/br\/ground-handling-international-conference-bali-01-a-04-mar-2016\/#breadcrumb","itemListElement":[{"@type":"ListItem","position":1,"name":"In\u00edcio","item":"https:\/\/www.abesata.org\/br\/"},{"@type":"ListItem","position":2,"name":"Ground Handling International Conference &#8211; Bali &#8211; 02 e 03.03.2016"}]},{"@type":"WebSite","@id":"https:\/\/www.abesata.org\/br\/#website","url":"https:\/\/www.abesata.org\/br\/","name":"Abesata","description":"Associa\u00e7\u00e3o Brasileira das Empresas de Servi\u00e7os Auxiliares de Transporte A\u00e9reo","publisher":{"@id":"https:\/\/www.abesata.org\/br\/#organization"},"potentialAction":[{"@type":"SearchAction","target":{"@type":"EntryPoint","urlTemplate":"https:\/\/www.abesata.org\/br\/?s={search_term_string}"},"query-input":{"@type":"PropertyValueSpecification","valueRequired":true,"valueName":"search_term_string"}}],"inLanguage":"pt-BR"},{"@type":"Organization","@id":"https:\/\/www.abesata.org\/br\/#organization","name":"Associa\u00e7\u00e3o Brasileira das Empresas de Servi\u00e7os Auxiliares de Transporte A\u00e9reo","alternateName":"Abesata","url":"https:\/\/www.abesata.org\/br\/","logo":{"@type":"ImageObject","inLanguage":"pt-BR","@id":"https:\/\/www.abesata.org\/br\/#\/schema\/logo\/image\/","url":"https:\/\/www.abesata.org\/br\/wp-content\/uploads\/2023\/10\/Abesata.png","contentUrl":"https:\/\/www.abesata.org\/br\/wp-content\/uploads\/2023\/10\/Abesata.png","width":1063,"height":591,"caption":"Associa\u00e7\u00e3o Brasileira das Empresas de Servi\u00e7os Auxiliares de Transporte A\u00e9reo"},"image":{"@id":"https:\/\/www.abesata.org\/br\/#\/schema\/logo\/image\/"},"sameAs":["https:\/\/www.facebook.com\/abesata.org\/","https:\/\/www.instagram.com\/abesata_gh\/","https:\/\/br.linkedin.com\/company\/abesata"]}]}},"_links":{"self":[{"href":"https:\/\/www.abesata.org\/br\/wp-json\/wp\/v2\/pages\/4721","targetHints":{"allow":["GET"]}}],"collection":[{"href":"https:\/\/www.abesata.org\/br\/wp-json\/wp\/v2\/pages"}],"about":[{"href":"https:\/\/www.abesata.org\/br\/wp-json\/wp\/v2\/types\/page"}],"author":[{"embeddable":true,"href":"https:\/\/www.abesata.org\/br\/wp-json\/wp\/v2\/users\/1"}],"replies":[{"embeddable":true,"href":"https:\/\/www.abesata.org\/br\/wp-json\/wp\/v2\/comments?post=4721"}],"version-history":[{"count":0,"href":"https:\/\/www.abesata.org\/br\/wp-json\/wp\/v2\/pages\/4721\/revisions"}],"wp:attachment":[{"href":"https:\/\/www.abesata.org\/br\/wp-json\/wp\/v2\/media?parent=4721"}],"curies":[{"name":"wp","href":"https:\/\/api.w.org\/{rel}","templated":true}]}}