{"id":5469,"date":"2016-08-18T23:45:20","date_gmt":"2016-08-18T23:45:20","guid":{"rendered":"http:\/\/www.abesata.org\/br\/?page_id=5469"},"modified":"2016-08-18T23:45:20","modified_gmt":"2016-08-18T23:45:20","slug":"evento-audiencia-publica-sobre-esatas-no-senado-federal","status":"publish","type":"page","link":"https:\/\/www.abesata.org\/br\/evento-audiencia-publica-sobre-esatas-no-senado-federal\/","title":{"rendered":"Evento Audi\u00eancia P\u00fablica sobre ESATAS no Senado Federal"},"content":{"rendered":"<p><a href=\"https:\/\/www.abesata.org\/br\/wp-content\/uploads\/2016\/08\/1.jpg\" rel=\"attachment wp-att-5470\"><img fetchpriority=\"high\" decoding=\"async\" class=\"alignnone size-full wp-image-5470\" src=\"https:\/\/www.abesata.org\/br\/wp-content\/uploads\/2016\/08\/1.jpg\" alt=\"1\" width=\"5184\" height=\"3456\" srcset=\"https:\/\/www.abesata.org\/br\/wp-content\/uploads\/2016\/08\/1.jpg 5184w, https:\/\/www.abesata.org\/br\/wp-content\/uploads\/2016\/08\/1-300x200.jpg 300w, https:\/\/www.abesata.org\/br\/wp-content\/uploads\/2016\/08\/1-768x512.jpg 768w, https:\/\/www.abesata.org\/br\/wp-content\/uploads\/2016\/08\/1-1024x683.jpg 1024w, https:\/\/www.abesata.org\/br\/wp-content\/uploads\/2016\/08\/1-225x150.jpg 225w, https:\/\/www.abesata.org\/br\/wp-content\/uploads\/2016\/08\/1-150x100.jpg 150w\" sizes=\"(max-width: 5184px) 100vw, 5184px\" \/><\/a> <a href=\"https:\/\/www.abesata.org\/br\/wp-content\/uploads\/2016\/08\/2.jpg\" rel=\"attachment wp-att-5471\"><img decoding=\"async\" class=\"alignnone size-full wp-image-5471\" src=\"https:\/\/www.abesata.org\/br\/wp-content\/uploads\/2016\/08\/2.jpg\" alt=\"2\" width=\"5184\" height=\"3456\" srcset=\"https:\/\/www.abesata.org\/br\/wp-content\/uploads\/2016\/08\/2.jpg 5184w, https:\/\/www.abesata.org\/br\/wp-content\/uploads\/2016\/08\/2-300x200.jpg 300w, https:\/\/www.abesata.org\/br\/wp-content\/uploads\/2016\/08\/2-768x512.jpg 768w, https:\/\/www.abesata.org\/br\/wp-content\/uploads\/2016\/08\/2-1024x683.jpg 1024w, https:\/\/www.abesata.org\/br\/wp-content\/uploads\/2016\/08\/2-225x150.jpg 225w, https:\/\/www.abesata.org\/br\/wp-content\/uploads\/2016\/08\/2-150x100.jpg 150w\" sizes=\"(max-width: 5184px) 100vw, 5184px\" \/><\/a> <a href=\"https:\/\/www.abesata.org\/br\/wp-content\/uploads\/2016\/08\/3.jpg\" rel=\"attachment wp-att-5472\"><img decoding=\"async\" class=\"alignnone size-full wp-image-5472\" src=\"https:\/\/www.abesata.org\/br\/wp-content\/uploads\/2016\/08\/3.jpg\" alt=\"3\" width=\"5184\" height=\"3456\" srcset=\"https:\/\/www.abesata.org\/br\/wp-content\/uploads\/2016\/08\/3.jpg 5184w, https:\/\/www.abesata.org\/br\/wp-content\/uploads\/2016\/08\/3-300x200.jpg 300w, https:\/\/www.abesata.org\/br\/wp-content\/uploads\/2016\/08\/3-768x512.jpg 768w, https:\/\/www.abesata.org\/br\/wp-content\/uploads\/2016\/08\/3-1024x683.jpg 1024w, https:\/\/www.abesata.org\/br\/wp-content\/uploads\/2016\/08\/3-225x150.jpg 225w, https:\/\/www.abesata.org\/br\/wp-content\/uploads\/2016\/08\/3-150x100.jpg 150w\" sizes=\"(max-width: 5184px) 100vw, 5184px\" \/><\/a> <a href=\"https:\/\/www.abesata.org\/br\/wp-content\/uploads\/2016\/08\/4.jpg\" rel=\"attachment wp-att-5473\"><img loading=\"lazy\" decoding=\"async\" class=\"alignnone size-full wp-image-5473\" src=\"https:\/\/www.abesata.org\/br\/wp-content\/uploads\/2016\/08\/4.jpg\" alt=\"4\" width=\"5184\" height=\"3456\" srcset=\"https:\/\/www.abesata.org\/br\/wp-content\/uploads\/2016\/08\/4.jpg 5184w, https:\/\/www.abesata.org\/br\/wp-content\/uploads\/2016\/08\/4-300x200.jpg 300w, https:\/\/www.abesata.org\/br\/wp-content\/uploads\/2016\/08\/4-768x512.jpg 768w, https:\/\/www.abesata.org\/br\/wp-content\/uploads\/2016\/08\/4-1024x683.jpg 1024w, https:\/\/www.abesata.org\/br\/wp-content\/uploads\/2016\/08\/4-225x150.jpg 225w, https:\/\/www.abesata.org\/br\/wp-content\/uploads\/2016\/08\/4-150x100.jpg 150w\" sizes=\"(max-width: 5184px) 100vw, 5184px\" \/><\/a> <a href=\"https:\/\/www.abesata.org\/br\/wp-content\/uploads\/2016\/08\/5.jpg\" rel=\"attachment wp-att-5474\"><img loading=\"lazy\" decoding=\"async\" class=\"alignnone size-full wp-image-5474\" src=\"https:\/\/www.abesata.org\/br\/wp-content\/uploads\/2016\/08\/5.jpg\" alt=\"5\" width=\"5184\" height=\"3456\" srcset=\"https:\/\/www.abesata.org\/br\/wp-content\/uploads\/2016\/08\/5.jpg 5184w, https:\/\/www.abesata.org\/br\/wp-content\/uploads\/2016\/08\/5-300x200.jpg 300w, https:\/\/www.abesata.org\/br\/wp-content\/uploads\/2016\/08\/5-768x512.jpg 768w, https:\/\/www.abesata.org\/br\/wp-content\/uploads\/2016\/08\/5-1024x683.jpg 1024w, https:\/\/www.abesata.org\/br\/wp-content\/uploads\/2016\/08\/5-225x150.jpg 225w, https:\/\/www.abesata.org\/br\/wp-content\/uploads\/2016\/08\/5-150x100.jpg 150w\" sizes=\"(max-width: 5184px) 100vw, 5184px\" \/><\/a> <a href=\"https:\/\/www.abesata.org\/br\/wp-content\/uploads\/2016\/08\/6.jpg\" rel=\"attachment wp-att-5475\"><img loading=\"lazy\" decoding=\"async\" class=\"alignnone size-full wp-image-5475\" src=\"https:\/\/www.abesata.org\/br\/wp-content\/uploads\/2016\/08\/6.jpg\" alt=\"6\" width=\"860\" height=\"570\" srcset=\"https:\/\/www.abesata.org\/br\/wp-content\/uploads\/2016\/08\/6.jpg 860w, https:\/\/www.abesata.org\/br\/wp-content\/uploads\/2016\/08\/6-300x199.jpg 300w, https:\/\/www.abesata.org\/br\/wp-content\/uploads\/2016\/08\/6-768x509.jpg 768w, https:\/\/www.abesata.org\/br\/wp-content\/uploads\/2016\/08\/6-226x150.jpg 226w, https:\/\/www.abesata.org\/br\/wp-content\/uploads\/2016\/08\/6-150x99.jpg 150w\" sizes=\"(max-width: 860px) 100vw, 860px\" \/><\/a> <a href=\"https:\/\/www.abesata.org\/br\/wp-content\/uploads\/2016\/08\/7.jpg\" rel=\"attachment wp-att-5476\"><img loading=\"lazy\" decoding=\"async\" class=\"alignnone size-full wp-image-5476\" src=\"https:\/\/www.abesata.org\/br\/wp-content\/uploads\/2016\/08\/7.jpg\" alt=\"7\" width=\"5184\" height=\"3456\" srcset=\"https:\/\/www.abesata.org\/br\/wp-content\/uploads\/2016\/08\/7.jpg 5184w, https:\/\/www.abesata.org\/br\/wp-content\/uploads\/2016\/08\/7-300x200.jpg 300w, https:\/\/www.abesata.org\/br\/wp-content\/uploads\/2016\/08\/7-768x512.jpg 768w, https:\/\/www.abesata.org\/br\/wp-content\/uploads\/2016\/08\/7-1024x683.jpg 1024w, https:\/\/www.abesata.org\/br\/wp-content\/uploads\/2016\/08\/7-225x150.jpg 225w, https:\/\/www.abesata.org\/br\/wp-content\/uploads\/2016\/08\/7-150x100.jpg 150w\" sizes=\"(max-width: 5184px) 100vw, 5184px\" \/><\/a> <a href=\"https:\/\/www.abesata.org\/br\/wp-content\/uploads\/2016\/08\/8.jpg\" rel=\"attachment wp-att-5477\"><img loading=\"lazy\" decoding=\"async\" class=\"alignnone size-full wp-image-5477\" src=\"https:\/\/www.abesata.org\/br\/wp-content\/uploads\/2016\/08\/8.jpg\" alt=\"8\" width=\"5184\" height=\"3456\" srcset=\"https:\/\/www.abesata.org\/br\/wp-content\/uploads\/2016\/08\/8.jpg 5184w, https:\/\/www.abesata.org\/br\/wp-content\/uploads\/2016\/08\/8-300x200.jpg 300w, https:\/\/www.abesata.org\/br\/wp-content\/uploads\/2016\/08\/8-768x512.jpg 768w, https:\/\/www.abesata.org\/br\/wp-content\/uploads\/2016\/08\/8-1024x683.jpg 1024w, https:\/\/www.abesata.org\/br\/wp-content\/uploads\/2016\/08\/8-225x150.jpg 225w, https:\/\/www.abesata.org\/br\/wp-content\/uploads\/2016\/08\/8-150x100.jpg 150w\" sizes=\"(max-width: 5184px) 100vw, 5184px\" \/><\/a> <a href=\"https:\/\/www.abesata.org\/br\/wp-content\/uploads\/2016\/08\/9.jpg\" rel=\"attachment wp-att-5478\"><img loading=\"lazy\" decoding=\"async\" class=\"alignnone size-full wp-image-5478\" src=\"https:\/\/www.abesata.org\/br\/wp-content\/uploads\/2016\/08\/9.jpg\" alt=\"9\" width=\"5184\" height=\"3456\" srcset=\"https:\/\/www.abesata.org\/br\/wp-content\/uploads\/2016\/08\/9.jpg 5184w, https:\/\/www.abesata.org\/br\/wp-content\/uploads\/2016\/08\/9-300x200.jpg 300w, https:\/\/www.abesata.org\/br\/wp-content\/uploads\/2016\/08\/9-768x512.jpg 768w, https:\/\/www.abesata.org\/br\/wp-content\/uploads\/2016\/08\/9-1024x683.jpg 1024w, https:\/\/www.abesata.org\/br\/wp-content\/uploads\/2016\/08\/9-225x150.jpg 225w, https:\/\/www.abesata.org\/br\/wp-content\/uploads\/2016\/08\/9-150x100.jpg 150w\" sizes=\"(max-width: 5184px) 100vw, 5184px\" \/><\/a> <a href=\"https:\/\/www.abesata.org\/br\/wp-content\/uploads\/2016\/08\/10.jpg\" rel=\"attachment wp-att-5479\"><img loading=\"lazy\" decoding=\"async\" class=\"alignnone size-full wp-image-5479\" src=\"https:\/\/www.abesata.org\/br\/wp-content\/uploads\/2016\/08\/10.jpg\" alt=\"10\" width=\"5184\" height=\"3456\" srcset=\"https:\/\/www.abesata.org\/br\/wp-content\/uploads\/2016\/08\/10.jpg 5184w, https:\/\/www.abesata.org\/br\/wp-content\/uploads\/2016\/08\/10-300x200.jpg 300w, https:\/\/www.abesata.org\/br\/wp-content\/uploads\/2016\/08\/10-768x512.jpg 768w, https:\/\/www.abesata.org\/br\/wp-content\/uploads\/2016\/08\/10-1024x683.jpg 1024w, https:\/\/www.abesata.org\/br\/wp-content\/uploads\/2016\/08\/10-225x150.jpg 225w, https:\/\/www.abesata.org\/br\/wp-content\/uploads\/2016\/08\/10-150x100.jpg 150w\" sizes=\"(max-width: 5184px) 100vw, 5184px\" \/><\/a> <a href=\"https:\/\/www.abesata.org\/br\/wp-content\/uploads\/2016\/08\/11.jpg\" rel=\"attachment wp-att-5481\"><img loading=\"lazy\" decoding=\"async\" class=\"alignnone size-full wp-image-5481\" src=\"https:\/\/www.abesata.org\/br\/wp-content\/uploads\/2016\/08\/11.jpg\" alt=\"11\" width=\"5184\" height=\"3456\" srcset=\"https:\/\/www.abesata.org\/br\/wp-content\/uploads\/2016\/08\/11.jpg 5184w, https:\/\/www.abesata.org\/br\/wp-content\/uploads\/2016\/08\/11-300x200.jpg 300w, https:\/\/www.abesata.org\/br\/wp-content\/uploads\/2016\/08\/11-768x512.jpg 768w, https:\/\/www.abesata.org\/br\/wp-content\/uploads\/2016\/08\/11-1024x683.jpg 1024w, https:\/\/www.abesata.org\/br\/wp-content\/uploads\/2016\/08\/11-225x150.jpg 225w, https:\/\/www.abesata.org\/br\/wp-content\/uploads\/2016\/08\/11-150x100.jpg 150w\" sizes=\"(max-width: 5184px) 100vw, 5184px\" \/><\/a> <a href=\"https:\/\/www.abesata.org\/br\/wp-content\/uploads\/2016\/08\/12.jpg\" rel=\"attachment wp-att-5482\"><img loading=\"lazy\" decoding=\"async\" class=\"alignnone size-full wp-image-5482\" src=\"https:\/\/www.abesata.org\/br\/wp-content\/uploads\/2016\/08\/12.jpg\" alt=\"12\" width=\"5184\" height=\"3456\" srcset=\"https:\/\/www.abesata.org\/br\/wp-content\/uploads\/2016\/08\/12.jpg 5184w, https:\/\/www.abesata.org\/br\/wp-content\/uploads\/2016\/08\/12-300x200.jpg 300w, https:\/\/www.abesata.org\/br\/wp-content\/uploads\/2016\/08\/12-768x512.jpg 768w, https:\/\/www.abesata.org\/br\/wp-content\/uploads\/2016\/08\/12-1024x683.jpg 1024w, https:\/\/www.abesata.org\/br\/wp-content\/uploads\/2016\/08\/12-225x150.jpg 225w, https:\/\/www.abesata.org\/br\/wp-content\/uploads\/2016\/08\/12-150x100.jpg 150w\" sizes=\"(max-width: 5184px) 100vw, 5184px\" \/><\/a><\/p>\n","protected":false},"excerpt":{"rendered":"","protected":false},"author":1,"featured_media":0,"parent":0,"menu_order":0,"comment_status":"closed","ping_status":"closed","template":"templates\/template-onecolumn.php","meta":{"footnotes":""},"class_list":["post-5469","page","type-page","status-publish","hentry"],"yoast_head":"<!-- This site is optimized with the Yoast SEO plugin v26.5 - https:\/\/yoast.com\/wordpress\/plugins\/seo\/ -->\n<title>Evento Audi\u00eancia P\u00fablica sobre ESATAS no Senado Federal - Abesata<\/title>\n<meta name=\"robots\" content=\"index, follow, max-snippet:-1, max-image-preview:large, max-video-preview:-1\" \/>\n<link rel=\"canonical\" href=\"https:\/\/www.abesata.org\/br\/evento-audiencia-publica-sobre-esatas-no-senado-federal\/\" \/>\n<meta property=\"og:locale\" content=\"pt_BR\" \/>\n<meta property=\"og:type\" content=\"article\" \/>\n<meta property=\"og:title\" content=\"Evento Audi\u00eancia P\u00fablica sobre ESATAS no Senado Federal - Abesata\" \/>\n<meta property=\"og:url\" content=\"https:\/\/www.abesata.org\/br\/evento-audiencia-publica-sobre-esatas-no-senado-federal\/\" \/>\n<meta property=\"og:site_name\" content=\"Abesata\" \/>\n<meta property=\"article:publisher\" content=\"https:\/\/www.facebook.com\/abesata.org\/\" \/>\n<meta property=\"og:image\" content=\"http:\/\/www.abesata.org\/br\/wp-content\/uploads\/2016\/08\/1.jpg\" \/>\n<meta name=\"twitter:card\" content=\"summary_large_image\" \/>\n<script type=\"application\/ld+json\" class=\"yoast-schema-graph\">{\"@context\":\"https:\/\/schema.org\",\"@graph\":[{\"@type\":\"WebPage\",\"@id\":\"https:\/\/www.abesata.org\/br\/evento-audiencia-publica-sobre-esatas-no-senado-federal\/\",\"url\":\"https:\/\/www.abesata.org\/br\/evento-audiencia-publica-sobre-esatas-no-senado-federal\/\",\"name\":\"Evento Audi\u00eancia P\u00fablica sobre ESATAS no Senado Federal - Abesata\",\"isPartOf\":{\"@id\":\"https:\/\/www.abesata.org\/br\/#website\"},\"primaryImageOfPage\":{\"@id\":\"https:\/\/www.abesata.org\/br\/evento-audiencia-publica-sobre-esatas-no-senado-federal\/#primaryimage\"},\"image\":{\"@id\":\"https:\/\/www.abesata.org\/br\/evento-audiencia-publica-sobre-esatas-no-senado-federal\/#primaryimage\"},\"thumbnailUrl\":\"http:\/\/www.abesata.org\/br\/wp-content\/uploads\/2016\/08\/1.jpg\",\"datePublished\":\"2016-08-18T23:45:20+00:00\",\"breadcrumb\":{\"@id\":\"https:\/\/www.abesata.org\/br\/evento-audiencia-publica-sobre-esatas-no-senado-federal\/#breadcrumb\"},\"inLanguage\":\"pt-BR\",\"potentialAction\":[{\"@type\":\"ReadAction\",\"target\":[\"https:\/\/www.abesata.org\/br\/evento-audiencia-publica-sobre-esatas-no-senado-federal\/\"]}]},{\"@type\":\"ImageObject\",\"inLanguage\":\"pt-BR\",\"@id\":\"https:\/\/www.abesata.org\/br\/evento-audiencia-publica-sobre-esatas-no-senado-federal\/#primaryimage\",\"url\":\"http:\/\/www.abesata.org\/br\/wp-content\/uploads\/2016\/08\/1.jpg\",\"contentUrl\":\"http:\/\/www.abesata.org\/br\/wp-content\/uploads\/2016\/08\/1.jpg\"},{\"@type\":\"BreadcrumbList\",\"@id\":\"https:\/\/www.abesata.org\/br\/evento-audiencia-publica-sobre-esatas-no-senado-federal\/#breadcrumb\",\"itemListElement\":[{\"@type\":\"ListItem\",\"position\":1,\"name\":\"In\u00edcio\",\"item\":\"https:\/\/www.abesata.org\/br\/\"},{\"@type\":\"ListItem\",\"position\":2,\"name\":\"Evento Audi\u00eancia P\u00fablica sobre ESATAS no Senado Federal\"}]},{\"@type\":\"WebSite\",\"@id\":\"https:\/\/www.abesata.org\/br\/#website\",\"url\":\"https:\/\/www.abesata.org\/br\/\",\"name\":\"Abesata\",\"description\":\"Associa\u00e7\u00e3o Brasileira das Empresas de Servi\u00e7os Auxiliares de Transporte A\u00e9reo\",\"publisher\":{\"@id\":\"https:\/\/www.abesata.org\/br\/#organization\"},\"potentialAction\":[{\"@type\":\"SearchAction\",\"target\":{\"@type\":\"EntryPoint\",\"urlTemplate\":\"https:\/\/www.abesata.org\/br\/?s={search_term_string}\"},\"query-input\":{\"@type\":\"PropertyValueSpecification\",\"valueRequired\":true,\"valueName\":\"search_term_string\"}}],\"inLanguage\":\"pt-BR\"},{\"@type\":\"Organization\",\"@id\":\"https:\/\/www.abesata.org\/br\/#organization\",\"name\":\"Associa\u00e7\u00e3o Brasileira das Empresas de Servi\u00e7os Auxiliares de Transporte A\u00e9reo\",\"alternateName\":\"Abesata\",\"url\":\"https:\/\/www.abesata.org\/br\/\",\"logo\":{\"@type\":\"ImageObject\",\"inLanguage\":\"pt-BR\",\"@id\":\"https:\/\/www.abesata.org\/br\/#\/schema\/logo\/image\/\",\"url\":\"https:\/\/www.abesata.org\/br\/wp-content\/uploads\/2023\/10\/Abesata.png\",\"contentUrl\":\"https:\/\/www.abesata.org\/br\/wp-content\/uploads\/2023\/10\/Abesata.png\",\"width\":1063,\"height\":591,\"caption\":\"Associa\u00e7\u00e3o Brasileira das Empresas de Servi\u00e7os Auxiliares de Transporte A\u00e9reo\"},\"image\":{\"@id\":\"https:\/\/www.abesata.org\/br\/#\/schema\/logo\/image\/\"},\"sameAs\":[\"https:\/\/www.facebook.com\/abesata.org\/\",\"https:\/\/www.instagram.com\/abesata_gh\/\",\"https:\/\/br.linkedin.com\/company\/abesata\"]}]}<\/script>\n<!-- \/ Yoast SEO plugin. -->","yoast_head_json":{"title":"Evento Audi\u00eancia P\u00fablica sobre ESATAS no Senado Federal - Abesata","robots":{"index":"index","follow":"follow","max-snippet":"max-snippet:-1","max-image-preview":"max-image-preview:large","max-video-preview":"max-video-preview:-1"},"canonical":"https:\/\/www.abesata.org\/br\/evento-audiencia-publica-sobre-esatas-no-senado-federal\/","og_locale":"pt_BR","og_type":"article","og_title":"Evento Audi\u00eancia P\u00fablica sobre ESATAS no Senado Federal - Abesata","og_url":"https:\/\/www.abesata.org\/br\/evento-audiencia-publica-sobre-esatas-no-senado-federal\/","og_site_name":"Abesata","article_publisher":"https:\/\/www.facebook.com\/abesata.org\/","og_image":[{"url":"http:\/\/www.abesata.org\/br\/wp-content\/uploads\/2016\/08\/1.jpg","type":"","width":"","height":""}],"twitter_card":"summary_large_image","schema":{"@context":"https:\/\/schema.org","@graph":[{"@type":"WebPage","@id":"https:\/\/www.abesata.org\/br\/evento-audiencia-publica-sobre-esatas-no-senado-federal\/","url":"https:\/\/www.abesata.org\/br\/evento-audiencia-publica-sobre-esatas-no-senado-federal\/","name":"Evento Audi\u00eancia P\u00fablica sobre ESATAS no Senado Federal - Abesata","isPartOf":{"@id":"https:\/\/www.abesata.org\/br\/#website"},"primaryImageOfPage":{"@id":"https:\/\/www.abesata.org\/br\/evento-audiencia-publica-sobre-esatas-no-senado-federal\/#primaryimage"},"image":{"@id":"https:\/\/www.abesata.org\/br\/evento-audiencia-publica-sobre-esatas-no-senado-federal\/#primaryimage"},"thumbnailUrl":"http:\/\/www.abesata.org\/br\/wp-content\/uploads\/2016\/08\/1.jpg","datePublished":"2016-08-18T23:45:20+00:00","breadcrumb":{"@id":"https:\/\/www.abesata.org\/br\/evento-audiencia-publica-sobre-esatas-no-senado-federal\/#breadcrumb"},"inLanguage":"pt-BR","potentialAction":[{"@type":"ReadAction","target":["https:\/\/www.abesata.org\/br\/evento-audiencia-publica-sobre-esatas-no-senado-federal\/"]}]},{"@type":"ImageObject","inLanguage":"pt-BR","@id":"https:\/\/www.abesata.org\/br\/evento-audiencia-publica-sobre-esatas-no-senado-federal\/#primaryimage","url":"http:\/\/www.abesata.org\/br\/wp-content\/uploads\/2016\/08\/1.jpg","contentUrl":"http:\/\/www.abesata.org\/br\/wp-content\/uploads\/2016\/08\/1.jpg"},{"@type":"BreadcrumbList","@id":"https:\/\/www.abesata.org\/br\/evento-audiencia-publica-sobre-esatas-no-senado-federal\/#breadcrumb","itemListElement":[{"@type":"ListItem","position":1,"name":"In\u00edcio","item":"https:\/\/www.abesata.org\/br\/"},{"@type":"ListItem","position":2,"name":"Evento Audi\u00eancia P\u00fablica sobre ESATAS no Senado Federal"}]},{"@type":"WebSite","@id":"https:\/\/www.abesata.org\/br\/#website","url":"https:\/\/www.abesata.org\/br\/","name":"Abesata","description":"Associa\u00e7\u00e3o Brasileira das Empresas de Servi\u00e7os Auxiliares de Transporte A\u00e9reo","publisher":{"@id":"https:\/\/www.abesata.org\/br\/#organization"},"potentialAction":[{"@type":"SearchAction","target":{"@type":"EntryPoint","urlTemplate":"https:\/\/www.abesata.org\/br\/?s={search_term_string}"},"query-input":{"@type":"PropertyValueSpecification","valueRequired":true,"valueName":"search_term_string"}}],"inLanguage":"pt-BR"},{"@type":"Organization","@id":"https:\/\/www.abesata.org\/br\/#organization","name":"Associa\u00e7\u00e3o Brasileira das Empresas de Servi\u00e7os Auxiliares de Transporte A\u00e9reo","alternateName":"Abesata","url":"https:\/\/www.abesata.org\/br\/","logo":{"@type":"ImageObject","inLanguage":"pt-BR","@id":"https:\/\/www.abesata.org\/br\/#\/schema\/logo\/image\/","url":"https:\/\/www.abesata.org\/br\/wp-content\/uploads\/2023\/10\/Abesata.png","contentUrl":"https:\/\/www.abesata.org\/br\/wp-content\/uploads\/2023\/10\/Abesata.png","width":1063,"height":591,"caption":"Associa\u00e7\u00e3o Brasileira das Empresas de Servi\u00e7os Auxiliares de Transporte A\u00e9reo"},"image":{"@id":"https:\/\/www.abesata.org\/br\/#\/schema\/logo\/image\/"},"sameAs":["https:\/\/www.facebook.com\/abesata.org\/","https:\/\/www.instagram.com\/abesata_gh\/","https:\/\/br.linkedin.com\/company\/abesata"]}]}},"_links":{"self":[{"href":"https:\/\/www.abesata.org\/br\/wp-json\/wp\/v2\/pages\/5469","targetHints":{"allow":["GET"]}}],"collection":[{"href":"https:\/\/www.abesata.org\/br\/wp-json\/wp\/v2\/pages"}],"about":[{"href":"https:\/\/www.abesata.org\/br\/wp-json\/wp\/v2\/types\/page"}],"author":[{"embeddable":true,"href":"https:\/\/www.abesata.org\/br\/wp-json\/wp\/v2\/users\/1"}],"replies":[{"embeddable":true,"href":"https:\/\/www.abesata.org\/br\/wp-json\/wp\/v2\/comments?post=5469"}],"version-history":[{"count":0,"href":"https:\/\/www.abesata.org\/br\/wp-json\/wp\/v2\/pages\/5469\/revisions"}],"wp:attachment":[{"href":"https:\/\/www.abesata.org\/br\/wp-json\/wp\/v2\/media?parent=5469"}],"curies":[{"name":"wp","href":"https:\/\/api.w.org\/{rel}","templated":true}]}}