{"id":5791,"date":"2016-10-25T23:06:39","date_gmt":"2016-10-25T23:06:39","guid":{"rendered":"http:\/\/www.abesata.org\/br\/?page_id=5791"},"modified":"2016-10-25T23:38:58","modified_gmt":"2016-10-25T23:38:58","slug":"aviacao-e-ouro-ministerio-dos-transportes-brasilia-05-out-2016","status":"publish","type":"page","link":"https:\/\/www.abesata.org\/br\/aviacao-e-ouro-ministerio-dos-transportes-brasilia-05-out-2016\/","title":{"rendered":"Avia\u00e7\u00e3o \u00c9 Ouro &#8211; Minist\u00e9rio dos Transportes &#8211; Bras\u00edlia, 05 out.2016"},"content":{"rendered":"<p><img fetchpriority=\"high\" decoding=\"async\" class=\"alignnone size-full wp-image-5826\" src=\"https:\/\/www.abesata.org\/br\/wp-content\/uploads\/2016\/10\/2-1.jpg\" alt=\"2\" width=\"1346\" height=\"1363\" srcset=\"https:\/\/www.abesata.org\/br\/wp-content\/uploads\/2016\/10\/2-1.jpg 1346w, https:\/\/www.abesata.org\/br\/wp-content\/uploads\/2016\/10\/2-1-296x300.jpg 296w, https:\/\/www.abesata.org\/br\/wp-content\/uploads\/2016\/10\/2-1-768x778.jpg 768w, https:\/\/www.abesata.org\/br\/wp-content\/uploads\/2016\/10\/2-1-1011x1024.jpg 1011w, https:\/\/www.abesata.org\/br\/wp-content\/uploads\/2016\/10\/2-1-148x150.jpg 148w\" sizes=\"(max-width: 1346px) 100vw, 1346px\" \/><img decoding=\"async\" class=\"alignnone size-full wp-image-5793\" src=\"https:\/\/www.abesata.org\/br\/wp-content\/uploads\/2016\/10\/2.jpg\" alt=\"2\" width=\"2048\" height=\"1363\" srcset=\"https:\/\/www.abesata.org\/br\/wp-content\/uploads\/2016\/10\/2.jpg 2048w, https:\/\/www.abesata.org\/br\/wp-content\/uploads\/2016\/10\/2-300x200.jpg 300w, https:\/\/www.abesata.org\/br\/wp-content\/uploads\/2016\/10\/2-768x511.jpg 768w, https:\/\/www.abesata.org\/br\/wp-content\/uploads\/2016\/10\/2-1024x682.jpg 1024w, https:\/\/www.abesata.org\/br\/wp-content\/uploads\/2016\/10\/2-225x150.jpg 225w, https:\/\/www.abesata.org\/br\/wp-content\/uploads\/2016\/10\/2-150x100.jpg 150w\" sizes=\"(max-width: 2048px) 100vw, 2048px\" \/> <img decoding=\"async\" class=\"alignnone size-full wp-image-5794\" src=\"https:\/\/www.abesata.org\/br\/wp-content\/uploads\/2016\/10\/3.jpg\" alt=\"3\" width=\"2048\" height=\"1363\" srcset=\"https:\/\/www.abesata.org\/br\/wp-content\/uploads\/2016\/10\/3.jpg 2048w, https:\/\/www.abesata.org\/br\/wp-content\/uploads\/2016\/10\/3-300x200.jpg 300w, https:\/\/www.abesata.org\/br\/wp-content\/uploads\/2016\/10\/3-768x511.jpg 768w, https:\/\/www.abesata.org\/br\/wp-content\/uploads\/2016\/10\/3-1024x682.jpg 1024w, https:\/\/www.abesata.org\/br\/wp-content\/uploads\/2016\/10\/3-225x150.jpg 225w, https:\/\/www.abesata.org\/br\/wp-content\/uploads\/2016\/10\/3-150x100.jpg 150w\" sizes=\"(max-width: 2048px) 100vw, 2048px\" \/> <img loading=\"lazy\" decoding=\"async\" class=\"alignnone size-full wp-image-5795\" src=\"https:\/\/www.abesata.org\/br\/wp-content\/uploads\/2016\/10\/4.jpg\" alt=\"4\" width=\"2048\" height=\"1363\" srcset=\"https:\/\/www.abesata.org\/br\/wp-content\/uploads\/2016\/10\/4.jpg 2048w, https:\/\/www.abesata.org\/br\/wp-content\/uploads\/2016\/10\/4-300x200.jpg 300w, https:\/\/www.abesata.org\/br\/wp-content\/uploads\/2016\/10\/4-768x511.jpg 768w, https:\/\/www.abesata.org\/br\/wp-content\/uploads\/2016\/10\/4-1024x682.jpg 1024w, https:\/\/www.abesata.org\/br\/wp-content\/uploads\/2016\/10\/4-225x150.jpg 225w, https:\/\/www.abesata.org\/br\/wp-content\/uploads\/2016\/10\/4-150x100.jpg 150w\" sizes=\"(max-width: 2048px) 100vw, 2048px\" \/> <img loading=\"lazy\" decoding=\"async\" class=\"alignnone size-full wp-image-5796\" src=\"https:\/\/www.abesata.org\/br\/wp-content\/uploads\/2016\/10\/5.jpg\" alt=\"5\" width=\"2048\" height=\"1363\" srcset=\"https:\/\/www.abesata.org\/br\/wp-content\/uploads\/2016\/10\/5.jpg 2048w, https:\/\/www.abesata.org\/br\/wp-content\/uploads\/2016\/10\/5-300x200.jpg 300w, https:\/\/www.abesata.org\/br\/wp-content\/uploads\/2016\/10\/5-768x511.jpg 768w, https:\/\/www.abesata.org\/br\/wp-content\/uploads\/2016\/10\/5-1024x682.jpg 1024w, https:\/\/www.abesata.org\/br\/wp-content\/uploads\/2016\/10\/5-225x150.jpg 225w, https:\/\/www.abesata.org\/br\/wp-content\/uploads\/2016\/10\/5-150x100.jpg 150w\" sizes=\"(max-width: 2048px) 100vw, 2048px\" \/> <img loading=\"lazy\" decoding=\"async\" class=\"alignnone size-full wp-image-5798\" src=\"https:\/\/www.abesata.org\/br\/wp-content\/uploads\/2016\/10\/6.jpg\" alt=\"6\" width=\"2048\" height=\"1363\" srcset=\"https:\/\/www.abesata.org\/br\/wp-content\/uploads\/2016\/10\/6.jpg 2048w, https:\/\/www.abesata.org\/br\/wp-content\/uploads\/2016\/10\/6-300x200.jpg 300w, https:\/\/www.abesata.org\/br\/wp-content\/uploads\/2016\/10\/6-768x511.jpg 768w, https:\/\/www.abesata.org\/br\/wp-content\/uploads\/2016\/10\/6-1024x682.jpg 1024w, https:\/\/www.abesata.org\/br\/wp-content\/uploads\/2016\/10\/6-225x150.jpg 225w, https:\/\/www.abesata.org\/br\/wp-content\/uploads\/2016\/10\/6-150x100.jpg 150w\" sizes=\"(max-width: 2048px) 100vw, 2048px\" \/> <img loading=\"lazy\" decoding=\"async\" class=\"alignnone size-full wp-image-5799\" src=\"https:\/\/www.abesata.org\/br\/wp-content\/uploads\/2016\/10\/7.jpg\" alt=\"7\" width=\"2048\" height=\"1363\" srcset=\"https:\/\/www.abesata.org\/br\/wp-content\/uploads\/2016\/10\/7.jpg 2048w, https:\/\/www.abesata.org\/br\/wp-content\/uploads\/2016\/10\/7-300x200.jpg 300w, https:\/\/www.abesata.org\/br\/wp-content\/uploads\/2016\/10\/7-768x511.jpg 768w, https:\/\/www.abesata.org\/br\/wp-content\/uploads\/2016\/10\/7-1024x682.jpg 1024w, https:\/\/www.abesata.org\/br\/wp-content\/uploads\/2016\/10\/7-225x150.jpg 225w, https:\/\/www.abesata.org\/br\/wp-content\/uploads\/2016\/10\/7-150x100.jpg 150w\" sizes=\"(max-width: 2048px) 100vw, 2048px\" \/> <img loading=\"lazy\" decoding=\"async\" class=\"alignnone size-full wp-image-5800\" src=\"https:\/\/www.abesata.org\/br\/wp-content\/uploads\/2016\/10\/8.jpg\" alt=\"8\" width=\"2048\" height=\"1363\" srcset=\"https:\/\/www.abesata.org\/br\/wp-content\/uploads\/2016\/10\/8.jpg 2048w, https:\/\/www.abesata.org\/br\/wp-content\/uploads\/2016\/10\/8-300x200.jpg 300w, https:\/\/www.abesata.org\/br\/wp-content\/uploads\/2016\/10\/8-768x511.jpg 768w, https:\/\/www.abesata.org\/br\/wp-content\/uploads\/2016\/10\/8-1024x682.jpg 1024w, https:\/\/www.abesata.org\/br\/wp-content\/uploads\/2016\/10\/8-225x150.jpg 225w, https:\/\/www.abesata.org\/br\/wp-content\/uploads\/2016\/10\/8-150x100.jpg 150w\" sizes=\"(max-width: 2048px) 100vw, 2048px\" \/> <img loading=\"lazy\" decoding=\"async\" class=\"alignnone size-full wp-image-5801\" src=\"https:\/\/www.abesata.org\/br\/wp-content\/uploads\/2016\/10\/9.jpg\" alt=\"9\" width=\"2048\" height=\"1360\" srcset=\"https:\/\/www.abesata.org\/br\/wp-content\/uploads\/2016\/10\/9.jpg 2048w, https:\/\/www.abesata.org\/br\/wp-content\/uploads\/2016\/10\/9-300x199.jpg 300w, https:\/\/www.abesata.org\/br\/wp-content\/uploads\/2016\/10\/9-768x510.jpg 768w, https:\/\/www.abesata.org\/br\/wp-content\/uploads\/2016\/10\/9-1024x680.jpg 1024w, https:\/\/www.abesata.org\/br\/wp-content\/uploads\/2016\/10\/9-226x150.jpg 226w, https:\/\/www.abesata.org\/br\/wp-content\/uploads\/2016\/10\/9-150x100.jpg 150w\" sizes=\"(max-width: 2048px) 100vw, 2048px\" \/> <img loading=\"lazy\" decoding=\"async\" class=\"alignnone size-full wp-image-5802\" src=\"https:\/\/www.abesata.org\/br\/wp-content\/uploads\/2016\/10\/10.jpg\" alt=\"10\" width=\"2048\" height=\"1360\" srcset=\"https:\/\/www.abesata.org\/br\/wp-content\/uploads\/2016\/10\/10.jpg 2048w, https:\/\/www.abesata.org\/br\/wp-content\/uploads\/2016\/10\/10-300x199.jpg 300w, https:\/\/www.abesata.org\/br\/wp-content\/uploads\/2016\/10\/10-768x510.jpg 768w, https:\/\/www.abesata.org\/br\/wp-content\/uploads\/2016\/10\/10-1024x680.jpg 1024w, https:\/\/www.abesata.org\/br\/wp-content\/uploads\/2016\/10\/10-226x150.jpg 226w, https:\/\/www.abesata.org\/br\/wp-content\/uploads\/2016\/10\/10-150x100.jpg 150w\" sizes=\"(max-width: 2048px) 100vw, 2048px\" \/> <img loading=\"lazy\" decoding=\"async\" class=\"alignnone size-full wp-image-5803\" src=\"https:\/\/www.abesata.org\/br\/wp-content\/uploads\/2016\/10\/11.jpg\" alt=\"11\" width=\"2048\" height=\"1360\" srcset=\"https:\/\/www.abesata.org\/br\/wp-content\/uploads\/2016\/10\/11.jpg 2048w, https:\/\/www.abesata.org\/br\/wp-content\/uploads\/2016\/10\/11-300x199.jpg 300w, https:\/\/www.abesata.org\/br\/wp-content\/uploads\/2016\/10\/11-768x510.jpg 768w, https:\/\/www.abesata.org\/br\/wp-content\/uploads\/2016\/10\/11-1024x680.jpg 1024w, https:\/\/www.abesata.org\/br\/wp-content\/uploads\/2016\/10\/11-226x150.jpg 226w, https:\/\/www.abesata.org\/br\/wp-content\/uploads\/2016\/10\/11-150x100.jpg 150w\" sizes=\"(max-width: 2048px) 100vw, 2048px\" \/> <img loading=\"lazy\" decoding=\"async\" class=\"alignnone size-full wp-image-5804\" src=\"https:\/\/www.abesata.org\/br\/wp-content\/uploads\/2016\/10\/12.jpg\" alt=\"12\" width=\"2048\" height=\"1363\" srcset=\"https:\/\/www.abesata.org\/br\/wp-content\/uploads\/2016\/10\/12.jpg 2048w, https:\/\/www.abesata.org\/br\/wp-content\/uploads\/2016\/10\/12-300x200.jpg 300w, https:\/\/www.abesata.org\/br\/wp-content\/uploads\/2016\/10\/12-768x511.jpg 768w, https:\/\/www.abesata.org\/br\/wp-content\/uploads\/2016\/10\/12-1024x682.jpg 1024w, https:\/\/www.abesata.org\/br\/wp-content\/uploads\/2016\/10\/12-225x150.jpg 225w, https:\/\/www.abesata.org\/br\/wp-content\/uploads\/2016\/10\/12-150x100.jpg 150w\" sizes=\"(max-width: 2048px) 100vw, 2048px\" \/> <img loading=\"lazy\" decoding=\"async\" class=\"alignnone size-full wp-image-5805\" src=\"https:\/\/www.abesata.org\/br\/wp-content\/uploads\/2016\/10\/13.jpg\" alt=\"13\" width=\"2048\" height=\"1363\" srcset=\"https:\/\/www.abesata.org\/br\/wp-content\/uploads\/2016\/10\/13.jpg 2048w, https:\/\/www.abesata.org\/br\/wp-content\/uploads\/2016\/10\/13-300x200.jpg 300w, https:\/\/www.abesata.org\/br\/wp-content\/uploads\/2016\/10\/13-768x511.jpg 768w, https:\/\/www.abesata.org\/br\/wp-content\/uploads\/2016\/10\/13-1024x682.jpg 1024w, https:\/\/www.abesata.org\/br\/wp-content\/uploads\/2016\/10\/13-225x150.jpg 225w, https:\/\/www.abesata.org\/br\/wp-content\/uploads\/2016\/10\/13-150x100.jpg 150w\" sizes=\"(max-width: 2048px) 100vw, 2048px\" \/> <img loading=\"lazy\" decoding=\"async\" class=\"alignnone size-full wp-image-5806\" src=\"https:\/\/www.abesata.org\/br\/wp-content\/uploads\/2016\/10\/14.jpg\" alt=\"14\" width=\"2048\" height=\"1363\" srcset=\"https:\/\/www.abesata.org\/br\/wp-content\/uploads\/2016\/10\/14.jpg 2048w, https:\/\/www.abesata.org\/br\/wp-content\/uploads\/2016\/10\/14-300x200.jpg 300w, https:\/\/www.abesata.org\/br\/wp-content\/uploads\/2016\/10\/14-768x511.jpg 768w, https:\/\/www.abesata.org\/br\/wp-content\/uploads\/2016\/10\/14-1024x682.jpg 1024w, https:\/\/www.abesata.org\/br\/wp-content\/uploads\/2016\/10\/14-225x150.jpg 225w, https:\/\/www.abesata.org\/br\/wp-content\/uploads\/2016\/10\/14-150x100.jpg 150w\" sizes=\"(max-width: 2048px) 100vw, 2048px\" \/> <img loading=\"lazy\" decoding=\"async\" class=\"alignnone size-full wp-image-5807\" src=\"https:\/\/www.abesata.org\/br\/wp-content\/uploads\/2016\/10\/15.jpg\" alt=\"15\" width=\"2048\" height=\"1360\" srcset=\"https:\/\/www.abesata.org\/br\/wp-content\/uploads\/2016\/10\/15.jpg 2048w, https:\/\/www.abesata.org\/br\/wp-content\/uploads\/2016\/10\/15-300x199.jpg 300w, https:\/\/www.abesata.org\/br\/wp-content\/uploads\/2016\/10\/15-768x510.jpg 768w, https:\/\/www.abesata.org\/br\/wp-content\/uploads\/2016\/10\/15-1024x680.jpg 1024w, https:\/\/www.abesata.org\/br\/wp-content\/uploads\/2016\/10\/15-226x150.jpg 226w, https:\/\/www.abesata.org\/br\/wp-content\/uploads\/2016\/10\/15-150x100.jpg 150w\" sizes=\"(max-width: 2048px) 100vw, 2048px\" \/> <img loading=\"lazy\" decoding=\"async\" class=\"alignnone size-full wp-image-5808\" src=\"https:\/\/www.abesata.org\/br\/wp-content\/uploads\/2016\/10\/16.jpg\" alt=\"16\" width=\"2048\" height=\"1363\" srcset=\"https:\/\/www.abesata.org\/br\/wp-content\/uploads\/2016\/10\/16.jpg 2048w, https:\/\/www.abesata.org\/br\/wp-content\/uploads\/2016\/10\/16-300x200.jpg 300w, https:\/\/www.abesata.org\/br\/wp-content\/uploads\/2016\/10\/16-768x511.jpg 768w, https:\/\/www.abesata.org\/br\/wp-content\/uploads\/2016\/10\/16-1024x682.jpg 1024w, https:\/\/www.abesata.org\/br\/wp-content\/uploads\/2016\/10\/16-225x150.jpg 225w, https:\/\/www.abesata.org\/br\/wp-content\/uploads\/2016\/10\/16-150x100.jpg 150w\" sizes=\"(max-width: 2048px) 100vw, 2048px\" \/> <img loading=\"lazy\" decoding=\"async\" class=\"alignnone size-full wp-image-5809\" src=\"https:\/\/www.abesata.org\/br\/wp-content\/uploads\/2016\/10\/17.jpg\" alt=\"17\" width=\"2048\" height=\"1360\" srcset=\"https:\/\/www.abesata.org\/br\/wp-content\/uploads\/2016\/10\/17.jpg 2048w, https:\/\/www.abesata.org\/br\/wp-content\/uploads\/2016\/10\/17-300x199.jpg 300w, https:\/\/www.abesata.org\/br\/wp-content\/uploads\/2016\/10\/17-768x510.jpg 768w, https:\/\/www.abesata.org\/br\/wp-content\/uploads\/2016\/10\/17-1024x680.jpg 1024w, https:\/\/www.abesata.org\/br\/wp-content\/uploads\/2016\/10\/17-226x150.jpg 226w, https:\/\/www.abesata.org\/br\/wp-content\/uploads\/2016\/10\/17-150x100.jpg 150w\" sizes=\"(max-width: 2048px) 100vw, 2048px\" \/> <img loading=\"lazy\" decoding=\"async\" class=\"alignnone size-full wp-image-5810\" src=\"https:\/\/www.abesata.org\/br\/wp-content\/uploads\/2016\/10\/18.jpg\" alt=\"18\" width=\"2048\" height=\"1363\" srcset=\"https:\/\/www.abesata.org\/br\/wp-content\/uploads\/2016\/10\/18.jpg 2048w, https:\/\/www.abesata.org\/br\/wp-content\/uploads\/2016\/10\/18-300x200.jpg 300w, https:\/\/www.abesata.org\/br\/wp-content\/uploads\/2016\/10\/18-768x511.jpg 768w, https:\/\/www.abesata.org\/br\/wp-content\/uploads\/2016\/10\/18-1024x682.jpg 1024w, https:\/\/www.abesata.org\/br\/wp-content\/uploads\/2016\/10\/18-225x150.jpg 225w, https:\/\/www.abesata.org\/br\/wp-content\/uploads\/2016\/10\/18-150x100.jpg 150w\" sizes=\"(max-width: 2048px) 100vw, 2048px\" \/> <img loading=\"lazy\" decoding=\"async\" class=\"alignnone size-full wp-image-5811\" src=\"https:\/\/www.abesata.org\/br\/wp-content\/uploads\/2016\/10\/19.jpg\" alt=\"19\" width=\"2797\" height=\"1997\" srcset=\"https:\/\/www.abesata.org\/br\/wp-content\/uploads\/2016\/10\/19.jpg 2797w, https:\/\/www.abesata.org\/br\/wp-content\/uploads\/2016\/10\/19-300x214.jpg 300w, https:\/\/www.abesata.org\/br\/wp-content\/uploads\/2016\/10\/19-768x548.jpg 768w, https:\/\/www.abesata.org\/br\/wp-content\/uploads\/2016\/10\/19-1024x731.jpg 1024w, https:\/\/www.abesata.org\/br\/wp-content\/uploads\/2016\/10\/19-210x150.jpg 210w, https:\/\/www.abesata.org\/br\/wp-content\/uploads\/2016\/10\/19-150x107.jpg 150w\" sizes=\"(max-width: 2797px) 100vw, 2797px\" \/> <img loading=\"lazy\" decoding=\"async\" class=\"alignnone size-full wp-image-5812\" src=\"https:\/\/www.abesata.org\/br\/wp-content\/uploads\/2016\/10\/20.jpg\" alt=\"20\" width=\"5344\" height=\"3006\" srcset=\"https:\/\/www.abesata.org\/br\/wp-content\/uploads\/2016\/10\/20.jpg 5344w, https:\/\/www.abesata.org\/br\/wp-content\/uploads\/2016\/10\/20-300x169.jpg 300w, https:\/\/www.abesata.org\/br\/wp-content\/uploads\/2016\/10\/20-768x432.jpg 768w, https:\/\/www.abesata.org\/br\/wp-content\/uploads\/2016\/10\/20-1024x576.jpg 1024w, https:\/\/www.abesata.org\/br\/wp-content\/uploads\/2016\/10\/20-250x141.jpg 250w, https:\/\/www.abesata.org\/br\/wp-content\/uploads\/2016\/10\/20-150x84.jpg 150w\" sizes=\"(max-width: 5344px) 100vw, 5344px\" \/> <img loading=\"lazy\" decoding=\"async\" class=\"alignnone size-full wp-image-5813\" src=\"https:\/\/www.abesata.org\/br\/wp-content\/uploads\/2016\/10\/21.jpg\" alt=\"21\" width=\"5344\" height=\"3006\" srcset=\"https:\/\/www.abesata.org\/br\/wp-content\/uploads\/2016\/10\/21.jpg 5344w, https:\/\/www.abesata.org\/br\/wp-content\/uploads\/2016\/10\/21-300x169.jpg 300w, https:\/\/www.abesata.org\/br\/wp-content\/uploads\/2016\/10\/21-768x432.jpg 768w, https:\/\/www.abesata.org\/br\/wp-content\/uploads\/2016\/10\/21-1024x576.jpg 1024w, https:\/\/www.abesata.org\/br\/wp-content\/uploads\/2016\/10\/21-250x141.jpg 250w, https:\/\/www.abesata.org\/br\/wp-content\/uploads\/2016\/10\/21-150x84.jpg 150w\" sizes=\"(max-width: 5344px) 100vw, 5344px\" \/> <img loading=\"lazy\" decoding=\"async\" class=\"alignnone size-full wp-image-5814\" src=\"https:\/\/www.abesata.org\/br\/wp-content\/uploads\/2016\/10\/22.jpg\" alt=\"22\" width=\"5344\" height=\"3006\" srcset=\"https:\/\/www.abesata.org\/br\/wp-content\/uploads\/2016\/10\/22.jpg 5344w, https:\/\/www.abesata.org\/br\/wp-content\/uploads\/2016\/10\/22-300x169.jpg 300w, https:\/\/www.abesata.org\/br\/wp-content\/uploads\/2016\/10\/22-768x432.jpg 768w, https:\/\/www.abesata.org\/br\/wp-content\/uploads\/2016\/10\/22-1024x576.jpg 1024w, https:\/\/www.abesata.org\/br\/wp-content\/uploads\/2016\/10\/22-250x141.jpg 250w, https:\/\/www.abesata.org\/br\/wp-content\/uploads\/2016\/10\/22-150x84.jpg 150w\" sizes=\"(max-width: 5344px) 100vw, 5344px\" \/><\/p>\n","protected":false},"excerpt":{"rendered":"","protected":false},"author":18,"featured_media":0,"parent":0,"menu_order":0,"comment_status":"closed","ping_status":"closed","template":"templates\/template-onecolumn.php","meta":{"footnotes":""},"class_list":["post-5791","page","type-page","status-publish","hentry"],"yoast_head":"<!-- This site is optimized with the Yoast SEO plugin v26.5 - https:\/\/yoast.com\/wordpress\/plugins\/seo\/ -->\n<title>Avia\u00e7\u00e3o \u00c9 Ouro - Minist\u00e9rio dos Transportes - Bras\u00edlia, 05 out.2016 - Abesata<\/title>\n<meta name=\"robots\" content=\"index, follow, max-snippet:-1, max-image-preview:large, max-video-preview:-1\" \/>\n<link rel=\"canonical\" href=\"https:\/\/www.abesata.org\/br\/aviacao-e-ouro-ministerio-dos-transportes-brasilia-05-out-2016\/\" \/>\n<meta property=\"og:locale\" content=\"pt_BR\" \/>\n<meta property=\"og:type\" content=\"article\" \/>\n<meta property=\"og:title\" content=\"Avia\u00e7\u00e3o \u00c9 Ouro - Minist\u00e9rio dos Transportes - Bras\u00edlia, 05 out.2016 - Abesata\" \/>\n<meta property=\"og:url\" content=\"https:\/\/www.abesata.org\/br\/aviacao-e-ouro-ministerio-dos-transportes-brasilia-05-out-2016\/\" \/>\n<meta property=\"og:site_name\" content=\"Abesata\" \/>\n<meta property=\"article:publisher\" content=\"https:\/\/www.facebook.com\/abesata.org\/\" \/>\n<meta property=\"article:modified_time\" content=\"2016-10-25T23:38:58+00:00\" \/>\n<meta property=\"og:image\" content=\"http:\/\/www.abesata.org\/br\/wp-content\/uploads\/2016\/10\/2-1.jpg\" \/>\n<meta name=\"twitter:card\" content=\"summary_large_image\" \/>\n<script type=\"application\/ld+json\" class=\"yoast-schema-graph\">{\"@context\":\"https:\/\/schema.org\",\"@graph\":[{\"@type\":\"WebPage\",\"@id\":\"https:\/\/www.abesata.org\/br\/aviacao-e-ouro-ministerio-dos-transportes-brasilia-05-out-2016\/\",\"url\":\"https:\/\/www.abesata.org\/br\/aviacao-e-ouro-ministerio-dos-transportes-brasilia-05-out-2016\/\",\"name\":\"Avia\u00e7\u00e3o \u00c9 Ouro - Minist\u00e9rio dos Transportes - Bras\u00edlia, 05 out.2016 - Abesata\",\"isPartOf\":{\"@id\":\"https:\/\/www.abesata.org\/br\/#website\"},\"primaryImageOfPage\":{\"@id\":\"https:\/\/www.abesata.org\/br\/aviacao-e-ouro-ministerio-dos-transportes-brasilia-05-out-2016\/#primaryimage\"},\"image\":{\"@id\":\"https:\/\/www.abesata.org\/br\/aviacao-e-ouro-ministerio-dos-transportes-brasilia-05-out-2016\/#primaryimage\"},\"thumbnailUrl\":\"http:\/\/www.abesata.org\/br\/wp-content\/uploads\/2016\/10\/2-1.jpg\",\"datePublished\":\"2016-10-25T23:06:39+00:00\",\"dateModified\":\"2016-10-25T23:38:58+00:00\",\"breadcrumb\":{\"@id\":\"https:\/\/www.abesata.org\/br\/aviacao-e-ouro-ministerio-dos-transportes-brasilia-05-out-2016\/#breadcrumb\"},\"inLanguage\":\"pt-BR\",\"potentialAction\":[{\"@type\":\"ReadAction\",\"target\":[\"https:\/\/www.abesata.org\/br\/aviacao-e-ouro-ministerio-dos-transportes-brasilia-05-out-2016\/\"]}]},{\"@type\":\"ImageObject\",\"inLanguage\":\"pt-BR\",\"@id\":\"https:\/\/www.abesata.org\/br\/aviacao-e-ouro-ministerio-dos-transportes-brasilia-05-out-2016\/#primaryimage\",\"url\":\"http:\/\/www.abesata.org\/br\/wp-content\/uploads\/2016\/10\/2-1.jpg\",\"contentUrl\":\"http:\/\/www.abesata.org\/br\/wp-content\/uploads\/2016\/10\/2-1.jpg\"},{\"@type\":\"BreadcrumbList\",\"@id\":\"https:\/\/www.abesata.org\/br\/aviacao-e-ouro-ministerio-dos-transportes-brasilia-05-out-2016\/#breadcrumb\",\"itemListElement\":[{\"@type\":\"ListItem\",\"position\":1,\"name\":\"In\u00edcio\",\"item\":\"https:\/\/www.abesata.org\/br\/\"},{\"@type\":\"ListItem\",\"position\":2,\"name\":\"Avia\u00e7\u00e3o \u00c9 Ouro &#8211; Minist\u00e9rio dos Transportes &#8211; Bras\u00edlia, 05 out.2016\"}]},{\"@type\":\"WebSite\",\"@id\":\"https:\/\/www.abesata.org\/br\/#website\",\"url\":\"https:\/\/www.abesata.org\/br\/\",\"name\":\"Abesata\",\"description\":\"Associa\u00e7\u00e3o Brasileira das Empresas de Servi\u00e7os Auxiliares de Transporte A\u00e9reo\",\"publisher\":{\"@id\":\"https:\/\/www.abesata.org\/br\/#organization\"},\"potentialAction\":[{\"@type\":\"SearchAction\",\"target\":{\"@type\":\"EntryPoint\",\"urlTemplate\":\"https:\/\/www.abesata.org\/br\/?s={search_term_string}\"},\"query-input\":{\"@type\":\"PropertyValueSpecification\",\"valueRequired\":true,\"valueName\":\"search_term_string\"}}],\"inLanguage\":\"pt-BR\"},{\"@type\":\"Organization\",\"@id\":\"https:\/\/www.abesata.org\/br\/#organization\",\"name\":\"Associa\u00e7\u00e3o Brasileira das Empresas de Servi\u00e7os Auxiliares de Transporte A\u00e9reo\",\"alternateName\":\"Abesata\",\"url\":\"https:\/\/www.abesata.org\/br\/\",\"logo\":{\"@type\":\"ImageObject\",\"inLanguage\":\"pt-BR\",\"@id\":\"https:\/\/www.abesata.org\/br\/#\/schema\/logo\/image\/\",\"url\":\"https:\/\/www.abesata.org\/br\/wp-content\/uploads\/2023\/10\/Abesata.png\",\"contentUrl\":\"https:\/\/www.abesata.org\/br\/wp-content\/uploads\/2023\/10\/Abesata.png\",\"width\":1063,\"height\":591,\"caption\":\"Associa\u00e7\u00e3o Brasileira das Empresas de Servi\u00e7os Auxiliares de Transporte A\u00e9reo\"},\"image\":{\"@id\":\"https:\/\/www.abesata.org\/br\/#\/schema\/logo\/image\/\"},\"sameAs\":[\"https:\/\/www.facebook.com\/abesata.org\/\",\"https:\/\/www.instagram.com\/abesata_gh\/\",\"https:\/\/br.linkedin.com\/company\/abesata\"]}]}<\/script>\n<!-- \/ Yoast SEO plugin. -->","yoast_head_json":{"title":"Avia\u00e7\u00e3o \u00c9 Ouro - Minist\u00e9rio dos Transportes - Bras\u00edlia, 05 out.2016 - Abesata","robots":{"index":"index","follow":"follow","max-snippet":"max-snippet:-1","max-image-preview":"max-image-preview:large","max-video-preview":"max-video-preview:-1"},"canonical":"https:\/\/www.abesata.org\/br\/aviacao-e-ouro-ministerio-dos-transportes-brasilia-05-out-2016\/","og_locale":"pt_BR","og_type":"article","og_title":"Avia\u00e7\u00e3o \u00c9 Ouro - Minist\u00e9rio dos Transportes - Bras\u00edlia, 05 out.2016 - Abesata","og_url":"https:\/\/www.abesata.org\/br\/aviacao-e-ouro-ministerio-dos-transportes-brasilia-05-out-2016\/","og_site_name":"Abesata","article_publisher":"https:\/\/www.facebook.com\/abesata.org\/","article_modified_time":"2016-10-25T23:38:58+00:00","og_image":[{"url":"http:\/\/www.abesata.org\/br\/wp-content\/uploads\/2016\/10\/2-1.jpg","type":"","width":"","height":""}],"twitter_card":"summary_large_image","schema":{"@context":"https:\/\/schema.org","@graph":[{"@type":"WebPage","@id":"https:\/\/www.abesata.org\/br\/aviacao-e-ouro-ministerio-dos-transportes-brasilia-05-out-2016\/","url":"https:\/\/www.abesata.org\/br\/aviacao-e-ouro-ministerio-dos-transportes-brasilia-05-out-2016\/","name":"Avia\u00e7\u00e3o \u00c9 Ouro - Minist\u00e9rio dos Transportes - Bras\u00edlia, 05 out.2016 - Abesata","isPartOf":{"@id":"https:\/\/www.abesata.org\/br\/#website"},"primaryImageOfPage":{"@id":"https:\/\/www.abesata.org\/br\/aviacao-e-ouro-ministerio-dos-transportes-brasilia-05-out-2016\/#primaryimage"},"image":{"@id":"https:\/\/www.abesata.org\/br\/aviacao-e-ouro-ministerio-dos-transportes-brasilia-05-out-2016\/#primaryimage"},"thumbnailUrl":"http:\/\/www.abesata.org\/br\/wp-content\/uploads\/2016\/10\/2-1.jpg","datePublished":"2016-10-25T23:06:39+00:00","dateModified":"2016-10-25T23:38:58+00:00","breadcrumb":{"@id":"https:\/\/www.abesata.org\/br\/aviacao-e-ouro-ministerio-dos-transportes-brasilia-05-out-2016\/#breadcrumb"},"inLanguage":"pt-BR","potentialAction":[{"@type":"ReadAction","target":["https:\/\/www.abesata.org\/br\/aviacao-e-ouro-ministerio-dos-transportes-brasilia-05-out-2016\/"]}]},{"@type":"ImageObject","inLanguage":"pt-BR","@id":"https:\/\/www.abesata.org\/br\/aviacao-e-ouro-ministerio-dos-transportes-brasilia-05-out-2016\/#primaryimage","url":"http:\/\/www.abesata.org\/br\/wp-content\/uploads\/2016\/10\/2-1.jpg","contentUrl":"http:\/\/www.abesata.org\/br\/wp-content\/uploads\/2016\/10\/2-1.jpg"},{"@type":"BreadcrumbList","@id":"https:\/\/www.abesata.org\/br\/aviacao-e-ouro-ministerio-dos-transportes-brasilia-05-out-2016\/#breadcrumb","itemListElement":[{"@type":"ListItem","position":1,"name":"In\u00edcio","item":"https:\/\/www.abesata.org\/br\/"},{"@type":"ListItem","position":2,"name":"Avia\u00e7\u00e3o \u00c9 Ouro &#8211; Minist\u00e9rio dos Transportes &#8211; Bras\u00edlia, 05 out.2016"}]},{"@type":"WebSite","@id":"https:\/\/www.abesata.org\/br\/#website","url":"https:\/\/www.abesata.org\/br\/","name":"Abesata","description":"Associa\u00e7\u00e3o Brasileira das Empresas de Servi\u00e7os Auxiliares de Transporte A\u00e9reo","publisher":{"@id":"https:\/\/www.abesata.org\/br\/#organization"},"potentialAction":[{"@type":"SearchAction","target":{"@type":"EntryPoint","urlTemplate":"https:\/\/www.abesata.org\/br\/?s={search_term_string}"},"query-input":{"@type":"PropertyValueSpecification","valueRequired":true,"valueName":"search_term_string"}}],"inLanguage":"pt-BR"},{"@type":"Organization","@id":"https:\/\/www.abesata.org\/br\/#organization","name":"Associa\u00e7\u00e3o Brasileira das Empresas de Servi\u00e7os Auxiliares de Transporte A\u00e9reo","alternateName":"Abesata","url":"https:\/\/www.abesata.org\/br\/","logo":{"@type":"ImageObject","inLanguage":"pt-BR","@id":"https:\/\/www.abesata.org\/br\/#\/schema\/logo\/image\/","url":"https:\/\/www.abesata.org\/br\/wp-content\/uploads\/2023\/10\/Abesata.png","contentUrl":"https:\/\/www.abesata.org\/br\/wp-content\/uploads\/2023\/10\/Abesata.png","width":1063,"height":591,"caption":"Associa\u00e7\u00e3o Brasileira das Empresas de Servi\u00e7os Auxiliares de Transporte A\u00e9reo"},"image":{"@id":"https:\/\/www.abesata.org\/br\/#\/schema\/logo\/image\/"},"sameAs":["https:\/\/www.facebook.com\/abesata.org\/","https:\/\/www.instagram.com\/abesata_gh\/","https:\/\/br.linkedin.com\/company\/abesata"]}]}},"_links":{"self":[{"href":"https:\/\/www.abesata.org\/br\/wp-json\/wp\/v2\/pages\/5791","targetHints":{"allow":["GET"]}}],"collection":[{"href":"https:\/\/www.abesata.org\/br\/wp-json\/wp\/v2\/pages"}],"about":[{"href":"https:\/\/www.abesata.org\/br\/wp-json\/wp\/v2\/types\/page"}],"author":[{"embeddable":true,"href":"https:\/\/www.abesata.org\/br\/wp-json\/wp\/v2\/users\/18"}],"replies":[{"embeddable":true,"href":"https:\/\/www.abesata.org\/br\/wp-json\/wp\/v2\/comments?post=5791"}],"version-history":[{"count":0,"href":"https:\/\/www.abesata.org\/br\/wp-json\/wp\/v2\/pages\/5791\/revisions"}],"wp:attachment":[{"href":"https:\/\/www.abesata.org\/br\/wp-json\/wp\/v2\/media?parent=5791"}],"curies":[{"name":"wp","href":"https:\/\/api.w.org\/{rel}","templated":true}]}}