{"id":6254,"date":"2017-01-23T01:42:20","date_gmt":"2017-01-23T01:42:20","guid":{"rendered":"http:\/\/www.abesata.org\/br\/?page_id=6254"},"modified":"2017-01-23T01:50:38","modified_gmt":"2017-01-23T01:50:38","slug":"abesata-ground-handling-conference-miami-27-e-28-set-2016","status":"publish","type":"page","link":"https:\/\/www.abesata.org\/br\/abesata-ground-handling-conference-miami-27-e-28-set-2016\/","title":{"rendered":"Abesata &#8211; Ground Handling Conference &#8211; Miami &#8211; 27 e 28 set.2016"},"content":{"rendered":"<p><img fetchpriority=\"high\" decoding=\"async\" class=\"alignnone size-large wp-image-6237\" src=\"https:\/\/www.abesata.org\/br\/wp-content\/uploads\/2017\/01\/IMG_20160928_125253221-1024x576.jpg\" alt=\"IMG_20160928_125253221\" width=\"800\" height=\"450\" srcset=\"https:\/\/www.abesata.org\/br\/wp-content\/uploads\/2017\/01\/IMG_20160928_125253221-1024x576.jpg 1024w, https:\/\/www.abesata.org\/br\/wp-content\/uploads\/2017\/01\/IMG_20160928_125253221-300x169.jpg 300w, https:\/\/www.abesata.org\/br\/wp-content\/uploads\/2017\/01\/IMG_20160928_125253221-768x432.jpg 768w, https:\/\/www.abesata.org\/br\/wp-content\/uploads\/2017\/01\/IMG_20160928_125253221-250x141.jpg 250w, https:\/\/www.abesata.org\/br\/wp-content\/uploads\/2017\/01\/IMG_20160928_125253221-150x84.jpg 150w\" sizes=\"(max-width: 800px) 100vw, 800px\" \/> <img decoding=\"async\" class=\"alignnone size-full wp-image-6253\" src=\"https:\/\/www.abesata.org\/br\/wp-content\/uploads\/2017\/01\/IMG-20160930-WA0030.jpg\" alt=\"IMG-20160930-WA0030\" width=\"1280\" height=\"720\" srcset=\"https:\/\/www.abesata.org\/br\/wp-content\/uploads\/2017\/01\/IMG-20160930-WA0030.jpg 1280w, https:\/\/www.abesata.org\/br\/wp-content\/uploads\/2017\/01\/IMG-20160930-WA0030-300x169.jpg 300w, https:\/\/www.abesata.org\/br\/wp-content\/uploads\/2017\/01\/IMG-20160930-WA0030-768x432.jpg 768w, https:\/\/www.abesata.org\/br\/wp-content\/uploads\/2017\/01\/IMG-20160930-WA0030-1024x576.jpg 1024w, https:\/\/www.abesata.org\/br\/wp-content\/uploads\/2017\/01\/IMG-20160930-WA0030-250x141.jpg 250w, https:\/\/www.abesata.org\/br\/wp-content\/uploads\/2017\/01\/IMG-20160930-WA0030-150x84.jpg 150w\" sizes=\"(max-width: 1280px) 100vw, 1280px\" \/> <img decoding=\"async\" class=\"alignnone size-large wp-image-6252\" src=\"https:\/\/www.abesata.org\/br\/wp-content\/uploads\/2017\/01\/IMG-20160928-WA0081-1024x768.jpg\" alt=\"IMG-20160928-WA0081\" width=\"800\" height=\"600\" srcset=\"https:\/\/www.abesata.org\/br\/wp-content\/uploads\/2017\/01\/IMG-20160928-WA0081-1024x768.jpg 1024w, https:\/\/www.abesata.org\/br\/wp-content\/uploads\/2017\/01\/IMG-20160928-WA0081-300x225.jpg 300w, https:\/\/www.abesata.org\/br\/wp-content\/uploads\/2017\/01\/IMG-20160928-WA0081-768x576.jpg 768w, https:\/\/www.abesata.org\/br\/wp-content\/uploads\/2017\/01\/IMG-20160928-WA0081-200x150.jpg 200w, https:\/\/www.abesata.org\/br\/wp-content\/uploads\/2017\/01\/IMG-20160928-WA0081-150x113.jpg 150w, https:\/\/www.abesata.org\/br\/wp-content\/uploads\/2017\/01\/IMG-20160928-WA0081.jpg 1280w\" sizes=\"(max-width: 800px) 100vw, 800px\" \/> <img loading=\"lazy\" decoding=\"async\" class=\"alignnone size-large wp-image-6251\" src=\"https:\/\/www.abesata.org\/br\/wp-content\/uploads\/2017\/01\/IMG-20160928-WA0080-1024x768.jpg\" alt=\"IMG-20160928-WA0080\" width=\"800\" height=\"600\" srcset=\"https:\/\/www.abesata.org\/br\/wp-content\/uploads\/2017\/01\/IMG-20160928-WA0080-1024x768.jpg 1024w, https:\/\/www.abesata.org\/br\/wp-content\/uploads\/2017\/01\/IMG-20160928-WA0080-300x225.jpg 300w, https:\/\/www.abesata.org\/br\/wp-content\/uploads\/2017\/01\/IMG-20160928-WA0080-768x576.jpg 768w, https:\/\/www.abesata.org\/br\/wp-content\/uploads\/2017\/01\/IMG-20160928-WA0080-200x150.jpg 200w, https:\/\/www.abesata.org\/br\/wp-content\/uploads\/2017\/01\/IMG-20160928-WA0080-150x113.jpg 150w, https:\/\/www.abesata.org\/br\/wp-content\/uploads\/2017\/01\/IMG-20160928-WA0080.jpg 1280w\" sizes=\"(max-width: 800px) 100vw, 800px\" \/> <img loading=\"lazy\" decoding=\"async\" class=\"alignnone size-large wp-image-6250\" src=\"https:\/\/www.abesata.org\/br\/wp-content\/uploads\/2017\/01\/IMG-20160928-WA0077-1024x768.jpg\" alt=\"IMG-20160928-WA0077\" width=\"800\" height=\"600\" srcset=\"https:\/\/www.abesata.org\/br\/wp-content\/uploads\/2017\/01\/IMG-20160928-WA0077-1024x768.jpg 1024w, https:\/\/www.abesata.org\/br\/wp-content\/uploads\/2017\/01\/IMG-20160928-WA0077-300x225.jpg 300w, https:\/\/www.abesata.org\/br\/wp-content\/uploads\/2017\/01\/IMG-20160928-WA0077-768x576.jpg 768w, https:\/\/www.abesata.org\/br\/wp-content\/uploads\/2017\/01\/IMG-20160928-WA0077-200x150.jpg 200w, https:\/\/www.abesata.org\/br\/wp-content\/uploads\/2017\/01\/IMG-20160928-WA0077-150x113.jpg 150w, https:\/\/www.abesata.org\/br\/wp-content\/uploads\/2017\/01\/IMG-20160928-WA0077.jpg 1280w\" sizes=\"(max-width: 800px) 100vw, 800px\" \/> <img loading=\"lazy\" decoding=\"async\" class=\"alignnone size-large wp-image-6249\" src=\"https:\/\/www.abesata.org\/br\/wp-content\/uploads\/2017\/01\/IMG-20160928-WA0008-1024x768.jpg\" alt=\"IMG-20160928-WA0008\" width=\"800\" height=\"600\" srcset=\"https:\/\/www.abesata.org\/br\/wp-content\/uploads\/2017\/01\/IMG-20160928-WA0008-1024x768.jpg 1024w, https:\/\/www.abesata.org\/br\/wp-content\/uploads\/2017\/01\/IMG-20160928-WA0008-300x225.jpg 300w, https:\/\/www.abesata.org\/br\/wp-content\/uploads\/2017\/01\/IMG-20160928-WA0008-768x576.jpg 768w, https:\/\/www.abesata.org\/br\/wp-content\/uploads\/2017\/01\/IMG-20160928-WA0008-200x150.jpg 200w, https:\/\/www.abesata.org\/br\/wp-content\/uploads\/2017\/01\/IMG-20160928-WA0008-150x113.jpg 150w, https:\/\/www.abesata.org\/br\/wp-content\/uploads\/2017\/01\/IMG-20160928-WA0008.jpg 1280w\" sizes=\"(max-width: 800px) 100vw, 800px\" \/> <img loading=\"lazy\" decoding=\"async\" class=\"alignnone size-large wp-image-6248\" src=\"https:\/\/www.abesata.org\/br\/wp-content\/uploads\/2017\/01\/IMG_20160929_125652649-1024x576.jpg\" alt=\"IMG_20160929_125652649\" width=\"800\" height=\"450\" srcset=\"https:\/\/www.abesata.org\/br\/wp-content\/uploads\/2017\/01\/IMG_20160929_125652649-1024x576.jpg 1024w, https:\/\/www.abesata.org\/br\/wp-content\/uploads\/2017\/01\/IMG_20160929_125652649-300x169.jpg 300w, https:\/\/www.abesata.org\/br\/wp-content\/uploads\/2017\/01\/IMG_20160929_125652649-768x432.jpg 768w, https:\/\/www.abesata.org\/br\/wp-content\/uploads\/2017\/01\/IMG_20160929_125652649-250x141.jpg 250w, https:\/\/www.abesata.org\/br\/wp-content\/uploads\/2017\/01\/IMG_20160929_125652649-150x84.jpg 150w\" sizes=\"(max-width: 800px) 100vw, 800px\" \/> <img loading=\"lazy\" decoding=\"async\" class=\"alignnone size-large wp-image-6247\" src=\"https:\/\/www.abesata.org\/br\/wp-content\/uploads\/2017\/01\/IMG_20160929_115727712-1-1024x576.jpg\" alt=\"IMG_20160929_115727712 (1)\" width=\"800\" height=\"450\" srcset=\"https:\/\/www.abesata.org\/br\/wp-content\/uploads\/2017\/01\/IMG_20160929_115727712-1-1024x576.jpg 1024w, https:\/\/www.abesata.org\/br\/wp-content\/uploads\/2017\/01\/IMG_20160929_115727712-1-300x169.jpg 300w, https:\/\/www.abesata.org\/br\/wp-content\/uploads\/2017\/01\/IMG_20160929_115727712-1-768x432.jpg 768w, https:\/\/www.abesata.org\/br\/wp-content\/uploads\/2017\/01\/IMG_20160929_115727712-1-250x141.jpg 250w, https:\/\/www.abesata.org\/br\/wp-content\/uploads\/2017\/01\/IMG_20160929_115727712-1-150x84.jpg 150w\" sizes=\"(max-width: 800px) 100vw, 800px\" \/> <img loading=\"lazy\" decoding=\"async\" class=\"alignnone size-large wp-image-6246\" src=\"https:\/\/www.abesata.org\/br\/wp-content\/uploads\/2017\/01\/IMG_20160929_110957431-1024x576.jpg\" alt=\"IMG_20160929_110957431\" width=\"800\" height=\"450\" srcset=\"https:\/\/www.abesata.org\/br\/wp-content\/uploads\/2017\/01\/IMG_20160929_110957431-1024x576.jpg 1024w, https:\/\/www.abesata.org\/br\/wp-content\/uploads\/2017\/01\/IMG_20160929_110957431-300x169.jpg 300w, https:\/\/www.abesata.org\/br\/wp-content\/uploads\/2017\/01\/IMG_20160929_110957431-768x432.jpg 768w, https:\/\/www.abesata.org\/br\/wp-content\/uploads\/2017\/01\/IMG_20160929_110957431-250x141.jpg 250w, https:\/\/www.abesata.org\/br\/wp-content\/uploads\/2017\/01\/IMG_20160929_110957431-150x84.jpg 150w\" sizes=\"(max-width: 800px) 100vw, 800px\" \/> <img loading=\"lazy\" decoding=\"async\" class=\"alignnone size-large wp-image-6245\" src=\"https:\/\/www.abesata.org\/br\/wp-content\/uploads\/2017\/01\/IMG_20160928_164037874-1024x576.jpg\" alt=\"IMG_20160928_164037874\" width=\"800\" height=\"450\" srcset=\"https:\/\/www.abesata.org\/br\/wp-content\/uploads\/2017\/01\/IMG_20160928_164037874-1024x576.jpg 1024w, https:\/\/www.abesata.org\/br\/wp-content\/uploads\/2017\/01\/IMG_20160928_164037874-300x169.jpg 300w, https:\/\/www.abesata.org\/br\/wp-content\/uploads\/2017\/01\/IMG_20160928_164037874-768x432.jpg 768w, https:\/\/www.abesata.org\/br\/wp-content\/uploads\/2017\/01\/IMG_20160928_164037874-250x141.jpg 250w, https:\/\/www.abesata.org\/br\/wp-content\/uploads\/2017\/01\/IMG_20160928_164037874-150x84.jpg 150w\" sizes=\"(max-width: 800px) 100vw, 800px\" \/> <img loading=\"lazy\" decoding=\"async\" class=\"alignnone size-large wp-image-6244\" src=\"https:\/\/www.abesata.org\/br\/wp-content\/uploads\/2017\/01\/IMG_20160928_163913859-576x1024.jpg\" alt=\"IMG_20160928_163913859\" width=\"576\" height=\"1024\" srcset=\"https:\/\/www.abesata.org\/br\/wp-content\/uploads\/2017\/01\/IMG_20160928_163913859-576x1024.jpg 576w, https:\/\/www.abesata.org\/br\/wp-content\/uploads\/2017\/01\/IMG_20160928_163913859-169x300.jpg 169w, https:\/\/www.abesata.org\/br\/wp-content\/uploads\/2017\/01\/IMG_20160928_163913859-768x1365.jpg 768w, https:\/\/www.abesata.org\/br\/wp-content\/uploads\/2017\/01\/IMG_20160928_163913859-84x150.jpg 84w\" sizes=\"(max-width: 576px) 100vw, 576px\" \/> <img loading=\"lazy\" decoding=\"async\" class=\"alignnone size-large wp-image-6243\" src=\"https:\/\/www.abesata.org\/br\/wp-content\/uploads\/2017\/01\/IMG_20160928_163839550-576x1024.jpg\" alt=\"IMG_20160928_163839550\" width=\"576\" height=\"1024\" srcset=\"https:\/\/www.abesata.org\/br\/wp-content\/uploads\/2017\/01\/IMG_20160928_163839550-576x1024.jpg 576w, https:\/\/www.abesata.org\/br\/wp-content\/uploads\/2017\/01\/IMG_20160928_163839550-169x300.jpg 169w, https:\/\/www.abesata.org\/br\/wp-content\/uploads\/2017\/01\/IMG_20160928_163839550-768x1365.jpg 768w, https:\/\/www.abesata.org\/br\/wp-content\/uploads\/2017\/01\/IMG_20160928_163839550-84x150.jpg 84w\" sizes=\"(max-width: 576px) 100vw, 576px\" \/> <img loading=\"lazy\" decoding=\"async\" class=\"alignnone size-large wp-image-6242\" src=\"https:\/\/www.abesata.org\/br\/wp-content\/uploads\/2017\/01\/IMG_20160928_163727624-1024x576.jpg\" alt=\"IMG_20160928_163727624\" width=\"800\" height=\"450\" srcset=\"https:\/\/www.abesata.org\/br\/wp-content\/uploads\/2017\/01\/IMG_20160928_163727624-1024x576.jpg 1024w, https:\/\/www.abesata.org\/br\/wp-content\/uploads\/2017\/01\/IMG_20160928_163727624-300x169.jpg 300w, https:\/\/www.abesata.org\/br\/wp-content\/uploads\/2017\/01\/IMG_20160928_163727624-768x432.jpg 768w, https:\/\/www.abesata.org\/br\/wp-content\/uploads\/2017\/01\/IMG_20160928_163727624-250x141.jpg 250w, https:\/\/www.abesata.org\/br\/wp-content\/uploads\/2017\/01\/IMG_20160928_163727624-150x84.jpg 150w\" sizes=\"(max-width: 800px) 100vw, 800px\" \/> <img loading=\"lazy\" decoding=\"async\" class=\"alignnone size-large wp-image-6241\" src=\"https:\/\/www.abesata.org\/br\/wp-content\/uploads\/2017\/01\/IMG_20160928_163629762-1024x576.jpg\" alt=\"IMG_20160928_163629762\" width=\"800\" height=\"450\" srcset=\"https:\/\/www.abesata.org\/br\/wp-content\/uploads\/2017\/01\/IMG_20160928_163629762-1024x576.jpg 1024w, https:\/\/www.abesata.org\/br\/wp-content\/uploads\/2017\/01\/IMG_20160928_163629762-300x169.jpg 300w, https:\/\/www.abesata.org\/br\/wp-content\/uploads\/2017\/01\/IMG_20160928_163629762-768x432.jpg 768w, https:\/\/www.abesata.org\/br\/wp-content\/uploads\/2017\/01\/IMG_20160928_163629762-250x141.jpg 250w, https:\/\/www.abesata.org\/br\/wp-content\/uploads\/2017\/01\/IMG_20160928_163629762-150x84.jpg 150w\" sizes=\"(max-width: 800px) 100vw, 800px\" \/> <img loading=\"lazy\" decoding=\"async\" class=\"alignnone size-large wp-image-6240\" src=\"https:\/\/www.abesata.org\/br\/wp-content\/uploads\/2017\/01\/IMG_20160928_160510137-1024x576.jpg\" alt=\"IMG_20160928_160510137\" width=\"800\" height=\"450\" srcset=\"https:\/\/www.abesata.org\/br\/wp-content\/uploads\/2017\/01\/IMG_20160928_160510137-1024x576.jpg 1024w, https:\/\/www.abesata.org\/br\/wp-content\/uploads\/2017\/01\/IMG_20160928_160510137-300x169.jpg 300w, https:\/\/www.abesata.org\/br\/wp-content\/uploads\/2017\/01\/IMG_20160928_160510137-768x432.jpg 768w, https:\/\/www.abesata.org\/br\/wp-content\/uploads\/2017\/01\/IMG_20160928_160510137-250x141.jpg 250w, https:\/\/www.abesata.org\/br\/wp-content\/uploads\/2017\/01\/IMG_20160928_160510137-150x84.jpg 150w\" sizes=\"(max-width: 800px) 100vw, 800px\" \/> <img loading=\"lazy\" decoding=\"async\" class=\"alignnone size-large wp-image-6239\" src=\"https:\/\/www.abesata.org\/br\/wp-content\/uploads\/2017\/01\/IMG_20160928_135455409-1024x576.jpg\" alt=\"IMG_20160928_135455409\" width=\"800\" height=\"450\" srcset=\"https:\/\/www.abesata.org\/br\/wp-content\/uploads\/2017\/01\/IMG_20160928_135455409-1024x576.jpg 1024w, https:\/\/www.abesata.org\/br\/wp-content\/uploads\/2017\/01\/IMG_20160928_135455409-300x169.jpg 300w, https:\/\/www.abesata.org\/br\/wp-content\/uploads\/2017\/01\/IMG_20160928_135455409-768x432.jpg 768w, https:\/\/www.abesata.org\/br\/wp-content\/uploads\/2017\/01\/IMG_20160928_135455409-250x141.jpg 250w, https:\/\/www.abesata.org\/br\/wp-content\/uploads\/2017\/01\/IMG_20160928_135455409-150x84.jpg 150w\" sizes=\"(max-width: 800px) 100vw, 800px\" \/> <img loading=\"lazy\" decoding=\"async\" class=\"alignnone size-large wp-image-6238\" src=\"https:\/\/www.abesata.org\/br\/wp-content\/uploads\/2017\/01\/IMG_20160928_135410231-1024x576.jpg\" alt=\"IMG_20160928_135410231\" width=\"800\" height=\"450\" srcset=\"https:\/\/www.abesata.org\/br\/wp-content\/uploads\/2017\/01\/IMG_20160928_135410231-1024x576.jpg 1024w, https:\/\/www.abesata.org\/br\/wp-content\/uploads\/2017\/01\/IMG_20160928_135410231-300x169.jpg 300w, https:\/\/www.abesata.org\/br\/wp-content\/uploads\/2017\/01\/IMG_20160928_135410231-768x432.jpg 768w, https:\/\/www.abesata.org\/br\/wp-content\/uploads\/2017\/01\/IMG_20160928_135410231-250x141.jpg 250w, https:\/\/www.abesata.org\/br\/wp-content\/uploads\/2017\/01\/IMG_20160928_135410231-150x84.jpg 150w\" sizes=\"(max-width: 800px) 100vw, 800px\" \/><\/p>\n","protected":false},"excerpt":{"rendered":"","protected":false},"author":18,"featured_media":0,"parent":0,"menu_order":0,"comment_status":"closed","ping_status":"closed","template":"","meta":{"footnotes":""},"class_list":["post-6254","page","type-page","status-publish","hentry"],"yoast_head":"<!-- This site is optimized with the Yoast SEO plugin v26.5 - https:\/\/yoast.com\/wordpress\/plugins\/seo\/ -->\n<title>Abesata - Ground Handling Conference - Miami - 27 e 28 set.2016 - Abesata<\/title>\n<meta name=\"robots\" content=\"index, follow, max-snippet:-1, max-image-preview:large, max-video-preview:-1\" \/>\n<link rel=\"canonical\" href=\"https:\/\/www.abesata.org\/br\/abesata-ground-handling-conference-miami-27-e-28-set-2016\/\" \/>\n<meta property=\"og:locale\" content=\"pt_BR\" \/>\n<meta property=\"og:type\" content=\"article\" \/>\n<meta property=\"og:title\" content=\"Abesata - Ground Handling Conference - Miami - 27 e 28 set.2016 - Abesata\" \/>\n<meta property=\"og:url\" content=\"https:\/\/www.abesata.org\/br\/abesata-ground-handling-conference-miami-27-e-28-set-2016\/\" \/>\n<meta property=\"og:site_name\" content=\"Abesata\" \/>\n<meta property=\"article:publisher\" content=\"https:\/\/www.facebook.com\/abesata.org\/\" \/>\n<meta property=\"article:modified_time\" content=\"2017-01-23T01:50:38+00:00\" \/>\n<meta property=\"og:image\" content=\"http:\/\/www.abesata.org\/br\/wp-content\/uploads\/2017\/01\/IMG_20160928_125253221-1024x576.jpg\" \/>\n<meta name=\"twitter:card\" content=\"summary_large_image\" \/>\n<script type=\"application\/ld+json\" class=\"yoast-schema-graph\">{\"@context\":\"https:\/\/schema.org\",\"@graph\":[{\"@type\":\"WebPage\",\"@id\":\"https:\/\/www.abesata.org\/br\/abesata-ground-handling-conference-miami-27-e-28-set-2016\/\",\"url\":\"https:\/\/www.abesata.org\/br\/abesata-ground-handling-conference-miami-27-e-28-set-2016\/\",\"name\":\"Abesata - Ground Handling Conference - Miami - 27 e 28 set.2016 - Abesata\",\"isPartOf\":{\"@id\":\"https:\/\/www.abesata.org\/br\/#website\"},\"primaryImageOfPage\":{\"@id\":\"https:\/\/www.abesata.org\/br\/abesata-ground-handling-conference-miami-27-e-28-set-2016\/#primaryimage\"},\"image\":{\"@id\":\"https:\/\/www.abesata.org\/br\/abesata-ground-handling-conference-miami-27-e-28-set-2016\/#primaryimage\"},\"thumbnailUrl\":\"http:\/\/www.abesata.org\/br\/wp-content\/uploads\/2017\/01\/IMG_20160928_125253221-1024x576.jpg\",\"datePublished\":\"2017-01-23T01:42:20+00:00\",\"dateModified\":\"2017-01-23T01:50:38+00:00\",\"breadcrumb\":{\"@id\":\"https:\/\/www.abesata.org\/br\/abesata-ground-handling-conference-miami-27-e-28-set-2016\/#breadcrumb\"},\"inLanguage\":\"pt-BR\",\"potentialAction\":[{\"@type\":\"ReadAction\",\"target\":[\"https:\/\/www.abesata.org\/br\/abesata-ground-handling-conference-miami-27-e-28-set-2016\/\"]}]},{\"@type\":\"ImageObject\",\"inLanguage\":\"pt-BR\",\"@id\":\"https:\/\/www.abesata.org\/br\/abesata-ground-handling-conference-miami-27-e-28-set-2016\/#primaryimage\",\"url\":\"http:\/\/www.abesata.org\/br\/wp-content\/uploads\/2017\/01\/IMG_20160928_125253221-1024x576.jpg\",\"contentUrl\":\"http:\/\/www.abesata.org\/br\/wp-content\/uploads\/2017\/01\/IMG_20160928_125253221-1024x576.jpg\"},{\"@type\":\"BreadcrumbList\",\"@id\":\"https:\/\/www.abesata.org\/br\/abesata-ground-handling-conference-miami-27-e-28-set-2016\/#breadcrumb\",\"itemListElement\":[{\"@type\":\"ListItem\",\"position\":1,\"name\":\"In\u00edcio\",\"item\":\"https:\/\/www.abesata.org\/br\/\"},{\"@type\":\"ListItem\",\"position\":2,\"name\":\"Abesata &#8211; Ground Handling Conference &#8211; Miami &#8211; 27 e 28 set.2016\"}]},{\"@type\":\"WebSite\",\"@id\":\"https:\/\/www.abesata.org\/br\/#website\",\"url\":\"https:\/\/www.abesata.org\/br\/\",\"name\":\"Abesata\",\"description\":\"Associa\u00e7\u00e3o Brasileira das Empresas de Servi\u00e7os Auxiliares de Transporte A\u00e9reo\",\"publisher\":{\"@id\":\"https:\/\/www.abesata.org\/br\/#organization\"},\"potentialAction\":[{\"@type\":\"SearchAction\",\"target\":{\"@type\":\"EntryPoint\",\"urlTemplate\":\"https:\/\/www.abesata.org\/br\/?s={search_term_string}\"},\"query-input\":{\"@type\":\"PropertyValueSpecification\",\"valueRequired\":true,\"valueName\":\"search_term_string\"}}],\"inLanguage\":\"pt-BR\"},{\"@type\":\"Organization\",\"@id\":\"https:\/\/www.abesata.org\/br\/#organization\",\"name\":\"Associa\u00e7\u00e3o Brasileira das Empresas de Servi\u00e7os Auxiliares de Transporte A\u00e9reo\",\"alternateName\":\"Abesata\",\"url\":\"https:\/\/www.abesata.org\/br\/\",\"logo\":{\"@type\":\"ImageObject\",\"inLanguage\":\"pt-BR\",\"@id\":\"https:\/\/www.abesata.org\/br\/#\/schema\/logo\/image\/\",\"url\":\"https:\/\/www.abesata.org\/br\/wp-content\/uploads\/2023\/10\/Abesata.png\",\"contentUrl\":\"https:\/\/www.abesata.org\/br\/wp-content\/uploads\/2023\/10\/Abesata.png\",\"width\":1063,\"height\":591,\"caption\":\"Associa\u00e7\u00e3o Brasileira das Empresas de Servi\u00e7os Auxiliares de Transporte A\u00e9reo\"},\"image\":{\"@id\":\"https:\/\/www.abesata.org\/br\/#\/schema\/logo\/image\/\"},\"sameAs\":[\"https:\/\/www.facebook.com\/abesata.org\/\",\"https:\/\/www.instagram.com\/abesata_gh\/\",\"https:\/\/br.linkedin.com\/company\/abesata\"]}]}<\/script>\n<!-- \/ Yoast SEO plugin. -->","yoast_head_json":{"title":"Abesata - Ground Handling Conference - Miami - 27 e 28 set.2016 - Abesata","robots":{"index":"index","follow":"follow","max-snippet":"max-snippet:-1","max-image-preview":"max-image-preview:large","max-video-preview":"max-video-preview:-1"},"canonical":"https:\/\/www.abesata.org\/br\/abesata-ground-handling-conference-miami-27-e-28-set-2016\/","og_locale":"pt_BR","og_type":"article","og_title":"Abesata - Ground Handling Conference - Miami - 27 e 28 set.2016 - Abesata","og_url":"https:\/\/www.abesata.org\/br\/abesata-ground-handling-conference-miami-27-e-28-set-2016\/","og_site_name":"Abesata","article_publisher":"https:\/\/www.facebook.com\/abesata.org\/","article_modified_time":"2017-01-23T01:50:38+00:00","og_image":[{"url":"http:\/\/www.abesata.org\/br\/wp-content\/uploads\/2017\/01\/IMG_20160928_125253221-1024x576.jpg","type":"","width":"","height":""}],"twitter_card":"summary_large_image","schema":{"@context":"https:\/\/schema.org","@graph":[{"@type":"WebPage","@id":"https:\/\/www.abesata.org\/br\/abesata-ground-handling-conference-miami-27-e-28-set-2016\/","url":"https:\/\/www.abesata.org\/br\/abesata-ground-handling-conference-miami-27-e-28-set-2016\/","name":"Abesata - Ground Handling Conference - Miami - 27 e 28 set.2016 - Abesata","isPartOf":{"@id":"https:\/\/www.abesata.org\/br\/#website"},"primaryImageOfPage":{"@id":"https:\/\/www.abesata.org\/br\/abesata-ground-handling-conference-miami-27-e-28-set-2016\/#primaryimage"},"image":{"@id":"https:\/\/www.abesata.org\/br\/abesata-ground-handling-conference-miami-27-e-28-set-2016\/#primaryimage"},"thumbnailUrl":"http:\/\/www.abesata.org\/br\/wp-content\/uploads\/2017\/01\/IMG_20160928_125253221-1024x576.jpg","datePublished":"2017-01-23T01:42:20+00:00","dateModified":"2017-01-23T01:50:38+00:00","breadcrumb":{"@id":"https:\/\/www.abesata.org\/br\/abesata-ground-handling-conference-miami-27-e-28-set-2016\/#breadcrumb"},"inLanguage":"pt-BR","potentialAction":[{"@type":"ReadAction","target":["https:\/\/www.abesata.org\/br\/abesata-ground-handling-conference-miami-27-e-28-set-2016\/"]}]},{"@type":"ImageObject","inLanguage":"pt-BR","@id":"https:\/\/www.abesata.org\/br\/abesata-ground-handling-conference-miami-27-e-28-set-2016\/#primaryimage","url":"http:\/\/www.abesata.org\/br\/wp-content\/uploads\/2017\/01\/IMG_20160928_125253221-1024x576.jpg","contentUrl":"http:\/\/www.abesata.org\/br\/wp-content\/uploads\/2017\/01\/IMG_20160928_125253221-1024x576.jpg"},{"@type":"BreadcrumbList","@id":"https:\/\/www.abesata.org\/br\/abesata-ground-handling-conference-miami-27-e-28-set-2016\/#breadcrumb","itemListElement":[{"@type":"ListItem","position":1,"name":"In\u00edcio","item":"https:\/\/www.abesata.org\/br\/"},{"@type":"ListItem","position":2,"name":"Abesata &#8211; Ground Handling Conference &#8211; Miami &#8211; 27 e 28 set.2016"}]},{"@type":"WebSite","@id":"https:\/\/www.abesata.org\/br\/#website","url":"https:\/\/www.abesata.org\/br\/","name":"Abesata","description":"Associa\u00e7\u00e3o Brasileira das Empresas de Servi\u00e7os Auxiliares de Transporte A\u00e9reo","publisher":{"@id":"https:\/\/www.abesata.org\/br\/#organization"},"potentialAction":[{"@type":"SearchAction","target":{"@type":"EntryPoint","urlTemplate":"https:\/\/www.abesata.org\/br\/?s={search_term_string}"},"query-input":{"@type":"PropertyValueSpecification","valueRequired":true,"valueName":"search_term_string"}}],"inLanguage":"pt-BR"},{"@type":"Organization","@id":"https:\/\/www.abesata.org\/br\/#organization","name":"Associa\u00e7\u00e3o Brasileira das Empresas de Servi\u00e7os Auxiliares de Transporte A\u00e9reo","alternateName":"Abesata","url":"https:\/\/www.abesata.org\/br\/","logo":{"@type":"ImageObject","inLanguage":"pt-BR","@id":"https:\/\/www.abesata.org\/br\/#\/schema\/logo\/image\/","url":"https:\/\/www.abesata.org\/br\/wp-content\/uploads\/2023\/10\/Abesata.png","contentUrl":"https:\/\/www.abesata.org\/br\/wp-content\/uploads\/2023\/10\/Abesata.png","width":1063,"height":591,"caption":"Associa\u00e7\u00e3o Brasileira das Empresas de Servi\u00e7os Auxiliares de Transporte A\u00e9reo"},"image":{"@id":"https:\/\/www.abesata.org\/br\/#\/schema\/logo\/image\/"},"sameAs":["https:\/\/www.facebook.com\/abesata.org\/","https:\/\/www.instagram.com\/abesata_gh\/","https:\/\/br.linkedin.com\/company\/abesata"]}]}},"_links":{"self":[{"href":"https:\/\/www.abesata.org\/br\/wp-json\/wp\/v2\/pages\/6254","targetHints":{"allow":["GET"]}}],"collection":[{"href":"https:\/\/www.abesata.org\/br\/wp-json\/wp\/v2\/pages"}],"about":[{"href":"https:\/\/www.abesata.org\/br\/wp-json\/wp\/v2\/types\/page"}],"author":[{"embeddable":true,"href":"https:\/\/www.abesata.org\/br\/wp-json\/wp\/v2\/users\/18"}],"replies":[{"embeddable":true,"href":"https:\/\/www.abesata.org\/br\/wp-json\/wp\/v2\/comments?post=6254"}],"version-history":[{"count":0,"href":"https:\/\/www.abesata.org\/br\/wp-json\/wp\/v2\/pages\/6254\/revisions"}],"wp:attachment":[{"href":"https:\/\/www.abesata.org\/br\/wp-json\/wp\/v2\/media?parent=6254"}],"curies":[{"name":"wp","href":"https:\/\/api.w.org\/{rel}","templated":true}]}}