{"id":6493,"date":"2017-04-10T02:18:28","date_gmt":"2017-04-10T02:18:28","guid":{"rendered":"http:\/\/www.abesata.org\/br\/?page_id=6493"},"modified":"2017-04-11T22:43:55","modified_gmt":"2017-04-11T22:43:55","slug":"internacional-brazil-air-show-no-rio-de-janeiro-29-e-30-03-2017","status":"publish","type":"page","link":"https:\/\/www.abesata.org\/br\/internacional-brazil-air-show-no-rio-de-janeiro-29-e-30-03-2017\/","title":{"rendered":"Internacional Brazil Air Show\u00a0no Rio de Janeiro &#8211;\u00a029 e 30 03.2017"},"content":{"rendered":"<p><img fetchpriority=\"high\" decoding=\"async\" class=\"alignnone size-full wp-image-6503\" src=\"https:\/\/www.abesata.org\/br\/wp-content\/uploads\/2017\/04\/1A5A7038.jpg\" alt=\"1A5A7038\" width=\"5760\" height=\"3840\" srcset=\"https:\/\/www.abesata.org\/br\/wp-content\/uploads\/2017\/04\/1A5A7038.jpg 5760w, https:\/\/www.abesata.org\/br\/wp-content\/uploads\/2017\/04\/1A5A7038-300x200.jpg 300w, https:\/\/www.abesata.org\/br\/wp-content\/uploads\/2017\/04\/1A5A7038-768x512.jpg 768w, https:\/\/www.abesata.org\/br\/wp-content\/uploads\/2017\/04\/1A5A7038-1024x683.jpg 1024w, https:\/\/www.abesata.org\/br\/wp-content\/uploads\/2017\/04\/1A5A7038-225x150.jpg 225w, https:\/\/www.abesata.org\/br\/wp-content\/uploads\/2017\/04\/1A5A7038-150x100.jpg 150w\" sizes=\"(max-width: 5760px) 100vw, 5760px\" \/> <img decoding=\"async\" class=\"alignnone size-full wp-image-6505\" src=\"https:\/\/www.abesata.org\/br\/wp-content\/uploads\/2017\/04\/1A5A7048.jpg\" alt=\"1A5A7048\" width=\"5760\" height=\"3840\" srcset=\"https:\/\/www.abesata.org\/br\/wp-content\/uploads\/2017\/04\/1A5A7048.jpg 5760w, https:\/\/www.abesata.org\/br\/wp-content\/uploads\/2017\/04\/1A5A7048-300x200.jpg 300w, https:\/\/www.abesata.org\/br\/wp-content\/uploads\/2017\/04\/1A5A7048-768x512.jpg 768w, https:\/\/www.abesata.org\/br\/wp-content\/uploads\/2017\/04\/1A5A7048-1024x683.jpg 1024w, https:\/\/www.abesata.org\/br\/wp-content\/uploads\/2017\/04\/1A5A7048-225x150.jpg 225w, https:\/\/www.abesata.org\/br\/wp-content\/uploads\/2017\/04\/1A5A7048-150x100.jpg 150w\" sizes=\"(max-width: 5760px) 100vw, 5760px\" \/> <img decoding=\"async\" class=\"alignnone size-full wp-image-6506\" src=\"https:\/\/www.abesata.org\/br\/wp-content\/uploads\/2017\/04\/124A0428.jpg\" alt=\"124A0428\" width=\"5582\" height=\"3588\" srcset=\"https:\/\/www.abesata.org\/br\/wp-content\/uploads\/2017\/04\/124A0428.jpg 5582w, https:\/\/www.abesata.org\/br\/wp-content\/uploads\/2017\/04\/124A0428-300x193.jpg 300w, https:\/\/www.abesata.org\/br\/wp-content\/uploads\/2017\/04\/124A0428-768x494.jpg 768w, https:\/\/www.abesata.org\/br\/wp-content\/uploads\/2017\/04\/124A0428-1024x658.jpg 1024w, https:\/\/www.abesata.org\/br\/wp-content\/uploads\/2017\/04\/124A0428-233x150.jpg 233w, https:\/\/www.abesata.org\/br\/wp-content\/uploads\/2017\/04\/124A0428-150x96.jpg 150w\" sizes=\"(max-width: 5582px) 100vw, 5582px\" \/> <img loading=\"lazy\" decoding=\"async\" class=\"alignnone size-full wp-image-6508\" src=\"https:\/\/www.abesata.org\/br\/wp-content\/uploads\/2017\/04\/124A0447.jpg\" alt=\"124A0447\" width=\"5342\" height=\"3398\" srcset=\"https:\/\/www.abesata.org\/br\/wp-content\/uploads\/2017\/04\/124A0447.jpg 5342w, https:\/\/www.abesata.org\/br\/wp-content\/uploads\/2017\/04\/124A0447-300x191.jpg 300w, https:\/\/www.abesata.org\/br\/wp-content\/uploads\/2017\/04\/124A0447-768x489.jpg 768w, https:\/\/www.abesata.org\/br\/wp-content\/uploads\/2017\/04\/124A0447-1024x651.jpg 1024w, https:\/\/www.abesata.org\/br\/wp-content\/uploads\/2017\/04\/124A0447-236x150.jpg 236w, https:\/\/www.abesata.org\/br\/wp-content\/uploads\/2017\/04\/124A0447-150x95.jpg 150w\" sizes=\"(max-width: 5342px) 100vw, 5342px\" \/> <img loading=\"lazy\" decoding=\"async\" class=\"alignnone size-full wp-image-6510\" src=\"https:\/\/www.abesata.org\/br\/wp-content\/uploads\/2017\/04\/IMG_20170329_110009614.jpg\" alt=\"IMG_20170329_110009614\" width=\"5344\" height=\"3006\" srcset=\"https:\/\/www.abesata.org\/br\/wp-content\/uploads\/2017\/04\/IMG_20170329_110009614.jpg 5344w, https:\/\/www.abesata.org\/br\/wp-content\/uploads\/2017\/04\/IMG_20170329_110009614-300x169.jpg 300w, https:\/\/www.abesata.org\/br\/wp-content\/uploads\/2017\/04\/IMG_20170329_110009614-768x432.jpg 768w, https:\/\/www.abesata.org\/br\/wp-content\/uploads\/2017\/04\/IMG_20170329_110009614-1024x576.jpg 1024w, https:\/\/www.abesata.org\/br\/wp-content\/uploads\/2017\/04\/IMG_20170329_110009614-250x141.jpg 250w, https:\/\/www.abesata.org\/br\/wp-content\/uploads\/2017\/04\/IMG_20170329_110009614-150x84.jpg 150w\" sizes=\"(max-width: 5344px) 100vw, 5344px\" \/> <img loading=\"lazy\" decoding=\"async\" class=\"alignnone size-full wp-image-6512\" src=\"https:\/\/www.abesata.org\/br\/wp-content\/uploads\/2017\/04\/IMG_20170330_122543397.jpg\" alt=\"IMG_20170330_122543397\" width=\"5344\" height=\"3006\" srcset=\"https:\/\/www.abesata.org\/br\/wp-content\/uploads\/2017\/04\/IMG_20170330_122543397.jpg 5344w, https:\/\/www.abesata.org\/br\/wp-content\/uploads\/2017\/04\/IMG_20170330_122543397-300x169.jpg 300w, https:\/\/www.abesata.org\/br\/wp-content\/uploads\/2017\/04\/IMG_20170330_122543397-768x432.jpg 768w, https:\/\/www.abesata.org\/br\/wp-content\/uploads\/2017\/04\/IMG_20170330_122543397-1024x576.jpg 1024w, https:\/\/www.abesata.org\/br\/wp-content\/uploads\/2017\/04\/IMG_20170330_122543397-250x141.jpg 250w, https:\/\/www.abesata.org\/br\/wp-content\/uploads\/2017\/04\/IMG_20170330_122543397-150x84.jpg 150w\" sizes=\"(max-width: 5344px) 100vw, 5344px\" \/> <img loading=\"lazy\" decoding=\"async\" class=\"alignnone size-full wp-image-6514\" src=\"https:\/\/www.abesata.org\/br\/wp-content\/uploads\/2017\/04\/IMG_20170330_152352735.jpg\" alt=\"IMG_20170330_152352735\" width=\"5344\" height=\"3006\" srcset=\"https:\/\/www.abesata.org\/br\/wp-content\/uploads\/2017\/04\/IMG_20170330_152352735.jpg 5344w, https:\/\/www.abesata.org\/br\/wp-content\/uploads\/2017\/04\/IMG_20170330_152352735-300x169.jpg 300w, https:\/\/www.abesata.org\/br\/wp-content\/uploads\/2017\/04\/IMG_20170330_152352735-768x432.jpg 768w, https:\/\/www.abesata.org\/br\/wp-content\/uploads\/2017\/04\/IMG_20170330_152352735-1024x576.jpg 1024w, https:\/\/www.abesata.org\/br\/wp-content\/uploads\/2017\/04\/IMG_20170330_152352735-250x141.jpg 250w, https:\/\/www.abesata.org\/br\/wp-content\/uploads\/2017\/04\/IMG_20170330_152352735-150x84.jpg 150w\" sizes=\"(max-width: 5344px) 100vw, 5344px\" \/> <img loading=\"lazy\" decoding=\"async\" class=\"alignnone size-full wp-image-6516\" src=\"https:\/\/www.abesata.org\/br\/wp-content\/uploads\/2017\/04\/IMG_20170408_232656.jpg\" alt=\"IMG_20170408_232656\" width=\"4214\" height=\"2676\" srcset=\"https:\/\/www.abesata.org\/br\/wp-content\/uploads\/2017\/04\/IMG_20170408_232656.jpg 4214w, https:\/\/www.abesata.org\/br\/wp-content\/uploads\/2017\/04\/IMG_20170408_232656-300x191.jpg 300w, https:\/\/www.abesata.org\/br\/wp-content\/uploads\/2017\/04\/IMG_20170408_232656-768x488.jpg 768w, https:\/\/www.abesata.org\/br\/wp-content\/uploads\/2017\/04\/IMG_20170408_232656-1024x650.jpg 1024w, https:\/\/www.abesata.org\/br\/wp-content\/uploads\/2017\/04\/IMG_20170408_232656-236x150.jpg 236w, https:\/\/www.abesata.org\/br\/wp-content\/uploads\/2017\/04\/IMG_20170408_232656-150x95.jpg 150w\" sizes=\"(max-width: 4214px) 100vw, 4214px\" \/> <img loading=\"lazy\" decoding=\"async\" class=\"alignnone size-full wp-image-6517\" src=\"https:\/\/www.abesata.org\/br\/wp-content\/uploads\/2017\/04\/IMG_20170408_232741.jpg\" alt=\"IMG_20170408_232741\" width=\"3529\" height=\"2311\" srcset=\"https:\/\/www.abesata.org\/br\/wp-content\/uploads\/2017\/04\/IMG_20170408_232741.jpg 3529w, https:\/\/www.abesata.org\/br\/wp-content\/uploads\/2017\/04\/IMG_20170408_232741-300x196.jpg 300w, https:\/\/www.abesata.org\/br\/wp-content\/uploads\/2017\/04\/IMG_20170408_232741-768x503.jpg 768w, https:\/\/www.abesata.org\/br\/wp-content\/uploads\/2017\/04\/IMG_20170408_232741-1024x671.jpg 1024w, https:\/\/www.abesata.org\/br\/wp-content\/uploads\/2017\/04\/IMG_20170408_232741-229x150.jpg 229w, https:\/\/www.abesata.org\/br\/wp-content\/uploads\/2017\/04\/IMG_20170408_232741-150x98.jpg 150w\" sizes=\"(max-width: 3529px) 100vw, 3529px\" \/><\/p>\n<p><img loading=\"lazy\" decoding=\"async\" class=\"alignnone size-full wp-image-6525\" src=\"https:\/\/www.abesata.org\/br\/wp-content\/uploads\/2017\/04\/2.jpg\" alt=\"\" width=\"2784\" height=\"1339\" srcset=\"https:\/\/www.abesata.org\/br\/wp-content\/uploads\/2017\/04\/2.jpg 2784w, https:\/\/www.abesata.org\/br\/wp-content\/uploads\/2017\/04\/2-300x144.jpg 300w, https:\/\/www.abesata.org\/br\/wp-content\/uploads\/2017\/04\/2-768x369.jpg 768w, https:\/\/www.abesata.org\/br\/wp-content\/uploads\/2017\/04\/2-1024x493.jpg 1024w, https:\/\/www.abesata.org\/br\/wp-content\/uploads\/2017\/04\/2-250x120.jpg 250w, https:\/\/www.abesata.org\/br\/wp-content\/uploads\/2017\/04\/2-150x72.jpg 150w\" sizes=\"(max-width: 2784px) 100vw, 2784px\" \/> <img loading=\"lazy\" decoding=\"async\" class=\"alignnone size-full wp-image-6526\" src=\"https:\/\/www.abesata.org\/br\/wp-content\/uploads\/2017\/04\/Capturar.jpg\" alt=\"\" width=\"2867\" height=\"1609\" srcset=\"https:\/\/www.abesata.org\/br\/wp-content\/uploads\/2017\/04\/Capturar.jpg 2867w, https:\/\/www.abesata.org\/br\/wp-content\/uploads\/2017\/04\/Capturar-300x168.jpg 300w, https:\/\/www.abesata.org\/br\/wp-content\/uploads\/2017\/04\/Capturar-768x431.jpg 768w, https:\/\/www.abesata.org\/br\/wp-content\/uploads\/2017\/04\/Capturar-1024x575.jpg 1024w, https:\/\/www.abesata.org\/br\/wp-content\/uploads\/2017\/04\/Capturar-250x140.jpg 250w, https:\/\/www.abesata.org\/br\/wp-content\/uploads\/2017\/04\/Capturar-150x84.jpg 150w\" sizes=\"(max-width: 2867px) 100vw, 2867px\" \/><\/p>\n","protected":false},"excerpt":{"rendered":"","protected":false},"author":18,"featured_media":0,"parent":0,"menu_order":0,"comment_status":"closed","ping_status":"closed","template":"","meta":{"footnotes":""},"class_list":["post-6493","page","type-page","status-publish","hentry"],"yoast_head":"<!-- This site is optimized with the Yoast SEO plugin v26.5 - https:\/\/yoast.com\/wordpress\/plugins\/seo\/ -->\n<title>Internacional Brazil Air Show\u00a0no Rio de Janeiro -\u00a029 e 30 03.2017 - Abesata<\/title>\n<meta name=\"robots\" content=\"index, follow, max-snippet:-1, max-image-preview:large, max-video-preview:-1\" \/>\n<link rel=\"canonical\" href=\"https:\/\/www.abesata.org\/br\/internacional-brazil-air-show-no-rio-de-janeiro-29-e-30-03-2017\/\" \/>\n<meta property=\"og:locale\" content=\"pt_BR\" \/>\n<meta property=\"og:type\" content=\"article\" \/>\n<meta property=\"og:title\" content=\"Internacional Brazil Air Show\u00a0no Rio de Janeiro -\u00a029 e 30 03.2017 - Abesata\" \/>\n<meta property=\"og:url\" content=\"https:\/\/www.abesata.org\/br\/internacional-brazil-air-show-no-rio-de-janeiro-29-e-30-03-2017\/\" \/>\n<meta property=\"og:site_name\" content=\"Abesata\" \/>\n<meta property=\"article:publisher\" content=\"https:\/\/www.facebook.com\/abesata.org\/\" \/>\n<meta property=\"article:modified_time\" content=\"2017-04-11T22:43:55+00:00\" \/>\n<meta property=\"og:image\" content=\"http:\/\/www.abesata.org\/br\/wp-content\/uploads\/2017\/04\/1A5A7038.jpg\" \/>\n<meta name=\"twitter:card\" content=\"summary_large_image\" \/>\n<script type=\"application\/ld+json\" class=\"yoast-schema-graph\">{\"@context\":\"https:\/\/schema.org\",\"@graph\":[{\"@type\":\"WebPage\",\"@id\":\"https:\/\/www.abesata.org\/br\/internacional-brazil-air-show-no-rio-de-janeiro-29-e-30-03-2017\/\",\"url\":\"https:\/\/www.abesata.org\/br\/internacional-brazil-air-show-no-rio-de-janeiro-29-e-30-03-2017\/\",\"name\":\"Internacional Brazil Air Show\u00a0no Rio de Janeiro -\u00a029 e 30 03.2017 - Abesata\",\"isPartOf\":{\"@id\":\"https:\/\/www.abesata.org\/br\/#website\"},\"primaryImageOfPage\":{\"@id\":\"https:\/\/www.abesata.org\/br\/internacional-brazil-air-show-no-rio-de-janeiro-29-e-30-03-2017\/#primaryimage\"},\"image\":{\"@id\":\"https:\/\/www.abesata.org\/br\/internacional-brazil-air-show-no-rio-de-janeiro-29-e-30-03-2017\/#primaryimage\"},\"thumbnailUrl\":\"http:\/\/www.abesata.org\/br\/wp-content\/uploads\/2017\/04\/1A5A7038.jpg\",\"datePublished\":\"2017-04-10T02:18:28+00:00\",\"dateModified\":\"2017-04-11T22:43:55+00:00\",\"breadcrumb\":{\"@id\":\"https:\/\/www.abesata.org\/br\/internacional-brazil-air-show-no-rio-de-janeiro-29-e-30-03-2017\/#breadcrumb\"},\"inLanguage\":\"pt-BR\",\"potentialAction\":[{\"@type\":\"ReadAction\",\"target\":[\"https:\/\/www.abesata.org\/br\/internacional-brazil-air-show-no-rio-de-janeiro-29-e-30-03-2017\/\"]}]},{\"@type\":\"ImageObject\",\"inLanguage\":\"pt-BR\",\"@id\":\"https:\/\/www.abesata.org\/br\/internacional-brazil-air-show-no-rio-de-janeiro-29-e-30-03-2017\/#primaryimage\",\"url\":\"http:\/\/www.abesata.org\/br\/wp-content\/uploads\/2017\/04\/1A5A7038.jpg\",\"contentUrl\":\"http:\/\/www.abesata.org\/br\/wp-content\/uploads\/2017\/04\/1A5A7038.jpg\"},{\"@type\":\"BreadcrumbList\",\"@id\":\"https:\/\/www.abesata.org\/br\/internacional-brazil-air-show-no-rio-de-janeiro-29-e-30-03-2017\/#breadcrumb\",\"itemListElement\":[{\"@type\":\"ListItem\",\"position\":1,\"name\":\"In\u00edcio\",\"item\":\"https:\/\/www.abesata.org\/br\/\"},{\"@type\":\"ListItem\",\"position\":2,\"name\":\"Internacional Brazil Air Show\u00a0no Rio de Janeiro &#8211;\u00a029 e 30 03.2017\"}]},{\"@type\":\"WebSite\",\"@id\":\"https:\/\/www.abesata.org\/br\/#website\",\"url\":\"https:\/\/www.abesata.org\/br\/\",\"name\":\"Abesata\",\"description\":\"Associa\u00e7\u00e3o Brasileira das Empresas de Servi\u00e7os Auxiliares de Transporte A\u00e9reo\",\"publisher\":{\"@id\":\"https:\/\/www.abesata.org\/br\/#organization\"},\"potentialAction\":[{\"@type\":\"SearchAction\",\"target\":{\"@type\":\"EntryPoint\",\"urlTemplate\":\"https:\/\/www.abesata.org\/br\/?s={search_term_string}\"},\"query-input\":{\"@type\":\"PropertyValueSpecification\",\"valueRequired\":true,\"valueName\":\"search_term_string\"}}],\"inLanguage\":\"pt-BR\"},{\"@type\":\"Organization\",\"@id\":\"https:\/\/www.abesata.org\/br\/#organization\",\"name\":\"Associa\u00e7\u00e3o Brasileira das Empresas de Servi\u00e7os Auxiliares de Transporte A\u00e9reo\",\"alternateName\":\"Abesata\",\"url\":\"https:\/\/www.abesata.org\/br\/\",\"logo\":{\"@type\":\"ImageObject\",\"inLanguage\":\"pt-BR\",\"@id\":\"https:\/\/www.abesata.org\/br\/#\/schema\/logo\/image\/\",\"url\":\"https:\/\/www.abesata.org\/br\/wp-content\/uploads\/2023\/10\/Abesata.png\",\"contentUrl\":\"https:\/\/www.abesata.org\/br\/wp-content\/uploads\/2023\/10\/Abesata.png\",\"width\":1063,\"height\":591,\"caption\":\"Associa\u00e7\u00e3o Brasileira das Empresas de Servi\u00e7os Auxiliares de Transporte A\u00e9reo\"},\"image\":{\"@id\":\"https:\/\/www.abesata.org\/br\/#\/schema\/logo\/image\/\"},\"sameAs\":[\"https:\/\/www.facebook.com\/abesata.org\/\",\"https:\/\/www.instagram.com\/abesata_gh\/\",\"https:\/\/br.linkedin.com\/company\/abesata\"]}]}<\/script>\n<!-- \/ Yoast SEO plugin. -->","yoast_head_json":{"title":"Internacional Brazil Air Show\u00a0no Rio de Janeiro -\u00a029 e 30 03.2017 - Abesata","robots":{"index":"index","follow":"follow","max-snippet":"max-snippet:-1","max-image-preview":"max-image-preview:large","max-video-preview":"max-video-preview:-1"},"canonical":"https:\/\/www.abesata.org\/br\/internacional-brazil-air-show-no-rio-de-janeiro-29-e-30-03-2017\/","og_locale":"pt_BR","og_type":"article","og_title":"Internacional Brazil Air Show\u00a0no Rio de Janeiro -\u00a029 e 30 03.2017 - Abesata","og_url":"https:\/\/www.abesata.org\/br\/internacional-brazil-air-show-no-rio-de-janeiro-29-e-30-03-2017\/","og_site_name":"Abesata","article_publisher":"https:\/\/www.facebook.com\/abesata.org\/","article_modified_time":"2017-04-11T22:43:55+00:00","og_image":[{"url":"http:\/\/www.abesata.org\/br\/wp-content\/uploads\/2017\/04\/1A5A7038.jpg","type":"","width":"","height":""}],"twitter_card":"summary_large_image","schema":{"@context":"https:\/\/schema.org","@graph":[{"@type":"WebPage","@id":"https:\/\/www.abesata.org\/br\/internacional-brazil-air-show-no-rio-de-janeiro-29-e-30-03-2017\/","url":"https:\/\/www.abesata.org\/br\/internacional-brazil-air-show-no-rio-de-janeiro-29-e-30-03-2017\/","name":"Internacional Brazil Air Show\u00a0no Rio de Janeiro -\u00a029 e 30 03.2017 - Abesata","isPartOf":{"@id":"https:\/\/www.abesata.org\/br\/#website"},"primaryImageOfPage":{"@id":"https:\/\/www.abesata.org\/br\/internacional-brazil-air-show-no-rio-de-janeiro-29-e-30-03-2017\/#primaryimage"},"image":{"@id":"https:\/\/www.abesata.org\/br\/internacional-brazil-air-show-no-rio-de-janeiro-29-e-30-03-2017\/#primaryimage"},"thumbnailUrl":"http:\/\/www.abesata.org\/br\/wp-content\/uploads\/2017\/04\/1A5A7038.jpg","datePublished":"2017-04-10T02:18:28+00:00","dateModified":"2017-04-11T22:43:55+00:00","breadcrumb":{"@id":"https:\/\/www.abesata.org\/br\/internacional-brazil-air-show-no-rio-de-janeiro-29-e-30-03-2017\/#breadcrumb"},"inLanguage":"pt-BR","potentialAction":[{"@type":"ReadAction","target":["https:\/\/www.abesata.org\/br\/internacional-brazil-air-show-no-rio-de-janeiro-29-e-30-03-2017\/"]}]},{"@type":"ImageObject","inLanguage":"pt-BR","@id":"https:\/\/www.abesata.org\/br\/internacional-brazil-air-show-no-rio-de-janeiro-29-e-30-03-2017\/#primaryimage","url":"http:\/\/www.abesata.org\/br\/wp-content\/uploads\/2017\/04\/1A5A7038.jpg","contentUrl":"http:\/\/www.abesata.org\/br\/wp-content\/uploads\/2017\/04\/1A5A7038.jpg"},{"@type":"BreadcrumbList","@id":"https:\/\/www.abesata.org\/br\/internacional-brazil-air-show-no-rio-de-janeiro-29-e-30-03-2017\/#breadcrumb","itemListElement":[{"@type":"ListItem","position":1,"name":"In\u00edcio","item":"https:\/\/www.abesata.org\/br\/"},{"@type":"ListItem","position":2,"name":"Internacional Brazil Air Show\u00a0no Rio de Janeiro &#8211;\u00a029 e 30 03.2017"}]},{"@type":"WebSite","@id":"https:\/\/www.abesata.org\/br\/#website","url":"https:\/\/www.abesata.org\/br\/","name":"Abesata","description":"Associa\u00e7\u00e3o Brasileira das Empresas de Servi\u00e7os Auxiliares de Transporte A\u00e9reo","publisher":{"@id":"https:\/\/www.abesata.org\/br\/#organization"},"potentialAction":[{"@type":"SearchAction","target":{"@type":"EntryPoint","urlTemplate":"https:\/\/www.abesata.org\/br\/?s={search_term_string}"},"query-input":{"@type":"PropertyValueSpecification","valueRequired":true,"valueName":"search_term_string"}}],"inLanguage":"pt-BR"},{"@type":"Organization","@id":"https:\/\/www.abesata.org\/br\/#organization","name":"Associa\u00e7\u00e3o Brasileira das Empresas de Servi\u00e7os Auxiliares de Transporte A\u00e9reo","alternateName":"Abesata","url":"https:\/\/www.abesata.org\/br\/","logo":{"@type":"ImageObject","inLanguage":"pt-BR","@id":"https:\/\/www.abesata.org\/br\/#\/schema\/logo\/image\/","url":"https:\/\/www.abesata.org\/br\/wp-content\/uploads\/2023\/10\/Abesata.png","contentUrl":"https:\/\/www.abesata.org\/br\/wp-content\/uploads\/2023\/10\/Abesata.png","width":1063,"height":591,"caption":"Associa\u00e7\u00e3o Brasileira das Empresas de Servi\u00e7os Auxiliares de Transporte A\u00e9reo"},"image":{"@id":"https:\/\/www.abesata.org\/br\/#\/schema\/logo\/image\/"},"sameAs":["https:\/\/www.facebook.com\/abesata.org\/","https:\/\/www.instagram.com\/abesata_gh\/","https:\/\/br.linkedin.com\/company\/abesata"]}]}},"_links":{"self":[{"href":"https:\/\/www.abesata.org\/br\/wp-json\/wp\/v2\/pages\/6493","targetHints":{"allow":["GET"]}}],"collection":[{"href":"https:\/\/www.abesata.org\/br\/wp-json\/wp\/v2\/pages"}],"about":[{"href":"https:\/\/www.abesata.org\/br\/wp-json\/wp\/v2\/types\/page"}],"author":[{"embeddable":true,"href":"https:\/\/www.abesata.org\/br\/wp-json\/wp\/v2\/users\/18"}],"replies":[{"embeddable":true,"href":"https:\/\/www.abesata.org\/br\/wp-json\/wp\/v2\/comments?post=6493"}],"version-history":[{"count":0,"href":"https:\/\/www.abesata.org\/br\/wp-json\/wp\/v2\/pages\/6493\/revisions"}],"wp:attachment":[{"href":"https:\/\/www.abesata.org\/br\/wp-json\/wp\/v2\/media?parent=6493"}],"curies":[{"name":"wp","href":"https:\/\/api.w.org\/{rel}","templated":true}]}}