{"id":6494,"date":"2017-04-10T02:18:29","date_gmt":"2017-04-10T02:18:29","guid":{"rendered":"http:\/\/www.abesata.org\/br\/?page_id=6494"},"modified":"2017-05-10T20:02:42","modified_gmt":"2017-05-10T20:02:42","slug":"grupo-de-desenvolvimento-tecnico-da-anac-e-os-servicos-auxiliares-05-04-2017","status":"publish","type":"page","link":"https:\/\/www.abesata.org\/br\/grupo-de-desenvolvimento-tecnico-da-anac-e-os-servicos-auxiliares-05-04-2017\/","title":{"rendered":"Grupo de Desenvolvimento T\u00e9cnico da Anac e os Servi\u00e7os Auxiliares &#8211; 05.04.2017"},"content":{"rendered":"<p><img fetchpriority=\"high\" decoding=\"async\" class=\"alignnone size-full wp-image-6582\" src=\"https:\/\/www.abesata.org\/br\/wp-content\/uploads\/2017\/04\/IMG_0004-1-1.jpg\" alt=\"\" width=\"640\" height=\"480\" srcset=\"https:\/\/www.abesata.org\/br\/wp-content\/uploads\/2017\/04\/IMG_0004-1-1.jpg 640w, https:\/\/www.abesata.org\/br\/wp-content\/uploads\/2017\/04\/IMG_0004-1-1-300x225.jpg 300w, https:\/\/www.abesata.org\/br\/wp-content\/uploads\/2017\/04\/IMG_0004-1-1-200x150.jpg 200w, https:\/\/www.abesata.org\/br\/wp-content\/uploads\/2017\/04\/IMG_0004-1-1-150x113.jpg 150w\" sizes=\"(max-width: 640px) 100vw, 640px\" \/><\/p>\n<p><img decoding=\"async\" class=\"alignnone size-full wp-image-6504\" src=\"https:\/\/www.abesata.org\/br\/wp-content\/uploads\/2017\/04\/IMG_20170405_124123740.jpg\" alt=\"IMG_20170405_124123740\" width=\"5344\" height=\"3006\" srcset=\"https:\/\/www.abesata.org\/br\/wp-content\/uploads\/2017\/04\/IMG_20170405_124123740.jpg 5344w, https:\/\/www.abesata.org\/br\/wp-content\/uploads\/2017\/04\/IMG_20170405_124123740-300x169.jpg 300w, https:\/\/www.abesata.org\/br\/wp-content\/uploads\/2017\/04\/IMG_20170405_124123740-768x432.jpg 768w, https:\/\/www.abesata.org\/br\/wp-content\/uploads\/2017\/04\/IMG_20170405_124123740-1024x576.jpg 1024w, https:\/\/www.abesata.org\/br\/wp-content\/uploads\/2017\/04\/IMG_20170405_124123740-250x141.jpg 250w, https:\/\/www.abesata.org\/br\/wp-content\/uploads\/2017\/04\/IMG_20170405_124123740-150x84.jpg 150w\" sizes=\"(max-width: 5344px) 100vw, 5344px\" \/> <img decoding=\"async\" class=\"alignnone size-full wp-image-6507\" src=\"https:\/\/www.abesata.org\/br\/wp-content\/uploads\/2017\/04\/IMG_20170405_124145397.jpg\" alt=\"IMG_20170405_124145397\" width=\"5344\" height=\"3006\" srcset=\"https:\/\/www.abesata.org\/br\/wp-content\/uploads\/2017\/04\/IMG_20170405_124145397.jpg 5344w, https:\/\/www.abesata.org\/br\/wp-content\/uploads\/2017\/04\/IMG_20170405_124145397-300x169.jpg 300w, https:\/\/www.abesata.org\/br\/wp-content\/uploads\/2017\/04\/IMG_20170405_124145397-768x432.jpg 768w, https:\/\/www.abesata.org\/br\/wp-content\/uploads\/2017\/04\/IMG_20170405_124145397-1024x576.jpg 1024w, https:\/\/www.abesata.org\/br\/wp-content\/uploads\/2017\/04\/IMG_20170405_124145397-250x141.jpg 250w, https:\/\/www.abesata.org\/br\/wp-content\/uploads\/2017\/04\/IMG_20170405_124145397-150x84.jpg 150w\" sizes=\"(max-width: 5344px) 100vw, 5344px\" \/> <img loading=\"lazy\" decoding=\"async\" class=\"alignnone size-full wp-image-6511\" src=\"https:\/\/www.abesata.org\/br\/wp-content\/uploads\/2017\/04\/IMG_20170405_124202314.jpg\" alt=\"IMG_20170405_124202314\" width=\"5344\" height=\"3006\" srcset=\"https:\/\/www.abesata.org\/br\/wp-content\/uploads\/2017\/04\/IMG_20170405_124202314.jpg 5344w, https:\/\/www.abesata.org\/br\/wp-content\/uploads\/2017\/04\/IMG_20170405_124202314-300x169.jpg 300w, https:\/\/www.abesata.org\/br\/wp-content\/uploads\/2017\/04\/IMG_20170405_124202314-768x432.jpg 768w, https:\/\/www.abesata.org\/br\/wp-content\/uploads\/2017\/04\/IMG_20170405_124202314-1024x576.jpg 1024w, https:\/\/www.abesata.org\/br\/wp-content\/uploads\/2017\/04\/IMG_20170405_124202314-250x141.jpg 250w, https:\/\/www.abesata.org\/br\/wp-content\/uploads\/2017\/04\/IMG_20170405_124202314-150x84.jpg 150w\" sizes=\"(max-width: 5344px) 100vw, 5344px\" \/> <img loading=\"lazy\" decoding=\"async\" class=\"alignnone size-full wp-image-6513\" src=\"https:\/\/www.abesata.org\/br\/wp-content\/uploads\/2017\/04\/IMG_20170405_124209989.jpg\" alt=\"IMG_20170405_124209989\" width=\"5344\" height=\"3006\" srcset=\"https:\/\/www.abesata.org\/br\/wp-content\/uploads\/2017\/04\/IMG_20170405_124209989.jpg 5344w, https:\/\/www.abesata.org\/br\/wp-content\/uploads\/2017\/04\/IMG_20170405_124209989-300x169.jpg 300w, https:\/\/www.abesata.org\/br\/wp-content\/uploads\/2017\/04\/IMG_20170405_124209989-768x432.jpg 768w, https:\/\/www.abesata.org\/br\/wp-content\/uploads\/2017\/04\/IMG_20170405_124209989-1024x576.jpg 1024w, https:\/\/www.abesata.org\/br\/wp-content\/uploads\/2017\/04\/IMG_20170405_124209989-250x141.jpg 250w, https:\/\/www.abesata.org\/br\/wp-content\/uploads\/2017\/04\/IMG_20170405_124209989-150x84.jpg 150w\" sizes=\"(max-width: 5344px) 100vw, 5344px\" \/><\/p>\n","protected":false},"excerpt":{"rendered":"","protected":false},"author":18,"featured_media":0,"parent":0,"menu_order":0,"comment_status":"closed","ping_status":"closed","template":"","meta":{"footnotes":""},"class_list":["post-6494","page","type-page","status-publish","hentry"],"yoast_head":"<!-- This site is optimized with the Yoast SEO plugin v26.5 - https:\/\/yoast.com\/wordpress\/plugins\/seo\/ -->\n<title>Grupo de Desenvolvimento T\u00e9cnico da Anac e os Servi\u00e7os Auxiliares - 05.04.2017 - Abesata<\/title>\n<meta name=\"robots\" content=\"index, follow, max-snippet:-1, max-image-preview:large, max-video-preview:-1\" \/>\n<link rel=\"canonical\" href=\"https:\/\/www.abesata.org\/br\/grupo-de-desenvolvimento-tecnico-da-anac-e-os-servicos-auxiliares-05-04-2017\/\" \/>\n<meta property=\"og:locale\" content=\"pt_BR\" \/>\n<meta property=\"og:type\" content=\"article\" \/>\n<meta property=\"og:title\" content=\"Grupo de Desenvolvimento T\u00e9cnico da Anac e os Servi\u00e7os Auxiliares - 05.04.2017 - Abesata\" \/>\n<meta property=\"og:url\" content=\"https:\/\/www.abesata.org\/br\/grupo-de-desenvolvimento-tecnico-da-anac-e-os-servicos-auxiliares-05-04-2017\/\" \/>\n<meta property=\"og:site_name\" content=\"Abesata\" \/>\n<meta property=\"article:publisher\" content=\"https:\/\/www.facebook.com\/abesata.org\/\" \/>\n<meta property=\"article:modified_time\" content=\"2017-05-10T20:02:42+00:00\" \/>\n<meta property=\"og:image\" content=\"http:\/\/www.abesata.org\/br\/wp-content\/uploads\/2017\/04\/IMG_0004-1-1.jpg\" \/>\n<meta name=\"twitter:card\" content=\"summary_large_image\" \/>\n<script type=\"application\/ld+json\" class=\"yoast-schema-graph\">{\"@context\":\"https:\/\/schema.org\",\"@graph\":[{\"@type\":\"WebPage\",\"@id\":\"https:\/\/www.abesata.org\/br\/grupo-de-desenvolvimento-tecnico-da-anac-e-os-servicos-auxiliares-05-04-2017\/\",\"url\":\"https:\/\/www.abesata.org\/br\/grupo-de-desenvolvimento-tecnico-da-anac-e-os-servicos-auxiliares-05-04-2017\/\",\"name\":\"Grupo de Desenvolvimento T\u00e9cnico da Anac e os Servi\u00e7os Auxiliares - 05.04.2017 - Abesata\",\"isPartOf\":{\"@id\":\"https:\/\/www.abesata.org\/br\/#website\"},\"primaryImageOfPage\":{\"@id\":\"https:\/\/www.abesata.org\/br\/grupo-de-desenvolvimento-tecnico-da-anac-e-os-servicos-auxiliares-05-04-2017\/#primaryimage\"},\"image\":{\"@id\":\"https:\/\/www.abesata.org\/br\/grupo-de-desenvolvimento-tecnico-da-anac-e-os-servicos-auxiliares-05-04-2017\/#primaryimage\"},\"thumbnailUrl\":\"http:\/\/www.abesata.org\/br\/wp-content\/uploads\/2017\/04\/IMG_0004-1-1.jpg\",\"datePublished\":\"2017-04-10T02:18:29+00:00\",\"dateModified\":\"2017-05-10T20:02:42+00:00\",\"breadcrumb\":{\"@id\":\"https:\/\/www.abesata.org\/br\/grupo-de-desenvolvimento-tecnico-da-anac-e-os-servicos-auxiliares-05-04-2017\/#breadcrumb\"},\"inLanguage\":\"pt-BR\",\"potentialAction\":[{\"@type\":\"ReadAction\",\"target\":[\"https:\/\/www.abesata.org\/br\/grupo-de-desenvolvimento-tecnico-da-anac-e-os-servicos-auxiliares-05-04-2017\/\"]}]},{\"@type\":\"ImageObject\",\"inLanguage\":\"pt-BR\",\"@id\":\"https:\/\/www.abesata.org\/br\/grupo-de-desenvolvimento-tecnico-da-anac-e-os-servicos-auxiliares-05-04-2017\/#primaryimage\",\"url\":\"http:\/\/www.abesata.org\/br\/wp-content\/uploads\/2017\/04\/IMG_0004-1-1.jpg\",\"contentUrl\":\"http:\/\/www.abesata.org\/br\/wp-content\/uploads\/2017\/04\/IMG_0004-1-1.jpg\"},{\"@type\":\"BreadcrumbList\",\"@id\":\"https:\/\/www.abesata.org\/br\/grupo-de-desenvolvimento-tecnico-da-anac-e-os-servicos-auxiliares-05-04-2017\/#breadcrumb\",\"itemListElement\":[{\"@type\":\"ListItem\",\"position\":1,\"name\":\"In\u00edcio\",\"item\":\"https:\/\/www.abesata.org\/br\/\"},{\"@type\":\"ListItem\",\"position\":2,\"name\":\"Grupo de Desenvolvimento T\u00e9cnico da Anac e os Servi\u00e7os Auxiliares &#8211; 05.04.2017\"}]},{\"@type\":\"WebSite\",\"@id\":\"https:\/\/www.abesata.org\/br\/#website\",\"url\":\"https:\/\/www.abesata.org\/br\/\",\"name\":\"Abesata\",\"description\":\"Associa\u00e7\u00e3o Brasileira das Empresas de Servi\u00e7os Auxiliares de Transporte A\u00e9reo\",\"publisher\":{\"@id\":\"https:\/\/www.abesata.org\/br\/#organization\"},\"potentialAction\":[{\"@type\":\"SearchAction\",\"target\":{\"@type\":\"EntryPoint\",\"urlTemplate\":\"https:\/\/www.abesata.org\/br\/?s={search_term_string}\"},\"query-input\":{\"@type\":\"PropertyValueSpecification\",\"valueRequired\":true,\"valueName\":\"search_term_string\"}}],\"inLanguage\":\"pt-BR\"},{\"@type\":\"Organization\",\"@id\":\"https:\/\/www.abesata.org\/br\/#organization\",\"name\":\"Associa\u00e7\u00e3o Brasileira das Empresas de Servi\u00e7os Auxiliares de Transporte A\u00e9reo\",\"alternateName\":\"Abesata\",\"url\":\"https:\/\/www.abesata.org\/br\/\",\"logo\":{\"@type\":\"ImageObject\",\"inLanguage\":\"pt-BR\",\"@id\":\"https:\/\/www.abesata.org\/br\/#\/schema\/logo\/image\/\",\"url\":\"https:\/\/www.abesata.org\/br\/wp-content\/uploads\/2023\/10\/Abesata.png\",\"contentUrl\":\"https:\/\/www.abesata.org\/br\/wp-content\/uploads\/2023\/10\/Abesata.png\",\"width\":1063,\"height\":591,\"caption\":\"Associa\u00e7\u00e3o Brasileira das Empresas de Servi\u00e7os Auxiliares de Transporte A\u00e9reo\"},\"image\":{\"@id\":\"https:\/\/www.abesata.org\/br\/#\/schema\/logo\/image\/\"},\"sameAs\":[\"https:\/\/www.facebook.com\/abesata.org\/\",\"https:\/\/www.instagram.com\/abesata_gh\/\",\"https:\/\/br.linkedin.com\/company\/abesata\"]}]}<\/script>\n<!-- \/ Yoast SEO plugin. -->","yoast_head_json":{"title":"Grupo de Desenvolvimento T\u00e9cnico da Anac e os Servi\u00e7os Auxiliares - 05.04.2017 - Abesata","robots":{"index":"index","follow":"follow","max-snippet":"max-snippet:-1","max-image-preview":"max-image-preview:large","max-video-preview":"max-video-preview:-1"},"canonical":"https:\/\/www.abesata.org\/br\/grupo-de-desenvolvimento-tecnico-da-anac-e-os-servicos-auxiliares-05-04-2017\/","og_locale":"pt_BR","og_type":"article","og_title":"Grupo de Desenvolvimento T\u00e9cnico da Anac e os Servi\u00e7os Auxiliares - 05.04.2017 - Abesata","og_url":"https:\/\/www.abesata.org\/br\/grupo-de-desenvolvimento-tecnico-da-anac-e-os-servicos-auxiliares-05-04-2017\/","og_site_name":"Abesata","article_publisher":"https:\/\/www.facebook.com\/abesata.org\/","article_modified_time":"2017-05-10T20:02:42+00:00","og_image":[{"url":"http:\/\/www.abesata.org\/br\/wp-content\/uploads\/2017\/04\/IMG_0004-1-1.jpg","type":"","width":"","height":""}],"twitter_card":"summary_large_image","schema":{"@context":"https:\/\/schema.org","@graph":[{"@type":"WebPage","@id":"https:\/\/www.abesata.org\/br\/grupo-de-desenvolvimento-tecnico-da-anac-e-os-servicos-auxiliares-05-04-2017\/","url":"https:\/\/www.abesata.org\/br\/grupo-de-desenvolvimento-tecnico-da-anac-e-os-servicos-auxiliares-05-04-2017\/","name":"Grupo de Desenvolvimento T\u00e9cnico da Anac e os Servi\u00e7os Auxiliares - 05.04.2017 - Abesata","isPartOf":{"@id":"https:\/\/www.abesata.org\/br\/#website"},"primaryImageOfPage":{"@id":"https:\/\/www.abesata.org\/br\/grupo-de-desenvolvimento-tecnico-da-anac-e-os-servicos-auxiliares-05-04-2017\/#primaryimage"},"image":{"@id":"https:\/\/www.abesata.org\/br\/grupo-de-desenvolvimento-tecnico-da-anac-e-os-servicos-auxiliares-05-04-2017\/#primaryimage"},"thumbnailUrl":"http:\/\/www.abesata.org\/br\/wp-content\/uploads\/2017\/04\/IMG_0004-1-1.jpg","datePublished":"2017-04-10T02:18:29+00:00","dateModified":"2017-05-10T20:02:42+00:00","breadcrumb":{"@id":"https:\/\/www.abesata.org\/br\/grupo-de-desenvolvimento-tecnico-da-anac-e-os-servicos-auxiliares-05-04-2017\/#breadcrumb"},"inLanguage":"pt-BR","potentialAction":[{"@type":"ReadAction","target":["https:\/\/www.abesata.org\/br\/grupo-de-desenvolvimento-tecnico-da-anac-e-os-servicos-auxiliares-05-04-2017\/"]}]},{"@type":"ImageObject","inLanguage":"pt-BR","@id":"https:\/\/www.abesata.org\/br\/grupo-de-desenvolvimento-tecnico-da-anac-e-os-servicos-auxiliares-05-04-2017\/#primaryimage","url":"http:\/\/www.abesata.org\/br\/wp-content\/uploads\/2017\/04\/IMG_0004-1-1.jpg","contentUrl":"http:\/\/www.abesata.org\/br\/wp-content\/uploads\/2017\/04\/IMG_0004-1-1.jpg"},{"@type":"BreadcrumbList","@id":"https:\/\/www.abesata.org\/br\/grupo-de-desenvolvimento-tecnico-da-anac-e-os-servicos-auxiliares-05-04-2017\/#breadcrumb","itemListElement":[{"@type":"ListItem","position":1,"name":"In\u00edcio","item":"https:\/\/www.abesata.org\/br\/"},{"@type":"ListItem","position":2,"name":"Grupo de Desenvolvimento T\u00e9cnico da Anac e os Servi\u00e7os Auxiliares &#8211; 05.04.2017"}]},{"@type":"WebSite","@id":"https:\/\/www.abesata.org\/br\/#website","url":"https:\/\/www.abesata.org\/br\/","name":"Abesata","description":"Associa\u00e7\u00e3o Brasileira das Empresas de Servi\u00e7os Auxiliares de Transporte A\u00e9reo","publisher":{"@id":"https:\/\/www.abesata.org\/br\/#organization"},"potentialAction":[{"@type":"SearchAction","target":{"@type":"EntryPoint","urlTemplate":"https:\/\/www.abesata.org\/br\/?s={search_term_string}"},"query-input":{"@type":"PropertyValueSpecification","valueRequired":true,"valueName":"search_term_string"}}],"inLanguage":"pt-BR"},{"@type":"Organization","@id":"https:\/\/www.abesata.org\/br\/#organization","name":"Associa\u00e7\u00e3o Brasileira das Empresas de Servi\u00e7os Auxiliares de Transporte A\u00e9reo","alternateName":"Abesata","url":"https:\/\/www.abesata.org\/br\/","logo":{"@type":"ImageObject","inLanguage":"pt-BR","@id":"https:\/\/www.abesata.org\/br\/#\/schema\/logo\/image\/","url":"https:\/\/www.abesata.org\/br\/wp-content\/uploads\/2023\/10\/Abesata.png","contentUrl":"https:\/\/www.abesata.org\/br\/wp-content\/uploads\/2023\/10\/Abesata.png","width":1063,"height":591,"caption":"Associa\u00e7\u00e3o Brasileira das Empresas de Servi\u00e7os Auxiliares de Transporte A\u00e9reo"},"image":{"@id":"https:\/\/www.abesata.org\/br\/#\/schema\/logo\/image\/"},"sameAs":["https:\/\/www.facebook.com\/abesata.org\/","https:\/\/www.instagram.com\/abesata_gh\/","https:\/\/br.linkedin.com\/company\/abesata"]}]}},"_links":{"self":[{"href":"https:\/\/www.abesata.org\/br\/wp-json\/wp\/v2\/pages\/6494","targetHints":{"allow":["GET"]}}],"collection":[{"href":"https:\/\/www.abesata.org\/br\/wp-json\/wp\/v2\/pages"}],"about":[{"href":"https:\/\/www.abesata.org\/br\/wp-json\/wp\/v2\/types\/page"}],"author":[{"embeddable":true,"href":"https:\/\/www.abesata.org\/br\/wp-json\/wp\/v2\/users\/18"}],"replies":[{"embeddable":true,"href":"https:\/\/www.abesata.org\/br\/wp-json\/wp\/v2\/comments?post=6494"}],"version-history":[{"count":0,"href":"https:\/\/www.abesata.org\/br\/wp-json\/wp\/v2\/pages\/6494\/revisions"}],"wp:attachment":[{"href":"https:\/\/www.abesata.org\/br\/wp-json\/wp\/v2\/media?parent=6494"}],"curies":[{"name":"wp","href":"https:\/\/api.w.org\/{rel}","templated":true}]}}