{"id":6767,"date":"2017-07-13T16:26:06","date_gmt":"2017-07-13T16:26:06","guid":{"rendered":"http:\/\/www.abesata.org\/br\/?page_id=6767"},"modified":"2017-07-14T14:01:16","modified_gmt":"2017-07-14T14:01:16","slug":"inauguracao-da-nova-sede-da-abesata-e-do-sineata-11-06-2017","status":"publish","type":"page","link":"https:\/\/www.abesata.org\/br\/inauguracao-da-nova-sede-da-abesata-e-do-sineata-11-06-2017\/","title":{"rendered":"Inaugura\u00e7\u00e3o da nova sede da Abesata e do Sineata &#8211; 11.07.2017"},"content":{"rendered":"<p><img fetchpriority=\"high\" decoding=\"async\" class=\"alignnone size-full wp-image-6769\" src=\"https:\/\/www.abesata.org\/br\/wp-content\/uploads\/2017\/07\/IMG_20170711_174610259.jpg\" alt=\"\" width=\"5344\" height=\"3006\" srcset=\"https:\/\/www.abesata.org\/br\/wp-content\/uploads\/2017\/07\/IMG_20170711_174610259.jpg 5344w, https:\/\/www.abesata.org\/br\/wp-content\/uploads\/2017\/07\/IMG_20170711_174610259-300x169.jpg 300w, https:\/\/www.abesata.org\/br\/wp-content\/uploads\/2017\/07\/IMG_20170711_174610259-768x432.jpg 768w, https:\/\/www.abesata.org\/br\/wp-content\/uploads\/2017\/07\/IMG_20170711_174610259-1024x576.jpg 1024w, https:\/\/www.abesata.org\/br\/wp-content\/uploads\/2017\/07\/IMG_20170711_174610259-250x141.jpg 250w, https:\/\/www.abesata.org\/br\/wp-content\/uploads\/2017\/07\/IMG_20170711_174610259-150x84.jpg 150w\" sizes=\"(max-width: 5344px) 100vw, 5344px\" \/> <img decoding=\"async\" class=\"alignnone size-full wp-image-6773\" src=\"https:\/\/www.abesata.org\/br\/wp-content\/uploads\/2017\/07\/IMG_20170711_175557619.jpg\" alt=\"\" width=\"5344\" height=\"3006\" srcset=\"https:\/\/www.abesata.org\/br\/wp-content\/uploads\/2017\/07\/IMG_20170711_175557619.jpg 5344w, https:\/\/www.abesata.org\/br\/wp-content\/uploads\/2017\/07\/IMG_20170711_175557619-300x169.jpg 300w, https:\/\/www.abesata.org\/br\/wp-content\/uploads\/2017\/07\/IMG_20170711_175557619-768x432.jpg 768w, https:\/\/www.abesata.org\/br\/wp-content\/uploads\/2017\/07\/IMG_20170711_175557619-1024x576.jpg 1024w, https:\/\/www.abesata.org\/br\/wp-content\/uploads\/2017\/07\/IMG_20170711_175557619-250x141.jpg 250w, https:\/\/www.abesata.org\/br\/wp-content\/uploads\/2017\/07\/IMG_20170711_175557619-150x84.jpg 150w\" sizes=\"(max-width: 5344px) 100vw, 5344px\" \/> <img decoding=\"async\" class=\"alignnone size-full wp-image-6776\" src=\"https:\/\/www.abesata.org\/br\/wp-content\/uploads\/2017\/07\/IMG_20170711_180912929.jpg\" alt=\"\" width=\"5344\" height=\"3006\" srcset=\"https:\/\/www.abesata.org\/br\/wp-content\/uploads\/2017\/07\/IMG_20170711_180912929.jpg 5344w, https:\/\/www.abesata.org\/br\/wp-content\/uploads\/2017\/07\/IMG_20170711_180912929-300x169.jpg 300w, https:\/\/www.abesata.org\/br\/wp-content\/uploads\/2017\/07\/IMG_20170711_180912929-768x432.jpg 768w, https:\/\/www.abesata.org\/br\/wp-content\/uploads\/2017\/07\/IMG_20170711_180912929-1024x576.jpg 1024w, https:\/\/www.abesata.org\/br\/wp-content\/uploads\/2017\/07\/IMG_20170711_180912929-250x141.jpg 250w, https:\/\/www.abesata.org\/br\/wp-content\/uploads\/2017\/07\/IMG_20170711_180912929-150x84.jpg 150w\" sizes=\"(max-width: 5344px) 100vw, 5344px\" \/> <img loading=\"lazy\" decoding=\"async\" class=\"alignnone size-full wp-image-6777\" src=\"https:\/\/www.abesata.org\/br\/wp-content\/uploads\/2017\/07\/IMG_20170711_181013607.jpg\" alt=\"\" width=\"5344\" height=\"3006\" srcset=\"https:\/\/www.abesata.org\/br\/wp-content\/uploads\/2017\/07\/IMG_20170711_181013607.jpg 5344w, https:\/\/www.abesata.org\/br\/wp-content\/uploads\/2017\/07\/IMG_20170711_181013607-300x169.jpg 300w, https:\/\/www.abesata.org\/br\/wp-content\/uploads\/2017\/07\/IMG_20170711_181013607-768x432.jpg 768w, https:\/\/www.abesata.org\/br\/wp-content\/uploads\/2017\/07\/IMG_20170711_181013607-1024x576.jpg 1024w, https:\/\/www.abesata.org\/br\/wp-content\/uploads\/2017\/07\/IMG_20170711_181013607-250x141.jpg 250w, https:\/\/www.abesata.org\/br\/wp-content\/uploads\/2017\/07\/IMG_20170711_181013607-150x84.jpg 150w\" sizes=\"(max-width: 5344px) 100vw, 5344px\" \/> <img loading=\"lazy\" decoding=\"async\" class=\"alignnone size-full wp-image-6779\" src=\"https:\/\/www.abesata.org\/br\/wp-content\/uploads\/2017\/07\/IMG_20170711_181210166.jpg\" alt=\"\" width=\"5344\" height=\"3006\" srcset=\"https:\/\/www.abesata.org\/br\/wp-content\/uploads\/2017\/07\/IMG_20170711_181210166.jpg 5344w, https:\/\/www.abesata.org\/br\/wp-content\/uploads\/2017\/07\/IMG_20170711_181210166-300x169.jpg 300w, https:\/\/www.abesata.org\/br\/wp-content\/uploads\/2017\/07\/IMG_20170711_181210166-768x432.jpg 768w, https:\/\/www.abesata.org\/br\/wp-content\/uploads\/2017\/07\/IMG_20170711_181210166-1024x576.jpg 1024w, https:\/\/www.abesata.org\/br\/wp-content\/uploads\/2017\/07\/IMG_20170711_181210166-250x141.jpg 250w, https:\/\/www.abesata.org\/br\/wp-content\/uploads\/2017\/07\/IMG_20170711_181210166-150x84.jpg 150w\" sizes=\"(max-width: 5344px) 100vw, 5344px\" \/> <img loading=\"lazy\" decoding=\"async\" class=\"alignnone size-full wp-image-6780\" src=\"https:\/\/www.abesata.org\/br\/wp-content\/uploads\/2017\/07\/IMG_20170711_181311195.jpg\" alt=\"\" width=\"5344\" height=\"3006\" srcset=\"https:\/\/www.abesata.org\/br\/wp-content\/uploads\/2017\/07\/IMG_20170711_181311195.jpg 5344w, https:\/\/www.abesata.org\/br\/wp-content\/uploads\/2017\/07\/IMG_20170711_181311195-300x169.jpg 300w, https:\/\/www.abesata.org\/br\/wp-content\/uploads\/2017\/07\/IMG_20170711_181311195-768x432.jpg 768w, https:\/\/www.abesata.org\/br\/wp-content\/uploads\/2017\/07\/IMG_20170711_181311195-1024x576.jpg 1024w, https:\/\/www.abesata.org\/br\/wp-content\/uploads\/2017\/07\/IMG_20170711_181311195-250x141.jpg 250w, https:\/\/www.abesata.org\/br\/wp-content\/uploads\/2017\/07\/IMG_20170711_181311195-150x84.jpg 150w\" sizes=\"(max-width: 5344px) 100vw, 5344px\" \/> <img loading=\"lazy\" decoding=\"async\" class=\"alignnone size-full wp-image-6781\" src=\"https:\/\/www.abesata.org\/br\/wp-content\/uploads\/2017\/07\/IMG_20170711_202740659_HDR.jpg\" alt=\"\" width=\"5344\" height=\"3006\" srcset=\"https:\/\/www.abesata.org\/br\/wp-content\/uploads\/2017\/07\/IMG_20170711_202740659_HDR.jpg 5344w, https:\/\/www.abesata.org\/br\/wp-content\/uploads\/2017\/07\/IMG_20170711_202740659_HDR-300x169.jpg 300w, https:\/\/www.abesata.org\/br\/wp-content\/uploads\/2017\/07\/IMG_20170711_202740659_HDR-768x432.jpg 768w, https:\/\/www.abesata.org\/br\/wp-content\/uploads\/2017\/07\/IMG_20170711_202740659_HDR-1024x576.jpg 1024w, https:\/\/www.abesata.org\/br\/wp-content\/uploads\/2017\/07\/IMG_20170711_202740659_HDR-250x141.jpg 250w, https:\/\/www.abesata.org\/br\/wp-content\/uploads\/2017\/07\/IMG_20170711_202740659_HDR-150x84.jpg 150w\" sizes=\"(max-width: 5344px) 100vw, 5344px\" \/> <img loading=\"lazy\" decoding=\"async\" class=\"alignnone size-full wp-image-6817\" src=\"https:\/\/www.abesata.org\/br\/wp-content\/uploads\/2017\/07\/IMG_20170711_202843071-1.jpg\" alt=\"\" width=\"4268\" height=\"2428\" srcset=\"https:\/\/www.abesata.org\/br\/wp-content\/uploads\/2017\/07\/IMG_20170711_202843071-1.jpg 4268w, https:\/\/www.abesata.org\/br\/wp-content\/uploads\/2017\/07\/IMG_20170711_202843071-1-300x171.jpg 300w, https:\/\/www.abesata.org\/br\/wp-content\/uploads\/2017\/07\/IMG_20170711_202843071-1-768x437.jpg 768w, https:\/\/www.abesata.org\/br\/wp-content\/uploads\/2017\/07\/IMG_20170711_202843071-1-1024x583.jpg 1024w, https:\/\/www.abesata.org\/br\/wp-content\/uploads\/2017\/07\/IMG_20170711_202843071-1-250x142.jpg 250w, https:\/\/www.abesata.org\/br\/wp-content\/uploads\/2017\/07\/IMG_20170711_202843071-1-150x85.jpg 150w\" sizes=\"(max-width: 4268px) 100vw, 4268px\" \/>&nbsp;<img loading=\"lazy\" decoding=\"async\" class=\"alignnone size-full wp-image-6784\" src=\"https:\/\/www.abesata.org\/br\/wp-content\/uploads\/2017\/07\/IMG-20170712-WA0001.jpg\" alt=\"\" width=\"1280\" height=\"720\" srcset=\"https:\/\/www.abesata.org\/br\/wp-content\/uploads\/2017\/07\/IMG-20170712-WA0001.jpg 1280w, https:\/\/www.abesata.org\/br\/wp-content\/uploads\/2017\/07\/IMG-20170712-WA0001-300x169.jpg 300w, https:\/\/www.abesata.org\/br\/wp-content\/uploads\/2017\/07\/IMG-20170712-WA0001-768x432.jpg 768w, https:\/\/www.abesata.org\/br\/wp-content\/uploads\/2017\/07\/IMG-20170712-WA0001-1024x576.jpg 1024w, https:\/\/www.abesata.org\/br\/wp-content\/uploads\/2017\/07\/IMG-20170712-WA0001-250x141.jpg 250w, https:\/\/www.abesata.org\/br\/wp-content\/uploads\/2017\/07\/IMG-20170712-WA0001-150x84.jpg 150w\" sizes=\"(max-width: 1280px) 100vw, 1280px\" \/><\/p>\n<p><img loading=\"lazy\" decoding=\"async\" class=\"alignnone size-full wp-image-6790\" src=\"https:\/\/www.abesata.org\/br\/wp-content\/uploads\/2017\/07\/IMG_20170711_174538430-2.jpg\" alt=\"\" width=\"5344\" height=\"3006\" srcset=\"https:\/\/www.abesata.org\/br\/wp-content\/uploads\/2017\/07\/IMG_20170711_174538430-2.jpg 5344w, https:\/\/www.abesata.org\/br\/wp-content\/uploads\/2017\/07\/IMG_20170711_174538430-2-300x169.jpg 300w, https:\/\/www.abesata.org\/br\/wp-content\/uploads\/2017\/07\/IMG_20170711_174538430-2-768x432.jpg 768w, https:\/\/www.abesata.org\/br\/wp-content\/uploads\/2017\/07\/IMG_20170711_174538430-2-1024x576.jpg 1024w, https:\/\/www.abesata.org\/br\/wp-content\/uploads\/2017\/07\/IMG_20170711_174538430-2-250x141.jpg 250w, https:\/\/www.abesata.org\/br\/wp-content\/uploads\/2017\/07\/IMG_20170711_174538430-2-150x84.jpg 150w\" sizes=\"(max-width: 5344px) 100vw, 5344px\" \/><\/p>\n<p><img loading=\"lazy\" decoding=\"async\" class=\"alignnone size-full wp-image-6792\" src=\"https:\/\/www.abesata.org\/br\/wp-content\/uploads\/2017\/07\/IMG_20170711_174627274-1.jpg\" alt=\"\" width=\"5344\" height=\"3006\" srcset=\"https:\/\/www.abesata.org\/br\/wp-content\/uploads\/2017\/07\/IMG_20170711_174627274-1.jpg 5344w, https:\/\/www.abesata.org\/br\/wp-content\/uploads\/2017\/07\/IMG_20170711_174627274-1-300x169.jpg 300w, https:\/\/www.abesata.org\/br\/wp-content\/uploads\/2017\/07\/IMG_20170711_174627274-1-768x432.jpg 768w, https:\/\/www.abesata.org\/br\/wp-content\/uploads\/2017\/07\/IMG_20170711_174627274-1-1024x576.jpg 1024w, https:\/\/www.abesata.org\/br\/wp-content\/uploads\/2017\/07\/IMG_20170711_174627274-1-250x141.jpg 250w, https:\/\/www.abesata.org\/br\/wp-content\/uploads\/2017\/07\/IMG_20170711_174627274-1-150x84.jpg 150w\" sizes=\"(max-width: 5344px) 100vw, 5344px\" \/><\/p>\n<p><img loading=\"lazy\" decoding=\"async\" class=\"alignnone size-full wp-image-6797\" src=\"https:\/\/www.abesata.org\/br\/wp-content\/uploads\/2017\/07\/IMG_20170711_174803528-5.jpg\" alt=\"\" width=\"5344\" height=\"3006\" srcset=\"https:\/\/www.abesata.org\/br\/wp-content\/uploads\/2017\/07\/IMG_20170711_174803528-5.jpg 5344w, https:\/\/www.abesata.org\/br\/wp-content\/uploads\/2017\/07\/IMG_20170711_174803528-5-300x169.jpg 300w, https:\/\/www.abesata.org\/br\/wp-content\/uploads\/2017\/07\/IMG_20170711_174803528-5-768x432.jpg 768w, https:\/\/www.abesata.org\/br\/wp-content\/uploads\/2017\/07\/IMG_20170711_174803528-5-1024x576.jpg 1024w, https:\/\/www.abesata.org\/br\/wp-content\/uploads\/2017\/07\/IMG_20170711_174803528-5-250x141.jpg 250w, https:\/\/www.abesata.org\/br\/wp-content\/uploads\/2017\/07\/IMG_20170711_174803528-5-150x84.jpg 150w\" sizes=\"(max-width: 5344px) 100vw, 5344px\" \/><\/p>\n<p><img loading=\"lazy\" decoding=\"async\" class=\"alignnone size-full wp-image-6799\" src=\"https:\/\/www.abesata.org\/br\/wp-content\/uploads\/2017\/07\/IMG_20170711_174924343-1.jpg\" alt=\"\" width=\"5344\" height=\"3006\" srcset=\"https:\/\/www.abesata.org\/br\/wp-content\/uploads\/2017\/07\/IMG_20170711_174924343-1.jpg 5344w, https:\/\/www.abesata.org\/br\/wp-content\/uploads\/2017\/07\/IMG_20170711_174924343-1-300x169.jpg 300w, https:\/\/www.abesata.org\/br\/wp-content\/uploads\/2017\/07\/IMG_20170711_174924343-1-768x432.jpg 768w, https:\/\/www.abesata.org\/br\/wp-content\/uploads\/2017\/07\/IMG_20170711_174924343-1-1024x576.jpg 1024w, https:\/\/www.abesata.org\/br\/wp-content\/uploads\/2017\/07\/IMG_20170711_174924343-1-250x141.jpg 250w, https:\/\/www.abesata.org\/br\/wp-content\/uploads\/2017\/07\/IMG_20170711_174924343-1-150x84.jpg 150w\" sizes=\"(max-width: 5344px) 100vw, 5344px\" \/><\/p>\n<p><img loading=\"lazy\" decoding=\"async\" class=\"alignnone size-full wp-image-6801\" src=\"https:\/\/www.abesata.org\/br\/wp-content\/uploads\/2017\/07\/IMG_20170711_180702534-1.jpg\" alt=\"\" width=\"5344\" height=\"3006\" srcset=\"https:\/\/www.abesata.org\/br\/wp-content\/uploads\/2017\/07\/IMG_20170711_180702534-1.jpg 5344w, https:\/\/www.abesata.org\/br\/wp-content\/uploads\/2017\/07\/IMG_20170711_180702534-1-300x169.jpg 300w, https:\/\/www.abesata.org\/br\/wp-content\/uploads\/2017\/07\/IMG_20170711_180702534-1-768x432.jpg 768w, https:\/\/www.abesata.org\/br\/wp-content\/uploads\/2017\/07\/IMG_20170711_180702534-1-1024x576.jpg 1024w, https:\/\/www.abesata.org\/br\/wp-content\/uploads\/2017\/07\/IMG_20170711_180702534-1-250x141.jpg 250w, https:\/\/www.abesata.org\/br\/wp-content\/uploads\/2017\/07\/IMG_20170711_180702534-1-150x84.jpg 150w\" sizes=\"(max-width: 5344px) 100vw, 5344px\" \/> <img loading=\"lazy\" decoding=\"async\" class=\"alignnone size-full wp-image-6802\" src=\"https:\/\/www.abesata.org\/br\/wp-content\/uploads\/2017\/07\/IMG_20170711_180725475-1.jpg\" alt=\"\" width=\"5344\" height=\"3006\" srcset=\"https:\/\/www.abesata.org\/br\/wp-content\/uploads\/2017\/07\/IMG_20170711_180725475-1.jpg 5344w, https:\/\/www.abesata.org\/br\/wp-content\/uploads\/2017\/07\/IMG_20170711_180725475-1-300x169.jpg 300w, https:\/\/www.abesata.org\/br\/wp-content\/uploads\/2017\/07\/IMG_20170711_180725475-1-768x432.jpg 768w, https:\/\/www.abesata.org\/br\/wp-content\/uploads\/2017\/07\/IMG_20170711_180725475-1-1024x576.jpg 1024w, https:\/\/www.abesata.org\/br\/wp-content\/uploads\/2017\/07\/IMG_20170711_180725475-1-250x141.jpg 250w, https:\/\/www.abesata.org\/br\/wp-content\/uploads\/2017\/07\/IMG_20170711_180725475-1-150x84.jpg 150w\" sizes=\"(max-width: 5344px) 100vw, 5344px\" \/><\/p>\n<p>&nbsp;<\/p>\n<p><img loading=\"lazy\" decoding=\"async\" class=\"alignnone size-full wp-image-6809\" src=\"https:\/\/www.abesata.org\/br\/wp-content\/uploads\/2017\/07\/IMG_20170711_181042356-2-1.jpg\" alt=\"\" width=\"5344\" height=\"3006\" srcset=\"https:\/\/www.abesata.org\/br\/wp-content\/uploads\/2017\/07\/IMG_20170711_181042356-2-1.jpg 5344w, https:\/\/www.abesata.org\/br\/wp-content\/uploads\/2017\/07\/IMG_20170711_181042356-2-1-300x169.jpg 300w, https:\/\/www.abesata.org\/br\/wp-content\/uploads\/2017\/07\/IMG_20170711_181042356-2-1-768x432.jpg 768w, https:\/\/www.abesata.org\/br\/wp-content\/uploads\/2017\/07\/IMG_20170711_181042356-2-1-1024x576.jpg 1024w, https:\/\/www.abesata.org\/br\/wp-content\/uploads\/2017\/07\/IMG_20170711_181042356-2-1-250x141.jpg 250w, https:\/\/www.abesata.org\/br\/wp-content\/uploads\/2017\/07\/IMG_20170711_181042356-2-1-150x84.jpg 150w\" sizes=\"(max-width: 5344px) 100vw, 5344px\" \/>&nbsp;<\/p>\n","protected":false},"excerpt":{"rendered":"<p>&nbsp; &nbsp; &nbsp;<\/p>\n","protected":false},"author":18,"featured_media":0,"parent":0,"menu_order":0,"comment_status":"closed","ping_status":"closed","template":"","meta":{"footnotes":""},"class_list":["post-6767","page","type-page","status-publish","hentry"],"yoast_head":"<!-- This site is optimized with the Yoast SEO plugin v26.5 - https:\/\/yoast.com\/wordpress\/plugins\/seo\/ -->\n<title>Inaugura\u00e7\u00e3o da nova sede da Abesata e do Sineata - 11.07.2017 - Abesata<\/title>\n<meta name=\"robots\" content=\"index, follow, max-snippet:-1, max-image-preview:large, max-video-preview:-1\" \/>\n<link rel=\"canonical\" href=\"https:\/\/www.abesata.org\/br\/inauguracao-da-nova-sede-da-abesata-e-do-sineata-11-06-2017\/\" \/>\n<meta property=\"og:locale\" content=\"pt_BR\" \/>\n<meta property=\"og:type\" content=\"article\" \/>\n<meta property=\"og:title\" content=\"Inaugura\u00e7\u00e3o da nova sede da Abesata e do Sineata - 11.07.2017 - Abesata\" \/>\n<meta property=\"og:description\" content=\"&nbsp; &nbsp; &nbsp;\" \/>\n<meta property=\"og:url\" content=\"https:\/\/www.abesata.org\/br\/inauguracao-da-nova-sede-da-abesata-e-do-sineata-11-06-2017\/\" \/>\n<meta property=\"og:site_name\" content=\"Abesata\" \/>\n<meta property=\"article:publisher\" content=\"https:\/\/www.facebook.com\/abesata.org\/\" \/>\n<meta property=\"article:modified_time\" content=\"2017-07-14T14:01:16+00:00\" \/>\n<meta property=\"og:image\" content=\"http:\/\/www.abesata.org\/br\/wp-content\/uploads\/2017\/07\/IMG_20170711_174610259.jpg\" \/>\n<meta name=\"twitter:card\" content=\"summary_large_image\" \/>\n<script type=\"application\/ld+json\" class=\"yoast-schema-graph\">{\"@context\":\"https:\/\/schema.org\",\"@graph\":[{\"@type\":\"WebPage\",\"@id\":\"https:\/\/www.abesata.org\/br\/inauguracao-da-nova-sede-da-abesata-e-do-sineata-11-06-2017\/\",\"url\":\"https:\/\/www.abesata.org\/br\/inauguracao-da-nova-sede-da-abesata-e-do-sineata-11-06-2017\/\",\"name\":\"Inaugura\u00e7\u00e3o da nova sede da Abesata e do Sineata - 11.07.2017 - Abesata\",\"isPartOf\":{\"@id\":\"https:\/\/www.abesata.org\/br\/#website\"},\"primaryImageOfPage\":{\"@id\":\"https:\/\/www.abesata.org\/br\/inauguracao-da-nova-sede-da-abesata-e-do-sineata-11-06-2017\/#primaryimage\"},\"image\":{\"@id\":\"https:\/\/www.abesata.org\/br\/inauguracao-da-nova-sede-da-abesata-e-do-sineata-11-06-2017\/#primaryimage\"},\"thumbnailUrl\":\"http:\/\/www.abesata.org\/br\/wp-content\/uploads\/2017\/07\/IMG_20170711_174610259.jpg\",\"datePublished\":\"2017-07-13T16:26:06+00:00\",\"dateModified\":\"2017-07-14T14:01:16+00:00\",\"breadcrumb\":{\"@id\":\"https:\/\/www.abesata.org\/br\/inauguracao-da-nova-sede-da-abesata-e-do-sineata-11-06-2017\/#breadcrumb\"},\"inLanguage\":\"pt-BR\",\"potentialAction\":[{\"@type\":\"ReadAction\",\"target\":[\"https:\/\/www.abesata.org\/br\/inauguracao-da-nova-sede-da-abesata-e-do-sineata-11-06-2017\/\"]}]},{\"@type\":\"ImageObject\",\"inLanguage\":\"pt-BR\",\"@id\":\"https:\/\/www.abesata.org\/br\/inauguracao-da-nova-sede-da-abesata-e-do-sineata-11-06-2017\/#primaryimage\",\"url\":\"http:\/\/www.abesata.org\/br\/wp-content\/uploads\/2017\/07\/IMG_20170711_174610259.jpg\",\"contentUrl\":\"http:\/\/www.abesata.org\/br\/wp-content\/uploads\/2017\/07\/IMG_20170711_174610259.jpg\"},{\"@type\":\"BreadcrumbList\",\"@id\":\"https:\/\/www.abesata.org\/br\/inauguracao-da-nova-sede-da-abesata-e-do-sineata-11-06-2017\/#breadcrumb\",\"itemListElement\":[{\"@type\":\"ListItem\",\"position\":1,\"name\":\"In\u00edcio\",\"item\":\"https:\/\/www.abesata.org\/br\/\"},{\"@type\":\"ListItem\",\"position\":2,\"name\":\"Inaugura\u00e7\u00e3o da nova sede da Abesata e do Sineata &#8211; 11.07.2017\"}]},{\"@type\":\"WebSite\",\"@id\":\"https:\/\/www.abesata.org\/br\/#website\",\"url\":\"https:\/\/www.abesata.org\/br\/\",\"name\":\"Abesata\",\"description\":\"Associa\u00e7\u00e3o Brasileira das Empresas de Servi\u00e7os Auxiliares de Transporte A\u00e9reo\",\"publisher\":{\"@id\":\"https:\/\/www.abesata.org\/br\/#organization\"},\"potentialAction\":[{\"@type\":\"SearchAction\",\"target\":{\"@type\":\"EntryPoint\",\"urlTemplate\":\"https:\/\/www.abesata.org\/br\/?s={search_term_string}\"},\"query-input\":{\"@type\":\"PropertyValueSpecification\",\"valueRequired\":true,\"valueName\":\"search_term_string\"}}],\"inLanguage\":\"pt-BR\"},{\"@type\":\"Organization\",\"@id\":\"https:\/\/www.abesata.org\/br\/#organization\",\"name\":\"Associa\u00e7\u00e3o Brasileira das Empresas de Servi\u00e7os Auxiliares de Transporte A\u00e9reo\",\"alternateName\":\"Abesata\",\"url\":\"https:\/\/www.abesata.org\/br\/\",\"logo\":{\"@type\":\"ImageObject\",\"inLanguage\":\"pt-BR\",\"@id\":\"https:\/\/www.abesata.org\/br\/#\/schema\/logo\/image\/\",\"url\":\"https:\/\/www.abesata.org\/br\/wp-content\/uploads\/2023\/10\/Abesata.png\",\"contentUrl\":\"https:\/\/www.abesata.org\/br\/wp-content\/uploads\/2023\/10\/Abesata.png\",\"width\":1063,\"height\":591,\"caption\":\"Associa\u00e7\u00e3o Brasileira das Empresas de Servi\u00e7os Auxiliares de Transporte A\u00e9reo\"},\"image\":{\"@id\":\"https:\/\/www.abesata.org\/br\/#\/schema\/logo\/image\/\"},\"sameAs\":[\"https:\/\/www.facebook.com\/abesata.org\/\",\"https:\/\/www.instagram.com\/abesata_gh\/\",\"https:\/\/br.linkedin.com\/company\/abesata\"]}]}<\/script>\n<!-- \/ Yoast SEO plugin. -->","yoast_head_json":{"title":"Inaugura\u00e7\u00e3o da nova sede da Abesata e do Sineata - 11.07.2017 - Abesata","robots":{"index":"index","follow":"follow","max-snippet":"max-snippet:-1","max-image-preview":"max-image-preview:large","max-video-preview":"max-video-preview:-1"},"canonical":"https:\/\/www.abesata.org\/br\/inauguracao-da-nova-sede-da-abesata-e-do-sineata-11-06-2017\/","og_locale":"pt_BR","og_type":"article","og_title":"Inaugura\u00e7\u00e3o da nova sede da Abesata e do Sineata - 11.07.2017 - Abesata","og_description":"&nbsp; &nbsp; &nbsp;","og_url":"https:\/\/www.abesata.org\/br\/inauguracao-da-nova-sede-da-abesata-e-do-sineata-11-06-2017\/","og_site_name":"Abesata","article_publisher":"https:\/\/www.facebook.com\/abesata.org\/","article_modified_time":"2017-07-14T14:01:16+00:00","og_image":[{"url":"http:\/\/www.abesata.org\/br\/wp-content\/uploads\/2017\/07\/IMG_20170711_174610259.jpg","type":"","width":"","height":""}],"twitter_card":"summary_large_image","schema":{"@context":"https:\/\/schema.org","@graph":[{"@type":"WebPage","@id":"https:\/\/www.abesata.org\/br\/inauguracao-da-nova-sede-da-abesata-e-do-sineata-11-06-2017\/","url":"https:\/\/www.abesata.org\/br\/inauguracao-da-nova-sede-da-abesata-e-do-sineata-11-06-2017\/","name":"Inaugura\u00e7\u00e3o da nova sede da Abesata e do Sineata - 11.07.2017 - Abesata","isPartOf":{"@id":"https:\/\/www.abesata.org\/br\/#website"},"primaryImageOfPage":{"@id":"https:\/\/www.abesata.org\/br\/inauguracao-da-nova-sede-da-abesata-e-do-sineata-11-06-2017\/#primaryimage"},"image":{"@id":"https:\/\/www.abesata.org\/br\/inauguracao-da-nova-sede-da-abesata-e-do-sineata-11-06-2017\/#primaryimage"},"thumbnailUrl":"http:\/\/www.abesata.org\/br\/wp-content\/uploads\/2017\/07\/IMG_20170711_174610259.jpg","datePublished":"2017-07-13T16:26:06+00:00","dateModified":"2017-07-14T14:01:16+00:00","breadcrumb":{"@id":"https:\/\/www.abesata.org\/br\/inauguracao-da-nova-sede-da-abesata-e-do-sineata-11-06-2017\/#breadcrumb"},"inLanguage":"pt-BR","potentialAction":[{"@type":"ReadAction","target":["https:\/\/www.abesata.org\/br\/inauguracao-da-nova-sede-da-abesata-e-do-sineata-11-06-2017\/"]}]},{"@type":"ImageObject","inLanguage":"pt-BR","@id":"https:\/\/www.abesata.org\/br\/inauguracao-da-nova-sede-da-abesata-e-do-sineata-11-06-2017\/#primaryimage","url":"http:\/\/www.abesata.org\/br\/wp-content\/uploads\/2017\/07\/IMG_20170711_174610259.jpg","contentUrl":"http:\/\/www.abesata.org\/br\/wp-content\/uploads\/2017\/07\/IMG_20170711_174610259.jpg"},{"@type":"BreadcrumbList","@id":"https:\/\/www.abesata.org\/br\/inauguracao-da-nova-sede-da-abesata-e-do-sineata-11-06-2017\/#breadcrumb","itemListElement":[{"@type":"ListItem","position":1,"name":"In\u00edcio","item":"https:\/\/www.abesata.org\/br\/"},{"@type":"ListItem","position":2,"name":"Inaugura\u00e7\u00e3o da nova sede da Abesata e do Sineata &#8211; 11.07.2017"}]},{"@type":"WebSite","@id":"https:\/\/www.abesata.org\/br\/#website","url":"https:\/\/www.abesata.org\/br\/","name":"Abesata","description":"Associa\u00e7\u00e3o Brasileira das Empresas de Servi\u00e7os Auxiliares de Transporte A\u00e9reo","publisher":{"@id":"https:\/\/www.abesata.org\/br\/#organization"},"potentialAction":[{"@type":"SearchAction","target":{"@type":"EntryPoint","urlTemplate":"https:\/\/www.abesata.org\/br\/?s={search_term_string}"},"query-input":{"@type":"PropertyValueSpecification","valueRequired":true,"valueName":"search_term_string"}}],"inLanguage":"pt-BR"},{"@type":"Organization","@id":"https:\/\/www.abesata.org\/br\/#organization","name":"Associa\u00e7\u00e3o Brasileira das Empresas de Servi\u00e7os Auxiliares de Transporte A\u00e9reo","alternateName":"Abesata","url":"https:\/\/www.abesata.org\/br\/","logo":{"@type":"ImageObject","inLanguage":"pt-BR","@id":"https:\/\/www.abesata.org\/br\/#\/schema\/logo\/image\/","url":"https:\/\/www.abesata.org\/br\/wp-content\/uploads\/2023\/10\/Abesata.png","contentUrl":"https:\/\/www.abesata.org\/br\/wp-content\/uploads\/2023\/10\/Abesata.png","width":1063,"height":591,"caption":"Associa\u00e7\u00e3o Brasileira das Empresas de Servi\u00e7os Auxiliares de Transporte A\u00e9reo"},"image":{"@id":"https:\/\/www.abesata.org\/br\/#\/schema\/logo\/image\/"},"sameAs":["https:\/\/www.facebook.com\/abesata.org\/","https:\/\/www.instagram.com\/abesata_gh\/","https:\/\/br.linkedin.com\/company\/abesata"]}]}},"_links":{"self":[{"href":"https:\/\/www.abesata.org\/br\/wp-json\/wp\/v2\/pages\/6767","targetHints":{"allow":["GET"]}}],"collection":[{"href":"https:\/\/www.abesata.org\/br\/wp-json\/wp\/v2\/pages"}],"about":[{"href":"https:\/\/www.abesata.org\/br\/wp-json\/wp\/v2\/types\/page"}],"author":[{"embeddable":true,"href":"https:\/\/www.abesata.org\/br\/wp-json\/wp\/v2\/users\/18"}],"replies":[{"embeddable":true,"href":"https:\/\/www.abesata.org\/br\/wp-json\/wp\/v2\/comments?post=6767"}],"version-history":[{"count":0,"href":"https:\/\/www.abesata.org\/br\/wp-json\/wp\/v2\/pages\/6767\/revisions"}],"wp:attachment":[{"href":"https:\/\/www.abesata.org\/br\/wp-json\/wp\/v2\/media?parent=6767"}],"curies":[{"name":"wp","href":"https:\/\/api.w.org\/{rel}","templated":true}]}}