{"id":7203,"date":"2017-11-13T12:34:16","date_gmt":"2017-11-13T12:34:16","guid":{"rendered":"http:\/\/www.abesata.org\/br\/?page_id=7203"},"modified":"2017-11-14T12:18:29","modified_gmt":"2017-11-14T12:18:29","slug":"galeria-de-fotos-2","status":"publish","type":"page","link":"https:\/\/www.abesata.org\/br\/galeria-de-fotos-2\/","title":{"rendered":"Conselho Consultivo da Anac -25 out.2017"},"content":{"rendered":"<p>&nbsp;<img fetchpriority=\"high\" decoding=\"async\" class=\"alignnone size-full wp-image-7206\" src=\"https:\/\/www.abesata.org\/br\/wp-content\/uploads\/2017\/11\/diminuido-3.jpg\" alt=\"\" width=\"2560\" height=\"1440\" srcset=\"https:\/\/www.abesata.org\/br\/wp-content\/uploads\/2017\/11\/diminuido-3.jpg 2560w, https:\/\/www.abesata.org\/br\/wp-content\/uploads\/2017\/11\/diminuido-3-300x169.jpg 300w, https:\/\/www.abesata.org\/br\/wp-content\/uploads\/2017\/11\/diminuido-3-768x432.jpg 768w, https:\/\/www.abesata.org\/br\/wp-content\/uploads\/2017\/11\/diminuido-3-1024x576.jpg 1024w, https:\/\/www.abesata.org\/br\/wp-content\/uploads\/2017\/11\/diminuido-3-250x141.jpg 250w, https:\/\/www.abesata.org\/br\/wp-content\/uploads\/2017\/11\/diminuido-3-150x84.jpg 150w\" sizes=\"(max-width: 2560px) 100vw, 2560px\" \/> <img decoding=\"async\" class=\"alignnone size-full wp-image-7207\" src=\"https:\/\/www.abesata.org\/br\/wp-content\/uploads\/2017\/11\/diminuido-4.jpg\" alt=\"\" width=\"5344\" height=\"3006\" srcset=\"https:\/\/www.abesata.org\/br\/wp-content\/uploads\/2017\/11\/diminuido-4.jpg 5344w, https:\/\/www.abesata.org\/br\/wp-content\/uploads\/2017\/11\/diminuido-4-300x169.jpg 300w, https:\/\/www.abesata.org\/br\/wp-content\/uploads\/2017\/11\/diminuido-4-768x432.jpg 768w, https:\/\/www.abesata.org\/br\/wp-content\/uploads\/2017\/11\/diminuido-4-1024x576.jpg 1024w, https:\/\/www.abesata.org\/br\/wp-content\/uploads\/2017\/11\/diminuido-4-250x141.jpg 250w, https:\/\/www.abesata.org\/br\/wp-content\/uploads\/2017\/11\/diminuido-4-150x84.jpg 150w\" sizes=\"(max-width: 5344px) 100vw, 5344px\" \/><\/p>\n<p>&nbsp;<\/p>\n<p><img decoding=\"async\" class=\"alignnone size-full wp-image-7219\" src=\"https:\/\/www.abesata.org\/br\/wp-content\/uploads\/2017\/11\/diminuido-7-1.jpg\" alt=\"\" width=\"5344\" height=\"3006\" srcset=\"https:\/\/www.abesata.org\/br\/wp-content\/uploads\/2017\/11\/diminuido-7-1.jpg 5344w, https:\/\/www.abesata.org\/br\/wp-content\/uploads\/2017\/11\/diminuido-7-1-300x169.jpg 300w, https:\/\/www.abesata.org\/br\/wp-content\/uploads\/2017\/11\/diminuido-7-1-768x432.jpg 768w, https:\/\/www.abesata.org\/br\/wp-content\/uploads\/2017\/11\/diminuido-7-1-1024x576.jpg 1024w, https:\/\/www.abesata.org\/br\/wp-content\/uploads\/2017\/11\/diminuido-7-1-250x141.jpg 250w, https:\/\/www.abesata.org\/br\/wp-content\/uploads\/2017\/11\/diminuido-7-1-150x84.jpg 150w\" sizes=\"(max-width: 5344px) 100vw, 5344px\" \/><\/p>\n<p><img loading=\"lazy\" decoding=\"async\" class=\"alignnone size-full wp-image-7221\" src=\"https:\/\/www.abesata.org\/br\/wp-content\/uploads\/2017\/11\/8.jpg\" alt=\"\" width=\"5344\" height=\"3006\" srcset=\"https:\/\/www.abesata.org\/br\/wp-content\/uploads\/2017\/11\/8.jpg 5344w, https:\/\/www.abesata.org\/br\/wp-content\/uploads\/2017\/11\/8-300x169.jpg 300w, https:\/\/www.abesata.org\/br\/wp-content\/uploads\/2017\/11\/8-768x432.jpg 768w, https:\/\/www.abesata.org\/br\/wp-content\/uploads\/2017\/11\/8-1024x576.jpg 1024w, https:\/\/www.abesata.org\/br\/wp-content\/uploads\/2017\/11\/8-250x141.jpg 250w, https:\/\/www.abesata.org\/br\/wp-content\/uploads\/2017\/11\/8-150x84.jpg 150w\" sizes=\"(max-width: 5344px) 100vw, 5344px\" \/><\/p>\n","protected":false},"excerpt":{"rendered":"<p>&nbsp; &nbsp;<\/p>\n","protected":false},"author":18,"featured_media":0,"parent":0,"menu_order":0,"comment_status":"closed","ping_status":"closed","template":"","meta":{"footnotes":""},"class_list":["post-7203","page","type-page","status-publish","hentry"],"yoast_head":"<!-- This site is optimized with the Yoast SEO plugin v26.5 - https:\/\/yoast.com\/wordpress\/plugins\/seo\/ -->\n<title>Conselho Consultivo da Anac -25 out.2017 - Abesata<\/title>\n<meta name=\"robots\" content=\"index, follow, max-snippet:-1, max-image-preview:large, max-video-preview:-1\" \/>\n<link rel=\"canonical\" href=\"https:\/\/www.abesata.org\/br\/galeria-de-fotos-2\/\" \/>\n<meta property=\"og:locale\" content=\"pt_BR\" \/>\n<meta property=\"og:type\" content=\"article\" \/>\n<meta property=\"og:title\" content=\"Conselho Consultivo da Anac -25 out.2017 - Abesata\" \/>\n<meta property=\"og:description\" content=\"&nbsp; &nbsp;\" \/>\n<meta property=\"og:url\" content=\"https:\/\/www.abesata.org\/br\/galeria-de-fotos-2\/\" \/>\n<meta property=\"og:site_name\" content=\"Abesata\" \/>\n<meta property=\"article:publisher\" content=\"https:\/\/www.facebook.com\/abesata.org\/\" \/>\n<meta property=\"article:modified_time\" content=\"2017-11-14T12:18:29+00:00\" \/>\n<meta property=\"og:image\" content=\"http:\/\/www.abesata.org\/br\/wp-content\/uploads\/2017\/11\/diminuido-3.jpg\" \/>\n<meta name=\"twitter:card\" content=\"summary_large_image\" \/>\n<script type=\"application\/ld+json\" class=\"yoast-schema-graph\">{\"@context\":\"https:\/\/schema.org\",\"@graph\":[{\"@type\":\"WebPage\",\"@id\":\"https:\/\/www.abesata.org\/br\/galeria-de-fotos-2\/\",\"url\":\"https:\/\/www.abesata.org\/br\/galeria-de-fotos-2\/\",\"name\":\"Conselho Consultivo da Anac -25 out.2017 - Abesata\",\"isPartOf\":{\"@id\":\"https:\/\/www.abesata.org\/br\/#website\"},\"primaryImageOfPage\":{\"@id\":\"https:\/\/www.abesata.org\/br\/galeria-de-fotos-2\/#primaryimage\"},\"image\":{\"@id\":\"https:\/\/www.abesata.org\/br\/galeria-de-fotos-2\/#primaryimage\"},\"thumbnailUrl\":\"http:\/\/www.abesata.org\/br\/wp-content\/uploads\/2017\/11\/diminuido-3.jpg\",\"datePublished\":\"2017-11-13T12:34:16+00:00\",\"dateModified\":\"2017-11-14T12:18:29+00:00\",\"breadcrumb\":{\"@id\":\"https:\/\/www.abesata.org\/br\/galeria-de-fotos-2\/#breadcrumb\"},\"inLanguage\":\"pt-BR\",\"potentialAction\":[{\"@type\":\"ReadAction\",\"target\":[\"https:\/\/www.abesata.org\/br\/galeria-de-fotos-2\/\"]}]},{\"@type\":\"ImageObject\",\"inLanguage\":\"pt-BR\",\"@id\":\"https:\/\/www.abesata.org\/br\/galeria-de-fotos-2\/#primaryimage\",\"url\":\"http:\/\/www.abesata.org\/br\/wp-content\/uploads\/2017\/11\/diminuido-3.jpg\",\"contentUrl\":\"http:\/\/www.abesata.org\/br\/wp-content\/uploads\/2017\/11\/diminuido-3.jpg\"},{\"@type\":\"BreadcrumbList\",\"@id\":\"https:\/\/www.abesata.org\/br\/galeria-de-fotos-2\/#breadcrumb\",\"itemListElement\":[{\"@type\":\"ListItem\",\"position\":1,\"name\":\"In\u00edcio\",\"item\":\"https:\/\/www.abesata.org\/br\/\"},{\"@type\":\"ListItem\",\"position\":2,\"name\":\"Conselho Consultivo da Anac -25 out.2017\"}]},{\"@type\":\"WebSite\",\"@id\":\"https:\/\/www.abesata.org\/br\/#website\",\"url\":\"https:\/\/www.abesata.org\/br\/\",\"name\":\"Abesata\",\"description\":\"Associa\u00e7\u00e3o Brasileira das Empresas de Servi\u00e7os Auxiliares de Transporte A\u00e9reo\",\"publisher\":{\"@id\":\"https:\/\/www.abesata.org\/br\/#organization\"},\"potentialAction\":[{\"@type\":\"SearchAction\",\"target\":{\"@type\":\"EntryPoint\",\"urlTemplate\":\"https:\/\/www.abesata.org\/br\/?s={search_term_string}\"},\"query-input\":{\"@type\":\"PropertyValueSpecification\",\"valueRequired\":true,\"valueName\":\"search_term_string\"}}],\"inLanguage\":\"pt-BR\"},{\"@type\":\"Organization\",\"@id\":\"https:\/\/www.abesata.org\/br\/#organization\",\"name\":\"Associa\u00e7\u00e3o Brasileira das Empresas de Servi\u00e7os Auxiliares de Transporte A\u00e9reo\",\"alternateName\":\"Abesata\",\"url\":\"https:\/\/www.abesata.org\/br\/\",\"logo\":{\"@type\":\"ImageObject\",\"inLanguage\":\"pt-BR\",\"@id\":\"https:\/\/www.abesata.org\/br\/#\/schema\/logo\/image\/\",\"url\":\"https:\/\/www.abesata.org\/br\/wp-content\/uploads\/2023\/10\/Abesata.png\",\"contentUrl\":\"https:\/\/www.abesata.org\/br\/wp-content\/uploads\/2023\/10\/Abesata.png\",\"width\":1063,\"height\":591,\"caption\":\"Associa\u00e7\u00e3o Brasileira das Empresas de Servi\u00e7os Auxiliares de Transporte A\u00e9reo\"},\"image\":{\"@id\":\"https:\/\/www.abesata.org\/br\/#\/schema\/logo\/image\/\"},\"sameAs\":[\"https:\/\/www.facebook.com\/abesata.org\/\",\"https:\/\/www.instagram.com\/abesata_gh\/\",\"https:\/\/br.linkedin.com\/company\/abesata\"]}]}<\/script>\n<!-- \/ Yoast SEO plugin. -->","yoast_head_json":{"title":"Conselho Consultivo da Anac -25 out.2017 - Abesata","robots":{"index":"index","follow":"follow","max-snippet":"max-snippet:-1","max-image-preview":"max-image-preview:large","max-video-preview":"max-video-preview:-1"},"canonical":"https:\/\/www.abesata.org\/br\/galeria-de-fotos-2\/","og_locale":"pt_BR","og_type":"article","og_title":"Conselho Consultivo da Anac -25 out.2017 - Abesata","og_description":"&nbsp; &nbsp;","og_url":"https:\/\/www.abesata.org\/br\/galeria-de-fotos-2\/","og_site_name":"Abesata","article_publisher":"https:\/\/www.facebook.com\/abesata.org\/","article_modified_time":"2017-11-14T12:18:29+00:00","og_image":[{"url":"http:\/\/www.abesata.org\/br\/wp-content\/uploads\/2017\/11\/diminuido-3.jpg","type":"","width":"","height":""}],"twitter_card":"summary_large_image","schema":{"@context":"https:\/\/schema.org","@graph":[{"@type":"WebPage","@id":"https:\/\/www.abesata.org\/br\/galeria-de-fotos-2\/","url":"https:\/\/www.abesata.org\/br\/galeria-de-fotos-2\/","name":"Conselho Consultivo da Anac -25 out.2017 - Abesata","isPartOf":{"@id":"https:\/\/www.abesata.org\/br\/#website"},"primaryImageOfPage":{"@id":"https:\/\/www.abesata.org\/br\/galeria-de-fotos-2\/#primaryimage"},"image":{"@id":"https:\/\/www.abesata.org\/br\/galeria-de-fotos-2\/#primaryimage"},"thumbnailUrl":"http:\/\/www.abesata.org\/br\/wp-content\/uploads\/2017\/11\/diminuido-3.jpg","datePublished":"2017-11-13T12:34:16+00:00","dateModified":"2017-11-14T12:18:29+00:00","breadcrumb":{"@id":"https:\/\/www.abesata.org\/br\/galeria-de-fotos-2\/#breadcrumb"},"inLanguage":"pt-BR","potentialAction":[{"@type":"ReadAction","target":["https:\/\/www.abesata.org\/br\/galeria-de-fotos-2\/"]}]},{"@type":"ImageObject","inLanguage":"pt-BR","@id":"https:\/\/www.abesata.org\/br\/galeria-de-fotos-2\/#primaryimage","url":"http:\/\/www.abesata.org\/br\/wp-content\/uploads\/2017\/11\/diminuido-3.jpg","contentUrl":"http:\/\/www.abesata.org\/br\/wp-content\/uploads\/2017\/11\/diminuido-3.jpg"},{"@type":"BreadcrumbList","@id":"https:\/\/www.abesata.org\/br\/galeria-de-fotos-2\/#breadcrumb","itemListElement":[{"@type":"ListItem","position":1,"name":"In\u00edcio","item":"https:\/\/www.abesata.org\/br\/"},{"@type":"ListItem","position":2,"name":"Conselho Consultivo da Anac -25 out.2017"}]},{"@type":"WebSite","@id":"https:\/\/www.abesata.org\/br\/#website","url":"https:\/\/www.abesata.org\/br\/","name":"Abesata","description":"Associa\u00e7\u00e3o Brasileira das Empresas de Servi\u00e7os Auxiliares de Transporte A\u00e9reo","publisher":{"@id":"https:\/\/www.abesata.org\/br\/#organization"},"potentialAction":[{"@type":"SearchAction","target":{"@type":"EntryPoint","urlTemplate":"https:\/\/www.abesata.org\/br\/?s={search_term_string}"},"query-input":{"@type":"PropertyValueSpecification","valueRequired":true,"valueName":"search_term_string"}}],"inLanguage":"pt-BR"},{"@type":"Organization","@id":"https:\/\/www.abesata.org\/br\/#organization","name":"Associa\u00e7\u00e3o Brasileira das Empresas de Servi\u00e7os Auxiliares de Transporte A\u00e9reo","alternateName":"Abesata","url":"https:\/\/www.abesata.org\/br\/","logo":{"@type":"ImageObject","inLanguage":"pt-BR","@id":"https:\/\/www.abesata.org\/br\/#\/schema\/logo\/image\/","url":"https:\/\/www.abesata.org\/br\/wp-content\/uploads\/2023\/10\/Abesata.png","contentUrl":"https:\/\/www.abesata.org\/br\/wp-content\/uploads\/2023\/10\/Abesata.png","width":1063,"height":591,"caption":"Associa\u00e7\u00e3o Brasileira das Empresas de Servi\u00e7os Auxiliares de Transporte A\u00e9reo"},"image":{"@id":"https:\/\/www.abesata.org\/br\/#\/schema\/logo\/image\/"},"sameAs":["https:\/\/www.facebook.com\/abesata.org\/","https:\/\/www.instagram.com\/abesata_gh\/","https:\/\/br.linkedin.com\/company\/abesata"]}]}},"_links":{"self":[{"href":"https:\/\/www.abesata.org\/br\/wp-json\/wp\/v2\/pages\/7203","targetHints":{"allow":["GET"]}}],"collection":[{"href":"https:\/\/www.abesata.org\/br\/wp-json\/wp\/v2\/pages"}],"about":[{"href":"https:\/\/www.abesata.org\/br\/wp-json\/wp\/v2\/types\/page"}],"author":[{"embeddable":true,"href":"https:\/\/www.abesata.org\/br\/wp-json\/wp\/v2\/users\/18"}],"replies":[{"embeddable":true,"href":"https:\/\/www.abesata.org\/br\/wp-json\/wp\/v2\/comments?post=7203"}],"version-history":[{"count":0,"href":"https:\/\/www.abesata.org\/br\/wp-json\/wp\/v2\/pages\/7203\/revisions"}],"wp:attachment":[{"href":"https:\/\/www.abesata.org\/br\/wp-json\/wp\/v2\/media?parent=7203"}],"curies":[{"name":"wp","href":"https:\/\/api.w.org\/{rel}","templated":true}]}}