{"id":7278,"date":"2017-11-25T16:37:56","date_gmt":"2017-11-25T16:37:56","guid":{"rendered":"http:\/\/www.abesata.org\/br\/?page_id=7278"},"modified":"2017-11-25T16:48:59","modified_gmt":"2017-11-25T16:48:59","slug":"audiencia-publica-camara-dos-deputados-projeto-de-lei-84562017-rm-2","status":"publish","type":"page","link":"https:\/\/www.abesata.org\/br\/audiencia-publica-camara-dos-deputados-projeto-de-lei-84562017-rm-2\/","title":{"rendered":"Audi\u00eancia P\u00fablica C\u00e2mara dos Deputados \u2013 Projeto de Lei 8456\/2017"},"content":{"rendered":"<p><img fetchpriority=\"high\" decoding=\"async\" class=\"alignnone size-full wp-image-7279\" src=\"https:\/\/www.abesata.org\/br\/wp-content\/uploads\/2017\/11\/IMG-20171123-WA0041.jpg\" alt=\"\" width=\"1280\" height=\"960\" srcset=\"https:\/\/www.abesata.org\/br\/wp-content\/uploads\/2017\/11\/IMG-20171123-WA0041.jpg 1280w, https:\/\/www.abesata.org\/br\/wp-content\/uploads\/2017\/11\/IMG-20171123-WA0041-300x225.jpg 300w, https:\/\/www.abesata.org\/br\/wp-content\/uploads\/2017\/11\/IMG-20171123-WA0041-768x576.jpg 768w, https:\/\/www.abesata.org\/br\/wp-content\/uploads\/2017\/11\/IMG-20171123-WA0041-1024x768.jpg 1024w, https:\/\/www.abesata.org\/br\/wp-content\/uploads\/2017\/11\/IMG-20171123-WA0041-200x150.jpg 200w, https:\/\/www.abesata.org\/br\/wp-content\/uploads\/2017\/11\/IMG-20171123-WA0041-150x113.jpg 150w\" sizes=\"(max-width: 1280px) 100vw, 1280px\" \/> <img decoding=\"async\" class=\"alignnone size-full wp-image-7280\" src=\"https:\/\/www.abesata.org\/br\/wp-content\/uploads\/2017\/11\/IMG-20171123-WA0042.jpg\" alt=\"\" width=\"1280\" height=\"960\" srcset=\"https:\/\/www.abesata.org\/br\/wp-content\/uploads\/2017\/11\/IMG-20171123-WA0042.jpg 1280w, https:\/\/www.abesata.org\/br\/wp-content\/uploads\/2017\/11\/IMG-20171123-WA0042-300x225.jpg 300w, https:\/\/www.abesata.org\/br\/wp-content\/uploads\/2017\/11\/IMG-20171123-WA0042-768x576.jpg 768w, https:\/\/www.abesata.org\/br\/wp-content\/uploads\/2017\/11\/IMG-20171123-WA0042-1024x768.jpg 1024w, https:\/\/www.abesata.org\/br\/wp-content\/uploads\/2017\/11\/IMG-20171123-WA0042-200x150.jpg 200w, https:\/\/www.abesata.org\/br\/wp-content\/uploads\/2017\/11\/IMG-20171123-WA0042-150x113.jpg 150w\" sizes=\"(max-width: 1280px) 100vw, 1280px\" \/> <img decoding=\"async\" class=\"alignnone size-full wp-image-7281\" src=\"https:\/\/www.abesata.org\/br\/wp-content\/uploads\/2017\/11\/thumbnail_IMG_20171122_153916220_HDR.jpg\" alt=\"\" width=\"1280\" height=\"720\" srcset=\"https:\/\/www.abesata.org\/br\/wp-content\/uploads\/2017\/11\/thumbnail_IMG_20171122_153916220_HDR.jpg 1280w, https:\/\/www.abesata.org\/br\/wp-content\/uploads\/2017\/11\/thumbnail_IMG_20171122_153916220_HDR-300x169.jpg 300w, https:\/\/www.abesata.org\/br\/wp-content\/uploads\/2017\/11\/thumbnail_IMG_20171122_153916220_HDR-768x432.jpg 768w, https:\/\/www.abesata.org\/br\/wp-content\/uploads\/2017\/11\/thumbnail_IMG_20171122_153916220_HDR-1024x576.jpg 1024w, https:\/\/www.abesata.org\/br\/wp-content\/uploads\/2017\/11\/thumbnail_IMG_20171122_153916220_HDR-250x141.jpg 250w, https:\/\/www.abesata.org\/br\/wp-content\/uploads\/2017\/11\/thumbnail_IMG_20171122_153916220_HDR-150x84.jpg 150w\" sizes=\"(max-width: 1280px) 100vw, 1280px\" \/> <img loading=\"lazy\" decoding=\"async\" class=\"alignnone size-full wp-image-7282\" src=\"https:\/\/www.abesata.org\/br\/wp-content\/uploads\/2017\/11\/thumbnail_IMG-20171122-WA0015.jpg\" alt=\"\" width=\"1032\" height=\"581\" srcset=\"https:\/\/www.abesata.org\/br\/wp-content\/uploads\/2017\/11\/thumbnail_IMG-20171122-WA0015.jpg 1032w, https:\/\/www.abesata.org\/br\/wp-content\/uploads\/2017\/11\/thumbnail_IMG-20171122-WA0015-300x169.jpg 300w, https:\/\/www.abesata.org\/br\/wp-content\/uploads\/2017\/11\/thumbnail_IMG-20171122-WA0015-768x432.jpg 768w, https:\/\/www.abesata.org\/br\/wp-content\/uploads\/2017\/11\/thumbnail_IMG-20171122-WA0015-1024x576.jpg 1024w, https:\/\/www.abesata.org\/br\/wp-content\/uploads\/2017\/11\/thumbnail_IMG-20171122-WA0015-250x141.jpg 250w, https:\/\/www.abesata.org\/br\/wp-content\/uploads\/2017\/11\/thumbnail_IMG-20171122-WA0015-150x84.jpg 150w\" sizes=\"(max-width: 1032px) 100vw, 1032px\" \/> <img loading=\"lazy\" decoding=\"async\" class=\"alignnone size-full wp-image-7283\" src=\"https:\/\/www.abesata.org\/br\/wp-content\/uploads\/2017\/11\/thumbnail_IMG-20171122-WA0019.jpg\" alt=\"\" width=\"1032\" height=\"581\" srcset=\"https:\/\/www.abesata.org\/br\/wp-content\/uploads\/2017\/11\/thumbnail_IMG-20171122-WA0019.jpg 1032w, https:\/\/www.abesata.org\/br\/wp-content\/uploads\/2017\/11\/thumbnail_IMG-20171122-WA0019-300x169.jpg 300w, https:\/\/www.abesata.org\/br\/wp-content\/uploads\/2017\/11\/thumbnail_IMG-20171122-WA0019-768x432.jpg 768w, https:\/\/www.abesata.org\/br\/wp-content\/uploads\/2017\/11\/thumbnail_IMG-20171122-WA0019-1024x576.jpg 1024w, https:\/\/www.abesata.org\/br\/wp-content\/uploads\/2017\/11\/thumbnail_IMG-20171122-WA0019-250x141.jpg 250w, https:\/\/www.abesata.org\/br\/wp-content\/uploads\/2017\/11\/thumbnail_IMG-20171122-WA0019-150x84.jpg 150w\" sizes=\"(max-width: 1032px) 100vw, 1032px\" \/> <img loading=\"lazy\" decoding=\"async\" class=\"alignnone size-full wp-image-7284\" src=\"https:\/\/www.abesata.org\/br\/wp-content\/uploads\/2017\/11\/thumbnail_IMG-20171124-WA0100.jpg\" alt=\"\" width=\"1032\" height=\"581\" srcset=\"https:\/\/www.abesata.org\/br\/wp-content\/uploads\/2017\/11\/thumbnail_IMG-20171124-WA0100.jpg 1032w, https:\/\/www.abesata.org\/br\/wp-content\/uploads\/2017\/11\/thumbnail_IMG-20171124-WA0100-300x169.jpg 300w, https:\/\/www.abesata.org\/br\/wp-content\/uploads\/2017\/11\/thumbnail_IMG-20171124-WA0100-768x432.jpg 768w, https:\/\/www.abesata.org\/br\/wp-content\/uploads\/2017\/11\/thumbnail_IMG-20171124-WA0100-1024x576.jpg 1024w, https:\/\/www.abesata.org\/br\/wp-content\/uploads\/2017\/11\/thumbnail_IMG-20171124-WA0100-250x141.jpg 250w, https:\/\/www.abesata.org\/br\/wp-content\/uploads\/2017\/11\/thumbnail_IMG-20171124-WA0100-150x84.jpg 150w\" sizes=\"(max-width: 1032px) 100vw, 1032px\" \/> <img loading=\"lazy\" decoding=\"async\" class=\"alignnone size-full wp-image-7285\" src=\"https:\/\/www.abesata.org\/br\/wp-content\/uploads\/2017\/11\/thumbnail_IMG-20171124-WA0104.jpg\" alt=\"\" width=\"1032\" height=\"581\" srcset=\"https:\/\/www.abesata.org\/br\/wp-content\/uploads\/2017\/11\/thumbnail_IMG-20171124-WA0104.jpg 1032w, https:\/\/www.abesata.org\/br\/wp-content\/uploads\/2017\/11\/thumbnail_IMG-20171124-WA0104-300x169.jpg 300w, https:\/\/www.abesata.org\/br\/wp-content\/uploads\/2017\/11\/thumbnail_IMG-20171124-WA0104-768x432.jpg 768w, https:\/\/www.abesata.org\/br\/wp-content\/uploads\/2017\/11\/thumbnail_IMG-20171124-WA0104-1024x576.jpg 1024w, https:\/\/www.abesata.org\/br\/wp-content\/uploads\/2017\/11\/thumbnail_IMG-20171124-WA0104-250x141.jpg 250w, https:\/\/www.abesata.org\/br\/wp-content\/uploads\/2017\/11\/thumbnail_IMG-20171124-WA0104-150x84.jpg 150w\" sizes=\"(max-width: 1032px) 100vw, 1032px\" \/><br \/>\n<iframe src=\"https:\/\/www.youtube.com\/embed\/LyfJ714iZsQ\" width=\"560\" height=\"315\" frameborder=\"0\" allowfullscreen=\"allowfullscreen\"><\/iframe><br \/>\n&nbsp;<\/p>\n","protected":false},"excerpt":{"rendered":"<p>&nbsp;<\/p>\n","protected":false},"author":18,"featured_media":0,"parent":0,"menu_order":0,"comment_status":"closed","ping_status":"closed","template":"","meta":{"footnotes":""},"class_list":["post-7278","page","type-page","status-publish","hentry"],"yoast_head":"<!-- This site is optimized with the Yoast SEO plugin v26.5 - https:\/\/yoast.com\/wordpress\/plugins\/seo\/ -->\n<title>Audi\u00eancia P\u00fablica C\u00e2mara dos Deputados \u2013 Projeto de Lei 8456\/2017 - Abesata<\/title>\n<meta name=\"robots\" content=\"index, follow, max-snippet:-1, max-image-preview:large, max-video-preview:-1\" \/>\n<link rel=\"canonical\" href=\"https:\/\/www.abesata.org\/br\/audiencia-publica-camara-dos-deputados-projeto-de-lei-84562017-rm-2\/\" \/>\n<meta property=\"og:locale\" content=\"pt_BR\" \/>\n<meta property=\"og:type\" content=\"article\" \/>\n<meta property=\"og:title\" content=\"Audi\u00eancia P\u00fablica C\u00e2mara dos Deputados \u2013 Projeto de Lei 8456\/2017 - Abesata\" \/>\n<meta property=\"og:description\" content=\"&nbsp;\" \/>\n<meta property=\"og:url\" content=\"https:\/\/www.abesata.org\/br\/audiencia-publica-camara-dos-deputados-projeto-de-lei-84562017-rm-2\/\" \/>\n<meta property=\"og:site_name\" content=\"Abesata\" \/>\n<meta property=\"article:publisher\" content=\"https:\/\/www.facebook.com\/abesata.org\/\" \/>\n<meta property=\"article:modified_time\" content=\"2017-11-25T16:48:59+00:00\" \/>\n<meta property=\"og:image\" content=\"http:\/\/www.abesata.org\/br\/wp-content\/uploads\/2017\/11\/IMG-20171123-WA0041.jpg\" \/>\n<meta name=\"twitter:card\" content=\"summary_large_image\" \/>\n<script type=\"application\/ld+json\" class=\"yoast-schema-graph\">{\"@context\":\"https:\/\/schema.org\",\"@graph\":[{\"@type\":\"WebPage\",\"@id\":\"https:\/\/www.abesata.org\/br\/audiencia-publica-camara-dos-deputados-projeto-de-lei-84562017-rm-2\/\",\"url\":\"https:\/\/www.abesata.org\/br\/audiencia-publica-camara-dos-deputados-projeto-de-lei-84562017-rm-2\/\",\"name\":\"Audi\u00eancia P\u00fablica C\u00e2mara dos Deputados \u2013 Projeto de Lei 8456\/2017 - Abesata\",\"isPartOf\":{\"@id\":\"https:\/\/www.abesata.org\/br\/#website\"},\"primaryImageOfPage\":{\"@id\":\"https:\/\/www.abesata.org\/br\/audiencia-publica-camara-dos-deputados-projeto-de-lei-84562017-rm-2\/#primaryimage\"},\"image\":{\"@id\":\"https:\/\/www.abesata.org\/br\/audiencia-publica-camara-dos-deputados-projeto-de-lei-84562017-rm-2\/#primaryimage\"},\"thumbnailUrl\":\"http:\/\/www.abesata.org\/br\/wp-content\/uploads\/2017\/11\/IMG-20171123-WA0041.jpg\",\"datePublished\":\"2017-11-25T16:37:56+00:00\",\"dateModified\":\"2017-11-25T16:48:59+00:00\",\"breadcrumb\":{\"@id\":\"https:\/\/www.abesata.org\/br\/audiencia-publica-camara-dos-deputados-projeto-de-lei-84562017-rm-2\/#breadcrumb\"},\"inLanguage\":\"pt-BR\",\"potentialAction\":[{\"@type\":\"ReadAction\",\"target\":[\"https:\/\/www.abesata.org\/br\/audiencia-publica-camara-dos-deputados-projeto-de-lei-84562017-rm-2\/\"]}]},{\"@type\":\"ImageObject\",\"inLanguage\":\"pt-BR\",\"@id\":\"https:\/\/www.abesata.org\/br\/audiencia-publica-camara-dos-deputados-projeto-de-lei-84562017-rm-2\/#primaryimage\",\"url\":\"http:\/\/www.abesata.org\/br\/wp-content\/uploads\/2017\/11\/IMG-20171123-WA0041.jpg\",\"contentUrl\":\"http:\/\/www.abesata.org\/br\/wp-content\/uploads\/2017\/11\/IMG-20171123-WA0041.jpg\"},{\"@type\":\"BreadcrumbList\",\"@id\":\"https:\/\/www.abesata.org\/br\/audiencia-publica-camara-dos-deputados-projeto-de-lei-84562017-rm-2\/#breadcrumb\",\"itemListElement\":[{\"@type\":\"ListItem\",\"position\":1,\"name\":\"In\u00edcio\",\"item\":\"https:\/\/www.abesata.org\/br\/\"},{\"@type\":\"ListItem\",\"position\":2,\"name\":\"Audi\u00eancia P\u00fablica C\u00e2mara dos Deputados \u2013 Projeto de Lei 8456\/2017\"}]},{\"@type\":\"WebSite\",\"@id\":\"https:\/\/www.abesata.org\/br\/#website\",\"url\":\"https:\/\/www.abesata.org\/br\/\",\"name\":\"Abesata\",\"description\":\"Associa\u00e7\u00e3o Brasileira das Empresas de Servi\u00e7os Auxiliares de Transporte A\u00e9reo\",\"publisher\":{\"@id\":\"https:\/\/www.abesata.org\/br\/#organization\"},\"potentialAction\":[{\"@type\":\"SearchAction\",\"target\":{\"@type\":\"EntryPoint\",\"urlTemplate\":\"https:\/\/www.abesata.org\/br\/?s={search_term_string}\"},\"query-input\":{\"@type\":\"PropertyValueSpecification\",\"valueRequired\":true,\"valueName\":\"search_term_string\"}}],\"inLanguage\":\"pt-BR\"},{\"@type\":\"Organization\",\"@id\":\"https:\/\/www.abesata.org\/br\/#organization\",\"name\":\"Associa\u00e7\u00e3o Brasileira das Empresas de Servi\u00e7os Auxiliares de Transporte A\u00e9reo\",\"alternateName\":\"Abesata\",\"url\":\"https:\/\/www.abesata.org\/br\/\",\"logo\":{\"@type\":\"ImageObject\",\"inLanguage\":\"pt-BR\",\"@id\":\"https:\/\/www.abesata.org\/br\/#\/schema\/logo\/image\/\",\"url\":\"https:\/\/www.abesata.org\/br\/wp-content\/uploads\/2023\/10\/Abesata.png\",\"contentUrl\":\"https:\/\/www.abesata.org\/br\/wp-content\/uploads\/2023\/10\/Abesata.png\",\"width\":1063,\"height\":591,\"caption\":\"Associa\u00e7\u00e3o Brasileira das Empresas de Servi\u00e7os Auxiliares de Transporte A\u00e9reo\"},\"image\":{\"@id\":\"https:\/\/www.abesata.org\/br\/#\/schema\/logo\/image\/\"},\"sameAs\":[\"https:\/\/www.facebook.com\/abesata.org\/\",\"https:\/\/www.instagram.com\/abesata_gh\/\",\"https:\/\/br.linkedin.com\/company\/abesata\"]}]}<\/script>\n<!-- \/ Yoast SEO plugin. -->","yoast_head_json":{"title":"Audi\u00eancia P\u00fablica C\u00e2mara dos Deputados \u2013 Projeto de Lei 8456\/2017 - Abesata","robots":{"index":"index","follow":"follow","max-snippet":"max-snippet:-1","max-image-preview":"max-image-preview:large","max-video-preview":"max-video-preview:-1"},"canonical":"https:\/\/www.abesata.org\/br\/audiencia-publica-camara-dos-deputados-projeto-de-lei-84562017-rm-2\/","og_locale":"pt_BR","og_type":"article","og_title":"Audi\u00eancia P\u00fablica C\u00e2mara dos Deputados \u2013 Projeto de Lei 8456\/2017 - Abesata","og_description":"&nbsp;","og_url":"https:\/\/www.abesata.org\/br\/audiencia-publica-camara-dos-deputados-projeto-de-lei-84562017-rm-2\/","og_site_name":"Abesata","article_publisher":"https:\/\/www.facebook.com\/abesata.org\/","article_modified_time":"2017-11-25T16:48:59+00:00","og_image":[{"url":"http:\/\/www.abesata.org\/br\/wp-content\/uploads\/2017\/11\/IMG-20171123-WA0041.jpg","type":"","width":"","height":""}],"twitter_card":"summary_large_image","schema":{"@context":"https:\/\/schema.org","@graph":[{"@type":"WebPage","@id":"https:\/\/www.abesata.org\/br\/audiencia-publica-camara-dos-deputados-projeto-de-lei-84562017-rm-2\/","url":"https:\/\/www.abesata.org\/br\/audiencia-publica-camara-dos-deputados-projeto-de-lei-84562017-rm-2\/","name":"Audi\u00eancia P\u00fablica C\u00e2mara dos Deputados \u2013 Projeto de Lei 8456\/2017 - Abesata","isPartOf":{"@id":"https:\/\/www.abesata.org\/br\/#website"},"primaryImageOfPage":{"@id":"https:\/\/www.abesata.org\/br\/audiencia-publica-camara-dos-deputados-projeto-de-lei-84562017-rm-2\/#primaryimage"},"image":{"@id":"https:\/\/www.abesata.org\/br\/audiencia-publica-camara-dos-deputados-projeto-de-lei-84562017-rm-2\/#primaryimage"},"thumbnailUrl":"http:\/\/www.abesata.org\/br\/wp-content\/uploads\/2017\/11\/IMG-20171123-WA0041.jpg","datePublished":"2017-11-25T16:37:56+00:00","dateModified":"2017-11-25T16:48:59+00:00","breadcrumb":{"@id":"https:\/\/www.abesata.org\/br\/audiencia-publica-camara-dos-deputados-projeto-de-lei-84562017-rm-2\/#breadcrumb"},"inLanguage":"pt-BR","potentialAction":[{"@type":"ReadAction","target":["https:\/\/www.abesata.org\/br\/audiencia-publica-camara-dos-deputados-projeto-de-lei-84562017-rm-2\/"]}]},{"@type":"ImageObject","inLanguage":"pt-BR","@id":"https:\/\/www.abesata.org\/br\/audiencia-publica-camara-dos-deputados-projeto-de-lei-84562017-rm-2\/#primaryimage","url":"http:\/\/www.abesata.org\/br\/wp-content\/uploads\/2017\/11\/IMG-20171123-WA0041.jpg","contentUrl":"http:\/\/www.abesata.org\/br\/wp-content\/uploads\/2017\/11\/IMG-20171123-WA0041.jpg"},{"@type":"BreadcrumbList","@id":"https:\/\/www.abesata.org\/br\/audiencia-publica-camara-dos-deputados-projeto-de-lei-84562017-rm-2\/#breadcrumb","itemListElement":[{"@type":"ListItem","position":1,"name":"In\u00edcio","item":"https:\/\/www.abesata.org\/br\/"},{"@type":"ListItem","position":2,"name":"Audi\u00eancia P\u00fablica C\u00e2mara dos Deputados \u2013 Projeto de Lei 8456\/2017"}]},{"@type":"WebSite","@id":"https:\/\/www.abesata.org\/br\/#website","url":"https:\/\/www.abesata.org\/br\/","name":"Abesata","description":"Associa\u00e7\u00e3o Brasileira das Empresas de Servi\u00e7os Auxiliares de Transporte A\u00e9reo","publisher":{"@id":"https:\/\/www.abesata.org\/br\/#organization"},"potentialAction":[{"@type":"SearchAction","target":{"@type":"EntryPoint","urlTemplate":"https:\/\/www.abesata.org\/br\/?s={search_term_string}"},"query-input":{"@type":"PropertyValueSpecification","valueRequired":true,"valueName":"search_term_string"}}],"inLanguage":"pt-BR"},{"@type":"Organization","@id":"https:\/\/www.abesata.org\/br\/#organization","name":"Associa\u00e7\u00e3o Brasileira das Empresas de Servi\u00e7os Auxiliares de Transporte A\u00e9reo","alternateName":"Abesata","url":"https:\/\/www.abesata.org\/br\/","logo":{"@type":"ImageObject","inLanguage":"pt-BR","@id":"https:\/\/www.abesata.org\/br\/#\/schema\/logo\/image\/","url":"https:\/\/www.abesata.org\/br\/wp-content\/uploads\/2023\/10\/Abesata.png","contentUrl":"https:\/\/www.abesata.org\/br\/wp-content\/uploads\/2023\/10\/Abesata.png","width":1063,"height":591,"caption":"Associa\u00e7\u00e3o Brasileira das Empresas de Servi\u00e7os Auxiliares de Transporte A\u00e9reo"},"image":{"@id":"https:\/\/www.abesata.org\/br\/#\/schema\/logo\/image\/"},"sameAs":["https:\/\/www.facebook.com\/abesata.org\/","https:\/\/www.instagram.com\/abesata_gh\/","https:\/\/br.linkedin.com\/company\/abesata"]}]}},"_links":{"self":[{"href":"https:\/\/www.abesata.org\/br\/wp-json\/wp\/v2\/pages\/7278","targetHints":{"allow":["GET"]}}],"collection":[{"href":"https:\/\/www.abesata.org\/br\/wp-json\/wp\/v2\/pages"}],"about":[{"href":"https:\/\/www.abesata.org\/br\/wp-json\/wp\/v2\/types\/page"}],"author":[{"embeddable":true,"href":"https:\/\/www.abesata.org\/br\/wp-json\/wp\/v2\/users\/18"}],"replies":[{"embeddable":true,"href":"https:\/\/www.abesata.org\/br\/wp-json\/wp\/v2\/comments?post=7278"}],"version-history":[{"count":0,"href":"https:\/\/www.abesata.org\/br\/wp-json\/wp\/v2\/pages\/7278\/revisions"}],"wp:attachment":[{"href":"https:\/\/www.abesata.org\/br\/wp-json\/wp\/v2\/media?parent=7278"}],"curies":[{"name":"wp","href":"https:\/\/api.w.org\/{rel}","templated":true}]}}