{"id":7682,"date":"2018-03-11T16:00:06","date_gmt":"2018-03-11T16:00:06","guid":{"rendered":"http:\/\/www.abesata.org\/br\/?page_id=7682"},"modified":"2018-03-11T17:37:03","modified_gmt":"2018-03-11T17:37:03","slug":"latin-america-airport-expansion-summit","status":"publish","type":"page","link":"https:\/\/www.abesata.org\/br\/latin-america-airport-expansion-summit\/","title":{"rendered":"Latin America Airport Expansion Summit\u00a0&#8211; Buenos Aires"},"content":{"rendered":"<p><img fetchpriority=\"high\" decoding=\"async\" class=\"alignnone size-full wp-image-7683\" src=\"https:\/\/www.abesata.org\/br\/wp-content\/uploads\/2018\/03\/35a87fff-e728-4e9d-a60f-7d5d6a2f68a8.jpg\" alt=\"\" width=\"1280\" height=\"720\" srcset=\"https:\/\/www.abesata.org\/br\/wp-content\/uploads\/2018\/03\/35a87fff-e728-4e9d-a60f-7d5d6a2f68a8.jpg 1280w, https:\/\/www.abesata.org\/br\/wp-content\/uploads\/2018\/03\/35a87fff-e728-4e9d-a60f-7d5d6a2f68a8-300x169.jpg 300w, https:\/\/www.abesata.org\/br\/wp-content\/uploads\/2018\/03\/35a87fff-e728-4e9d-a60f-7d5d6a2f68a8-768x432.jpg 768w, https:\/\/www.abesata.org\/br\/wp-content\/uploads\/2018\/03\/35a87fff-e728-4e9d-a60f-7d5d6a2f68a8-1024x576.jpg 1024w, https:\/\/www.abesata.org\/br\/wp-content\/uploads\/2018\/03\/35a87fff-e728-4e9d-a60f-7d5d6a2f68a8-250x141.jpg 250w, https:\/\/www.abesata.org\/br\/wp-content\/uploads\/2018\/03\/35a87fff-e728-4e9d-a60f-7d5d6a2f68a8-150x84.jpg 150w\" sizes=\"(max-width: 1280px) 100vw, 1280px\" \/><\/p>\n<p><img decoding=\"async\" class=\"alignnone size-full wp-image-7684\" src=\"https:\/\/www.abesata.org\/br\/wp-content\/uploads\/2018\/03\/3c3b6120-fdd2-4923-827a-742bdf46882a.jpg\" alt=\"\" width=\"1280\" height=\"720\" srcset=\"https:\/\/www.abesata.org\/br\/wp-content\/uploads\/2018\/03\/3c3b6120-fdd2-4923-827a-742bdf46882a.jpg 1280w, https:\/\/www.abesata.org\/br\/wp-content\/uploads\/2018\/03\/3c3b6120-fdd2-4923-827a-742bdf46882a-300x169.jpg 300w, https:\/\/www.abesata.org\/br\/wp-content\/uploads\/2018\/03\/3c3b6120-fdd2-4923-827a-742bdf46882a-768x432.jpg 768w, https:\/\/www.abesata.org\/br\/wp-content\/uploads\/2018\/03\/3c3b6120-fdd2-4923-827a-742bdf46882a-1024x576.jpg 1024w, https:\/\/www.abesata.org\/br\/wp-content\/uploads\/2018\/03\/3c3b6120-fdd2-4923-827a-742bdf46882a-250x141.jpg 250w, https:\/\/www.abesata.org\/br\/wp-content\/uploads\/2018\/03\/3c3b6120-fdd2-4923-827a-742bdf46882a-150x84.jpg 150w\" sizes=\"(max-width: 1280px) 100vw, 1280px\" \/><\/p>\n<p><img decoding=\"async\" class=\"alignnone size-full wp-image-7685\" src=\"https:\/\/www.abesata.org\/br\/wp-content\/uploads\/2018\/03\/7b48de80-2476-4e0d-bd1a-156d4114396e.jpg\" alt=\"\" width=\"1280\" height=\"720\" srcset=\"https:\/\/www.abesata.org\/br\/wp-content\/uploads\/2018\/03\/7b48de80-2476-4e0d-bd1a-156d4114396e.jpg 1280w, https:\/\/www.abesata.org\/br\/wp-content\/uploads\/2018\/03\/7b48de80-2476-4e0d-bd1a-156d4114396e-300x169.jpg 300w, https:\/\/www.abesata.org\/br\/wp-content\/uploads\/2018\/03\/7b48de80-2476-4e0d-bd1a-156d4114396e-768x432.jpg 768w, https:\/\/www.abesata.org\/br\/wp-content\/uploads\/2018\/03\/7b48de80-2476-4e0d-bd1a-156d4114396e-1024x576.jpg 1024w, https:\/\/www.abesata.org\/br\/wp-content\/uploads\/2018\/03\/7b48de80-2476-4e0d-bd1a-156d4114396e-250x141.jpg 250w, https:\/\/www.abesata.org\/br\/wp-content\/uploads\/2018\/03\/7b48de80-2476-4e0d-bd1a-156d4114396e-150x84.jpg 150w\" sizes=\"(max-width: 1280px) 100vw, 1280px\" \/><\/p>\n<p><img loading=\"lazy\" decoding=\"async\" class=\"alignnone size-full wp-image-7686\" src=\"https:\/\/www.abesata.org\/br\/wp-content\/uploads\/2018\/03\/fdd511d1-1c24-4f84-8d3d-fd7b751157a2.jpg\" alt=\"\" width=\"1280\" height=\"720\" srcset=\"https:\/\/www.abesata.org\/br\/wp-content\/uploads\/2018\/03\/fdd511d1-1c24-4f84-8d3d-fd7b751157a2.jpg 1280w, https:\/\/www.abesata.org\/br\/wp-content\/uploads\/2018\/03\/fdd511d1-1c24-4f84-8d3d-fd7b751157a2-300x169.jpg 300w, https:\/\/www.abesata.org\/br\/wp-content\/uploads\/2018\/03\/fdd511d1-1c24-4f84-8d3d-fd7b751157a2-768x432.jpg 768w, https:\/\/www.abesata.org\/br\/wp-content\/uploads\/2018\/03\/fdd511d1-1c24-4f84-8d3d-fd7b751157a2-1024x576.jpg 1024w, https:\/\/www.abesata.org\/br\/wp-content\/uploads\/2018\/03\/fdd511d1-1c24-4f84-8d3d-fd7b751157a2-250x141.jpg 250w, https:\/\/www.abesata.org\/br\/wp-content\/uploads\/2018\/03\/fdd511d1-1c24-4f84-8d3d-fd7b751157a2-150x84.jpg 150w\" sizes=\"(max-width: 1280px) 100vw, 1280px\" \/><\/p>\n<p><img loading=\"lazy\" decoding=\"async\" class=\"alignnone wp-image-7687\" src=\"https:\/\/www.abesata.org\/br\/wp-content\/uploads\/2018\/03\/968ea475-27bd-4e54-a991-286cca5e124e.jpg\" alt=\"\" width=\"485\" height=\"862\" srcset=\"https:\/\/www.abesata.org\/br\/wp-content\/uploads\/2018\/03\/968ea475-27bd-4e54-a991-286cca5e124e.jpg 720w, https:\/\/www.abesata.org\/br\/wp-content\/uploads\/2018\/03\/968ea475-27bd-4e54-a991-286cca5e124e-169x300.jpg 169w, https:\/\/www.abesata.org\/br\/wp-content\/uploads\/2018\/03\/968ea475-27bd-4e54-a991-286cca5e124e-576x1024.jpg 576w, https:\/\/www.abesata.org\/br\/wp-content\/uploads\/2018\/03\/968ea475-27bd-4e54-a991-286cca5e124e-84x150.jpg 84w\" sizes=\"(max-width: 485px) 100vw, 485px\" \/><\/p>\n<p><img loading=\"lazy\" decoding=\"async\" class=\"alignnone size-full wp-image-7688\" src=\"https:\/\/www.abesata.org\/br\/wp-content\/uploads\/2018\/03\/5024eb32-ec11-4dc1-8099-bf38e3f78efb.jpg\" alt=\"\" width=\"1280\" height=\"720\" srcset=\"https:\/\/www.abesata.org\/br\/wp-content\/uploads\/2018\/03\/5024eb32-ec11-4dc1-8099-bf38e3f78efb.jpg 1280w, https:\/\/www.abesata.org\/br\/wp-content\/uploads\/2018\/03\/5024eb32-ec11-4dc1-8099-bf38e3f78efb-300x169.jpg 300w, https:\/\/www.abesata.org\/br\/wp-content\/uploads\/2018\/03\/5024eb32-ec11-4dc1-8099-bf38e3f78efb-768x432.jpg 768w, https:\/\/www.abesata.org\/br\/wp-content\/uploads\/2018\/03\/5024eb32-ec11-4dc1-8099-bf38e3f78efb-1024x576.jpg 1024w, https:\/\/www.abesata.org\/br\/wp-content\/uploads\/2018\/03\/5024eb32-ec11-4dc1-8099-bf38e3f78efb-250x141.jpg 250w, https:\/\/www.abesata.org\/br\/wp-content\/uploads\/2018\/03\/5024eb32-ec11-4dc1-8099-bf38e3f78efb-150x84.jpg 150w\" sizes=\"(max-width: 1280px) 100vw, 1280px\" \/><\/p>\n<p><img loading=\"lazy\" decoding=\"async\" class=\"alignnone size-full wp-image-7689\" src=\"https:\/\/www.abesata.org\/br\/wp-content\/uploads\/2018\/03\/e4e9d5a8-0947-45fb-ba44-e2b9c2d70de9.jpg\" alt=\"\" width=\"1280\" height=\"720\" srcset=\"https:\/\/www.abesata.org\/br\/wp-content\/uploads\/2018\/03\/e4e9d5a8-0947-45fb-ba44-e2b9c2d70de9.jpg 1280w, https:\/\/www.abesata.org\/br\/wp-content\/uploads\/2018\/03\/e4e9d5a8-0947-45fb-ba44-e2b9c2d70de9-300x169.jpg 300w, https:\/\/www.abesata.org\/br\/wp-content\/uploads\/2018\/03\/e4e9d5a8-0947-45fb-ba44-e2b9c2d70de9-768x432.jpg 768w, https:\/\/www.abesata.org\/br\/wp-content\/uploads\/2018\/03\/e4e9d5a8-0947-45fb-ba44-e2b9c2d70de9-1024x576.jpg 1024w, https:\/\/www.abesata.org\/br\/wp-content\/uploads\/2018\/03\/e4e9d5a8-0947-45fb-ba44-e2b9c2d70de9-250x141.jpg 250w, https:\/\/www.abesata.org\/br\/wp-content\/uploads\/2018\/03\/e4e9d5a8-0947-45fb-ba44-e2b9c2d70de9-150x84.jpg 150w\" sizes=\"(max-width: 1280px) 100vw, 1280px\" \/><\/p>\n<p><img loading=\"lazy\" decoding=\"async\" class=\"alignnone size-full wp-image-7691\" src=\"https:\/\/www.abesata.org\/br\/wp-content\/uploads\/2018\/03\/c5370e0a-c283-4d9d-8646-e54348bc03b5.jpg\" alt=\"\" width=\"1280\" height=\"720\" srcset=\"https:\/\/www.abesata.org\/br\/wp-content\/uploads\/2018\/03\/c5370e0a-c283-4d9d-8646-e54348bc03b5.jpg 1280w, https:\/\/www.abesata.org\/br\/wp-content\/uploads\/2018\/03\/c5370e0a-c283-4d9d-8646-e54348bc03b5-300x169.jpg 300w, https:\/\/www.abesata.org\/br\/wp-content\/uploads\/2018\/03\/c5370e0a-c283-4d9d-8646-e54348bc03b5-768x432.jpg 768w, https:\/\/www.abesata.org\/br\/wp-content\/uploads\/2018\/03\/c5370e0a-c283-4d9d-8646-e54348bc03b5-1024x576.jpg 1024w, https:\/\/www.abesata.org\/br\/wp-content\/uploads\/2018\/03\/c5370e0a-c283-4d9d-8646-e54348bc03b5-250x141.jpg 250w, https:\/\/www.abesata.org\/br\/wp-content\/uploads\/2018\/03\/c5370e0a-c283-4d9d-8646-e54348bc03b5-150x84.jpg 150w\" sizes=\"(max-width: 1280px) 100vw, 1280px\" \/><\/p>\n<p><img loading=\"lazy\" decoding=\"async\" class=\"alignnone size-full wp-image-7692\" src=\"https:\/\/www.abesata.org\/br\/wp-content\/uploads\/2018\/03\/f7797235-1209-49d3-a057-fbf84529fcf3.jpg\" alt=\"\" width=\"1280\" height=\"720\" srcset=\"https:\/\/www.abesata.org\/br\/wp-content\/uploads\/2018\/03\/f7797235-1209-49d3-a057-fbf84529fcf3.jpg 1280w, https:\/\/www.abesata.org\/br\/wp-content\/uploads\/2018\/03\/f7797235-1209-49d3-a057-fbf84529fcf3-300x169.jpg 300w, https:\/\/www.abesata.org\/br\/wp-content\/uploads\/2018\/03\/f7797235-1209-49d3-a057-fbf84529fcf3-768x432.jpg 768w, https:\/\/www.abesata.org\/br\/wp-content\/uploads\/2018\/03\/f7797235-1209-49d3-a057-fbf84529fcf3-1024x576.jpg 1024w, https:\/\/www.abesata.org\/br\/wp-content\/uploads\/2018\/03\/f7797235-1209-49d3-a057-fbf84529fcf3-250x141.jpg 250w, https:\/\/www.abesata.org\/br\/wp-content\/uploads\/2018\/03\/f7797235-1209-49d3-a057-fbf84529fcf3-150x84.jpg 150w\" sizes=\"(max-width: 1280px) 100vw, 1280px\" \/><\/p>\n","protected":false},"excerpt":{"rendered":"","protected":false},"author":18,"featured_media":0,"parent":0,"menu_order":0,"comment_status":"closed","ping_status":"closed","template":"","meta":{"footnotes":""},"class_list":["post-7682","page","type-page","status-publish","hentry"],"yoast_head":"<!-- This site is optimized with the Yoast SEO plugin v26.5 - https:\/\/yoast.com\/wordpress\/plugins\/seo\/ -->\n<title>Latin America Airport Expansion Summit\u00a0- Buenos Aires - Abesata<\/title>\n<meta name=\"robots\" content=\"index, follow, max-snippet:-1, max-image-preview:large, max-video-preview:-1\" \/>\n<link rel=\"canonical\" href=\"https:\/\/www.abesata.org\/br\/latin-america-airport-expansion-summit\/\" \/>\n<meta property=\"og:locale\" content=\"pt_BR\" \/>\n<meta property=\"og:type\" content=\"article\" \/>\n<meta property=\"og:title\" content=\"Latin America Airport Expansion Summit\u00a0- Buenos Aires - Abesata\" \/>\n<meta property=\"og:url\" content=\"https:\/\/www.abesata.org\/br\/latin-america-airport-expansion-summit\/\" \/>\n<meta property=\"og:site_name\" content=\"Abesata\" \/>\n<meta property=\"article:publisher\" content=\"https:\/\/www.facebook.com\/abesata.org\/\" \/>\n<meta property=\"article:modified_time\" content=\"2018-03-11T17:37:03+00:00\" \/>\n<meta property=\"og:image\" content=\"http:\/\/www.abesata.org\/br\/wp-content\/uploads\/2018\/03\/35a87fff-e728-4e9d-a60f-7d5d6a2f68a8.jpg\" \/>\n<meta name=\"twitter:card\" content=\"summary_large_image\" \/>\n<script type=\"application\/ld+json\" class=\"yoast-schema-graph\">{\"@context\":\"https:\/\/schema.org\",\"@graph\":[{\"@type\":\"WebPage\",\"@id\":\"https:\/\/www.abesata.org\/br\/latin-america-airport-expansion-summit\/\",\"url\":\"https:\/\/www.abesata.org\/br\/latin-america-airport-expansion-summit\/\",\"name\":\"Latin America Airport Expansion Summit\u00a0- Buenos Aires - Abesata\",\"isPartOf\":{\"@id\":\"https:\/\/www.abesata.org\/br\/#website\"},\"primaryImageOfPage\":{\"@id\":\"https:\/\/www.abesata.org\/br\/latin-america-airport-expansion-summit\/#primaryimage\"},\"image\":{\"@id\":\"https:\/\/www.abesata.org\/br\/latin-america-airport-expansion-summit\/#primaryimage\"},\"thumbnailUrl\":\"http:\/\/www.abesata.org\/br\/wp-content\/uploads\/2018\/03\/35a87fff-e728-4e9d-a60f-7d5d6a2f68a8.jpg\",\"datePublished\":\"2018-03-11T16:00:06+00:00\",\"dateModified\":\"2018-03-11T17:37:03+00:00\",\"breadcrumb\":{\"@id\":\"https:\/\/www.abesata.org\/br\/latin-america-airport-expansion-summit\/#breadcrumb\"},\"inLanguage\":\"pt-BR\",\"potentialAction\":[{\"@type\":\"ReadAction\",\"target\":[\"https:\/\/www.abesata.org\/br\/latin-america-airport-expansion-summit\/\"]}]},{\"@type\":\"ImageObject\",\"inLanguage\":\"pt-BR\",\"@id\":\"https:\/\/www.abesata.org\/br\/latin-america-airport-expansion-summit\/#primaryimage\",\"url\":\"http:\/\/www.abesata.org\/br\/wp-content\/uploads\/2018\/03\/35a87fff-e728-4e9d-a60f-7d5d6a2f68a8.jpg\",\"contentUrl\":\"http:\/\/www.abesata.org\/br\/wp-content\/uploads\/2018\/03\/35a87fff-e728-4e9d-a60f-7d5d6a2f68a8.jpg\"},{\"@type\":\"BreadcrumbList\",\"@id\":\"https:\/\/www.abesata.org\/br\/latin-america-airport-expansion-summit\/#breadcrumb\",\"itemListElement\":[{\"@type\":\"ListItem\",\"position\":1,\"name\":\"In\u00edcio\",\"item\":\"https:\/\/www.abesata.org\/br\/\"},{\"@type\":\"ListItem\",\"position\":2,\"name\":\"Latin America Airport Expansion Summit\u00a0&#8211; Buenos Aires\"}]},{\"@type\":\"WebSite\",\"@id\":\"https:\/\/www.abesata.org\/br\/#website\",\"url\":\"https:\/\/www.abesata.org\/br\/\",\"name\":\"Abesata\",\"description\":\"Associa\u00e7\u00e3o Brasileira das Empresas de Servi\u00e7os Auxiliares de Transporte A\u00e9reo\",\"publisher\":{\"@id\":\"https:\/\/www.abesata.org\/br\/#organization\"},\"potentialAction\":[{\"@type\":\"SearchAction\",\"target\":{\"@type\":\"EntryPoint\",\"urlTemplate\":\"https:\/\/www.abesata.org\/br\/?s={search_term_string}\"},\"query-input\":{\"@type\":\"PropertyValueSpecification\",\"valueRequired\":true,\"valueName\":\"search_term_string\"}}],\"inLanguage\":\"pt-BR\"},{\"@type\":\"Organization\",\"@id\":\"https:\/\/www.abesata.org\/br\/#organization\",\"name\":\"Associa\u00e7\u00e3o Brasileira das Empresas de Servi\u00e7os Auxiliares de Transporte A\u00e9reo\",\"alternateName\":\"Abesata\",\"url\":\"https:\/\/www.abesata.org\/br\/\",\"logo\":{\"@type\":\"ImageObject\",\"inLanguage\":\"pt-BR\",\"@id\":\"https:\/\/www.abesata.org\/br\/#\/schema\/logo\/image\/\",\"url\":\"https:\/\/www.abesata.org\/br\/wp-content\/uploads\/2023\/10\/Abesata.png\",\"contentUrl\":\"https:\/\/www.abesata.org\/br\/wp-content\/uploads\/2023\/10\/Abesata.png\",\"width\":1063,\"height\":591,\"caption\":\"Associa\u00e7\u00e3o Brasileira das Empresas de Servi\u00e7os Auxiliares de Transporte A\u00e9reo\"},\"image\":{\"@id\":\"https:\/\/www.abesata.org\/br\/#\/schema\/logo\/image\/\"},\"sameAs\":[\"https:\/\/www.facebook.com\/abesata.org\/\",\"https:\/\/www.instagram.com\/abesata_gh\/\",\"https:\/\/br.linkedin.com\/company\/abesata\"]}]}<\/script>\n<!-- \/ Yoast SEO plugin. -->","yoast_head_json":{"title":"Latin America Airport Expansion Summit\u00a0- Buenos Aires - Abesata","robots":{"index":"index","follow":"follow","max-snippet":"max-snippet:-1","max-image-preview":"max-image-preview:large","max-video-preview":"max-video-preview:-1"},"canonical":"https:\/\/www.abesata.org\/br\/latin-america-airport-expansion-summit\/","og_locale":"pt_BR","og_type":"article","og_title":"Latin America Airport Expansion Summit\u00a0- Buenos Aires - Abesata","og_url":"https:\/\/www.abesata.org\/br\/latin-america-airport-expansion-summit\/","og_site_name":"Abesata","article_publisher":"https:\/\/www.facebook.com\/abesata.org\/","article_modified_time":"2018-03-11T17:37:03+00:00","og_image":[{"url":"http:\/\/www.abesata.org\/br\/wp-content\/uploads\/2018\/03\/35a87fff-e728-4e9d-a60f-7d5d6a2f68a8.jpg","type":"","width":"","height":""}],"twitter_card":"summary_large_image","schema":{"@context":"https:\/\/schema.org","@graph":[{"@type":"WebPage","@id":"https:\/\/www.abesata.org\/br\/latin-america-airport-expansion-summit\/","url":"https:\/\/www.abesata.org\/br\/latin-america-airport-expansion-summit\/","name":"Latin America Airport Expansion Summit\u00a0- Buenos Aires - Abesata","isPartOf":{"@id":"https:\/\/www.abesata.org\/br\/#website"},"primaryImageOfPage":{"@id":"https:\/\/www.abesata.org\/br\/latin-america-airport-expansion-summit\/#primaryimage"},"image":{"@id":"https:\/\/www.abesata.org\/br\/latin-america-airport-expansion-summit\/#primaryimage"},"thumbnailUrl":"http:\/\/www.abesata.org\/br\/wp-content\/uploads\/2018\/03\/35a87fff-e728-4e9d-a60f-7d5d6a2f68a8.jpg","datePublished":"2018-03-11T16:00:06+00:00","dateModified":"2018-03-11T17:37:03+00:00","breadcrumb":{"@id":"https:\/\/www.abesata.org\/br\/latin-america-airport-expansion-summit\/#breadcrumb"},"inLanguage":"pt-BR","potentialAction":[{"@type":"ReadAction","target":["https:\/\/www.abesata.org\/br\/latin-america-airport-expansion-summit\/"]}]},{"@type":"ImageObject","inLanguage":"pt-BR","@id":"https:\/\/www.abesata.org\/br\/latin-america-airport-expansion-summit\/#primaryimage","url":"http:\/\/www.abesata.org\/br\/wp-content\/uploads\/2018\/03\/35a87fff-e728-4e9d-a60f-7d5d6a2f68a8.jpg","contentUrl":"http:\/\/www.abesata.org\/br\/wp-content\/uploads\/2018\/03\/35a87fff-e728-4e9d-a60f-7d5d6a2f68a8.jpg"},{"@type":"BreadcrumbList","@id":"https:\/\/www.abesata.org\/br\/latin-america-airport-expansion-summit\/#breadcrumb","itemListElement":[{"@type":"ListItem","position":1,"name":"In\u00edcio","item":"https:\/\/www.abesata.org\/br\/"},{"@type":"ListItem","position":2,"name":"Latin America Airport Expansion Summit\u00a0&#8211; Buenos Aires"}]},{"@type":"WebSite","@id":"https:\/\/www.abesata.org\/br\/#website","url":"https:\/\/www.abesata.org\/br\/","name":"Abesata","description":"Associa\u00e7\u00e3o Brasileira das Empresas de Servi\u00e7os Auxiliares de Transporte A\u00e9reo","publisher":{"@id":"https:\/\/www.abesata.org\/br\/#organization"},"potentialAction":[{"@type":"SearchAction","target":{"@type":"EntryPoint","urlTemplate":"https:\/\/www.abesata.org\/br\/?s={search_term_string}"},"query-input":{"@type":"PropertyValueSpecification","valueRequired":true,"valueName":"search_term_string"}}],"inLanguage":"pt-BR"},{"@type":"Organization","@id":"https:\/\/www.abesata.org\/br\/#organization","name":"Associa\u00e7\u00e3o Brasileira das Empresas de Servi\u00e7os Auxiliares de Transporte A\u00e9reo","alternateName":"Abesata","url":"https:\/\/www.abesata.org\/br\/","logo":{"@type":"ImageObject","inLanguage":"pt-BR","@id":"https:\/\/www.abesata.org\/br\/#\/schema\/logo\/image\/","url":"https:\/\/www.abesata.org\/br\/wp-content\/uploads\/2023\/10\/Abesata.png","contentUrl":"https:\/\/www.abesata.org\/br\/wp-content\/uploads\/2023\/10\/Abesata.png","width":1063,"height":591,"caption":"Associa\u00e7\u00e3o Brasileira das Empresas de Servi\u00e7os Auxiliares de Transporte A\u00e9reo"},"image":{"@id":"https:\/\/www.abesata.org\/br\/#\/schema\/logo\/image\/"},"sameAs":["https:\/\/www.facebook.com\/abesata.org\/","https:\/\/www.instagram.com\/abesata_gh\/","https:\/\/br.linkedin.com\/company\/abesata"]}]}},"_links":{"self":[{"href":"https:\/\/www.abesata.org\/br\/wp-json\/wp\/v2\/pages\/7682","targetHints":{"allow":["GET"]}}],"collection":[{"href":"https:\/\/www.abesata.org\/br\/wp-json\/wp\/v2\/pages"}],"about":[{"href":"https:\/\/www.abesata.org\/br\/wp-json\/wp\/v2\/types\/page"}],"author":[{"embeddable":true,"href":"https:\/\/www.abesata.org\/br\/wp-json\/wp\/v2\/users\/18"}],"replies":[{"embeddable":true,"href":"https:\/\/www.abesata.org\/br\/wp-json\/wp\/v2\/comments?post=7682"}],"version-history":[{"count":0,"href":"https:\/\/www.abesata.org\/br\/wp-json\/wp\/v2\/pages\/7682\/revisions"}],"wp:attachment":[{"href":"https:\/\/www.abesata.org\/br\/wp-json\/wp\/v2\/media?parent=7682"}],"curies":[{"name":"wp","href":"https:\/\/api.w.org\/{rel}","templated":true}]}}