{"id":7751,"date":"2018-03-24T00:44:55","date_gmt":"2018-03-24T00:44:55","guid":{"rendered":"http:\/\/www.abesata.org\/br\/?page_id=7751"},"modified":"2018-03-24T18:33:25","modified_gmt":"2018-03-24T18:33:25","slug":"conselho-consultivo-da-anac-brasilia","status":"publish","type":"page","link":"https:\/\/www.abesata.org\/br\/conselho-consultivo-da-anac-brasilia\/","title":{"rendered":"Conselho Consultivo da Anac &#8211; Bras\u00edlia &#8211; 22 de mar\u00e7o de 2018"},"content":{"rendered":"<p><img fetchpriority=\"high\" decoding=\"async\" class=\"alignnone size-full wp-image-7753\" src=\"https:\/\/www.abesata.org\/br\/wp-content\/uploads\/2018\/03\/2-1.jpg\" alt=\"\" width=\"5344\" height=\"3006\" srcset=\"https:\/\/www.abesata.org\/br\/wp-content\/uploads\/2018\/03\/2-1.jpg 5344w, https:\/\/www.abesata.org\/br\/wp-content\/uploads\/2018\/03\/2-1-300x169.jpg 300w, https:\/\/www.abesata.org\/br\/wp-content\/uploads\/2018\/03\/2-1-768x432.jpg 768w, https:\/\/www.abesata.org\/br\/wp-content\/uploads\/2018\/03\/2-1-1024x576.jpg 1024w, https:\/\/www.abesata.org\/br\/wp-content\/uploads\/2018\/03\/2-1-250x141.jpg 250w, https:\/\/www.abesata.org\/br\/wp-content\/uploads\/2018\/03\/2-1-150x84.jpg 150w\" sizes=\"(max-width: 5344px) 100vw, 5344px\" \/> <img decoding=\"async\" class=\"alignnone size-full wp-image-7754\" src=\"https:\/\/www.abesata.org\/br\/wp-content\/uploads\/2018\/03\/3-2.jpg\" alt=\"\" width=\"1600\" height=\"1200\" srcset=\"https:\/\/www.abesata.org\/br\/wp-content\/uploads\/2018\/03\/3-2.jpg 1600w, https:\/\/www.abesata.org\/br\/wp-content\/uploads\/2018\/03\/3-2-300x225.jpg 300w, https:\/\/www.abesata.org\/br\/wp-content\/uploads\/2018\/03\/3-2-768x576.jpg 768w, https:\/\/www.abesata.org\/br\/wp-content\/uploads\/2018\/03\/3-2-1024x768.jpg 1024w, https:\/\/www.abesata.org\/br\/wp-content\/uploads\/2018\/03\/3-2-200x150.jpg 200w, https:\/\/www.abesata.org\/br\/wp-content\/uploads\/2018\/03\/3-2-150x113.jpg 150w\" sizes=\"(max-width: 1600px) 100vw, 1600px\" \/> <img decoding=\"async\" class=\"alignnone size-full wp-image-7755\" src=\"https:\/\/www.abesata.org\/br\/wp-content\/uploads\/2018\/03\/4-1.jpg\" alt=\"\" width=\"1200\" height=\"1600\" srcset=\"https:\/\/www.abesata.org\/br\/wp-content\/uploads\/2018\/03\/4-1.jpg 1200w, https:\/\/www.abesata.org\/br\/wp-content\/uploads\/2018\/03\/4-1-225x300.jpg 225w, https:\/\/www.abesata.org\/br\/wp-content\/uploads\/2018\/03\/4-1-768x1024.jpg 768w, https:\/\/www.abesata.org\/br\/wp-content\/uploads\/2018\/03\/4-1-113x150.jpg 113w\" sizes=\"(max-width: 1200px) 100vw, 1200px\" \/> <img loading=\"lazy\" decoding=\"async\" class=\"alignnone size-full wp-image-7756\" src=\"https:\/\/www.abesata.org\/br\/wp-content\/uploads\/2018\/03\/5-1.jpg\" alt=\"\" width=\"1200\" height=\"1600\" srcset=\"https:\/\/www.abesata.org\/br\/wp-content\/uploads\/2018\/03\/5-1.jpg 1200w, https:\/\/www.abesata.org\/br\/wp-content\/uploads\/2018\/03\/5-1-225x300.jpg 225w, https:\/\/www.abesata.org\/br\/wp-content\/uploads\/2018\/03\/5-1-768x1024.jpg 768w, https:\/\/www.abesata.org\/br\/wp-content\/uploads\/2018\/03\/5-1-113x150.jpg 113w\" sizes=\"(max-width: 1200px) 100vw, 1200px\" \/> <img loading=\"lazy\" decoding=\"async\" class=\"alignnone size-full wp-image-7763\" src=\"https:\/\/www.abesata.org\/br\/wp-content\/uploads\/2018\/03\/6-2.jpg\" alt=\"\" width=\"5344\" height=\"3006\" srcset=\"https:\/\/www.abesata.org\/br\/wp-content\/uploads\/2018\/03\/6-2.jpg 5344w, https:\/\/www.abesata.org\/br\/wp-content\/uploads\/2018\/03\/6-2-300x169.jpg 300w, https:\/\/www.abesata.org\/br\/wp-content\/uploads\/2018\/03\/6-2-768x432.jpg 768w, https:\/\/www.abesata.org\/br\/wp-content\/uploads\/2018\/03\/6-2-1024x576.jpg 1024w, https:\/\/www.abesata.org\/br\/wp-content\/uploads\/2018\/03\/6-2-250x141.jpg 250w, https:\/\/www.abesata.org\/br\/wp-content\/uploads\/2018\/03\/6-2-150x84.jpg 150w\" sizes=\"(max-width: 5344px) 100vw, 5344px\" \/><img loading=\"lazy\" decoding=\"async\" class=\"alignnone size-full wp-image-7758\" src=\"https:\/\/www.abesata.org\/br\/wp-content\/uploads\/2018\/03\/7.jpg\" alt=\"\" width=\"5344\" height=\"3006\" srcset=\"https:\/\/www.abesata.org\/br\/wp-content\/uploads\/2018\/03\/7.jpg 5344w, https:\/\/www.abesata.org\/br\/wp-content\/uploads\/2018\/03\/7-300x169.jpg 300w, https:\/\/www.abesata.org\/br\/wp-content\/uploads\/2018\/03\/7-768x432.jpg 768w, https:\/\/www.abesata.org\/br\/wp-content\/uploads\/2018\/03\/7-1024x576.jpg 1024w, https:\/\/www.abesata.org\/br\/wp-content\/uploads\/2018\/03\/7-250x141.jpg 250w, https:\/\/www.abesata.org\/br\/wp-content\/uploads\/2018\/03\/7-150x84.jpg 150w\" sizes=\"(max-width: 5344px) 100vw, 5344px\" \/> <img loading=\"lazy\" decoding=\"async\" class=\"alignnone size-full wp-image-7759\" src=\"https:\/\/www.abesata.org\/br\/wp-content\/uploads\/2018\/03\/8.jpg\" alt=\"\" width=\"5344\" height=\"3006\" srcset=\"https:\/\/www.abesata.org\/br\/wp-content\/uploads\/2018\/03\/8.jpg 5344w, https:\/\/www.abesata.org\/br\/wp-content\/uploads\/2018\/03\/8-300x169.jpg 300w, https:\/\/www.abesata.org\/br\/wp-content\/uploads\/2018\/03\/8-768x432.jpg 768w, https:\/\/www.abesata.org\/br\/wp-content\/uploads\/2018\/03\/8-1024x576.jpg 1024w, https:\/\/www.abesata.org\/br\/wp-content\/uploads\/2018\/03\/8-250x141.jpg 250w, https:\/\/www.abesata.org\/br\/wp-content\/uploads\/2018\/03\/8-150x84.jpg 150w\" sizes=\"(max-width: 5344px) 100vw, 5344px\" \/> <img loading=\"lazy\" decoding=\"async\" class=\"alignnone size-full wp-image-7760\" src=\"https:\/\/www.abesata.org\/br\/wp-content\/uploads\/2018\/03\/9.jpg\" alt=\"\" width=\"5344\" height=\"3006\" srcset=\"https:\/\/www.abesata.org\/br\/wp-content\/uploads\/2018\/03\/9.jpg 5344w, https:\/\/www.abesata.org\/br\/wp-content\/uploads\/2018\/03\/9-300x169.jpg 300w, https:\/\/www.abesata.org\/br\/wp-content\/uploads\/2018\/03\/9-768x432.jpg 768w, https:\/\/www.abesata.org\/br\/wp-content\/uploads\/2018\/03\/9-1024x576.jpg 1024w, https:\/\/www.abesata.org\/br\/wp-content\/uploads\/2018\/03\/9-250x141.jpg 250w, https:\/\/www.abesata.org\/br\/wp-content\/uploads\/2018\/03\/9-150x84.jpg 150w\" sizes=\"(max-width: 5344px) 100vw, 5344px\" \/> <img loading=\"lazy\" decoding=\"async\" class=\"alignnone size-full wp-image-7761\" src=\"https:\/\/www.abesata.org\/br\/wp-content\/uploads\/2018\/03\/10.jpg\" alt=\"\" width=\"1280\" height=\"960\" srcset=\"https:\/\/www.abesata.org\/br\/wp-content\/uploads\/2018\/03\/10.jpg 1280w, https:\/\/www.abesata.org\/br\/wp-content\/uploads\/2018\/03\/10-300x225.jpg 300w, https:\/\/www.abesata.org\/br\/wp-content\/uploads\/2018\/03\/10-768x576.jpg 768w, https:\/\/www.abesata.org\/br\/wp-content\/uploads\/2018\/03\/10-1024x768.jpg 1024w, https:\/\/www.abesata.org\/br\/wp-content\/uploads\/2018\/03\/10-200x150.jpg 200w, https:\/\/www.abesata.org\/br\/wp-content\/uploads\/2018\/03\/10-150x113.jpg 150w\" sizes=\"(max-width: 1280px) 100vw, 1280px\" \/><\/p>\n<p><img loading=\"lazy\" decoding=\"async\" class=\"alignnone size-full wp-image-7764\" src=\"https:\/\/www.abesata.org\/br\/wp-content\/uploads\/2018\/03\/1-4.jpg\" alt=\"\" width=\"5344\" height=\"3006\" srcset=\"https:\/\/www.abesata.org\/br\/wp-content\/uploads\/2018\/03\/1-4.jpg 5344w, https:\/\/www.abesata.org\/br\/wp-content\/uploads\/2018\/03\/1-4-300x169.jpg 300w, https:\/\/www.abesata.org\/br\/wp-content\/uploads\/2018\/03\/1-4-768x432.jpg 768w, https:\/\/www.abesata.org\/br\/wp-content\/uploads\/2018\/03\/1-4-1024x576.jpg 1024w, https:\/\/www.abesata.org\/br\/wp-content\/uploads\/2018\/03\/1-4-250x141.jpg 250w, https:\/\/www.abesata.org\/br\/wp-content\/uploads\/2018\/03\/1-4-150x84.jpg 150w\" sizes=\"(max-width: 5344px) 100vw, 5344px\" \/><\/p>\n","protected":false},"excerpt":{"rendered":"","protected":false},"author":18,"featured_media":0,"parent":0,"menu_order":0,"comment_status":"closed","ping_status":"closed","template":"","meta":{"footnotes":""},"class_list":["post-7751","page","type-page","status-publish","hentry"],"yoast_head":"<!-- This site is optimized with the Yoast SEO plugin v26.5 - https:\/\/yoast.com\/wordpress\/plugins\/seo\/ -->\n<title>Conselho Consultivo da Anac - Bras\u00edlia - 22 de mar\u00e7o de 2018 - Abesata<\/title>\n<meta name=\"robots\" content=\"index, follow, max-snippet:-1, max-image-preview:large, max-video-preview:-1\" \/>\n<link rel=\"canonical\" href=\"https:\/\/www.abesata.org\/br\/conselho-consultivo-da-anac-brasilia\/\" \/>\n<meta property=\"og:locale\" content=\"pt_BR\" \/>\n<meta property=\"og:type\" content=\"article\" \/>\n<meta property=\"og:title\" content=\"Conselho Consultivo da Anac - Bras\u00edlia - 22 de mar\u00e7o de 2018 - Abesata\" \/>\n<meta property=\"og:url\" content=\"https:\/\/www.abesata.org\/br\/conselho-consultivo-da-anac-brasilia\/\" \/>\n<meta property=\"og:site_name\" content=\"Abesata\" \/>\n<meta property=\"article:publisher\" content=\"https:\/\/www.facebook.com\/abesata.org\/\" \/>\n<meta property=\"article:modified_time\" content=\"2018-03-24T18:33:25+00:00\" \/>\n<meta property=\"og:image\" content=\"http:\/\/www.abesata.org\/br\/wp-content\/uploads\/2018\/03\/2-1.jpg\" \/>\n<meta name=\"twitter:card\" content=\"summary_large_image\" \/>\n<script type=\"application\/ld+json\" class=\"yoast-schema-graph\">{\"@context\":\"https:\/\/schema.org\",\"@graph\":[{\"@type\":\"WebPage\",\"@id\":\"https:\/\/www.abesata.org\/br\/conselho-consultivo-da-anac-brasilia\/\",\"url\":\"https:\/\/www.abesata.org\/br\/conselho-consultivo-da-anac-brasilia\/\",\"name\":\"Conselho Consultivo da Anac - Bras\u00edlia - 22 de mar\u00e7o de 2018 - Abesata\",\"isPartOf\":{\"@id\":\"https:\/\/www.abesata.org\/br\/#website\"},\"primaryImageOfPage\":{\"@id\":\"https:\/\/www.abesata.org\/br\/conselho-consultivo-da-anac-brasilia\/#primaryimage\"},\"image\":{\"@id\":\"https:\/\/www.abesata.org\/br\/conselho-consultivo-da-anac-brasilia\/#primaryimage\"},\"thumbnailUrl\":\"http:\/\/www.abesata.org\/br\/wp-content\/uploads\/2018\/03\/2-1.jpg\",\"datePublished\":\"2018-03-24T00:44:55+00:00\",\"dateModified\":\"2018-03-24T18:33:25+00:00\",\"breadcrumb\":{\"@id\":\"https:\/\/www.abesata.org\/br\/conselho-consultivo-da-anac-brasilia\/#breadcrumb\"},\"inLanguage\":\"pt-BR\",\"potentialAction\":[{\"@type\":\"ReadAction\",\"target\":[\"https:\/\/www.abesata.org\/br\/conselho-consultivo-da-anac-brasilia\/\"]}]},{\"@type\":\"ImageObject\",\"inLanguage\":\"pt-BR\",\"@id\":\"https:\/\/www.abesata.org\/br\/conselho-consultivo-da-anac-brasilia\/#primaryimage\",\"url\":\"http:\/\/www.abesata.org\/br\/wp-content\/uploads\/2018\/03\/2-1.jpg\",\"contentUrl\":\"http:\/\/www.abesata.org\/br\/wp-content\/uploads\/2018\/03\/2-1.jpg\"},{\"@type\":\"BreadcrumbList\",\"@id\":\"https:\/\/www.abesata.org\/br\/conselho-consultivo-da-anac-brasilia\/#breadcrumb\",\"itemListElement\":[{\"@type\":\"ListItem\",\"position\":1,\"name\":\"In\u00edcio\",\"item\":\"https:\/\/www.abesata.org\/br\/\"},{\"@type\":\"ListItem\",\"position\":2,\"name\":\"Conselho Consultivo da Anac &#8211; Bras\u00edlia &#8211; 22 de mar\u00e7o de 2018\"}]},{\"@type\":\"WebSite\",\"@id\":\"https:\/\/www.abesata.org\/br\/#website\",\"url\":\"https:\/\/www.abesata.org\/br\/\",\"name\":\"Abesata\",\"description\":\"Associa\u00e7\u00e3o Brasileira das Empresas de Servi\u00e7os Auxiliares de Transporte A\u00e9reo\",\"publisher\":{\"@id\":\"https:\/\/www.abesata.org\/br\/#organization\"},\"potentialAction\":[{\"@type\":\"SearchAction\",\"target\":{\"@type\":\"EntryPoint\",\"urlTemplate\":\"https:\/\/www.abesata.org\/br\/?s={search_term_string}\"},\"query-input\":{\"@type\":\"PropertyValueSpecification\",\"valueRequired\":true,\"valueName\":\"search_term_string\"}}],\"inLanguage\":\"pt-BR\"},{\"@type\":\"Organization\",\"@id\":\"https:\/\/www.abesata.org\/br\/#organization\",\"name\":\"Associa\u00e7\u00e3o Brasileira das Empresas de Servi\u00e7os Auxiliares de Transporte A\u00e9reo\",\"alternateName\":\"Abesata\",\"url\":\"https:\/\/www.abesata.org\/br\/\",\"logo\":{\"@type\":\"ImageObject\",\"inLanguage\":\"pt-BR\",\"@id\":\"https:\/\/www.abesata.org\/br\/#\/schema\/logo\/image\/\",\"url\":\"https:\/\/www.abesata.org\/br\/wp-content\/uploads\/2023\/10\/Abesata.png\",\"contentUrl\":\"https:\/\/www.abesata.org\/br\/wp-content\/uploads\/2023\/10\/Abesata.png\",\"width\":1063,\"height\":591,\"caption\":\"Associa\u00e7\u00e3o Brasileira das Empresas de Servi\u00e7os Auxiliares de Transporte A\u00e9reo\"},\"image\":{\"@id\":\"https:\/\/www.abesata.org\/br\/#\/schema\/logo\/image\/\"},\"sameAs\":[\"https:\/\/www.facebook.com\/abesata.org\/\",\"https:\/\/www.instagram.com\/abesata_gh\/\",\"https:\/\/br.linkedin.com\/company\/abesata\"]}]}<\/script>\n<!-- \/ Yoast SEO plugin. -->","yoast_head_json":{"title":"Conselho Consultivo da Anac - Bras\u00edlia - 22 de mar\u00e7o de 2018 - Abesata","robots":{"index":"index","follow":"follow","max-snippet":"max-snippet:-1","max-image-preview":"max-image-preview:large","max-video-preview":"max-video-preview:-1"},"canonical":"https:\/\/www.abesata.org\/br\/conselho-consultivo-da-anac-brasilia\/","og_locale":"pt_BR","og_type":"article","og_title":"Conselho Consultivo da Anac - Bras\u00edlia - 22 de mar\u00e7o de 2018 - Abesata","og_url":"https:\/\/www.abesata.org\/br\/conselho-consultivo-da-anac-brasilia\/","og_site_name":"Abesata","article_publisher":"https:\/\/www.facebook.com\/abesata.org\/","article_modified_time":"2018-03-24T18:33:25+00:00","og_image":[{"url":"http:\/\/www.abesata.org\/br\/wp-content\/uploads\/2018\/03\/2-1.jpg","type":"","width":"","height":""}],"twitter_card":"summary_large_image","schema":{"@context":"https:\/\/schema.org","@graph":[{"@type":"WebPage","@id":"https:\/\/www.abesata.org\/br\/conselho-consultivo-da-anac-brasilia\/","url":"https:\/\/www.abesata.org\/br\/conselho-consultivo-da-anac-brasilia\/","name":"Conselho Consultivo da Anac - Bras\u00edlia - 22 de mar\u00e7o de 2018 - Abesata","isPartOf":{"@id":"https:\/\/www.abesata.org\/br\/#website"},"primaryImageOfPage":{"@id":"https:\/\/www.abesata.org\/br\/conselho-consultivo-da-anac-brasilia\/#primaryimage"},"image":{"@id":"https:\/\/www.abesata.org\/br\/conselho-consultivo-da-anac-brasilia\/#primaryimage"},"thumbnailUrl":"http:\/\/www.abesata.org\/br\/wp-content\/uploads\/2018\/03\/2-1.jpg","datePublished":"2018-03-24T00:44:55+00:00","dateModified":"2018-03-24T18:33:25+00:00","breadcrumb":{"@id":"https:\/\/www.abesata.org\/br\/conselho-consultivo-da-anac-brasilia\/#breadcrumb"},"inLanguage":"pt-BR","potentialAction":[{"@type":"ReadAction","target":["https:\/\/www.abesata.org\/br\/conselho-consultivo-da-anac-brasilia\/"]}]},{"@type":"ImageObject","inLanguage":"pt-BR","@id":"https:\/\/www.abesata.org\/br\/conselho-consultivo-da-anac-brasilia\/#primaryimage","url":"http:\/\/www.abesata.org\/br\/wp-content\/uploads\/2018\/03\/2-1.jpg","contentUrl":"http:\/\/www.abesata.org\/br\/wp-content\/uploads\/2018\/03\/2-1.jpg"},{"@type":"BreadcrumbList","@id":"https:\/\/www.abesata.org\/br\/conselho-consultivo-da-anac-brasilia\/#breadcrumb","itemListElement":[{"@type":"ListItem","position":1,"name":"In\u00edcio","item":"https:\/\/www.abesata.org\/br\/"},{"@type":"ListItem","position":2,"name":"Conselho Consultivo da Anac &#8211; Bras\u00edlia &#8211; 22 de mar\u00e7o de 2018"}]},{"@type":"WebSite","@id":"https:\/\/www.abesata.org\/br\/#website","url":"https:\/\/www.abesata.org\/br\/","name":"Abesata","description":"Associa\u00e7\u00e3o Brasileira das Empresas de Servi\u00e7os Auxiliares de Transporte A\u00e9reo","publisher":{"@id":"https:\/\/www.abesata.org\/br\/#organization"},"potentialAction":[{"@type":"SearchAction","target":{"@type":"EntryPoint","urlTemplate":"https:\/\/www.abesata.org\/br\/?s={search_term_string}"},"query-input":{"@type":"PropertyValueSpecification","valueRequired":true,"valueName":"search_term_string"}}],"inLanguage":"pt-BR"},{"@type":"Organization","@id":"https:\/\/www.abesata.org\/br\/#organization","name":"Associa\u00e7\u00e3o Brasileira das Empresas de Servi\u00e7os Auxiliares de Transporte A\u00e9reo","alternateName":"Abesata","url":"https:\/\/www.abesata.org\/br\/","logo":{"@type":"ImageObject","inLanguage":"pt-BR","@id":"https:\/\/www.abesata.org\/br\/#\/schema\/logo\/image\/","url":"https:\/\/www.abesata.org\/br\/wp-content\/uploads\/2023\/10\/Abesata.png","contentUrl":"https:\/\/www.abesata.org\/br\/wp-content\/uploads\/2023\/10\/Abesata.png","width":1063,"height":591,"caption":"Associa\u00e7\u00e3o Brasileira das Empresas de Servi\u00e7os Auxiliares de Transporte A\u00e9reo"},"image":{"@id":"https:\/\/www.abesata.org\/br\/#\/schema\/logo\/image\/"},"sameAs":["https:\/\/www.facebook.com\/abesata.org\/","https:\/\/www.instagram.com\/abesata_gh\/","https:\/\/br.linkedin.com\/company\/abesata"]}]}},"_links":{"self":[{"href":"https:\/\/www.abesata.org\/br\/wp-json\/wp\/v2\/pages\/7751","targetHints":{"allow":["GET"]}}],"collection":[{"href":"https:\/\/www.abesata.org\/br\/wp-json\/wp\/v2\/pages"}],"about":[{"href":"https:\/\/www.abesata.org\/br\/wp-json\/wp\/v2\/types\/page"}],"author":[{"embeddable":true,"href":"https:\/\/www.abesata.org\/br\/wp-json\/wp\/v2\/users\/18"}],"replies":[{"embeddable":true,"href":"https:\/\/www.abesata.org\/br\/wp-json\/wp\/v2\/comments?post=7751"}],"version-history":[{"count":0,"href":"https:\/\/www.abesata.org\/br\/wp-json\/wp\/v2\/pages\/7751\/revisions"}],"wp:attachment":[{"href":"https:\/\/www.abesata.org\/br\/wp-json\/wp\/v2\/media?parent=7751"}],"curies":[{"name":"wp","href":"https:\/\/api.w.org\/{rel}","templated":true}]}}