{"id":8198,"date":"2018-07-09T12:38:21","date_gmt":"2018-07-09T12:38:21","guid":{"rendered":"http:\/\/www.abesata.org\/br\/?page_id=8198"},"modified":"2018-07-09T14:19:38","modified_gmt":"2018-07-09T14:19:38","slug":"2018-06-27-ghi-miami-invitation-to-collaborate","status":"publish","type":"page","link":"https:\/\/www.abesata.org\/br\/2018-06-27-ghi-miami-invitation-to-collaborate\/","title":{"rendered":"Ground Handling Conference &#8211; Miami &#8211; 27 Junho 2018"},"content":{"rendered":"<p><img fetchpriority=\"high\" decoding=\"async\" class=\"wp-image-8199 aligncenter\" src=\"https:\/\/www.abesata.org\/br\/wp-content\/uploads\/2018\/07\/1.jpg\" alt=\"\" width=\"618\" height=\"741\" srcset=\"https:\/\/www.abesata.org\/br\/wp-content\/uploads\/2018\/07\/1.jpg 2511w, https:\/\/www.abesata.org\/br\/wp-content\/uploads\/2018\/07\/1-250x300.jpg 250w, https:\/\/www.abesata.org\/br\/wp-content\/uploads\/2018\/07\/1-768x920.jpg 768w, https:\/\/www.abesata.org\/br\/wp-content\/uploads\/2018\/07\/1-855x1024.jpg 855w, https:\/\/www.abesata.org\/br\/wp-content\/uploads\/2018\/07\/1-125x150.jpg 125w\" sizes=\"(max-width: 618px) 100vw, 618px\" \/><\/p>\n<p><img decoding=\"async\" class=\"wp-image-8200 aligncenter\" src=\"https:\/\/www.abesata.org\/br\/wp-content\/uploads\/2018\/07\/2.jpg\" alt=\"\" width=\"631\" height=\"351\" srcset=\"https:\/\/www.abesata.org\/br\/wp-content\/uploads\/2018\/07\/2.jpg 2953w, https:\/\/www.abesata.org\/br\/wp-content\/uploads\/2018\/07\/2-300x167.jpg 300w, https:\/\/www.abesata.org\/br\/wp-content\/uploads\/2018\/07\/2-768x427.jpg 768w, https:\/\/www.abesata.org\/br\/wp-content\/uploads\/2018\/07\/2-1024x569.jpg 1024w, https:\/\/www.abesata.org\/br\/wp-content\/uploads\/2018\/07\/2-250x139.jpg 250w, https:\/\/www.abesata.org\/br\/wp-content\/uploads\/2018\/07\/2-150x83.jpg 150w\" sizes=\"(max-width: 631px) 100vw, 631px\" \/><\/p>\n<p style=\"text-align: center;\"><img decoding=\"async\" class=\"alignnone wp-image-8201\" src=\"https:\/\/www.abesata.org\/br\/wp-content\/uploads\/2018\/07\/3.jpg\" alt=\"\" width=\"636\" height=\"412\" srcset=\"https:\/\/www.abesata.org\/br\/wp-content\/uploads\/2018\/07\/3.jpg 2669w, https:\/\/www.abesata.org\/br\/wp-content\/uploads\/2018\/07\/3-300x194.jpg 300w, https:\/\/www.abesata.org\/br\/wp-content\/uploads\/2018\/07\/3-768x498.jpg 768w, https:\/\/www.abesata.org\/br\/wp-content\/uploads\/2018\/07\/3-1024x663.jpg 1024w, https:\/\/www.abesata.org\/br\/wp-content\/uploads\/2018\/07\/3-232x150.jpg 232w, https:\/\/www.abesata.org\/br\/wp-content\/uploads\/2018\/07\/3-150x97.jpg 150w\" sizes=\"(max-width: 636px) 100vw, 636px\" \/><\/p>\n<p style=\"text-align: center;\"><img loading=\"lazy\" decoding=\"async\" class=\"alignnone wp-image-8203\" src=\"https:\/\/www.abesata.org\/br\/wp-content\/uploads\/2018\/07\/4-1.jpg\" alt=\"\" width=\"638\" height=\"359\" srcset=\"https:\/\/www.abesata.org\/br\/wp-content\/uploads\/2018\/07\/4-1.jpg 5344w, https:\/\/www.abesata.org\/br\/wp-content\/uploads\/2018\/07\/4-1-300x169.jpg 300w, https:\/\/www.abesata.org\/br\/wp-content\/uploads\/2018\/07\/4-1-768x432.jpg 768w, https:\/\/www.abesata.org\/br\/wp-content\/uploads\/2018\/07\/4-1-1024x576.jpg 1024w, https:\/\/www.abesata.org\/br\/wp-content\/uploads\/2018\/07\/4-1-250x141.jpg 250w, https:\/\/www.abesata.org\/br\/wp-content\/uploads\/2018\/07\/4-1-150x84.jpg 150w\" sizes=\"(max-width: 638px) 100vw, 638px\" \/><\/p>\n<p style=\"text-align: center;\"><img loading=\"lazy\" decoding=\"async\" class=\"alignnone wp-image-8238\" src=\"https:\/\/www.abesata.org\/br\/wp-content\/uploads\/2018\/07\/5-1.jpg\" alt=\"\" width=\"646\" height=\"411\" srcset=\"https:\/\/www.abesata.org\/br\/wp-content\/uploads\/2018\/07\/5-1.jpg 2597w, https:\/\/www.abesata.org\/br\/wp-content\/uploads\/2018\/07\/5-1-300x191.jpg 300w, https:\/\/www.abesata.org\/br\/wp-content\/uploads\/2018\/07\/5-1-768x489.jpg 768w, https:\/\/www.abesata.org\/br\/wp-content\/uploads\/2018\/07\/5-1-1024x652.jpg 1024w, https:\/\/www.abesata.org\/br\/wp-content\/uploads\/2018\/07\/5-1-236x150.jpg 236w, https:\/\/www.abesata.org\/br\/wp-content\/uploads\/2018\/07\/5-1-150x95.jpg 150w\" sizes=\"(max-width: 646px) 100vw, 646px\" \/><\/p>\n<p style=\"text-align: center;\"><img loading=\"lazy\" decoding=\"async\" class=\"alignnone wp-image-8205\" src=\"https:\/\/www.abesata.org\/br\/wp-content\/uploads\/2018\/07\/6.jpg\" alt=\"\" width=\"641\" height=\"481\" srcset=\"https:\/\/www.abesata.org\/br\/wp-content\/uploads\/2018\/07\/6.jpg 4032w, https:\/\/www.abesata.org\/br\/wp-content\/uploads\/2018\/07\/6-300x225.jpg 300w, https:\/\/www.abesata.org\/br\/wp-content\/uploads\/2018\/07\/6-768x576.jpg 768w, https:\/\/www.abesata.org\/br\/wp-content\/uploads\/2018\/07\/6-1024x768.jpg 1024w, https:\/\/www.abesata.org\/br\/wp-content\/uploads\/2018\/07\/6-200x150.jpg 200w, https:\/\/www.abesata.org\/br\/wp-content\/uploads\/2018\/07\/6-150x113.jpg 150w\" sizes=\"(max-width: 641px) 100vw, 641px\" \/><\/p>\n<p style=\"text-align: center;\"><img loading=\"lazy\" decoding=\"async\" class=\"alignnone wp-image-8206\" src=\"https:\/\/www.abesata.org\/br\/wp-content\/uploads\/2018\/07\/7.jpg\" alt=\"\" width=\"651\" height=\"434\" srcset=\"https:\/\/www.abesata.org\/br\/wp-content\/uploads\/2018\/07\/7.jpg 1080w, https:\/\/www.abesata.org\/br\/wp-content\/uploads\/2018\/07\/7-300x200.jpg 300w, https:\/\/www.abesata.org\/br\/wp-content\/uploads\/2018\/07\/7-768x511.jpg 768w, https:\/\/www.abesata.org\/br\/wp-content\/uploads\/2018\/07\/7-1024x682.jpg 1024w, https:\/\/www.abesata.org\/br\/wp-content\/uploads\/2018\/07\/7-225x150.jpg 225w, https:\/\/www.abesata.org\/br\/wp-content\/uploads\/2018\/07\/7-150x100.jpg 150w\" sizes=\"(max-width: 651px) 100vw, 651px\" \/><\/p>\n<p style=\"text-align: center;\"><img loading=\"lazy\" decoding=\"async\" class=\"alignnone wp-image-8207\" src=\"https:\/\/www.abesata.org\/br\/wp-content\/uploads\/2018\/07\/8.jpg\" alt=\"\" width=\"652\" height=\"433\" srcset=\"https:\/\/www.abesata.org\/br\/wp-content\/uploads\/2018\/07\/8.jpg 1080w, https:\/\/www.abesata.org\/br\/wp-content\/uploads\/2018\/07\/8-300x200.jpg 300w, https:\/\/www.abesata.org\/br\/wp-content\/uploads\/2018\/07\/8-768x511.jpg 768w, https:\/\/www.abesata.org\/br\/wp-content\/uploads\/2018\/07\/8-1024x682.jpg 1024w, https:\/\/www.abesata.org\/br\/wp-content\/uploads\/2018\/07\/8-225x150.jpg 225w, https:\/\/www.abesata.org\/br\/wp-content\/uploads\/2018\/07\/8-150x100.jpg 150w\" sizes=\"(max-width: 652px) 100vw, 652px\" \/><\/p>\n<p style=\"text-align: center;\"><img loading=\"lazy\" decoding=\"async\" class=\"alignnone size-full wp-image-8208\" src=\"https:\/\/www.abesata.org\/br\/wp-content\/uploads\/2018\/07\/9.jpg\" alt=\"\" width=\"654\" height=\"460\" srcset=\"https:\/\/www.abesata.org\/br\/wp-content\/uploads\/2018\/07\/9.jpg 654w, https:\/\/www.abesata.org\/br\/wp-content\/uploads\/2018\/07\/9-300x211.jpg 300w, https:\/\/www.abesata.org\/br\/wp-content\/uploads\/2018\/07\/9-213x150.jpg 213w, https:\/\/www.abesata.org\/br\/wp-content\/uploads\/2018\/07\/9-150x106.jpg 150w\" sizes=\"(max-width: 654px) 100vw, 654px\" \/><\/p>\n<p style=\"text-align: center;\"><img loading=\"lazy\" decoding=\"async\" class=\"alignnone wp-image-8209\" src=\"https:\/\/www.abesata.org\/br\/wp-content\/uploads\/2018\/07\/10.jpg\" alt=\"\" width=\"668\" height=\"445\" srcset=\"https:\/\/www.abesata.org\/br\/wp-content\/uploads\/2018\/07\/10.jpg 1080w, https:\/\/www.abesata.org\/br\/wp-content\/uploads\/2018\/07\/10-300x200.jpg 300w, https:\/\/www.abesata.org\/br\/wp-content\/uploads\/2018\/07\/10-768x511.jpg 768w, https:\/\/www.abesata.org\/br\/wp-content\/uploads\/2018\/07\/10-1024x682.jpg 1024w, https:\/\/www.abesata.org\/br\/wp-content\/uploads\/2018\/07\/10-225x150.jpg 225w, https:\/\/www.abesata.org\/br\/wp-content\/uploads\/2018\/07\/10-150x100.jpg 150w\" sizes=\"(max-width: 668px) 100vw, 668px\" \/><\/p>\n<p style=\"text-align: center;\"><img loading=\"lazy\" decoding=\"async\" class=\"alignnone wp-image-8210\" src=\"https:\/\/www.abesata.org\/br\/wp-content\/uploads\/2018\/07\/11.jpg\" alt=\"\" width=\"713\" height=\"474\" srcset=\"https:\/\/www.abesata.org\/br\/wp-content\/uploads\/2018\/07\/11.jpg 1080w, https:\/\/www.abesata.org\/br\/wp-content\/uploads\/2018\/07\/11-300x200.jpg 300w, https:\/\/www.abesata.org\/br\/wp-content\/uploads\/2018\/07\/11-768x511.jpg 768w, https:\/\/www.abesata.org\/br\/wp-content\/uploads\/2018\/07\/11-1024x682.jpg 1024w, https:\/\/www.abesata.org\/br\/wp-content\/uploads\/2018\/07\/11-225x150.jpg 225w, https:\/\/www.abesata.org\/br\/wp-content\/uploads\/2018\/07\/11-150x100.jpg 150w\" sizes=\"(max-width: 713px) 100vw, 713px\" \/><\/p>\n<p style=\"text-align: center;\"><img loading=\"lazy\" decoding=\"async\" class=\"alignnone wp-image-8211\" src=\"https:\/\/www.abesata.org\/br\/wp-content\/uploads\/2018\/07\/12.jpg\" alt=\"\" width=\"715\" height=\"476\" srcset=\"https:\/\/www.abesata.org\/br\/wp-content\/uploads\/2018\/07\/12.jpg 1080w, https:\/\/www.abesata.org\/br\/wp-content\/uploads\/2018\/07\/12-300x200.jpg 300w, https:\/\/www.abesata.org\/br\/wp-content\/uploads\/2018\/07\/12-768x511.jpg 768w, https:\/\/www.abesata.org\/br\/wp-content\/uploads\/2018\/07\/12-1024x682.jpg 1024w, https:\/\/www.abesata.org\/br\/wp-content\/uploads\/2018\/07\/12-225x150.jpg 225w, https:\/\/www.abesata.org\/br\/wp-content\/uploads\/2018\/07\/12-150x100.jpg 150w\" sizes=\"(max-width: 715px) 100vw, 715px\" \/><\/p>\n<p style=\"text-align: center;\"><img loading=\"lazy\" decoding=\"async\" class=\"alignnone wp-image-8235\" src=\"https:\/\/www.abesata.org\/br\/wp-content\/uploads\/2018\/07\/13-1.jpg\" alt=\"\" width=\"719\" height=\"598\" srcset=\"https:\/\/www.abesata.org\/br\/wp-content\/uploads\/2018\/07\/13-1.jpg 3244w, https:\/\/www.abesata.org\/br\/wp-content\/uploads\/2018\/07\/13-1-300x249.jpg 300w, https:\/\/www.abesata.org\/br\/wp-content\/uploads\/2018\/07\/13-1-768x638.jpg 768w, https:\/\/www.abesata.org\/br\/wp-content\/uploads\/2018\/07\/13-1-1024x851.jpg 1024w, https:\/\/www.abesata.org\/br\/wp-content\/uploads\/2018\/07\/13-1-180x150.jpg 180w, https:\/\/www.abesata.org\/br\/wp-content\/uploads\/2018\/07\/13-1-150x125.jpg 150w\" sizes=\"(max-width: 719px) 100vw, 719px\" \/><\/p>\n<p style=\"text-align: center;\">&nbsp;<\/p>\n<p>&nbsp;<\/p>\n","protected":false},"excerpt":{"rendered":"<p>&nbsp; &nbsp;<\/p>\n","protected":false},"author":18,"featured_media":0,"parent":0,"menu_order":0,"comment_status":"closed","ping_status":"closed","template":"templates\/template-onecolumn.php","meta":{"footnotes":""},"class_list":["post-8198","page","type-page","status-publish","hentry"],"yoast_head":"<!-- This site is optimized with the Yoast SEO plugin v26.5 - https:\/\/yoast.com\/wordpress\/plugins\/seo\/ -->\n<title>Ground Handling Conference - Miami - 27 Junho 2018 - Abesata<\/title>\n<meta name=\"robots\" content=\"index, follow, max-snippet:-1, max-image-preview:large, max-video-preview:-1\" \/>\n<link rel=\"canonical\" href=\"https:\/\/www.abesata.org\/br\/2018-06-27-ghi-miami-invitation-to-collaborate\/\" \/>\n<meta property=\"og:locale\" content=\"pt_BR\" \/>\n<meta property=\"og:type\" content=\"article\" \/>\n<meta property=\"og:title\" content=\"Ground Handling Conference - Miami - 27 Junho 2018 - Abesata\" \/>\n<meta property=\"og:description\" content=\"&nbsp; &nbsp;\" \/>\n<meta property=\"og:url\" content=\"https:\/\/www.abesata.org\/br\/2018-06-27-ghi-miami-invitation-to-collaborate\/\" \/>\n<meta property=\"og:site_name\" content=\"Abesata\" \/>\n<meta property=\"article:publisher\" content=\"https:\/\/www.facebook.com\/abesata.org\/\" \/>\n<meta property=\"article:modified_time\" content=\"2018-07-09T14:19:38+00:00\" \/>\n<meta property=\"og:image\" content=\"http:\/\/www.abesata.org\/br\/wp-content\/uploads\/2018\/07\/1.jpg\" \/>\n<meta name=\"twitter:card\" content=\"summary_large_image\" \/>\n<script type=\"application\/ld+json\" class=\"yoast-schema-graph\">{\"@context\":\"https:\/\/schema.org\",\"@graph\":[{\"@type\":\"WebPage\",\"@id\":\"https:\/\/www.abesata.org\/br\/2018-06-27-ghi-miami-invitation-to-collaborate\/\",\"url\":\"https:\/\/www.abesata.org\/br\/2018-06-27-ghi-miami-invitation-to-collaborate\/\",\"name\":\"Ground Handling Conference - Miami - 27 Junho 2018 - Abesata\",\"isPartOf\":{\"@id\":\"https:\/\/www.abesata.org\/br\/#website\"},\"primaryImageOfPage\":{\"@id\":\"https:\/\/www.abesata.org\/br\/2018-06-27-ghi-miami-invitation-to-collaborate\/#primaryimage\"},\"image\":{\"@id\":\"https:\/\/www.abesata.org\/br\/2018-06-27-ghi-miami-invitation-to-collaborate\/#primaryimage\"},\"thumbnailUrl\":\"http:\/\/www.abesata.org\/br\/wp-content\/uploads\/2018\/07\/1.jpg\",\"datePublished\":\"2018-07-09T12:38:21+00:00\",\"dateModified\":\"2018-07-09T14:19:38+00:00\",\"breadcrumb\":{\"@id\":\"https:\/\/www.abesata.org\/br\/2018-06-27-ghi-miami-invitation-to-collaborate\/#breadcrumb\"},\"inLanguage\":\"pt-BR\",\"potentialAction\":[{\"@type\":\"ReadAction\",\"target\":[\"https:\/\/www.abesata.org\/br\/2018-06-27-ghi-miami-invitation-to-collaborate\/\"]}]},{\"@type\":\"ImageObject\",\"inLanguage\":\"pt-BR\",\"@id\":\"https:\/\/www.abesata.org\/br\/2018-06-27-ghi-miami-invitation-to-collaborate\/#primaryimage\",\"url\":\"http:\/\/www.abesata.org\/br\/wp-content\/uploads\/2018\/07\/1.jpg\",\"contentUrl\":\"http:\/\/www.abesata.org\/br\/wp-content\/uploads\/2018\/07\/1.jpg\"},{\"@type\":\"BreadcrumbList\",\"@id\":\"https:\/\/www.abesata.org\/br\/2018-06-27-ghi-miami-invitation-to-collaborate\/#breadcrumb\",\"itemListElement\":[{\"@type\":\"ListItem\",\"position\":1,\"name\":\"In\u00edcio\",\"item\":\"https:\/\/www.abesata.org\/br\/\"},{\"@type\":\"ListItem\",\"position\":2,\"name\":\"Ground Handling Conference &#8211; Miami &#8211; 27 Junho 2018\"}]},{\"@type\":\"WebSite\",\"@id\":\"https:\/\/www.abesata.org\/br\/#website\",\"url\":\"https:\/\/www.abesata.org\/br\/\",\"name\":\"Abesata\",\"description\":\"Associa\u00e7\u00e3o Brasileira das Empresas de Servi\u00e7os Auxiliares de Transporte A\u00e9reo\",\"publisher\":{\"@id\":\"https:\/\/www.abesata.org\/br\/#organization\"},\"potentialAction\":[{\"@type\":\"SearchAction\",\"target\":{\"@type\":\"EntryPoint\",\"urlTemplate\":\"https:\/\/www.abesata.org\/br\/?s={search_term_string}\"},\"query-input\":{\"@type\":\"PropertyValueSpecification\",\"valueRequired\":true,\"valueName\":\"search_term_string\"}}],\"inLanguage\":\"pt-BR\"},{\"@type\":\"Organization\",\"@id\":\"https:\/\/www.abesata.org\/br\/#organization\",\"name\":\"Associa\u00e7\u00e3o Brasileira das Empresas de Servi\u00e7os Auxiliares de Transporte A\u00e9reo\",\"alternateName\":\"Abesata\",\"url\":\"https:\/\/www.abesata.org\/br\/\",\"logo\":{\"@type\":\"ImageObject\",\"inLanguage\":\"pt-BR\",\"@id\":\"https:\/\/www.abesata.org\/br\/#\/schema\/logo\/image\/\",\"url\":\"https:\/\/www.abesata.org\/br\/wp-content\/uploads\/2023\/10\/Abesata.png\",\"contentUrl\":\"https:\/\/www.abesata.org\/br\/wp-content\/uploads\/2023\/10\/Abesata.png\",\"width\":1063,\"height\":591,\"caption\":\"Associa\u00e7\u00e3o Brasileira das Empresas de Servi\u00e7os Auxiliares de Transporte A\u00e9reo\"},\"image\":{\"@id\":\"https:\/\/www.abesata.org\/br\/#\/schema\/logo\/image\/\"},\"sameAs\":[\"https:\/\/www.facebook.com\/abesata.org\/\",\"https:\/\/www.instagram.com\/abesata_gh\/\",\"https:\/\/br.linkedin.com\/company\/abesata\"]}]}<\/script>\n<!-- \/ Yoast SEO plugin. -->","yoast_head_json":{"title":"Ground Handling Conference - Miami - 27 Junho 2018 - Abesata","robots":{"index":"index","follow":"follow","max-snippet":"max-snippet:-1","max-image-preview":"max-image-preview:large","max-video-preview":"max-video-preview:-1"},"canonical":"https:\/\/www.abesata.org\/br\/2018-06-27-ghi-miami-invitation-to-collaborate\/","og_locale":"pt_BR","og_type":"article","og_title":"Ground Handling Conference - Miami - 27 Junho 2018 - Abesata","og_description":"&nbsp; &nbsp;","og_url":"https:\/\/www.abesata.org\/br\/2018-06-27-ghi-miami-invitation-to-collaborate\/","og_site_name":"Abesata","article_publisher":"https:\/\/www.facebook.com\/abesata.org\/","article_modified_time":"2018-07-09T14:19:38+00:00","og_image":[{"url":"http:\/\/www.abesata.org\/br\/wp-content\/uploads\/2018\/07\/1.jpg","type":"","width":"","height":""}],"twitter_card":"summary_large_image","schema":{"@context":"https:\/\/schema.org","@graph":[{"@type":"WebPage","@id":"https:\/\/www.abesata.org\/br\/2018-06-27-ghi-miami-invitation-to-collaborate\/","url":"https:\/\/www.abesata.org\/br\/2018-06-27-ghi-miami-invitation-to-collaborate\/","name":"Ground Handling Conference - Miami - 27 Junho 2018 - Abesata","isPartOf":{"@id":"https:\/\/www.abesata.org\/br\/#website"},"primaryImageOfPage":{"@id":"https:\/\/www.abesata.org\/br\/2018-06-27-ghi-miami-invitation-to-collaborate\/#primaryimage"},"image":{"@id":"https:\/\/www.abesata.org\/br\/2018-06-27-ghi-miami-invitation-to-collaborate\/#primaryimage"},"thumbnailUrl":"http:\/\/www.abesata.org\/br\/wp-content\/uploads\/2018\/07\/1.jpg","datePublished":"2018-07-09T12:38:21+00:00","dateModified":"2018-07-09T14:19:38+00:00","breadcrumb":{"@id":"https:\/\/www.abesata.org\/br\/2018-06-27-ghi-miami-invitation-to-collaborate\/#breadcrumb"},"inLanguage":"pt-BR","potentialAction":[{"@type":"ReadAction","target":["https:\/\/www.abesata.org\/br\/2018-06-27-ghi-miami-invitation-to-collaborate\/"]}]},{"@type":"ImageObject","inLanguage":"pt-BR","@id":"https:\/\/www.abesata.org\/br\/2018-06-27-ghi-miami-invitation-to-collaborate\/#primaryimage","url":"http:\/\/www.abesata.org\/br\/wp-content\/uploads\/2018\/07\/1.jpg","contentUrl":"http:\/\/www.abesata.org\/br\/wp-content\/uploads\/2018\/07\/1.jpg"},{"@type":"BreadcrumbList","@id":"https:\/\/www.abesata.org\/br\/2018-06-27-ghi-miami-invitation-to-collaborate\/#breadcrumb","itemListElement":[{"@type":"ListItem","position":1,"name":"In\u00edcio","item":"https:\/\/www.abesata.org\/br\/"},{"@type":"ListItem","position":2,"name":"Ground Handling Conference &#8211; Miami &#8211; 27 Junho 2018"}]},{"@type":"WebSite","@id":"https:\/\/www.abesata.org\/br\/#website","url":"https:\/\/www.abesata.org\/br\/","name":"Abesata","description":"Associa\u00e7\u00e3o Brasileira das Empresas de Servi\u00e7os Auxiliares de Transporte A\u00e9reo","publisher":{"@id":"https:\/\/www.abesata.org\/br\/#organization"},"potentialAction":[{"@type":"SearchAction","target":{"@type":"EntryPoint","urlTemplate":"https:\/\/www.abesata.org\/br\/?s={search_term_string}"},"query-input":{"@type":"PropertyValueSpecification","valueRequired":true,"valueName":"search_term_string"}}],"inLanguage":"pt-BR"},{"@type":"Organization","@id":"https:\/\/www.abesata.org\/br\/#organization","name":"Associa\u00e7\u00e3o Brasileira das Empresas de Servi\u00e7os Auxiliares de Transporte A\u00e9reo","alternateName":"Abesata","url":"https:\/\/www.abesata.org\/br\/","logo":{"@type":"ImageObject","inLanguage":"pt-BR","@id":"https:\/\/www.abesata.org\/br\/#\/schema\/logo\/image\/","url":"https:\/\/www.abesata.org\/br\/wp-content\/uploads\/2023\/10\/Abesata.png","contentUrl":"https:\/\/www.abesata.org\/br\/wp-content\/uploads\/2023\/10\/Abesata.png","width":1063,"height":591,"caption":"Associa\u00e7\u00e3o Brasileira das Empresas de Servi\u00e7os Auxiliares de Transporte A\u00e9reo"},"image":{"@id":"https:\/\/www.abesata.org\/br\/#\/schema\/logo\/image\/"},"sameAs":["https:\/\/www.facebook.com\/abesata.org\/","https:\/\/www.instagram.com\/abesata_gh\/","https:\/\/br.linkedin.com\/company\/abesata"]}]}},"_links":{"self":[{"href":"https:\/\/www.abesata.org\/br\/wp-json\/wp\/v2\/pages\/8198","targetHints":{"allow":["GET"]}}],"collection":[{"href":"https:\/\/www.abesata.org\/br\/wp-json\/wp\/v2\/pages"}],"about":[{"href":"https:\/\/www.abesata.org\/br\/wp-json\/wp\/v2\/types\/page"}],"author":[{"embeddable":true,"href":"https:\/\/www.abesata.org\/br\/wp-json\/wp\/v2\/users\/18"}],"replies":[{"embeddable":true,"href":"https:\/\/www.abesata.org\/br\/wp-json\/wp\/v2\/comments?post=8198"}],"version-history":[{"count":0,"href":"https:\/\/www.abesata.org\/br\/wp-json\/wp\/v2\/pages\/8198\/revisions"}],"wp:attachment":[{"href":"https:\/\/www.abesata.org\/br\/wp-json\/wp\/v2\/media?parent=8198"}],"curies":[{"name":"wp","href":"https:\/\/api.w.org\/{rel}","templated":true}]}}