{"id":8357,"date":"2018-08-24T12:30:29","date_gmt":"2018-08-24T12:30:29","guid":{"rendered":"http:\/\/www.abesata.org\/br\/?page_id=8357"},"modified":"2018-08-24T12:30:29","modified_gmt":"2018-08-24T12:30:29","slug":"labace-feira-de-aviacao-congonhas-sp-14-e-15-ago-2018","status":"publish","type":"page","link":"https:\/\/www.abesata.org\/br\/labace-feira-de-aviacao-congonhas-sp-14-e-15-ago-2018\/","title":{"rendered":"LABACE &#8211; Feira de Avia\u00e7\u00e3o &#8211; Congonhas SP &#8211; 14 e 15 ago.2018"},"content":{"rendered":"<p><img fetchpriority=\"high\" decoding=\"async\" class=\"alignnone size-full wp-image-8358\" src=\"https:\/\/www.abesata.org\/br\/wp-content\/uploads\/2018\/08\/1-ACC_Panorama_LABACE2.jpg\" alt=\"\" width=\"3543\" height=\"1562\" srcset=\"https:\/\/www.abesata.org\/br\/wp-content\/uploads\/2018\/08\/1-ACC_Panorama_LABACE2.jpg 3543w, https:\/\/www.abesata.org\/br\/wp-content\/uploads\/2018\/08\/1-ACC_Panorama_LABACE2-300x132.jpg 300w, https:\/\/www.abesata.org\/br\/wp-content\/uploads\/2018\/08\/1-ACC_Panorama_LABACE2-768x339.jpg 768w, https:\/\/www.abesata.org\/br\/wp-content\/uploads\/2018\/08\/1-ACC_Panorama_LABACE2-1024x451.jpg 1024w, https:\/\/www.abesata.org\/br\/wp-content\/uploads\/2018\/08\/1-ACC_Panorama_LABACE2-250x110.jpg 250w, https:\/\/www.abesata.org\/br\/wp-content\/uploads\/2018\/08\/1-ACC_Panorama_LABACE2-150x66.jpg 150w\" sizes=\"(max-width: 3543px) 100vw, 3543px\" \/><\/p>\n<p><img decoding=\"async\" class=\"alignnone size-full wp-image-8359\" src=\"https:\/\/www.abesata.org\/br\/wp-content\/uploads\/2018\/08\/2_LOF0020.jpg\" alt=\"\" width=\"3680\" height=\"2456\" srcset=\"https:\/\/www.abesata.org\/br\/wp-content\/uploads\/2018\/08\/2_LOF0020.jpg 3680w, https:\/\/www.abesata.org\/br\/wp-content\/uploads\/2018\/08\/2_LOF0020-300x200.jpg 300w, https:\/\/www.abesata.org\/br\/wp-content\/uploads\/2018\/08\/2_LOF0020-768x513.jpg 768w, https:\/\/www.abesata.org\/br\/wp-content\/uploads\/2018\/08\/2_LOF0020-1024x683.jpg 1024w, https:\/\/www.abesata.org\/br\/wp-content\/uploads\/2018\/08\/2_LOF0020-225x150.jpg 225w, https:\/\/www.abesata.org\/br\/wp-content\/uploads\/2018\/08\/2_LOF0020-150x100.jpg 150w\" sizes=\"(max-width: 3680px) 100vw, 3680px\" \/><\/p>\n<p><img decoding=\"async\" class=\"alignnone size-full wp-image-8360\" src=\"https:\/\/www.abesata.org\/br\/wp-content\/uploads\/2018\/08\/3_LOF9397.jpg\" alt=\"\" width=\"3680\" height=\"2456\" srcset=\"https:\/\/www.abesata.org\/br\/wp-content\/uploads\/2018\/08\/3_LOF9397.jpg 3680w, https:\/\/www.abesata.org\/br\/wp-content\/uploads\/2018\/08\/3_LOF9397-300x200.jpg 300w, https:\/\/www.abesata.org\/br\/wp-content\/uploads\/2018\/08\/3_LOF9397-768x513.jpg 768w, https:\/\/www.abesata.org\/br\/wp-content\/uploads\/2018\/08\/3_LOF9397-1024x683.jpg 1024w, https:\/\/www.abesata.org\/br\/wp-content\/uploads\/2018\/08\/3_LOF9397-225x150.jpg 225w, https:\/\/www.abesata.org\/br\/wp-content\/uploads\/2018\/08\/3_LOF9397-150x100.jpg 150w\" sizes=\"(max-width: 3680px) 100vw, 3680px\" \/><\/p>\n<p><img loading=\"lazy\" decoding=\"async\" class=\"alignnone size-full wp-image-8362\" src=\"https:\/\/www.abesata.org\/br\/wp-content\/uploads\/2018\/08\/4_LOF9334-1.jpg\" alt=\"\" width=\"2456\" height=\"3680\" srcset=\"https:\/\/www.abesata.org\/br\/wp-content\/uploads\/2018\/08\/4_LOF9334-1.jpg 2456w, https:\/\/www.abesata.org\/br\/wp-content\/uploads\/2018\/08\/4_LOF9334-1-200x300.jpg 200w, https:\/\/www.abesata.org\/br\/wp-content\/uploads\/2018\/08\/4_LOF9334-1-768x1151.jpg 768w, https:\/\/www.abesata.org\/br\/wp-content\/uploads\/2018\/08\/4_LOF9334-1-683x1024.jpg 683w, https:\/\/www.abesata.org\/br\/wp-content\/uploads\/2018\/08\/4_LOF9334-1-100x150.jpg 100w\" sizes=\"(max-width: 2456px) 100vw, 2456px\" \/><\/p>\n<p><img loading=\"lazy\" decoding=\"async\" class=\"alignnone size-full wp-image-8363\" src=\"https:\/\/www.abesata.org\/br\/wp-content\/uploads\/2018\/08\/5-IMG_2400-e1535113626537.jpg\" alt=\"\" width=\"1512\" height=\"2016\" srcset=\"https:\/\/www.abesata.org\/br\/wp-content\/uploads\/2018\/08\/5-IMG_2400-e1535113626537.jpg 1512w, https:\/\/www.abesata.org\/br\/wp-content\/uploads\/2018\/08\/5-IMG_2400-e1535113626537-225x300.jpg 225w, https:\/\/www.abesata.org\/br\/wp-content\/uploads\/2018\/08\/5-IMG_2400-e1535113626537-768x1024.jpg 768w, https:\/\/www.abesata.org\/br\/wp-content\/uploads\/2018\/08\/5-IMG_2400-e1535113626537-113x150.jpg 113w\" sizes=\"(max-width: 1512px) 100vw, 1512px\" \/><\/p>\n<p><img loading=\"lazy\" decoding=\"async\" class=\"alignnone size-full wp-image-8364\" src=\"https:\/\/www.abesata.org\/br\/wp-content\/uploads\/2018\/08\/6-20180814_105952.jpg\" alt=\"\" width=\"4128\" height=\"2322\" srcset=\"https:\/\/www.abesata.org\/br\/wp-content\/uploads\/2018\/08\/6-20180814_105952.jpg 4128w, https:\/\/www.abesata.org\/br\/wp-content\/uploads\/2018\/08\/6-20180814_105952-300x169.jpg 300w, https:\/\/www.abesata.org\/br\/wp-content\/uploads\/2018\/08\/6-20180814_105952-768x432.jpg 768w, https:\/\/www.abesata.org\/br\/wp-content\/uploads\/2018\/08\/6-20180814_105952-1024x576.jpg 1024w, https:\/\/www.abesata.org\/br\/wp-content\/uploads\/2018\/08\/6-20180814_105952-250x141.jpg 250w, https:\/\/www.abesata.org\/br\/wp-content\/uploads\/2018\/08\/6-20180814_105952-150x84.jpg 150w\" sizes=\"(max-width: 4128px) 100vw, 4128px\" \/> <img loading=\"lazy\" decoding=\"async\" class=\"alignnone size-full wp-image-8365\" src=\"https:\/\/www.abesata.org\/br\/wp-content\/uploads\/2018\/08\/7-IMG_2411.jpg\" alt=\"\" width=\"2016\" height=\"1512\" srcset=\"https:\/\/www.abesata.org\/br\/wp-content\/uploads\/2018\/08\/7-IMG_2411.jpg 2016w, https:\/\/www.abesata.org\/br\/wp-content\/uploads\/2018\/08\/7-IMG_2411-300x225.jpg 300w, https:\/\/www.abesata.org\/br\/wp-content\/uploads\/2018\/08\/7-IMG_2411-768x576.jpg 768w, https:\/\/www.abesata.org\/br\/wp-content\/uploads\/2018\/08\/7-IMG_2411-1024x768.jpg 1024w, https:\/\/www.abesata.org\/br\/wp-content\/uploads\/2018\/08\/7-IMG_2411-200x150.jpg 200w, https:\/\/www.abesata.org\/br\/wp-content\/uploads\/2018\/08\/7-IMG_2411-150x113.jpg 150w\" sizes=\"(max-width: 2016px) 100vw, 2016px\" \/> <img loading=\"lazy\" decoding=\"async\" class=\"alignnone size-full wp-image-8366\" src=\"https:\/\/www.abesata.org\/br\/wp-content\/uploads\/2018\/08\/8-20180814_113420.jpg\" alt=\"\" width=\"4128\" height=\"2322\" srcset=\"https:\/\/www.abesata.org\/br\/wp-content\/uploads\/2018\/08\/8-20180814_113420.jpg 4128w, https:\/\/www.abesata.org\/br\/wp-content\/uploads\/2018\/08\/8-20180814_113420-300x169.jpg 300w, https:\/\/www.abesata.org\/br\/wp-content\/uploads\/2018\/08\/8-20180814_113420-768x432.jpg 768w, https:\/\/www.abesata.org\/br\/wp-content\/uploads\/2018\/08\/8-20180814_113420-1024x576.jpg 1024w, https:\/\/www.abesata.org\/br\/wp-content\/uploads\/2018\/08\/8-20180814_113420-250x141.jpg 250w, https:\/\/www.abesata.org\/br\/wp-content\/uploads\/2018\/08\/8-20180814_113420-150x84.jpg 150w\" sizes=\"(max-width: 4128px) 100vw, 4128px\" \/> <img loading=\"lazy\" decoding=\"async\" class=\"alignnone wp-image-8367 size-full\" src=\"https:\/\/www.abesata.org\/br\/wp-content\/uploads\/2018\/08\/9-IMG_2414-e1535113821789.jpg\" alt=\"\" width=\"1544\" height=\"1160\" srcset=\"https:\/\/www.abesata.org\/br\/wp-content\/uploads\/2018\/08\/9-IMG_2414-e1535113821789.jpg 1544w, https:\/\/www.abesata.org\/br\/wp-content\/uploads\/2018\/08\/9-IMG_2414-e1535113821789-300x225.jpg 300w, https:\/\/www.abesata.org\/br\/wp-content\/uploads\/2018\/08\/9-IMG_2414-e1535113821789-768x577.jpg 768w, https:\/\/www.abesata.org\/br\/wp-content\/uploads\/2018\/08\/9-IMG_2414-e1535113821789-1024x769.jpg 1024w, https:\/\/www.abesata.org\/br\/wp-content\/uploads\/2018\/08\/9-IMG_2414-e1535113821789-200x150.jpg 200w, https:\/\/www.abesata.org\/br\/wp-content\/uploads\/2018\/08\/9-IMG_2414-e1535113821789-150x113.jpg 150w\" sizes=\"(max-width: 1544px) 100vw, 1544px\" \/> <img loading=\"lazy\" decoding=\"async\" class=\"alignnone size-full wp-image-8368\" src=\"https:\/\/www.abesata.org\/br\/wp-content\/uploads\/2018\/08\/10-Le\u00f4nidas.jpg\" alt=\"\" width=\"3313\" height=\"2116\" srcset=\"https:\/\/www.abesata.org\/br\/wp-content\/uploads\/2018\/08\/10-Le\u00f4nidas.jpg 3313w, https:\/\/www.abesata.org\/br\/wp-content\/uploads\/2018\/08\/10-Le\u00f4nidas-300x192.jpg 300w, https:\/\/www.abesata.org\/br\/wp-content\/uploads\/2018\/08\/10-Le\u00f4nidas-768x491.jpg 768w, https:\/\/www.abesata.org\/br\/wp-content\/uploads\/2018\/08\/10-Le\u00f4nidas-1024x654.jpg 1024w, https:\/\/www.abesata.org\/br\/wp-content\/uploads\/2018\/08\/10-Le\u00f4nidas-235x150.jpg 235w, https:\/\/www.abesata.org\/br\/wp-content\/uploads\/2018\/08\/10-Le\u00f4nidas-150x96.jpg 150w\" sizes=\"(max-width: 3313px) 100vw, 3313px\" \/> <img loading=\"lazy\" decoding=\"async\" class=\"alignnone size-full wp-image-8369\" src=\"https:\/\/www.abesata.org\/br\/wp-content\/uploads\/2018\/08\/11-20180814_114028.jpg\" alt=\"\" width=\"4128\" height=\"2322\" srcset=\"https:\/\/www.abesata.org\/br\/wp-content\/uploads\/2018\/08\/11-20180814_114028.jpg 4128w, https:\/\/www.abesata.org\/br\/wp-content\/uploads\/2018\/08\/11-20180814_114028-300x169.jpg 300w, https:\/\/www.abesata.org\/br\/wp-content\/uploads\/2018\/08\/11-20180814_114028-768x432.jpg 768w, https:\/\/www.abesata.org\/br\/wp-content\/uploads\/2018\/08\/11-20180814_114028-1024x576.jpg 1024w, https:\/\/www.abesata.org\/br\/wp-content\/uploads\/2018\/08\/11-20180814_114028-250x141.jpg 250w, https:\/\/www.abesata.org\/br\/wp-content\/uploads\/2018\/08\/11-20180814_114028-150x84.jpg 150w\" sizes=\"(max-width: 4128px) 100vw, 4128px\" \/> <img loading=\"lazy\" decoding=\"async\" class=\"alignnone size-full wp-image-8370\" src=\"https:\/\/www.abesata.org\/br\/wp-content\/uploads\/2018\/08\/Dario-Ricardo-Ebner.jpg\" alt=\"\" width=\"2202\" height=\"1766\" srcset=\"https:\/\/www.abesata.org\/br\/wp-content\/uploads\/2018\/08\/Dario-Ricardo-Ebner.jpg 2202w, https:\/\/www.abesata.org\/br\/wp-content\/uploads\/2018\/08\/Dario-Ricardo-Ebner-300x241.jpg 300w, https:\/\/www.abesata.org\/br\/wp-content\/uploads\/2018\/08\/Dario-Ricardo-Ebner-768x616.jpg 768w, https:\/\/www.abesata.org\/br\/wp-content\/uploads\/2018\/08\/Dario-Ricardo-Ebner-1024x821.jpg 1024w, https:\/\/www.abesata.org\/br\/wp-content\/uploads\/2018\/08\/Dario-Ricardo-Ebner-187x150.jpg 187w, https:\/\/www.abesata.org\/br\/wp-content\/uploads\/2018\/08\/Dario-Ricardo-Ebner-150x120.jpg 150w\" sizes=\"(max-width: 2202px) 100vw, 2202px\" \/><\/p>\n","protected":false},"excerpt":{"rendered":"","protected":false},"author":18,"featured_media":0,"parent":0,"menu_order":0,"comment_status":"closed","ping_status":"closed","template":"","meta":{"footnotes":""},"class_list":["post-8357","page","type-page","status-publish","hentry"],"yoast_head":"<!-- This site is optimized with the Yoast SEO plugin v26.5 - https:\/\/yoast.com\/wordpress\/plugins\/seo\/ -->\n<title>LABACE - Feira de Avia\u00e7\u00e3o - Congonhas SP - 14 e 15 ago.2018 - Abesata<\/title>\n<meta name=\"robots\" content=\"index, follow, max-snippet:-1, max-image-preview:large, max-video-preview:-1\" \/>\n<link rel=\"canonical\" href=\"https:\/\/www.abesata.org\/br\/labace-feira-de-aviacao-congonhas-sp-14-e-15-ago-2018\/\" \/>\n<meta property=\"og:locale\" content=\"pt_BR\" \/>\n<meta property=\"og:type\" content=\"article\" \/>\n<meta property=\"og:title\" content=\"LABACE - Feira de Avia\u00e7\u00e3o - Congonhas SP - 14 e 15 ago.2018 - Abesata\" \/>\n<meta property=\"og:url\" content=\"https:\/\/www.abesata.org\/br\/labace-feira-de-aviacao-congonhas-sp-14-e-15-ago-2018\/\" \/>\n<meta property=\"og:site_name\" content=\"Abesata\" \/>\n<meta property=\"article:publisher\" content=\"https:\/\/www.facebook.com\/abesata.org\/\" \/>\n<meta property=\"og:image\" content=\"http:\/\/www.abesata.org\/br\/wp-content\/uploads\/2018\/08\/1-ACC_Panorama_LABACE2.jpg\" \/>\n<meta name=\"twitter:card\" content=\"summary_large_image\" \/>\n<script type=\"application\/ld+json\" class=\"yoast-schema-graph\">{\"@context\":\"https:\/\/schema.org\",\"@graph\":[{\"@type\":\"WebPage\",\"@id\":\"https:\/\/www.abesata.org\/br\/labace-feira-de-aviacao-congonhas-sp-14-e-15-ago-2018\/\",\"url\":\"https:\/\/www.abesata.org\/br\/labace-feira-de-aviacao-congonhas-sp-14-e-15-ago-2018\/\",\"name\":\"LABACE - Feira de Avia\u00e7\u00e3o - Congonhas SP - 14 e 15 ago.2018 - Abesata\",\"isPartOf\":{\"@id\":\"https:\/\/www.abesata.org\/br\/#website\"},\"primaryImageOfPage\":{\"@id\":\"https:\/\/www.abesata.org\/br\/labace-feira-de-aviacao-congonhas-sp-14-e-15-ago-2018\/#primaryimage\"},\"image\":{\"@id\":\"https:\/\/www.abesata.org\/br\/labace-feira-de-aviacao-congonhas-sp-14-e-15-ago-2018\/#primaryimage\"},\"thumbnailUrl\":\"http:\/\/www.abesata.org\/br\/wp-content\/uploads\/2018\/08\/1-ACC_Panorama_LABACE2.jpg\",\"datePublished\":\"2018-08-24T12:30:29+00:00\",\"breadcrumb\":{\"@id\":\"https:\/\/www.abesata.org\/br\/labace-feira-de-aviacao-congonhas-sp-14-e-15-ago-2018\/#breadcrumb\"},\"inLanguage\":\"pt-BR\",\"potentialAction\":[{\"@type\":\"ReadAction\",\"target\":[\"https:\/\/www.abesata.org\/br\/labace-feira-de-aviacao-congonhas-sp-14-e-15-ago-2018\/\"]}]},{\"@type\":\"ImageObject\",\"inLanguage\":\"pt-BR\",\"@id\":\"https:\/\/www.abesata.org\/br\/labace-feira-de-aviacao-congonhas-sp-14-e-15-ago-2018\/#primaryimage\",\"url\":\"http:\/\/www.abesata.org\/br\/wp-content\/uploads\/2018\/08\/1-ACC_Panorama_LABACE2.jpg\",\"contentUrl\":\"http:\/\/www.abesata.org\/br\/wp-content\/uploads\/2018\/08\/1-ACC_Panorama_LABACE2.jpg\"},{\"@type\":\"BreadcrumbList\",\"@id\":\"https:\/\/www.abesata.org\/br\/labace-feira-de-aviacao-congonhas-sp-14-e-15-ago-2018\/#breadcrumb\",\"itemListElement\":[{\"@type\":\"ListItem\",\"position\":1,\"name\":\"In\u00edcio\",\"item\":\"https:\/\/www.abesata.org\/br\/\"},{\"@type\":\"ListItem\",\"position\":2,\"name\":\"LABACE &#8211; Feira de Avia\u00e7\u00e3o &#8211; Congonhas SP &#8211; 14 e 15 ago.2018\"}]},{\"@type\":\"WebSite\",\"@id\":\"https:\/\/www.abesata.org\/br\/#website\",\"url\":\"https:\/\/www.abesata.org\/br\/\",\"name\":\"Abesata\",\"description\":\"Associa\u00e7\u00e3o Brasileira das Empresas de Servi\u00e7os Auxiliares de Transporte A\u00e9reo\",\"publisher\":{\"@id\":\"https:\/\/www.abesata.org\/br\/#organization\"},\"potentialAction\":[{\"@type\":\"SearchAction\",\"target\":{\"@type\":\"EntryPoint\",\"urlTemplate\":\"https:\/\/www.abesata.org\/br\/?s={search_term_string}\"},\"query-input\":{\"@type\":\"PropertyValueSpecification\",\"valueRequired\":true,\"valueName\":\"search_term_string\"}}],\"inLanguage\":\"pt-BR\"},{\"@type\":\"Organization\",\"@id\":\"https:\/\/www.abesata.org\/br\/#organization\",\"name\":\"Associa\u00e7\u00e3o Brasileira das Empresas de Servi\u00e7os Auxiliares de Transporte A\u00e9reo\",\"alternateName\":\"Abesata\",\"url\":\"https:\/\/www.abesata.org\/br\/\",\"logo\":{\"@type\":\"ImageObject\",\"inLanguage\":\"pt-BR\",\"@id\":\"https:\/\/www.abesata.org\/br\/#\/schema\/logo\/image\/\",\"url\":\"https:\/\/www.abesata.org\/br\/wp-content\/uploads\/2023\/10\/Abesata.png\",\"contentUrl\":\"https:\/\/www.abesata.org\/br\/wp-content\/uploads\/2023\/10\/Abesata.png\",\"width\":1063,\"height\":591,\"caption\":\"Associa\u00e7\u00e3o Brasileira das Empresas de Servi\u00e7os Auxiliares de Transporte A\u00e9reo\"},\"image\":{\"@id\":\"https:\/\/www.abesata.org\/br\/#\/schema\/logo\/image\/\"},\"sameAs\":[\"https:\/\/www.facebook.com\/abesata.org\/\",\"https:\/\/www.instagram.com\/abesata_gh\/\",\"https:\/\/br.linkedin.com\/company\/abesata\"]}]}<\/script>\n<!-- \/ Yoast SEO plugin. -->","yoast_head_json":{"title":"LABACE - Feira de Avia\u00e7\u00e3o - Congonhas SP - 14 e 15 ago.2018 - Abesata","robots":{"index":"index","follow":"follow","max-snippet":"max-snippet:-1","max-image-preview":"max-image-preview:large","max-video-preview":"max-video-preview:-1"},"canonical":"https:\/\/www.abesata.org\/br\/labace-feira-de-aviacao-congonhas-sp-14-e-15-ago-2018\/","og_locale":"pt_BR","og_type":"article","og_title":"LABACE - Feira de Avia\u00e7\u00e3o - Congonhas SP - 14 e 15 ago.2018 - Abesata","og_url":"https:\/\/www.abesata.org\/br\/labace-feira-de-aviacao-congonhas-sp-14-e-15-ago-2018\/","og_site_name":"Abesata","article_publisher":"https:\/\/www.facebook.com\/abesata.org\/","og_image":[{"url":"http:\/\/www.abesata.org\/br\/wp-content\/uploads\/2018\/08\/1-ACC_Panorama_LABACE2.jpg","type":"","width":"","height":""}],"twitter_card":"summary_large_image","schema":{"@context":"https:\/\/schema.org","@graph":[{"@type":"WebPage","@id":"https:\/\/www.abesata.org\/br\/labace-feira-de-aviacao-congonhas-sp-14-e-15-ago-2018\/","url":"https:\/\/www.abesata.org\/br\/labace-feira-de-aviacao-congonhas-sp-14-e-15-ago-2018\/","name":"LABACE - Feira de Avia\u00e7\u00e3o - Congonhas SP - 14 e 15 ago.2018 - Abesata","isPartOf":{"@id":"https:\/\/www.abesata.org\/br\/#website"},"primaryImageOfPage":{"@id":"https:\/\/www.abesata.org\/br\/labace-feira-de-aviacao-congonhas-sp-14-e-15-ago-2018\/#primaryimage"},"image":{"@id":"https:\/\/www.abesata.org\/br\/labace-feira-de-aviacao-congonhas-sp-14-e-15-ago-2018\/#primaryimage"},"thumbnailUrl":"http:\/\/www.abesata.org\/br\/wp-content\/uploads\/2018\/08\/1-ACC_Panorama_LABACE2.jpg","datePublished":"2018-08-24T12:30:29+00:00","breadcrumb":{"@id":"https:\/\/www.abesata.org\/br\/labace-feira-de-aviacao-congonhas-sp-14-e-15-ago-2018\/#breadcrumb"},"inLanguage":"pt-BR","potentialAction":[{"@type":"ReadAction","target":["https:\/\/www.abesata.org\/br\/labace-feira-de-aviacao-congonhas-sp-14-e-15-ago-2018\/"]}]},{"@type":"ImageObject","inLanguage":"pt-BR","@id":"https:\/\/www.abesata.org\/br\/labace-feira-de-aviacao-congonhas-sp-14-e-15-ago-2018\/#primaryimage","url":"http:\/\/www.abesata.org\/br\/wp-content\/uploads\/2018\/08\/1-ACC_Panorama_LABACE2.jpg","contentUrl":"http:\/\/www.abesata.org\/br\/wp-content\/uploads\/2018\/08\/1-ACC_Panorama_LABACE2.jpg"},{"@type":"BreadcrumbList","@id":"https:\/\/www.abesata.org\/br\/labace-feira-de-aviacao-congonhas-sp-14-e-15-ago-2018\/#breadcrumb","itemListElement":[{"@type":"ListItem","position":1,"name":"In\u00edcio","item":"https:\/\/www.abesata.org\/br\/"},{"@type":"ListItem","position":2,"name":"LABACE &#8211; Feira de Avia\u00e7\u00e3o &#8211; Congonhas SP &#8211; 14 e 15 ago.2018"}]},{"@type":"WebSite","@id":"https:\/\/www.abesata.org\/br\/#website","url":"https:\/\/www.abesata.org\/br\/","name":"Abesata","description":"Associa\u00e7\u00e3o Brasileira das Empresas de Servi\u00e7os Auxiliares de Transporte A\u00e9reo","publisher":{"@id":"https:\/\/www.abesata.org\/br\/#organization"},"potentialAction":[{"@type":"SearchAction","target":{"@type":"EntryPoint","urlTemplate":"https:\/\/www.abesata.org\/br\/?s={search_term_string}"},"query-input":{"@type":"PropertyValueSpecification","valueRequired":true,"valueName":"search_term_string"}}],"inLanguage":"pt-BR"},{"@type":"Organization","@id":"https:\/\/www.abesata.org\/br\/#organization","name":"Associa\u00e7\u00e3o Brasileira das Empresas de Servi\u00e7os Auxiliares de Transporte A\u00e9reo","alternateName":"Abesata","url":"https:\/\/www.abesata.org\/br\/","logo":{"@type":"ImageObject","inLanguage":"pt-BR","@id":"https:\/\/www.abesata.org\/br\/#\/schema\/logo\/image\/","url":"https:\/\/www.abesata.org\/br\/wp-content\/uploads\/2023\/10\/Abesata.png","contentUrl":"https:\/\/www.abesata.org\/br\/wp-content\/uploads\/2023\/10\/Abesata.png","width":1063,"height":591,"caption":"Associa\u00e7\u00e3o Brasileira das Empresas de Servi\u00e7os Auxiliares de Transporte A\u00e9reo"},"image":{"@id":"https:\/\/www.abesata.org\/br\/#\/schema\/logo\/image\/"},"sameAs":["https:\/\/www.facebook.com\/abesata.org\/","https:\/\/www.instagram.com\/abesata_gh\/","https:\/\/br.linkedin.com\/company\/abesata"]}]}},"_links":{"self":[{"href":"https:\/\/www.abesata.org\/br\/wp-json\/wp\/v2\/pages\/8357","targetHints":{"allow":["GET"]}}],"collection":[{"href":"https:\/\/www.abesata.org\/br\/wp-json\/wp\/v2\/pages"}],"about":[{"href":"https:\/\/www.abesata.org\/br\/wp-json\/wp\/v2\/types\/page"}],"author":[{"embeddable":true,"href":"https:\/\/www.abesata.org\/br\/wp-json\/wp\/v2\/users\/18"}],"replies":[{"embeddable":true,"href":"https:\/\/www.abesata.org\/br\/wp-json\/wp\/v2\/comments?post=8357"}],"version-history":[{"count":0,"href":"https:\/\/www.abesata.org\/br\/wp-json\/wp\/v2\/pages\/8357\/revisions"}],"wp:attachment":[{"href":"https:\/\/www.abesata.org\/br\/wp-json\/wp\/v2\/media?parent=8357"}],"curies":[{"name":"wp","href":"https:\/\/api.w.org\/{rel}","templated":true}]}}