{"id":9207,"date":"2019-04-18T11:24:39","date_gmt":"2019-04-18T11:24:39","guid":{"rendered":"http:\/\/www.abesata.org\/br\/?page_id=9207"},"modified":"2019-04-18T11:25:09","modified_gmt":"2019-04-18T11:25:09","slug":"9207-2","status":"publish","type":"page","link":"https:\/\/www.abesata.org\/br\/9207-2\/","title":{"rendered":"6th Congresso Latin American Airport Expansion &#8211; S\u00e3o Paulo SP &#8211; 05 de Abril de 2019"},"content":{"rendered":"<p><img fetchpriority=\"high\" decoding=\"async\" class=\"aligncenter size-large wp-image-9210\" src=\"https:\/\/www.abesata.org\/br\/wp-content\/uploads\/2019\/04\/thumbnail_IMG_4964-1024x878.jpg\" alt=\"\" width=\"800\" height=\"686\" srcset=\"https:\/\/www.abesata.org\/br\/wp-content\/uploads\/2019\/04\/thumbnail_IMG_4964-1024x878.jpg 1024w, https:\/\/www.abesata.org\/br\/wp-content\/uploads\/2019\/04\/thumbnail_IMG_4964-300x257.jpg 300w, https:\/\/www.abesata.org\/br\/wp-content\/uploads\/2019\/04\/thumbnail_IMG_4964-768x658.jpg 768w, https:\/\/www.abesata.org\/br\/wp-content\/uploads\/2019\/04\/thumbnail_IMG_4964-175x150.jpg 175w, https:\/\/www.abesata.org\/br\/wp-content\/uploads\/2019\/04\/thumbnail_IMG_4964-150x129.jpg 150w, https:\/\/www.abesata.org\/br\/wp-content\/uploads\/2019\/04\/thumbnail_IMG_4964.jpg 1280w\" sizes=\"(max-width: 800px) 100vw, 800px\" \/> <img decoding=\"async\" class=\"aligncenter size-large wp-image-9215\" src=\"https:\/\/www.abesata.org\/br\/wp-content\/uploads\/2019\/04\/thumbnail_IMG_4978-1024x768.jpg\" alt=\"\" width=\"800\" height=\"600\" srcset=\"https:\/\/www.abesata.org\/br\/wp-content\/uploads\/2019\/04\/thumbnail_IMG_4978-1024x768.jpg 1024w, https:\/\/www.abesata.org\/br\/wp-content\/uploads\/2019\/04\/thumbnail_IMG_4978-300x225.jpg 300w, https:\/\/www.abesata.org\/br\/wp-content\/uploads\/2019\/04\/thumbnail_IMG_4978-768x576.jpg 768w, https:\/\/www.abesata.org\/br\/wp-content\/uploads\/2019\/04\/thumbnail_IMG_4978-200x150.jpg 200w, https:\/\/www.abesata.org\/br\/wp-content\/uploads\/2019\/04\/thumbnail_IMG_4978-150x113.jpg 150w, https:\/\/www.abesata.org\/br\/wp-content\/uploads\/2019\/04\/thumbnail_IMG_4978.jpg 1280w\" sizes=\"(max-width: 800px) 100vw, 800px\" \/> <img decoding=\"async\" class=\"aligncenter size-large wp-image-9214\" src=\"https:\/\/www.abesata.org\/br\/wp-content\/uploads\/2019\/04\/thumbnail_IMG_4977-1024x826.jpg\" alt=\"\" width=\"800\" height=\"645\" srcset=\"https:\/\/www.abesata.org\/br\/wp-content\/uploads\/2019\/04\/thumbnail_IMG_4977-1024x826.jpg 1024w, https:\/\/www.abesata.org\/br\/wp-content\/uploads\/2019\/04\/thumbnail_IMG_4977-300x242.jpg 300w, https:\/\/www.abesata.org\/br\/wp-content\/uploads\/2019\/04\/thumbnail_IMG_4977-768x619.jpg 768w, https:\/\/www.abesata.org\/br\/wp-content\/uploads\/2019\/04\/thumbnail_IMG_4977-186x150.jpg 186w, https:\/\/www.abesata.org\/br\/wp-content\/uploads\/2019\/04\/thumbnail_IMG_4977-150x121.jpg 150w, https:\/\/www.abesata.org\/br\/wp-content\/uploads\/2019\/04\/thumbnail_IMG_4977.jpg 1280w\" sizes=\"(max-width: 800px) 100vw, 800px\" \/> <img loading=\"lazy\" decoding=\"async\" class=\"aligncenter size-large wp-image-9213\" src=\"https:\/\/www.abesata.org\/br\/wp-content\/uploads\/2019\/04\/thumbnail_IMG_4973-1024x768.jpg\" alt=\"\" width=\"800\" height=\"600\" srcset=\"https:\/\/www.abesata.org\/br\/wp-content\/uploads\/2019\/04\/thumbnail_IMG_4973-1024x768.jpg 1024w, https:\/\/www.abesata.org\/br\/wp-content\/uploads\/2019\/04\/thumbnail_IMG_4973-300x225.jpg 300w, https:\/\/www.abesata.org\/br\/wp-content\/uploads\/2019\/04\/thumbnail_IMG_4973-768x576.jpg 768w, https:\/\/www.abesata.org\/br\/wp-content\/uploads\/2019\/04\/thumbnail_IMG_4973-200x150.jpg 200w, https:\/\/www.abesata.org\/br\/wp-content\/uploads\/2019\/04\/thumbnail_IMG_4973-150x113.jpg 150w, https:\/\/www.abesata.org\/br\/wp-content\/uploads\/2019\/04\/thumbnail_IMG_4973.jpg 1280w\" sizes=\"(max-width: 800px) 100vw, 800px\" \/> <img loading=\"lazy\" decoding=\"async\" class=\"aligncenter size-large wp-image-9212\" src=\"https:\/\/www.abesata.org\/br\/wp-content\/uploads\/2019\/04\/thumbnail_IMG_4968-1024x768.jpg\" alt=\"\" width=\"800\" height=\"600\" srcset=\"https:\/\/www.abesata.org\/br\/wp-content\/uploads\/2019\/04\/thumbnail_IMG_4968-1024x768.jpg 1024w, https:\/\/www.abesata.org\/br\/wp-content\/uploads\/2019\/04\/thumbnail_IMG_4968-300x225.jpg 300w, https:\/\/www.abesata.org\/br\/wp-content\/uploads\/2019\/04\/thumbnail_IMG_4968-768x576.jpg 768w, https:\/\/www.abesata.org\/br\/wp-content\/uploads\/2019\/04\/thumbnail_IMG_4968-200x150.jpg 200w, https:\/\/www.abesata.org\/br\/wp-content\/uploads\/2019\/04\/thumbnail_IMG_4968-150x113.jpg 150w, https:\/\/www.abesata.org\/br\/wp-content\/uploads\/2019\/04\/thumbnail_IMG_4968.jpg 1280w\" sizes=\"(max-width: 800px) 100vw, 800px\" \/> <img loading=\"lazy\" decoding=\"async\" class=\"aligncenter size-large wp-image-9211\" src=\"https:\/\/www.abesata.org\/br\/wp-content\/uploads\/2019\/04\/thumbnail_IMG_4967-1024x768.jpg\" alt=\"\" width=\"800\" height=\"600\" srcset=\"https:\/\/www.abesata.org\/br\/wp-content\/uploads\/2019\/04\/thumbnail_IMG_4967-1024x768.jpg 1024w, https:\/\/www.abesata.org\/br\/wp-content\/uploads\/2019\/04\/thumbnail_IMG_4967-300x225.jpg 300w, https:\/\/www.abesata.org\/br\/wp-content\/uploads\/2019\/04\/thumbnail_IMG_4967-768x576.jpg 768w, https:\/\/www.abesata.org\/br\/wp-content\/uploads\/2019\/04\/thumbnail_IMG_4967-200x150.jpg 200w, https:\/\/www.abesata.org\/br\/wp-content\/uploads\/2019\/04\/thumbnail_IMG_4967-150x113.jpg 150w, https:\/\/www.abesata.org\/br\/wp-content\/uploads\/2019\/04\/thumbnail_IMG_4967.jpg 1280w\" sizes=\"(max-width: 800px) 100vw, 800px\" \/> <img loading=\"lazy\" decoding=\"async\" class=\"aligncenter size-full wp-image-9209\" src=\"https:\/\/www.abesata.org\/br\/wp-content\/uploads\/2019\/04\/thumbnail_b9dd0ed6-f9bc-457c-9fb0-9350a10e9517.jpg\" alt=\"\" width=\"576\" height=\"731\" srcset=\"https:\/\/www.abesata.org\/br\/wp-content\/uploads\/2019\/04\/thumbnail_b9dd0ed6-f9bc-457c-9fb0-9350a10e9517.jpg 576w, https:\/\/www.abesata.org\/br\/wp-content\/uploads\/2019\/04\/thumbnail_b9dd0ed6-f9bc-457c-9fb0-9350a10e9517-236x300.jpg 236w, https:\/\/www.abesata.org\/br\/wp-content\/uploads\/2019\/04\/thumbnail_b9dd0ed6-f9bc-457c-9fb0-9350a10e9517-118x150.jpg 118w\" sizes=\"(max-width: 576px) 100vw, 576px\" \/> <img loading=\"lazy\" decoding=\"async\" class=\"aligncenter size-large wp-image-9208\" src=\"https:\/\/www.abesata.org\/br\/wp-content\/uploads\/2019\/04\/IMG_4963-1024x768.jpg\" alt=\"\" width=\"800\" height=\"600\" srcset=\"https:\/\/www.abesata.org\/br\/wp-content\/uploads\/2019\/04\/IMG_4963-1024x768.jpg 1024w, https:\/\/www.abesata.org\/br\/wp-content\/uploads\/2019\/04\/IMG_4963-300x225.jpg 300w, https:\/\/www.abesata.org\/br\/wp-content\/uploads\/2019\/04\/IMG_4963-768x576.jpg 768w, https:\/\/www.abesata.org\/br\/wp-content\/uploads\/2019\/04\/IMG_4963-200x150.jpg 200w, https:\/\/www.abesata.org\/br\/wp-content\/uploads\/2019\/04\/IMG_4963-150x113.jpg 150w, https:\/\/www.abesata.org\/br\/wp-content\/uploads\/2019\/04\/IMG_4963.jpg 2016w\" sizes=\"(max-width: 800px) 100vw, 800px\" \/><\/p>\n","protected":false},"excerpt":{"rendered":"","protected":false},"author":18,"featured_media":0,"parent":0,"menu_order":0,"comment_status":"closed","ping_status":"closed","template":"","meta":{"footnotes":""},"class_list":["post-9207","page","type-page","status-publish","hentry"],"yoast_head":"<!-- This site is optimized with the Yoast SEO plugin v26.5 - https:\/\/yoast.com\/wordpress\/plugins\/seo\/ -->\n<title>6th Congresso Latin American Airport Expansion - S\u00e3o Paulo SP - 05 de Abril de 2019 - Abesata<\/title>\n<meta name=\"robots\" content=\"index, follow, max-snippet:-1, max-image-preview:large, max-video-preview:-1\" \/>\n<link rel=\"canonical\" href=\"https:\/\/www.abesata.org\/br\/9207-2\/\" \/>\n<meta property=\"og:locale\" content=\"pt_BR\" \/>\n<meta property=\"og:type\" content=\"article\" \/>\n<meta property=\"og:title\" content=\"6th Congresso Latin American Airport Expansion - S\u00e3o Paulo SP - 05 de Abril de 2019 - Abesata\" \/>\n<meta property=\"og:url\" content=\"https:\/\/www.abesata.org\/br\/9207-2\/\" \/>\n<meta property=\"og:site_name\" content=\"Abesata\" \/>\n<meta property=\"article:publisher\" content=\"https:\/\/www.facebook.com\/abesata.org\/\" \/>\n<meta property=\"article:modified_time\" content=\"2019-04-18T11:25:09+00:00\" \/>\n<meta property=\"og:image\" content=\"http:\/\/www.abesata.org\/br\/wp-content\/uploads\/2019\/04\/thumbnail_IMG_4964-1024x878.jpg\" \/>\n<meta name=\"twitter:card\" content=\"summary_large_image\" \/>\n<script type=\"application\/ld+json\" class=\"yoast-schema-graph\">{\"@context\":\"https:\/\/schema.org\",\"@graph\":[{\"@type\":\"WebPage\",\"@id\":\"https:\/\/www.abesata.org\/br\/9207-2\/\",\"url\":\"https:\/\/www.abesata.org\/br\/9207-2\/\",\"name\":\"6th Congresso Latin American Airport Expansion - S\u00e3o Paulo SP - 05 de Abril de 2019 - Abesata\",\"isPartOf\":{\"@id\":\"https:\/\/www.abesata.org\/br\/#website\"},\"primaryImageOfPage\":{\"@id\":\"https:\/\/www.abesata.org\/br\/9207-2\/#primaryimage\"},\"image\":{\"@id\":\"https:\/\/www.abesata.org\/br\/9207-2\/#primaryimage\"},\"thumbnailUrl\":\"http:\/\/www.abesata.org\/br\/wp-content\/uploads\/2019\/04\/thumbnail_IMG_4964-1024x878.jpg\",\"datePublished\":\"2019-04-18T11:24:39+00:00\",\"dateModified\":\"2019-04-18T11:25:09+00:00\",\"breadcrumb\":{\"@id\":\"https:\/\/www.abesata.org\/br\/9207-2\/#breadcrumb\"},\"inLanguage\":\"pt-BR\",\"potentialAction\":[{\"@type\":\"ReadAction\",\"target\":[\"https:\/\/www.abesata.org\/br\/9207-2\/\"]}]},{\"@type\":\"ImageObject\",\"inLanguage\":\"pt-BR\",\"@id\":\"https:\/\/www.abesata.org\/br\/9207-2\/#primaryimage\",\"url\":\"http:\/\/www.abesata.org\/br\/wp-content\/uploads\/2019\/04\/thumbnail_IMG_4964-1024x878.jpg\",\"contentUrl\":\"http:\/\/www.abesata.org\/br\/wp-content\/uploads\/2019\/04\/thumbnail_IMG_4964-1024x878.jpg\"},{\"@type\":\"BreadcrumbList\",\"@id\":\"https:\/\/www.abesata.org\/br\/9207-2\/#breadcrumb\",\"itemListElement\":[{\"@type\":\"ListItem\",\"position\":1,\"name\":\"In\u00edcio\",\"item\":\"https:\/\/www.abesata.org\/br\/\"},{\"@type\":\"ListItem\",\"position\":2,\"name\":\"6th Congresso Latin American Airport Expansion &#8211; S\u00e3o Paulo SP &#8211; 05 de Abril de 2019\"}]},{\"@type\":\"WebSite\",\"@id\":\"https:\/\/www.abesata.org\/br\/#website\",\"url\":\"https:\/\/www.abesata.org\/br\/\",\"name\":\"Abesata\",\"description\":\"Associa\u00e7\u00e3o Brasileira das Empresas de Servi\u00e7os Auxiliares de Transporte A\u00e9reo\",\"publisher\":{\"@id\":\"https:\/\/www.abesata.org\/br\/#organization\"},\"potentialAction\":[{\"@type\":\"SearchAction\",\"target\":{\"@type\":\"EntryPoint\",\"urlTemplate\":\"https:\/\/www.abesata.org\/br\/?s={search_term_string}\"},\"query-input\":{\"@type\":\"PropertyValueSpecification\",\"valueRequired\":true,\"valueName\":\"search_term_string\"}}],\"inLanguage\":\"pt-BR\"},{\"@type\":\"Organization\",\"@id\":\"https:\/\/www.abesata.org\/br\/#organization\",\"name\":\"Associa\u00e7\u00e3o Brasileira das Empresas de Servi\u00e7os Auxiliares de Transporte A\u00e9reo\",\"alternateName\":\"Abesata\",\"url\":\"https:\/\/www.abesata.org\/br\/\",\"logo\":{\"@type\":\"ImageObject\",\"inLanguage\":\"pt-BR\",\"@id\":\"https:\/\/www.abesata.org\/br\/#\/schema\/logo\/image\/\",\"url\":\"https:\/\/www.abesata.org\/br\/wp-content\/uploads\/2023\/10\/Abesata.png\",\"contentUrl\":\"https:\/\/www.abesata.org\/br\/wp-content\/uploads\/2023\/10\/Abesata.png\",\"width\":1063,\"height\":591,\"caption\":\"Associa\u00e7\u00e3o Brasileira das Empresas de Servi\u00e7os Auxiliares de Transporte A\u00e9reo\"},\"image\":{\"@id\":\"https:\/\/www.abesata.org\/br\/#\/schema\/logo\/image\/\"},\"sameAs\":[\"https:\/\/www.facebook.com\/abesata.org\/\",\"https:\/\/www.instagram.com\/abesata_gh\/\",\"https:\/\/br.linkedin.com\/company\/abesata\"]}]}<\/script>\n<!-- \/ Yoast SEO plugin. -->","yoast_head_json":{"title":"6th Congresso Latin American Airport Expansion - S\u00e3o Paulo SP - 05 de Abril de 2019 - Abesata","robots":{"index":"index","follow":"follow","max-snippet":"max-snippet:-1","max-image-preview":"max-image-preview:large","max-video-preview":"max-video-preview:-1"},"canonical":"https:\/\/www.abesata.org\/br\/9207-2\/","og_locale":"pt_BR","og_type":"article","og_title":"6th Congresso Latin American Airport Expansion - S\u00e3o Paulo SP - 05 de Abril de 2019 - Abesata","og_url":"https:\/\/www.abesata.org\/br\/9207-2\/","og_site_name":"Abesata","article_publisher":"https:\/\/www.facebook.com\/abesata.org\/","article_modified_time":"2019-04-18T11:25:09+00:00","og_image":[{"url":"http:\/\/www.abesata.org\/br\/wp-content\/uploads\/2019\/04\/thumbnail_IMG_4964-1024x878.jpg","type":"","width":"","height":""}],"twitter_card":"summary_large_image","schema":{"@context":"https:\/\/schema.org","@graph":[{"@type":"WebPage","@id":"https:\/\/www.abesata.org\/br\/9207-2\/","url":"https:\/\/www.abesata.org\/br\/9207-2\/","name":"6th Congresso Latin American Airport Expansion - S\u00e3o Paulo SP - 05 de Abril de 2019 - Abesata","isPartOf":{"@id":"https:\/\/www.abesata.org\/br\/#website"},"primaryImageOfPage":{"@id":"https:\/\/www.abesata.org\/br\/9207-2\/#primaryimage"},"image":{"@id":"https:\/\/www.abesata.org\/br\/9207-2\/#primaryimage"},"thumbnailUrl":"http:\/\/www.abesata.org\/br\/wp-content\/uploads\/2019\/04\/thumbnail_IMG_4964-1024x878.jpg","datePublished":"2019-04-18T11:24:39+00:00","dateModified":"2019-04-18T11:25:09+00:00","breadcrumb":{"@id":"https:\/\/www.abesata.org\/br\/9207-2\/#breadcrumb"},"inLanguage":"pt-BR","potentialAction":[{"@type":"ReadAction","target":["https:\/\/www.abesata.org\/br\/9207-2\/"]}]},{"@type":"ImageObject","inLanguage":"pt-BR","@id":"https:\/\/www.abesata.org\/br\/9207-2\/#primaryimage","url":"http:\/\/www.abesata.org\/br\/wp-content\/uploads\/2019\/04\/thumbnail_IMG_4964-1024x878.jpg","contentUrl":"http:\/\/www.abesata.org\/br\/wp-content\/uploads\/2019\/04\/thumbnail_IMG_4964-1024x878.jpg"},{"@type":"BreadcrumbList","@id":"https:\/\/www.abesata.org\/br\/9207-2\/#breadcrumb","itemListElement":[{"@type":"ListItem","position":1,"name":"In\u00edcio","item":"https:\/\/www.abesata.org\/br\/"},{"@type":"ListItem","position":2,"name":"6th Congresso Latin American Airport Expansion &#8211; S\u00e3o Paulo SP &#8211; 05 de Abril de 2019"}]},{"@type":"WebSite","@id":"https:\/\/www.abesata.org\/br\/#website","url":"https:\/\/www.abesata.org\/br\/","name":"Abesata","description":"Associa\u00e7\u00e3o Brasileira das Empresas de Servi\u00e7os Auxiliares de Transporte A\u00e9reo","publisher":{"@id":"https:\/\/www.abesata.org\/br\/#organization"},"potentialAction":[{"@type":"SearchAction","target":{"@type":"EntryPoint","urlTemplate":"https:\/\/www.abesata.org\/br\/?s={search_term_string}"},"query-input":{"@type":"PropertyValueSpecification","valueRequired":true,"valueName":"search_term_string"}}],"inLanguage":"pt-BR"},{"@type":"Organization","@id":"https:\/\/www.abesata.org\/br\/#organization","name":"Associa\u00e7\u00e3o Brasileira das Empresas de Servi\u00e7os Auxiliares de Transporte A\u00e9reo","alternateName":"Abesata","url":"https:\/\/www.abesata.org\/br\/","logo":{"@type":"ImageObject","inLanguage":"pt-BR","@id":"https:\/\/www.abesata.org\/br\/#\/schema\/logo\/image\/","url":"https:\/\/www.abesata.org\/br\/wp-content\/uploads\/2023\/10\/Abesata.png","contentUrl":"https:\/\/www.abesata.org\/br\/wp-content\/uploads\/2023\/10\/Abesata.png","width":1063,"height":591,"caption":"Associa\u00e7\u00e3o Brasileira das Empresas de Servi\u00e7os Auxiliares de Transporte A\u00e9reo"},"image":{"@id":"https:\/\/www.abesata.org\/br\/#\/schema\/logo\/image\/"},"sameAs":["https:\/\/www.facebook.com\/abesata.org\/","https:\/\/www.instagram.com\/abesata_gh\/","https:\/\/br.linkedin.com\/company\/abesata"]}]}},"_links":{"self":[{"href":"https:\/\/www.abesata.org\/br\/wp-json\/wp\/v2\/pages\/9207","targetHints":{"allow":["GET"]}}],"collection":[{"href":"https:\/\/www.abesata.org\/br\/wp-json\/wp\/v2\/pages"}],"about":[{"href":"https:\/\/www.abesata.org\/br\/wp-json\/wp\/v2\/types\/page"}],"author":[{"embeddable":true,"href":"https:\/\/www.abesata.org\/br\/wp-json\/wp\/v2\/users\/18"}],"replies":[{"embeddable":true,"href":"https:\/\/www.abesata.org\/br\/wp-json\/wp\/v2\/comments?post=9207"}],"version-history":[{"count":0,"href":"https:\/\/www.abesata.org\/br\/wp-json\/wp\/v2\/pages\/9207\/revisions"}],"wp:attachment":[{"href":"https:\/\/www.abesata.org\/br\/wp-json\/wp\/v2\/media?parent=9207"}],"curies":[{"name":"wp","href":"https:\/\/api.w.org\/{rel}","templated":true}]}}