{"id":9742,"date":"2019-07-22T20:41:53","date_gmt":"2019-07-22T20:41:53","guid":{"rendered":"http:\/\/www.abesata.org\/br\/?page_id=9742"},"modified":"2019-07-22T20:41:53","modified_gmt":"2019-07-22T20:41:53","slug":"brigadeiro-paes-de-barros-assume-presidencia-da-infraero-bsb-15-jul-2019","status":"publish","type":"page","link":"https:\/\/www.abesata.org\/br\/brigadeiro-paes-de-barros-assume-presidencia-da-infraero-bsb-15-jul-2019\/","title":{"rendered":"Brigadeiro Paes de Barros assume Presid\u00eancia da Infraero &#8211; BSB &#8211; 15 jul.2019"},"content":{"rendered":"<p><img fetchpriority=\"high\" decoding=\"async\" class=\"aligncenter size-large wp-image-9743\" src=\"https:\/\/www.abesata.org\/br\/wp-content\/uploads\/2019\/07\/af42ac3b-f156-4640-b25c-272f0a4d7e74-473x1024.jpg\" alt=\"\" width=\"473\" height=\"1024\" srcset=\"https:\/\/www.abesata.org\/br\/wp-content\/uploads\/2019\/07\/af42ac3b-f156-4640-b25c-272f0a4d7e74.jpg 473w, https:\/\/www.abesata.org\/br\/wp-content\/uploads\/2019\/07\/af42ac3b-f156-4640-b25c-272f0a4d7e74-139x300.jpg 139w, https:\/\/www.abesata.org\/br\/wp-content\/uploads\/2019\/07\/af42ac3b-f156-4640-b25c-272f0a4d7e74-69x150.jpg 69w\" sizes=\"(max-width: 473px) 100vw, 473px\" \/><\/p>\n<figure id=\"attachment_9744\" aria-describedby=\"caption-attachment-9744\" style=\"width: 800px\" class=\"wp-caption aligncenter\"><img decoding=\"async\" class=\"size-large wp-image-9744\" src=\"https:\/\/www.abesata.org\/br\/wp-content\/uploads\/2019\/07\/edit_vac_abr_15071919132-1024x683.jpg\" alt=\"\" width=\"800\" height=\"534\" srcset=\"https:\/\/www.abesata.org\/br\/wp-content\/uploads\/2019\/07\/edit_vac_abr_15071919132.jpg 1024w, https:\/\/www.abesata.org\/br\/wp-content\/uploads\/2019\/07\/edit_vac_abr_15071919132-300x200.jpg 300w, https:\/\/www.abesata.org\/br\/wp-content\/uploads\/2019\/07\/edit_vac_abr_15071919132-768x512.jpg 768w, https:\/\/www.abesata.org\/br\/wp-content\/uploads\/2019\/07\/edit_vac_abr_15071919132-225x150.jpg 225w, https:\/\/www.abesata.org\/br\/wp-content\/uploads\/2019\/07\/edit_vac_abr_15071919132-150x100.jpg 150w\" sizes=\"(max-width: 800px) 100vw, 800px\" \/><figcaption id=\"caption-attachment-9744\" class=\"wp-caption-text\">Cerim\u00f4nia de posse do presidente da Empresa Brasileira de Infraestrutura Aeroportu\u00e1ria (Infraero), Tenente-Brigadeiro-do-Ar H\u00e9lio Paes de Barros J\u00fanior.<\/figcaption><\/figure>\n<figure id=\"attachment_9745\" aria-describedby=\"caption-attachment-9745\" style=\"width: 800px\" class=\"wp-caption aligncenter\"><img decoding=\"async\" class=\"size-large wp-image-9745\" src=\"https:\/\/www.abesata.org\/br\/wp-content\/uploads\/2019\/07\/edit_vac_abr_15071919141-1024x683.jpg\" alt=\"\" width=\"800\" height=\"534\" srcset=\"https:\/\/www.abesata.org\/br\/wp-content\/uploads\/2019\/07\/edit_vac_abr_15071919141.jpg 1024w, https:\/\/www.abesata.org\/br\/wp-content\/uploads\/2019\/07\/edit_vac_abr_15071919141-300x200.jpg 300w, https:\/\/www.abesata.org\/br\/wp-content\/uploads\/2019\/07\/edit_vac_abr_15071919141-768x512.jpg 768w, https:\/\/www.abesata.org\/br\/wp-content\/uploads\/2019\/07\/edit_vac_abr_15071919141-225x150.jpg 225w, https:\/\/www.abesata.org\/br\/wp-content\/uploads\/2019\/07\/edit_vac_abr_15071919141-150x100.jpg 150w\" sizes=\"(max-width: 800px) 100vw, 800px\" \/><figcaption id=\"caption-attachment-9745\" class=\"wp-caption-text\">O ministro de Minas e Energia, Bento Albuquerque, durante cerim\u00f4nia de posse do novo presidente da Empresa Brasileira de Infraestrutura Aeroportu\u00e1ria (Infraero), Tenente-Brigadeiro-do-Ar H\u00e9lio Paes de Barros J\u00fanior.<\/figcaption><\/figure>\n<figure id=\"attachment_9746\" aria-describedby=\"caption-attachment-9746\" style=\"width: 800px\" class=\"wp-caption aligncenter\"><img loading=\"lazy\" decoding=\"async\" class=\"size-large wp-image-9746\" src=\"https:\/\/www.abesata.org\/br\/wp-content\/uploads\/2019\/07\/edit_vac_abr_15071919150-1-1024x683.jpg\" alt=\"\" width=\"800\" height=\"534\" srcset=\"https:\/\/www.abesata.org\/br\/wp-content\/uploads\/2019\/07\/edit_vac_abr_15071919150-1.jpg 1024w, https:\/\/www.abesata.org\/br\/wp-content\/uploads\/2019\/07\/edit_vac_abr_15071919150-1-300x200.jpg 300w, https:\/\/www.abesata.org\/br\/wp-content\/uploads\/2019\/07\/edit_vac_abr_15071919150-1-768x512.jpg 768w, https:\/\/www.abesata.org\/br\/wp-content\/uploads\/2019\/07\/edit_vac_abr_15071919150-1-225x150.jpg 225w, https:\/\/www.abesata.org\/br\/wp-content\/uploads\/2019\/07\/edit_vac_abr_15071919150-1-150x100.jpg 150w\" sizes=\"(max-width: 800px) 100vw, 800px\" \/><figcaption id=\"caption-attachment-9746\" class=\"wp-caption-text\">O ministro da Infraestrutura, Tarc\u00edsio Gomes de Freitas, durante cerim\u00f4nia de posse do novo presidente da Empresa Brasileira de Infraestrutura Aeroportu\u00e1ria (Infraero), Tenente-Brigadeiro-do-Ar H\u00e9lio Paes de Barros J\u00fanior.<\/figcaption><\/figure>\n<p><img loading=\"lazy\" decoding=\"async\" class=\"aligncenter size-large wp-image-9747\" src=\"https:\/\/www.abesata.org\/br\/wp-content\/uploads\/2019\/07\/PHOTO-2019-07-16-00-07-57-1024x768.jpg\" alt=\"\" width=\"800\" height=\"600\" srcset=\"https:\/\/www.abesata.org\/br\/wp-content\/uploads\/2019\/07\/PHOTO-2019-07-16-00-07-57-1024x768.jpg 1024w, https:\/\/www.abesata.org\/br\/wp-content\/uploads\/2019\/07\/PHOTO-2019-07-16-00-07-57-300x225.jpg 300w, https:\/\/www.abesata.org\/br\/wp-content\/uploads\/2019\/07\/PHOTO-2019-07-16-00-07-57-768x576.jpg 768w, https:\/\/www.abesata.org\/br\/wp-content\/uploads\/2019\/07\/PHOTO-2019-07-16-00-07-57-200x150.jpg 200w, https:\/\/www.abesata.org\/br\/wp-content\/uploads\/2019\/07\/PHOTO-2019-07-16-00-07-57-150x113.jpg 150w, https:\/\/www.abesata.org\/br\/wp-content\/uploads\/2019\/07\/PHOTO-2019-07-16-00-07-57.jpg 1280w\" sizes=\"(max-width: 800px) 100vw, 800px\" \/> <img loading=\"lazy\" decoding=\"async\" class=\"aligncenter size-large wp-image-9748\" src=\"https:\/\/www.abesata.org\/br\/wp-content\/uploads\/2019\/07\/PHOTO-2019-07-16-00-07-59-1024x768.jpg\" alt=\"\" width=\"800\" height=\"600\" srcset=\"https:\/\/www.abesata.org\/br\/wp-content\/uploads\/2019\/07\/PHOTO-2019-07-16-00-07-59-1024x768.jpg 1024w, https:\/\/www.abesata.org\/br\/wp-content\/uploads\/2019\/07\/PHOTO-2019-07-16-00-07-59-300x225.jpg 300w, https:\/\/www.abesata.org\/br\/wp-content\/uploads\/2019\/07\/PHOTO-2019-07-16-00-07-59-768x576.jpg 768w, https:\/\/www.abesata.org\/br\/wp-content\/uploads\/2019\/07\/PHOTO-2019-07-16-00-07-59-200x150.jpg 200w, https:\/\/www.abesata.org\/br\/wp-content\/uploads\/2019\/07\/PHOTO-2019-07-16-00-07-59-150x113.jpg 150w, https:\/\/www.abesata.org\/br\/wp-content\/uploads\/2019\/07\/PHOTO-2019-07-16-00-07-59.jpg 1280w\" sizes=\"(max-width: 800px) 100vw, 800px\" \/><\/p>\n","protected":false},"excerpt":{"rendered":"","protected":false},"author":18,"featured_media":0,"parent":0,"menu_order":0,"comment_status":"closed","ping_status":"closed","template":"","meta":{"footnotes":""},"class_list":["post-9742","page","type-page","status-publish","hentry"],"yoast_head":"<!-- This site is optimized with the Yoast SEO plugin v26.5 - https:\/\/yoast.com\/wordpress\/plugins\/seo\/ -->\n<title>Brigadeiro Paes de Barros assume Presid\u00eancia da Infraero - BSB - 15 jul.2019 - Abesata<\/title>\n<meta name=\"robots\" content=\"index, follow, max-snippet:-1, max-image-preview:large, max-video-preview:-1\" \/>\n<link rel=\"canonical\" href=\"https:\/\/www.abesata.org\/br\/brigadeiro-paes-de-barros-assume-presidencia-da-infraero-bsb-15-jul-2019\/\" \/>\n<meta property=\"og:locale\" content=\"pt_BR\" \/>\n<meta property=\"og:type\" content=\"article\" \/>\n<meta property=\"og:title\" content=\"Brigadeiro Paes de Barros assume Presid\u00eancia da Infraero - BSB - 15 jul.2019 - Abesata\" \/>\n<meta property=\"og:url\" content=\"https:\/\/www.abesata.org\/br\/brigadeiro-paes-de-barros-assume-presidencia-da-infraero-bsb-15-jul-2019\/\" \/>\n<meta property=\"og:site_name\" content=\"Abesata\" \/>\n<meta property=\"article:publisher\" content=\"https:\/\/www.facebook.com\/abesata.org\/\" \/>\n<meta property=\"og:image\" content=\"http:\/\/www.abesata.org\/br\/wp-content\/uploads\/2019\/07\/af42ac3b-f156-4640-b25c-272f0a4d7e74-473x1024.jpg\" \/>\n<meta name=\"twitter:card\" content=\"summary_large_image\" \/>\n<meta name=\"twitter:label1\" content=\"Est. tempo de leitura\" \/>\n\t<meta name=\"twitter:data1\" content=\"1 minuto\" \/>\n<script type=\"application\/ld+json\" class=\"yoast-schema-graph\">{\"@context\":\"https:\/\/schema.org\",\"@graph\":[{\"@type\":\"WebPage\",\"@id\":\"https:\/\/www.abesata.org\/br\/brigadeiro-paes-de-barros-assume-presidencia-da-infraero-bsb-15-jul-2019\/\",\"url\":\"https:\/\/www.abesata.org\/br\/brigadeiro-paes-de-barros-assume-presidencia-da-infraero-bsb-15-jul-2019\/\",\"name\":\"Brigadeiro Paes de Barros assume Presid\u00eancia da Infraero - BSB - 15 jul.2019 - Abesata\",\"isPartOf\":{\"@id\":\"https:\/\/www.abesata.org\/br\/#website\"},\"primaryImageOfPage\":{\"@id\":\"https:\/\/www.abesata.org\/br\/brigadeiro-paes-de-barros-assume-presidencia-da-infraero-bsb-15-jul-2019\/#primaryimage\"},\"image\":{\"@id\":\"https:\/\/www.abesata.org\/br\/brigadeiro-paes-de-barros-assume-presidencia-da-infraero-bsb-15-jul-2019\/#primaryimage\"},\"thumbnailUrl\":\"http:\/\/www.abesata.org\/br\/wp-content\/uploads\/2019\/07\/af42ac3b-f156-4640-b25c-272f0a4d7e74-473x1024.jpg\",\"datePublished\":\"2019-07-22T20:41:53+00:00\",\"breadcrumb\":{\"@id\":\"https:\/\/www.abesata.org\/br\/brigadeiro-paes-de-barros-assume-presidencia-da-infraero-bsb-15-jul-2019\/#breadcrumb\"},\"inLanguage\":\"pt-BR\",\"potentialAction\":[{\"@type\":\"ReadAction\",\"target\":[\"https:\/\/www.abesata.org\/br\/brigadeiro-paes-de-barros-assume-presidencia-da-infraero-bsb-15-jul-2019\/\"]}]},{\"@type\":\"ImageObject\",\"inLanguage\":\"pt-BR\",\"@id\":\"https:\/\/www.abesata.org\/br\/brigadeiro-paes-de-barros-assume-presidencia-da-infraero-bsb-15-jul-2019\/#primaryimage\",\"url\":\"http:\/\/www.abesata.org\/br\/wp-content\/uploads\/2019\/07\/af42ac3b-f156-4640-b25c-272f0a4d7e74-473x1024.jpg\",\"contentUrl\":\"http:\/\/www.abesata.org\/br\/wp-content\/uploads\/2019\/07\/af42ac3b-f156-4640-b25c-272f0a4d7e74-473x1024.jpg\"},{\"@type\":\"BreadcrumbList\",\"@id\":\"https:\/\/www.abesata.org\/br\/brigadeiro-paes-de-barros-assume-presidencia-da-infraero-bsb-15-jul-2019\/#breadcrumb\",\"itemListElement\":[{\"@type\":\"ListItem\",\"position\":1,\"name\":\"In\u00edcio\",\"item\":\"https:\/\/www.abesata.org\/br\/\"},{\"@type\":\"ListItem\",\"position\":2,\"name\":\"Brigadeiro Paes de Barros assume Presid\u00eancia da Infraero &#8211; BSB &#8211; 15 jul.2019\"}]},{\"@type\":\"WebSite\",\"@id\":\"https:\/\/www.abesata.org\/br\/#website\",\"url\":\"https:\/\/www.abesata.org\/br\/\",\"name\":\"Abesata\",\"description\":\"Associa\u00e7\u00e3o Brasileira das Empresas de Servi\u00e7os Auxiliares de Transporte A\u00e9reo\",\"publisher\":{\"@id\":\"https:\/\/www.abesata.org\/br\/#organization\"},\"potentialAction\":[{\"@type\":\"SearchAction\",\"target\":{\"@type\":\"EntryPoint\",\"urlTemplate\":\"https:\/\/www.abesata.org\/br\/?s={search_term_string}\"},\"query-input\":{\"@type\":\"PropertyValueSpecification\",\"valueRequired\":true,\"valueName\":\"search_term_string\"}}],\"inLanguage\":\"pt-BR\"},{\"@type\":\"Organization\",\"@id\":\"https:\/\/www.abesata.org\/br\/#organization\",\"name\":\"Associa\u00e7\u00e3o Brasileira das Empresas de Servi\u00e7os Auxiliares de Transporte A\u00e9reo\",\"alternateName\":\"Abesata\",\"url\":\"https:\/\/www.abesata.org\/br\/\",\"logo\":{\"@type\":\"ImageObject\",\"inLanguage\":\"pt-BR\",\"@id\":\"https:\/\/www.abesata.org\/br\/#\/schema\/logo\/image\/\",\"url\":\"https:\/\/www.abesata.org\/br\/wp-content\/uploads\/2023\/10\/Abesata.png\",\"contentUrl\":\"https:\/\/www.abesata.org\/br\/wp-content\/uploads\/2023\/10\/Abesata.png\",\"width\":1063,\"height\":591,\"caption\":\"Associa\u00e7\u00e3o Brasileira das Empresas de Servi\u00e7os Auxiliares de Transporte A\u00e9reo\"},\"image\":{\"@id\":\"https:\/\/www.abesata.org\/br\/#\/schema\/logo\/image\/\"},\"sameAs\":[\"https:\/\/www.facebook.com\/abesata.org\/\",\"https:\/\/www.instagram.com\/abesata_gh\/\",\"https:\/\/br.linkedin.com\/company\/abesata\"]}]}<\/script>\n<!-- \/ Yoast SEO plugin. -->","yoast_head_json":{"title":"Brigadeiro Paes de Barros assume Presid\u00eancia da Infraero - BSB - 15 jul.2019 - Abesata","robots":{"index":"index","follow":"follow","max-snippet":"max-snippet:-1","max-image-preview":"max-image-preview:large","max-video-preview":"max-video-preview:-1"},"canonical":"https:\/\/www.abesata.org\/br\/brigadeiro-paes-de-barros-assume-presidencia-da-infraero-bsb-15-jul-2019\/","og_locale":"pt_BR","og_type":"article","og_title":"Brigadeiro Paes de Barros assume Presid\u00eancia da Infraero - BSB - 15 jul.2019 - Abesata","og_url":"https:\/\/www.abesata.org\/br\/brigadeiro-paes-de-barros-assume-presidencia-da-infraero-bsb-15-jul-2019\/","og_site_name":"Abesata","article_publisher":"https:\/\/www.facebook.com\/abesata.org\/","og_image":[{"url":"http:\/\/www.abesata.org\/br\/wp-content\/uploads\/2019\/07\/af42ac3b-f156-4640-b25c-272f0a4d7e74-473x1024.jpg","type":"","width":"","height":""}],"twitter_card":"summary_large_image","twitter_misc":{"Est. tempo de leitura":"1 minuto"},"schema":{"@context":"https:\/\/schema.org","@graph":[{"@type":"WebPage","@id":"https:\/\/www.abesata.org\/br\/brigadeiro-paes-de-barros-assume-presidencia-da-infraero-bsb-15-jul-2019\/","url":"https:\/\/www.abesata.org\/br\/brigadeiro-paes-de-barros-assume-presidencia-da-infraero-bsb-15-jul-2019\/","name":"Brigadeiro Paes de Barros assume Presid\u00eancia da Infraero - BSB - 15 jul.2019 - Abesata","isPartOf":{"@id":"https:\/\/www.abesata.org\/br\/#website"},"primaryImageOfPage":{"@id":"https:\/\/www.abesata.org\/br\/brigadeiro-paes-de-barros-assume-presidencia-da-infraero-bsb-15-jul-2019\/#primaryimage"},"image":{"@id":"https:\/\/www.abesata.org\/br\/brigadeiro-paes-de-barros-assume-presidencia-da-infraero-bsb-15-jul-2019\/#primaryimage"},"thumbnailUrl":"http:\/\/www.abesata.org\/br\/wp-content\/uploads\/2019\/07\/af42ac3b-f156-4640-b25c-272f0a4d7e74-473x1024.jpg","datePublished":"2019-07-22T20:41:53+00:00","breadcrumb":{"@id":"https:\/\/www.abesata.org\/br\/brigadeiro-paes-de-barros-assume-presidencia-da-infraero-bsb-15-jul-2019\/#breadcrumb"},"inLanguage":"pt-BR","potentialAction":[{"@type":"ReadAction","target":["https:\/\/www.abesata.org\/br\/brigadeiro-paes-de-barros-assume-presidencia-da-infraero-bsb-15-jul-2019\/"]}]},{"@type":"ImageObject","inLanguage":"pt-BR","@id":"https:\/\/www.abesata.org\/br\/brigadeiro-paes-de-barros-assume-presidencia-da-infraero-bsb-15-jul-2019\/#primaryimage","url":"http:\/\/www.abesata.org\/br\/wp-content\/uploads\/2019\/07\/af42ac3b-f156-4640-b25c-272f0a4d7e74-473x1024.jpg","contentUrl":"http:\/\/www.abesata.org\/br\/wp-content\/uploads\/2019\/07\/af42ac3b-f156-4640-b25c-272f0a4d7e74-473x1024.jpg"},{"@type":"BreadcrumbList","@id":"https:\/\/www.abesata.org\/br\/brigadeiro-paes-de-barros-assume-presidencia-da-infraero-bsb-15-jul-2019\/#breadcrumb","itemListElement":[{"@type":"ListItem","position":1,"name":"In\u00edcio","item":"https:\/\/www.abesata.org\/br\/"},{"@type":"ListItem","position":2,"name":"Brigadeiro Paes de Barros assume Presid\u00eancia da Infraero &#8211; BSB &#8211; 15 jul.2019"}]},{"@type":"WebSite","@id":"https:\/\/www.abesata.org\/br\/#website","url":"https:\/\/www.abesata.org\/br\/","name":"Abesata","description":"Associa\u00e7\u00e3o Brasileira das Empresas de Servi\u00e7os Auxiliares de Transporte A\u00e9reo","publisher":{"@id":"https:\/\/www.abesata.org\/br\/#organization"},"potentialAction":[{"@type":"SearchAction","target":{"@type":"EntryPoint","urlTemplate":"https:\/\/www.abesata.org\/br\/?s={search_term_string}"},"query-input":{"@type":"PropertyValueSpecification","valueRequired":true,"valueName":"search_term_string"}}],"inLanguage":"pt-BR"},{"@type":"Organization","@id":"https:\/\/www.abesata.org\/br\/#organization","name":"Associa\u00e7\u00e3o Brasileira das Empresas de Servi\u00e7os Auxiliares de Transporte A\u00e9reo","alternateName":"Abesata","url":"https:\/\/www.abesata.org\/br\/","logo":{"@type":"ImageObject","inLanguage":"pt-BR","@id":"https:\/\/www.abesata.org\/br\/#\/schema\/logo\/image\/","url":"https:\/\/www.abesata.org\/br\/wp-content\/uploads\/2023\/10\/Abesata.png","contentUrl":"https:\/\/www.abesata.org\/br\/wp-content\/uploads\/2023\/10\/Abesata.png","width":1063,"height":591,"caption":"Associa\u00e7\u00e3o Brasileira das Empresas de Servi\u00e7os Auxiliares de Transporte A\u00e9reo"},"image":{"@id":"https:\/\/www.abesata.org\/br\/#\/schema\/logo\/image\/"},"sameAs":["https:\/\/www.facebook.com\/abesata.org\/","https:\/\/www.instagram.com\/abesata_gh\/","https:\/\/br.linkedin.com\/company\/abesata"]}]}},"_links":{"self":[{"href":"https:\/\/www.abesata.org\/br\/wp-json\/wp\/v2\/pages\/9742","targetHints":{"allow":["GET"]}}],"collection":[{"href":"https:\/\/www.abesata.org\/br\/wp-json\/wp\/v2\/pages"}],"about":[{"href":"https:\/\/www.abesata.org\/br\/wp-json\/wp\/v2\/types\/page"}],"author":[{"embeddable":true,"href":"https:\/\/www.abesata.org\/br\/wp-json\/wp\/v2\/users\/18"}],"replies":[{"embeddable":true,"href":"https:\/\/www.abesata.org\/br\/wp-json\/wp\/v2\/comments?post=9742"}],"version-history":[{"count":0,"href":"https:\/\/www.abesata.org\/br\/wp-json\/wp\/v2\/pages\/9742\/revisions"}],"wp:attachment":[{"href":"https:\/\/www.abesata.org\/br\/wp-json\/wp\/v2\/media?parent=9742"}],"curies":[{"name":"wp","href":"https:\/\/api.w.org\/{rel}","templated":true}]}}