{"id":9751,"date":"2019-07-22T20:43:28","date_gmt":"2019-07-22T20:43:28","guid":{"rendered":"http:\/\/www.abesata.org\/br\/?page_id=9751"},"modified":"2019-07-22T20:43:28","modified_gmt":"2019-07-22T20:43:28","slug":"curso-de-extensao-em-servicos-aeroportuarios-guarulhos-17-jul-2019","status":"publish","type":"page","link":"https:\/\/www.abesata.org\/br\/curso-de-extensao-em-servicos-aeroportuarios-guarulhos-17-jul-2019\/","title":{"rendered":"Curso de Extens\u00e3o em Servi\u00e7os Aeroportu\u00e1rios &#8211; Guarulhos &#8211; 17 jul.2019"},"content":{"rendered":"<p><img fetchpriority=\"high\" decoding=\"async\" class=\"aligncenter size-large wp-image-9752\" src=\"https:\/\/www.abesata.org\/br\/wp-content\/uploads\/2019\/07\/7fecf35a-691c-49c1-ad38-8ebf1111f402-1024x497.jpg\" alt=\"\" width=\"800\" height=\"388\" srcset=\"https:\/\/www.abesata.org\/br\/wp-content\/uploads\/2019\/07\/7fecf35a-691c-49c1-ad38-8ebf1111f402-1024x497.jpg 1024w, https:\/\/www.abesata.org\/br\/wp-content\/uploads\/2019\/07\/7fecf35a-691c-49c1-ad38-8ebf1111f402-300x146.jpg 300w, https:\/\/www.abesata.org\/br\/wp-content\/uploads\/2019\/07\/7fecf35a-691c-49c1-ad38-8ebf1111f402-768x373.jpg 768w, https:\/\/www.abesata.org\/br\/wp-content\/uploads\/2019\/07\/7fecf35a-691c-49c1-ad38-8ebf1111f402-250x121.jpg 250w, https:\/\/www.abesata.org\/br\/wp-content\/uploads\/2019\/07\/7fecf35a-691c-49c1-ad38-8ebf1111f402-150x73.jpg 150w, https:\/\/www.abesata.org\/br\/wp-content\/uploads\/2019\/07\/7fecf35a-691c-49c1-ad38-8ebf1111f402.jpg 1280w\" sizes=\"(max-width: 800px) 100vw, 800px\" \/> <img decoding=\"async\" class=\"aligncenter size-large wp-image-9753\" src=\"https:\/\/www.abesata.org\/br\/wp-content\/uploads\/2019\/07\/464fd8bf-0963-4404-9f80-8f240d0d4287-1024x575.jpg\" alt=\"\" width=\"800\" height=\"449\" srcset=\"https:\/\/www.abesata.org\/br\/wp-content\/uploads\/2019\/07\/464fd8bf-0963-4404-9f80-8f240d0d4287-1024x575.jpg 1024w, https:\/\/www.abesata.org\/br\/wp-content\/uploads\/2019\/07\/464fd8bf-0963-4404-9f80-8f240d0d4287-300x169.jpg 300w, https:\/\/www.abesata.org\/br\/wp-content\/uploads\/2019\/07\/464fd8bf-0963-4404-9f80-8f240d0d4287-768x431.jpg 768w, https:\/\/www.abesata.org\/br\/wp-content\/uploads\/2019\/07\/464fd8bf-0963-4404-9f80-8f240d0d4287-250x140.jpg 250w, https:\/\/www.abesata.org\/br\/wp-content\/uploads\/2019\/07\/464fd8bf-0963-4404-9f80-8f240d0d4287-150x84.jpg 150w, https:\/\/www.abesata.org\/br\/wp-content\/uploads\/2019\/07\/464fd8bf-0963-4404-9f80-8f240d0d4287.jpg 1280w\" sizes=\"(max-width: 800px) 100vw, 800px\" \/> <img decoding=\"async\" class=\"aligncenter size-large wp-image-9754\" src=\"https:\/\/www.abesata.org\/br\/wp-content\/uploads\/2019\/07\/acc9669d-5982-45b5-a025-e0ba9ecc7fe6-1024x768.jpg\" alt=\"\" width=\"800\" height=\"600\" srcset=\"https:\/\/www.abesata.org\/br\/wp-content\/uploads\/2019\/07\/acc9669d-5982-45b5-a025-e0ba9ecc7fe6-1024x768.jpg 1024w, https:\/\/www.abesata.org\/br\/wp-content\/uploads\/2019\/07\/acc9669d-5982-45b5-a025-e0ba9ecc7fe6-300x225.jpg 300w, https:\/\/www.abesata.org\/br\/wp-content\/uploads\/2019\/07\/acc9669d-5982-45b5-a025-e0ba9ecc7fe6-768x576.jpg 768w, https:\/\/www.abesata.org\/br\/wp-content\/uploads\/2019\/07\/acc9669d-5982-45b5-a025-e0ba9ecc7fe6-200x150.jpg 200w, https:\/\/www.abesata.org\/br\/wp-content\/uploads\/2019\/07\/acc9669d-5982-45b5-a025-e0ba9ecc7fe6-150x113.jpg 150w, https:\/\/www.abesata.org\/br\/wp-content\/uploads\/2019\/07\/acc9669d-5982-45b5-a025-e0ba9ecc7fe6.jpg 1280w\" sizes=\"(max-width: 800px) 100vw, 800px\" \/> <img loading=\"lazy\" decoding=\"async\" class=\"aligncenter size-large wp-image-9755\" src=\"https:\/\/www.abesata.org\/br\/wp-content\/uploads\/2019\/07\/ad562975-f7f6-40b8-a428-c8f4787ab0b9-1024x497.jpg\" alt=\"\" width=\"800\" height=\"388\" srcset=\"https:\/\/www.abesata.org\/br\/wp-content\/uploads\/2019\/07\/ad562975-f7f6-40b8-a428-c8f4787ab0b9-1024x497.jpg 1024w, https:\/\/www.abesata.org\/br\/wp-content\/uploads\/2019\/07\/ad562975-f7f6-40b8-a428-c8f4787ab0b9-300x146.jpg 300w, https:\/\/www.abesata.org\/br\/wp-content\/uploads\/2019\/07\/ad562975-f7f6-40b8-a428-c8f4787ab0b9-768x373.jpg 768w, https:\/\/www.abesata.org\/br\/wp-content\/uploads\/2019\/07\/ad562975-f7f6-40b8-a428-c8f4787ab0b9-250x121.jpg 250w, https:\/\/www.abesata.org\/br\/wp-content\/uploads\/2019\/07\/ad562975-f7f6-40b8-a428-c8f4787ab0b9-150x73.jpg 150w, https:\/\/www.abesata.org\/br\/wp-content\/uploads\/2019\/07\/ad562975-f7f6-40b8-a428-c8f4787ab0b9.jpg 1280w\" sizes=\"(max-width: 800px) 100vw, 800px\" \/> <img loading=\"lazy\" decoding=\"async\" class=\"aligncenter size-large wp-image-9756\" src=\"https:\/\/www.abesata.org\/br\/wp-content\/uploads\/2019\/07\/e024bcf6-4a69-4ed8-a787-4db1863b7374-1024x575.jpg\" alt=\"\" width=\"800\" height=\"449\" srcset=\"https:\/\/www.abesata.org\/br\/wp-content\/uploads\/2019\/07\/e024bcf6-4a69-4ed8-a787-4db1863b7374-1024x575.jpg 1024w, https:\/\/www.abesata.org\/br\/wp-content\/uploads\/2019\/07\/e024bcf6-4a69-4ed8-a787-4db1863b7374-300x169.jpg 300w, https:\/\/www.abesata.org\/br\/wp-content\/uploads\/2019\/07\/e024bcf6-4a69-4ed8-a787-4db1863b7374-768x431.jpg 768w, https:\/\/www.abesata.org\/br\/wp-content\/uploads\/2019\/07\/e024bcf6-4a69-4ed8-a787-4db1863b7374-250x140.jpg 250w, https:\/\/www.abesata.org\/br\/wp-content\/uploads\/2019\/07\/e024bcf6-4a69-4ed8-a787-4db1863b7374-150x84.jpg 150w, https:\/\/www.abesata.org\/br\/wp-content\/uploads\/2019\/07\/e024bcf6-4a69-4ed8-a787-4db1863b7374.jpg 1280w\" sizes=\"(max-width: 800px) 100vw, 800px\" \/> <img loading=\"lazy\" decoding=\"async\" class=\"aligncenter size-large wp-image-9757\" src=\"https:\/\/www.abesata.org\/br\/wp-content\/uploads\/2019\/07\/f06bbeef-1b42-4d07-b8bd-805e238d7c42-1024x575.jpg\" alt=\"\" width=\"800\" height=\"449\" srcset=\"https:\/\/www.abesata.org\/br\/wp-content\/uploads\/2019\/07\/f06bbeef-1b42-4d07-b8bd-805e238d7c42-1024x575.jpg 1024w, https:\/\/www.abesata.org\/br\/wp-content\/uploads\/2019\/07\/f06bbeef-1b42-4d07-b8bd-805e238d7c42-300x169.jpg 300w, https:\/\/www.abesata.org\/br\/wp-content\/uploads\/2019\/07\/f06bbeef-1b42-4d07-b8bd-805e238d7c42-768x431.jpg 768w, https:\/\/www.abesata.org\/br\/wp-content\/uploads\/2019\/07\/f06bbeef-1b42-4d07-b8bd-805e238d7c42-250x140.jpg 250w, https:\/\/www.abesata.org\/br\/wp-content\/uploads\/2019\/07\/f06bbeef-1b42-4d07-b8bd-805e238d7c42-150x84.jpg 150w, https:\/\/www.abesata.org\/br\/wp-content\/uploads\/2019\/07\/f06bbeef-1b42-4d07-b8bd-805e238d7c42.jpg 1280w\" sizes=\"(max-width: 800px) 100vw, 800px\" \/> <img loading=\"lazy\" decoding=\"async\" class=\"aligncenter size-large wp-image-9758\" src=\"https:\/\/www.abesata.org\/br\/wp-content\/uploads\/2019\/07\/IMG_5874-1024x808.jpg\" alt=\"\" width=\"800\" height=\"631\" srcset=\"https:\/\/www.abesata.org\/br\/wp-content\/uploads\/2019\/07\/IMG_5874-1024x808.jpg 1024w, https:\/\/www.abesata.org\/br\/wp-content\/uploads\/2019\/07\/IMG_5874-300x237.jpg 300w, https:\/\/www.abesata.org\/br\/wp-content\/uploads\/2019\/07\/IMG_5874-768x606.jpg 768w, https:\/\/www.abesata.org\/br\/wp-content\/uploads\/2019\/07\/IMG_5874-190x150.jpg 190w, https:\/\/www.abesata.org\/br\/wp-content\/uploads\/2019\/07\/IMG_5874-150x118.jpg 150w\" sizes=\"(max-width: 800px) 100vw, 800px\" \/><\/p>\n","protected":false},"excerpt":{"rendered":"","protected":false},"author":18,"featured_media":0,"parent":0,"menu_order":0,"comment_status":"closed","ping_status":"closed","template":"","meta":{"footnotes":""},"class_list":["post-9751","page","type-page","status-publish","hentry"],"yoast_head":"<!-- This site is optimized with the Yoast SEO plugin v26.5 - https:\/\/yoast.com\/wordpress\/plugins\/seo\/ -->\n<title>Curso de Extens\u00e3o em Servi\u00e7os Aeroportu\u00e1rios - Guarulhos - 17 jul.2019 - Abesata<\/title>\n<meta name=\"robots\" content=\"index, follow, max-snippet:-1, max-image-preview:large, max-video-preview:-1\" \/>\n<link rel=\"canonical\" href=\"https:\/\/www.abesata.org\/br\/curso-de-extensao-em-servicos-aeroportuarios-guarulhos-17-jul-2019\/\" \/>\n<meta property=\"og:locale\" content=\"pt_BR\" \/>\n<meta property=\"og:type\" content=\"article\" \/>\n<meta property=\"og:title\" content=\"Curso de Extens\u00e3o em Servi\u00e7os Aeroportu\u00e1rios - Guarulhos - 17 jul.2019 - Abesata\" \/>\n<meta property=\"og:url\" content=\"https:\/\/www.abesata.org\/br\/curso-de-extensao-em-servicos-aeroportuarios-guarulhos-17-jul-2019\/\" \/>\n<meta property=\"og:site_name\" content=\"Abesata\" \/>\n<meta property=\"article:publisher\" content=\"https:\/\/www.facebook.com\/abesata.org\/\" \/>\n<meta property=\"og:image\" content=\"http:\/\/www.abesata.org\/br\/wp-content\/uploads\/2019\/07\/7fecf35a-691c-49c1-ad38-8ebf1111f402-1024x497.jpg\" \/>\n<meta name=\"twitter:card\" content=\"summary_large_image\" \/>\n<script type=\"application\/ld+json\" class=\"yoast-schema-graph\">{\"@context\":\"https:\/\/schema.org\",\"@graph\":[{\"@type\":\"WebPage\",\"@id\":\"https:\/\/www.abesata.org\/br\/curso-de-extensao-em-servicos-aeroportuarios-guarulhos-17-jul-2019\/\",\"url\":\"https:\/\/www.abesata.org\/br\/curso-de-extensao-em-servicos-aeroportuarios-guarulhos-17-jul-2019\/\",\"name\":\"Curso de Extens\u00e3o em Servi\u00e7os Aeroportu\u00e1rios - Guarulhos - 17 jul.2019 - Abesata\",\"isPartOf\":{\"@id\":\"https:\/\/www.abesata.org\/br\/#website\"},\"primaryImageOfPage\":{\"@id\":\"https:\/\/www.abesata.org\/br\/curso-de-extensao-em-servicos-aeroportuarios-guarulhos-17-jul-2019\/#primaryimage\"},\"image\":{\"@id\":\"https:\/\/www.abesata.org\/br\/curso-de-extensao-em-servicos-aeroportuarios-guarulhos-17-jul-2019\/#primaryimage\"},\"thumbnailUrl\":\"http:\/\/www.abesata.org\/br\/wp-content\/uploads\/2019\/07\/7fecf35a-691c-49c1-ad38-8ebf1111f402-1024x497.jpg\",\"datePublished\":\"2019-07-22T20:43:28+00:00\",\"breadcrumb\":{\"@id\":\"https:\/\/www.abesata.org\/br\/curso-de-extensao-em-servicos-aeroportuarios-guarulhos-17-jul-2019\/#breadcrumb\"},\"inLanguage\":\"pt-BR\",\"potentialAction\":[{\"@type\":\"ReadAction\",\"target\":[\"https:\/\/www.abesata.org\/br\/curso-de-extensao-em-servicos-aeroportuarios-guarulhos-17-jul-2019\/\"]}]},{\"@type\":\"ImageObject\",\"inLanguage\":\"pt-BR\",\"@id\":\"https:\/\/www.abesata.org\/br\/curso-de-extensao-em-servicos-aeroportuarios-guarulhos-17-jul-2019\/#primaryimage\",\"url\":\"http:\/\/www.abesata.org\/br\/wp-content\/uploads\/2019\/07\/7fecf35a-691c-49c1-ad38-8ebf1111f402-1024x497.jpg\",\"contentUrl\":\"http:\/\/www.abesata.org\/br\/wp-content\/uploads\/2019\/07\/7fecf35a-691c-49c1-ad38-8ebf1111f402-1024x497.jpg\"},{\"@type\":\"BreadcrumbList\",\"@id\":\"https:\/\/www.abesata.org\/br\/curso-de-extensao-em-servicos-aeroportuarios-guarulhos-17-jul-2019\/#breadcrumb\",\"itemListElement\":[{\"@type\":\"ListItem\",\"position\":1,\"name\":\"In\u00edcio\",\"item\":\"https:\/\/www.abesata.org\/br\/\"},{\"@type\":\"ListItem\",\"position\":2,\"name\":\"Curso de Extens\u00e3o em Servi\u00e7os Aeroportu\u00e1rios &#8211; Guarulhos &#8211; 17 jul.2019\"}]},{\"@type\":\"WebSite\",\"@id\":\"https:\/\/www.abesata.org\/br\/#website\",\"url\":\"https:\/\/www.abesata.org\/br\/\",\"name\":\"Abesata\",\"description\":\"Associa\u00e7\u00e3o Brasileira das Empresas de Servi\u00e7os Auxiliares de Transporte A\u00e9reo\",\"publisher\":{\"@id\":\"https:\/\/www.abesata.org\/br\/#organization\"},\"potentialAction\":[{\"@type\":\"SearchAction\",\"target\":{\"@type\":\"EntryPoint\",\"urlTemplate\":\"https:\/\/www.abesata.org\/br\/?s={search_term_string}\"},\"query-input\":{\"@type\":\"PropertyValueSpecification\",\"valueRequired\":true,\"valueName\":\"search_term_string\"}}],\"inLanguage\":\"pt-BR\"},{\"@type\":\"Organization\",\"@id\":\"https:\/\/www.abesata.org\/br\/#organization\",\"name\":\"Associa\u00e7\u00e3o Brasileira das Empresas de Servi\u00e7os Auxiliares de Transporte A\u00e9reo\",\"alternateName\":\"Abesata\",\"url\":\"https:\/\/www.abesata.org\/br\/\",\"logo\":{\"@type\":\"ImageObject\",\"inLanguage\":\"pt-BR\",\"@id\":\"https:\/\/www.abesata.org\/br\/#\/schema\/logo\/image\/\",\"url\":\"https:\/\/www.abesata.org\/br\/wp-content\/uploads\/2023\/10\/Abesata.png\",\"contentUrl\":\"https:\/\/www.abesata.org\/br\/wp-content\/uploads\/2023\/10\/Abesata.png\",\"width\":1063,\"height\":591,\"caption\":\"Associa\u00e7\u00e3o Brasileira das Empresas de Servi\u00e7os Auxiliares de Transporte A\u00e9reo\"},\"image\":{\"@id\":\"https:\/\/www.abesata.org\/br\/#\/schema\/logo\/image\/\"},\"sameAs\":[\"https:\/\/www.facebook.com\/abesata.org\/\",\"https:\/\/www.instagram.com\/abesata_gh\/\",\"https:\/\/br.linkedin.com\/company\/abesata\"]}]}<\/script>\n<!-- \/ Yoast SEO plugin. -->","yoast_head_json":{"title":"Curso de Extens\u00e3o em Servi\u00e7os Aeroportu\u00e1rios - Guarulhos - 17 jul.2019 - Abesata","robots":{"index":"index","follow":"follow","max-snippet":"max-snippet:-1","max-image-preview":"max-image-preview:large","max-video-preview":"max-video-preview:-1"},"canonical":"https:\/\/www.abesata.org\/br\/curso-de-extensao-em-servicos-aeroportuarios-guarulhos-17-jul-2019\/","og_locale":"pt_BR","og_type":"article","og_title":"Curso de Extens\u00e3o em Servi\u00e7os Aeroportu\u00e1rios - Guarulhos - 17 jul.2019 - Abesata","og_url":"https:\/\/www.abesata.org\/br\/curso-de-extensao-em-servicos-aeroportuarios-guarulhos-17-jul-2019\/","og_site_name":"Abesata","article_publisher":"https:\/\/www.facebook.com\/abesata.org\/","og_image":[{"url":"http:\/\/www.abesata.org\/br\/wp-content\/uploads\/2019\/07\/7fecf35a-691c-49c1-ad38-8ebf1111f402-1024x497.jpg","type":"","width":"","height":""}],"twitter_card":"summary_large_image","schema":{"@context":"https:\/\/schema.org","@graph":[{"@type":"WebPage","@id":"https:\/\/www.abesata.org\/br\/curso-de-extensao-em-servicos-aeroportuarios-guarulhos-17-jul-2019\/","url":"https:\/\/www.abesata.org\/br\/curso-de-extensao-em-servicos-aeroportuarios-guarulhos-17-jul-2019\/","name":"Curso de Extens\u00e3o em Servi\u00e7os Aeroportu\u00e1rios - Guarulhos - 17 jul.2019 - Abesata","isPartOf":{"@id":"https:\/\/www.abesata.org\/br\/#website"},"primaryImageOfPage":{"@id":"https:\/\/www.abesata.org\/br\/curso-de-extensao-em-servicos-aeroportuarios-guarulhos-17-jul-2019\/#primaryimage"},"image":{"@id":"https:\/\/www.abesata.org\/br\/curso-de-extensao-em-servicos-aeroportuarios-guarulhos-17-jul-2019\/#primaryimage"},"thumbnailUrl":"http:\/\/www.abesata.org\/br\/wp-content\/uploads\/2019\/07\/7fecf35a-691c-49c1-ad38-8ebf1111f402-1024x497.jpg","datePublished":"2019-07-22T20:43:28+00:00","breadcrumb":{"@id":"https:\/\/www.abesata.org\/br\/curso-de-extensao-em-servicos-aeroportuarios-guarulhos-17-jul-2019\/#breadcrumb"},"inLanguage":"pt-BR","potentialAction":[{"@type":"ReadAction","target":["https:\/\/www.abesata.org\/br\/curso-de-extensao-em-servicos-aeroportuarios-guarulhos-17-jul-2019\/"]}]},{"@type":"ImageObject","inLanguage":"pt-BR","@id":"https:\/\/www.abesata.org\/br\/curso-de-extensao-em-servicos-aeroportuarios-guarulhos-17-jul-2019\/#primaryimage","url":"http:\/\/www.abesata.org\/br\/wp-content\/uploads\/2019\/07\/7fecf35a-691c-49c1-ad38-8ebf1111f402-1024x497.jpg","contentUrl":"http:\/\/www.abesata.org\/br\/wp-content\/uploads\/2019\/07\/7fecf35a-691c-49c1-ad38-8ebf1111f402-1024x497.jpg"},{"@type":"BreadcrumbList","@id":"https:\/\/www.abesata.org\/br\/curso-de-extensao-em-servicos-aeroportuarios-guarulhos-17-jul-2019\/#breadcrumb","itemListElement":[{"@type":"ListItem","position":1,"name":"In\u00edcio","item":"https:\/\/www.abesata.org\/br\/"},{"@type":"ListItem","position":2,"name":"Curso de Extens\u00e3o em Servi\u00e7os Aeroportu\u00e1rios &#8211; Guarulhos &#8211; 17 jul.2019"}]},{"@type":"WebSite","@id":"https:\/\/www.abesata.org\/br\/#website","url":"https:\/\/www.abesata.org\/br\/","name":"Abesata","description":"Associa\u00e7\u00e3o Brasileira das Empresas de Servi\u00e7os Auxiliares de Transporte A\u00e9reo","publisher":{"@id":"https:\/\/www.abesata.org\/br\/#organization"},"potentialAction":[{"@type":"SearchAction","target":{"@type":"EntryPoint","urlTemplate":"https:\/\/www.abesata.org\/br\/?s={search_term_string}"},"query-input":{"@type":"PropertyValueSpecification","valueRequired":true,"valueName":"search_term_string"}}],"inLanguage":"pt-BR"},{"@type":"Organization","@id":"https:\/\/www.abesata.org\/br\/#organization","name":"Associa\u00e7\u00e3o Brasileira das Empresas de Servi\u00e7os Auxiliares de Transporte A\u00e9reo","alternateName":"Abesata","url":"https:\/\/www.abesata.org\/br\/","logo":{"@type":"ImageObject","inLanguage":"pt-BR","@id":"https:\/\/www.abesata.org\/br\/#\/schema\/logo\/image\/","url":"https:\/\/www.abesata.org\/br\/wp-content\/uploads\/2023\/10\/Abesata.png","contentUrl":"https:\/\/www.abesata.org\/br\/wp-content\/uploads\/2023\/10\/Abesata.png","width":1063,"height":591,"caption":"Associa\u00e7\u00e3o Brasileira das Empresas de Servi\u00e7os Auxiliares de Transporte A\u00e9reo"},"image":{"@id":"https:\/\/www.abesata.org\/br\/#\/schema\/logo\/image\/"},"sameAs":["https:\/\/www.facebook.com\/abesata.org\/","https:\/\/www.instagram.com\/abesata_gh\/","https:\/\/br.linkedin.com\/company\/abesata"]}]}},"_links":{"self":[{"href":"https:\/\/www.abesata.org\/br\/wp-json\/wp\/v2\/pages\/9751","targetHints":{"allow":["GET"]}}],"collection":[{"href":"https:\/\/www.abesata.org\/br\/wp-json\/wp\/v2\/pages"}],"about":[{"href":"https:\/\/www.abesata.org\/br\/wp-json\/wp\/v2\/types\/page"}],"author":[{"embeddable":true,"href":"https:\/\/www.abesata.org\/br\/wp-json\/wp\/v2\/users\/18"}],"replies":[{"embeddable":true,"href":"https:\/\/www.abesata.org\/br\/wp-json\/wp\/v2\/comments?post=9751"}],"version-history":[{"count":0,"href":"https:\/\/www.abesata.org\/br\/wp-json\/wp\/v2\/pages\/9751\/revisions"}],"wp:attachment":[{"href":"https:\/\/www.abesata.org\/br\/wp-json\/wp\/v2\/media?parent=9751"}],"curies":[{"name":"wp","href":"https:\/\/api.w.org\/{rel}","templated":true}]}}